{"id":12862,"date":"2023-06-07T16:56:06","date_gmt":"2023-06-07T20:56:06","guid":{"rendered":"https:\/\/caid.gob.do\/caid\/?page_id=12862"},"modified":"2024-11-06T10:01:14","modified_gmt":"2024-11-06T14:01:14","slug":"entrenamiento-a-familias","status":"publish","type":"page","link":"https:\/\/caid.gob.do\/caid\/inicio\/servicios\/servicios-presenciales\/entrenamiento-a-familias\/","title":{"rendered":"Entrenamiento a familias"},"content":{"rendered":"\t\t<div data-elementor-type=\"wp-page\" data-elementor-id=\"12862\" class=\"elementor elementor-12862\" data-elementor-post-type=\"page\">\n\t\t\t\t<div class=\"elementor-element elementor-element-f8781e0 e-flex e-con-boxed e-con e-parent\" data-id=\"f8781e0\" data-element_type=\"container\" data-e-type=\"container\" data-settings=\"{&quot;background_background&quot;:&quot;classic&quot;}\">\n\t\t\t\t\t<div class=\"e-con-inner\">\n\t\t\t\t<div class=\"elementor-element elementor-element-4767a4e elementor-widget__width-initial elementor-widget elementor-widget-image\" data-id=\"4767a4e\" data-element_type=\"widget\" data-e-type=\"widget\" data-widget_type=\"image.default\">\n\t\t\t\t<div class=\"elementor-widget-container\">\n\t\t\t\t\t\t\t\t\t\t\t\t\t\t\t<img loading=\"lazy\" decoding=\"async\" width=\"400\" height=\"267\" src=\"https:\/\/caid.gob.do\/caid\/wp-content\/uploads\/539ae9434274fcaedab8deb6007ffb6b_M.jpg\" class=\"attachment-full size-full wp-image-2086\" alt=\"\" srcset=\"https:\/\/caid.gob.do\/caid\/wp-content\/uploads\/539ae9434274fcaedab8deb6007ffb6b_M.jpg 400w, https:\/\/caid.gob.do\/caid\/wp-content\/uploads\/539ae9434274fcaedab8deb6007ffb6b_M-300x200.jpg 300w, https:\/\/caid.gob.do\/caid\/wp-content\/uploads\/539ae9434274fcaedab8deb6007ffb6b_M-150x100.jpg 150w\" sizes=\"auto, (max-width: 400px) 100vw, 400px\" \/>\t\t\t\t\t\t\t\t\t\t\t\t\t\t\t<\/div>\n\t\t\t\t<\/div>\n\t\t\t\t<div class=\"elementor-element elementor-element-c83af61 elementor-widget elementor-widget-heading\" data-id=\"c83af61\" data-element_type=\"widget\" data-e-type=\"widget\" data-widget_type=\"heading.default\">\n\t\t\t\t<div class=\"elementor-widget-container\">\n\t\t\t\t\t<p class=\"elementor-heading-title elementor-size-default\">Entrenamiento a familias<\/p>\t\t\t\t<\/div>\n\t\t\t\t<\/div>\n\t\t\t\t<div class=\"elementor-element elementor-element-90cd677 elementor-widget elementor-widget-text-editor\" data-id=\"90cd677\" data-element_type=\"widget\" data-e-type=\"widget\" data-widget_type=\"text-editor.default\">\n\t\t\t\t<div class=\"elementor-widget-container\">\n\t\t\t\t\t\t\t\t\t<p>Se encarga de realizar programas de entrenamiento especializado en la condici\u00f3n de los usuarios. Los entrenamientos se basan en la colaboraci\u00f3n de la red de apoyo familiar del ni\u00f1o y ni\u00f1a para que, una vez entrenados los familiares, puedan manejar la condici\u00f3n de discapacidad de sus hijos e hijas desde el entorno familiar, con supervisi\u00f3n desde el centro, y con sesiones pr\u00e1cticas entre padres y terapeutas.<\/p>\t\t\t\t\t\t\t\t<\/div>\n\t\t\t\t<\/div>\n\t\t<div class=\"elementor-element elementor-element-d7d1f14 e-flex e-con-boxed e-con e-child\" data-id=\"d7d1f14\" data-element_type=\"container\" data-e-type=\"container\">\n\t\t\t\t\t<div class=\"e-con-inner\">\n\t\t<div class=\"elementor-element elementor-element-8287418 e-con-full e-flex e-con e-child\" data-id=\"8287418\" data-element_type=\"container\" data-e-type=\"container\">\n\t\t\t\t<div class=\"elementor-element elementor-element-e083b16 elementor-widget elementor-widget-text-editor\" data-id=\"e083b16\" data-element_type=\"widget\" data-e-type=\"widget\" data-widget_type=\"text-editor.default\">\n\t\t\t\t<div class=\"elementor-widget-container\">\n\t\t\t\t\t\t\t\t\t<p><img loading=\"lazy\" decoding=\"async\" class=\"alignnone wp-image-12854\" src=\"https:\/\/caid.gob.do\/caid\/wp-content\/uploads\/a-cargo.png\" alt=\"\" width=\"28\" height=\"27\" \/> <strong>A cargo de:<\/strong> Divisi\u00f3n de atenci\u00f3n a grupos y familia<\/p>\t\t\t\t\t\t\t\t<\/div>\n\t\t\t\t<\/div>\n\t\t\t\t<\/div>\n\t\t<div class=\"elementor-element elementor-element-507c5e6 e-con-full e-flex e-con e-child\" data-id=\"507c5e6\" data-element_type=\"container\" data-e-type=\"container\">\n\t\t\t\t<div class=\"elementor-element elementor-element-3dac111 elementor-widget elementor-widget-text-editor\" data-id=\"3dac111\" data-element_type=\"widget\" data-e-type=\"widget\" data-widget_type=\"text-editor.default\">\n\t\t\t\t<div class=\"elementor-widget-container\">\n\t\t\t\t\t\t\t\t\t<p><img loading=\"lazy\" decoding=\"async\" class=\"wp-image-12856 alignnone\" src=\"https:\/\/caid.gob.do\/caid\/wp-content\/uploads\/espera.png\" alt=\"\" width=\"30\" height=\"30\" \/> <strong>Tiempo de respuesta:<\/strong> <i>No aplica, ya que este servicio no se ofrece por solicitud sino que es parte de un programa de intervenci\u00f3n.<\/i><\/p>\t\t\t\t\t\t\t\t<\/div>\n\t\t\t\t<\/div>\n\t\t\t\t<\/div>\n\t\t\t\t\t<\/div>\n\t\t\t\t<\/div>\n\t\t<div class=\"elementor-element elementor-element-70c7a43 e-flex e-con-boxed e-con e-child\" data-id=\"70c7a43\" data-element_type=\"container\" data-e-type=\"container\">\n\t\t\t\t\t<div class=\"e-con-inner\">\n\t\t<div class=\"elementor-element elementor-element-0ae13e8 e-con-full e-flex e-con e-child\" data-id=\"0ae13e8\" data-element_type=\"container\" data-e-type=\"container\">\n\t\t\t\t<div class=\"elementor-element elementor-element-883519e elementor-widget elementor-widget-text-editor\" data-id=\"883519e\" data-element_type=\"widget\" data-e-type=\"widget\" data-widget_type=\"text-editor.default\">\n\t\t\t\t<div class=\"elementor-widget-container\">\n\t\t\t\t\t\t\t\t\t<p><img loading=\"lazy\" decoding=\"async\" class=\"alignnone wp-image-12861\" src=\"https:\/\/caid.gob.do\/caid\/wp-content\/uploads\/dirigido-a-2.png\" alt=\"\" width=\"29\" height=\"29\" \/><strong>Dirigido a:<\/strong> <br \/>Ni\u00f1os de 0 a 12 a\u00f1os con s\u00edndrome de Down, par\u00e1lisis cerebral y trastorno del espectro autista que han agotado el proceso de evaluaci\u00f3n del CAID, han sido admitidos en el centro y hayan sido referidos internamente.<\/p>\t\t\t\t\t\t\t\t<\/div>\n\t\t\t\t<\/div>\n\t\t\t\t<\/div>\n\t\t<div class=\"elementor-element elementor-element-cfd7de9 e-flex e-con-boxed e-con e-child\" data-id=\"cfd7de9\" data-element_type=\"container\" data-e-type=\"container\">\n\t\t\t\t\t<div class=\"e-con-inner\">\n\t\t\t\t<div class=\"elementor-element elementor-element-181b76b elementor-widget elementor-widget-text-editor\" data-id=\"181b76b\" data-element_type=\"widget\" data-e-type=\"widget\" data-widget_type=\"text-editor.default\">\n\t\t\t\t<div class=\"elementor-widget-container\">\n\t\t\t\t\t\t\t\t\t<p><img loading=\"lazy\" decoding=\"async\" class=\"alignnone wp-image-12857\" src=\"https:\/\/caid.gob.do\/caid\/wp-content\/uploads\/requsitos.png\" alt=\"\" width=\"30\" height=\"38\" \/> <strong>Requisitos:<br \/><\/strong>Ser referido por los servicios de evaluaci\u00f3n del centro u otro servicio de intervenci\u00f3n terap\u00e9utica.<\/p>\t\t\t\t\t\t\t\t<\/div>\n\t\t\t\t<\/div>\n\t\t\t\t\t<\/div>\n\t\t\t\t<\/div>\n\t\t\t\t\t<\/div>\n\t\t\t\t<\/div>\n\t\t<div class=\"elementor-element elementor-element-b4d317d e-con-full e-flex e-con e-child\" data-id=\"b4d317d\" data-element_type=\"container\" data-e-type=\"container\" data-settings=\"{&quot;background_background&quot;:&quot;classic&quot;}\">\n\t\t\t\t<div class=\"elementor-element elementor-element-b1b8f6c elementor-widget elementor-widget-text-editor\" data-id=\"b1b8f6c\" data-element_type=\"widget\" data-e-type=\"widget\" data-widget_type=\"text-editor.default\">\n\t\t\t\t<div class=\"elementor-widget-container\">\n\t\t\t\t\t\t\t\t\t<strong style=\"font-fimily: GOTHAM HTF; font-height: 600;\"><img loading=\"lazy\" decoding=\"async\" class=\"alignnone wp-image-12855\" src=\"https:\/\/caid.gob.do\/caid\/wp-content\/uploads\/proce.png\" alt=\"\" width=\"30\" height=\"26\" \/> Procedimientos\n<\/strong>\n\n \t<li>Recibir informaci\u00f3n por parte de la instituci\u00f3n sobre la fecha asignada para la cita.<\/li>\n \t<li>Asistir el d\u00eda asignado.<\/li>\n \t<li>Completar proceso de facturaci\u00f3n.<\/li>\n\t\t\t\t\t\t\t\t<\/div>\n\t\t\t\t<\/div>\n\t\t\t\t<div class=\"elementor-element elementor-element-d4d38ef elementor-widget-divider--view-line elementor-widget elementor-widget-divider\" data-id=\"d4d38ef\" data-element_type=\"widget\" data-e-type=\"widget\" data-widget_type=\"divider.default\">\n\t\t\t\t<div class=\"elementor-widget-container\">\n\t\t\t\t\t\t\t<div class=\"elementor-divider\">\n\t\t\t<span class=\"elementor-divider-separator\">\n\t\t\t\t\t\t<\/span>\n\t\t<\/div>\n\t\t\t\t\t\t<\/div>\n\t\t\t\t<\/div>\n\t\t<div class=\"elementor-element elementor-element-bc2779b e-flex e-con-boxed e-con e-child\" data-id=\"bc2779b\" data-element_type=\"container\" data-e-type=\"container\">\n\t\t\t\t\t<div class=\"e-con-inner\">\n\t\t<div class=\"elementor-element elementor-element-677a021 e-flex e-con-boxed e-con e-child\" data-id=\"677a021\" data-element_type=\"container\" data-e-type=\"container\">\n\t\t\t\t\t<div class=\"e-con-inner\">\n\t\t\t\t<div class=\"elementor-element elementor-element-aecfe2e elementor-widget elementor-widget-text-editor\" data-id=\"aecfe2e\" data-element_type=\"widget\" data-e-type=\"widget\" data-widget_type=\"text-editor.default\">\n\t\t\t\t<div class=\"elementor-widget-container\">\n\t\t\t\t\t\t\t\t\t<p><strong>CAID Santo Domingo Oeste:<\/strong><br \/>Natalia E. Aquino<br \/><img loading=\"lazy\" decoding=\"async\" class=\"alignnone wp-image-12859\" src=\"https:\/\/caid.gob.do\/caid\/wp-content\/uploads\/correo.png\" alt=\"\" width=\"25\" height=\"18\" \/> <a href=\"mailto:n.aquino@caid.gob.do\">n.aquino@caid.gob.do<\/a><\/p>\t\t\t\t\t\t\t\t<\/div>\n\t\t\t\t<\/div>\n\t\t\t\t\t<\/div>\n\t\t\t\t<\/div>\n\t\t<div class=\"elementor-element elementor-element-b56d4cf e-con-full e-flex e-con e-child\" data-id=\"b56d4cf\" data-element_type=\"container\" data-e-type=\"container\">\n\t\t\t\t<div class=\"elementor-element elementor-element-f62b8dd elementor-widget elementor-widget-text-editor\" data-id=\"f62b8dd\" data-element_type=\"widget\" data-e-type=\"widget\" data-widget_type=\"text-editor.default\">\n\t\t\t\t<div class=\"elementor-widget-container\">\n\t\t\t\t\t\t\t\t\t<p><strong>CAID Santiago de los Caballeros:<\/strong><br \/>Leonela Mu\u00f1oz<br \/><img loading=\"lazy\" decoding=\"async\" class=\"alignnone wp-image-12859\" src=\"https:\/\/caid.gob.do\/caid\/wp-content\/uploads\/correo.png\" alt=\"\" width=\"25\" height=\"18\" \/> <a href=\"mailto:l.ramirez@caid.gob.do\">l.ramirez@caid.gob.do<\/a> <br \/><img loading=\"lazy\" decoding=\"async\" class=\"alignnone wp-image-12858\" src=\"https:\/\/caid.gob.do\/caid\/wp-content\/uploads\/tel.png\" alt=\"\" width=\"25\" height=\"22\" \/>849-937-4141<\/p>\t\t\t\t\t\t\t\t<\/div>\n\t\t\t\t<\/div>\n\t\t\t\t<\/div>\n\t\t<div class=\"elementor-element elementor-element-2f4f18d e-flex e-con-boxed e-con e-child\" data-id=\"2f4f18d\" data-element_type=\"container\" data-e-type=\"container\">\n\t\t\t\t\t<div class=\"e-con-inner\">\n\t\t\t\t<div class=\"elementor-element elementor-element-f487625 elementor-widget elementor-widget-text-editor\" data-id=\"f487625\" data-element_type=\"widget\" data-e-type=\"widget\" data-widget_type=\"text-editor.default\">\n\t\t\t\t<div class=\"elementor-widget-container\">\n\t\t\t\t\t\t\t\t\t<p><strong>CAID San Juan de la Maguana:<\/strong><br \/>Helen A. De los Santos<br \/><img loading=\"lazy\" decoding=\"async\" class=\"alignnone wp-image-12859\" src=\"https:\/\/caid.gob.do\/caid\/wp-content\/uploads\/correo.png\" alt=\"\" width=\"25\" height=\"18\" \/> <a href=\"mailto:h.delossantos@caid.gob.do\">h.delossantos@caid.gob.do<\/a>\u00a0 \u00a0<br \/><img loading=\"lazy\" decoding=\"async\" class=\"alignnone wp-image-12858\" src=\"https:\/\/caid.gob.do\/caid\/wp-content\/uploads\/tel.png\" alt=\"\" width=\"25\" height=\"22\" \/>\u00a0(809) 213-1386<\/p>\t\t\t\t\t\t\t\t<\/div>\n\t\t\t\t<\/div>\n\t\t\t\t\t<\/div>\n\t\t\t\t<\/div>\n\t\t\t\t\t<\/div>\n\t\t\t\t<\/div>\n\t\t\t\t<\/div>\n\t\t\t\t\t<\/div>\n\t\t\t\t<\/div>\n\t\t\t\t<\/div>\n\t\t","protected":false},"excerpt":{"rendered":"<p>Se encarga de realizar programas de entrenamiento especializado en la condici\u00f3n de los usuarios. Los entrenamientos se basan en la colaboraci\u00f3n de la red de apoyo familiar del ni\u00f1o y ni\u00f1a para que, una vez entrenados los familiares, puedan manejar la condici\u00f3n de discapacidad de sus hijos e hijas desde el entorno familiar, con supervisi\u00f3n [&hellip;]<\/p>\n","protected":false},"author":1,"featured_media":0,"parent":116,"menu_order":0,"comment_status":"closed","ping_status":"closed","template":"","meta":{"_acf_changed":false,"footnotes":""},"class_list":["post-12862","page","type-page","status-publish","hentry"],"acf":[],"yoast_head":"<!-- This site is optimized with the Yoast SEO plugin v27.0 - https:\/\/yoast.com\/product\/yoast-seo-wordpress\/ -->\r\n<title>Entrenamiento a familias - CAID<\/title>\r\n<meta name=\"robots\" content=\"index, follow, max-snippet:-1, max-image-preview:large, max-video-preview:-1\" \/>\r\n<link rel=\"canonical\" href=\"https:\/\/caid.gob.do\/caid\/inicio\/servicios\/servicios-presenciales\/entrenamiento-a-familias\/\" \/>\r\n<meta property=\"og:locale\" content=\"es_ES\" \/>\r\n<meta property=\"og:type\" content=\"article\" \/>\r\n<meta property=\"og:title\" content=\"Entrenamiento a familias - CAID\" \/>\r\n<meta property=\"og:description\" content=\"Se encarga de realizar programas de entrenamiento especializado en la condici\u00f3n de los usuarios. Los entrenamientos se basan en la colaboraci\u00f3n de la red de apoyo familiar del ni\u00f1o y ni\u00f1a para que, una vez entrenados los familiares, puedan manejar la condici\u00f3n de discapacidad de sus hijos e hijas desde el entorno familiar, con supervisi\u00f3n [&hellip;]\" \/>\r\n<meta property=\"og:url\" content=\"https:\/\/caid.gob.do\/caid\/inicio\/servicios\/servicios-presenciales\/entrenamiento-a-familias\/\" \/>\r\n<meta property=\"og:site_name\" content=\"CAID\" \/>\r\n<meta property=\"article:publisher\" content=\"https:\/\/www.facebook.com\/redcaidrd\" \/>\r\n<meta property=\"article:modified_time\" content=\"2024-11-06T14:01:14+00:00\" \/>\r\n<meta property=\"og:image\" content=\"https:\/\/caid.gob.do\/caid\/wp-content\/uploads\/539ae9434274fcaedab8deb6007ffb6b_M.jpg\" \/>\r\n<meta name=\"twitter:card\" content=\"summary_large_image\" \/>\r\n<meta name=\"twitter:site\" content=\"@CAIDRDO\" \/>\r\n<meta name=\"twitter:label1\" content=\"Est. reading time\" \/>\n\t<meta name=\"twitter:data1\" content=\"4 minutos\" \/>\r\n<script type=\"application\/ld+json\" class=\"yoast-schema-graph\">{\"@context\":\"https:\/\/schema.org\",\"@graph\":[{\"@type\":\"WebPage\",\"@id\":\"https:\/\/caid.gob.do\/caid\/inicio\/servicios\/servicios-presenciales\/entrenamiento-a-familias\/\",\"url\":\"https:\/\/caid.gob.do\/caid\/inicio\/servicios\/servicios-presenciales\/entrenamiento-a-familias\/\",\"name\":\"Entrenamiento a familias - CAID\",\"isPartOf\":{\"@id\":\"https:\/\/caid.gob.do\/caid\/#website\"},\"primaryImageOfPage\":{\"@id\":\"https:\/\/caid.gob.do\/caid\/inicio\/servicios\/servicios-presenciales\/entrenamiento-a-familias\/#primaryimage\"},\"image\":{\"@id\":\"https:\/\/caid.gob.do\/caid\/inicio\/servicios\/servicios-presenciales\/entrenamiento-a-familias\/#primaryimage\"},\"thumbnailUrl\":\"https:\/\/caid.gob.do\/caid\/wp-content\/uploads\/539ae9434274fcaedab8deb6007ffb6b_M.jpg\",\"datePublished\":\"2023-06-07T20:56:06+00:00\",\"dateModified\":\"2024-11-06T14:01:14+00:00\",\"breadcrumb\":{\"@id\":\"https:\/\/caid.gob.do\/caid\/inicio\/servicios\/servicios-presenciales\/entrenamiento-a-familias\/#breadcrumb\"},\"inLanguage\":\"es-DO\",\"potentialAction\":[{\"@type\":\"ReadAction\",\"target\":[\"https:\/\/caid.gob.do\/caid\/inicio\/servicios\/servicios-presenciales\/entrenamiento-a-familias\/\"]}]},{\"@type\":\"ImageObject\",\"inLanguage\":\"es-DO\",\"@id\":\"https:\/\/caid.gob.do\/caid\/inicio\/servicios\/servicios-presenciales\/entrenamiento-a-familias\/#primaryimage\",\"url\":\"https:\/\/caid.gob.do\/caid\/wp-content\/uploads\/539ae9434274fcaedab8deb6007ffb6b_M.jpg\",\"contentUrl\":\"https:\/\/caid.gob.do\/caid\/wp-content\/uploads\/539ae9434274fcaedab8deb6007ffb6b_M.jpg\",\"width\":400,\"height\":267},{\"@type\":\"BreadcrumbList\",\"@id\":\"https:\/\/caid.gob.do\/caid\/inicio\/servicios\/servicios-presenciales\/entrenamiento-a-familias\/#breadcrumb\",\"itemListElement\":[{\"@type\":\"ListItem\",\"position\":1,\"name\":\"Est\u00e1s aqu\u00ed:\",\"item\":\"https:\/\/caid.gob.do\/caid\/\"},{\"@type\":\"ListItem\",\"position\":2,\"name\":\"Inicio\",\"item\":\"https:\/\/caid.gob.do\/caid\/\"},{\"@type\":\"ListItem\",\"position\":3,\"name\":\"Servicios\",\"item\":\"https:\/\/caid.gob.do\/caid\/inicio\/servicios\/\"},{\"@type\":\"ListItem\",\"position\":4,\"name\":\"Servicios presenciales\",\"item\":\"https:\/\/caid.gob.do\/caid\/inicio\/servicios\/servicios-presenciales\/\"},{\"@type\":\"ListItem\",\"position\":5,\"name\":\"Entrenamiento a familias\"}]},{\"@type\":\"WebSite\",\"@id\":\"https:\/\/caid.gob.do\/caid\/#website\",\"url\":\"https:\/\/caid.gob.do\/caid\/\",\"name\":\"CAID\",\"description\":\"Centro de Atenci\u00f3n Integral a la Discapacidad\",\"publisher\":{\"@id\":\"https:\/\/caid.gob.do\/caid\/#organization\"},\"potentialAction\":[{\"@type\":\"SearchAction\",\"target\":{\"@type\":\"EntryPoint\",\"urlTemplate\":\"https:\/\/caid.gob.do\/caid\/?s={search_term_string}\"},\"query-input\":{\"@type\":\"PropertyValueSpecification\",\"valueRequired\":true,\"valueName\":\"search_term_string\"}}],\"inLanguage\":\"es-DO\"},{\"@type\":\"Organization\",\"@id\":\"https:\/\/caid.gob.do\/caid\/#organization\",\"name\":\"Centro de Atenci\u00f3n Integral para la Discapacidad\",\"url\":\"https:\/\/caid.gob.do\/caid\/\",\"logo\":{\"@type\":\"ImageObject\",\"inLanguage\":\"es-DO\",\"@id\":\"https:\/\/caid.gob.do\/caid\/#\/schema\/logo\/image\/\",\"url\":\"https:\/\/caid.gob.do\/caid\/wp-content\/uploads\/CAID-LOGOS-EN-PNG_Mesa-de-trabajo-1-2-1024x505-1.png\",\"contentUrl\":\"https:\/\/caid.gob.do\/caid\/wp-content\/uploads\/CAID-LOGOS-EN-PNG_Mesa-de-trabajo-1-2-1024x505-1.png\",\"width\":1024,\"height\":505,\"caption\":\"Centro de Atenci\u00f3n Integral para la Discapacidad\"},\"image\":{\"@id\":\"https:\/\/caid.gob.do\/caid\/#\/schema\/logo\/image\/\"},\"sameAs\":[\"https:\/\/www.facebook.com\/redcaidrd\",\"https:\/\/x.com\/CAIDRDO\",\"https:\/\/www.instagram.com\/caidrd\/\",\"https:\/\/www.youtube.com\/channel\/UCLnt-fnRlxQdgJQwjgWkrCg\"]}]}<\/script>\r\n<!-- \/ Yoast SEO plugin. -->","yoast_head_json":{"title":"Entrenamiento a familias - CAID","robots":{"index":"index","follow":"follow","max-snippet":"max-snippet:-1","max-image-preview":"max-image-preview:large","max-video-preview":"max-video-preview:-1"},"canonical":"https:\/\/caid.gob.do\/caid\/inicio\/servicios\/servicios-presenciales\/entrenamiento-a-familias\/","og_locale":"es_ES","og_type":"article","og_title":"Entrenamiento a familias - CAID","og_description":"Se encarga de realizar programas de entrenamiento especializado en la condici\u00f3n de los usuarios. Los entrenamientos se basan en la colaboraci\u00f3n de la red de apoyo familiar del ni\u00f1o y ni\u00f1a para que, una vez entrenados los familiares, puedan manejar la condici\u00f3n de discapacidad de sus hijos e hijas desde el entorno familiar, con supervisi\u00f3n [&hellip;]","og_url":"https:\/\/caid.gob.do\/caid\/inicio\/servicios\/servicios-presenciales\/entrenamiento-a-familias\/","og_site_name":"CAID","article_publisher":"https:\/\/www.facebook.com\/redcaidrd","article_modified_time":"2024-11-06T14:01:14+00:00","og_image":[{"url":"https:\/\/caid.gob.do\/caid\/wp-content\/uploads\/539ae9434274fcaedab8deb6007ffb6b_M.jpg","type":"","width":"","height":""}],"twitter_card":"summary_large_image","twitter_site":"@CAIDRDO","twitter_misc":{"Est. reading time":"4 minutos"},"schema":{"@context":"https:\/\/schema.org","@graph":[{"@type":"WebPage","@id":"https:\/\/caid.gob.do\/caid\/inicio\/servicios\/servicios-presenciales\/entrenamiento-a-familias\/","url":"https:\/\/caid.gob.do\/caid\/inicio\/servicios\/servicios-presenciales\/entrenamiento-a-familias\/","name":"Entrenamiento a familias - CAID","isPartOf":{"@id":"https:\/\/caid.gob.do\/caid\/#website"},"primaryImageOfPage":{"@id":"https:\/\/caid.gob.do\/caid\/inicio\/servicios\/servicios-presenciales\/entrenamiento-a-familias\/#primaryimage"},"image":{"@id":"https:\/\/caid.gob.do\/caid\/inicio\/servicios\/servicios-presenciales\/entrenamiento-a-familias\/#primaryimage"},"thumbnailUrl":"https:\/\/caid.gob.do\/caid\/wp-content\/uploads\/539ae9434274fcaedab8deb6007ffb6b_M.jpg","datePublished":"2023-06-07T20:56:06+00:00","dateModified":"2024-11-06T14:01:14+00:00","breadcrumb":{"@id":"https:\/\/caid.gob.do\/caid\/inicio\/servicios\/servicios-presenciales\/entrenamiento-a-familias\/#breadcrumb"},"inLanguage":"es-DO","potentialAction":[{"@type":"ReadAction","target":["https:\/\/caid.gob.do\/caid\/inicio\/servicios\/servicios-presenciales\/entrenamiento-a-familias\/"]}]},{"@type":"ImageObject","inLanguage":"es-DO","@id":"https:\/\/caid.gob.do\/caid\/inicio\/servicios\/servicios-presenciales\/entrenamiento-a-familias\/#primaryimage","url":"https:\/\/caid.gob.do\/caid\/wp-content\/uploads\/539ae9434274fcaedab8deb6007ffb6b_M.jpg","contentUrl":"https:\/\/caid.gob.do\/caid\/wp-content\/uploads\/539ae9434274fcaedab8deb6007ffb6b_M.jpg","width":400,"height":267},{"@type":"BreadcrumbList","@id":"https:\/\/caid.gob.do\/caid\/inicio\/servicios\/servicios-presenciales\/entrenamiento-a-familias\/#breadcrumb","itemListElement":[{"@type":"ListItem","position":1,"name":"Est\u00e1s aqu\u00ed:","item":"https:\/\/caid.gob.do\/caid\/"},{"@type":"ListItem","position":2,"name":"Inicio","item":"https:\/\/caid.gob.do\/caid\/"},{"@type":"ListItem","position":3,"name":"Servicios","item":"https:\/\/caid.gob.do\/caid\/inicio\/servicios\/"},{"@type":"ListItem","position":4,"name":"Servicios presenciales","item":"https:\/\/caid.gob.do\/caid\/inicio\/servicios\/servicios-presenciales\/"},{"@type":"ListItem","position":5,"name":"Entrenamiento a familias"}]},{"@type":"WebSite","@id":"https:\/\/caid.gob.do\/caid\/#website","url":"https:\/\/caid.gob.do\/caid\/","name":"CAID","description":"Centro de Atenci\u00f3n Integral a la Discapacidad","publisher":{"@id":"https:\/\/caid.gob.do\/caid\/#organization"},"potentialAction":[{"@type":"SearchAction","target":{"@type":"EntryPoint","urlTemplate":"https:\/\/caid.gob.do\/caid\/?s={search_term_string}"},"query-input":{"@type":"PropertyValueSpecification","valueRequired":true,"valueName":"search_term_string"}}],"inLanguage":"es-DO"},{"@type":"Organization","@id":"https:\/\/caid.gob.do\/caid\/#organization","name":"Centro de Atenci\u00f3n Integral para la Discapacidad","url":"https:\/\/caid.gob.do\/caid\/","logo":{"@type":"ImageObject","inLanguage":"es-DO","@id":"https:\/\/caid.gob.do\/caid\/#\/schema\/logo\/image\/","url":"https:\/\/caid.gob.do\/caid\/wp-content\/uploads\/CAID-LOGOS-EN-PNG_Mesa-de-trabajo-1-2-1024x505-1.png","contentUrl":"https:\/\/caid.gob.do\/caid\/wp-content\/uploads\/CAID-LOGOS-EN-PNG_Mesa-de-trabajo-1-2-1024x505-1.png","width":1024,"height":505,"caption":"Centro de Atenci\u00f3n Integral para la Discapacidad"},"image":{"@id":"https:\/\/caid.gob.do\/caid\/#\/schema\/logo\/image\/"},"sameAs":["https:\/\/www.facebook.com\/redcaidrd","https:\/\/x.com\/CAIDRDO","https:\/\/www.instagram.com\/caidrd\/","https:\/\/www.youtube.com\/channel\/UCLnt-fnRlxQdgJQwjgWkrCg"]}]}},"jetpack_sharing_enabled":true,"_links":{"self":[{"href":"https:\/\/caid.gob.do\/caid\/wp-json\/wp\/v2\/pages\/12862","targetHints":{"allow":["GET"]}}],"collection":[{"href":"https:\/\/caid.gob.do\/caid\/wp-json\/wp\/v2\/pages"}],"about":[{"href":"https:\/\/caid.gob.do\/caid\/wp-json\/wp\/v2\/types\/page"}],"author":[{"embeddable":true,"href":"https:\/\/caid.gob.do\/caid\/wp-json\/wp\/v2\/users\/1"}],"replies":[{"embeddable":true,"href":"https:\/\/caid.gob.do\/caid\/wp-json\/wp\/v2\/comments?post=12862"}],"version-history":[{"count":47,"href":"https:\/\/caid.gob.do\/caid\/wp-json\/wp\/v2\/pages\/12862\/revisions"}],"predecessor-version":[{"id":19514,"href":"https:\/\/caid.gob.do\/caid\/wp-json\/wp\/v2\/pages\/12862\/revisions\/19514"}],"up":[{"embeddable":true,"href":"https:\/\/caid.gob.do\/caid\/wp-json\/wp\/v2\/pages\/116"}],"wp:attachment":[{"href":"https:\/\/caid.gob.do\/caid\/wp-json\/wp\/v2\/media?parent=12862"}],"curies":[{"name":"wp","href":"https:\/\/api.w.org\/{rel}","templated":true}]}}