{"id":12923,"date":"2023-06-07T20:12:24","date_gmt":"2023-06-08T00:12:24","guid":{"rendered":"https:\/\/caid.gob.do\/caid\/?page_id=12923"},"modified":"2024-11-06T10:01:28","modified_gmt":"2024-11-06T14:01:28","slug":"terapia-del-habla-y-del-lenguaje","status":"publish","type":"page","link":"https:\/\/caid.gob.do\/caid\/inicio\/servicios\/servicios-presenciales\/terapia-del-habla-y-del-lenguaje\/","title":{"rendered":"Terapia del habla y del lenguaje"},"content":{"rendered":"\t\t<div data-elementor-type=\"wp-page\" data-elementor-id=\"12923\" class=\"elementor elementor-12923\" data-elementor-post-type=\"page\">\n\t\t\t\t<div class=\"elementor-element elementor-element-03daff9 e-flex e-con-boxed e-con e-parent\" data-id=\"03daff9\" data-element_type=\"container\" data-e-type=\"container\" data-settings=\"{&quot;background_background&quot;:&quot;classic&quot;}\">\n\t\t\t\t\t<div class=\"e-con-inner\">\n\t\t\t\t<div class=\"elementor-element elementor-element-4aff8ed elementor-widget__width-initial elementor-widget elementor-widget-image\" data-id=\"4aff8ed\" data-element_type=\"widget\" data-e-type=\"widget\" data-widget_type=\"image.default\">\n\t\t\t\t<div class=\"elementor-widget-container\">\n\t\t\t\t\t\t\t\t\t\t\t\t\t\t\t<img loading=\"lazy\" decoding=\"async\" width=\"400\" height=\"267\" src=\"https:\/\/caid.gob.do\/caid\/wp-content\/uploads\/8d20793c9524220702360040c923d064_M.jpg\" class=\"attachment-full size-full wp-image-2078\" alt=\"\" srcset=\"https:\/\/caid.gob.do\/caid\/wp-content\/uploads\/8d20793c9524220702360040c923d064_M.jpg 400w, https:\/\/caid.gob.do\/caid\/wp-content\/uploads\/8d20793c9524220702360040c923d064_M-300x200.jpg 300w, https:\/\/caid.gob.do\/caid\/wp-content\/uploads\/8d20793c9524220702360040c923d064_M-150x100.jpg 150w\" sizes=\"auto, (max-width: 400px) 100vw, 400px\" \/>\t\t\t\t\t\t\t\t\t\t\t\t\t\t\t<\/div>\n\t\t\t\t<\/div>\n\t\t\t\t<div class=\"elementor-element elementor-element-ee6a44b elementor-widget elementor-widget-heading\" data-id=\"ee6a44b\" data-element_type=\"widget\" data-e-type=\"widget\" data-widget_type=\"heading.default\">\n\t\t\t\t<div class=\"elementor-widget-container\">\n\t\t\t\t\t<p class=\"elementor-heading-title elementor-size-default\">Terapia del habla y del lenguaje<\/p>\t\t\t\t<\/div>\n\t\t\t\t<\/div>\n\t\t\t\t<div class=\"elementor-element elementor-element-4bec03f elementor-widget elementor-widget-text-editor\" data-id=\"4bec03f\" data-element_type=\"widget\" data-e-type=\"widget\" data-widget_type=\"text-editor.default\">\n\t\t\t\t<div class=\"elementor-widget-container\">\n\t\t\t\t\t\t\t\t\t<p>Se encarga de corregir o minimizar los d\u00e9ficits en los procesos de degluci\u00f3n, lenguaje, habla, voz, audici\u00f3n y todo lo relativo a la comunicaci\u00f3n, as\u00ed como los defectos orofaciales que intervienen con la masticaci\u00f3n, degluci\u00f3n, respiraci\u00f3n, fonaci\u00f3n y producci\u00f3n del habla.<\/p>\t\t\t\t\t\t\t\t<\/div>\n\t\t\t\t<\/div>\n\t\t<div class=\"elementor-element elementor-element-cdb9ffb e-flex e-con-boxed e-con e-child\" data-id=\"cdb9ffb\" data-element_type=\"container\" data-e-type=\"container\">\n\t\t\t\t\t<div class=\"e-con-inner\">\n\t\t<div class=\"elementor-element elementor-element-f5793ee e-con-full e-flex e-con e-child\" data-id=\"f5793ee\" data-element_type=\"container\" data-e-type=\"container\">\n\t\t\t\t<div class=\"elementor-element elementor-element-5c1ed6c elementor-widget elementor-widget-text-editor\" data-id=\"5c1ed6c\" data-element_type=\"widget\" data-e-type=\"widget\" data-widget_type=\"text-editor.default\">\n\t\t\t\t<div class=\"elementor-widget-container\">\n\t\t\t\t\t\t\t\t\t<p><img loading=\"lazy\" decoding=\"async\" class=\"alignnone wp-image-12854\" src=\"https:\/\/caid.gob.do\/caid\/wp-content\/uploads\/a-cargo.png\" alt=\"\" width=\"28\" height=\"27\" \/> <strong>A cargo de:<\/strong> Divisi\u00f3n de intervenci\u00f3n terap\u00e9utica<\/p>\t\t\t\t\t\t\t\t<\/div>\n\t\t\t\t<\/div>\n\t\t\t\t<\/div>\n\t\t<div class=\"elementor-element elementor-element-da690ee e-con-full e-flex e-con e-child\" data-id=\"da690ee\" data-element_type=\"container\" data-e-type=\"container\">\n\t\t\t\t<div class=\"elementor-element elementor-element-7099cbe elementor-widget elementor-widget-text-editor\" data-id=\"7099cbe\" data-element_type=\"widget\" data-e-type=\"widget\" data-widget_type=\"text-editor.default\">\n\t\t\t\t<div class=\"elementor-widget-container\">\n\t\t\t\t\t\t\t\t\t<p><img loading=\"lazy\" decoding=\"async\" class=\"wp-image-12856 alignnone\" src=\"https:\/\/caid.gob.do\/caid\/wp-content\/uploads\/espera.png\" alt=\"\" width=\"30\" height=\"30\" \/> <strong>Tiempo de respuesta:<\/strong> <i>No aplica, ya que este servicio no se ofrece por solicitud sino que es parte de un programa de intervenci\u00f3n.<\/i><\/p>\t\t\t\t\t\t\t\t<\/div>\n\t\t\t\t<\/div>\n\t\t\t\t<\/div>\n\t\t\t\t\t<\/div>\n\t\t\t\t<\/div>\n\t\t<div class=\"elementor-element elementor-element-870f505 e-flex e-con-boxed e-con e-child\" data-id=\"870f505\" data-element_type=\"container\" data-e-type=\"container\">\n\t\t\t\t\t<div class=\"e-con-inner\">\n\t\t<div class=\"elementor-element elementor-element-33c70d8 e-con-full e-flex e-con e-child\" data-id=\"33c70d8\" data-element_type=\"container\" data-e-type=\"container\">\n\t\t\t\t<div class=\"elementor-element elementor-element-346c250 elementor-widget elementor-widget-text-editor\" data-id=\"346c250\" data-element_type=\"widget\" data-e-type=\"widget\" data-widget_type=\"text-editor.default\">\n\t\t\t\t<div class=\"elementor-widget-container\">\n\t\t\t\t\t\t\t\t\t<p><img loading=\"lazy\" decoding=\"async\" class=\"alignnone wp-image-12861\" src=\"https:\/\/caid.gob.do\/caid\/wp-content\/uploads\/dirigido-a-2.png\" alt=\"\" width=\"29\" height=\"29\" \/><strong>Dirigido a:<\/strong> <br \/>Ni\u00f1os de 0 a 12 a\u00f1os con s\u00edndrome de Down, par\u00e1lisis cerebral y trastorno del espectro autista que han agotado el proceso de evaluaci\u00f3n del CAID, han sido admitidos en el centro y hayan sido referidos internamente.<\/p>\t\t\t\t\t\t\t\t<\/div>\n\t\t\t\t<\/div>\n\t\t\t\t<\/div>\n\t\t<div class=\"elementor-element elementor-element-64c074c e-flex e-con-boxed e-con e-child\" data-id=\"64c074c\" data-element_type=\"container\" data-e-type=\"container\">\n\t\t\t\t\t<div class=\"e-con-inner\">\n\t\t\t\t<div class=\"elementor-element elementor-element-5c66a81 elementor-widget elementor-widget-text-editor\" data-id=\"5c66a81\" data-element_type=\"widget\" data-e-type=\"widget\" data-widget_type=\"text-editor.default\">\n\t\t\t\t<div class=\"elementor-widget-container\">\n\t\t\t\t\t\t\t\t\t<p><img loading=\"lazy\" decoding=\"async\" class=\"alignnone wp-image-12857\" src=\"https:\/\/caid.gob.do\/caid\/wp-content\/uploads\/requsitos.png\" alt=\"\" width=\"30\" height=\"38\" \/> <strong>Requisitos:<br \/><\/strong>Ser referido por los servicios de evaluaci\u00f3n del centro u otro servicio de intervenci\u00f3n terap\u00e9utica.<\/p>\t\t\t\t\t\t\t\t<\/div>\n\t\t\t\t<\/div>\n\t\t\t\t\t<\/div>\n\t\t\t\t<\/div>\n\t\t\t\t\t<\/div>\n\t\t\t\t<\/div>\n\t\t<div class=\"elementor-element elementor-element-a76d007 e-con-full e-flex e-con e-child\" data-id=\"a76d007\" data-element_type=\"container\" data-e-type=\"container\">\n\t\t<div class=\"elementor-element elementor-element-dccd83f e-con-full e-flex e-con e-child\" data-id=\"dccd83f\" data-element_type=\"container\" data-e-type=\"container\" data-settings=\"{&quot;background_background&quot;:&quot;classic&quot;}\">\n\t\t\t\t<div class=\"elementor-element elementor-element-90a7bd5 elementor-widget elementor-widget-text-editor\" data-id=\"90a7bd5\" data-element_type=\"widget\" data-e-type=\"widget\" data-widget_type=\"text-editor.default\">\n\t\t\t\t<div class=\"elementor-widget-container\">\n\t\t\t\t\t\t\t\t\t<strong style=\"font-fimily: GOTHAM HTF; font-height: 600;\"><img loading=\"lazy\" decoding=\"async\" class=\"alignnone wp-image-12855\" src=\"https:\/\/caid.gob.do\/caid\/wp-content\/uploads\/proce.png\" alt=\"\" width=\"30\" height=\"26\" \/> Procedimientos\n<\/strong>\n\n \t<li>Recibir informaci\u00f3n por parte de la instituci\u00f3n sobre la fecha asignada para la cita.<\/li>\n \t<li>Asistir el d\u00eda asignado.<\/li>\n \t<li>Completar proceso de facturaci\u00f3n.\t\t\t\t\t\t\t\t<\/div>\n\t\t\t\t<\/div>\n\t\t\t\t<div class=\"elementor-element elementor-element-12bb2bb elementor-widget-divider--view-line elementor-widget elementor-widget-divider\" data-id=\"12bb2bb\" data-element_type=\"widget\" data-e-type=\"widget\" data-widget_type=\"divider.default\">\n\t\t\t\t<div class=\"elementor-widget-container\">\n\t\t\t\t\t\t\t<div class=\"elementor-divider\">\n\t\t\t<span class=\"elementor-divider-separator\">\n\t\t\t\t\t\t<\/span>\n\t\t<\/div>\n\t\t\t\t\t\t<\/div>\n\t\t\t\t<\/div>\n\t\t<div class=\"elementor-element elementor-element-b1c1ae6 e-flex e-con-boxed e-con e-child\" data-id=\"b1c1ae6\" data-element_type=\"container\" data-e-type=\"container\">\n\t\t\t\t\t<div class=\"e-con-inner\">\n\t\t<div class=\"elementor-element elementor-element-b297d22 e-flex e-con-boxed e-con e-child\" data-id=\"b297d22\" data-element_type=\"container\" data-e-type=\"container\">\n\t\t\t\t\t<div class=\"e-con-inner\">\n\t\t\t\t<div class=\"elementor-element elementor-element-4be8889 elementor-widget elementor-widget-text-editor\" data-id=\"4be8889\" data-element_type=\"widget\" data-e-type=\"widget\" data-widget_type=\"text-editor.default\">\n\t\t\t\t<div class=\"elementor-widget-container\">\n\t\t\t\t\t\t\t\t\t<p><strong>CAID Santo Domingo Oeste:<br \/><\/strong>Caroline M. Rodriguez<br \/><a href=\"mailto:c.rodriguez@caid.gob.do\"><img loading=\"lazy\" decoding=\"async\" class=\"alignnone wp-image-12859\" src=\"https:\/\/caid.gob.do\/caid\/wp-content\/uploads\/correo.png\" alt=\"\" width=\"25\" height=\"18\" \/><\/a><a href=\"mailto:c.rodriguez@caid.gob.do\">c.rodriguez@caid.gob.do<\/a><br \/><img loading=\"lazy\" decoding=\"async\" class=\"alignnone wp-image-12858\" src=\"https:\/\/caid.gob.do\/caid\/wp-content\/uploads\/tel.png\" alt=\"\" width=\"25\" height=\"22\" \/>849-936-8787 Ext. 1017<\/p>\t\t\t\t\t\t\t\t<\/div>\n\t\t\t\t<\/div>\n\t\t\t\t\t<\/div>\n\t\t\t\t<\/div>\n\t\t<div class=\"elementor-element elementor-element-1bd2c3c e-con-full e-flex e-con e-child\" data-id=\"1bd2c3c\" data-element_type=\"container\" data-e-type=\"container\">\n\t\t\t\t<div class=\"elementor-element elementor-element-73f1384 elementor-widget elementor-widget-text-editor\" data-id=\"73f1384\" data-element_type=\"widget\" data-e-type=\"widget\" data-widget_type=\"text-editor.default\">\n\t\t\t\t<div class=\"elementor-widget-container\">\n\t\t\t\t\t\t\t\t\t<p><strong>CAID Santiago de los Caballeros:<\/strong><br \/>Soraya Peralta<br \/><img loading=\"lazy\" decoding=\"async\" class=\"alignnone wp-image-12859\" src=\"https:\/\/caid.gob.do\/caid\/wp-content\/uploads\/correo.png\" alt=\"\" width=\"25\" height=\"18\" \/> <a href=\"mailto:so.peralta@caid.gob.do\">so.peralta@caid.gob.do<\/a><br \/><img loading=\"lazy\" decoding=\"async\" class=\"alignnone wp-image-12858\" src=\"https:\/\/caid.gob.do\/caid\/wp-content\/uploads\/tel.png\" alt=\"\" width=\"25\" height=\"22\" \/>849-937-4141<\/p>\t\t\t\t\t\t\t\t<\/div>\n\t\t\t\t<\/div>\n\t\t\t\t<\/div>\n\t\t<div class=\"elementor-element elementor-element-b81f35a e-flex e-con-boxed e-con e-child\" data-id=\"b81f35a\" data-element_type=\"container\" data-e-type=\"container\">\n\t\t\t\t\t<div class=\"e-con-inner\">\n\t\t\t\t<div class=\"elementor-element elementor-element-c6f8e01 elementor-widget elementor-widget-text-editor\" data-id=\"c6f8e01\" data-element_type=\"widget\" data-e-type=\"widget\" data-widget_type=\"text-editor.default\">\n\t\t\t\t<div class=\"elementor-widget-container\">\n\t\t\t\t\t\t\t\t\t<p><strong>CAID San Juan de la Maguana:<\/strong><br \/>Keylin De Los Santos <br \/><img loading=\"lazy\" decoding=\"async\" class=\"alignnone wp-image-12859\" src=\"https:\/\/caid.gob.do\/caid\/wp-content\/uploads\/correo.png\" alt=\"\" width=\"25\" height=\"18\" \/> <a href=\"mailto:k.delossantos@caid.gob.do\">k.delossantos@caid.gob.do<\/a><\/p>\t\t\t\t\t\t\t\t<\/div>\n\t\t\t\t<\/div>\n\t\t\t\t\t<\/div>\n\t\t\t\t<\/div>\n\t\t\t\t\t<\/div>\n\t\t\t\t<\/div>\n\t\t\t\t<\/div>\n\t\t\t\t<\/div>\n\t\t\t\t\t<\/div>\n\t\t\t\t<\/div>\n\t\t\t\t<\/div>\n\t\t","protected":false},"excerpt":{"rendered":"<p>Se encarga de corregir o minimizar los d\u00e9ficits en los procesos de degluci\u00f3n, lenguaje, habla, voz, audici\u00f3n y todo lo relativo a la comunicaci\u00f3n, as\u00ed como los defectos orofaciales que intervienen con la masticaci\u00f3n, degluci\u00f3n, respiraci\u00f3n, fonaci\u00f3n y producci\u00f3n del habla. A cargo de: Divisi\u00f3n de intervenci\u00f3n terap\u00e9utica Tiempo de respuesta: No aplica, ya que [&hellip;]<\/p>\n","protected":false},"author":1,"featured_media":0,"parent":116,"menu_order":0,"comment_status":"closed","ping_status":"closed","template":"","meta":{"_acf_changed":false,"footnotes":""},"class_list":["post-12923","page","type-page","status-publish","hentry"],"acf":[],"yoast_head":"<!-- This site is optimized with the Yoast SEO plugin v27.0 - https:\/\/yoast.com\/product\/yoast-seo-wordpress\/ -->\r\n<title>Terapia del habla y del lenguaje - CAID<\/title>\r\n<meta name=\"robots\" content=\"index, follow, max-snippet:-1, max-image-preview:large, max-video-preview:-1\" \/>\r\n<link rel=\"canonical\" href=\"https:\/\/caid.gob.do\/caid\/inicio\/servicios\/servicios-presenciales\/terapia-del-habla-y-del-lenguaje\/\" \/>\r\n<meta property=\"og:locale\" content=\"es_ES\" \/>\r\n<meta property=\"og:type\" content=\"article\" \/>\r\n<meta property=\"og:title\" content=\"Terapia del habla y del lenguaje - CAID\" \/>\r\n<meta property=\"og:description\" content=\"Se encarga de corregir o minimizar los d\u00e9ficits en los procesos de degluci\u00f3n, lenguaje, habla, voz, audici\u00f3n y todo lo relativo a la comunicaci\u00f3n, as\u00ed como los defectos orofaciales que intervienen con la masticaci\u00f3n, degluci\u00f3n, respiraci\u00f3n, fonaci\u00f3n y producci\u00f3n del habla. A cargo de: Divisi\u00f3n de intervenci\u00f3n terap\u00e9utica Tiempo de respuesta: No aplica, ya que [&hellip;]\" \/>\r\n<meta property=\"og:url\" content=\"https:\/\/caid.gob.do\/caid\/inicio\/servicios\/servicios-presenciales\/terapia-del-habla-y-del-lenguaje\/\" \/>\r\n<meta property=\"og:site_name\" content=\"CAID\" \/>\r\n<meta property=\"article:publisher\" content=\"https:\/\/www.facebook.com\/redcaidrd\" \/>\r\n<meta property=\"article:modified_time\" content=\"2024-11-06T14:01:28+00:00\" \/>\r\n<meta property=\"og:image\" content=\"https:\/\/caid.gob.do\/caid\/wp-content\/uploads\/8d20793c9524220702360040c923d064_M.jpg\" \/>\r\n<meta name=\"twitter:card\" content=\"summary_large_image\" \/>\r\n<meta name=\"twitter:site\" content=\"@CAIDRDO\" \/>\r\n<meta name=\"twitter:label1\" content=\"Est. reading time\" \/>\n\t<meta name=\"twitter:data1\" content=\"4 minutos\" \/>\r\n<script type=\"application\/ld+json\" class=\"yoast-schema-graph\">{\"@context\":\"https:\/\/schema.org\",\"@graph\":[{\"@type\":\"WebPage\",\"@id\":\"https:\/\/caid.gob.do\/caid\/inicio\/servicios\/servicios-presenciales\/terapia-del-habla-y-del-lenguaje\/\",\"url\":\"https:\/\/caid.gob.do\/caid\/inicio\/servicios\/servicios-presenciales\/terapia-del-habla-y-del-lenguaje\/\",\"name\":\"Terapia del habla y del lenguaje - CAID\",\"isPartOf\":{\"@id\":\"https:\/\/caid.gob.do\/caid\/#website\"},\"primaryImageOfPage\":{\"@id\":\"https:\/\/caid.gob.do\/caid\/inicio\/servicios\/servicios-presenciales\/terapia-del-habla-y-del-lenguaje\/#primaryimage\"},\"image\":{\"@id\":\"https:\/\/caid.gob.do\/caid\/inicio\/servicios\/servicios-presenciales\/terapia-del-habla-y-del-lenguaje\/#primaryimage\"},\"thumbnailUrl\":\"https:\/\/caid.gob.do\/caid\/wp-content\/uploads\/8d20793c9524220702360040c923d064_M.jpg\",\"datePublished\":\"2023-06-08T00:12:24+00:00\",\"dateModified\":\"2024-11-06T14:01:28+00:00\",\"breadcrumb\":{\"@id\":\"https:\/\/caid.gob.do\/caid\/inicio\/servicios\/servicios-presenciales\/terapia-del-habla-y-del-lenguaje\/#breadcrumb\"},\"inLanguage\":\"es-DO\",\"potentialAction\":[{\"@type\":\"ReadAction\",\"target\":[\"https:\/\/caid.gob.do\/caid\/inicio\/servicios\/servicios-presenciales\/terapia-del-habla-y-del-lenguaje\/\"]}]},{\"@type\":\"ImageObject\",\"inLanguage\":\"es-DO\",\"@id\":\"https:\/\/caid.gob.do\/caid\/inicio\/servicios\/servicios-presenciales\/terapia-del-habla-y-del-lenguaje\/#primaryimage\",\"url\":\"https:\/\/caid.gob.do\/caid\/wp-content\/uploads\/8d20793c9524220702360040c923d064_M.jpg\",\"contentUrl\":\"https:\/\/caid.gob.do\/caid\/wp-content\/uploads\/8d20793c9524220702360040c923d064_M.jpg\",\"width\":400,\"height\":267},{\"@type\":\"BreadcrumbList\",\"@id\":\"https:\/\/caid.gob.do\/caid\/inicio\/servicios\/servicios-presenciales\/terapia-del-habla-y-del-lenguaje\/#breadcrumb\",\"itemListElement\":[{\"@type\":\"ListItem\",\"position\":1,\"name\":\"Est\u00e1s aqu\u00ed:\",\"item\":\"https:\/\/caid.gob.do\/caid\/\"},{\"@type\":\"ListItem\",\"position\":2,\"name\":\"Inicio\",\"item\":\"https:\/\/caid.gob.do\/caid\/\"},{\"@type\":\"ListItem\",\"position\":3,\"name\":\"Servicios\",\"item\":\"https:\/\/caid.gob.do\/caid\/inicio\/servicios\/\"},{\"@type\":\"ListItem\",\"position\":4,\"name\":\"Servicios presenciales\",\"item\":\"https:\/\/caid.gob.do\/caid\/inicio\/servicios\/servicios-presenciales\/\"},{\"@type\":\"ListItem\",\"position\":5,\"name\":\"Terapia del habla y del lenguaje\"}]},{\"@type\":\"WebSite\",\"@id\":\"https:\/\/caid.gob.do\/caid\/#website\",\"url\":\"https:\/\/caid.gob.do\/caid\/\",\"name\":\"CAID\",\"description\":\"Centro de Atenci\u00f3n Integral a la Discapacidad\",\"publisher\":{\"@id\":\"https:\/\/caid.gob.do\/caid\/#organization\"},\"potentialAction\":[{\"@type\":\"SearchAction\",\"target\":{\"@type\":\"EntryPoint\",\"urlTemplate\":\"https:\/\/caid.gob.do\/caid\/?s={search_term_string}\"},\"query-input\":{\"@type\":\"PropertyValueSpecification\",\"valueRequired\":true,\"valueName\":\"search_term_string\"}}],\"inLanguage\":\"es-DO\"},{\"@type\":\"Organization\",\"@id\":\"https:\/\/caid.gob.do\/caid\/#organization\",\"name\":\"Centro de Atenci\u00f3n Integral para la Discapacidad\",\"url\":\"https:\/\/caid.gob.do\/caid\/\",\"logo\":{\"@type\":\"ImageObject\",\"inLanguage\":\"es-DO\",\"@id\":\"https:\/\/caid.gob.do\/caid\/#\/schema\/logo\/image\/\",\"url\":\"https:\/\/caid.gob.do\/caid\/wp-content\/uploads\/CAID-LOGOS-EN-PNG_Mesa-de-trabajo-1-2-1024x505-1.png\",\"contentUrl\":\"https:\/\/caid.gob.do\/caid\/wp-content\/uploads\/CAID-LOGOS-EN-PNG_Mesa-de-trabajo-1-2-1024x505-1.png\",\"width\":1024,\"height\":505,\"caption\":\"Centro de Atenci\u00f3n Integral para la Discapacidad\"},\"image\":{\"@id\":\"https:\/\/caid.gob.do\/caid\/#\/schema\/logo\/image\/\"},\"sameAs\":[\"https:\/\/www.facebook.com\/redcaidrd\",\"https:\/\/x.com\/CAIDRDO\",\"https:\/\/www.instagram.com\/caidrd\/\",\"https:\/\/www.youtube.com\/channel\/UCLnt-fnRlxQdgJQwjgWkrCg\"]}]}<\/script>\r\n<!-- \/ Yoast SEO plugin. -->","yoast_head_json":{"title":"Terapia del habla y del lenguaje - CAID","robots":{"index":"index","follow":"follow","max-snippet":"max-snippet:-1","max-image-preview":"max-image-preview:large","max-video-preview":"max-video-preview:-1"},"canonical":"https:\/\/caid.gob.do\/caid\/inicio\/servicios\/servicios-presenciales\/terapia-del-habla-y-del-lenguaje\/","og_locale":"es_ES","og_type":"article","og_title":"Terapia del habla y del lenguaje - CAID","og_description":"Se encarga de corregir o minimizar los d\u00e9ficits en los procesos de degluci\u00f3n, lenguaje, habla, voz, audici\u00f3n y todo lo relativo a la comunicaci\u00f3n, as\u00ed como los defectos orofaciales que intervienen con la masticaci\u00f3n, degluci\u00f3n, respiraci\u00f3n, fonaci\u00f3n y producci\u00f3n del habla. A cargo de: Divisi\u00f3n de intervenci\u00f3n terap\u00e9utica Tiempo de respuesta: No aplica, ya que [&hellip;]","og_url":"https:\/\/caid.gob.do\/caid\/inicio\/servicios\/servicios-presenciales\/terapia-del-habla-y-del-lenguaje\/","og_site_name":"CAID","article_publisher":"https:\/\/www.facebook.com\/redcaidrd","article_modified_time":"2024-11-06T14:01:28+00:00","og_image":[{"url":"https:\/\/caid.gob.do\/caid\/wp-content\/uploads\/8d20793c9524220702360040c923d064_M.jpg","type":"","width":"","height":""}],"twitter_card":"summary_large_image","twitter_site":"@CAIDRDO","twitter_misc":{"Est. reading time":"4 minutos"},"schema":{"@context":"https:\/\/schema.org","@graph":[{"@type":"WebPage","@id":"https:\/\/caid.gob.do\/caid\/inicio\/servicios\/servicios-presenciales\/terapia-del-habla-y-del-lenguaje\/","url":"https:\/\/caid.gob.do\/caid\/inicio\/servicios\/servicios-presenciales\/terapia-del-habla-y-del-lenguaje\/","name":"Terapia del habla y del lenguaje - CAID","isPartOf":{"@id":"https:\/\/caid.gob.do\/caid\/#website"},"primaryImageOfPage":{"@id":"https:\/\/caid.gob.do\/caid\/inicio\/servicios\/servicios-presenciales\/terapia-del-habla-y-del-lenguaje\/#primaryimage"},"image":{"@id":"https:\/\/caid.gob.do\/caid\/inicio\/servicios\/servicios-presenciales\/terapia-del-habla-y-del-lenguaje\/#primaryimage"},"thumbnailUrl":"https:\/\/caid.gob.do\/caid\/wp-content\/uploads\/8d20793c9524220702360040c923d064_M.jpg","datePublished":"2023-06-08T00:12:24+00:00","dateModified":"2024-11-06T14:01:28+00:00","breadcrumb":{"@id":"https:\/\/caid.gob.do\/caid\/inicio\/servicios\/servicios-presenciales\/terapia-del-habla-y-del-lenguaje\/#breadcrumb"},"inLanguage":"es-DO","potentialAction":[{"@type":"ReadAction","target":["https:\/\/caid.gob.do\/caid\/inicio\/servicios\/servicios-presenciales\/terapia-del-habla-y-del-lenguaje\/"]}]},{"@type":"ImageObject","inLanguage":"es-DO","@id":"https:\/\/caid.gob.do\/caid\/inicio\/servicios\/servicios-presenciales\/terapia-del-habla-y-del-lenguaje\/#primaryimage","url":"https:\/\/caid.gob.do\/caid\/wp-content\/uploads\/8d20793c9524220702360040c923d064_M.jpg","contentUrl":"https:\/\/caid.gob.do\/caid\/wp-content\/uploads\/8d20793c9524220702360040c923d064_M.jpg","width":400,"height":267},{"@type":"BreadcrumbList","@id":"https:\/\/caid.gob.do\/caid\/inicio\/servicios\/servicios-presenciales\/terapia-del-habla-y-del-lenguaje\/#breadcrumb","itemListElement":[{"@type":"ListItem","position":1,"name":"Est\u00e1s aqu\u00ed:","item":"https:\/\/caid.gob.do\/caid\/"},{"@type":"ListItem","position":2,"name":"Inicio","item":"https:\/\/caid.gob.do\/caid\/"},{"@type":"ListItem","position":3,"name":"Servicios","item":"https:\/\/caid.gob.do\/caid\/inicio\/servicios\/"},{"@type":"ListItem","position":4,"name":"Servicios presenciales","item":"https:\/\/caid.gob.do\/caid\/inicio\/servicios\/servicios-presenciales\/"},{"@type":"ListItem","position":5,"name":"Terapia del habla y del lenguaje"}]},{"@type":"WebSite","@id":"https:\/\/caid.gob.do\/caid\/#website","url":"https:\/\/caid.gob.do\/caid\/","name":"CAID","description":"Centro de Atenci\u00f3n Integral a la Discapacidad","publisher":{"@id":"https:\/\/caid.gob.do\/caid\/#organization"},"potentialAction":[{"@type":"SearchAction","target":{"@type":"EntryPoint","urlTemplate":"https:\/\/caid.gob.do\/caid\/?s={search_term_string}"},"query-input":{"@type":"PropertyValueSpecification","valueRequired":true,"valueName":"search_term_string"}}],"inLanguage":"es-DO"},{"@type":"Organization","@id":"https:\/\/caid.gob.do\/caid\/#organization","name":"Centro de Atenci\u00f3n Integral para la Discapacidad","url":"https:\/\/caid.gob.do\/caid\/","logo":{"@type":"ImageObject","inLanguage":"es-DO","@id":"https:\/\/caid.gob.do\/caid\/#\/schema\/logo\/image\/","url":"https:\/\/caid.gob.do\/caid\/wp-content\/uploads\/CAID-LOGOS-EN-PNG_Mesa-de-trabajo-1-2-1024x505-1.png","contentUrl":"https:\/\/caid.gob.do\/caid\/wp-content\/uploads\/CAID-LOGOS-EN-PNG_Mesa-de-trabajo-1-2-1024x505-1.png","width":1024,"height":505,"caption":"Centro de Atenci\u00f3n Integral para la Discapacidad"},"image":{"@id":"https:\/\/caid.gob.do\/caid\/#\/schema\/logo\/image\/"},"sameAs":["https:\/\/www.facebook.com\/redcaidrd","https:\/\/x.com\/CAIDRDO","https:\/\/www.instagram.com\/caidrd\/","https:\/\/www.youtube.com\/channel\/UCLnt-fnRlxQdgJQwjgWkrCg"]}]}},"jetpack_sharing_enabled":true,"_links":{"self":[{"href":"https:\/\/caid.gob.do\/caid\/wp-json\/wp\/v2\/pages\/12923","targetHints":{"allow":["GET"]}}],"collection":[{"href":"https:\/\/caid.gob.do\/caid\/wp-json\/wp\/v2\/pages"}],"about":[{"href":"https:\/\/caid.gob.do\/caid\/wp-json\/wp\/v2\/types\/page"}],"author":[{"embeddable":true,"href":"https:\/\/caid.gob.do\/caid\/wp-json\/wp\/v2\/users\/1"}],"replies":[{"embeddable":true,"href":"https:\/\/caid.gob.do\/caid\/wp-json\/wp\/v2\/comments?post=12923"}],"version-history":[{"count":30,"href":"https:\/\/caid.gob.do\/caid\/wp-json\/wp\/v2\/pages\/12923\/revisions"}],"predecessor-version":[{"id":19523,"href":"https:\/\/caid.gob.do\/caid\/wp-json\/wp\/v2\/pages\/12923\/revisions\/19523"}],"up":[{"embeddable":true,"href":"https:\/\/caid.gob.do\/caid\/wp-json\/wp\/v2\/pages\/116"}],"wp:attachment":[{"href":"https:\/\/caid.gob.do\/caid\/wp-json\/wp\/v2\/media?parent=12923"}],"curies":[{"name":"wp","href":"https:\/\/api.w.org\/{rel}","templated":true}]}}