{"id":12935,"date":"2023-06-07T20:20:19","date_gmt":"2023-06-08T00:20:19","guid":{"rendered":"https:\/\/caid.gob.do\/caid\/?page_id=12935"},"modified":"2023-12-05T09:58:37","modified_gmt":"2023-12-05T13:58:37","slug":"intervencion-conductual","status":"publish","type":"page","link":"https:\/\/caid.gob.do\/caid\/inicio\/servicios\/servicios-presenciales\/intervencion-conductual\/","title":{"rendered":"Intervenci\u00f3n Conductual"},"content":{"rendered":"\t\t<div data-elementor-type=\"wp-page\" data-elementor-id=\"12935\" class=\"elementor elementor-12935\" data-elementor-post-type=\"page\">\n\t\t\t\t<div class=\"elementor-element elementor-element-677fb72 e-con-full e-flex e-con e-parent\" data-id=\"677fb72\" data-element_type=\"container\" data-e-type=\"container\" data-settings=\"{&quot;background_background&quot;:&quot;classic&quot;}\">\n\t\t\t\t<div class=\"elementor-element elementor-element-f8e0da0 elementor-widget__width-initial elementor-widget elementor-widget-image\" data-id=\"f8e0da0\" data-element_type=\"widget\" data-e-type=\"widget\" data-widget_type=\"image.default\">\n\t\t\t\t<div class=\"elementor-widget-container\">\n\t\t\t\t\t\t\t\t\t\t\t\t\t\t\t<img loading=\"lazy\" decoding=\"async\" width=\"400\" height=\"267\" src=\"https:\/\/caid.gob.do\/caid\/wp-content\/uploads\/32a94b4f860c9ea010c2508169f36f36_M.jpg\" class=\"attachment-full size-full wp-image-2082\" alt=\"\" srcset=\"https:\/\/caid.gob.do\/caid\/wp-content\/uploads\/32a94b4f860c9ea010c2508169f36f36_M.jpg 400w, https:\/\/caid.gob.do\/caid\/wp-content\/uploads\/32a94b4f860c9ea010c2508169f36f36_M-300x200.jpg 300w, https:\/\/caid.gob.do\/caid\/wp-content\/uploads\/32a94b4f860c9ea010c2508169f36f36_M-150x100.jpg 150w\" sizes=\"auto, (max-width: 400px) 100vw, 400px\" \/>\t\t\t\t\t\t\t\t\t\t\t\t\t\t\t<\/div>\n\t\t\t\t<\/div>\n\t\t\t\t<div class=\"elementor-element elementor-element-5c0a948 elementor-widget elementor-widget-heading\" data-id=\"5c0a948\" data-element_type=\"widget\" data-e-type=\"widget\" data-widget_type=\"heading.default\">\n\t\t\t\t<div class=\"elementor-widget-container\">\n\t\t\t\t\t<p class=\"elementor-heading-title elementor-size-default\">Intervenci\u00f3n Conductual<\/p>\t\t\t\t<\/div>\n\t\t\t\t<\/div>\n\t\t\t\t<div class=\"elementor-element elementor-element-c3f000c elementor-share-buttons--align-left elementor-share-buttons--color-custom elementor-share-buttons--view-icon-text elementor-share-buttons--skin-gradient elementor-share-buttons--shape-square elementor-grid-0 elementor-widget elementor-widget-global elementor-global-1326 elementor-widget-share-buttons\" data-id=\"c3f000c\" data-element_type=\"widget\" data-e-type=\"widget\" data-widget_type=\"share-buttons.default\">\n\t\t\t\t<div class=\"elementor-widget-container\">\n\t\t\t\t\t\t\t<div class=\"elementor-grid\" role=\"list\">\n\t\t\t\t\t\t\t\t<div class=\"elementor-grid-item\" role=\"listitem\">\n\t\t\t\t\t\t<div class=\"elementor-share-btn elementor-share-btn_print\" role=\"button\" tabindex=\"0\" aria-label=\"Share on print\">\n\t\t\t\t\t\t\t\t\t\t\t\t\t\t\t<span class=\"elementor-share-btn__icon\">\n\t\t\t\t\t\t\t\t<i class=\"fas fa-print\" aria-hidden=\"true\"><\/i>\t\t\t\t\t\t\t<\/span>\n\t\t\t\t\t\t\t\t\t\t\t\t\t\t\t\t\t\t\t\t\t\t<div class=\"elementor-share-btn__text\">\n\t\t\t\t\t\t\t\t\t\t\t\t\t\t\t\t\t\t\t<span class=\"elementor-share-btn__title\">\n\t\t\t\t\t\t\t\t\t\tPDF \/ Imprimir\t\t\t\t\t\t\t\t\t<\/span>\n\t\t\t\t\t\t\t\t\t\t\t\t\t\t\t\t\t<\/div>\n\t\t\t\t\t\t\t\t\t\t\t\t\t<\/div>\n\t\t\t\t\t<\/div>\n\t\t\t\t\t\t\t\t\t<div class=\"elementor-grid-item\" role=\"listitem\">\n\t\t\t\t\t\t<div class=\"elementor-share-btn elementor-share-btn_email\" role=\"button\" tabindex=\"0\" aria-label=\"Share on email\">\n\t\t\t\t\t\t\t\t\t\t\t\t\t\t\t<span class=\"elementor-share-btn__icon\">\n\t\t\t\t\t\t\t\t<i class=\"fas fa-envelope\" aria-hidden=\"true\"><\/i>\t\t\t\t\t\t\t<\/span>\n\t\t\t\t\t\t\t\t\t\t\t\t\t\t\t\t\t\t\t\t\t\t<div class=\"elementor-share-btn__text\">\n\t\t\t\t\t\t\t\t\t\t\t\t\t\t\t\t\t\t\t<span class=\"elementor-share-btn__title\">\n\t\t\t\t\t\t\t\t\t\tEmail\t\t\t\t\t\t\t\t\t<\/span>\n\t\t\t\t\t\t\t\t\t\t\t\t\t\t\t\t\t<\/div>\n\t\t\t\t\t\t\t\t\t\t\t\t\t<\/div>\n\t\t\t\t\t<\/div>\n\t\t\t\t\t\t\t\t\t<div class=\"elementor-grid-item\" role=\"listitem\">\n\t\t\t\t\t\t<div class=\"elementor-share-btn elementor-share-btn_whatsapp\" role=\"button\" tabindex=\"0\" aria-label=\"Share on whatsapp\">\n\t\t\t\t\t\t\t\t\t\t\t\t\t\t\t<span class=\"elementor-share-btn__icon\">\n\t\t\t\t\t\t\t\t<i class=\"fab fa-whatsapp\" aria-hidden=\"true\"><\/i>\t\t\t\t\t\t\t<\/span>\n\t\t\t\t\t\t\t\t\t\t\t\t\t\t\t\t\t\t\t\t\t\t<div class=\"elementor-share-btn__text\">\n\t\t\t\t\t\t\t\t\t\t\t\t\t\t\t\t\t\t\t<span class=\"elementor-share-btn__title\">\n\t\t\t\t\t\t\t\t\t\tWhatsApp\t\t\t\t\t\t\t\t\t<\/span>\n\t\t\t\t\t\t\t\t\t\t\t\t\t\t\t\t\t<\/div>\n\t\t\t\t\t\t\t\t\t\t\t\t\t<\/div>\n\t\t\t\t\t<\/div>\n\t\t\t\t\t\t<\/div>\n\t\t\t\t\t\t<\/div>\n\t\t\t\t<\/div>\n\t\t\t\t<div class=\"elementor-element elementor-element-9ce3760 elementor-widget elementor-widget-text-editor\" data-id=\"9ce3760\" data-element_type=\"widget\" data-e-type=\"widget\" data-widget_type=\"text-editor.default\">\n\t\t\t\t<div class=\"elementor-widget-container\">\n\t\t\t\t\t\t\t\t\t<p>Se encarga de aplicar los principios conductuales de forma sistem\u00e1tica para alcanzar conductas socialmente significativas para el paciente y su entorno. Proporciona las ayudas necesarias para mejorar las conductas disruptivas y lograr una mejor interrelaci\u00f3n con su entorno familiar y social.<\/p>\t\t\t\t\t\t\t\t<\/div>\n\t\t\t\t<\/div>\n\t\t\t\t<div class=\"elementor-element elementor-element-3dd2b78 elementor-widget elementor-widget-text-editor\" data-id=\"3dd2b78\" data-element_type=\"widget\" data-e-type=\"widget\" data-widget_type=\"text-editor.default\">\n\t\t\t\t<div class=\"elementor-widget-container\">\n\t\t\t\t\t\t\t\t\t<strong style=\"font-fimily: GOTHAM HTF; font-height: 600;\"><img loading=\"lazy\" decoding=\"async\" class=\"alignnone wp-image-12855\" src=\"https:\/\/caid.gob.do\/caid\/wp-content\/uploads\/proce.png\" alt=\"\" width=\"30\" height=\"26\" \/> Procedimientos\n<\/strong>\n\n \t<li>Recibir informaci\u00f3n por parte de la instituci\u00f3n sobre la fecha asignada para la cita.<\/li>\n \t<li>Asistir el d\u00eda asignado.<\/li>\n \t<li>Completar proceso de facturaci\u00f3n.\t\t\t\t\t\t\t\t<\/div>\n\t\t\t\t<\/div>\n\t\t<div class=\"elementor-element elementor-element-88f91fa e-flex e-con-boxed e-con e-child\" data-id=\"88f91fa\" data-element_type=\"container\" data-e-type=\"container\">\n\t\t\t\t\t<div class=\"e-con-inner\">\n\t\t<div class=\"elementor-element elementor-element-553d8a8 e-con-full e-flex e-con e-child\" data-id=\"553d8a8\" data-element_type=\"container\" data-e-type=\"container\">\n\t\t\t\t<div class=\"elementor-element elementor-element-2b7ed3e elementor-widget elementor-widget-text-editor\" data-id=\"2b7ed3e\" data-element_type=\"widget\" data-e-type=\"widget\" data-widget_type=\"text-editor.default\">\n\t\t\t\t<div class=\"elementor-widget-container\">\n\t\t\t\t\t\t\t\t\t<p><img loading=\"lazy\" decoding=\"async\" class=\"alignnone wp-image-12854\" src=\"https:\/\/caid.gob.do\/caid\/wp-content\/uploads\/a-cargo.png\" alt=\"\" width=\"28\" height=\"27\" \/> <strong>A cargo de:<\/strong> Divisi\u00f3n de intervenci\u00f3n terap\u00e9utica<\/p>\t\t\t\t\t\t\t\t<\/div>\n\t\t\t\t<\/div>\n\t\t\t\t<\/div>\n\t\t<div class=\"elementor-element elementor-element-71e02c1 e-con-full e-flex e-con e-child\" data-id=\"71e02c1\" data-element_type=\"container\" data-e-type=\"container\">\n\t\t\t\t<div class=\"elementor-element elementor-element-d9ee9d0 elementor-widget elementor-widget-text-editor\" data-id=\"d9ee9d0\" data-element_type=\"widget\" data-e-type=\"widget\" data-widget_type=\"text-editor.default\">\n\t\t\t\t<div class=\"elementor-widget-container\">\n\t\t\t\t\t\t\t\t\t<p><img loading=\"lazy\" decoding=\"async\" class=\"wp-image-12856 alignnone\" src=\"https:\/\/caid.gob.do\/caid\/wp-content\/uploads\/espera.png\" alt=\"\" width=\"30\" height=\"30\" \/> <strong>Tiempo de respuesta:<\/strong> <i>No aplica, ya que este servicio no se ofrece por solicitud sino que es parte de un programa de intervenci\u00f3n.<\/i><\/p>\t\t\t\t\t\t\t\t<\/div>\n\t\t\t\t<\/div>\n\t\t\t\t<\/div>\n\t\t\t\t\t<\/div>\n\t\t\t\t<\/div>\n\t\t<div class=\"elementor-element elementor-element-07b9395 e-flex e-con-boxed e-con e-child\" data-id=\"07b9395\" data-element_type=\"container\" data-e-type=\"container\">\n\t\t\t\t\t<div class=\"e-con-inner\">\n\t\t<div class=\"elementor-element elementor-element-6af8a36 e-con-full e-flex e-con e-child\" data-id=\"6af8a36\" data-element_type=\"container\" data-e-type=\"container\">\n\t\t\t\t<div class=\"elementor-element elementor-element-a0556f9 elementor-widget elementor-widget-text-editor\" data-id=\"a0556f9\" data-element_type=\"widget\" data-e-type=\"widget\" data-widget_type=\"text-editor.default\">\n\t\t\t\t<div class=\"elementor-widget-container\">\n\t\t\t\t\t\t\t\t\t<p><img loading=\"lazy\" decoding=\"async\" class=\"alignnone wp-image-12861\" src=\"https:\/\/caid.gob.do\/caid\/wp-content\/uploads\/dirigido-a-2.png\" alt=\"\" width=\"29\" height=\"29\" \/><strong>Dirigido a:<\/strong> <br \/>Ni\u00f1os de 0 a 12 a\u00f1os con s\u00edndrome de Down,par\u00e1lisis cerebral y trastorno del espectro autista que han agotado el proceso de evaluaci\u00f3n del CAID, han sido admitidos en el centro y hayan sido referidos internamente.<\/p>\t\t\t\t\t\t\t\t<\/div>\n\t\t\t\t<\/div>\n\t\t\t\t<\/div>\n\t\t<div class=\"elementor-element elementor-element-c5584c1 e-flex e-con-boxed e-con e-child\" data-id=\"c5584c1\" data-element_type=\"container\" data-e-type=\"container\">\n\t\t\t\t\t<div class=\"e-con-inner\">\n\t\t\t\t<div class=\"elementor-element elementor-element-3c73f2b elementor-widget elementor-widget-text-editor\" data-id=\"3c73f2b\" data-element_type=\"widget\" data-e-type=\"widget\" data-widget_type=\"text-editor.default\">\n\t\t\t\t<div class=\"elementor-widget-container\">\n\t\t\t\t\t\t\t\t\t<p><img loading=\"lazy\" decoding=\"async\" class=\"alignnone wp-image-12857\" src=\"https:\/\/caid.gob.do\/caid\/wp-content\/uploads\/requsitos.png\" alt=\"\" width=\"30\" height=\"38\" \/> <strong>Requisitos:<br \/><\/strong>Ser referido por los servicios de evaluaci\u00f3n del centro u otro servicio de intervenci\u00f3n terap\u00e9utica.<\/p>\t\t\t\t\t\t\t\t<\/div>\n\t\t\t\t<\/div>\n\t\t\t\t\t<\/div>\n\t\t\t\t<\/div>\n\t\t\t\t\t<\/div>\n\t\t\t\t<\/div>\n\t\t\t\t<div class=\"elementor-element elementor-element-0f00bc1 elementor-widget-divider--view-line elementor-widget elementor-widget-divider\" data-id=\"0f00bc1\" data-element_type=\"widget\" data-e-type=\"widget\" data-widget_type=\"divider.default\">\n\t\t\t\t<div class=\"elementor-widget-container\">\n\t\t\t\t\t\t\t<div class=\"elementor-divider\">\n\t\t\t<span class=\"elementor-divider-separator\">\n\t\t\t\t\t\t<\/span>\n\t\t<\/div>\n\t\t\t\t\t\t<\/div>\n\t\t\t\t<\/div>\n\t\t<div class=\"elementor-element elementor-element-60f2f6a e-flex e-con-boxed e-con e-child\" data-id=\"60f2f6a\" data-element_type=\"container\" data-e-type=\"container\">\n\t\t\t\t\t<div class=\"e-con-inner\">\n\t\t<div class=\"elementor-element elementor-element-7862a82 e-flex e-con-boxed e-con e-child\" data-id=\"7862a82\" data-element_type=\"container\" data-e-type=\"container\">\n\t\t\t\t\t<div class=\"e-con-inner\">\n\t\t\t\t<div class=\"elementor-element elementor-element-c87241a elementor-widget elementor-widget-text-editor\" data-id=\"c87241a\" data-element_type=\"widget\" data-e-type=\"widget\" data-widget_type=\"text-editor.default\">\n\t\t\t\t<div class=\"elementor-widget-container\">\n\t\t\t\t\t\t\t\t\t<p><strong>CAID Santo Domingo Oeste:<br \/><\/strong>Caroline M. Rodriguez<br \/><a href=\"mailto:c.rodriguez@caid.gob.do\"><img loading=\"lazy\" decoding=\"async\" class=\"alignnone wp-image-12859\" src=\"https:\/\/caid.gob.do\/caid\/wp-content\/uploads\/correo.png\" alt=\"\" width=\"25\" height=\"18\" \/><\/a><a href=\"mailto:c.rodriguez@caid.gob.do\">c.rodriguez@caid.gob.do<\/a><br \/><img loading=\"lazy\" decoding=\"async\" class=\"alignnone wp-image-12858\" src=\"https:\/\/caid.gob.do\/caid\/wp-content\/uploads\/tel.png\" alt=\"\" width=\"25\" height=\"22\" \/>849-936-8787 Ext. 1017<\/p>\t\t\t\t\t\t\t\t<\/div>\n\t\t\t\t<\/div>\n\t\t\t\t\t<\/div>\n\t\t\t\t<\/div>\n\t\t<div class=\"elementor-element elementor-element-e1bed2a e-con-full e-flex e-con e-child\" data-id=\"e1bed2a\" data-element_type=\"container\" data-e-type=\"container\">\n\t\t\t\t<div class=\"elementor-element elementor-element-4e801ac elementor-widget elementor-widget-text-editor\" data-id=\"4e801ac\" data-element_type=\"widget\" data-e-type=\"widget\" data-widget_type=\"text-editor.default\">\n\t\t\t\t<div class=\"elementor-widget-container\">\n\t\t\t\t\t\t\t\t\t<p><strong>CAID Santiago de los Caballeros:<\/strong><br \/>Soraya Peralta<br \/><img loading=\"lazy\" decoding=\"async\" class=\"alignnone wp-image-12859\" src=\"https:\/\/caid.gob.do\/caid\/wp-content\/uploads\/correo.png\" alt=\"\" width=\"25\" height=\"18\" \/> <a href=\"mailto:so.peralta@caid.gob.do\">so.peralta@caid.gob.do<\/a><br \/><img loading=\"lazy\" decoding=\"async\" class=\"alignnone wp-image-12858\" src=\"https:\/\/caid.gob.do\/caid\/wp-content\/uploads\/tel.png\" alt=\"\" width=\"25\" height=\"22\" \/>849-937-4141<\/p>\t\t\t\t\t\t\t\t<\/div>\n\t\t\t\t<\/div>\n\t\t\t\t<\/div>\n\t\t<div class=\"elementor-element elementor-element-d4eb1af e-flex e-con-boxed e-con e-child\" data-id=\"d4eb1af\" data-element_type=\"container\" data-e-type=\"container\">\n\t\t\t\t\t<div class=\"e-con-inner\">\n\t\t\t\t<div class=\"elementor-element elementor-element-9e5df80 elementor-widget elementor-widget-text-editor\" data-id=\"9e5df80\" data-element_type=\"widget\" data-e-type=\"widget\" data-widget_type=\"text-editor.default\">\n\t\t\t\t<div class=\"elementor-widget-container\">\n\t\t\t\t\t\t\t\t\t<p><strong>CAID San Juan de la Maguana:<\/strong><br \/>Keylin De Los Santos <br \/><img loading=\"lazy\" decoding=\"async\" class=\"alignnone wp-image-12859\" src=\"https:\/\/caid.gob.do\/caid\/wp-content\/uploads\/correo.png\" alt=\"\" width=\"25\" height=\"18\" \/> <a href=\"mailto:k.delossantos@caid.gob.do\">k.delossantos@caid.gob.do<\/a><\/p>\t\t\t\t\t\t\t\t<\/div>\n\t\t\t\t<\/div>\n\t\t\t\t\t<\/div>\n\t\t\t\t<\/div>\n\t\t\t\t\t<\/div>\n\t\t\t\t<\/div>\n\t\t\t\t<\/div>\n\t\t\t\t<\/div>\n\t\t","protected":false},"excerpt":{"rendered":"<p>Imprimir \/ descargar PDF Email WhatsApp Se encarga de aplicar los principios conductuales de forma sistem\u00e1tica para alcanzar conductas socialmente significativas para el paciente y su entorno. Proporciona las ayudas necesarias para mejorar las conductas disruptivas y lograr una mejor interrelaci\u00f3n con su entorno familiar y social. Procedimientos Recibir informaci\u00f3n por parte de la instituci\u00f3n [&hellip;]<\/p>\n","protected":false},"author":1,"featured_media":0,"parent":116,"menu_order":0,"comment_status":"closed","ping_status":"closed","template":"","meta":{"_acf_changed":false,"footnotes":""},"class_list":["post-12935","page","type-page","status-publish","hentry"],"acf":[],"yoast_head":"<!-- This site is optimized with the Yoast SEO plugin v27.0 - https:\/\/yoast.com\/product\/yoast-seo-wordpress\/ -->\r\n<title>Intervenci\u00f3n Conductual - CAID<\/title>\r\n<meta name=\"robots\" content=\"index, follow, max-snippet:-1, max-image-preview:large, max-video-preview:-1\" \/>\r\n<link rel=\"canonical\" href=\"https:\/\/caid.gob.do\/caid\/inicio\/servicios\/servicios-presenciales\/intervencion-conductual\/\" \/>\r\n<meta property=\"og:locale\" content=\"es_ES\" \/>\r\n<meta property=\"og:type\" content=\"article\" \/>\r\n<meta property=\"og:title\" content=\"Intervenci\u00f3n Conductual - CAID\" \/>\r\n<meta property=\"og:description\" content=\"Imprimir \/ descargar PDF Email WhatsApp Se encarga de aplicar los principios conductuales de forma sistem\u00e1tica para alcanzar conductas socialmente significativas para el paciente y su entorno. Proporciona las ayudas necesarias para mejorar las conductas disruptivas y lograr una mejor interrelaci\u00f3n con su entorno familiar y social. Procedimientos Recibir informaci\u00f3n por parte de la instituci\u00f3n [&hellip;]\" \/>\r\n<meta property=\"og:url\" content=\"https:\/\/caid.gob.do\/caid\/inicio\/servicios\/servicios-presenciales\/intervencion-conductual\/\" \/>\r\n<meta property=\"og:site_name\" content=\"CAID\" \/>\r\n<meta property=\"article:publisher\" content=\"https:\/\/www.facebook.com\/redcaidrd\" \/>\r\n<meta property=\"article:modified_time\" content=\"2023-12-05T13:58:37+00:00\" \/>\r\n<meta property=\"og:image\" content=\"https:\/\/caid.gob.do\/caid\/wp-content\/uploads\/32a94b4f860c9ea010c2508169f36f36_M.jpg\" \/>\r\n<meta name=\"twitter:card\" content=\"summary_large_image\" \/>\r\n<meta name=\"twitter:site\" content=\"@CAIDRDO\" \/>\r\n<meta name=\"twitter:label1\" content=\"Est. reading time\" \/>\n\t<meta name=\"twitter:data1\" content=\"4 minutos\" \/>\r\n<script type=\"application\/ld+json\" class=\"yoast-schema-graph\">{\"@context\":\"https:\/\/schema.org\",\"@graph\":[{\"@type\":\"WebPage\",\"@id\":\"https:\/\/caid.gob.do\/caid\/inicio\/servicios\/servicios-presenciales\/intervencion-conductual\/\",\"url\":\"https:\/\/caid.gob.do\/caid\/inicio\/servicios\/servicios-presenciales\/intervencion-conductual\/\",\"name\":\"Intervenci\u00f3n Conductual - CAID\",\"isPartOf\":{\"@id\":\"https:\/\/caid.gob.do\/caid\/#website\"},\"primaryImageOfPage\":{\"@id\":\"https:\/\/caid.gob.do\/caid\/inicio\/servicios\/servicios-presenciales\/intervencion-conductual\/#primaryimage\"},\"image\":{\"@id\":\"https:\/\/caid.gob.do\/caid\/inicio\/servicios\/servicios-presenciales\/intervencion-conductual\/#primaryimage\"},\"thumbnailUrl\":\"https:\/\/caid.gob.do\/caid\/wp-content\/uploads\/32a94b4f860c9ea010c2508169f36f36_M.jpg\",\"datePublished\":\"2023-06-08T00:20:19+00:00\",\"dateModified\":\"2023-12-05T13:58:37+00:00\",\"breadcrumb\":{\"@id\":\"https:\/\/caid.gob.do\/caid\/inicio\/servicios\/servicios-presenciales\/intervencion-conductual\/#breadcrumb\"},\"inLanguage\":\"es-DO\",\"potentialAction\":[{\"@type\":\"ReadAction\",\"target\":[\"https:\/\/caid.gob.do\/caid\/inicio\/servicios\/servicios-presenciales\/intervencion-conductual\/\"]}]},{\"@type\":\"ImageObject\",\"inLanguage\":\"es-DO\",\"@id\":\"https:\/\/caid.gob.do\/caid\/inicio\/servicios\/servicios-presenciales\/intervencion-conductual\/#primaryimage\",\"url\":\"https:\/\/caid.gob.do\/caid\/wp-content\/uploads\/32a94b4f860c9ea010c2508169f36f36_M.jpg\",\"contentUrl\":\"https:\/\/caid.gob.do\/caid\/wp-content\/uploads\/32a94b4f860c9ea010c2508169f36f36_M.jpg\",\"width\":400,\"height\":267},{\"@type\":\"BreadcrumbList\",\"@id\":\"https:\/\/caid.gob.do\/caid\/inicio\/servicios\/servicios-presenciales\/intervencion-conductual\/#breadcrumb\",\"itemListElement\":[{\"@type\":\"ListItem\",\"position\":1,\"name\":\"Est\u00e1s aqu\u00ed:\",\"item\":\"https:\/\/caid.gob.do\/caid\/\"},{\"@type\":\"ListItem\",\"position\":2,\"name\":\"Inicio\",\"item\":\"https:\/\/caid.gob.do\/caid\/\"},{\"@type\":\"ListItem\",\"position\":3,\"name\":\"Servicios\",\"item\":\"https:\/\/caid.gob.do\/caid\/inicio\/servicios\/\"},{\"@type\":\"ListItem\",\"position\":4,\"name\":\"Servicios presenciales\",\"item\":\"https:\/\/caid.gob.do\/caid\/inicio\/servicios\/servicios-presenciales\/\"},{\"@type\":\"ListItem\",\"position\":5,\"name\":\"Intervenci\u00f3n Conductual\"}]},{\"@type\":\"WebSite\",\"@id\":\"https:\/\/caid.gob.do\/caid\/#website\",\"url\":\"https:\/\/caid.gob.do\/caid\/\",\"name\":\"CAID\",\"description\":\"Centro de Atenci\u00f3n Integral a la Discapacidad\",\"publisher\":{\"@id\":\"https:\/\/caid.gob.do\/caid\/#organization\"},\"potentialAction\":[{\"@type\":\"SearchAction\",\"target\":{\"@type\":\"EntryPoint\",\"urlTemplate\":\"https:\/\/caid.gob.do\/caid\/?s={search_term_string}\"},\"query-input\":{\"@type\":\"PropertyValueSpecification\",\"valueRequired\":true,\"valueName\":\"search_term_string\"}}],\"inLanguage\":\"es-DO\"},{\"@type\":\"Organization\",\"@id\":\"https:\/\/caid.gob.do\/caid\/#organization\",\"name\":\"Centro de Atenci\u00f3n Integral para la Discapacidad\",\"url\":\"https:\/\/caid.gob.do\/caid\/\",\"logo\":{\"@type\":\"ImageObject\",\"inLanguage\":\"es-DO\",\"@id\":\"https:\/\/caid.gob.do\/caid\/#\/schema\/logo\/image\/\",\"url\":\"https:\/\/caid.gob.do\/caid\/wp-content\/uploads\/CAID-LOGOS-EN-PNG_Mesa-de-trabajo-1-2-1024x505-1.png\",\"contentUrl\":\"https:\/\/caid.gob.do\/caid\/wp-content\/uploads\/CAID-LOGOS-EN-PNG_Mesa-de-trabajo-1-2-1024x505-1.png\",\"width\":1024,\"height\":505,\"caption\":\"Centro de Atenci\u00f3n Integral para la Discapacidad\"},\"image\":{\"@id\":\"https:\/\/caid.gob.do\/caid\/#\/schema\/logo\/image\/\"},\"sameAs\":[\"https:\/\/www.facebook.com\/redcaidrd\",\"https:\/\/x.com\/CAIDRDO\",\"https:\/\/www.instagram.com\/caidrd\/\",\"https:\/\/www.youtube.com\/channel\/UCLnt-fnRlxQdgJQwjgWkrCg\"]}]}<\/script>\r\n<!-- \/ Yoast SEO plugin. -->","yoast_head_json":{"title":"Intervenci\u00f3n Conductual - CAID","robots":{"index":"index","follow":"follow","max-snippet":"max-snippet:-1","max-image-preview":"max-image-preview:large","max-video-preview":"max-video-preview:-1"},"canonical":"https:\/\/caid.gob.do\/caid\/inicio\/servicios\/servicios-presenciales\/intervencion-conductual\/","og_locale":"es_ES","og_type":"article","og_title":"Intervenci\u00f3n Conductual - CAID","og_description":"Imprimir \/ descargar PDF Email WhatsApp Se encarga de aplicar los principios conductuales de forma sistem\u00e1tica para alcanzar conductas socialmente significativas para el paciente y su entorno. Proporciona las ayudas necesarias para mejorar las conductas disruptivas y lograr una mejor interrelaci\u00f3n con su entorno familiar y social. Procedimientos Recibir informaci\u00f3n por parte de la instituci\u00f3n [&hellip;]","og_url":"https:\/\/caid.gob.do\/caid\/inicio\/servicios\/servicios-presenciales\/intervencion-conductual\/","og_site_name":"CAID","article_publisher":"https:\/\/www.facebook.com\/redcaidrd","article_modified_time":"2023-12-05T13:58:37+00:00","og_image":[{"url":"https:\/\/caid.gob.do\/caid\/wp-content\/uploads\/32a94b4f860c9ea010c2508169f36f36_M.jpg","type":"","width":"","height":""}],"twitter_card":"summary_large_image","twitter_site":"@CAIDRDO","twitter_misc":{"Est. reading time":"4 minutos"},"schema":{"@context":"https:\/\/schema.org","@graph":[{"@type":"WebPage","@id":"https:\/\/caid.gob.do\/caid\/inicio\/servicios\/servicios-presenciales\/intervencion-conductual\/","url":"https:\/\/caid.gob.do\/caid\/inicio\/servicios\/servicios-presenciales\/intervencion-conductual\/","name":"Intervenci\u00f3n Conductual - CAID","isPartOf":{"@id":"https:\/\/caid.gob.do\/caid\/#website"},"primaryImageOfPage":{"@id":"https:\/\/caid.gob.do\/caid\/inicio\/servicios\/servicios-presenciales\/intervencion-conductual\/#primaryimage"},"image":{"@id":"https:\/\/caid.gob.do\/caid\/inicio\/servicios\/servicios-presenciales\/intervencion-conductual\/#primaryimage"},"thumbnailUrl":"https:\/\/caid.gob.do\/caid\/wp-content\/uploads\/32a94b4f860c9ea010c2508169f36f36_M.jpg","datePublished":"2023-06-08T00:20:19+00:00","dateModified":"2023-12-05T13:58:37+00:00","breadcrumb":{"@id":"https:\/\/caid.gob.do\/caid\/inicio\/servicios\/servicios-presenciales\/intervencion-conductual\/#breadcrumb"},"inLanguage":"es-DO","potentialAction":[{"@type":"ReadAction","target":["https:\/\/caid.gob.do\/caid\/inicio\/servicios\/servicios-presenciales\/intervencion-conductual\/"]}]},{"@type":"ImageObject","inLanguage":"es-DO","@id":"https:\/\/caid.gob.do\/caid\/inicio\/servicios\/servicios-presenciales\/intervencion-conductual\/#primaryimage","url":"https:\/\/caid.gob.do\/caid\/wp-content\/uploads\/32a94b4f860c9ea010c2508169f36f36_M.jpg","contentUrl":"https:\/\/caid.gob.do\/caid\/wp-content\/uploads\/32a94b4f860c9ea010c2508169f36f36_M.jpg","width":400,"height":267},{"@type":"BreadcrumbList","@id":"https:\/\/caid.gob.do\/caid\/inicio\/servicios\/servicios-presenciales\/intervencion-conductual\/#breadcrumb","itemListElement":[{"@type":"ListItem","position":1,"name":"Est\u00e1s aqu\u00ed:","item":"https:\/\/caid.gob.do\/caid\/"},{"@type":"ListItem","position":2,"name":"Inicio","item":"https:\/\/caid.gob.do\/caid\/"},{"@type":"ListItem","position":3,"name":"Servicios","item":"https:\/\/caid.gob.do\/caid\/inicio\/servicios\/"},{"@type":"ListItem","position":4,"name":"Servicios presenciales","item":"https:\/\/caid.gob.do\/caid\/inicio\/servicios\/servicios-presenciales\/"},{"@type":"ListItem","position":5,"name":"Intervenci\u00f3n Conductual"}]},{"@type":"WebSite","@id":"https:\/\/caid.gob.do\/caid\/#website","url":"https:\/\/caid.gob.do\/caid\/","name":"CAID","description":"Centro de Atenci\u00f3n Integral a la Discapacidad","publisher":{"@id":"https:\/\/caid.gob.do\/caid\/#organization"},"potentialAction":[{"@type":"SearchAction","target":{"@type":"EntryPoint","urlTemplate":"https:\/\/caid.gob.do\/caid\/?s={search_term_string}"},"query-input":{"@type":"PropertyValueSpecification","valueRequired":true,"valueName":"search_term_string"}}],"inLanguage":"es-DO"},{"@type":"Organization","@id":"https:\/\/caid.gob.do\/caid\/#organization","name":"Centro de Atenci\u00f3n Integral para la Discapacidad","url":"https:\/\/caid.gob.do\/caid\/","logo":{"@type":"ImageObject","inLanguage":"es-DO","@id":"https:\/\/caid.gob.do\/caid\/#\/schema\/logo\/image\/","url":"https:\/\/caid.gob.do\/caid\/wp-content\/uploads\/CAID-LOGOS-EN-PNG_Mesa-de-trabajo-1-2-1024x505-1.png","contentUrl":"https:\/\/caid.gob.do\/caid\/wp-content\/uploads\/CAID-LOGOS-EN-PNG_Mesa-de-trabajo-1-2-1024x505-1.png","width":1024,"height":505,"caption":"Centro de Atenci\u00f3n Integral para la Discapacidad"},"image":{"@id":"https:\/\/caid.gob.do\/caid\/#\/schema\/logo\/image\/"},"sameAs":["https:\/\/www.facebook.com\/redcaidrd","https:\/\/x.com\/CAIDRDO","https:\/\/www.instagram.com\/caidrd\/","https:\/\/www.youtube.com\/channel\/UCLnt-fnRlxQdgJQwjgWkrCg"]}]}},"jetpack_sharing_enabled":true,"_links":{"self":[{"href":"https:\/\/caid.gob.do\/caid\/wp-json\/wp\/v2\/pages\/12935","targetHints":{"allow":["GET"]}}],"collection":[{"href":"https:\/\/caid.gob.do\/caid\/wp-json\/wp\/v2\/pages"}],"about":[{"href":"https:\/\/caid.gob.do\/caid\/wp-json\/wp\/v2\/types\/page"}],"author":[{"embeddable":true,"href":"https:\/\/caid.gob.do\/caid\/wp-json\/wp\/v2\/users\/1"}],"replies":[{"embeddable":true,"href":"https:\/\/caid.gob.do\/caid\/wp-json\/wp\/v2\/comments?post=12935"}],"version-history":[{"count":27,"href":"https:\/\/caid.gob.do\/caid\/wp-json\/wp\/v2\/pages\/12935\/revisions"}],"predecessor-version":[{"id":15806,"href":"https:\/\/caid.gob.do\/caid\/wp-json\/wp\/v2\/pages\/12935\/revisions\/15806"}],"up":[{"embeddable":true,"href":"https:\/\/caid.gob.do\/caid\/wp-json\/wp\/v2\/pages\/116"}],"wp:attachment":[{"href":"https:\/\/caid.gob.do\/caid\/wp-json\/wp\/v2\/media?parent=12935"}],"curies":[{"name":"wp","href":"https:\/\/api.w.org\/{rel}","templated":true}]}}