{"id":12942,"date":"2023-06-07T20:24:04","date_gmt":"2023-06-08T00:24:04","guid":{"rendered":"https:\/\/caid.gob.do\/caid\/?page_id=12942"},"modified":"2024-11-06T10:06:20","modified_gmt":"2024-11-06T14:06:20","slug":"atencion-temprana","status":"publish","type":"page","link":"https:\/\/caid.gob.do\/caid\/inicio\/servicios\/servicios-presenciales\/atencion-temprana\/","title":{"rendered":"Atenci\u00f3n e intervenci\u00f3n temprana"},"content":{"rendered":"\t\t<div data-elementor-type=\"wp-page\" data-elementor-id=\"12942\" class=\"elementor elementor-12942\" data-elementor-post-type=\"page\">\n\t\t\t\t<div class=\"elementor-element elementor-element-05530e7 e-con-full e-flex e-con e-parent\" data-id=\"05530e7\" data-element_type=\"container\" data-e-type=\"container\" data-settings=\"{&quot;background_background&quot;:&quot;classic&quot;}\">\n\t\t\t\t<div class=\"elementor-element elementor-element-3f6f02c elementor-widget__width-initial elementor-widget elementor-widget-image\" data-id=\"3f6f02c\" data-element_type=\"widget\" data-e-type=\"widget\" data-widget_type=\"image.default\">\n\t\t\t\t<div class=\"elementor-widget-container\">\n\t\t\t\t\t\t\t\t\t\t\t\t\t\t\t<img loading=\"lazy\" decoding=\"async\" width=\"400\" height=\"267\" src=\"https:\/\/caid.gob.do\/caid\/wp-content\/uploads\/f9adbb275ff31ab154bc7deaace15fcf_M.jpg\" class=\"attachment-full size-full wp-image-2114\" alt=\"\" srcset=\"https:\/\/caid.gob.do\/caid\/wp-content\/uploads\/f9adbb275ff31ab154bc7deaace15fcf_M.jpg 400w, https:\/\/caid.gob.do\/caid\/wp-content\/uploads\/f9adbb275ff31ab154bc7deaace15fcf_M-300x200.jpg 300w, https:\/\/caid.gob.do\/caid\/wp-content\/uploads\/f9adbb275ff31ab154bc7deaace15fcf_M-150x100.jpg 150w\" sizes=\"auto, (max-width: 400px) 100vw, 400px\" \/>\t\t\t\t\t\t\t\t\t\t\t\t\t\t\t<\/div>\n\t\t\t\t<\/div>\n\t\t\t\t<div class=\"elementor-element elementor-element-db00c12 elementor-widget elementor-widget-heading\" data-id=\"db00c12\" data-element_type=\"widget\" data-e-type=\"widget\" data-widget_type=\"heading.default\">\n\t\t\t\t<div class=\"elementor-widget-container\">\n\t\t\t\t\t<p class=\"elementor-heading-title elementor-size-default\">Atenci\u00f3n e intervenci\u00f3n temprana<\/p>\t\t\t\t<\/div>\n\t\t\t\t<\/div>\n\t\t\t\t<div class=\"elementor-element elementor-element-89c0e57 elementor-widget elementor-widget-text-editor\" data-id=\"89c0e57\" data-element_type=\"widget\" data-e-type=\"widget\" data-widget_type=\"text-editor.default\">\n\t\t\t\t<div class=\"elementor-widget-container\">\n\t\t\t\t\t\t\t\t\t<p>Se encarga de intervenir de manera temprana, disminuyendo los efectos de la condici\u00f3n en el desarrollo del ni\u00f1o o ni\u00f1a y potenciando su funcionalidad, implementando repertorios b\u00e1sicos conductuales que permitan una integraci\u00f3n adecuada, tanto en la escuela como en la sociedad.<\/p>\t\t\t\t\t\t\t\t<\/div>\n\t\t\t\t<\/div>\n\t\t<div class=\"elementor-element elementor-element-c4a6954 e-flex e-con-boxed e-con e-child\" data-id=\"c4a6954\" data-element_type=\"container\" data-e-type=\"container\">\n\t\t\t\t\t<div class=\"e-con-inner\">\n\t\t<div class=\"elementor-element elementor-element-677e565 e-con-full e-flex e-con e-child\" data-id=\"677e565\" data-element_type=\"container\" data-e-type=\"container\">\n\t\t\t\t<div class=\"elementor-element elementor-element-d81948f elementor-widget elementor-widget-text-editor\" data-id=\"d81948f\" data-element_type=\"widget\" data-e-type=\"widget\" data-widget_type=\"text-editor.default\">\n\t\t\t\t<div class=\"elementor-widget-container\">\n\t\t\t\t\t\t\t\t\t<p><img loading=\"lazy\" decoding=\"async\" class=\"alignnone wp-image-12854\" src=\"https:\/\/caid.gob.do\/caid\/wp-content\/uploads\/a-cargo.png\" alt=\"\" width=\"28\" height=\"27\" \/> <strong>A cargo de:<\/strong> Divisi\u00f3n de intervenci\u00f3n terap\u00e9utica<\/p>\t\t\t\t\t\t\t\t<\/div>\n\t\t\t\t<\/div>\n\t\t\t\t<\/div>\n\t\t<div class=\"elementor-element elementor-element-19fc7b4 e-con-full e-flex e-con e-child\" data-id=\"19fc7b4\" data-element_type=\"container\" data-e-type=\"container\">\n\t\t\t\t<div class=\"elementor-element elementor-element-27012fc elementor-widget elementor-widget-text-editor\" data-id=\"27012fc\" data-element_type=\"widget\" data-e-type=\"widget\" data-widget_type=\"text-editor.default\">\n\t\t\t\t<div class=\"elementor-widget-container\">\n\t\t\t\t\t\t\t\t\t<p><img loading=\"lazy\" decoding=\"async\" class=\"wp-image-12856 alignnone\" src=\"https:\/\/caid.gob.do\/caid\/wp-content\/uploads\/espera.png\" alt=\"\" width=\"30\" height=\"30\" \/> <strong>Tiempo de respuesta:<\/strong> <i>No aplica, ya que este servicio no se ofrece por solicitud sino que es parte de un programa de intervenci\u00f3n.<\/i><\/p>\t\t\t\t\t\t\t\t<\/div>\n\t\t\t\t<\/div>\n\t\t\t\t<\/div>\n\t\t\t\t\t<\/div>\n\t\t\t\t<\/div>\n\t\t<div class=\"elementor-element elementor-element-becf950 e-flex e-con-boxed e-con e-child\" data-id=\"becf950\" data-element_type=\"container\" data-e-type=\"container\">\n\t\t\t\t\t<div class=\"e-con-inner\">\n\t\t<div class=\"elementor-element elementor-element-5de4a78 e-con-full e-flex e-con e-child\" data-id=\"5de4a78\" data-element_type=\"container\" data-e-type=\"container\">\n\t\t\t\t<div class=\"elementor-element elementor-element-fe8b5a3 elementor-widget elementor-widget-text-editor\" data-id=\"fe8b5a3\" data-element_type=\"widget\" data-e-type=\"widget\" data-widget_type=\"text-editor.default\">\n\t\t\t\t<div class=\"elementor-widget-container\">\n\t\t\t\t\t\t\t\t\t<p><img loading=\"lazy\" decoding=\"async\" class=\"alignnone wp-image-12861\" src=\"https:\/\/caid.gob.do\/caid\/wp-content\/uploads\/dirigido-a-2.png\" alt=\"\" width=\"29\" height=\"29\" \/><strong>Dirigido a:<\/strong> <br \/>Ni\u00f1os de 0 a 12 a\u00f1os con S\u00edndrome de Down, par\u00e1lisis cerebral y trastorno del espectro autista que han agotado el proceso de evaluaci\u00f3n del CAID, han sido admitidos en el centro y hayan sido referidos internamente.<\/p>\t\t\t\t\t\t\t\t<\/div>\n\t\t\t\t<\/div>\n\t\t\t\t<\/div>\n\t\t<div class=\"elementor-element elementor-element-2f2c811 e-flex e-con-boxed e-con e-child\" data-id=\"2f2c811\" data-element_type=\"container\" data-e-type=\"container\">\n\t\t\t\t\t<div class=\"e-con-inner\">\n\t\t\t\t<div class=\"elementor-element elementor-element-4e74e93 elementor-widget elementor-widget-text-editor\" data-id=\"4e74e93\" data-element_type=\"widget\" data-e-type=\"widget\" data-widget_type=\"text-editor.default\">\n\t\t\t\t<div class=\"elementor-widget-container\">\n\t\t\t\t\t\t\t\t\t<p><img loading=\"lazy\" decoding=\"async\" class=\"alignnone wp-image-12857\" src=\"https:\/\/caid.gob.do\/caid\/wp-content\/uploads\/requsitos.png\" alt=\"\" width=\"30\" height=\"38\" \/> <strong>Requisitos<br \/><\/strong>Ser referido por los servicios de evaluaci\u00f3n del centro u otro servicio de intervenci\u00f3n terap\u00e9utica.<\/p>\t\t\t\t\t\t\t\t<\/div>\n\t\t\t\t<\/div>\n\t\t\t\t\t<\/div>\n\t\t\t\t<\/div>\n\t\t\t\t\t<\/div>\n\t\t\t\t<\/div>\n\t\t\t\t<div class=\"elementor-element elementor-element-5f13d47 elementor-widget elementor-widget-text-editor\" data-id=\"5f13d47\" data-element_type=\"widget\" data-e-type=\"widget\" data-widget_type=\"text-editor.default\">\n\t\t\t\t<div class=\"elementor-widget-container\">\n\t\t\t\t\t\t\t\t\t<strong style=\"font-fimily: GOTHAM HTF; font-height: 600;\"><img loading=\"lazy\" decoding=\"async\" class=\"alignnone wp-image-12855\" src=\"https:\/\/caid.gob.do\/caid\/wp-content\/uploads\/proce.png\" alt=\"\" width=\"30\" height=\"26\" \/> Procedimientos\n<\/strong>\n\n \t<li>Recibir informaci\u00f3n por parte de la instituci\u00f3n sobre la fecha asignada para la cita.<\/li>\n \t<li>Asistir el d\u00eda asignado.<\/li>\n \t<li>Completar proceso de facturaci\u00f3n.\t\t\t\t\t\t\t\t<\/div>\n\t\t\t\t<\/div>\n\t\t\t\t<div class=\"elementor-element elementor-element-58d6a09 elementor-widget-divider--view-line elementor-widget elementor-widget-divider\" data-id=\"58d6a09\" data-element_type=\"widget\" data-e-type=\"widget\" data-widget_type=\"divider.default\">\n\t\t\t\t<div class=\"elementor-widget-container\">\n\t\t\t\t\t\t\t<div class=\"elementor-divider\">\n\t\t\t<span class=\"elementor-divider-separator\">\n\t\t\t\t\t\t<\/span>\n\t\t<\/div>\n\t\t\t\t\t\t<\/div>\n\t\t\t\t<\/div>\n\t\t<div class=\"elementor-element elementor-element-2409bc4 e-flex e-con-boxed e-con e-child\" data-id=\"2409bc4\" data-element_type=\"container\" data-e-type=\"container\">\n\t\t\t\t\t<div class=\"e-con-inner\">\n\t\t<div class=\"elementor-element elementor-element-b8d4a78 e-flex e-con-boxed e-con e-child\" data-id=\"b8d4a78\" data-element_type=\"container\" data-e-type=\"container\">\n\t\t\t\t\t<div class=\"e-con-inner\">\n\t\t\t\t<div class=\"elementor-element elementor-element-f2b46cd elementor-widget elementor-widget-text-editor\" data-id=\"f2b46cd\" data-element_type=\"widget\" data-e-type=\"widget\" data-widget_type=\"text-editor.default\">\n\t\t\t\t<div class=\"elementor-widget-container\">\n\t\t\t\t\t\t\t\t\t<p><strong>CAID Santo Domingo Oeste:<br \/><\/strong>Caroline M. Rodriguez<br \/><a href=\"mailto:c.rodriguez@caid.gob.do\"><img loading=\"lazy\" decoding=\"async\" class=\"alignnone wp-image-12859\" src=\"https:\/\/caid.gob.do\/caid\/wp-content\/uploads\/correo.png\" alt=\"\" width=\"25\" height=\"18\" \/><\/a><a href=\"mailto:c.rodriguez@caid.gob.do\">c.rodriguez@caid.gob.do<\/a><br \/><img loading=\"lazy\" decoding=\"async\" class=\"alignnone wp-image-12858\" src=\"https:\/\/caid.gob.do\/caid\/wp-content\/uploads\/tel.png\" alt=\"\" width=\"25\" height=\"22\" \/>849-936-8787 Ext. 1017<\/p>\t\t\t\t\t\t\t\t<\/div>\n\t\t\t\t<\/div>\n\t\t\t\t\t<\/div>\n\t\t\t\t<\/div>\n\t\t<div class=\"elementor-element elementor-element-9c9549a e-con-full e-flex e-con e-child\" data-id=\"9c9549a\" data-element_type=\"container\" data-e-type=\"container\">\n\t\t\t\t<div class=\"elementor-element elementor-element-5607347 elementor-widget elementor-widget-text-editor\" data-id=\"5607347\" data-element_type=\"widget\" data-e-type=\"widget\" data-widget_type=\"text-editor.default\">\n\t\t\t\t<div class=\"elementor-widget-container\">\n\t\t\t\t\t\t\t\t\t<p><strong>CAID Santiago de los Caballeros:<\/strong><br \/>Soraya Peralta<br \/><img loading=\"lazy\" decoding=\"async\" class=\"alignnone wp-image-12859\" src=\"https:\/\/caid.gob.do\/caid\/wp-content\/uploads\/correo.png\" alt=\"\" width=\"25\" height=\"18\" \/> <a href=\"mailto:so.peralta@caid.gob.do\">so.peralta@caid.gob.do<\/a><br \/><img loading=\"lazy\" decoding=\"async\" class=\"alignnone wp-image-12858\" src=\"https:\/\/caid.gob.do\/caid\/wp-content\/uploads\/tel.png\" alt=\"\" width=\"25\" height=\"22\" \/>849-937-4141<\/p>\t\t\t\t\t\t\t\t<\/div>\n\t\t\t\t<\/div>\n\t\t\t\t<\/div>\n\t\t<div class=\"elementor-element elementor-element-09c4df8 e-flex e-con-boxed e-con e-child\" data-id=\"09c4df8\" data-element_type=\"container\" data-e-type=\"container\">\n\t\t\t\t\t<div class=\"e-con-inner\">\n\t\t\t\t<div class=\"elementor-element elementor-element-9be0bb8 elementor-widget elementor-widget-text-editor\" data-id=\"9be0bb8\" data-element_type=\"widget\" data-e-type=\"widget\" data-widget_type=\"text-editor.default\">\n\t\t\t\t<div class=\"elementor-widget-container\">\n\t\t\t\t\t\t\t\t\t<p><strong>CAID San Juan de la Maguana:<\/strong><br \/>Keylin De Los Santos <br \/><img loading=\"lazy\" decoding=\"async\" class=\"alignnone wp-image-12859\" src=\"https:\/\/caid.gob.do\/caid\/wp-content\/uploads\/correo.png\" alt=\"\" width=\"25\" height=\"18\" \/> <a href=\"mailto:k.delossantos@caid.gob.do\">k.delossantos@caid.gob.do<\/a><\/p>\t\t\t\t\t\t\t\t<\/div>\n\t\t\t\t<\/div>\n\t\t\t\t\t<\/div>\n\t\t\t\t<\/div>\n\t\t\t\t\t<\/div>\n\t\t\t\t<\/div>\n\t\t\t\t<\/div>\n\t\t\t\t<\/div>\n\t\t","protected":false},"excerpt":{"rendered":"<p>Se encarga de intervenir de manera temprana, disminuyendo los efectos de la condici\u00f3n en el desarrollo del ni\u00f1o o ni\u00f1a y potenciando su funcionalidad, implementando repertorios b\u00e1sicos conductuales que permitan una integraci\u00f3n adecuada, tanto en la escuela como en la sociedad. A cargo de: Divisi\u00f3n de intervenci\u00f3n terap\u00e9utica Tiempo de respuesta: No aplica, ya que [&hellip;]<\/p>\n","protected":false},"author":1,"featured_media":0,"parent":116,"menu_order":0,"comment_status":"closed","ping_status":"closed","template":"","meta":{"_acf_changed":false,"footnotes":""},"class_list":["post-12942","page","type-page","status-publish","hentry"],"acf":[],"yoast_head":"<!-- This site is optimized with the Yoast SEO plugin v27.0 - https:\/\/yoast.com\/product\/yoast-seo-wordpress\/ -->\r\n<title>Atenci\u00f3n e intervenci\u00f3n temprana - CAID<\/title>\r\n<meta name=\"robots\" content=\"index, follow, max-snippet:-1, max-image-preview:large, max-video-preview:-1\" \/>\r\n<link rel=\"canonical\" href=\"https:\/\/caid.gob.do\/caid\/inicio\/servicios\/servicios-presenciales\/atencion-temprana\/\" \/>\r\n<meta property=\"og:locale\" content=\"es_ES\" \/>\r\n<meta property=\"og:type\" content=\"article\" \/>\r\n<meta property=\"og:title\" content=\"Atenci\u00f3n e intervenci\u00f3n temprana - CAID\" \/>\r\n<meta property=\"og:description\" content=\"Se encarga de intervenir de manera temprana, disminuyendo los efectos de la condici\u00f3n en el desarrollo del ni\u00f1o o ni\u00f1a y potenciando su funcionalidad, implementando repertorios b\u00e1sicos conductuales que permitan una integraci\u00f3n adecuada, tanto en la escuela como en la sociedad. A cargo de: Divisi\u00f3n de intervenci\u00f3n terap\u00e9utica Tiempo de respuesta: No aplica, ya que [&hellip;]\" \/>\r\n<meta property=\"og:url\" content=\"https:\/\/caid.gob.do\/caid\/inicio\/servicios\/servicios-presenciales\/atencion-temprana\/\" \/>\r\n<meta property=\"og:site_name\" content=\"CAID\" \/>\r\n<meta property=\"article:publisher\" content=\"https:\/\/www.facebook.com\/redcaidrd\" \/>\r\n<meta property=\"article:modified_time\" content=\"2024-11-06T14:06:20+00:00\" \/>\r\n<meta property=\"og:image\" content=\"https:\/\/caid.gob.do\/caid\/wp-content\/uploads\/f9adbb275ff31ab154bc7deaace15fcf_M.jpg\" \/>\r\n<meta name=\"twitter:card\" content=\"summary_large_image\" \/>\r\n<meta name=\"twitter:site\" content=\"@CAIDRDO\" \/>\r\n<meta name=\"twitter:label1\" content=\"Est. reading time\" \/>\n\t<meta name=\"twitter:data1\" content=\"4 minutos\" \/>\r\n<script type=\"application\/ld+json\" class=\"yoast-schema-graph\">{\"@context\":\"https:\/\/schema.org\",\"@graph\":[{\"@type\":\"WebPage\",\"@id\":\"https:\/\/caid.gob.do\/caid\/inicio\/servicios\/servicios-presenciales\/atencion-temprana\/\",\"url\":\"https:\/\/caid.gob.do\/caid\/inicio\/servicios\/servicios-presenciales\/atencion-temprana\/\",\"name\":\"Atenci\u00f3n e intervenci\u00f3n temprana - CAID\",\"isPartOf\":{\"@id\":\"https:\/\/caid.gob.do\/caid\/#website\"},\"primaryImageOfPage\":{\"@id\":\"https:\/\/caid.gob.do\/caid\/inicio\/servicios\/servicios-presenciales\/atencion-temprana\/#primaryimage\"},\"image\":{\"@id\":\"https:\/\/caid.gob.do\/caid\/inicio\/servicios\/servicios-presenciales\/atencion-temprana\/#primaryimage\"},\"thumbnailUrl\":\"https:\/\/caid.gob.do\/caid\/wp-content\/uploads\/f9adbb275ff31ab154bc7deaace15fcf_M.jpg\",\"datePublished\":\"2023-06-08T00:24:04+00:00\",\"dateModified\":\"2024-11-06T14:06:20+00:00\",\"breadcrumb\":{\"@id\":\"https:\/\/caid.gob.do\/caid\/inicio\/servicios\/servicios-presenciales\/atencion-temprana\/#breadcrumb\"},\"inLanguage\":\"es-DO\",\"potentialAction\":[{\"@type\":\"ReadAction\",\"target\":[\"https:\/\/caid.gob.do\/caid\/inicio\/servicios\/servicios-presenciales\/atencion-temprana\/\"]}]},{\"@type\":\"ImageObject\",\"inLanguage\":\"es-DO\",\"@id\":\"https:\/\/caid.gob.do\/caid\/inicio\/servicios\/servicios-presenciales\/atencion-temprana\/#primaryimage\",\"url\":\"https:\/\/caid.gob.do\/caid\/wp-content\/uploads\/f9adbb275ff31ab154bc7deaace15fcf_M.jpg\",\"contentUrl\":\"https:\/\/caid.gob.do\/caid\/wp-content\/uploads\/f9adbb275ff31ab154bc7deaace15fcf_M.jpg\",\"width\":400,\"height\":267},{\"@type\":\"BreadcrumbList\",\"@id\":\"https:\/\/caid.gob.do\/caid\/inicio\/servicios\/servicios-presenciales\/atencion-temprana\/#breadcrumb\",\"itemListElement\":[{\"@type\":\"ListItem\",\"position\":1,\"name\":\"Est\u00e1s aqu\u00ed:\",\"item\":\"https:\/\/caid.gob.do\/caid\/\"},{\"@type\":\"ListItem\",\"position\":2,\"name\":\"Inicio\",\"item\":\"https:\/\/caid.gob.do\/caid\/\"},{\"@type\":\"ListItem\",\"position\":3,\"name\":\"Servicios\",\"item\":\"https:\/\/caid.gob.do\/caid\/inicio\/servicios\/\"},{\"@type\":\"ListItem\",\"position\":4,\"name\":\"Servicios presenciales\",\"item\":\"https:\/\/caid.gob.do\/caid\/inicio\/servicios\/servicios-presenciales\/\"},{\"@type\":\"ListItem\",\"position\":5,\"name\":\"Atenci\u00f3n e intervenci\u00f3n temprana\"}]},{\"@type\":\"WebSite\",\"@id\":\"https:\/\/caid.gob.do\/caid\/#website\",\"url\":\"https:\/\/caid.gob.do\/caid\/\",\"name\":\"CAID\",\"description\":\"Centro de Atenci\u00f3n Integral a la Discapacidad\",\"publisher\":{\"@id\":\"https:\/\/caid.gob.do\/caid\/#organization\"},\"potentialAction\":[{\"@type\":\"SearchAction\",\"target\":{\"@type\":\"EntryPoint\",\"urlTemplate\":\"https:\/\/caid.gob.do\/caid\/?s={search_term_string}\"},\"query-input\":{\"@type\":\"PropertyValueSpecification\",\"valueRequired\":true,\"valueName\":\"search_term_string\"}}],\"inLanguage\":\"es-DO\"},{\"@type\":\"Organization\",\"@id\":\"https:\/\/caid.gob.do\/caid\/#organization\",\"name\":\"Centro de Atenci\u00f3n Integral para la Discapacidad\",\"url\":\"https:\/\/caid.gob.do\/caid\/\",\"logo\":{\"@type\":\"ImageObject\",\"inLanguage\":\"es-DO\",\"@id\":\"https:\/\/caid.gob.do\/caid\/#\/schema\/logo\/image\/\",\"url\":\"https:\/\/caid.gob.do\/caid\/wp-content\/uploads\/CAID-LOGOS-EN-PNG_Mesa-de-trabajo-1-2-1024x505-1.png\",\"contentUrl\":\"https:\/\/caid.gob.do\/caid\/wp-content\/uploads\/CAID-LOGOS-EN-PNG_Mesa-de-trabajo-1-2-1024x505-1.png\",\"width\":1024,\"height\":505,\"caption\":\"Centro de Atenci\u00f3n Integral para la Discapacidad\"},\"image\":{\"@id\":\"https:\/\/caid.gob.do\/caid\/#\/schema\/logo\/image\/\"},\"sameAs\":[\"https:\/\/www.facebook.com\/redcaidrd\",\"https:\/\/x.com\/CAIDRDO\",\"https:\/\/www.instagram.com\/caidrd\/\",\"https:\/\/www.youtube.com\/channel\/UCLnt-fnRlxQdgJQwjgWkrCg\"]}]}<\/script>\r\n<!-- \/ Yoast SEO plugin. -->","yoast_head_json":{"title":"Atenci\u00f3n e intervenci\u00f3n temprana - CAID","robots":{"index":"index","follow":"follow","max-snippet":"max-snippet:-1","max-image-preview":"max-image-preview:large","max-video-preview":"max-video-preview:-1"},"canonical":"https:\/\/caid.gob.do\/caid\/inicio\/servicios\/servicios-presenciales\/atencion-temprana\/","og_locale":"es_ES","og_type":"article","og_title":"Atenci\u00f3n e intervenci\u00f3n temprana - CAID","og_description":"Se encarga de intervenir de manera temprana, disminuyendo los efectos de la condici\u00f3n en el desarrollo del ni\u00f1o o ni\u00f1a y potenciando su funcionalidad, implementando repertorios b\u00e1sicos conductuales que permitan una integraci\u00f3n adecuada, tanto en la escuela como en la sociedad. A cargo de: Divisi\u00f3n de intervenci\u00f3n terap\u00e9utica Tiempo de respuesta: No aplica, ya que [&hellip;]","og_url":"https:\/\/caid.gob.do\/caid\/inicio\/servicios\/servicios-presenciales\/atencion-temprana\/","og_site_name":"CAID","article_publisher":"https:\/\/www.facebook.com\/redcaidrd","article_modified_time":"2024-11-06T14:06:20+00:00","og_image":[{"url":"https:\/\/caid.gob.do\/caid\/wp-content\/uploads\/f9adbb275ff31ab154bc7deaace15fcf_M.jpg","type":"","width":"","height":""}],"twitter_card":"summary_large_image","twitter_site":"@CAIDRDO","twitter_misc":{"Est. reading time":"4 minutos"},"schema":{"@context":"https:\/\/schema.org","@graph":[{"@type":"WebPage","@id":"https:\/\/caid.gob.do\/caid\/inicio\/servicios\/servicios-presenciales\/atencion-temprana\/","url":"https:\/\/caid.gob.do\/caid\/inicio\/servicios\/servicios-presenciales\/atencion-temprana\/","name":"Atenci\u00f3n e intervenci\u00f3n temprana - CAID","isPartOf":{"@id":"https:\/\/caid.gob.do\/caid\/#website"},"primaryImageOfPage":{"@id":"https:\/\/caid.gob.do\/caid\/inicio\/servicios\/servicios-presenciales\/atencion-temprana\/#primaryimage"},"image":{"@id":"https:\/\/caid.gob.do\/caid\/inicio\/servicios\/servicios-presenciales\/atencion-temprana\/#primaryimage"},"thumbnailUrl":"https:\/\/caid.gob.do\/caid\/wp-content\/uploads\/f9adbb275ff31ab154bc7deaace15fcf_M.jpg","datePublished":"2023-06-08T00:24:04+00:00","dateModified":"2024-11-06T14:06:20+00:00","breadcrumb":{"@id":"https:\/\/caid.gob.do\/caid\/inicio\/servicios\/servicios-presenciales\/atencion-temprana\/#breadcrumb"},"inLanguage":"es-DO","potentialAction":[{"@type":"ReadAction","target":["https:\/\/caid.gob.do\/caid\/inicio\/servicios\/servicios-presenciales\/atencion-temprana\/"]}]},{"@type":"ImageObject","inLanguage":"es-DO","@id":"https:\/\/caid.gob.do\/caid\/inicio\/servicios\/servicios-presenciales\/atencion-temprana\/#primaryimage","url":"https:\/\/caid.gob.do\/caid\/wp-content\/uploads\/f9adbb275ff31ab154bc7deaace15fcf_M.jpg","contentUrl":"https:\/\/caid.gob.do\/caid\/wp-content\/uploads\/f9adbb275ff31ab154bc7deaace15fcf_M.jpg","width":400,"height":267},{"@type":"BreadcrumbList","@id":"https:\/\/caid.gob.do\/caid\/inicio\/servicios\/servicios-presenciales\/atencion-temprana\/#breadcrumb","itemListElement":[{"@type":"ListItem","position":1,"name":"Est\u00e1s aqu\u00ed:","item":"https:\/\/caid.gob.do\/caid\/"},{"@type":"ListItem","position":2,"name":"Inicio","item":"https:\/\/caid.gob.do\/caid\/"},{"@type":"ListItem","position":3,"name":"Servicios","item":"https:\/\/caid.gob.do\/caid\/inicio\/servicios\/"},{"@type":"ListItem","position":4,"name":"Servicios presenciales","item":"https:\/\/caid.gob.do\/caid\/inicio\/servicios\/servicios-presenciales\/"},{"@type":"ListItem","position":5,"name":"Atenci\u00f3n e intervenci\u00f3n temprana"}]},{"@type":"WebSite","@id":"https:\/\/caid.gob.do\/caid\/#website","url":"https:\/\/caid.gob.do\/caid\/","name":"CAID","description":"Centro de Atenci\u00f3n Integral a la Discapacidad","publisher":{"@id":"https:\/\/caid.gob.do\/caid\/#organization"},"potentialAction":[{"@type":"SearchAction","target":{"@type":"EntryPoint","urlTemplate":"https:\/\/caid.gob.do\/caid\/?s={search_term_string}"},"query-input":{"@type":"PropertyValueSpecification","valueRequired":true,"valueName":"search_term_string"}}],"inLanguage":"es-DO"},{"@type":"Organization","@id":"https:\/\/caid.gob.do\/caid\/#organization","name":"Centro de Atenci\u00f3n Integral para la Discapacidad","url":"https:\/\/caid.gob.do\/caid\/","logo":{"@type":"ImageObject","inLanguage":"es-DO","@id":"https:\/\/caid.gob.do\/caid\/#\/schema\/logo\/image\/","url":"https:\/\/caid.gob.do\/caid\/wp-content\/uploads\/CAID-LOGOS-EN-PNG_Mesa-de-trabajo-1-2-1024x505-1.png","contentUrl":"https:\/\/caid.gob.do\/caid\/wp-content\/uploads\/CAID-LOGOS-EN-PNG_Mesa-de-trabajo-1-2-1024x505-1.png","width":1024,"height":505,"caption":"Centro de Atenci\u00f3n Integral para la Discapacidad"},"image":{"@id":"https:\/\/caid.gob.do\/caid\/#\/schema\/logo\/image\/"},"sameAs":["https:\/\/www.facebook.com\/redcaidrd","https:\/\/x.com\/CAIDRDO","https:\/\/www.instagram.com\/caidrd\/","https:\/\/www.youtube.com\/channel\/UCLnt-fnRlxQdgJQwjgWkrCg"]}]}},"jetpack_sharing_enabled":true,"_links":{"self":[{"href":"https:\/\/caid.gob.do\/caid\/wp-json\/wp\/v2\/pages\/12942","targetHints":{"allow":["GET"]}}],"collection":[{"href":"https:\/\/caid.gob.do\/caid\/wp-json\/wp\/v2\/pages"}],"about":[{"href":"https:\/\/caid.gob.do\/caid\/wp-json\/wp\/v2\/types\/page"}],"author":[{"embeddable":true,"href":"https:\/\/caid.gob.do\/caid\/wp-json\/wp\/v2\/users\/1"}],"replies":[{"embeddable":true,"href":"https:\/\/caid.gob.do\/caid\/wp-json\/wp\/v2\/comments?post=12942"}],"version-history":[{"count":30,"href":"https:\/\/caid.gob.do\/caid\/wp-json\/wp\/v2\/pages\/12942\/revisions"}],"predecessor-version":[{"id":19532,"href":"https:\/\/caid.gob.do\/caid\/wp-json\/wp\/v2\/pages\/12942\/revisions\/19532"}],"up":[{"embeddable":true,"href":"https:\/\/caid.gob.do\/caid\/wp-json\/wp\/v2\/pages\/116"}],"wp:attachment":[{"href":"https:\/\/caid.gob.do\/caid\/wp-json\/wp\/v2\/media?parent=12942"}],"curies":[{"name":"wp","href":"https:\/\/api.w.org\/{rel}","templated":true}]}}