{"id":13048,"date":"2023-06-08T11:17:40","date_gmt":"2023-06-08T15:17:40","guid":{"rendered":"https:\/\/caid.gob.do\/caid\/?page_id=13048"},"modified":"2024-11-06T10:08:12","modified_gmt":"2024-11-06T14:08:12","slug":"odontopediatria","status":"publish","type":"page","link":"https:\/\/caid.gob.do\/caid\/inicio\/servicios\/servicios-presenciales\/odontopediatria\/","title":{"rendered":"Odontopediatr\u00eda"},"content":{"rendered":"\t\t<div data-elementor-type=\"wp-page\" data-elementor-id=\"13048\" class=\"elementor elementor-13048\" data-elementor-post-type=\"page\">\n\t\t\t\t<div class=\"elementor-element elementor-element-5553152 e-con-full e-flex e-con e-parent\" data-id=\"5553152\" data-element_type=\"container\" data-e-type=\"container\" data-settings=\"{&quot;background_background&quot;:&quot;classic&quot;}\">\n\t\t\t\t<div class=\"elementor-element elementor-element-8e7c919 elementor-widget__width-initial elementor-widget elementor-widget-image\" data-id=\"8e7c919\" data-element_type=\"widget\" data-e-type=\"widget\" data-widget_type=\"image.default\">\n\t\t\t\t<div class=\"elementor-widget-container\">\n\t\t\t\t\t\t\t\t\t\t\t\t\t\t\t<img loading=\"lazy\" decoding=\"async\" width=\"275\" height=\"183\" src=\"https:\/\/caid.gob.do\/caid\/wp-content\/uploads\/2022\/07\/download.jpg\" class=\"attachment-full size-full wp-image-2227\" alt=\"\" \/>\t\t\t\t\t\t\t\t\t\t\t\t\t\t\t<\/div>\n\t\t\t\t<\/div>\n\t\t\t\t<div class=\"elementor-element elementor-element-591897d elementor-widget elementor-widget-heading\" data-id=\"591897d\" data-element_type=\"widget\" data-e-type=\"widget\" data-widget_type=\"heading.default\">\n\t\t\t\t<div class=\"elementor-widget-container\">\n\t\t\t\t\t<p class=\"elementor-heading-title elementor-size-default\">Odontopediatr\u00eda<\/p>\t\t\t\t<\/div>\n\t\t\t\t<\/div>\n\t\t\t\t<div class=\"elementor-element elementor-element-07e9d4d elementor-widget elementor-widget-text-editor\" data-id=\"07e9d4d\" data-element_type=\"widget\" data-e-type=\"widget\" data-widget_type=\"text-editor.default\">\n\t\t\t\t<div class=\"elementor-widget-container\">\n\t\t\t\t\t\t\t\t\t<p>En este servicio se realiza el diagn\u00f3stico, tratamiento y prevenci\u00f3n de las enfermedades de los dientes, las enc\u00edas y el tejido periodontal de acuerdo a las necesidades de los ni\u00f1os y las ni\u00f1as.<\/p>\t\t\t\t\t\t\t\t<\/div>\n\t\t\t\t<\/div>\n\t\t<div class=\"elementor-element elementor-element-5fb1e6d e-flex e-con-boxed e-con e-child\" data-id=\"5fb1e6d\" data-element_type=\"container\" data-e-type=\"container\">\n\t\t\t\t\t<div class=\"e-con-inner\">\n\t\t<div class=\"elementor-element elementor-element-c0b9313 e-con-full e-flex e-con e-child\" data-id=\"c0b9313\" data-element_type=\"container\" data-e-type=\"container\">\n\t\t\t\t<div class=\"elementor-element elementor-element-9c6b740 elementor-widget elementor-widget-text-editor\" data-id=\"9c6b740\" data-element_type=\"widget\" data-e-type=\"widget\" data-widget_type=\"text-editor.default\">\n\t\t\t\t<div class=\"elementor-widget-container\">\n\t\t\t\t\t\t\t\t\t<p><img loading=\"lazy\" decoding=\"async\" class=\"alignnone wp-image-12854\" src=\"https:\/\/caid.gob.do\/caid\/wp-content\/uploads\/a-cargo.png\" alt=\"\" width=\"28\" height=\"27\" \/> <strong>A cargo de:<\/strong> Departamento de Evaluaci\u00f3n y Diagn\u00f3stico <br \/>(Divisi\u00f3n M\u00e9dica)<\/p>\t\t\t\t\t\t\t\t<\/div>\n\t\t\t\t<\/div>\n\t\t\t\t<\/div>\n\t\t<div class=\"elementor-element elementor-element-2a6fd8e e-con-full e-flex e-con e-child\" data-id=\"2a6fd8e\" data-element_type=\"container\" data-e-type=\"container\">\n\t\t\t\t<div class=\"elementor-element elementor-element-44636be elementor-widget__width-inherit elementor-widget elementor-widget-text-editor\" data-id=\"44636be\" data-element_type=\"widget\" data-e-type=\"widget\" data-widget_type=\"text-editor.default\">\n\t\t\t\t<div class=\"elementor-widget-container\">\n\t\t\t\t\t\t\t\t\t<p><img loading=\"lazy\" decoding=\"async\" class=\"wp-image-12856 alignnone\" src=\"https:\/\/caid.gob.do\/caid\/wp-content\/uploads\/espera.png\" alt=\"\" width=\"30\" height=\"30\" \/> <strong>Tiempo de respuesta:<\/strong> 30<i>\u00a0d\u00edas<\/i><\/p>\t\t\t\t\t\t\t\t<\/div>\n\t\t\t\t<\/div>\n\t\t\t\t<\/div>\n\t\t\t\t\t<\/div>\n\t\t\t\t<\/div>\n\t\t<div class=\"elementor-element elementor-element-cb07414 e-flex e-con-boxed e-con e-child\" data-id=\"cb07414\" data-element_type=\"container\" data-e-type=\"container\">\n\t\t\t\t\t<div class=\"e-con-inner\">\n\t\t<div class=\"elementor-element elementor-element-609917d e-con-full e-flex e-con e-child\" data-id=\"609917d\" data-element_type=\"container\" data-e-type=\"container\">\n\t\t\t\t<div class=\"elementor-element elementor-element-fcc18ea elementor-widget elementor-widget-text-editor\" data-id=\"fcc18ea\" data-element_type=\"widget\" data-e-type=\"widget\" data-widget_type=\"text-editor.default\">\n\t\t\t\t<div class=\"elementor-widget-container\">\n\t\t\t\t\t\t\t\t\t<p><img loading=\"lazy\" decoding=\"async\" class=\"alignnone wp-image-12861\" src=\"https:\/\/caid.gob.do\/caid\/wp-content\/uploads\/dirigido-a-2.png\" alt=\"\" width=\"29\" height=\"29\" \/><strong>Dirigido a:<\/strong> <br \/>Ni\u00f1os y ni\u00f1as de cero a 12 a\u00f1os con sospecha o diagn\u00f3stico de s\u00edndrome de Down, par\u00e1lisis cerebral y trastorno del espectro autista que hayan completado la entrevista inicial o est\u00e9n activos en el centro.<\/p>\t\t\t\t\t\t\t\t<\/div>\n\t\t\t\t<\/div>\n\t\t\t\t<\/div>\n\t\t<div class=\"elementor-element elementor-element-0aabc92 e-flex e-con-boxed e-con e-child\" data-id=\"0aabc92\" data-element_type=\"container\" data-e-type=\"container\">\n\t\t\t\t\t<div class=\"e-con-inner\">\n\t\t\t\t<div class=\"elementor-element elementor-element-72b5bb0 elementor-widget elementor-widget-text-editor\" data-id=\"72b5bb0\" data-element_type=\"widget\" data-e-type=\"widget\" data-widget_type=\"text-editor.default\">\n\t\t\t\t<div class=\"elementor-widget-container\">\n\t\t\t\t\t\t\t\t\t<p><img loading=\"lazy\" decoding=\"async\" class=\"alignnone wp-image-12857\" src=\"https:\/\/caid.gob.do\/caid\/wp-content\/uploads\/requsitos.png\" alt=\"\" width=\"30\" height=\"38\" \/> <strong>Requisitos:<br \/><\/strong>Haber completado la entrevista social inicial<\/p>\t\t\t\t\t\t\t\t<\/div>\n\t\t\t\t<\/div>\n\t\t\t\t\t<\/div>\n\t\t\t\t<\/div>\n\t\t\t\t\t<\/div>\n\t\t\t\t<\/div>\n\t\t\t\t<div class=\"elementor-element elementor-element-d051ad5 elementor-widget__width-inherit elementor-widget elementor-widget-text-editor\" data-id=\"d051ad5\" data-element_type=\"widget\" data-e-type=\"widget\" data-widget_type=\"text-editor.default\">\n\t\t\t\t<div class=\"elementor-widget-container\">\n\t\t\t\t\t\t\t\t\t<strong style=\"font-fimily: GOTHAM HTF; font-height: 600;\"><img loading=\"lazy\" decoding=\"async\" class=\"alignnone wp-image-12855\" src=\"https:\/\/caid.gob.do\/caid\/wp-content\/uploads\/proce.png\" alt=\"\" width=\"30\" height=\"26\" \/> Procedimientos\n<br class=\"blanck\" \/><\/strong><strong><em>Usuarios nuevos:<\/em><\/strong>\n \t<li>Recibir informaci\u00f3n por parte de la instituci\u00f3n sobre la fecha asignada para la cita.<\/li>\n \t<li>Asistir el d\u00eda asignado.<\/li>\n \t<li>Completar proceso de facturaci\u00f3n.<\/li>\n<strong><em>Para usuarios activos en el centro:<\/em><\/strong>\n \t<li>Solicitar cita v\u00eda telef\u00f3nica o de manera presencial.<\/li>\n \t<li>Ser referido por otro servicio cl\u00ednico del CAID.<\/li>\n \t<li>Ser citado para seguimiento por el odontopediatra del CAID.<\/li>\n \t<li>Asistir el d\u00eda de la cita asignada.<\/li>\n \t<li>Completar proceso de facturaci\u00f3n.<\/li>\n\t\t\t\t\t\t\t\t<\/div>\n\t\t\t\t<\/div>\n\t\t\t\t<div class=\"elementor-element elementor-element-778c91a elementor-widget-divider--view-line elementor-widget elementor-widget-divider\" data-id=\"778c91a\" data-element_type=\"widget\" data-e-type=\"widget\" data-widget_type=\"divider.default\">\n\t\t\t\t<div class=\"elementor-widget-container\">\n\t\t\t\t\t\t\t<div class=\"elementor-divider\">\n\t\t\t<span class=\"elementor-divider-separator\">\n\t\t\t\t\t\t<\/span>\n\t\t<\/div>\n\t\t\t\t\t\t<\/div>\n\t\t\t\t<\/div>\n\t\t<div class=\"elementor-element elementor-element-f3e14aa e-flex e-con-boxed e-con e-child\" data-id=\"f3e14aa\" data-element_type=\"container\" data-e-type=\"container\">\n\t\t\t\t\t<div class=\"e-con-inner\">\n\t\t<div class=\"elementor-element elementor-element-3350816 e-con-full e-flex e-con e-child\" data-id=\"3350816\" data-element_type=\"container\" data-e-type=\"container\">\n\t\t\t\t<div class=\"elementor-element elementor-element-bce762f elementor-widget elementor-widget-text-editor\" data-id=\"bce762f\" data-element_type=\"widget\" data-e-type=\"widget\" data-widget_type=\"text-editor.default\">\n\t\t\t\t<div class=\"elementor-widget-container\">\n\t\t\t\t\t\t\t\t\t<p><strong>CAID Santo Domingo Oeste:<\/strong><br \/>Demetria Rosario Rabajo<br \/><img loading=\"lazy\" decoding=\"async\" class=\"alignnone wp-image-12859\" src=\"https:\/\/caid.gob.do\/caid\/wp-content\/uploads\/correo.png\" alt=\"\" width=\"25\" height=\"18\" \/> <a href=\"mailto:d.rosario@caid.gob.do\">d.rosario@caid.gob.do<\/a><br \/><img loading=\"lazy\" decoding=\"async\" class=\"alignnone wp-image-12858\" src=\"https:\/\/caid.gob.do\/caid\/wp-content\/uploads\/tel.png\" alt=\"\" width=\"25\" height=\"22\" \/> 849-936-8787 Ext. 1058<\/p>\t\t\t\t\t\t\t\t<\/div>\n\t\t\t\t<\/div>\n\t\t\t\t<\/div>\n\t\t<div class=\"elementor-element elementor-element-508e81b e-con-full e-flex e-con e-child\" data-id=\"508e81b\" data-element_type=\"container\" data-e-type=\"container\">\n\t\t\t\t<div class=\"elementor-element elementor-element-d93cb06 elementor-widget elementor-widget-text-editor\" data-id=\"d93cb06\" data-element_type=\"widget\" data-e-type=\"widget\" data-widget_type=\"text-editor.default\">\n\t\t\t\t<div class=\"elementor-widget-container\">\n\t\t\t\t\t\t\t\t\t<p><strong>CAID Santiago de los Caballeros:<\/strong><br \/>Claudia Cuevas\u00a0<br \/><img loading=\"lazy\" decoding=\"async\" class=\"alignnone wp-image-12859\" src=\"https:\/\/caid.gob.do\/caid\/wp-content\/uploads\/correo.png\" alt=\"\" width=\"25\" height=\"18\" \/> <a href=\"mailto:c.cuevas@caid.gob.do\">c.cuevas@caid.gob.do\u00a0<\/a><br \/><img loading=\"lazy\" decoding=\"async\" class=\"alignnone wp-image-12858\" src=\"https:\/\/caid.gob.do\/caid\/wp-content\/uploads\/tel.png\" alt=\"\" width=\"25\" height=\"22\" \/> 849-937-4141<\/p>\t\t\t\t\t\t\t\t<\/div>\n\t\t\t\t<\/div>\n\t\t\t\t<\/div>\n\t\t\t\t\t<\/div>\n\t\t\t\t<\/div>\n\t\t\t\t<\/div>\n\t\t\t\t<\/div>\n\t\t","protected":false},"excerpt":{"rendered":"<p>En este servicio se realiza el diagn\u00f3stico, tratamiento y prevenci\u00f3n de las enfermedades de los dientes, las enc\u00edas y el tejido periodontal de acuerdo a las necesidades de los ni\u00f1os y las ni\u00f1as. A cargo de: Departamento de Evaluaci\u00f3n y Diagn\u00f3stico (Divisi\u00f3n M\u00e9dica) Tiempo de respuesta: 30\u00a0d\u00edas Dirigido a: Ni\u00f1os y ni\u00f1as de cero a [&hellip;]<\/p>\n","protected":false},"author":1,"featured_media":0,"parent":116,"menu_order":0,"comment_status":"closed","ping_status":"closed","template":"","meta":{"_acf_changed":false,"footnotes":""},"class_list":["post-13048","page","type-page","status-publish","hentry"],"acf":[],"yoast_head":"<!-- This site is optimized with the Yoast SEO plugin v27.0 - https:\/\/yoast.com\/product\/yoast-seo-wordpress\/ -->\r\n<title>Odontopediatr\u00eda - CAID<\/title>\r\n<meta name=\"robots\" content=\"index, follow, max-snippet:-1, max-image-preview:large, max-video-preview:-1\" \/>\r\n<link rel=\"canonical\" href=\"https:\/\/caid.gob.do\/caid\/inicio\/servicios\/servicios-presenciales\/odontopediatria\/\" \/>\r\n<meta property=\"og:locale\" content=\"es_ES\" \/>\r\n<meta property=\"og:type\" content=\"article\" \/>\r\n<meta property=\"og:title\" content=\"Odontopediatr\u00eda - CAID\" \/>\r\n<meta property=\"og:description\" content=\"En este servicio se realiza el diagn\u00f3stico, tratamiento y prevenci\u00f3n de las enfermedades de los dientes, las enc\u00edas y el tejido periodontal de acuerdo a las necesidades de los ni\u00f1os y las ni\u00f1as. A cargo de: Departamento de Evaluaci\u00f3n y Diagn\u00f3stico (Divisi\u00f3n M\u00e9dica) Tiempo de respuesta: 30\u00a0d\u00edas Dirigido a: Ni\u00f1os y ni\u00f1as de cero a [&hellip;]\" \/>\r\n<meta property=\"og:url\" content=\"https:\/\/caid.gob.do\/caid\/inicio\/servicios\/servicios-presenciales\/odontopediatria\/\" \/>\r\n<meta property=\"og:site_name\" content=\"CAID\" \/>\r\n<meta property=\"article:publisher\" content=\"https:\/\/www.facebook.com\/redcaidrd\" \/>\r\n<meta property=\"article:modified_time\" content=\"2024-11-06T14:08:12+00:00\" \/>\r\n<meta property=\"og:image\" content=\"https:\/\/caid.gob.do\/caid\/wp-content\/uploads\/2022\/07\/download.jpg\" \/>\r\n<meta name=\"twitter:card\" content=\"summary_large_image\" \/>\r\n<meta name=\"twitter:site\" content=\"@CAIDRDO\" \/>\r\n<meta name=\"twitter:label1\" content=\"Est. reading time\" \/>\n\t<meta name=\"twitter:data1\" content=\"3 minutos\" \/>\r\n<script type=\"application\/ld+json\" class=\"yoast-schema-graph\">{\"@context\":\"https:\/\/schema.org\",\"@graph\":[{\"@type\":\"WebPage\",\"@id\":\"https:\/\/caid.gob.do\/caid\/inicio\/servicios\/servicios-presenciales\/odontopediatria\/\",\"url\":\"https:\/\/caid.gob.do\/caid\/inicio\/servicios\/servicios-presenciales\/odontopediatria\/\",\"name\":\"Odontopediatr\u00eda - CAID\",\"isPartOf\":{\"@id\":\"https:\/\/caid.gob.do\/caid\/#website\"},\"primaryImageOfPage\":{\"@id\":\"https:\/\/caid.gob.do\/caid\/inicio\/servicios\/servicios-presenciales\/odontopediatria\/#primaryimage\"},\"image\":{\"@id\":\"https:\/\/caid.gob.do\/caid\/inicio\/servicios\/servicios-presenciales\/odontopediatria\/#primaryimage\"},\"thumbnailUrl\":\"https:\/\/caid.gob.do\/caid\/wp-content\/uploads\/2022\/07\/download.jpg\",\"datePublished\":\"2023-06-08T15:17:40+00:00\",\"dateModified\":\"2024-11-06T14:08:12+00:00\",\"breadcrumb\":{\"@id\":\"https:\/\/caid.gob.do\/caid\/inicio\/servicios\/servicios-presenciales\/odontopediatria\/#breadcrumb\"},\"inLanguage\":\"es-DO\",\"potentialAction\":[{\"@type\":\"ReadAction\",\"target\":[\"https:\/\/caid.gob.do\/caid\/inicio\/servicios\/servicios-presenciales\/odontopediatria\/\"]}]},{\"@type\":\"ImageObject\",\"inLanguage\":\"es-DO\",\"@id\":\"https:\/\/caid.gob.do\/caid\/inicio\/servicios\/servicios-presenciales\/odontopediatria\/#primaryimage\",\"url\":\"https:\/\/caid.gob.do\/caid\/wp-content\/uploads\/2022\/07\/download.jpg\",\"contentUrl\":\"https:\/\/caid.gob.do\/caid\/wp-content\/uploads\/2022\/07\/download.jpg\",\"width\":275,\"height\":183},{\"@type\":\"BreadcrumbList\",\"@id\":\"https:\/\/caid.gob.do\/caid\/inicio\/servicios\/servicios-presenciales\/odontopediatria\/#breadcrumb\",\"itemListElement\":[{\"@type\":\"ListItem\",\"position\":1,\"name\":\"Est\u00e1s aqu\u00ed:\",\"item\":\"https:\/\/caid.gob.do\/caid\/\"},{\"@type\":\"ListItem\",\"position\":2,\"name\":\"Inicio\",\"item\":\"https:\/\/caid.gob.do\/caid\/\"},{\"@type\":\"ListItem\",\"position\":3,\"name\":\"Servicios\",\"item\":\"https:\/\/caid.gob.do\/caid\/inicio\/servicios\/\"},{\"@type\":\"ListItem\",\"position\":4,\"name\":\"Servicios presenciales\",\"item\":\"https:\/\/caid.gob.do\/caid\/inicio\/servicios\/servicios-presenciales\/\"},{\"@type\":\"ListItem\",\"position\":5,\"name\":\"Odontopediatr\u00eda\"}]},{\"@type\":\"WebSite\",\"@id\":\"https:\/\/caid.gob.do\/caid\/#website\",\"url\":\"https:\/\/caid.gob.do\/caid\/\",\"name\":\"CAID\",\"description\":\"Centro de Atenci\u00f3n Integral a la Discapacidad\",\"publisher\":{\"@id\":\"https:\/\/caid.gob.do\/caid\/#organization\"},\"potentialAction\":[{\"@type\":\"SearchAction\",\"target\":{\"@type\":\"EntryPoint\",\"urlTemplate\":\"https:\/\/caid.gob.do\/caid\/?s={search_term_string}\"},\"query-input\":{\"@type\":\"PropertyValueSpecification\",\"valueRequired\":true,\"valueName\":\"search_term_string\"}}],\"inLanguage\":\"es-DO\"},{\"@type\":\"Organization\",\"@id\":\"https:\/\/caid.gob.do\/caid\/#organization\",\"name\":\"Centro de Atenci\u00f3n Integral para la Discapacidad\",\"url\":\"https:\/\/caid.gob.do\/caid\/\",\"logo\":{\"@type\":\"ImageObject\",\"inLanguage\":\"es-DO\",\"@id\":\"https:\/\/caid.gob.do\/caid\/#\/schema\/logo\/image\/\",\"url\":\"https:\/\/caid.gob.do\/caid\/wp-content\/uploads\/CAID-LOGOS-EN-PNG_Mesa-de-trabajo-1-2-1024x505-1.png\",\"contentUrl\":\"https:\/\/caid.gob.do\/caid\/wp-content\/uploads\/CAID-LOGOS-EN-PNG_Mesa-de-trabajo-1-2-1024x505-1.png\",\"width\":1024,\"height\":505,\"caption\":\"Centro de Atenci\u00f3n Integral para la Discapacidad\"},\"image\":{\"@id\":\"https:\/\/caid.gob.do\/caid\/#\/schema\/logo\/image\/\"},\"sameAs\":[\"https:\/\/www.facebook.com\/redcaidrd\",\"https:\/\/x.com\/CAIDRDO\",\"https:\/\/www.instagram.com\/caidrd\/\",\"https:\/\/www.youtube.com\/channel\/UCLnt-fnRlxQdgJQwjgWkrCg\"]}]}<\/script>\r\n<!-- \/ Yoast SEO plugin. -->","yoast_head_json":{"title":"Odontopediatr\u00eda - CAID","robots":{"index":"index","follow":"follow","max-snippet":"max-snippet:-1","max-image-preview":"max-image-preview:large","max-video-preview":"max-video-preview:-1"},"canonical":"https:\/\/caid.gob.do\/caid\/inicio\/servicios\/servicios-presenciales\/odontopediatria\/","og_locale":"es_ES","og_type":"article","og_title":"Odontopediatr\u00eda - CAID","og_description":"En este servicio se realiza el diagn\u00f3stico, tratamiento y prevenci\u00f3n de las enfermedades de los dientes, las enc\u00edas y el tejido periodontal de acuerdo a las necesidades de los ni\u00f1os y las ni\u00f1as. A cargo de: Departamento de Evaluaci\u00f3n y Diagn\u00f3stico (Divisi\u00f3n M\u00e9dica) Tiempo de respuesta: 30\u00a0d\u00edas Dirigido a: Ni\u00f1os y ni\u00f1as de cero a [&hellip;]","og_url":"https:\/\/caid.gob.do\/caid\/inicio\/servicios\/servicios-presenciales\/odontopediatria\/","og_site_name":"CAID","article_publisher":"https:\/\/www.facebook.com\/redcaidrd","article_modified_time":"2024-11-06T14:08:12+00:00","og_image":[{"url":"https:\/\/caid.gob.do\/caid\/wp-content\/uploads\/2022\/07\/download.jpg","type":"","width":"","height":""}],"twitter_card":"summary_large_image","twitter_site":"@CAIDRDO","twitter_misc":{"Est. reading time":"3 minutos"},"schema":{"@context":"https:\/\/schema.org","@graph":[{"@type":"WebPage","@id":"https:\/\/caid.gob.do\/caid\/inicio\/servicios\/servicios-presenciales\/odontopediatria\/","url":"https:\/\/caid.gob.do\/caid\/inicio\/servicios\/servicios-presenciales\/odontopediatria\/","name":"Odontopediatr\u00eda - CAID","isPartOf":{"@id":"https:\/\/caid.gob.do\/caid\/#website"},"primaryImageOfPage":{"@id":"https:\/\/caid.gob.do\/caid\/inicio\/servicios\/servicios-presenciales\/odontopediatria\/#primaryimage"},"image":{"@id":"https:\/\/caid.gob.do\/caid\/inicio\/servicios\/servicios-presenciales\/odontopediatria\/#primaryimage"},"thumbnailUrl":"https:\/\/caid.gob.do\/caid\/wp-content\/uploads\/2022\/07\/download.jpg","datePublished":"2023-06-08T15:17:40+00:00","dateModified":"2024-11-06T14:08:12+00:00","breadcrumb":{"@id":"https:\/\/caid.gob.do\/caid\/inicio\/servicios\/servicios-presenciales\/odontopediatria\/#breadcrumb"},"inLanguage":"es-DO","potentialAction":[{"@type":"ReadAction","target":["https:\/\/caid.gob.do\/caid\/inicio\/servicios\/servicios-presenciales\/odontopediatria\/"]}]},{"@type":"ImageObject","inLanguage":"es-DO","@id":"https:\/\/caid.gob.do\/caid\/inicio\/servicios\/servicios-presenciales\/odontopediatria\/#primaryimage","url":"https:\/\/caid.gob.do\/caid\/wp-content\/uploads\/2022\/07\/download.jpg","contentUrl":"https:\/\/caid.gob.do\/caid\/wp-content\/uploads\/2022\/07\/download.jpg","width":275,"height":183},{"@type":"BreadcrumbList","@id":"https:\/\/caid.gob.do\/caid\/inicio\/servicios\/servicios-presenciales\/odontopediatria\/#breadcrumb","itemListElement":[{"@type":"ListItem","position":1,"name":"Est\u00e1s aqu\u00ed:","item":"https:\/\/caid.gob.do\/caid\/"},{"@type":"ListItem","position":2,"name":"Inicio","item":"https:\/\/caid.gob.do\/caid\/"},{"@type":"ListItem","position":3,"name":"Servicios","item":"https:\/\/caid.gob.do\/caid\/inicio\/servicios\/"},{"@type":"ListItem","position":4,"name":"Servicios presenciales","item":"https:\/\/caid.gob.do\/caid\/inicio\/servicios\/servicios-presenciales\/"},{"@type":"ListItem","position":5,"name":"Odontopediatr\u00eda"}]},{"@type":"WebSite","@id":"https:\/\/caid.gob.do\/caid\/#website","url":"https:\/\/caid.gob.do\/caid\/","name":"CAID","description":"Centro de Atenci\u00f3n Integral a la Discapacidad","publisher":{"@id":"https:\/\/caid.gob.do\/caid\/#organization"},"potentialAction":[{"@type":"SearchAction","target":{"@type":"EntryPoint","urlTemplate":"https:\/\/caid.gob.do\/caid\/?s={search_term_string}"},"query-input":{"@type":"PropertyValueSpecification","valueRequired":true,"valueName":"search_term_string"}}],"inLanguage":"es-DO"},{"@type":"Organization","@id":"https:\/\/caid.gob.do\/caid\/#organization","name":"Centro de Atenci\u00f3n Integral para la Discapacidad","url":"https:\/\/caid.gob.do\/caid\/","logo":{"@type":"ImageObject","inLanguage":"es-DO","@id":"https:\/\/caid.gob.do\/caid\/#\/schema\/logo\/image\/","url":"https:\/\/caid.gob.do\/caid\/wp-content\/uploads\/CAID-LOGOS-EN-PNG_Mesa-de-trabajo-1-2-1024x505-1.png","contentUrl":"https:\/\/caid.gob.do\/caid\/wp-content\/uploads\/CAID-LOGOS-EN-PNG_Mesa-de-trabajo-1-2-1024x505-1.png","width":1024,"height":505,"caption":"Centro de Atenci\u00f3n Integral para la Discapacidad"},"image":{"@id":"https:\/\/caid.gob.do\/caid\/#\/schema\/logo\/image\/"},"sameAs":["https:\/\/www.facebook.com\/redcaidrd","https:\/\/x.com\/CAIDRDO","https:\/\/www.instagram.com\/caidrd\/","https:\/\/www.youtube.com\/channel\/UCLnt-fnRlxQdgJQwjgWkrCg"]}]}},"jetpack_sharing_enabled":true,"_links":{"self":[{"href":"https:\/\/caid.gob.do\/caid\/wp-json\/wp\/v2\/pages\/13048","targetHints":{"allow":["GET"]}}],"collection":[{"href":"https:\/\/caid.gob.do\/caid\/wp-json\/wp\/v2\/pages"}],"about":[{"href":"https:\/\/caid.gob.do\/caid\/wp-json\/wp\/v2\/types\/page"}],"author":[{"embeddable":true,"href":"https:\/\/caid.gob.do\/caid\/wp-json\/wp\/v2\/users\/1"}],"replies":[{"embeddable":true,"href":"https:\/\/caid.gob.do\/caid\/wp-json\/wp\/v2\/comments?post=13048"}],"version-history":[{"count":58,"href":"https:\/\/caid.gob.do\/caid\/wp-json\/wp\/v2\/pages\/13048\/revisions"}],"predecessor-version":[{"id":19544,"href":"https:\/\/caid.gob.do\/caid\/wp-json\/wp\/v2\/pages\/13048\/revisions\/19544"}],"up":[{"embeddable":true,"href":"https:\/\/caid.gob.do\/caid\/wp-json\/wp\/v2\/pages\/116"}],"wp:attachment":[{"href":"https:\/\/caid.gob.do\/caid\/wp-json\/wp\/v2\/media?parent=13048"}],"curies":[{"name":"wp","href":"https:\/\/api.w.org\/{rel}","templated":true}]}}