{"id":133,"date":"2022-03-10T14:54:14","date_gmt":"2022-03-10T18:54:14","guid":{"rendered":"https:\/\/caid.gob.do\/?page_id=133"},"modified":"2024-04-04T09:32:01","modified_gmt":"2024-04-04T13:32:01","slug":"quienes-somos","status":"publish","type":"page","link":"https:\/\/caid.gob.do\/caid\/inicio\/sobre-nosotros\/quienes-somos\/","title":{"rendered":"Qui\u00e9nes somos"},"content":{"rendered":"\t\t<div data-elementor-type=\"wp-page\" data-elementor-id=\"133\" class=\"elementor elementor-133\" data-elementor-post-type=\"page\">\n\t\t\t\t<div class=\"elementor-element elementor-element-b9ad82b e-con-full e-flex e-con e-parent\" data-id=\"b9ad82b\" data-element_type=\"container\" data-e-type=\"container\">\n\t\t\t\t<div class=\"elementor-element elementor-element-96df8dd elementor-widget elementor-widget-text-editor\" data-id=\"96df8dd\" data-element_type=\"widget\" data-e-type=\"widget\" data-widget_type=\"text-editor.default\">\n\t\t\t\t<div class=\"elementor-widget-container\">\n\t\t\t\t\t\t\t\t\t<p>El Centro de Atenci\u00f3n Integral para la Discapacidad (CAID) es un \u00f3rgano desconcentrado, tanto funcional como territorialmente, adscrito al Ministerio de Educaci\u00f3n, con el objetivo de brindar un servicio integral de calidad en la evaluaci\u00f3n, diagn\u00f3stico y proceso terap\u00e9utico de los ni\u00f1os de cero a doce a\u00f1os con trastorno del espectro autista, s\u00edndrome de Down y par\u00e1lisis cerebral, que les permita alcanzar un mayor desarrollo posible de sus potencialidades y lograr su efectiva inserci\u00f3n educativa y social.<\/p><p style=\"color: #f26122;\" data-uw-styling-context=\"true\"><strong>MISI\u00d3N<\/strong><\/p><p>Potenciar el desarrollo de las habilidades de ni\u00f1os y ni\u00f1as con discapacidad, a trav\u00e9s de un servicio de atenci\u00f3n integral.<\/p><p style=\"color: #f26122;\" data-uw-styling-context=\"true\"><strong>VISI\u00d3N<\/strong><\/p><p data-uw-styling-context=\"true\">Instituci\u00f3n modelo de atenci\u00f3n integral a ni\u00f1os y ni\u00f1as con discapacidad, con cobertura a nivel nacional, brindando un servicio oportuno, pertinente e innovador.<\/p><p style=\"color: #f26122;\" data-uw-styling-context=\"true\"><strong>VALORES<\/strong><\/p><ul><li data-uw-styling-context=\"true\"><strong>Compromiso<\/strong>. Realizamos con esmero y dedicaci\u00f3n las responsabilidades\u00a0 contra\u00eddas, excediendo siempre las expectativas, relacionadas con la satisfacci\u00f3n de las necesidades de nuestros usuarios y la instituci\u00f3n<\/li><li><strong>Inclusi\u00f3n<\/strong>. Tratamos a nuestros colaboradores y usuarios con sentido de igualdad y equidad, damos a todos las mismas oportunidades, no discriminamos a nadie por ninguna condici\u00f3n.<\/li><li><strong>Respeto<\/strong>. Tratamos con comprensi\u00f3n y aceptaci\u00f3n a las familias y a nuestros colaboradores, valorando, sin prejuicio, a las personas como seres humanos con derechos y deberes.<\/li><\/ul><p><br class=\"blank\" \/>Adicional a los valores institucionales, en el CAID tambi\u00e9n asumimos los valores transversales a la Administraci\u00f3n P\u00fablica:<\/p><ul><li><strong>Integridad<\/strong><\/li><li><strong>Lealtad<\/strong><\/li><\/ul><ul><li><strong>Equidad<\/strong><\/li><\/ul><ul><li><strong>Tolerancia<\/strong><\/li><\/ul><ul><li><strong>Transparencia<\/strong><\/li><\/ul><ul><li><strong>Discreci\u00f3n<\/strong><\/li><\/ul>\t\t\t\t\t\t\t\t<\/div>\n\t\t\t\t<\/div>\n\t\t\t\t<\/div>\n\t\t\t\t<\/div>\n\t\t","protected":false},"excerpt":{"rendered":"<p>El Centro de Atenci\u00f3n Integral para la Discapacidad (CAID) es un \u00f3rgano desconcentrado, tanto funcional como territorialmente, adscrito al Ministerio de Educaci\u00f3n, con el objetivo de brindar un servicio integral de calidad en la evaluaci\u00f3n, diagn\u00f3stico y proceso terap\u00e9utico de los ni\u00f1os de cero a doce a\u00f1os con trastorno del espectro autista, s\u00edndrome de Down [&hellip;]<\/p>\n","protected":false},"author":1,"featured_media":0,"parent":2442,"menu_order":0,"comment_status":"closed","ping_status":"closed","template":"","meta":{"_acf_changed":false,"footnotes":""},"class_list":["post-133","page","type-page","status-publish","hentry"],"acf":[],"yoast_head":"<!-- This site is optimized with the Yoast SEO plugin v27.0 - https:\/\/yoast.com\/product\/yoast-seo-wordpress\/ -->\r\n<title>Qui\u00e9nes somos - CAID<\/title>\r\n<meta name=\"robots\" content=\"index, follow, max-snippet:-1, max-image-preview:large, max-video-preview:-1\" \/>\r\n<link rel=\"canonical\" href=\"https:\/\/caid.gob.do\/caid\/inicio\/sobre-nosotros\/quienes-somos\/\" \/>\r\n<meta property=\"og:locale\" content=\"es_ES\" \/>\r\n<meta property=\"og:type\" content=\"article\" \/>\r\n<meta property=\"og:title\" content=\"Qui\u00e9nes somos - CAID\" \/>\r\n<meta property=\"og:description\" content=\"El Centro de Atenci\u00f3n Integral para la Discapacidad (CAID) es un \u00f3rgano desconcentrado, tanto funcional como territorialmente, adscrito al Ministerio de Educaci\u00f3n, con el objetivo de brindar un servicio integral de calidad en la evaluaci\u00f3n, diagn\u00f3stico y proceso terap\u00e9utico de los ni\u00f1os de cero a doce a\u00f1os con trastorno del espectro autista, s\u00edndrome de Down [&hellip;]\" \/>\r\n<meta property=\"og:url\" content=\"https:\/\/caid.gob.do\/caid\/inicio\/sobre-nosotros\/quienes-somos\/\" \/>\r\n<meta property=\"og:site_name\" content=\"CAID\" \/>\r\n<meta property=\"article:publisher\" content=\"https:\/\/www.facebook.com\/redcaidrd\" \/>\r\n<meta property=\"article:modified_time\" content=\"2024-04-04T13:32:01+00:00\" \/>\r\n<meta property=\"og:image\" content=\"https:\/\/caid.gob.do\/caid\/wp-content\/uploads\/caid-fachada-oeste-2-e1661787876735.jpeg\" \/>\r\n\t<meta property=\"og:image:width\" content=\"1280\" \/>\r\n\t<meta property=\"og:image:height\" content=\"528\" \/>\r\n\t<meta property=\"og:image:type\" content=\"image\/jpeg\" \/>\r\n<meta name=\"twitter:card\" content=\"summary_large_image\" \/>\r\n<meta name=\"twitter:site\" content=\"@CAIDRDO\" \/>\r\n<meta name=\"twitter:label1\" content=\"Est. reading time\" \/>\n\t<meta name=\"twitter:data1\" content=\"2 minutos\" \/>\r\n<script type=\"application\/ld+json\" class=\"yoast-schema-graph\">{\"@context\":\"https:\/\/schema.org\",\"@graph\":[{\"@type\":\"WebPage\",\"@id\":\"https:\/\/caid.gob.do\/caid\/inicio\/sobre-nosotros\/quienes-somos\/\",\"url\":\"https:\/\/caid.gob.do\/caid\/inicio\/sobre-nosotros\/quienes-somos\/\",\"name\":\"Qui\u00e9nes somos - CAID\",\"isPartOf\":{\"@id\":\"https:\/\/caid.gob.do\/caid\/#website\"},\"datePublished\":\"2022-03-10T18:54:14+00:00\",\"dateModified\":\"2024-04-04T13:32:01+00:00\",\"breadcrumb\":{\"@id\":\"https:\/\/caid.gob.do\/caid\/inicio\/sobre-nosotros\/quienes-somos\/#breadcrumb\"},\"inLanguage\":\"es-DO\",\"potentialAction\":[{\"@type\":\"ReadAction\",\"target\":[\"https:\/\/caid.gob.do\/caid\/inicio\/sobre-nosotros\/quienes-somos\/\"]}]},{\"@type\":\"BreadcrumbList\",\"@id\":\"https:\/\/caid.gob.do\/caid\/inicio\/sobre-nosotros\/quienes-somos\/#breadcrumb\",\"itemListElement\":[{\"@type\":\"ListItem\",\"position\":1,\"name\":\"Est\u00e1s aqu\u00ed:\",\"item\":\"https:\/\/caid.gob.do\/caid\/\"},{\"@type\":\"ListItem\",\"position\":2,\"name\":\"Inicio\",\"item\":\"https:\/\/caid.gob.do\/caid\/\"},{\"@type\":\"ListItem\",\"position\":3,\"name\":\"Sobre nosotros\",\"item\":\"https:\/\/caid.gob.do\/caid\/pagina-de-inicio\/sobre-nosotros\/\"},{\"@type\":\"ListItem\",\"position\":4,\"name\":\"Qui\u00e9nes somos\"}]},{\"@type\":\"WebSite\",\"@id\":\"https:\/\/caid.gob.do\/caid\/#website\",\"url\":\"https:\/\/caid.gob.do\/caid\/\",\"name\":\"CAID\",\"description\":\"Centro de Atenci\u00f3n Integral a la Discapacidad\",\"publisher\":{\"@id\":\"https:\/\/caid.gob.do\/caid\/#organization\"},\"potentialAction\":[{\"@type\":\"SearchAction\",\"target\":{\"@type\":\"EntryPoint\",\"urlTemplate\":\"https:\/\/caid.gob.do\/caid\/?s={search_term_string}\"},\"query-input\":{\"@type\":\"PropertyValueSpecification\",\"valueRequired\":true,\"valueName\":\"search_term_string\"}}],\"inLanguage\":\"es-DO\"},{\"@type\":\"Organization\",\"@id\":\"https:\/\/caid.gob.do\/caid\/#organization\",\"name\":\"Centro de Atenci\u00f3n Integral para la Discapacidad\",\"url\":\"https:\/\/caid.gob.do\/caid\/\",\"logo\":{\"@type\":\"ImageObject\",\"inLanguage\":\"es-DO\",\"@id\":\"https:\/\/caid.gob.do\/caid\/#\/schema\/logo\/image\/\",\"url\":\"https:\/\/caid.gob.do\/caid\/wp-content\/uploads\/CAID-LOGOS-EN-PNG_Mesa-de-trabajo-1-2-1024x505-1.png\",\"contentUrl\":\"https:\/\/caid.gob.do\/caid\/wp-content\/uploads\/CAID-LOGOS-EN-PNG_Mesa-de-trabajo-1-2-1024x505-1.png\",\"width\":1024,\"height\":505,\"caption\":\"Centro de Atenci\u00f3n Integral para la Discapacidad\"},\"image\":{\"@id\":\"https:\/\/caid.gob.do\/caid\/#\/schema\/logo\/image\/\"},\"sameAs\":[\"https:\/\/www.facebook.com\/redcaidrd\",\"https:\/\/x.com\/CAIDRDO\",\"https:\/\/www.instagram.com\/caidrd\/\",\"https:\/\/www.youtube.com\/channel\/UCLnt-fnRlxQdgJQwjgWkrCg\"]}]}<\/script>\r\n<!-- \/ Yoast SEO plugin. -->","yoast_head_json":{"title":"Qui\u00e9nes somos - CAID","robots":{"index":"index","follow":"follow","max-snippet":"max-snippet:-1","max-image-preview":"max-image-preview:large","max-video-preview":"max-video-preview:-1"},"canonical":"https:\/\/caid.gob.do\/caid\/inicio\/sobre-nosotros\/quienes-somos\/","og_locale":"es_ES","og_type":"article","og_title":"Qui\u00e9nes somos - CAID","og_description":"El Centro de Atenci\u00f3n Integral para la Discapacidad (CAID) es un \u00f3rgano desconcentrado, tanto funcional como territorialmente, adscrito al Ministerio de Educaci\u00f3n, con el objetivo de brindar un servicio integral de calidad en la evaluaci\u00f3n, diagn\u00f3stico y proceso terap\u00e9utico de los ni\u00f1os de cero a doce a\u00f1os con trastorno del espectro autista, s\u00edndrome de Down [&hellip;]","og_url":"https:\/\/caid.gob.do\/caid\/inicio\/sobre-nosotros\/quienes-somos\/","og_site_name":"CAID","article_publisher":"https:\/\/www.facebook.com\/redcaidrd","article_modified_time":"2024-04-04T13:32:01+00:00","og_image":[{"width":1280,"height":528,"url":"https:\/\/caid.gob.do\/caid\/wp-content\/uploads\/caid-fachada-oeste-2-e1661787876735.jpeg","type":"image\/jpeg"}],"twitter_card":"summary_large_image","twitter_site":"@CAIDRDO","twitter_misc":{"Est. reading time":"2 minutos"},"schema":{"@context":"https:\/\/schema.org","@graph":[{"@type":"WebPage","@id":"https:\/\/caid.gob.do\/caid\/inicio\/sobre-nosotros\/quienes-somos\/","url":"https:\/\/caid.gob.do\/caid\/inicio\/sobre-nosotros\/quienes-somos\/","name":"Qui\u00e9nes somos - CAID","isPartOf":{"@id":"https:\/\/caid.gob.do\/caid\/#website"},"datePublished":"2022-03-10T18:54:14+00:00","dateModified":"2024-04-04T13:32:01+00:00","breadcrumb":{"@id":"https:\/\/caid.gob.do\/caid\/inicio\/sobre-nosotros\/quienes-somos\/#breadcrumb"},"inLanguage":"es-DO","potentialAction":[{"@type":"ReadAction","target":["https:\/\/caid.gob.do\/caid\/inicio\/sobre-nosotros\/quienes-somos\/"]}]},{"@type":"BreadcrumbList","@id":"https:\/\/caid.gob.do\/caid\/inicio\/sobre-nosotros\/quienes-somos\/#breadcrumb","itemListElement":[{"@type":"ListItem","position":1,"name":"Est\u00e1s aqu\u00ed:","item":"https:\/\/caid.gob.do\/caid\/"},{"@type":"ListItem","position":2,"name":"Inicio","item":"https:\/\/caid.gob.do\/caid\/"},{"@type":"ListItem","position":3,"name":"Sobre nosotros","item":"https:\/\/caid.gob.do\/caid\/pagina-de-inicio\/sobre-nosotros\/"},{"@type":"ListItem","position":4,"name":"Qui\u00e9nes somos"}]},{"@type":"WebSite","@id":"https:\/\/caid.gob.do\/caid\/#website","url":"https:\/\/caid.gob.do\/caid\/","name":"CAID","description":"Centro de Atenci\u00f3n Integral a la Discapacidad","publisher":{"@id":"https:\/\/caid.gob.do\/caid\/#organization"},"potentialAction":[{"@type":"SearchAction","target":{"@type":"EntryPoint","urlTemplate":"https:\/\/caid.gob.do\/caid\/?s={search_term_string}"},"query-input":{"@type":"PropertyValueSpecification","valueRequired":true,"valueName":"search_term_string"}}],"inLanguage":"es-DO"},{"@type":"Organization","@id":"https:\/\/caid.gob.do\/caid\/#organization","name":"Centro de Atenci\u00f3n Integral para la Discapacidad","url":"https:\/\/caid.gob.do\/caid\/","logo":{"@type":"ImageObject","inLanguage":"es-DO","@id":"https:\/\/caid.gob.do\/caid\/#\/schema\/logo\/image\/","url":"https:\/\/caid.gob.do\/caid\/wp-content\/uploads\/CAID-LOGOS-EN-PNG_Mesa-de-trabajo-1-2-1024x505-1.png","contentUrl":"https:\/\/caid.gob.do\/caid\/wp-content\/uploads\/CAID-LOGOS-EN-PNG_Mesa-de-trabajo-1-2-1024x505-1.png","width":1024,"height":505,"caption":"Centro de Atenci\u00f3n Integral para la Discapacidad"},"image":{"@id":"https:\/\/caid.gob.do\/caid\/#\/schema\/logo\/image\/"},"sameAs":["https:\/\/www.facebook.com\/redcaidrd","https:\/\/x.com\/CAIDRDO","https:\/\/www.instagram.com\/caidrd\/","https:\/\/www.youtube.com\/channel\/UCLnt-fnRlxQdgJQwjgWkrCg"]}]}},"jetpack_sharing_enabled":true,"_links":{"self":[{"href":"https:\/\/caid.gob.do\/caid\/wp-json\/wp\/v2\/pages\/133","targetHints":{"allow":["GET"]}}],"collection":[{"href":"https:\/\/caid.gob.do\/caid\/wp-json\/wp\/v2\/pages"}],"about":[{"href":"https:\/\/caid.gob.do\/caid\/wp-json\/wp\/v2\/types\/page"}],"author":[{"embeddable":true,"href":"https:\/\/caid.gob.do\/caid\/wp-json\/wp\/v2\/users\/1"}],"replies":[{"embeddable":true,"href":"https:\/\/caid.gob.do\/caid\/wp-json\/wp\/v2\/comments?post=133"}],"version-history":[{"count":88,"href":"https:\/\/caid.gob.do\/caid\/wp-json\/wp\/v2\/pages\/133\/revisions"}],"predecessor-version":[{"id":16701,"href":"https:\/\/caid.gob.do\/caid\/wp-json\/wp\/v2\/pages\/133\/revisions\/16701"}],"up":[{"embeddable":true,"href":"https:\/\/caid.gob.do\/caid\/wp-json\/wp\/v2\/pages\/2442"}],"wp:attachment":[{"href":"https:\/\/caid.gob.do\/caid\/wp-json\/wp\/v2\/media?parent=133"}],"curies":[{"name":"wp","href":"https:\/\/api.w.org\/{rel}","templated":true}]}}