{"id":14606,"date":"2023-10-16T10:02:45","date_gmt":"2023-10-16T14:02:45","guid":{"rendered":"https:\/\/caid.gob.do\/caid\/?page_id=14606"},"modified":"2025-12-08T15:47:02","modified_gmt":"2025-12-08T19:47:02","slug":"despacho-del-director","status":"publish","type":"page","link":"https:\/\/caid.gob.do\/caid\/inicio\/sobre-nosotros\/despacho-del-director\/","title":{"rendered":"Despacho del director"},"content":{"rendered":"\t\t<div data-elementor-type=\"wp-page\" data-elementor-id=\"14606\" class=\"elementor elementor-14606\" data-elementor-post-type=\"page\">\n\t\t\t\t<div class=\"elementor-element elementor-element-605ab070 e-flex e-con-boxed e-con e-parent\" data-id=\"605ab070\" data-element_type=\"container\" data-e-type=\"container\">\n\t\t\t\t\t<div class=\"e-con-inner\">\n\t\t\t\t<div class=\"elementor-element elementor-element-6199d793 elementor-widget elementor-widget-text-editor\" data-id=\"6199d793\" data-element_type=\"widget\" data-e-type=\"widget\" data-widget_type=\"text-editor.default\">\n\t\t\t\t<div class=\"elementor-widget-container\">\n\t\t\t\t\t\t\t\t\t\n<p style=\"text-align: left;\"><img loading=\"lazy\" decoding=\"async\" class=\"alignleft wp-image-14778\" src=\"https:\/\/caid.gob.do\/caid\/wp-content\/uploads\/perfil-dir-medico-Fernando-Jose-Benoit.jpg\" alt=\"\" width=\"400\" height=\"566\" \/><\/p>\n<p>El doctor Fernando Jos\u00e9 Benoit Pe\u00f1a fue nombrado director nacional del Centro de Atenci\u00f3n Integral para la Discapacidad (CAID) mediante decreto 575-25 emitido por el presidente Luis Abinader Corona el 3 de octubre del a\u00f1o 2025.<\/p>\n<p>Fernando Benoit obtuvo el t\u00edtulo de doctor en Medicina en 2001 por la Pontificia Universidad Cat\u00f3lica Madre y Maestra (PUCMM).<\/p>\n<p>Trabaj\u00f3 como miembro de la Unidad M\u00e9dica del Aeropuerto Internacional del Cibao y colabor\u00f3 en la ejecuci\u00f3n del primer simulacro general para la habilitaci\u00f3n de dicha terminal a\u00e9rea.<\/p>\n<p>En el a\u00f1o 2005 ingres\u00f3 al sistema de residencias m\u00e9dicas del Hospital Cabral y B\u00e1ez para realizar la especialidad en el departamento de Ortopedia y Traumatolog\u00eda, donde obtuvo el grado de mag\u00edster en Ortopedia y Traumatolog\u00eda.<\/p>\n<p>En 2009 se traslad\u00f3 a la ciudad de Lima, Per\u00fa donde realiz\u00f3 la subespecialidad de Cirug\u00eda de Rodilla y Medicina Deportiva, en el Hospital Edgardo Rebagliati Martins.<\/p>\n<p>En 2010 regres\u00f3 al pa\u00eds e inici\u00f3 su pr\u00e1ctica m\u00e9dica privada en el Centro de Ortopedia y subespecialidades Dr. P\u00e9rez Sim\u00f3, de la Cl\u00ednica Dr. Bonilla, y a nivel p\u00fablico como ortopeda en el subcentro de Salud integral de Bella Vista, en la ciudad de Santiago.<\/p>\n<p>Realiz\u00f3 el curso Principios y pr\u00e1ctica de la investigaci\u00f3n cl\u00ednica (PPCR, por su sigla en ingl\u00e9s) en colaboraci\u00f3n con la Escuela de Salud P\u00fablica Harvard T.H Cha, dirigido por el famoso profesor neuroinvestigador Felipe Fregni.<\/p>\n<p>Ha participado como conferencista en congresos nacionales e intencionales sobre Ortopedia y Traumatolog\u00eda.<\/p>\n<p>Fue presidente del Cap\u00edtulo de Artroscopia de Santiago durante el periodo 2012-2014. Tambi\u00e9n fue presidente de la Sociedad de Ortopedia y Traumatolog\u00eda Regional Norte y es profesor honor\u00edfico de la residencia m\u00e9dica de Ortopedia y traumatolog\u00eda del Hospital Cabral y B\u00e1ez.<\/p>\n<p>Es miembro de sociedades m\u00e9dicas internacionales:<\/p>\n<p>\u00b7 International Society of Arthroscopy, Knee Surgery and Orthopaedic Sports Medicine (ISAKOS).<\/p>\n<p>\u00b7 American academy of Orthopaedic Surgeons (AAOS).<\/p>\n<p>\u00b7 Arthroscopy Association of North America (AANA).<\/p>\n<p>Actualmente es estudiante de t\u00e9rmino de la carrera de Psicolog\u00eda Cl\u00ednica, en la Universidad Abierta Para Adultos (UAPA), en Santiago.<\/p>\n\t\t\t\t\t\t\t\t<\/div>\n\t\t\t\t<\/div>\n\t\t\t\t\t<\/div>\n\t\t\t\t<\/div>\n\t\t\t\t<\/div>\n\t\t","protected":false},"excerpt":{"rendered":"<p>El doctor Fernando Jos\u00e9 Benoit Pe\u00f1a fue nombrado director nacional del Centro de Atenci\u00f3n Integral para la Discapacidad (CAID) mediante decreto 575-25 emitido por el presidente Luis Abinader Corona el 3 de octubre del a\u00f1o 2025.<\/p>\n<p>Fernando Benoit obtuvo el t\u00edtulo de doctor en Medicina en 2001 por la Pontificia Universidad Cat\u00f3lica Madre y Maestra (PUCMM).<\/p>\n","protected":false},"author":13,"featured_media":23011,"parent":2442,"menu_order":0,"comment_status":"closed","ping_status":"closed","template":"","meta":{"_acf_changed":false,"footnotes":""},"class_list":["post-14606","page","type-page","status-publish","has-post-thumbnail","hentry"],"acf":[],"yoast_head":"<!-- This site is optimized with the Yoast SEO plugin v27.0 - https:\/\/yoast.com\/product\/yoast-seo-wordpress\/ -->\r\n<title>Despacho del director - CAID<\/title>\r\n<meta name=\"robots\" content=\"index, follow, max-snippet:-1, max-image-preview:large, max-video-preview:-1\" \/>\r\n<link rel=\"canonical\" href=\"https:\/\/caid.gob.do\/caid\/inicio\/sobre-nosotros\/despacho-del-director\/\" \/>\r\n<meta property=\"og:locale\" content=\"es_ES\" \/>\r\n<meta property=\"og:type\" content=\"article\" \/>\r\n<meta property=\"og:title\" content=\"Despacho del director - CAID\" \/>\r\n<meta property=\"og:description\" content=\"El doctor Fernando Jos\u00e9 Benoit Pe\u00f1a fue nombrado director nacional del Centro de Atenci\u00f3n Integral para la Discapacidad (CAID) mediante decreto 575-25 emitido por el presidente Luis Abinader Corona el 3 de octubre del a\u00f1o 2025. Fernando Benoit obtuvo el t\u00edtulo de doctor en Medicina en 2001 por la Pontificia Universidad Cat\u00f3lica Madre y Maestra (PUCMM).\" \/>\r\n<meta property=\"og:url\" content=\"https:\/\/caid.gob.do\/caid\/inicio\/sobre-nosotros\/despacho-del-director\/\" \/>\r\n<meta property=\"og:site_name\" content=\"CAID\" \/>\r\n<meta property=\"article:publisher\" content=\"https:\/\/www.facebook.com\/redcaidrd\" \/>\r\n<meta property=\"article:modified_time\" content=\"2025-12-08T19:47:02+00:00\" \/>\r\n<meta property=\"og:image\" content=\"https:\/\/caid.gob.do\/caid\/wp-content\/uploads\/Director-nacional-para-web.png\" \/>\r\n\t<meta property=\"og:image:width\" content=\"419\" \/>\r\n\t<meta property=\"og:image:height\" content=\"592\" \/>\r\n\t<meta property=\"og:image:type\" content=\"image\/png\" \/>\r\n<meta name=\"twitter:card\" content=\"summary_large_image\" \/>\r\n<meta name=\"twitter:site\" content=\"@CAIDRDO\" \/>\r\n<meta name=\"twitter:label1\" content=\"Est. reading time\" \/>\n\t<meta name=\"twitter:data1\" content=\"2 minutos\" \/>\r\n<script type=\"application\/ld+json\" class=\"yoast-schema-graph\">{\"@context\":\"https:\/\/schema.org\",\"@graph\":[{\"@type\":\"WebPage\",\"@id\":\"https:\/\/caid.gob.do\/caid\/inicio\/sobre-nosotros\/despacho-del-director\/\",\"url\":\"https:\/\/caid.gob.do\/caid\/inicio\/sobre-nosotros\/despacho-del-director\/\",\"name\":\"Despacho del director - CAID\",\"isPartOf\":{\"@id\":\"https:\/\/caid.gob.do\/caid\/#website\"},\"primaryImageOfPage\":{\"@id\":\"https:\/\/caid.gob.do\/caid\/inicio\/sobre-nosotros\/despacho-del-director\/#primaryimage\"},\"image\":{\"@id\":\"https:\/\/caid.gob.do\/caid\/inicio\/sobre-nosotros\/despacho-del-director\/#primaryimage\"},\"thumbnailUrl\":\"https:\/\/caid.gob.do\/caid\/wp-content\/uploads\/Director-nacional-para-web.png\",\"datePublished\":\"2023-10-16T14:02:45+00:00\",\"dateModified\":\"2025-12-08T19:47:02+00:00\",\"breadcrumb\":{\"@id\":\"https:\/\/caid.gob.do\/caid\/inicio\/sobre-nosotros\/despacho-del-director\/#breadcrumb\"},\"inLanguage\":\"es-DO\",\"potentialAction\":[{\"@type\":\"ReadAction\",\"target\":[\"https:\/\/caid.gob.do\/caid\/inicio\/sobre-nosotros\/despacho-del-director\/\"]}]},{\"@type\":\"ImageObject\",\"inLanguage\":\"es-DO\",\"@id\":\"https:\/\/caid.gob.do\/caid\/inicio\/sobre-nosotros\/despacho-del-director\/#primaryimage\",\"url\":\"https:\/\/caid.gob.do\/caid\/wp-content\/uploads\/Director-nacional-para-web.png\",\"contentUrl\":\"https:\/\/caid.gob.do\/caid\/wp-content\/uploads\/Director-nacional-para-web.png\",\"width\":419,\"height\":592},{\"@type\":\"BreadcrumbList\",\"@id\":\"https:\/\/caid.gob.do\/caid\/inicio\/sobre-nosotros\/despacho-del-director\/#breadcrumb\",\"itemListElement\":[{\"@type\":\"ListItem\",\"position\":1,\"name\":\"Est\u00e1s aqu\u00ed:\",\"item\":\"https:\/\/caid.gob.do\/caid\/\"},{\"@type\":\"ListItem\",\"position\":2,\"name\":\"Inicio\",\"item\":\"https:\/\/caid.gob.do\/caid\/\"},{\"@type\":\"ListItem\",\"position\":3,\"name\":\"Sobre nosotros\",\"item\":\"https:\/\/caid.gob.do\/caid\/pagina-de-inicio\/sobre-nosotros\/\"},{\"@type\":\"ListItem\",\"position\":4,\"name\":\"Despacho del director\"}]},{\"@type\":\"WebSite\",\"@id\":\"https:\/\/caid.gob.do\/caid\/#website\",\"url\":\"https:\/\/caid.gob.do\/caid\/\",\"name\":\"CAID\",\"description\":\"Centro de Atenci\u00f3n Integral a la Discapacidad\",\"publisher\":{\"@id\":\"https:\/\/caid.gob.do\/caid\/#organization\"},\"potentialAction\":[{\"@type\":\"SearchAction\",\"target\":{\"@type\":\"EntryPoint\",\"urlTemplate\":\"https:\/\/caid.gob.do\/caid\/?s={search_term_string}\"},\"query-input\":{\"@type\":\"PropertyValueSpecification\",\"valueRequired\":true,\"valueName\":\"search_term_string\"}}],\"inLanguage\":\"es-DO\"},{\"@type\":\"Organization\",\"@id\":\"https:\/\/caid.gob.do\/caid\/#organization\",\"name\":\"Centro de Atenci\u00f3n Integral para la Discapacidad\",\"url\":\"https:\/\/caid.gob.do\/caid\/\",\"logo\":{\"@type\":\"ImageObject\",\"inLanguage\":\"es-DO\",\"@id\":\"https:\/\/caid.gob.do\/caid\/#\/schema\/logo\/image\/\",\"url\":\"https:\/\/caid.gob.do\/caid\/wp-content\/uploads\/CAID-LOGOS-EN-PNG_Mesa-de-trabajo-1-2-1024x505-1.png\",\"contentUrl\":\"https:\/\/caid.gob.do\/caid\/wp-content\/uploads\/CAID-LOGOS-EN-PNG_Mesa-de-trabajo-1-2-1024x505-1.png\",\"width\":1024,\"height\":505,\"caption\":\"Centro de Atenci\u00f3n Integral para la Discapacidad\"},\"image\":{\"@id\":\"https:\/\/caid.gob.do\/caid\/#\/schema\/logo\/image\/\"},\"sameAs\":[\"https:\/\/www.facebook.com\/redcaidrd\",\"https:\/\/x.com\/CAIDRDO\",\"https:\/\/www.instagram.com\/caidrd\/\",\"https:\/\/www.youtube.com\/channel\/UCLnt-fnRlxQdgJQwjgWkrCg\"]}]}<\/script>\r\n<!-- \/ Yoast SEO plugin. -->","yoast_head_json":{"title":"Despacho del director - CAID","robots":{"index":"index","follow":"follow","max-snippet":"max-snippet:-1","max-image-preview":"max-image-preview:large","max-video-preview":"max-video-preview:-1"},"canonical":"https:\/\/caid.gob.do\/caid\/inicio\/sobre-nosotros\/despacho-del-director\/","og_locale":"es_ES","og_type":"article","og_title":"Despacho del director - CAID","og_description":"El doctor Fernando Jos\u00e9 Benoit Pe\u00f1a fue nombrado director nacional del Centro de Atenci\u00f3n Integral para la Discapacidad (CAID) mediante decreto 575-25 emitido por el presidente Luis Abinader Corona el 3 de octubre del a\u00f1o 2025. Fernando Benoit obtuvo el t\u00edtulo de doctor en Medicina en 2001 por la Pontificia Universidad Cat\u00f3lica Madre y Maestra (PUCMM).","og_url":"https:\/\/caid.gob.do\/caid\/inicio\/sobre-nosotros\/despacho-del-director\/","og_site_name":"CAID","article_publisher":"https:\/\/www.facebook.com\/redcaidrd","article_modified_time":"2025-12-08T19:47:02+00:00","og_image":[{"width":419,"height":592,"url":"https:\/\/caid.gob.do\/caid\/wp-content\/uploads\/Director-nacional-para-web.png","type":"image\/png"}],"twitter_card":"summary_large_image","twitter_site":"@CAIDRDO","twitter_misc":{"Est. reading time":"2 minutos"},"schema":{"@context":"https:\/\/schema.org","@graph":[{"@type":"WebPage","@id":"https:\/\/caid.gob.do\/caid\/inicio\/sobre-nosotros\/despacho-del-director\/","url":"https:\/\/caid.gob.do\/caid\/inicio\/sobre-nosotros\/despacho-del-director\/","name":"Despacho del director - CAID","isPartOf":{"@id":"https:\/\/caid.gob.do\/caid\/#website"},"primaryImageOfPage":{"@id":"https:\/\/caid.gob.do\/caid\/inicio\/sobre-nosotros\/despacho-del-director\/#primaryimage"},"image":{"@id":"https:\/\/caid.gob.do\/caid\/inicio\/sobre-nosotros\/despacho-del-director\/#primaryimage"},"thumbnailUrl":"https:\/\/caid.gob.do\/caid\/wp-content\/uploads\/Director-nacional-para-web.png","datePublished":"2023-10-16T14:02:45+00:00","dateModified":"2025-12-08T19:47:02+00:00","breadcrumb":{"@id":"https:\/\/caid.gob.do\/caid\/inicio\/sobre-nosotros\/despacho-del-director\/#breadcrumb"},"inLanguage":"es-DO","potentialAction":[{"@type":"ReadAction","target":["https:\/\/caid.gob.do\/caid\/inicio\/sobre-nosotros\/despacho-del-director\/"]}]},{"@type":"ImageObject","inLanguage":"es-DO","@id":"https:\/\/caid.gob.do\/caid\/inicio\/sobre-nosotros\/despacho-del-director\/#primaryimage","url":"https:\/\/caid.gob.do\/caid\/wp-content\/uploads\/Director-nacional-para-web.png","contentUrl":"https:\/\/caid.gob.do\/caid\/wp-content\/uploads\/Director-nacional-para-web.png","width":419,"height":592},{"@type":"BreadcrumbList","@id":"https:\/\/caid.gob.do\/caid\/inicio\/sobre-nosotros\/despacho-del-director\/#breadcrumb","itemListElement":[{"@type":"ListItem","position":1,"name":"Est\u00e1s aqu\u00ed:","item":"https:\/\/caid.gob.do\/caid\/"},{"@type":"ListItem","position":2,"name":"Inicio","item":"https:\/\/caid.gob.do\/caid\/"},{"@type":"ListItem","position":3,"name":"Sobre nosotros","item":"https:\/\/caid.gob.do\/caid\/pagina-de-inicio\/sobre-nosotros\/"},{"@type":"ListItem","position":4,"name":"Despacho del director"}]},{"@type":"WebSite","@id":"https:\/\/caid.gob.do\/caid\/#website","url":"https:\/\/caid.gob.do\/caid\/","name":"CAID","description":"Centro de Atenci\u00f3n Integral a la Discapacidad","publisher":{"@id":"https:\/\/caid.gob.do\/caid\/#organization"},"potentialAction":[{"@type":"SearchAction","target":{"@type":"EntryPoint","urlTemplate":"https:\/\/caid.gob.do\/caid\/?s={search_term_string}"},"query-input":{"@type":"PropertyValueSpecification","valueRequired":true,"valueName":"search_term_string"}}],"inLanguage":"es-DO"},{"@type":"Organization","@id":"https:\/\/caid.gob.do\/caid\/#organization","name":"Centro de Atenci\u00f3n Integral para la Discapacidad","url":"https:\/\/caid.gob.do\/caid\/","logo":{"@type":"ImageObject","inLanguage":"es-DO","@id":"https:\/\/caid.gob.do\/caid\/#\/schema\/logo\/image\/","url":"https:\/\/caid.gob.do\/caid\/wp-content\/uploads\/CAID-LOGOS-EN-PNG_Mesa-de-trabajo-1-2-1024x505-1.png","contentUrl":"https:\/\/caid.gob.do\/caid\/wp-content\/uploads\/CAID-LOGOS-EN-PNG_Mesa-de-trabajo-1-2-1024x505-1.png","width":1024,"height":505,"caption":"Centro de Atenci\u00f3n Integral para la Discapacidad"},"image":{"@id":"https:\/\/caid.gob.do\/caid\/#\/schema\/logo\/image\/"},"sameAs":["https:\/\/www.facebook.com\/redcaidrd","https:\/\/x.com\/CAIDRDO","https:\/\/www.instagram.com\/caidrd\/","https:\/\/www.youtube.com\/channel\/UCLnt-fnRlxQdgJQwjgWkrCg"]}]}},"jetpack_sharing_enabled":true,"_links":{"self":[{"href":"https:\/\/caid.gob.do\/caid\/wp-json\/wp\/v2\/pages\/14606","targetHints":{"allow":["GET"]}}],"collection":[{"href":"https:\/\/caid.gob.do\/caid\/wp-json\/wp\/v2\/pages"}],"about":[{"href":"https:\/\/caid.gob.do\/caid\/wp-json\/wp\/v2\/types\/page"}],"author":[{"embeddable":true,"href":"https:\/\/caid.gob.do\/caid\/wp-json\/wp\/v2\/users\/13"}],"replies":[{"embeddable":true,"href":"https:\/\/caid.gob.do\/caid\/wp-json\/wp\/v2\/comments?post=14606"}],"version-history":[{"count":42,"href":"https:\/\/caid.gob.do\/caid\/wp-json\/wp\/v2\/pages\/14606\/revisions"}],"predecessor-version":[{"id":23141,"href":"https:\/\/caid.gob.do\/caid\/wp-json\/wp\/v2\/pages\/14606\/revisions\/23141"}],"up":[{"embeddable":true,"href":"https:\/\/caid.gob.do\/caid\/wp-json\/wp\/v2\/pages\/2442"}],"wp:featuredmedia":[{"embeddable":true,"href":"https:\/\/caid.gob.do\/caid\/wp-json\/wp\/v2\/media\/23011"}],"wp:attachment":[{"href":"https:\/\/caid.gob.do\/caid\/wp-json\/wp\/v2\/media?parent=14606"}],"curies":[{"name":"wp","href":"https:\/\/api.w.org\/{rel}","templated":true}]}}