{"id":14731,"date":"2023-10-17T08:25:05","date_gmt":"2023-10-17T12:25:05","guid":{"rendered":"https:\/\/caid.gob.do\/caid\/?page_id=14731"},"modified":"2024-04-04T10:07:42","modified_gmt":"2024-04-04T14:07:42","slug":"p-jorge-william-hernandez-diaz-sj-presidente","status":"publish","type":"page","link":"https:\/\/caid.gob.do\/caid\/inicio\/sobre-nosotros\/consejo-de-directivos\/p-jorge-william-hernandez-diaz-sj-presidente\/","title":{"rendered":"P. Jorge William Hern\u00e1ndez D\u00edaz, SJ -Presidente-"},"content":{"rendered":"\t\t<div data-elementor-type=\"wp-page\" data-elementor-id=\"14731\" class=\"elementor elementor-14731\" data-elementor-post-type=\"page\">\n\t\t\t\t<div class=\"elementor-element elementor-element-37554ad e-con-full e-flex e-con e-parent\" data-id=\"37554ad\" data-element_type=\"container\" data-e-type=\"container\">\n\t\t\t\t<div class=\"elementor-element elementor-element-d63900f elementor-widget elementor-widget-text-editor\" data-id=\"d63900f\" data-element_type=\"widget\" data-e-type=\"widget\" data-widget_type=\"text-editor.default\">\n\t\t\t\t<div class=\"elementor-widget-container\">\n\t\t\t\t\t\t\t\t\t\n<figure class=\"wp-block-image alignleft size-full is-resized\"><img loading=\"lazy\" decoding=\"async\" src=\"https:\/\/caid.gob.do\/caid\/wp-content\/uploads\/P.-jorge-william-hernandez.jpg\" alt=\"\" class=\"wp-image-1989\" width=\"296\" height=\"444\" srcset=\"https:\/\/caid.gob.do\/caid\/wp-content\/uploads\/P.-jorge-william-hernandez.jpg 600w, https:\/\/caid.gob.do\/caid\/wp-content\/uploads\/P.-jorge-william-hernandez-200x300.jpg 200w, https:\/\/caid.gob.do\/caid\/wp-content\/uploads\/P.-jorge-william-hernandez-100x150.jpg 100w\" sizes=\"auto, (max-width: 296px) 100vw, 296px\" \/><\/figure>\n\n\n\n<p>El padre jesuita Jorge William Hern\u00e1ndez D\u00edaz fue designado como presidente del Consejo Directivo del -CAID-, mediante el decreto 312-21, emitido por el presidente Luis Abinader el 4 de junio 2021.<\/p>\n\n\n\n<p>El Poder Ejecutivo trav\u00e9s del decreto 170-21, emitido el 16 de marzo del a\u00f1o 2021 cre\u00f3 el Centro de Atenci\u00f3n Integral para la Discapacidad (CAID), adscrito al Ministerio de Salud P\u00fablica y Asistencia Social, que es regido por el Consejo Directivo.<\/p>\n\n\n\n<p>Es Rector Colegio Loyola. Santo Domingo, D. N.<\/p>\n\n\n\n<p>Profesor de \u00c9tica, Maestr\u00eda en Acompa\u00f1amiento Psicoespiritual, Universidad Cat\u00f3lica Santo Domingo (UCSD). Santo Domingo, D. N.<\/p>\n\n\n\n<p>M\u00e1ster en Teolog\u00eda Sistem\u00e1tica y Mundo Contempor\u00e1neo, Licenciatura en Teolog\u00eda, Facultad de Teolog\u00eda de la Compa\u00f1\u00eda de Jes\u00fas. Granada, Espa\u00f1a.<\/p>\n\n\n\n<p>Pr\u00e1ctica de la Universidad Teor\u00eda Psicoanal\u00edtica, Centro de Psicoan\u00e1lisis (Compa\u00f1\u00eda de Jes\u00fas). Granada, Espa\u00f1a.<\/p>\n\n\n\n<p>Director Centro Fe y Cultura Loyola. La Habana, Cuba.<\/p>\n\n\n\n<p>Coordinador Red de Centros Loyola. Cuba.<\/p>\n\n\n\n<p>Tercera Probaci\u00f3n en la Compa\u00f1\u00eda de Jes\u00fas, Instituto de Espiritualidad Oriental Pedro Arrupe. Goa, India.<\/p>\n\n\n\n<p>English Language Training, ESL, St. Louis University. St. Louis, Missouri, USA.<\/p>\n\n\n\n<p>Coordinador Centro Arquidiocesano de Pastoral Juvenil. Camag\u00fcey, Cuba.<\/p>\n\n\n\n<p>P\u00e1rroco Parroquia San Jos\u00e9. Camag\u00fcey, Cuba.<\/p>\n\n\n\n<p>Coordinador Centro Nacional de Pastoral Juvenil y Vocacional de la Compa\u00f1\u00eda de Jes\u00fas. La Habana, Cuba.<\/p>\n\n\n\n<p>Licenciatura Estudios Eclesi\u00e1sticos (Bachillerato en Teolog\u00eda), Facultad de Teolog\u00eda de la Compa\u00f1\u00eda de Jes\u00fas. Granada, Espa\u00f1a.<\/p>\n\n\n\n<p>Bachillerato Humanidades y Filosof\u00eda. Instituto Superior Pedro Francisco Bon\u00f3 (ISB). Santo Domingo, Rep\u00fablica Dominicana.<\/p>\n\n\n\n<p>Licenciado en Estudios de Administraci\u00f3n de Enfermer\u00eda, Instituto de Ciencias M\u00e9dicas Carlos. J. Finlay. Habana, Cuba.<\/p>\n\t\t\t\t\t\t\t\t<\/div>\n\t\t\t\t<\/div>\n\t\t\t\t<\/div>\n\t\t\t\t<\/div>\n\t\t","protected":false},"excerpt":{"rendered":"<p>El padre jesuita Jorge William Hern\u00e1ndez D\u00edaz fue designado como presidente del Consejo Directivo del -CAID-, mediante el decreto 312-21, emitido por el presidente Luis Abinader el 4 de junio 2021. El Poder Ejecutivo trav\u00e9s del decreto 170-21, emitido el 16 de marzo del a\u00f1o 2021 cre\u00f3 el Centro de Atenci\u00f3n Integral para la Discapacidad [&hellip;]<\/p>\n","protected":false},"author":1,"featured_media":0,"parent":141,"menu_order":0,"comment_status":"closed","ping_status":"closed","template":"","meta":{"_acf_changed":false,"footnotes":""},"class_list":["post-14731","page","type-page","status-publish","hentry"],"acf":[],"yoast_head":"<!-- This site is optimized with the Yoast SEO plugin v27.0 - https:\/\/yoast.com\/product\/yoast-seo-wordpress\/ -->\r\n<title>P. Jorge William Hern\u00e1ndez D\u00edaz, SJ -Presidente- CAID<\/title>\r\n<meta name=\"robots\" content=\"index, follow, max-snippet:-1, max-image-preview:large, max-video-preview:-1\" \/>\r\n<link rel=\"canonical\" href=\"https:\/\/caid.gob.do\/caid\/inicio\/sobre-nosotros\/consejo-de-directivos\/p-jorge-william-hernandez-diaz-sj-presidente\/\" \/>\r\n<meta property=\"og:locale\" content=\"es_ES\" \/>\r\n<meta property=\"og:type\" content=\"article\" \/>\r\n<meta property=\"og:title\" content=\"P. Jorge William Hern\u00e1ndez D\u00edaz, SJ -Presidente- CAID\" \/>\r\n<meta property=\"og:description\" content=\"El padre jesuita Jorge William Hern\u00e1ndez D\u00edaz fue designado como presidente del Consejo Directivo del -CAID-, mediante el decreto 312-21, emitido por el presidente Luis Abinader el 4 de junio 2021. El Poder Ejecutivo trav\u00e9s del decreto 170-21, emitido el 16 de marzo del a\u00f1o 2021 cre\u00f3 el Centro de Atenci\u00f3n Integral para la Discapacidad [&hellip;]\" \/>\r\n<meta property=\"og:url\" content=\"https:\/\/caid.gob.do\/caid\/inicio\/sobre-nosotros\/consejo-de-directivos\/p-jorge-william-hernandez-diaz-sj-presidente\/\" \/>\r\n<meta property=\"og:site_name\" content=\"CAID\" \/>\r\n<meta property=\"article:publisher\" content=\"https:\/\/www.facebook.com\/redcaidrd\" \/>\r\n<meta property=\"article:modified_time\" content=\"2024-04-04T14:07:42+00:00\" \/>\r\n<meta property=\"og:image\" content=\"https:\/\/caid.gob.do\/caid\/wp-content\/uploads\/P.-jorge-william-hernandez.jpg\" \/>\r\n<meta name=\"twitter:card\" content=\"summary_large_image\" \/>\r\n<meta name=\"twitter:site\" content=\"@CAIDRDO\" \/>\r\n<meta name=\"twitter:label1\" content=\"Est. reading time\" \/>\n\t<meta name=\"twitter:data1\" content=\"2 minutos\" \/>\r\n<script type=\"application\/ld+json\" class=\"yoast-schema-graph\">{\"@context\":\"https:\/\/schema.org\",\"@graph\":[{\"@type\":\"WebPage\",\"@id\":\"https:\/\/caid.gob.do\/caid\/inicio\/sobre-nosotros\/consejo-de-directivos\/p-jorge-william-hernandez-diaz-sj-presidente\/\",\"url\":\"https:\/\/caid.gob.do\/caid\/inicio\/sobre-nosotros\/consejo-de-directivos\/p-jorge-william-hernandez-diaz-sj-presidente\/\",\"name\":\"P. Jorge William Hern\u00e1ndez D\u00edaz, SJ -Presidente- CAID\",\"isPartOf\":{\"@id\":\"https:\/\/caid.gob.do\/caid\/#website\"},\"primaryImageOfPage\":{\"@id\":\"https:\/\/caid.gob.do\/caid\/inicio\/sobre-nosotros\/consejo-de-directivos\/p-jorge-william-hernandez-diaz-sj-presidente\/#primaryimage\"},\"image\":{\"@id\":\"https:\/\/caid.gob.do\/caid\/inicio\/sobre-nosotros\/consejo-de-directivos\/p-jorge-william-hernandez-diaz-sj-presidente\/#primaryimage\"},\"thumbnailUrl\":\"https:\/\/caid.gob.do\/caid\/wp-content\/uploads\/P.-jorge-william-hernandez.jpg\",\"datePublished\":\"2023-10-17T12:25:05+00:00\",\"dateModified\":\"2024-04-04T14:07:42+00:00\",\"breadcrumb\":{\"@id\":\"https:\/\/caid.gob.do\/caid\/inicio\/sobre-nosotros\/consejo-de-directivos\/p-jorge-william-hernandez-diaz-sj-presidente\/#breadcrumb\"},\"inLanguage\":\"es-DO\",\"potentialAction\":[{\"@type\":\"ReadAction\",\"target\":[\"https:\/\/caid.gob.do\/caid\/inicio\/sobre-nosotros\/consejo-de-directivos\/p-jorge-william-hernandez-diaz-sj-presidente\/\"]}]},{\"@type\":\"ImageObject\",\"inLanguage\":\"es-DO\",\"@id\":\"https:\/\/caid.gob.do\/caid\/inicio\/sobre-nosotros\/consejo-de-directivos\/p-jorge-william-hernandez-diaz-sj-presidente\/#primaryimage\",\"url\":\"https:\/\/caid.gob.do\/caid\/wp-content\/uploads\/P.-jorge-william-hernandez.jpg\",\"contentUrl\":\"https:\/\/caid.gob.do\/caid\/wp-content\/uploads\/P.-jorge-william-hernandez.jpg\",\"width\":600,\"height\":900},{\"@type\":\"BreadcrumbList\",\"@id\":\"https:\/\/caid.gob.do\/caid\/inicio\/sobre-nosotros\/consejo-de-directivos\/p-jorge-william-hernandez-diaz-sj-presidente\/#breadcrumb\",\"itemListElement\":[{\"@type\":\"ListItem\",\"position\":1,\"name\":\"Est\u00e1s aqu\u00ed:\",\"item\":\"https:\/\/caid.gob.do\/caid\/\"},{\"@type\":\"ListItem\",\"position\":2,\"name\":\"Inicio\",\"item\":\"https:\/\/caid.gob.do\/caid\/\"},{\"@type\":\"ListItem\",\"position\":3,\"name\":\"Sobre nosotros\",\"item\":\"https:\/\/caid.gob.do\/caid\/pagina-de-inicio\/sobre-nosotros\/\"},{\"@type\":\"ListItem\",\"position\":4,\"name\":\"Consejo Directivo\",\"item\":\"https:\/\/caid.gob.do\/caid\/inicio\/sobre-nosotros\/consejo-de-directivos\/\"},{\"@type\":\"ListItem\",\"position\":5,\"name\":\"P. Jorge William Hern\u00e1ndez D\u00edaz, SJ -Presidente-\"}]},{\"@type\":\"WebSite\",\"@id\":\"https:\/\/caid.gob.do\/caid\/#website\",\"url\":\"https:\/\/caid.gob.do\/caid\/\",\"name\":\"CAID\",\"description\":\"Centro de Atenci\u00f3n Integral a la Discapacidad\",\"publisher\":{\"@id\":\"https:\/\/caid.gob.do\/caid\/#organization\"},\"potentialAction\":[{\"@type\":\"SearchAction\",\"target\":{\"@type\":\"EntryPoint\",\"urlTemplate\":\"https:\/\/caid.gob.do\/caid\/?s={search_term_string}\"},\"query-input\":{\"@type\":\"PropertyValueSpecification\",\"valueRequired\":true,\"valueName\":\"search_term_string\"}}],\"inLanguage\":\"es-DO\"},{\"@type\":\"Organization\",\"@id\":\"https:\/\/caid.gob.do\/caid\/#organization\",\"name\":\"Centro de Atenci\u00f3n Integral para la Discapacidad\",\"url\":\"https:\/\/caid.gob.do\/caid\/\",\"logo\":{\"@type\":\"ImageObject\",\"inLanguage\":\"es-DO\",\"@id\":\"https:\/\/caid.gob.do\/caid\/#\/schema\/logo\/image\/\",\"url\":\"https:\/\/caid.gob.do\/caid\/wp-content\/uploads\/CAID-LOGOS-EN-PNG_Mesa-de-trabajo-1-2-1024x505-1.png\",\"contentUrl\":\"https:\/\/caid.gob.do\/caid\/wp-content\/uploads\/CAID-LOGOS-EN-PNG_Mesa-de-trabajo-1-2-1024x505-1.png\",\"width\":1024,\"height\":505,\"caption\":\"Centro de Atenci\u00f3n Integral para la Discapacidad\"},\"image\":{\"@id\":\"https:\/\/caid.gob.do\/caid\/#\/schema\/logo\/image\/\"},\"sameAs\":[\"https:\/\/www.facebook.com\/redcaidrd\",\"https:\/\/x.com\/CAIDRDO\",\"https:\/\/www.instagram.com\/caidrd\/\",\"https:\/\/www.youtube.com\/channel\/UCLnt-fnRlxQdgJQwjgWkrCg\"]}]}<\/script>\r\n<!-- \/ Yoast SEO plugin. -->","yoast_head_json":{"title":"P. Jorge William Hern\u00e1ndez D\u00edaz, SJ -Presidente- CAID","robots":{"index":"index","follow":"follow","max-snippet":"max-snippet:-1","max-image-preview":"max-image-preview:large","max-video-preview":"max-video-preview:-1"},"canonical":"https:\/\/caid.gob.do\/caid\/inicio\/sobre-nosotros\/consejo-de-directivos\/p-jorge-william-hernandez-diaz-sj-presidente\/","og_locale":"es_ES","og_type":"article","og_title":"P. Jorge William Hern\u00e1ndez D\u00edaz, SJ -Presidente- CAID","og_description":"El padre jesuita Jorge William Hern\u00e1ndez D\u00edaz fue designado como presidente del Consejo Directivo del -CAID-, mediante el decreto 312-21, emitido por el presidente Luis Abinader el 4 de junio 2021. El Poder Ejecutivo trav\u00e9s del decreto 170-21, emitido el 16 de marzo del a\u00f1o 2021 cre\u00f3 el Centro de Atenci\u00f3n Integral para la Discapacidad [&hellip;]","og_url":"https:\/\/caid.gob.do\/caid\/inicio\/sobre-nosotros\/consejo-de-directivos\/p-jorge-william-hernandez-diaz-sj-presidente\/","og_site_name":"CAID","article_publisher":"https:\/\/www.facebook.com\/redcaidrd","article_modified_time":"2024-04-04T14:07:42+00:00","og_image":[{"url":"https:\/\/caid.gob.do\/caid\/wp-content\/uploads\/P.-jorge-william-hernandez.jpg","type":"","width":"","height":""}],"twitter_card":"summary_large_image","twitter_site":"@CAIDRDO","twitter_misc":{"Est. reading time":"2 minutos"},"schema":{"@context":"https:\/\/schema.org","@graph":[{"@type":"WebPage","@id":"https:\/\/caid.gob.do\/caid\/inicio\/sobre-nosotros\/consejo-de-directivos\/p-jorge-william-hernandez-diaz-sj-presidente\/","url":"https:\/\/caid.gob.do\/caid\/inicio\/sobre-nosotros\/consejo-de-directivos\/p-jorge-william-hernandez-diaz-sj-presidente\/","name":"P. Jorge William Hern\u00e1ndez D\u00edaz, SJ -Presidente- CAID","isPartOf":{"@id":"https:\/\/caid.gob.do\/caid\/#website"},"primaryImageOfPage":{"@id":"https:\/\/caid.gob.do\/caid\/inicio\/sobre-nosotros\/consejo-de-directivos\/p-jorge-william-hernandez-diaz-sj-presidente\/#primaryimage"},"image":{"@id":"https:\/\/caid.gob.do\/caid\/inicio\/sobre-nosotros\/consejo-de-directivos\/p-jorge-william-hernandez-diaz-sj-presidente\/#primaryimage"},"thumbnailUrl":"https:\/\/caid.gob.do\/caid\/wp-content\/uploads\/P.-jorge-william-hernandez.jpg","datePublished":"2023-10-17T12:25:05+00:00","dateModified":"2024-04-04T14:07:42+00:00","breadcrumb":{"@id":"https:\/\/caid.gob.do\/caid\/inicio\/sobre-nosotros\/consejo-de-directivos\/p-jorge-william-hernandez-diaz-sj-presidente\/#breadcrumb"},"inLanguage":"es-DO","potentialAction":[{"@type":"ReadAction","target":["https:\/\/caid.gob.do\/caid\/inicio\/sobre-nosotros\/consejo-de-directivos\/p-jorge-william-hernandez-diaz-sj-presidente\/"]}]},{"@type":"ImageObject","inLanguage":"es-DO","@id":"https:\/\/caid.gob.do\/caid\/inicio\/sobre-nosotros\/consejo-de-directivos\/p-jorge-william-hernandez-diaz-sj-presidente\/#primaryimage","url":"https:\/\/caid.gob.do\/caid\/wp-content\/uploads\/P.-jorge-william-hernandez.jpg","contentUrl":"https:\/\/caid.gob.do\/caid\/wp-content\/uploads\/P.-jorge-william-hernandez.jpg","width":600,"height":900},{"@type":"BreadcrumbList","@id":"https:\/\/caid.gob.do\/caid\/inicio\/sobre-nosotros\/consejo-de-directivos\/p-jorge-william-hernandez-diaz-sj-presidente\/#breadcrumb","itemListElement":[{"@type":"ListItem","position":1,"name":"Est\u00e1s aqu\u00ed:","item":"https:\/\/caid.gob.do\/caid\/"},{"@type":"ListItem","position":2,"name":"Inicio","item":"https:\/\/caid.gob.do\/caid\/"},{"@type":"ListItem","position":3,"name":"Sobre nosotros","item":"https:\/\/caid.gob.do\/caid\/pagina-de-inicio\/sobre-nosotros\/"},{"@type":"ListItem","position":4,"name":"Consejo Directivo","item":"https:\/\/caid.gob.do\/caid\/inicio\/sobre-nosotros\/consejo-de-directivos\/"},{"@type":"ListItem","position":5,"name":"P. Jorge William Hern\u00e1ndez D\u00edaz, SJ -Presidente-"}]},{"@type":"WebSite","@id":"https:\/\/caid.gob.do\/caid\/#website","url":"https:\/\/caid.gob.do\/caid\/","name":"CAID","description":"Centro de Atenci\u00f3n Integral a la Discapacidad","publisher":{"@id":"https:\/\/caid.gob.do\/caid\/#organization"},"potentialAction":[{"@type":"SearchAction","target":{"@type":"EntryPoint","urlTemplate":"https:\/\/caid.gob.do\/caid\/?s={search_term_string}"},"query-input":{"@type":"PropertyValueSpecification","valueRequired":true,"valueName":"search_term_string"}}],"inLanguage":"es-DO"},{"@type":"Organization","@id":"https:\/\/caid.gob.do\/caid\/#organization","name":"Centro de Atenci\u00f3n Integral para la Discapacidad","url":"https:\/\/caid.gob.do\/caid\/","logo":{"@type":"ImageObject","inLanguage":"es-DO","@id":"https:\/\/caid.gob.do\/caid\/#\/schema\/logo\/image\/","url":"https:\/\/caid.gob.do\/caid\/wp-content\/uploads\/CAID-LOGOS-EN-PNG_Mesa-de-trabajo-1-2-1024x505-1.png","contentUrl":"https:\/\/caid.gob.do\/caid\/wp-content\/uploads\/CAID-LOGOS-EN-PNG_Mesa-de-trabajo-1-2-1024x505-1.png","width":1024,"height":505,"caption":"Centro de Atenci\u00f3n Integral para la Discapacidad"},"image":{"@id":"https:\/\/caid.gob.do\/caid\/#\/schema\/logo\/image\/"},"sameAs":["https:\/\/www.facebook.com\/redcaidrd","https:\/\/x.com\/CAIDRDO","https:\/\/www.instagram.com\/caidrd\/","https:\/\/www.youtube.com\/channel\/UCLnt-fnRlxQdgJQwjgWkrCg"]}]}},"jetpack_sharing_enabled":true,"_links":{"self":[{"href":"https:\/\/caid.gob.do\/caid\/wp-json\/wp\/v2\/pages\/14731","targetHints":{"allow":["GET"]}}],"collection":[{"href":"https:\/\/caid.gob.do\/caid\/wp-json\/wp\/v2\/pages"}],"about":[{"href":"https:\/\/caid.gob.do\/caid\/wp-json\/wp\/v2\/types\/page"}],"author":[{"embeddable":true,"href":"https:\/\/caid.gob.do\/caid\/wp-json\/wp\/v2\/users\/1"}],"replies":[{"embeddable":true,"href":"https:\/\/caid.gob.do\/caid\/wp-json\/wp\/v2\/comments?post=14731"}],"version-history":[{"count":13,"href":"https:\/\/caid.gob.do\/caid\/wp-json\/wp\/v2\/pages\/14731\/revisions"}],"predecessor-version":[{"id":16764,"href":"https:\/\/caid.gob.do\/caid\/wp-json\/wp\/v2\/pages\/14731\/revisions\/16764"}],"up":[{"embeddable":true,"href":"https:\/\/caid.gob.do\/caid\/wp-json\/wp\/v2\/pages\/141"}],"wp:attachment":[{"href":"https:\/\/caid.gob.do\/caid\/wp-json\/wp\/v2\/media?parent=14731"}],"curies":[{"name":"wp","href":"https:\/\/api.w.org\/{rel}","templated":true}]}}