{"id":14748,"date":"2023-10-17T08:39:36","date_gmt":"2023-10-17T12:39:36","guid":{"rendered":"https:\/\/caid.gob.do\/caid\/?page_id=14748"},"modified":"2024-04-04T10:07:10","modified_gmt":"2024-04-04T14:07:10","slug":"laura-maria-lehoux-de-schwarzbartl","status":"publish","type":"page","link":"https:\/\/caid.gob.do\/caid\/inicio\/sobre-nosotros\/consejo-de-directivos\/laura-maria-lehoux-de-schwarzbartl\/","title":{"rendered":"Laura Mar\u00eda Lehoux de Schwarzbartl"},"content":{"rendered":"\t\t<div data-elementor-type=\"wp-page\" data-elementor-id=\"14748\" class=\"elementor elementor-14748\" data-elementor-post-type=\"page\">\n\t\t\t\t<div class=\"elementor-element elementor-element-5310720 e-con-full e-flex e-con e-parent\" data-id=\"5310720\" data-element_type=\"container\" data-e-type=\"container\">\n\t\t\t\t<div class=\"elementor-element elementor-element-9781c44 elementor-widget__width-inherit elementor-widget elementor-widget-text-editor\" data-id=\"9781c44\" data-element_type=\"widget\" data-e-type=\"widget\" data-widget_type=\"text-editor.default\">\n\t\t\t\t<div class=\"elementor-widget-container\">\n\t\t\t\t\t\t\t\t\t\n<figure class=\"wp-block-image alignleft size-full is-resized\"><img loading=\"lazy\" decoding=\"async\" width=\"600\" height=\"1024\" class=\"wp-image-2003\" style=\"width: 339px; height: 579px;\" src=\"https:\/\/caid.gob.do\/caid\/wp-content\/uploads\/Lic.-Laura-Maria-Lehoux-de-Schwarzbartl-M.Ed_.-Miembro-del-Consejo-Directivo.jpg\" alt=\"\" srcset=\"https:\/\/caid.gob.do\/caid\/wp-content\/uploads\/Lic.-Laura-Maria-Lehoux-de-Schwarzbartl-M.Ed_.-Miembro-del-Consejo-Directivo.jpg 600w, https:\/\/caid.gob.do\/caid\/wp-content\/uploads\/Lic.-Laura-Maria-Lehoux-de-Schwarzbartl-M.Ed_.-Miembro-del-Consejo-Directivo-176x300.jpg 176w, https:\/\/caid.gob.do\/caid\/wp-content\/uploads\/Lic.-Laura-Maria-Lehoux-de-Schwarzbartl-M.Ed_.-Miembro-del-Consejo-Directivo-88x150.jpg 88w\" sizes=\"auto, (max-width: 600px) 100vw, 600px\" \/><\/figure>\n\n<p>Laura Lehoux tiene una maestr\u00eda en Educaci\u00f3n de Lesley University, Cambridge, Massachusetts. Estudi\u00f3 Administraci\u00f3n de Empresas en la Pontificia Universidad Cat\u00f3lica Madre y Maestra (PUCMM).<\/p>\n\n<p>Inici\u00f3 su sala de tareas y reforzamiento \u201cCentro de Enriquecimiento Acad\u00e9mico\u201d en el a\u00f1o 2008. En el a\u00f1o 2009 pas\u00f3 a ser la Encargada del Departamento de Educaci\u00f3n de la Pontificia Universidad Cat\u00f3lica Madre y Maestra. Fue profesora titular de pre-primario en el Preescolar Nido en el a\u00f1o 2010.<\/p>\n\n<p>En agosto de 2011 fund\u00f3, junto a su esposo Oscar Schwarzbartl, el Colegio Intelecto, basado en las Inteligencias M\u00faltiples de Howard Gardner con la metodolog\u00eda de Aprendizaje Basado en Proyectos en Santiago, Rep\u00fablica Dominicana.<\/p>\n\n<p>Es miembro de la junta de directores del ISFODOSU desde octubre de 2018.<\/p>\n\t\t\t\t\t\t\t\t<\/div>\n\t\t\t\t<\/div>\n\t\t\t\t<\/div>\n\t\t\t\t<\/div>\n\t\t","protected":false},"excerpt":{"rendered":"<p>Laura Lehoux tiene una maestr\u00eda en Educaci\u00f3n de Lesley University, Cambridge, Massachusetts. Estudi\u00f3 Administraci\u00f3n de Empresas en la Pontificia Universidad Cat\u00f3lica Madre y Maestra (PUCMM).<\/p>\n","protected":false},"author":1,"featured_media":0,"parent":141,"menu_order":0,"comment_status":"closed","ping_status":"closed","template":"","meta":{"_acf_changed":false,"footnotes":""},"class_list":["post-14748","page","type-page","status-publish","hentry"],"acf":[],"yoast_head":"<!-- This site is optimized with the Yoast SEO plugin v27.0 - https:\/\/yoast.com\/product\/yoast-seo-wordpress\/ -->\r\n<title>Laura Mar\u00eda Lehoux de Schwarzbartl - CAID<\/title>\r\n<meta name=\"robots\" content=\"index, follow, max-snippet:-1, max-image-preview:large, max-video-preview:-1\" \/>\r\n<link rel=\"canonical\" href=\"https:\/\/caid.gob.do\/caid\/inicio\/sobre-nosotros\/consejo-de-directivos\/laura-maria-lehoux-de-schwarzbartl\/\" \/>\r\n<meta property=\"og:locale\" content=\"es_ES\" \/>\r\n<meta property=\"og:type\" content=\"article\" \/>\r\n<meta property=\"og:title\" content=\"Laura Mar\u00eda Lehoux de Schwarzbartl - CAID\" \/>\r\n<meta property=\"og:description\" content=\"Laura Lehoux tiene una maestr\u00eda en Educaci\u00f3n de Lesley University, Cambridge, Massachusetts. Estudi\u00f3 Administraci\u00f3n de Empresas en la Pontificia Universidad Cat\u00f3lica Madre y Maestra (PUCMM).\" \/>\r\n<meta property=\"og:url\" content=\"https:\/\/caid.gob.do\/caid\/inicio\/sobre-nosotros\/consejo-de-directivos\/laura-maria-lehoux-de-schwarzbartl\/\" \/>\r\n<meta property=\"og:site_name\" content=\"CAID\" \/>\r\n<meta property=\"article:publisher\" content=\"https:\/\/www.facebook.com\/redcaidrd\" \/>\r\n<meta property=\"article:modified_time\" content=\"2024-04-04T14:07:10+00:00\" \/>\r\n<meta property=\"og:image\" content=\"https:\/\/caid.gob.do\/caid\/wp-content\/uploads\/Lic.-Laura-Maria-Lehoux-de-Schwarzbartl-M.Ed_.-Miembro-del-Consejo-Directivo.jpg\" \/>\r\n<meta name=\"twitter:card\" content=\"summary_large_image\" \/>\r\n<meta name=\"twitter:site\" content=\"@CAIDRDO\" \/>\r\n<meta name=\"twitter:label1\" content=\"Est. reading time\" \/>\n\t<meta name=\"twitter:data1\" content=\"1 minuto\" \/>\r\n<script type=\"application\/ld+json\" class=\"yoast-schema-graph\">{\"@context\":\"https:\/\/schema.org\",\"@graph\":[{\"@type\":\"WebPage\",\"@id\":\"https:\/\/caid.gob.do\/caid\/inicio\/sobre-nosotros\/consejo-de-directivos\/laura-maria-lehoux-de-schwarzbartl\/\",\"url\":\"https:\/\/caid.gob.do\/caid\/inicio\/sobre-nosotros\/consejo-de-directivos\/laura-maria-lehoux-de-schwarzbartl\/\",\"name\":\"Laura Mar\u00eda Lehoux de Schwarzbartl - CAID\",\"isPartOf\":{\"@id\":\"https:\/\/caid.gob.do\/caid\/#website\"},\"primaryImageOfPage\":{\"@id\":\"https:\/\/caid.gob.do\/caid\/inicio\/sobre-nosotros\/consejo-de-directivos\/laura-maria-lehoux-de-schwarzbartl\/#primaryimage\"},\"image\":{\"@id\":\"https:\/\/caid.gob.do\/caid\/inicio\/sobre-nosotros\/consejo-de-directivos\/laura-maria-lehoux-de-schwarzbartl\/#primaryimage\"},\"thumbnailUrl\":\"https:\/\/caid.gob.do\/caid\/wp-content\/uploads\/Lic.-Laura-Maria-Lehoux-de-Schwarzbartl-M.Ed_.-Miembro-del-Consejo-Directivo.jpg\",\"datePublished\":\"2023-10-17T12:39:36+00:00\",\"dateModified\":\"2024-04-04T14:07:10+00:00\",\"breadcrumb\":{\"@id\":\"https:\/\/caid.gob.do\/caid\/inicio\/sobre-nosotros\/consejo-de-directivos\/laura-maria-lehoux-de-schwarzbartl\/#breadcrumb\"},\"inLanguage\":\"es-DO\",\"potentialAction\":[{\"@type\":\"ReadAction\",\"target\":[\"https:\/\/caid.gob.do\/caid\/inicio\/sobre-nosotros\/consejo-de-directivos\/laura-maria-lehoux-de-schwarzbartl\/\"]}]},{\"@type\":\"ImageObject\",\"inLanguage\":\"es-DO\",\"@id\":\"https:\/\/caid.gob.do\/caid\/inicio\/sobre-nosotros\/consejo-de-directivos\/laura-maria-lehoux-de-schwarzbartl\/#primaryimage\",\"url\":\"https:\/\/caid.gob.do\/caid\/wp-content\/uploads\/Lic.-Laura-Maria-Lehoux-de-Schwarzbartl-M.Ed_.-Miembro-del-Consejo-Directivo.jpg\",\"contentUrl\":\"https:\/\/caid.gob.do\/caid\/wp-content\/uploads\/Lic.-Laura-Maria-Lehoux-de-Schwarzbartl-M.Ed_.-Miembro-del-Consejo-Directivo.jpg\",\"width\":600,\"height\":1024},{\"@type\":\"BreadcrumbList\",\"@id\":\"https:\/\/caid.gob.do\/caid\/inicio\/sobre-nosotros\/consejo-de-directivos\/laura-maria-lehoux-de-schwarzbartl\/#breadcrumb\",\"itemListElement\":[{\"@type\":\"ListItem\",\"position\":1,\"name\":\"Est\u00e1s aqu\u00ed:\",\"item\":\"https:\/\/caid.gob.do\/caid\/\"},{\"@type\":\"ListItem\",\"position\":2,\"name\":\"Inicio\",\"item\":\"https:\/\/caid.gob.do\/caid\/\"},{\"@type\":\"ListItem\",\"position\":3,\"name\":\"Sobre nosotros\",\"item\":\"https:\/\/caid.gob.do\/caid\/pagina-de-inicio\/sobre-nosotros\/\"},{\"@type\":\"ListItem\",\"position\":4,\"name\":\"Consejo Directivo\",\"item\":\"https:\/\/caid.gob.do\/caid\/inicio\/sobre-nosotros\/consejo-de-directivos\/\"},{\"@type\":\"ListItem\",\"position\":5,\"name\":\"Laura Mar\u00eda Lehoux de Schwarzbartl\"}]},{\"@type\":\"WebSite\",\"@id\":\"https:\/\/caid.gob.do\/caid\/#website\",\"url\":\"https:\/\/caid.gob.do\/caid\/\",\"name\":\"CAID\",\"description\":\"Centro de Atenci\u00f3n Integral a la Discapacidad\",\"publisher\":{\"@id\":\"https:\/\/caid.gob.do\/caid\/#organization\"},\"potentialAction\":[{\"@type\":\"SearchAction\",\"target\":{\"@type\":\"EntryPoint\",\"urlTemplate\":\"https:\/\/caid.gob.do\/caid\/?s={search_term_string}\"},\"query-input\":{\"@type\":\"PropertyValueSpecification\",\"valueRequired\":true,\"valueName\":\"search_term_string\"}}],\"inLanguage\":\"es-DO\"},{\"@type\":\"Organization\",\"@id\":\"https:\/\/caid.gob.do\/caid\/#organization\",\"name\":\"Centro de Atenci\u00f3n Integral para la Discapacidad\",\"url\":\"https:\/\/caid.gob.do\/caid\/\",\"logo\":{\"@type\":\"ImageObject\",\"inLanguage\":\"es-DO\",\"@id\":\"https:\/\/caid.gob.do\/caid\/#\/schema\/logo\/image\/\",\"url\":\"https:\/\/caid.gob.do\/caid\/wp-content\/uploads\/CAID-LOGOS-EN-PNG_Mesa-de-trabajo-1-2-1024x505-1.png\",\"contentUrl\":\"https:\/\/caid.gob.do\/caid\/wp-content\/uploads\/CAID-LOGOS-EN-PNG_Mesa-de-trabajo-1-2-1024x505-1.png\",\"width\":1024,\"height\":505,\"caption\":\"Centro de Atenci\u00f3n Integral para la Discapacidad\"},\"image\":{\"@id\":\"https:\/\/caid.gob.do\/caid\/#\/schema\/logo\/image\/\"},\"sameAs\":[\"https:\/\/www.facebook.com\/redcaidrd\",\"https:\/\/x.com\/CAIDRDO\",\"https:\/\/www.instagram.com\/caidrd\/\",\"https:\/\/www.youtube.com\/channel\/UCLnt-fnRlxQdgJQwjgWkrCg\"]}]}<\/script>\r\n<!-- \/ Yoast SEO plugin. -->","yoast_head_json":{"title":"Laura Mar\u00eda Lehoux de Schwarzbartl - CAID","robots":{"index":"index","follow":"follow","max-snippet":"max-snippet:-1","max-image-preview":"max-image-preview:large","max-video-preview":"max-video-preview:-1"},"canonical":"https:\/\/caid.gob.do\/caid\/inicio\/sobre-nosotros\/consejo-de-directivos\/laura-maria-lehoux-de-schwarzbartl\/","og_locale":"es_ES","og_type":"article","og_title":"Laura Mar\u00eda Lehoux de Schwarzbartl - CAID","og_description":"Laura Lehoux tiene una maestr\u00eda en Educaci\u00f3n de Lesley University, Cambridge, Massachusetts. Estudi\u00f3 Administraci\u00f3n de Empresas en la Pontificia Universidad Cat\u00f3lica Madre y Maestra (PUCMM).","og_url":"https:\/\/caid.gob.do\/caid\/inicio\/sobre-nosotros\/consejo-de-directivos\/laura-maria-lehoux-de-schwarzbartl\/","og_site_name":"CAID","article_publisher":"https:\/\/www.facebook.com\/redcaidrd","article_modified_time":"2024-04-04T14:07:10+00:00","og_image":[{"url":"https:\/\/caid.gob.do\/caid\/wp-content\/uploads\/Lic.-Laura-Maria-Lehoux-de-Schwarzbartl-M.Ed_.-Miembro-del-Consejo-Directivo.jpg","type":"","width":"","height":""}],"twitter_card":"summary_large_image","twitter_site":"@CAIDRDO","twitter_misc":{"Est. reading time":"1 minuto"},"schema":{"@context":"https:\/\/schema.org","@graph":[{"@type":"WebPage","@id":"https:\/\/caid.gob.do\/caid\/inicio\/sobre-nosotros\/consejo-de-directivos\/laura-maria-lehoux-de-schwarzbartl\/","url":"https:\/\/caid.gob.do\/caid\/inicio\/sobre-nosotros\/consejo-de-directivos\/laura-maria-lehoux-de-schwarzbartl\/","name":"Laura Mar\u00eda Lehoux de Schwarzbartl - CAID","isPartOf":{"@id":"https:\/\/caid.gob.do\/caid\/#website"},"primaryImageOfPage":{"@id":"https:\/\/caid.gob.do\/caid\/inicio\/sobre-nosotros\/consejo-de-directivos\/laura-maria-lehoux-de-schwarzbartl\/#primaryimage"},"image":{"@id":"https:\/\/caid.gob.do\/caid\/inicio\/sobre-nosotros\/consejo-de-directivos\/laura-maria-lehoux-de-schwarzbartl\/#primaryimage"},"thumbnailUrl":"https:\/\/caid.gob.do\/caid\/wp-content\/uploads\/Lic.-Laura-Maria-Lehoux-de-Schwarzbartl-M.Ed_.-Miembro-del-Consejo-Directivo.jpg","datePublished":"2023-10-17T12:39:36+00:00","dateModified":"2024-04-04T14:07:10+00:00","breadcrumb":{"@id":"https:\/\/caid.gob.do\/caid\/inicio\/sobre-nosotros\/consejo-de-directivos\/laura-maria-lehoux-de-schwarzbartl\/#breadcrumb"},"inLanguage":"es-DO","potentialAction":[{"@type":"ReadAction","target":["https:\/\/caid.gob.do\/caid\/inicio\/sobre-nosotros\/consejo-de-directivos\/laura-maria-lehoux-de-schwarzbartl\/"]}]},{"@type":"ImageObject","inLanguage":"es-DO","@id":"https:\/\/caid.gob.do\/caid\/inicio\/sobre-nosotros\/consejo-de-directivos\/laura-maria-lehoux-de-schwarzbartl\/#primaryimage","url":"https:\/\/caid.gob.do\/caid\/wp-content\/uploads\/Lic.-Laura-Maria-Lehoux-de-Schwarzbartl-M.Ed_.-Miembro-del-Consejo-Directivo.jpg","contentUrl":"https:\/\/caid.gob.do\/caid\/wp-content\/uploads\/Lic.-Laura-Maria-Lehoux-de-Schwarzbartl-M.Ed_.-Miembro-del-Consejo-Directivo.jpg","width":600,"height":1024},{"@type":"BreadcrumbList","@id":"https:\/\/caid.gob.do\/caid\/inicio\/sobre-nosotros\/consejo-de-directivos\/laura-maria-lehoux-de-schwarzbartl\/#breadcrumb","itemListElement":[{"@type":"ListItem","position":1,"name":"Est\u00e1s aqu\u00ed:","item":"https:\/\/caid.gob.do\/caid\/"},{"@type":"ListItem","position":2,"name":"Inicio","item":"https:\/\/caid.gob.do\/caid\/"},{"@type":"ListItem","position":3,"name":"Sobre nosotros","item":"https:\/\/caid.gob.do\/caid\/pagina-de-inicio\/sobre-nosotros\/"},{"@type":"ListItem","position":4,"name":"Consejo Directivo","item":"https:\/\/caid.gob.do\/caid\/inicio\/sobre-nosotros\/consejo-de-directivos\/"},{"@type":"ListItem","position":5,"name":"Laura Mar\u00eda Lehoux de Schwarzbartl"}]},{"@type":"WebSite","@id":"https:\/\/caid.gob.do\/caid\/#website","url":"https:\/\/caid.gob.do\/caid\/","name":"CAID","description":"Centro de Atenci\u00f3n Integral a la Discapacidad","publisher":{"@id":"https:\/\/caid.gob.do\/caid\/#organization"},"potentialAction":[{"@type":"SearchAction","target":{"@type":"EntryPoint","urlTemplate":"https:\/\/caid.gob.do\/caid\/?s={search_term_string}"},"query-input":{"@type":"PropertyValueSpecification","valueRequired":true,"valueName":"search_term_string"}}],"inLanguage":"es-DO"},{"@type":"Organization","@id":"https:\/\/caid.gob.do\/caid\/#organization","name":"Centro de Atenci\u00f3n Integral para la Discapacidad","url":"https:\/\/caid.gob.do\/caid\/","logo":{"@type":"ImageObject","inLanguage":"es-DO","@id":"https:\/\/caid.gob.do\/caid\/#\/schema\/logo\/image\/","url":"https:\/\/caid.gob.do\/caid\/wp-content\/uploads\/CAID-LOGOS-EN-PNG_Mesa-de-trabajo-1-2-1024x505-1.png","contentUrl":"https:\/\/caid.gob.do\/caid\/wp-content\/uploads\/CAID-LOGOS-EN-PNG_Mesa-de-trabajo-1-2-1024x505-1.png","width":1024,"height":505,"caption":"Centro de Atenci\u00f3n Integral para la Discapacidad"},"image":{"@id":"https:\/\/caid.gob.do\/caid\/#\/schema\/logo\/image\/"},"sameAs":["https:\/\/www.facebook.com\/redcaidrd","https:\/\/x.com\/CAIDRDO","https:\/\/www.instagram.com\/caidrd\/","https:\/\/www.youtube.com\/channel\/UCLnt-fnRlxQdgJQwjgWkrCg"]}]}},"jetpack_sharing_enabled":true,"_links":{"self":[{"href":"https:\/\/caid.gob.do\/caid\/wp-json\/wp\/v2\/pages\/14748","targetHints":{"allow":["GET"]}}],"collection":[{"href":"https:\/\/caid.gob.do\/caid\/wp-json\/wp\/v2\/pages"}],"about":[{"href":"https:\/\/caid.gob.do\/caid\/wp-json\/wp\/v2\/types\/page"}],"author":[{"embeddable":true,"href":"https:\/\/caid.gob.do\/caid\/wp-json\/wp\/v2\/users\/1"}],"replies":[{"embeddable":true,"href":"https:\/\/caid.gob.do\/caid\/wp-json\/wp\/v2\/comments?post=14748"}],"version-history":[{"count":11,"href":"https:\/\/caid.gob.do\/caid\/wp-json\/wp\/v2\/pages\/14748\/revisions"}],"predecessor-version":[{"id":16758,"href":"https:\/\/caid.gob.do\/caid\/wp-json\/wp\/v2\/pages\/14748\/revisions\/16758"}],"up":[{"embeddable":true,"href":"https:\/\/caid.gob.do\/caid\/wp-json\/wp\/v2\/pages\/141"}],"wp:attachment":[{"href":"https:\/\/caid.gob.do\/caid\/wp-json\/wp\/v2\/media?parent=14748"}],"curies":[{"name":"wp","href":"https:\/\/api.w.org\/{rel}","templated":true}]}}