{"id":14760,"date":"2023-10-17T08:45:14","date_gmt":"2023-10-17T12:45:14","guid":{"rendered":"https:\/\/caid.gob.do\/caid\/?page_id=14760"},"modified":"2024-04-04T10:08:11","modified_gmt":"2024-04-04T14:08:11","slug":"teresa-del-jesus-perez-caamano","status":"publish","type":"page","link":"https:\/\/caid.gob.do\/caid\/inicio\/sobre-nosotros\/consejo-de-directivos\/teresa-del-jesus-perez-caamano\/","title":{"rendered":"Teresa Del Jesus Per\u00e9z Caama\u00f1o"},"content":{"rendered":"\t\t<div data-elementor-type=\"wp-page\" data-elementor-id=\"14760\" class=\"elementor elementor-14760\" data-elementor-post-type=\"page\">\n\t\t\t\t<div class=\"elementor-element elementor-element-7ba3735 e-con-full e-flex e-con e-parent\" data-id=\"7ba3735\" data-element_type=\"container\" data-e-type=\"container\">\n\t\t\t\t<div class=\"elementor-element elementor-element-7f6de85 elementor-widget elementor-widget-text-editor\" data-id=\"7f6de85\" data-element_type=\"widget\" data-e-type=\"widget\" data-widget_type=\"text-editor.default\">\n\t\t\t\t<div class=\"elementor-widget-container\">\n\t\t\t\t\t\t\t\t\t\n<figure class=\"wp-block-image alignleft size-full is-resized\"><img loading=\"lazy\" decoding=\"async\" width=\"3430\" height=\"4399\" src=\"https:\/\/caid.gob.do\/caid\/wp-content\/uploads\/Teresa-perfil-1.jpg\" alt=\"\" class=\"wp-image-13614\" style=\"width:405px;height:528px\"\/><\/figure>\n\n\n\n<p>Actual servidora p\u00fablica del sector financiero, con experiencia en la administraci\u00f3n privada y p\u00fablica de m\u00e1s de 40 a\u00f1os en el sector.<\/p>\n\n\n\n<p>Fue designada como miembro honor\u00edfico del Consejo Directivo del CAID mediante el Decreto 850-21, emitido por el presidente Luis Abinader el 5 de enero de 2022.<\/p>\n\n\n\n<p>Su alto sentido de responsabilidad, disposici\u00f3n y vocaci\u00f3n para asumir y cumplir normas en los aspectos familiar, laboral y social en atenci\u00f3n a m\u00e9ritos c\u00edvicos para servir a la sociedad, la han llevado a recibir distintos reconocimientos en base a sus aportes, tales como Reconocimiento al M\u00e9rito en D\u00eda Internacional de La Mujer por C\u00e1mara de Diputados de la Rep\u00fablica Dominicana, Mujer Sobresaliente de la Regi\u00f3n del Valle por la Universidad Aut\u00f3noma de Santo Domingo, Honor Acad\u00e9mico por la Universidad Nacional Pedro Henr\u00edquez Ure\u00f1a, Familia Distinguida por el Centro de Educaci\u00f3n Integral La Uni\u00f3n, entre otros.<\/p>\n\n\n\n<p>Durante su trayectoria ha sido miembro de diferentes entidades y organizaciones de apoyo a la sociedad civil en la Regi\u00f3n Sur, tales como Comit\u00e9 de Defensa del Ciudadano de la provincia San Juan, Cuerpo de Bomberos Municipal de San Juan, Proyecto Cultural Sur, Club Rotario San Juan, Club 40+, entre otras.<\/p>\n\n\n\n<p>Dentro de su desarrollo profesional, ha recibido capacitaciones relacionadas al \u00e1mbito social, tales como Auto crecimiento y Efectividad Personal, Efectividad Relacional, An\u00e1lisis de la Conducta, Evaluaci\u00f3n del Desempe\u00f1o, Master Coach, T\u00e9cnicas de Administraci\u00f3n Efectiva, entre otras.<\/p>\n\n\n\n<p>La se\u00f1ora Teresa P\u00e9rez Caama\u00f1o define que su objetivo profesional, personal y como sociedad civil es contribuir con el bienestar y desarrollo para lograr una efectiva inclusi\u00f3n social.<\/p>\n\t\t\t\t\t\t\t\t<\/div>\n\t\t\t\t<\/div>\n\t\t\t\t<\/div>\n\t\t\t\t<\/div>\n\t\t","protected":false},"excerpt":{"rendered":"<p>Actual servidora p\u00fablica del sector financiero, con experiencia en la administraci\u00f3n privada y p\u00fablica de m\u00e1s de 40 a\u00f1os en el sector. Fue designada como miembro honor\u00edfico del Consejo Directivo del CAID mediante el Decreto 850-21, emitido por el presidente Luis Abinader el 5 de enero de 2022<\/p>\n","protected":false},"author":1,"featured_media":13605,"parent":141,"menu_order":0,"comment_status":"closed","ping_status":"closed","template":"","meta":{"_acf_changed":false,"footnotes":""},"class_list":["post-14760","page","type-page","status-publish","has-post-thumbnail","hentry"],"acf":[],"yoast_head":"<!-- This site is optimized with the Yoast SEO plugin v27.0 - https:\/\/yoast.com\/product\/yoast-seo-wordpress\/ -->\r\n<title>Teresa Del Jesus Per\u00e9z Caama\u00f1o - CAID<\/title>\r\n<meta name=\"robots\" content=\"index, follow, max-snippet:-1, max-image-preview:large, max-video-preview:-1\" \/>\r\n<link rel=\"canonical\" href=\"https:\/\/caid.gob.do\/caid\/inicio\/sobre-nosotros\/consejo-de-directivos\/teresa-del-jesus-perez-caamano\/\" \/>\r\n<meta property=\"og:locale\" content=\"es_ES\" \/>\r\n<meta property=\"og:type\" content=\"article\" \/>\r\n<meta property=\"og:title\" content=\"Teresa Del Jesus Per\u00e9z Caama\u00f1o - CAID\" \/>\r\n<meta property=\"og:description\" content=\"Actual servidora p\u00fablica del sector financiero, con experiencia en la administraci\u00f3n privada y p\u00fablica de m\u00e1s de 40 a\u00f1os en el sector. Fue designada como miembro honor\u00edfico del Consejo Directivo del CAID mediante el Decreto 850-21, emitido por el presidente Luis Abinader el 5 de enero de 2022\" \/>\r\n<meta property=\"og:url\" content=\"https:\/\/caid.gob.do\/caid\/inicio\/sobre-nosotros\/consejo-de-directivos\/teresa-del-jesus-perez-caamano\/\" \/>\r\n<meta property=\"og:site_name\" content=\"CAID\" \/>\r\n<meta property=\"article:publisher\" content=\"https:\/\/www.facebook.com\/redcaidrd\" \/>\r\n<meta property=\"article:modified_time\" content=\"2024-04-04T14:08:11+00:00\" \/>\r\n<meta property=\"og:image\" content=\"https:\/\/caid.gob.do\/caid\/wp-content\/uploads\/Teresa-perfil-2.jpg\" \/>\r\n\t<meta property=\"og:image:width\" content=\"3429\" \/>\r\n\t<meta property=\"og:image:height\" content=\"4472\" \/>\r\n\t<meta property=\"og:image:type\" content=\"image\/jpeg\" \/>\r\n<meta name=\"twitter:card\" content=\"summary_large_image\" \/>\r\n<meta name=\"twitter:site\" content=\"@CAIDRDO\" \/>\r\n<meta name=\"twitter:label1\" content=\"Est. reading time\" \/>\n\t<meta name=\"twitter:data1\" content=\"2 minutos\" \/>\r\n<script type=\"application\/ld+json\" class=\"yoast-schema-graph\">{\"@context\":\"https:\/\/schema.org\",\"@graph\":[{\"@type\":\"WebPage\",\"@id\":\"https:\/\/caid.gob.do\/caid\/inicio\/sobre-nosotros\/consejo-de-directivos\/teresa-del-jesus-perez-caamano\/\",\"url\":\"https:\/\/caid.gob.do\/caid\/inicio\/sobre-nosotros\/consejo-de-directivos\/teresa-del-jesus-perez-caamano\/\",\"name\":\"Teresa Del Jesus Per\u00e9z Caama\u00f1o - CAID\",\"isPartOf\":{\"@id\":\"https:\/\/caid.gob.do\/caid\/#website\"},\"primaryImageOfPage\":{\"@id\":\"https:\/\/caid.gob.do\/caid\/inicio\/sobre-nosotros\/consejo-de-directivos\/teresa-del-jesus-perez-caamano\/#primaryimage\"},\"image\":{\"@id\":\"https:\/\/caid.gob.do\/caid\/inicio\/sobre-nosotros\/consejo-de-directivos\/teresa-del-jesus-perez-caamano\/#primaryimage\"},\"thumbnailUrl\":\"https:\/\/caid.gob.do\/caid\/wp-content\/uploads\/Teresa-perfil-2.jpg\",\"datePublished\":\"2023-10-17T12:45:14+00:00\",\"dateModified\":\"2024-04-04T14:08:11+00:00\",\"breadcrumb\":{\"@id\":\"https:\/\/caid.gob.do\/caid\/inicio\/sobre-nosotros\/consejo-de-directivos\/teresa-del-jesus-perez-caamano\/#breadcrumb\"},\"inLanguage\":\"es-DO\",\"potentialAction\":[{\"@type\":\"ReadAction\",\"target\":[\"https:\/\/caid.gob.do\/caid\/inicio\/sobre-nosotros\/consejo-de-directivos\/teresa-del-jesus-perez-caamano\/\"]}]},{\"@type\":\"ImageObject\",\"inLanguage\":\"es-DO\",\"@id\":\"https:\/\/caid.gob.do\/caid\/inicio\/sobre-nosotros\/consejo-de-directivos\/teresa-del-jesus-perez-caamano\/#primaryimage\",\"url\":\"https:\/\/caid.gob.do\/caid\/wp-content\/uploads\/Teresa-perfil-2.jpg\",\"contentUrl\":\"https:\/\/caid.gob.do\/caid\/wp-content\/uploads\/Teresa-perfil-2.jpg\",\"width\":3429,\"height\":4472},{\"@type\":\"BreadcrumbList\",\"@id\":\"https:\/\/caid.gob.do\/caid\/inicio\/sobre-nosotros\/consejo-de-directivos\/teresa-del-jesus-perez-caamano\/#breadcrumb\",\"itemListElement\":[{\"@type\":\"ListItem\",\"position\":1,\"name\":\"Est\u00e1s aqu\u00ed:\",\"item\":\"https:\/\/caid.gob.do\/caid\/\"},{\"@type\":\"ListItem\",\"position\":2,\"name\":\"Inicio\",\"item\":\"https:\/\/caid.gob.do\/caid\/\"},{\"@type\":\"ListItem\",\"position\":3,\"name\":\"Sobre nosotros\",\"item\":\"https:\/\/caid.gob.do\/caid\/pagina-de-inicio\/sobre-nosotros\/\"},{\"@type\":\"ListItem\",\"position\":4,\"name\":\"Consejo Directivo\",\"item\":\"https:\/\/caid.gob.do\/caid\/inicio\/sobre-nosotros\/consejo-de-directivos\/\"},{\"@type\":\"ListItem\",\"position\":5,\"name\":\"Teresa Del Jesus Per\u00e9z Caama\u00f1o\"}]},{\"@type\":\"WebSite\",\"@id\":\"https:\/\/caid.gob.do\/caid\/#website\",\"url\":\"https:\/\/caid.gob.do\/caid\/\",\"name\":\"CAID\",\"description\":\"Centro de Atenci\u00f3n Integral a la Discapacidad\",\"publisher\":{\"@id\":\"https:\/\/caid.gob.do\/caid\/#organization\"},\"potentialAction\":[{\"@type\":\"SearchAction\",\"target\":{\"@type\":\"EntryPoint\",\"urlTemplate\":\"https:\/\/caid.gob.do\/caid\/?s={search_term_string}\"},\"query-input\":{\"@type\":\"PropertyValueSpecification\",\"valueRequired\":true,\"valueName\":\"search_term_string\"}}],\"inLanguage\":\"es-DO\"},{\"@type\":\"Organization\",\"@id\":\"https:\/\/caid.gob.do\/caid\/#organization\",\"name\":\"Centro de Atenci\u00f3n Integral para la Discapacidad\",\"url\":\"https:\/\/caid.gob.do\/caid\/\",\"logo\":{\"@type\":\"ImageObject\",\"inLanguage\":\"es-DO\",\"@id\":\"https:\/\/caid.gob.do\/caid\/#\/schema\/logo\/image\/\",\"url\":\"https:\/\/caid.gob.do\/caid\/wp-content\/uploads\/CAID-LOGOS-EN-PNG_Mesa-de-trabajo-1-2-1024x505-1.png\",\"contentUrl\":\"https:\/\/caid.gob.do\/caid\/wp-content\/uploads\/CAID-LOGOS-EN-PNG_Mesa-de-trabajo-1-2-1024x505-1.png\",\"width\":1024,\"height\":505,\"caption\":\"Centro de Atenci\u00f3n Integral para la Discapacidad\"},\"image\":{\"@id\":\"https:\/\/caid.gob.do\/caid\/#\/schema\/logo\/image\/\"},\"sameAs\":[\"https:\/\/www.facebook.com\/redcaidrd\",\"https:\/\/x.com\/CAIDRDO\",\"https:\/\/www.instagram.com\/caidrd\/\",\"https:\/\/www.youtube.com\/channel\/UCLnt-fnRlxQdgJQwjgWkrCg\"]}]}<\/script>\r\n<!-- \/ Yoast SEO plugin. -->","yoast_head_json":{"title":"Teresa Del Jesus Per\u00e9z Caama\u00f1o - CAID","robots":{"index":"index","follow":"follow","max-snippet":"max-snippet:-1","max-image-preview":"max-image-preview:large","max-video-preview":"max-video-preview:-1"},"canonical":"https:\/\/caid.gob.do\/caid\/inicio\/sobre-nosotros\/consejo-de-directivos\/teresa-del-jesus-perez-caamano\/","og_locale":"es_ES","og_type":"article","og_title":"Teresa Del Jesus Per\u00e9z Caama\u00f1o - CAID","og_description":"Actual servidora p\u00fablica del sector financiero, con experiencia en la administraci\u00f3n privada y p\u00fablica de m\u00e1s de 40 a\u00f1os en el sector. Fue designada como miembro honor\u00edfico del Consejo Directivo del CAID mediante el Decreto 850-21, emitido por el presidente Luis Abinader el 5 de enero de 2022","og_url":"https:\/\/caid.gob.do\/caid\/inicio\/sobre-nosotros\/consejo-de-directivos\/teresa-del-jesus-perez-caamano\/","og_site_name":"CAID","article_publisher":"https:\/\/www.facebook.com\/redcaidrd","article_modified_time":"2024-04-04T14:08:11+00:00","og_image":[{"width":3429,"height":4472,"url":"https:\/\/caid.gob.do\/caid\/wp-content\/uploads\/Teresa-perfil-2.jpg","type":"image\/jpeg"}],"twitter_card":"summary_large_image","twitter_site":"@CAIDRDO","twitter_misc":{"Est. reading time":"2 minutos"},"schema":{"@context":"https:\/\/schema.org","@graph":[{"@type":"WebPage","@id":"https:\/\/caid.gob.do\/caid\/inicio\/sobre-nosotros\/consejo-de-directivos\/teresa-del-jesus-perez-caamano\/","url":"https:\/\/caid.gob.do\/caid\/inicio\/sobre-nosotros\/consejo-de-directivos\/teresa-del-jesus-perez-caamano\/","name":"Teresa Del Jesus Per\u00e9z Caama\u00f1o - CAID","isPartOf":{"@id":"https:\/\/caid.gob.do\/caid\/#website"},"primaryImageOfPage":{"@id":"https:\/\/caid.gob.do\/caid\/inicio\/sobre-nosotros\/consejo-de-directivos\/teresa-del-jesus-perez-caamano\/#primaryimage"},"image":{"@id":"https:\/\/caid.gob.do\/caid\/inicio\/sobre-nosotros\/consejo-de-directivos\/teresa-del-jesus-perez-caamano\/#primaryimage"},"thumbnailUrl":"https:\/\/caid.gob.do\/caid\/wp-content\/uploads\/Teresa-perfil-2.jpg","datePublished":"2023-10-17T12:45:14+00:00","dateModified":"2024-04-04T14:08:11+00:00","breadcrumb":{"@id":"https:\/\/caid.gob.do\/caid\/inicio\/sobre-nosotros\/consejo-de-directivos\/teresa-del-jesus-perez-caamano\/#breadcrumb"},"inLanguage":"es-DO","potentialAction":[{"@type":"ReadAction","target":["https:\/\/caid.gob.do\/caid\/inicio\/sobre-nosotros\/consejo-de-directivos\/teresa-del-jesus-perez-caamano\/"]}]},{"@type":"ImageObject","inLanguage":"es-DO","@id":"https:\/\/caid.gob.do\/caid\/inicio\/sobre-nosotros\/consejo-de-directivos\/teresa-del-jesus-perez-caamano\/#primaryimage","url":"https:\/\/caid.gob.do\/caid\/wp-content\/uploads\/Teresa-perfil-2.jpg","contentUrl":"https:\/\/caid.gob.do\/caid\/wp-content\/uploads\/Teresa-perfil-2.jpg","width":3429,"height":4472},{"@type":"BreadcrumbList","@id":"https:\/\/caid.gob.do\/caid\/inicio\/sobre-nosotros\/consejo-de-directivos\/teresa-del-jesus-perez-caamano\/#breadcrumb","itemListElement":[{"@type":"ListItem","position":1,"name":"Est\u00e1s aqu\u00ed:","item":"https:\/\/caid.gob.do\/caid\/"},{"@type":"ListItem","position":2,"name":"Inicio","item":"https:\/\/caid.gob.do\/caid\/"},{"@type":"ListItem","position":3,"name":"Sobre nosotros","item":"https:\/\/caid.gob.do\/caid\/pagina-de-inicio\/sobre-nosotros\/"},{"@type":"ListItem","position":4,"name":"Consejo Directivo","item":"https:\/\/caid.gob.do\/caid\/inicio\/sobre-nosotros\/consejo-de-directivos\/"},{"@type":"ListItem","position":5,"name":"Teresa Del Jesus Per\u00e9z Caama\u00f1o"}]},{"@type":"WebSite","@id":"https:\/\/caid.gob.do\/caid\/#website","url":"https:\/\/caid.gob.do\/caid\/","name":"CAID","description":"Centro de Atenci\u00f3n Integral a la Discapacidad","publisher":{"@id":"https:\/\/caid.gob.do\/caid\/#organization"},"potentialAction":[{"@type":"SearchAction","target":{"@type":"EntryPoint","urlTemplate":"https:\/\/caid.gob.do\/caid\/?s={search_term_string}"},"query-input":{"@type":"PropertyValueSpecification","valueRequired":true,"valueName":"search_term_string"}}],"inLanguage":"es-DO"},{"@type":"Organization","@id":"https:\/\/caid.gob.do\/caid\/#organization","name":"Centro de Atenci\u00f3n Integral para la Discapacidad","url":"https:\/\/caid.gob.do\/caid\/","logo":{"@type":"ImageObject","inLanguage":"es-DO","@id":"https:\/\/caid.gob.do\/caid\/#\/schema\/logo\/image\/","url":"https:\/\/caid.gob.do\/caid\/wp-content\/uploads\/CAID-LOGOS-EN-PNG_Mesa-de-trabajo-1-2-1024x505-1.png","contentUrl":"https:\/\/caid.gob.do\/caid\/wp-content\/uploads\/CAID-LOGOS-EN-PNG_Mesa-de-trabajo-1-2-1024x505-1.png","width":1024,"height":505,"caption":"Centro de Atenci\u00f3n Integral para la Discapacidad"},"image":{"@id":"https:\/\/caid.gob.do\/caid\/#\/schema\/logo\/image\/"},"sameAs":["https:\/\/www.facebook.com\/redcaidrd","https:\/\/x.com\/CAIDRDO","https:\/\/www.instagram.com\/caidrd\/","https:\/\/www.youtube.com\/channel\/UCLnt-fnRlxQdgJQwjgWkrCg"]}]}},"jetpack_sharing_enabled":true,"_links":{"self":[{"href":"https:\/\/caid.gob.do\/caid\/wp-json\/wp\/v2\/pages\/14760","targetHints":{"allow":["GET"]}}],"collection":[{"href":"https:\/\/caid.gob.do\/caid\/wp-json\/wp\/v2\/pages"}],"about":[{"href":"https:\/\/caid.gob.do\/caid\/wp-json\/wp\/v2\/types\/page"}],"author":[{"embeddable":true,"href":"https:\/\/caid.gob.do\/caid\/wp-json\/wp\/v2\/users\/1"}],"replies":[{"embeddable":true,"href":"https:\/\/caid.gob.do\/caid\/wp-json\/wp\/v2\/comments?post=14760"}],"version-history":[{"count":10,"href":"https:\/\/caid.gob.do\/caid\/wp-json\/wp\/v2\/pages\/14760\/revisions"}],"predecessor-version":[{"id":16770,"href":"https:\/\/caid.gob.do\/caid\/wp-json\/wp\/v2\/pages\/14760\/revisions\/16770"}],"up":[{"embeddable":true,"href":"https:\/\/caid.gob.do\/caid\/wp-json\/wp\/v2\/pages\/141"}],"wp:featuredmedia":[{"embeddable":true,"href":"https:\/\/caid.gob.do\/caid\/wp-json\/wp\/v2\/media\/13605"}],"wp:attachment":[{"href":"https:\/\/caid.gob.do\/caid\/wp-json\/wp\/v2\/media?parent=14760"}],"curies":[{"name":"wp","href":"https:\/\/api.w.org\/{rel}","templated":true}]}}