{"id":14768,"date":"2023-10-17T08:49:47","date_gmt":"2023-10-17T12:49:47","guid":{"rendered":"https:\/\/caid.gob.do\/caid\/?page_id=14768"},"modified":"2024-10-07T12:15:33","modified_gmt":"2024-10-07T16:15:33","slug":"nancy-mones","status":"publish","type":"page","link":"https:\/\/caid.gob.do\/caid\/inicio\/sobre-nosotros\/consejo-de-directivos\/nancy-mones\/","title":{"rendered":"Nancy Mones"},"content":{"rendered":"\t\t<div data-elementor-type=\"wp-page\" data-elementor-id=\"14768\" class=\"elementor elementor-14768\" data-elementor-post-type=\"page\">\n\t\t\t\t<div class=\"elementor-element elementor-element-a90f484 e-con-full e-flex e-con e-parent\" data-id=\"a90f484\" data-element_type=\"container\" data-e-type=\"container\">\n\t\t\t\t<div class=\"elementor-element elementor-element-7d03e85 elementor-widget elementor-widget-text-editor\" data-id=\"7d03e85\" data-element_type=\"widget\" data-e-type=\"widget\" data-widget_type=\"text-editor.default\">\n\t\t\t\t<div class=\"elementor-widget-container\">\n\t\t\t\t\t\t\t\t\t<p><img loading=\"lazy\" decoding=\"async\" width=\"1337\" height=\"1600\" class=\"wp-image-13610\" src=\"https:\/\/caid.gob.do\/caid\/wp-content\/uploads\/Nancy-perfil-1.jpeg\" \/> Psic\u00f3loga cl\u00ednica y terapeuta familiar con m\u00e1s de dos d\u00e9cadas de experiencia en consulta privada. Adem\u00e1s, se desempe\u00f1a como docente y conferencista en diversos \u00e1mbitos, tanto a nivel local como internacional.<\/p>\n<p>Ha ocupado el cargo de Analista Senior de \u00c9tica y Conducta Corporativa en <strong>Claro Dominicana<\/strong>, donde fue responsable del Programa de \u00c9tica y Conducta Corporativa de la compa\u00f1\u00eda y de la coordinaci\u00f3n general del Programa de Mejoramiento de Conducta.<\/p>\n<p>Desde 2022, forma parte del Consejo Directivo del <strong>CAID<\/strong>.<\/p>\n<h4>Experiencia docente:<\/h4>\n<ul>\n<li><strong>Instituto de Sexualidad Humana (UASD)<\/strong>: Maestr\u00eda en Intervenci\u00f3n en Sistemas y Terapia Familiar.<\/li>\n<li><strong>Alianza por la Visi\u00f3n Integral (AVI)<\/strong>: Coordinadora y facilitadora del m\u00f3dulo para consejeros &#8211; Agentes de Paz &#8211; sobre violencia intrafamiliar.<\/li>\n<li><strong>Instituto Tecnol\u00f3gico de Santo Domingo (INTEC)<\/strong>: Maestr\u00eda en Intervenci\u00f3n en Sistemas y Terapia Familiar.<\/li>\n<\/ul>\n<h4>Como terapeuta ha formado parte de:<\/h4>\n<ul>\n<li><strong>Grupo de Reflexi\u00f3n e Intervenci\u00f3n Psicoterap\u00e9utica (GRIP)<\/strong>.<\/li>\n<li><strong>Centro Cristiano de Asesoramiento Familiar (CECAF)<\/strong>.<\/li>\n<li><strong>Patronato Ayuda Casos Mujeres Maltratadas (PACAM)<\/strong>.<\/li>\n<\/ul>\n<h4>Formaci\u00f3n acad\u00e9mica:<\/h4>\n<ul>\n<li><strong>Universidad Aut\u00f3noma de Santo Domingo<\/strong>: Facultad de Ciencias de la Salud.<\/li>\n<li><strong>Instituto de Sexualidad Humana<\/strong>: Maestr\u00eda en Terapia Familiar.<\/li>\n<li><strong>Universidad Aut\u00f3noma de Santo Domingo<\/strong>: Licenciatura en Psicolog\u00eda Cl\u00ednica.<\/li>\n<li><strong>INFOTEP<\/strong>: Curso de Formaci\u00f3n Metodol\u00f3gica para Facilitadores de la Formaci\u00f3n Profesional.<\/li>\n<li><strong>Grace Pons<\/strong>: Taller de Retroalimentaci\u00f3n para l\u00edderes.<\/li>\n<li><strong>UNIBE<\/strong>: Diplomado en Liderazgo para Mandos Medios.<\/li>\n<li><strong>INTRAS<\/strong>: Seminario de \u00c9tica y Compliance Empresarial.<\/li>\n<li><strong>Fundaci\u00f3n Democracia y Derechos Humanos (FUNDEH)<\/strong>: Diplomado en Derecho Laboral.<\/li>\n<\/ul>\t\t\t\t\t\t\t\t<\/div>\n\t\t\t\t<\/div>\n\t\t\t\t<\/div>\n\t\t\t\t<\/div>\n\t\t","protected":false},"excerpt":{"rendered":"<p>Actualmente se desempe\u00f1a como analista senior de \u00e9tica y conducta corporativa de Claro Dominicana. Est\u00e1 a cargo del Programa \u00c9tica y Conducta Corporativa de la Compa\u00f1\u00eda, que incluye consultas de casos \u00e9ticos, charlas, documentaci\u00f3n, programa de comunicaci\u00f3n anual, participaci\u00f3n con voz en el Comit\u00e9 de \u00c9tica y participaci\u00f3n con voz y voto en el Sub-Comit\u00e9 de \u00c9tica que revisa y aprueba acciones para casos del Portal de Denuncias. La posici\u00f3n est\u00e1 a cargo del marco conceptual del Programa Mejoramiento de Conducta, y la coordinaci\u00f3n del Comit\u00e9 de Mejoramiento de Conducta para aplicaci\u00f3n de consecuencias.<\/p>\n","protected":false},"author":1,"featured_media":13600,"parent":141,"menu_order":0,"comment_status":"closed","ping_status":"closed","template":"","meta":{"_acf_changed":false,"footnotes":""},"class_list":["post-14768","page","type-page","status-publish","has-post-thumbnail","hentry"],"acf":[],"yoast_head":"<!-- This site is optimized with the Yoast SEO plugin v27.0 - https:\/\/yoast.com\/product\/yoast-seo-wordpress\/ -->\r\n<title>Nancy Mones - CAID<\/title>\r\n<meta name=\"robots\" content=\"index, follow, max-snippet:-1, max-image-preview:large, max-video-preview:-1\" \/>\r\n<link rel=\"canonical\" href=\"https:\/\/caid.gob.do\/caid\/inicio\/sobre-nosotros\/consejo-de-directivos\/nancy-mones\/\" \/>\r\n<meta property=\"og:locale\" content=\"es_ES\" \/>\r\n<meta property=\"og:type\" content=\"article\" \/>\r\n<meta property=\"og:title\" content=\"Nancy Mones - CAID\" \/>\r\n<meta property=\"og:description\" content=\"Actualmente se desempe\u00f1a como analista senior de \u00e9tica y conducta corporativa de Claro Dominicana. Est\u00e1 a cargo del Programa \u00c9tica y Conducta Corporativa de la Compa\u00f1\u00eda, que incluye consultas de casos \u00e9ticos, charlas, documentaci\u00f3n, programa de comunicaci\u00f3n anual, participaci\u00f3n con voz en el Comit\u00e9 de \u00c9tica y participaci\u00f3n con voz y voto en el Sub-Comit\u00e9 de \u00c9tica que revisa y aprueba acciones para casos del Portal de Denuncias. La posici\u00f3n est\u00e1 a cargo del marco conceptual del Programa Mejoramiento de Conducta, y la coordinaci\u00f3n del Comit\u00e9 de Mejoramiento de Conducta para aplicaci\u00f3n de consecuencias.\" \/>\r\n<meta property=\"og:url\" content=\"https:\/\/caid.gob.do\/caid\/inicio\/sobre-nosotros\/consejo-de-directivos\/nancy-mones\/\" \/>\r\n<meta property=\"og:site_name\" content=\"CAID\" \/>\r\n<meta property=\"article:publisher\" content=\"https:\/\/www.facebook.com\/redcaidrd\" \/>\r\n<meta property=\"article:modified_time\" content=\"2024-10-07T16:15:33+00:00\" \/>\r\n<meta property=\"og:image\" content=\"https:\/\/caid.gob.do\/caid\/wp-content\/uploads\/Nancy-perfil-2.jpeg\" \/>\r\n\t<meta property=\"og:image:width\" content=\"1291\" \/>\r\n\t<meta property=\"og:image:height\" content=\"1600\" \/>\r\n\t<meta property=\"og:image:type\" content=\"image\/jpeg\" \/>\r\n<meta name=\"twitter:card\" content=\"summary_large_image\" \/>\r\n<meta name=\"twitter:site\" content=\"@CAIDRDO\" \/>\r\n<meta name=\"twitter:label1\" content=\"Est. reading time\" \/>\n\t<meta name=\"twitter:data1\" content=\"2 minutos\" \/>\r\n<script type=\"application\/ld+json\" class=\"yoast-schema-graph\">{\"@context\":\"https:\/\/schema.org\",\"@graph\":[{\"@type\":\"WebPage\",\"@id\":\"https:\/\/caid.gob.do\/caid\/inicio\/sobre-nosotros\/consejo-de-directivos\/nancy-mones\/\",\"url\":\"https:\/\/caid.gob.do\/caid\/inicio\/sobre-nosotros\/consejo-de-directivos\/nancy-mones\/\",\"name\":\"Nancy Mones - CAID\",\"isPartOf\":{\"@id\":\"https:\/\/caid.gob.do\/caid\/#website\"},\"primaryImageOfPage\":{\"@id\":\"https:\/\/caid.gob.do\/caid\/inicio\/sobre-nosotros\/consejo-de-directivos\/nancy-mones\/#primaryimage\"},\"image\":{\"@id\":\"https:\/\/caid.gob.do\/caid\/inicio\/sobre-nosotros\/consejo-de-directivos\/nancy-mones\/#primaryimage\"},\"thumbnailUrl\":\"https:\/\/caid.gob.do\/caid\/wp-content\/uploads\/Nancy-perfil-2.jpeg\",\"datePublished\":\"2023-10-17T12:49:47+00:00\",\"dateModified\":\"2024-10-07T16:15:33+00:00\",\"breadcrumb\":{\"@id\":\"https:\/\/caid.gob.do\/caid\/inicio\/sobre-nosotros\/consejo-de-directivos\/nancy-mones\/#breadcrumb\"},\"inLanguage\":\"es-DO\",\"potentialAction\":[{\"@type\":\"ReadAction\",\"target\":[\"https:\/\/caid.gob.do\/caid\/inicio\/sobre-nosotros\/consejo-de-directivos\/nancy-mones\/\"]}]},{\"@type\":\"ImageObject\",\"inLanguage\":\"es-DO\",\"@id\":\"https:\/\/caid.gob.do\/caid\/inicio\/sobre-nosotros\/consejo-de-directivos\/nancy-mones\/#primaryimage\",\"url\":\"https:\/\/caid.gob.do\/caid\/wp-content\/uploads\/Nancy-perfil-2.jpeg\",\"contentUrl\":\"https:\/\/caid.gob.do\/caid\/wp-content\/uploads\/Nancy-perfil-2.jpeg\",\"width\":1291,\"height\":1600},{\"@type\":\"BreadcrumbList\",\"@id\":\"https:\/\/caid.gob.do\/caid\/inicio\/sobre-nosotros\/consejo-de-directivos\/nancy-mones\/#breadcrumb\",\"itemListElement\":[{\"@type\":\"ListItem\",\"position\":1,\"name\":\"Est\u00e1s aqu\u00ed:\",\"item\":\"https:\/\/caid.gob.do\/caid\/\"},{\"@type\":\"ListItem\",\"position\":2,\"name\":\"Inicio\",\"item\":\"https:\/\/caid.gob.do\/caid\/\"},{\"@type\":\"ListItem\",\"position\":3,\"name\":\"Sobre nosotros\",\"item\":\"https:\/\/caid.gob.do\/caid\/pagina-de-inicio\/sobre-nosotros\/\"},{\"@type\":\"ListItem\",\"position\":4,\"name\":\"Consejo Directivo\",\"item\":\"https:\/\/caid.gob.do\/caid\/inicio\/sobre-nosotros\/consejo-de-directivos\/\"},{\"@type\":\"ListItem\",\"position\":5,\"name\":\"Nancy Mones\"}]},{\"@type\":\"WebSite\",\"@id\":\"https:\/\/caid.gob.do\/caid\/#website\",\"url\":\"https:\/\/caid.gob.do\/caid\/\",\"name\":\"CAID\",\"description\":\"Centro de Atenci\u00f3n Integral a la Discapacidad\",\"publisher\":{\"@id\":\"https:\/\/caid.gob.do\/caid\/#organization\"},\"potentialAction\":[{\"@type\":\"SearchAction\",\"target\":{\"@type\":\"EntryPoint\",\"urlTemplate\":\"https:\/\/caid.gob.do\/caid\/?s={search_term_string}\"},\"query-input\":{\"@type\":\"PropertyValueSpecification\",\"valueRequired\":true,\"valueName\":\"search_term_string\"}}],\"inLanguage\":\"es-DO\"},{\"@type\":\"Organization\",\"@id\":\"https:\/\/caid.gob.do\/caid\/#organization\",\"name\":\"Centro de Atenci\u00f3n Integral para la Discapacidad\",\"url\":\"https:\/\/caid.gob.do\/caid\/\",\"logo\":{\"@type\":\"ImageObject\",\"inLanguage\":\"es-DO\",\"@id\":\"https:\/\/caid.gob.do\/caid\/#\/schema\/logo\/image\/\",\"url\":\"https:\/\/caid.gob.do\/caid\/wp-content\/uploads\/CAID-LOGOS-EN-PNG_Mesa-de-trabajo-1-2-1024x505-1.png\",\"contentUrl\":\"https:\/\/caid.gob.do\/caid\/wp-content\/uploads\/CAID-LOGOS-EN-PNG_Mesa-de-trabajo-1-2-1024x505-1.png\",\"width\":1024,\"height\":505,\"caption\":\"Centro de Atenci\u00f3n Integral para la Discapacidad\"},\"image\":{\"@id\":\"https:\/\/caid.gob.do\/caid\/#\/schema\/logo\/image\/\"},\"sameAs\":[\"https:\/\/www.facebook.com\/redcaidrd\",\"https:\/\/x.com\/CAIDRDO\",\"https:\/\/www.instagram.com\/caidrd\/\",\"https:\/\/www.youtube.com\/channel\/UCLnt-fnRlxQdgJQwjgWkrCg\"]}]}<\/script>\r\n<!-- \/ Yoast SEO plugin. -->","yoast_head_json":{"title":"Nancy Mones - CAID","robots":{"index":"index","follow":"follow","max-snippet":"max-snippet:-1","max-image-preview":"max-image-preview:large","max-video-preview":"max-video-preview:-1"},"canonical":"https:\/\/caid.gob.do\/caid\/inicio\/sobre-nosotros\/consejo-de-directivos\/nancy-mones\/","og_locale":"es_ES","og_type":"article","og_title":"Nancy Mones - CAID","og_description":"Actualmente se desempe\u00f1a como analista senior de \u00e9tica y conducta corporativa de Claro Dominicana. Est\u00e1 a cargo del Programa \u00c9tica y Conducta Corporativa de la Compa\u00f1\u00eda, que incluye consultas de casos \u00e9ticos, charlas, documentaci\u00f3n, programa de comunicaci\u00f3n anual, participaci\u00f3n con voz en el Comit\u00e9 de \u00c9tica y participaci\u00f3n con voz y voto en el Sub-Comit\u00e9 de \u00c9tica que revisa y aprueba acciones para casos del Portal de Denuncias. La posici\u00f3n est\u00e1 a cargo del marco conceptual del Programa Mejoramiento de Conducta, y la coordinaci\u00f3n del Comit\u00e9 de Mejoramiento de Conducta para aplicaci\u00f3n de consecuencias.","og_url":"https:\/\/caid.gob.do\/caid\/inicio\/sobre-nosotros\/consejo-de-directivos\/nancy-mones\/","og_site_name":"CAID","article_publisher":"https:\/\/www.facebook.com\/redcaidrd","article_modified_time":"2024-10-07T16:15:33+00:00","og_image":[{"width":1291,"height":1600,"url":"https:\/\/caid.gob.do\/caid\/wp-content\/uploads\/Nancy-perfil-2.jpeg","type":"image\/jpeg"}],"twitter_card":"summary_large_image","twitter_site":"@CAIDRDO","twitter_misc":{"Est. reading time":"2 minutos"},"schema":{"@context":"https:\/\/schema.org","@graph":[{"@type":"WebPage","@id":"https:\/\/caid.gob.do\/caid\/inicio\/sobre-nosotros\/consejo-de-directivos\/nancy-mones\/","url":"https:\/\/caid.gob.do\/caid\/inicio\/sobre-nosotros\/consejo-de-directivos\/nancy-mones\/","name":"Nancy Mones - CAID","isPartOf":{"@id":"https:\/\/caid.gob.do\/caid\/#website"},"primaryImageOfPage":{"@id":"https:\/\/caid.gob.do\/caid\/inicio\/sobre-nosotros\/consejo-de-directivos\/nancy-mones\/#primaryimage"},"image":{"@id":"https:\/\/caid.gob.do\/caid\/inicio\/sobre-nosotros\/consejo-de-directivos\/nancy-mones\/#primaryimage"},"thumbnailUrl":"https:\/\/caid.gob.do\/caid\/wp-content\/uploads\/Nancy-perfil-2.jpeg","datePublished":"2023-10-17T12:49:47+00:00","dateModified":"2024-10-07T16:15:33+00:00","breadcrumb":{"@id":"https:\/\/caid.gob.do\/caid\/inicio\/sobre-nosotros\/consejo-de-directivos\/nancy-mones\/#breadcrumb"},"inLanguage":"es-DO","potentialAction":[{"@type":"ReadAction","target":["https:\/\/caid.gob.do\/caid\/inicio\/sobre-nosotros\/consejo-de-directivos\/nancy-mones\/"]}]},{"@type":"ImageObject","inLanguage":"es-DO","@id":"https:\/\/caid.gob.do\/caid\/inicio\/sobre-nosotros\/consejo-de-directivos\/nancy-mones\/#primaryimage","url":"https:\/\/caid.gob.do\/caid\/wp-content\/uploads\/Nancy-perfil-2.jpeg","contentUrl":"https:\/\/caid.gob.do\/caid\/wp-content\/uploads\/Nancy-perfil-2.jpeg","width":1291,"height":1600},{"@type":"BreadcrumbList","@id":"https:\/\/caid.gob.do\/caid\/inicio\/sobre-nosotros\/consejo-de-directivos\/nancy-mones\/#breadcrumb","itemListElement":[{"@type":"ListItem","position":1,"name":"Est\u00e1s aqu\u00ed:","item":"https:\/\/caid.gob.do\/caid\/"},{"@type":"ListItem","position":2,"name":"Inicio","item":"https:\/\/caid.gob.do\/caid\/"},{"@type":"ListItem","position":3,"name":"Sobre nosotros","item":"https:\/\/caid.gob.do\/caid\/pagina-de-inicio\/sobre-nosotros\/"},{"@type":"ListItem","position":4,"name":"Consejo Directivo","item":"https:\/\/caid.gob.do\/caid\/inicio\/sobre-nosotros\/consejo-de-directivos\/"},{"@type":"ListItem","position":5,"name":"Nancy Mones"}]},{"@type":"WebSite","@id":"https:\/\/caid.gob.do\/caid\/#website","url":"https:\/\/caid.gob.do\/caid\/","name":"CAID","description":"Centro de Atenci\u00f3n Integral a la Discapacidad","publisher":{"@id":"https:\/\/caid.gob.do\/caid\/#organization"},"potentialAction":[{"@type":"SearchAction","target":{"@type":"EntryPoint","urlTemplate":"https:\/\/caid.gob.do\/caid\/?s={search_term_string}"},"query-input":{"@type":"PropertyValueSpecification","valueRequired":true,"valueName":"search_term_string"}}],"inLanguage":"es-DO"},{"@type":"Organization","@id":"https:\/\/caid.gob.do\/caid\/#organization","name":"Centro de Atenci\u00f3n Integral para la Discapacidad","url":"https:\/\/caid.gob.do\/caid\/","logo":{"@type":"ImageObject","inLanguage":"es-DO","@id":"https:\/\/caid.gob.do\/caid\/#\/schema\/logo\/image\/","url":"https:\/\/caid.gob.do\/caid\/wp-content\/uploads\/CAID-LOGOS-EN-PNG_Mesa-de-trabajo-1-2-1024x505-1.png","contentUrl":"https:\/\/caid.gob.do\/caid\/wp-content\/uploads\/CAID-LOGOS-EN-PNG_Mesa-de-trabajo-1-2-1024x505-1.png","width":1024,"height":505,"caption":"Centro de Atenci\u00f3n Integral para la Discapacidad"},"image":{"@id":"https:\/\/caid.gob.do\/caid\/#\/schema\/logo\/image\/"},"sameAs":["https:\/\/www.facebook.com\/redcaidrd","https:\/\/x.com\/CAIDRDO","https:\/\/www.instagram.com\/caidrd\/","https:\/\/www.youtube.com\/channel\/UCLnt-fnRlxQdgJQwjgWkrCg"]}]}},"jetpack_sharing_enabled":true,"_links":{"self":[{"href":"https:\/\/caid.gob.do\/caid\/wp-json\/wp\/v2\/pages\/14768","targetHints":{"allow":["GET"]}}],"collection":[{"href":"https:\/\/caid.gob.do\/caid\/wp-json\/wp\/v2\/pages"}],"about":[{"href":"https:\/\/caid.gob.do\/caid\/wp-json\/wp\/v2\/types\/page"}],"author":[{"embeddable":true,"href":"https:\/\/caid.gob.do\/caid\/wp-json\/wp\/v2\/users\/1"}],"replies":[{"embeddable":true,"href":"https:\/\/caid.gob.do\/caid\/wp-json\/wp\/v2\/comments?post=14768"}],"version-history":[{"count":13,"href":"https:\/\/caid.gob.do\/caid\/wp-json\/wp\/v2\/pages\/14768\/revisions"}],"predecessor-version":[{"id":19045,"href":"https:\/\/caid.gob.do\/caid\/wp-json\/wp\/v2\/pages\/14768\/revisions\/19045"}],"up":[{"embeddable":true,"href":"https:\/\/caid.gob.do\/caid\/wp-json\/wp\/v2\/pages\/141"}],"wp:featuredmedia":[{"embeddable":true,"href":"https:\/\/caid.gob.do\/caid\/wp-json\/wp\/v2\/media\/13600"}],"wp:attachment":[{"href":"https:\/\/caid.gob.do\/caid\/wp-json\/wp\/v2\/media?parent=14768"}],"curies":[{"name":"wp","href":"https:\/\/api.w.org\/{rel}","templated":true}]}}