{"id":157,"date":"2022-03-10T15:00:21","date_gmt":"2022-03-10T15:00:21","guid":{"rendered":"https:\/\/caid.gob.do\/?page_id=157"},"modified":"2023-02-15T10:16:21","modified_gmt":"2023-02-15T14:16:21","slug":"terminos-de-uso","status":"publish","type":"page","link":"https:\/\/caid.gob.do\/caid\/terminos-de-uso\/","title":{"rendered":"T\u00c9RMINOS DE USO"},"content":{"rendered":"\t\t<div data-elementor-type=\"wp-page\" data-elementor-id=\"157\" class=\"elementor elementor-157\" data-elementor-post-type=\"page\">\n\t\t\t\t\t\t<section class=\"elementor-section elementor-top-section elementor-element elementor-element-095ac5e elementor-section-boxed elementor-section-height-default elementor-section-height-default\" data-id=\"095ac5e\" data-element_type=\"section\" data-e-type=\"section\">\n\t\t\t\t\t\t<div class=\"elementor-container elementor-column-gap-default\">\n\t\t\t\t\t<div class=\"elementor-column elementor-col-100 elementor-top-column elementor-element elementor-element-05ae563\" data-id=\"05ae563\" data-element_type=\"column\" data-e-type=\"column\">\n\t\t\t<div class=\"elementor-widget-wrap elementor-element-populated\">\n\t\t\t\t\t\t<div class=\"elementor-element elementor-element-4d5d2e6 elementor-share-buttons--align-left elementor-share-buttons--color-custom elementor-share-buttons--view-icon-text elementor-share-buttons--skin-gradient elementor-share-buttons--shape-square elementor-grid-0 elementor-widget elementor-widget-global elementor-global-1326 elementor-widget-share-buttons\" data-id=\"4d5d2e6\" data-element_type=\"widget\" data-e-type=\"widget\" data-widget_type=\"share-buttons.default\">\n\t\t\t\t<div class=\"elementor-widget-container\">\n\t\t\t\t\t\t\t<div class=\"elementor-grid\" role=\"list\">\n\t\t\t\t\t\t\t\t<div class=\"elementor-grid-item\" role=\"listitem\">\n\t\t\t\t\t\t<div class=\"elementor-share-btn elementor-share-btn_print\" role=\"button\" tabindex=\"0\" aria-label=\"Share on print\">\n\t\t\t\t\t\t\t\t\t\t\t\t\t\t\t<span class=\"elementor-share-btn__icon\">\n\t\t\t\t\t\t\t\t<i class=\"fas fa-print\" aria-hidden=\"true\"><\/i>\t\t\t\t\t\t\t<\/span>\n\t\t\t\t\t\t\t\t\t\t\t\t\t\t\t\t\t\t\t\t\t\t<div class=\"elementor-share-btn__text\">\n\t\t\t\t\t\t\t\t\t\t\t\t\t\t\t\t\t\t\t<span class=\"elementor-share-btn__title\">\n\t\t\t\t\t\t\t\t\t\tPDF \/ Imprimir\t\t\t\t\t\t\t\t\t<\/span>\n\t\t\t\t\t\t\t\t\t\t\t\t\t\t\t\t\t<\/div>\n\t\t\t\t\t\t\t\t\t\t\t\t\t<\/div>\n\t\t\t\t\t<\/div>\n\t\t\t\t\t\t\t\t\t<div class=\"elementor-grid-item\" role=\"listitem\">\n\t\t\t\t\t\t<div class=\"elementor-share-btn elementor-share-btn_email\" role=\"button\" tabindex=\"0\" aria-label=\"Share on email\">\n\t\t\t\t\t\t\t\t\t\t\t\t\t\t\t<span class=\"elementor-share-btn__icon\">\n\t\t\t\t\t\t\t\t<i class=\"fas fa-envelope\" aria-hidden=\"true\"><\/i>\t\t\t\t\t\t\t<\/span>\n\t\t\t\t\t\t\t\t\t\t\t\t\t\t\t\t\t\t\t\t\t\t<div class=\"elementor-share-btn__text\">\n\t\t\t\t\t\t\t\t\t\t\t\t\t\t\t\t\t\t\t<span class=\"elementor-share-btn__title\">\n\t\t\t\t\t\t\t\t\t\tEmail\t\t\t\t\t\t\t\t\t<\/span>\n\t\t\t\t\t\t\t\t\t\t\t\t\t\t\t\t\t<\/div>\n\t\t\t\t\t\t\t\t\t\t\t\t\t<\/div>\n\t\t\t\t\t<\/div>\n\t\t\t\t\t\t\t\t\t<div class=\"elementor-grid-item\" role=\"listitem\">\n\t\t\t\t\t\t<div class=\"elementor-share-btn elementor-share-btn_whatsapp\" role=\"button\" tabindex=\"0\" aria-label=\"Share on whatsapp\">\n\t\t\t\t\t\t\t\t\t\t\t\t\t\t\t<span class=\"elementor-share-btn__icon\">\n\t\t\t\t\t\t\t\t<i class=\"fab fa-whatsapp\" aria-hidden=\"true\"><\/i>\t\t\t\t\t\t\t<\/span>\n\t\t\t\t\t\t\t\t\t\t\t\t\t\t\t\t\t\t\t\t\t\t<div class=\"elementor-share-btn__text\">\n\t\t\t\t\t\t\t\t\t\t\t\t\t\t\t\t\t\t\t<span class=\"elementor-share-btn__title\">\n\t\t\t\t\t\t\t\t\t\tWhatsApp\t\t\t\t\t\t\t\t\t<\/span>\n\t\t\t\t\t\t\t\t\t\t\t\t\t\t\t\t\t<\/div>\n\t\t\t\t\t\t\t\t\t\t\t\t\t<\/div>\n\t\t\t\t\t<\/div>\n\t\t\t\t\t\t<\/div>\n\t\t\t\t\t\t<\/div>\n\t\t\t\t<\/div>\n\t\t\t\t<div class=\"elementor-element elementor-element-4a8ba64 elementor-widget-divider--view-line elementor-widget elementor-widget-divider\" data-id=\"4a8ba64\" data-element_type=\"widget\" data-e-type=\"widget\" data-widget_type=\"divider.default\">\n\t\t\t\t<div class=\"elementor-widget-container\">\n\t\t\t\t\t\t\t<div class=\"elementor-divider\">\n\t\t\t<span class=\"elementor-divider-separator\">\n\t\t\t\t\t\t<\/span>\n\t\t<\/div>\n\t\t\t\t\t\t<\/div>\n\t\t\t\t<\/div>\n\t\t\t\t<div class=\"elementor-element elementor-element-3f5e487 elementor-widget elementor-widget-text-editor\" data-id=\"3f5e487\" data-element_type=\"widget\" data-e-type=\"widget\" data-widget_type=\"text-editor.default\">\n\t\t\t\t<div class=\"elementor-widget-container\">\n\t\t\t\t\t\t\t\t\t<p style=\"margin-top: 0cm; text-align: justify; background: white;\"><strong><span style=\"font-family: 'Arial',sans-serif; color: black;\">T\u00e9rminos de Uso y su Aceptaci\u00f3n.<\/span><\/strong><\/p><p>Los presentes t\u00e9rminos de uso (en lo que sigue, los \u00abT\u00e9rminos de Uso\u00bb) regulan los servicios del portal de Internet <a href=\"https:\/\/caid.gob.do\">https:\/\/caid.gob.do<\/a> (en lo que sigue, el \u00abPortal\u00bb) del Centro de Atenci\u00f3n Integral para la Discapacidad (en lo que sigue, la \u00abCAID\u00bb), \u00f3rgano desconcentrado adscrito al Ministerio de Salud P\u00fablica, creado mediante el Decreto No. 170-21, de fecha trece (13) de marzo del a\u00f1o 2021, con su domicilio y oficinas principales en la Ave. Luper\u00f3n casi esq. Enriquillo, Zona Industrial de Herrera, Santo Domingo Oeste. Rep\u00fablica Dominicana.<\/p><p>El uso del Portal le otorga la condici\u00f3n de usuario del Portal (en lo que sigue, el \u00abUsuario\u00bb) e implica la aceptaci\u00f3n plena y sin reservas de todas y cada una de las disposiciones establecidas en los T\u00e9rminos de Uso y las Pol\u00edticas publicadas por el CAID al momento en que el Usuario acceda al Portal. Por lo tanto, se hace necesario que el Usuario lea detenidamente estos t\u00e9rminos en cada ocasi\u00f3n en que utilice el Portal, ya que \u00e9ste puede sufrir modificaciones, sin previo aviso.<\/p><ol><li>Objeto.- A trav\u00e9s del Portal, el CAID facilita a los Usuarios el acceso y el uso de los servicios, informaciones y contenidos (en lo que sigue, los \u00abServicios\u00bb) colocados a disposici\u00f3n por el CAID o por terceros.<\/li><li>Condiciones de Accesibilidad y Uso del Portal.-<\/li><li>Car\u00e1cter gratuito del acceso y uso del Portal.- La prestaci\u00f3n de los Servicios web, de parte del CAID, tiene car\u00e1cter gratuito para el Usuario. Sin perjuicio de lo anterior, algunos de los Servicios suministrados por el CAID a trav\u00e9s del Portal podr\u00edan estar sujetos al pago de una tasa la cual estar\u00eda establecida en el mismo.<\/li><li>Registro del Usuario.- De manera general, la prestaci\u00f3n de los Servicios no exige la suscripci\u00f3n o registro previo de parte del Usuario.<\/li><li>Veracidad de la informaci\u00f3n.- Toda informaci\u00f3n facilitada al Usuario mediante los Servicios deber\u00e1 ser veraz. Por esto, el Usuario se compromete a garantizar el car\u00e1cter aut\u00e9ntico de los datos que provea a consecuencia de los requisitos de los formularios necesarios para la suscripci\u00f3n de los Servicios. De igual forma, ser\u00e1 responsabilidad del Usuario mantener toda la informaci\u00f3n facilitada al CAID debidamente actualizada de manera tal que responda, en cada momento, a la situaci\u00f3n real del Usuario. En todo caso el Usuario ser\u00e1 el \u00fanico responsable de las informaciones falsas o inexactas que realice y de los perjuicios que pueda causar al CAID o a terceros por la informaci\u00f3n que suministre.<\/li><li>Propiedad Intelectual.- Todo el contenido de este Portal, ya sean textos, im\u00e1genes, recopilaciones, marcas, logotipos, combinaciones de colores, o cualquier otro elemento, su estructura y dise\u00f1o, la selecci\u00f3n y forma de presentaci\u00f3n de los materiales incluidos en la misma, y los programas necesarios para su funcionamiento, acceso y uso, est\u00e1n protegidos por derechos de propiedad intelectual, de los cuales es titular el CAID o de terceros licenciantes, que el Usuario de este Portal debe respetar.<\/li><li>El Usuario del Portal deber\u00e1 abstenerse de suprimir, alterar, eludir o manipular cualquier dispositivo de protecci\u00f3n o sistema de seguridad que pueda estar instalado en el mismo.<\/li><li>Protecci\u00f3n de los datos personales.- Para utilizar algunos de los Servicios, el Usuario debe facilitar previamente al CAID algunos datos de car\u00e1cter personal (en lo que sigue, los \u00abDatos Personales\u00bb).<\/li><li>El CAID tratar\u00e1 de forma autom\u00e1tica los Datos Personales con la finalidad y las condiciones, definidas en su Pol\u00edtica de Privacidad. El CAID no garantiza la ausencia de virus ni de otros elementos en los Servicios prestados por terceros a trav\u00e9s del Portal que puedan causar alteraciones en el sistema inform\u00e1tico del Usuario (software y hardware) o en los documentos electr\u00f3nicos y\/o bases de datos de su sistema inform\u00e1tico.<\/li><li>El CAID ha adoptado los niveles de seguridad de protecci\u00f3n que entiende necesarios y procura instalar los medios y medidas t\u00e9cnicas de protecci\u00f3n que se vayan haciendo necesarias. Sin embargo, el Usuario debe estar consciente de que las medidas de seguridad en la Internet no son inviolables.<\/li><li>El CAID puede utilizar cookies cuando un Usuario navega por los sitios y p\u00e1ginas Web del Portal. Las cookies que se puedan usar en los sitios y p\u00e1ginas Web del Portal se asocian \u00fanicamente con el navegador de un computador determinado (un Usuario an\u00f3nimo), y no proporcionan en s\u00ed mismas el nombre y apellido del Usuario. Gracias a las \u00abcookies\u00bb, resulta posible que el CAID reconozca los navegadores de los Usuarios registrados (luego de que \u00e9stos se hayan registrado por primera vez), esto ayuda que no tengan que registrarse cada vez que visita las \u00e1reas y los Servicios reservados exclusivamente a ellos. Las \u00abcookies\u00bb utilizadas no pueden leer archivos \u00abcookie\u00bb creados por otros proveedores. El Usuario tiene la posibilidad de configurar su navegador para ser avisado en su pantalla de la recepci\u00f3n de \u00abcookies\u00bb y para impedir la instalaci\u00f3n de las mismas en el disco duro.<\/li><li>Para utilizar el Portal no es indispensable la instalaci\u00f3n de las \u00abcookies\u00bb enviadas por el CAID, sin perjuicio de que en tal caso puede ser necesario que el Usuario se registre cada vez que acceda a un Servicio que requiera un registro previo.<\/li><\/ol><p><strong><br \/>T\u00e9rminos de Uso \u2013 Mobile<\/strong><\/p><p>T\u00e9rminos de Uso y su Aceptaci\u00f3n<\/p><p>Los presentes t\u00e9rminos de uso (en lo que sigue, los \u00abT\u00e9rminos de Uso\u00bb) regulan los servicios del portal de Internet\u00a0<a href=\"https:\/\/caid.gob.do\">https:\/\/caid.gob.do<\/a>\u00a0(en lo que sigue, el \u00abPortal\u00bb) del Centro de Atenci\u00f3n Integral para la Discapacidad (en lo que sigue, la \u00abCAID\u00bb), \u00f3rgano desconcentrado adscrito al Ministerio de Salud P\u00fablica, creado mediante el Decreto No. 170-21, de fecha trece (13) de marzo del a\u00f1o 2021, con su domicilio y oficinas principales en la Ave. Luper\u00f3n casi esq. Enriquillo, Zona Industrial de Herrera, Santo Domingo Oeste. Rep\u00fablica Dominicana.<\/p><p>El uso del Portal le otorga la condici\u00f3n de usuario del Portal (en lo que sigue, el \u00abUsuario\u00bb) e implica la aceptaci\u00f3n plena y sin reservas de todas y cada una de las disposiciones establecidas en los T\u00e9rminos de Uso y las Pol\u00edticas publicadas por el CAID al momento en que el Usuario acceda al Portal. Por lo tanto, se hace necesario que el Usuario lea detenidamente estos t\u00e9rminos en cada ocasi\u00f3n en que utilice el Portal, ya que \u00e9ste puede sufrir modificaciones, sin previo aviso.<\/p><ol><li>Objeto.- A trav\u00e9s del Portal, el CAID facilita a los Usuarios el acceso y el uso de los servicios, informaciones y contenidos (en lo que sigue, los \u00abServicios\u00bb) colocados a disposici\u00f3n por el CAID o por terceros.<\/li><li>Condiciones de Accesibilidad y Uso del Portal.-<\/li><li>Car\u00e1cter gratuito del acceso y uso del Portal.- La prestaci\u00f3n de los Servicios web, de parte del CAID, tiene car\u00e1cter gratuito para el Usuario. Sin perjuicio de lo anterior, algunos de los Servicios suministrados por el CAID a trav\u00e9s del Portal podr\u00edan estar sujetos al pago de una tasa la cual estar\u00eda establecida en el mismo.<\/li><li>Registro del Usuario.- De manera general, la prestaci\u00f3n de los Servicios no exige la suscripci\u00f3n o registro previo de parte del Usuario.<\/li><li>Veracidad de la informaci\u00f3n.- Toda informaci\u00f3n facilitada al Usuario mediante los Servicios deber\u00e1 ser veraz. Por esto, el Usuario se compromete a garantizar el car\u00e1cter aut\u00e9ntico de los datos que provea a consecuencia de los requisitos de los formularios necesarios para la suscripci\u00f3n de los Servicios. De igual forma, ser\u00e1 responsabilidad del Usuario mantener toda la informaci\u00f3n facilitada al CAID debidamente actualizada de manera tal que responda, en cada momento, a la situaci\u00f3n real del Usuario. En todo caso el Usuario ser\u00e1 el \u00fanico responsable de las informaciones falsas o inexactas que realice y de los perjuicios que pueda causar al CAID o a terceros por la informaci\u00f3n que suministre.<\/li><li>Propiedad Intelectual.- Todo el contenido de este Portal, ya sean textos, im\u00e1genes, recopilaciones, marcas, logotipos, combinaciones de colores, o cualquier otro elemento, su estructura y dise\u00f1o, la selecci\u00f3n y forma de presentaci\u00f3n de los materiales incluidos en la misma, y los programas necesarios para su funcionamiento, acceso y uso, est\u00e1n protegidos por derechos de propiedad intelectual, de los cuales es titular el CAID o de terceros licenciantes, que el Usuario de este Portal debe respetar.<\/li><li>El Usuario del Portal deber\u00e1 abstenerse de suprimir, alterar, eludir o manipular cualquier dispositivo de protecci\u00f3n o sistema de seguridad que pueda estar instalado en el mismo.<\/li><li>Protecci\u00f3n de los datos personales.- Para utilizar algunos de los Servicios, el Usuario debe facilitar previamente a el CAID algunos datos de car\u00e1cter personal (en lo que sigue, los \u00abDatos Personales\u00bb).<\/li><li>El CAID tratar\u00e1 de forma autom\u00e1tica los Datos Personales con la finalidad y las condiciones, definidas en su Pol\u00edtica de Privacidad. El CAID no garantiza la ausencia de virus ni de otros elementos en los Servicios prestados por terceros a trav\u00e9s del Portal que puedan causar alteraciones en el sistema inform\u00e1tico del Usuario (software y hardware) o en los documentos electr\u00f3nicos y\/o bases de datos de su sistema inform\u00e1tico.<\/li><li>El CAID ha adoptado los niveles de seguridad de protecci\u00f3n que entiende necesarios y procura instalar los medios y medidas t\u00e9cnicas de protecci\u00f3n que se vayan haciendo necesarias. Sin embargo, el Usuario debe estar consciente de que las medidas de seguridad en la Internet no son inviolables.<\/li><li>El CAID puede utilizar cookies cuando un Usuario navega por los sitios y p\u00e1ginas Web del Portal. Las cookies que se puedan usar en los sitios y p\u00e1ginas Web del Portal se asocian \u00fanicamente con el navegador de un computador determinado (un Usuario an\u00f3nimo), y no proporcionan en s\u00ed mismas el nombre y apellido del Usuario. Gracias a las \u00abcookies\u00bb, resulta posible que el CAID reconozca los navegadores de los Usuarios registrados (luego de que \u00e9stos se hayan registrado por primera vez), esto ayuda que no tengan que registrarse cada vez que visita las \u00e1reas y los Servicios reservados exclusivamente a ellos. Las \u00abcookies\u00bb utilizadas no pueden leer archivos \u00abcookie\u00bb creados por otros proveedores. El Usuario tiene la posibilidad de configurar su navegador para ser avisado en su pantalla de la recepci\u00f3n de \u00abcookies\u00bb y para impedir la instalaci\u00f3n de las mismas en el disco duro.<\/li><li>Para utilizar el Portal no es indispensable la instalaci\u00f3n de las \u00abcookies\u00bb enviadas por el CAID, sin perjuicio de que en tal caso puede ser necesario que el Usuario se registre cada vez que acceda a un Servicio que requiera un registro previo.<\/li><\/ol>\t\t\t\t\t\t\t\t<\/div>\n\t\t\t\t<\/div>\n\t\t\t\t\t<\/div>\n\t\t<\/div>\n\t\t\t\t\t<\/div>\n\t\t<\/section>\n\t\t\t\t<\/div>\n\t\t","protected":false},"excerpt":{"rendered":"<p>Imprimir \/ descargar PDF Email WhatsApp T\u00e9rminos de Uso y su Aceptaci\u00f3n. Los presentes t\u00e9rminos de uso (en lo que sigue, los \u00abT\u00e9rminos de Uso\u00bb) regulan los servicios del portal de Internet https:\/\/caid.gob.do (en lo que sigue, el \u00abPortal\u00bb) del Centro de Atenci\u00f3n Integral para la Discapacidad (en lo que sigue, la \u00abCAID\u00bb), \u00f3rgano desconcentrado [&hellip;]<\/p>\n","protected":false},"author":1,"featured_media":0,"parent":0,"menu_order":0,"comment_status":"closed","ping_status":"closed","template":"","meta":{"_acf_changed":false,"footnotes":""},"class_list":["post-157","page","type-page","status-publish","hentry"],"acf":[],"yoast_head":"<!-- This site is optimized with the Yoast SEO plugin v27.0 - https:\/\/yoast.com\/product\/yoast-seo-wordpress\/ -->\r\n<title>T\u00c9RMINOS DE USO - CAID<\/title>\r\n<meta name=\"robots\" content=\"index, follow, max-snippet:-1, max-image-preview:large, max-video-preview:-1\" \/>\r\n<link rel=\"canonical\" href=\"https:\/\/caid.gob.do\/caid\/terminos-de-uso\/\" \/>\r\n<meta property=\"og:locale\" content=\"es_ES\" \/>\r\n<meta property=\"og:type\" content=\"article\" \/>\r\n<meta property=\"og:title\" content=\"T\u00c9RMINOS DE USO - CAID\" \/>\r\n<meta property=\"og:description\" content=\"Imprimir \/ descargar PDF Email WhatsApp T\u00e9rminos de Uso y su Aceptaci\u00f3n. Los presentes t\u00e9rminos de uso (en lo que sigue, los \u00abT\u00e9rminos de Uso\u00bb) regulan los servicios del portal de Internet https:\/\/caid.gob.do (en lo que sigue, el \u00abPortal\u00bb) del Centro de Atenci\u00f3n Integral para la Discapacidad (en lo que sigue, la \u00abCAID\u00bb), \u00f3rgano desconcentrado [&hellip;]\" \/>\r\n<meta property=\"og:url\" content=\"https:\/\/caid.gob.do\/caid\/terminos-de-uso\/\" \/>\r\n<meta property=\"og:site_name\" content=\"CAID\" \/>\r\n<meta property=\"article:publisher\" content=\"https:\/\/www.facebook.com\/redcaidrd\" \/>\r\n<meta property=\"article:modified_time\" content=\"2023-02-15T14:16:21+00:00\" \/>\r\n<meta property=\"og:image\" content=\"https:\/\/caid.gob.do\/caid\/wp-content\/uploads\/caid-fachada-oeste-2-e1661787876735.jpeg\" \/>\r\n\t<meta property=\"og:image:width\" content=\"1280\" \/>\r\n\t<meta property=\"og:image:height\" content=\"528\" \/>\r\n\t<meta property=\"og:image:type\" content=\"image\/jpeg\" \/>\r\n<meta name=\"twitter:card\" content=\"summary_large_image\" \/>\r\n<meta name=\"twitter:site\" content=\"@CAIDRDO\" \/>\r\n<meta name=\"twitter:label1\" content=\"Est. reading time\" \/>\n\t<meta name=\"twitter:data1\" content=\"9 minutos\" \/>\r\n<script type=\"application\/ld+json\" class=\"yoast-schema-graph\">{\"@context\":\"https:\/\/schema.org\",\"@graph\":[{\"@type\":\"WebPage\",\"@id\":\"https:\/\/caid.gob.do\/caid\/terminos-de-uso\/\",\"url\":\"https:\/\/caid.gob.do\/caid\/terminos-de-uso\/\",\"name\":\"T\u00c9RMINOS DE USO - CAID\",\"isPartOf\":{\"@id\":\"https:\/\/caid.gob.do\/caid\/#website\"},\"datePublished\":\"2022-03-10T15:00:21+00:00\",\"dateModified\":\"2023-02-15T14:16:21+00:00\",\"breadcrumb\":{\"@id\":\"https:\/\/caid.gob.do\/caid\/terminos-de-uso\/#breadcrumb\"},\"inLanguage\":\"es-DO\",\"potentialAction\":[{\"@type\":\"ReadAction\",\"target\":[\"https:\/\/caid.gob.do\/caid\/terminos-de-uso\/\"]}]},{\"@type\":\"BreadcrumbList\",\"@id\":\"https:\/\/caid.gob.do\/caid\/terminos-de-uso\/#breadcrumb\",\"itemListElement\":[{\"@type\":\"ListItem\",\"position\":1,\"name\":\"Est\u00e1s aqu\u00ed:\",\"item\":\"https:\/\/caid.gob.do\/caid\/\"},{\"@type\":\"ListItem\",\"position\":2,\"name\":\"T\u00e9rminos de uso\"}]},{\"@type\":\"WebSite\",\"@id\":\"https:\/\/caid.gob.do\/caid\/#website\",\"url\":\"https:\/\/caid.gob.do\/caid\/\",\"name\":\"CAID\",\"description\":\"Centro de Atenci\u00f3n Integral a la Discapacidad\",\"publisher\":{\"@id\":\"https:\/\/caid.gob.do\/caid\/#organization\"},\"potentialAction\":[{\"@type\":\"SearchAction\",\"target\":{\"@type\":\"EntryPoint\",\"urlTemplate\":\"https:\/\/caid.gob.do\/caid\/?s={search_term_string}\"},\"query-input\":{\"@type\":\"PropertyValueSpecification\",\"valueRequired\":true,\"valueName\":\"search_term_string\"}}],\"inLanguage\":\"es-DO\"},{\"@type\":\"Organization\",\"@id\":\"https:\/\/caid.gob.do\/caid\/#organization\",\"name\":\"Centro de Atenci\u00f3n Integral para la Discapacidad\",\"url\":\"https:\/\/caid.gob.do\/caid\/\",\"logo\":{\"@type\":\"ImageObject\",\"inLanguage\":\"es-DO\",\"@id\":\"https:\/\/caid.gob.do\/caid\/#\/schema\/logo\/image\/\",\"url\":\"https:\/\/caid.gob.do\/caid\/wp-content\/uploads\/CAID-LOGOS-EN-PNG_Mesa-de-trabajo-1-2-1024x505-1.png\",\"contentUrl\":\"https:\/\/caid.gob.do\/caid\/wp-content\/uploads\/CAID-LOGOS-EN-PNG_Mesa-de-trabajo-1-2-1024x505-1.png\",\"width\":1024,\"height\":505,\"caption\":\"Centro de Atenci\u00f3n Integral para la Discapacidad\"},\"image\":{\"@id\":\"https:\/\/caid.gob.do\/caid\/#\/schema\/logo\/image\/\"},\"sameAs\":[\"https:\/\/www.facebook.com\/redcaidrd\",\"https:\/\/x.com\/CAIDRDO\",\"https:\/\/www.instagram.com\/caidrd\/\",\"https:\/\/www.youtube.com\/channel\/UCLnt-fnRlxQdgJQwjgWkrCg\"]}]}<\/script>\r\n<!-- \/ Yoast SEO plugin. -->","yoast_head_json":{"title":"T\u00c9RMINOS DE USO - CAID","robots":{"index":"index","follow":"follow","max-snippet":"max-snippet:-1","max-image-preview":"max-image-preview:large","max-video-preview":"max-video-preview:-1"},"canonical":"https:\/\/caid.gob.do\/caid\/terminos-de-uso\/","og_locale":"es_ES","og_type":"article","og_title":"T\u00c9RMINOS DE USO - CAID","og_description":"Imprimir \/ descargar PDF Email WhatsApp T\u00e9rminos de Uso y su Aceptaci\u00f3n. Los presentes t\u00e9rminos de uso (en lo que sigue, los \u00abT\u00e9rminos de Uso\u00bb) regulan los servicios del portal de Internet https:\/\/caid.gob.do (en lo que sigue, el \u00abPortal\u00bb) del Centro de Atenci\u00f3n Integral para la Discapacidad (en lo que sigue, la \u00abCAID\u00bb), \u00f3rgano desconcentrado [&hellip;]","og_url":"https:\/\/caid.gob.do\/caid\/terminos-de-uso\/","og_site_name":"CAID","article_publisher":"https:\/\/www.facebook.com\/redcaidrd","article_modified_time":"2023-02-15T14:16:21+00:00","og_image":[{"width":1280,"height":528,"url":"https:\/\/caid.gob.do\/caid\/wp-content\/uploads\/caid-fachada-oeste-2-e1661787876735.jpeg","type":"image\/jpeg"}],"twitter_card":"summary_large_image","twitter_site":"@CAIDRDO","twitter_misc":{"Est. reading time":"9 minutos"},"schema":{"@context":"https:\/\/schema.org","@graph":[{"@type":"WebPage","@id":"https:\/\/caid.gob.do\/caid\/terminos-de-uso\/","url":"https:\/\/caid.gob.do\/caid\/terminos-de-uso\/","name":"T\u00c9RMINOS DE USO - CAID","isPartOf":{"@id":"https:\/\/caid.gob.do\/caid\/#website"},"datePublished":"2022-03-10T15:00:21+00:00","dateModified":"2023-02-15T14:16:21+00:00","breadcrumb":{"@id":"https:\/\/caid.gob.do\/caid\/terminos-de-uso\/#breadcrumb"},"inLanguage":"es-DO","potentialAction":[{"@type":"ReadAction","target":["https:\/\/caid.gob.do\/caid\/terminos-de-uso\/"]}]},{"@type":"BreadcrumbList","@id":"https:\/\/caid.gob.do\/caid\/terminos-de-uso\/#breadcrumb","itemListElement":[{"@type":"ListItem","position":1,"name":"Est\u00e1s aqu\u00ed:","item":"https:\/\/caid.gob.do\/caid\/"},{"@type":"ListItem","position":2,"name":"T\u00e9rminos de uso"}]},{"@type":"WebSite","@id":"https:\/\/caid.gob.do\/caid\/#website","url":"https:\/\/caid.gob.do\/caid\/","name":"CAID","description":"Centro de Atenci\u00f3n Integral a la Discapacidad","publisher":{"@id":"https:\/\/caid.gob.do\/caid\/#organization"},"potentialAction":[{"@type":"SearchAction","target":{"@type":"EntryPoint","urlTemplate":"https:\/\/caid.gob.do\/caid\/?s={search_term_string}"},"query-input":{"@type":"PropertyValueSpecification","valueRequired":true,"valueName":"search_term_string"}}],"inLanguage":"es-DO"},{"@type":"Organization","@id":"https:\/\/caid.gob.do\/caid\/#organization","name":"Centro de Atenci\u00f3n Integral para la Discapacidad","url":"https:\/\/caid.gob.do\/caid\/","logo":{"@type":"ImageObject","inLanguage":"es-DO","@id":"https:\/\/caid.gob.do\/caid\/#\/schema\/logo\/image\/","url":"https:\/\/caid.gob.do\/caid\/wp-content\/uploads\/CAID-LOGOS-EN-PNG_Mesa-de-trabajo-1-2-1024x505-1.png","contentUrl":"https:\/\/caid.gob.do\/caid\/wp-content\/uploads\/CAID-LOGOS-EN-PNG_Mesa-de-trabajo-1-2-1024x505-1.png","width":1024,"height":505,"caption":"Centro de Atenci\u00f3n Integral para la Discapacidad"},"image":{"@id":"https:\/\/caid.gob.do\/caid\/#\/schema\/logo\/image\/"},"sameAs":["https:\/\/www.facebook.com\/redcaidrd","https:\/\/x.com\/CAIDRDO","https:\/\/www.instagram.com\/caidrd\/","https:\/\/www.youtube.com\/channel\/UCLnt-fnRlxQdgJQwjgWkrCg"]}]}},"jetpack_sharing_enabled":true,"_links":{"self":[{"href":"https:\/\/caid.gob.do\/caid\/wp-json\/wp\/v2\/pages\/157","targetHints":{"allow":["GET"]}}],"collection":[{"href":"https:\/\/caid.gob.do\/caid\/wp-json\/wp\/v2\/pages"}],"about":[{"href":"https:\/\/caid.gob.do\/caid\/wp-json\/wp\/v2\/types\/page"}],"author":[{"embeddable":true,"href":"https:\/\/caid.gob.do\/caid\/wp-json\/wp\/v2\/users\/1"}],"replies":[{"embeddable":true,"href":"https:\/\/caid.gob.do\/caid\/wp-json\/wp\/v2\/comments?post=157"}],"version-history":[{"count":15,"href":"https:\/\/caid.gob.do\/caid\/wp-json\/wp\/v2\/pages\/157\/revisions"}],"predecessor-version":[{"id":9937,"href":"https:\/\/caid.gob.do\/caid\/wp-json\/wp\/v2\/pages\/157\/revisions\/9937"}],"wp:attachment":[{"href":"https:\/\/caid.gob.do\/caid\/wp-json\/wp\/v2\/media?parent=157"}],"curies":[{"name":"wp","href":"https:\/\/api.w.org\/{rel}","templated":true}]}}