{"id":15880,"date":"2023-12-07T09:57:08","date_gmt":"2023-12-07T13:57:08","guid":{"rendered":"https:\/\/caid.gob.do\/caid\/?page_id=15880"},"modified":"2024-07-11T10:46:42","modified_gmt":"2024-07-11T14:46:42","slug":"caid-santo-domingo-este","status":"publish","type":"page","link":"https:\/\/caid.gob.do\/caid\/inicio\/sobre-nosotros\/dependencias\/caid-santo-domingo-este\/","title":{"rendered":"CAID Santo Domingo Este"},"content":{"rendered":"\t\t<div data-elementor-type=\"wp-page\" data-elementor-id=\"15880\" class=\"elementor elementor-15880\" data-elementor-post-type=\"page\">\n\t\t\t\t<div class=\"elementor-element elementor-element-19136c1 e-con-full e-flex e-con e-parent\" data-id=\"19136c1\" data-element_type=\"container\" data-e-type=\"container\">\n\t\t\t\t<div class=\"elementor-element elementor-element-da3e182 elementor-widget elementor-widget-image\" data-id=\"da3e182\" data-element_type=\"widget\" data-e-type=\"widget\" data-widget_type=\"image.default\">\n\t\t\t\t<div class=\"elementor-widget-container\">\n\t\t\t\t\t\t\t\t\t\t\t\t\t\t\t<img loading=\"lazy\" decoding=\"async\" width=\"791\" height=\"399\" src=\"https:\/\/caid.gob.do\/caid\/wp-content\/uploads\/CAID_SDOeste.jpg\" class=\"attachment-full size-full wp-image-2035\" alt=\"\" srcset=\"https:\/\/caid.gob.do\/caid\/wp-content\/uploads\/CAID_SDOeste.jpg 791w, https:\/\/caid.gob.do\/caid\/wp-content\/uploads\/CAID_SDOeste-300x151.jpg 300w, https:\/\/caid.gob.do\/caid\/wp-content\/uploads\/CAID_SDOeste-150x76.jpg 150w, https:\/\/caid.gob.do\/caid\/wp-content\/uploads\/CAID_SDOeste-768x387.jpg 768w\" sizes=\"auto, (max-width: 791px) 100vw, 791px\" \/>\t\t\t\t\t\t\t\t\t\t\t\t\t\t\t<\/div>\n\t\t\t\t<\/div>\n\t\t\t\t<div class=\"elementor-element elementor-element-0b52b25 elementor-widget elementor-widget-text-editor\" data-id=\"0b52b25\" data-element_type=\"widget\" data-e-type=\"widget\" data-widget_type=\"text-editor.default\">\n\t\t\t\t<div class=\"elementor-widget-container\">\n\t\t\t\t\t\t\t\t\t<p>El Centro de Atenci\u00f3n Integral para la Discapacidad (CAID) es el primer centro p\u00fablico dedicado a la evaluaci\u00f3n, diagn\u00f3stico y la rehabilitaci\u00f3n de ni\u00f1os y ni\u00f1as de cero a doce a\u00f1os con trastorno del espectro autista (TEA), par\u00e1lisis cerebral (PC) y s\u00edndrome de Down.<\/p><p>La sede Santo Domingo Este fue inaugurada el 9 de noviembre de 2023.<\/p><p><strong>Horario de servicio:<\/strong><br \/>De lunes a viernes de 8:00 a.m. a 4:00 p.m.<\/p><p><strong>Direcci\u00f3n:<\/strong> Av. San Vicente de Pa\u00fal casi esquina Carretera Mella.<\/p>\t\t\t\t\t\t\t\t<\/div>\n\t\t\t\t<\/div>\n\t\t\t\t<\/div>\n\t\t\t\t<\/div>\n\t\t","protected":false},"excerpt":{"rendered":"<p>El Centro de Atenci\u00f3n Integral para la Discapacidad (CAID) es el primer centro p\u00fablico dedicado a la evaluaci\u00f3n, diagn\u00f3stico y la rehabilitaci\u00f3n de ni\u00f1os y ni\u00f1as de cero a doce a\u00f1os con trastorno del espectro autista (TEA), par\u00e1lisis cerebral (PC) y s\u00edndrome de Down. La sede Santo Domingo Este fue inaugurada el 9 de noviembre [&hellip;]<\/p>\n","protected":false},"author":1,"featured_media":0,"parent":139,"menu_order":0,"comment_status":"closed","ping_status":"closed","template":"","meta":{"_acf_changed":false,"footnotes":""},"class_list":["post-15880","page","type-page","status-publish","hentry"],"acf":[],"yoast_head":"<!-- This site is optimized with the Yoast SEO plugin v27.0 - https:\/\/yoast.com\/product\/yoast-seo-wordpress\/ -->\r\n<title>CAID Santo Domingo Este - CAID<\/title>\r\n<meta name=\"robots\" content=\"index, follow, max-snippet:-1, max-image-preview:large, max-video-preview:-1\" \/>\r\n<link rel=\"canonical\" href=\"https:\/\/caid.gob.do\/caid\/inicio\/sobre-nosotros\/dependencias\/caid-santo-domingo-este\/\" \/>\r\n<meta property=\"og:locale\" content=\"es_ES\" \/>\r\n<meta property=\"og:type\" content=\"article\" \/>\r\n<meta property=\"og:title\" content=\"CAID Santo Domingo Este - CAID\" \/>\r\n<meta property=\"og:description\" content=\"El Centro de Atenci\u00f3n Integral para la Discapacidad (CAID) es el primer centro p\u00fablico dedicado a la evaluaci\u00f3n, diagn\u00f3stico y la rehabilitaci\u00f3n de ni\u00f1os y ni\u00f1as de cero a doce a\u00f1os con trastorno del espectro autista (TEA), par\u00e1lisis cerebral (PC) y s\u00edndrome de Down. La sede Santo Domingo Este fue inaugurada el 9 de noviembre [&hellip;]\" \/>\r\n<meta property=\"og:url\" content=\"https:\/\/caid.gob.do\/caid\/inicio\/sobre-nosotros\/dependencias\/caid-santo-domingo-este\/\" \/>\r\n<meta property=\"og:site_name\" content=\"CAID\" \/>\r\n<meta property=\"article:publisher\" content=\"https:\/\/www.facebook.com\/redcaidrd\" \/>\r\n<meta property=\"article:modified_time\" content=\"2024-07-11T14:46:42+00:00\" \/>\r\n<meta property=\"og:image\" content=\"https:\/\/caid.gob.do\/caid\/wp-content\/uploads\/CAID_SDOeste.jpg\" \/>\r\n<meta name=\"twitter:card\" content=\"summary_large_image\" \/>\r\n<meta name=\"twitter:site\" content=\"@CAIDRDO\" \/>\r\n<meta name=\"twitter:label1\" content=\"Est. reading time\" \/>\n\t<meta name=\"twitter:data1\" content=\"1 minuto\" \/>\r\n<script type=\"application\/ld+json\" class=\"yoast-schema-graph\">{\"@context\":\"https:\/\/schema.org\",\"@graph\":[{\"@type\":\"WebPage\",\"@id\":\"https:\/\/caid.gob.do\/caid\/inicio\/sobre-nosotros\/dependencias\/caid-santo-domingo-este\/\",\"url\":\"https:\/\/caid.gob.do\/caid\/inicio\/sobre-nosotros\/dependencias\/caid-santo-domingo-este\/\",\"name\":\"CAID Santo Domingo Este - CAID\",\"isPartOf\":{\"@id\":\"https:\/\/caid.gob.do\/caid\/#website\"},\"primaryImageOfPage\":{\"@id\":\"https:\/\/caid.gob.do\/caid\/inicio\/sobre-nosotros\/dependencias\/caid-santo-domingo-este\/#primaryimage\"},\"image\":{\"@id\":\"https:\/\/caid.gob.do\/caid\/inicio\/sobre-nosotros\/dependencias\/caid-santo-domingo-este\/#primaryimage\"},\"thumbnailUrl\":\"https:\/\/caid.gob.do\/caid\/wp-content\/uploads\/CAID_SDOeste.jpg\",\"datePublished\":\"2023-12-07T13:57:08+00:00\",\"dateModified\":\"2024-07-11T14:46:42+00:00\",\"breadcrumb\":{\"@id\":\"https:\/\/caid.gob.do\/caid\/inicio\/sobre-nosotros\/dependencias\/caid-santo-domingo-este\/#breadcrumb\"},\"inLanguage\":\"es-DO\",\"potentialAction\":[{\"@type\":\"ReadAction\",\"target\":[\"https:\/\/caid.gob.do\/caid\/inicio\/sobre-nosotros\/dependencias\/caid-santo-domingo-este\/\"]}]},{\"@type\":\"ImageObject\",\"inLanguage\":\"es-DO\",\"@id\":\"https:\/\/caid.gob.do\/caid\/inicio\/sobre-nosotros\/dependencias\/caid-santo-domingo-este\/#primaryimage\",\"url\":\"https:\/\/caid.gob.do\/caid\/wp-content\/uploads\/CAID_SDOeste.jpg\",\"contentUrl\":\"https:\/\/caid.gob.do\/caid\/wp-content\/uploads\/CAID_SDOeste.jpg\",\"width\":791,\"height\":399},{\"@type\":\"BreadcrumbList\",\"@id\":\"https:\/\/caid.gob.do\/caid\/inicio\/sobre-nosotros\/dependencias\/caid-santo-domingo-este\/#breadcrumb\",\"itemListElement\":[{\"@type\":\"ListItem\",\"position\":1,\"name\":\"Est\u00e1s aqu\u00ed:\",\"item\":\"https:\/\/caid.gob.do\/caid\/\"},{\"@type\":\"ListItem\",\"position\":2,\"name\":\"Inicio\",\"item\":\"https:\/\/caid.gob.do\/caid\/\"},{\"@type\":\"ListItem\",\"position\":3,\"name\":\"Sobre nosotros\",\"item\":\"https:\/\/caid.gob.do\/caid\/pagina-de-inicio\/sobre-nosotros\/\"},{\"@type\":\"ListItem\",\"position\":4,\"name\":\"Dependencias\",\"item\":\"https:\/\/caid.gob.do\/caid\/inicio\/sobre-nosotros\/dependencias\/\"},{\"@type\":\"ListItem\",\"position\":5,\"name\":\"CAID Santo Domingo Este\"}]},{\"@type\":\"WebSite\",\"@id\":\"https:\/\/caid.gob.do\/caid\/#website\",\"url\":\"https:\/\/caid.gob.do\/caid\/\",\"name\":\"CAID\",\"description\":\"Centro de Atenci\u00f3n Integral a la Discapacidad\",\"publisher\":{\"@id\":\"https:\/\/caid.gob.do\/caid\/#organization\"},\"potentialAction\":[{\"@type\":\"SearchAction\",\"target\":{\"@type\":\"EntryPoint\",\"urlTemplate\":\"https:\/\/caid.gob.do\/caid\/?s={search_term_string}\"},\"query-input\":{\"@type\":\"PropertyValueSpecification\",\"valueRequired\":true,\"valueName\":\"search_term_string\"}}],\"inLanguage\":\"es-DO\"},{\"@type\":\"Organization\",\"@id\":\"https:\/\/caid.gob.do\/caid\/#organization\",\"name\":\"Centro de Atenci\u00f3n Integral para la Discapacidad\",\"url\":\"https:\/\/caid.gob.do\/caid\/\",\"logo\":{\"@type\":\"ImageObject\",\"inLanguage\":\"es-DO\",\"@id\":\"https:\/\/caid.gob.do\/caid\/#\/schema\/logo\/image\/\",\"url\":\"https:\/\/caid.gob.do\/caid\/wp-content\/uploads\/CAID-LOGOS-EN-PNG_Mesa-de-trabajo-1-2-1024x505-1.png\",\"contentUrl\":\"https:\/\/caid.gob.do\/caid\/wp-content\/uploads\/CAID-LOGOS-EN-PNG_Mesa-de-trabajo-1-2-1024x505-1.png\",\"width\":1024,\"height\":505,\"caption\":\"Centro de Atenci\u00f3n Integral para la Discapacidad\"},\"image\":{\"@id\":\"https:\/\/caid.gob.do\/caid\/#\/schema\/logo\/image\/\"},\"sameAs\":[\"https:\/\/www.facebook.com\/redcaidrd\",\"https:\/\/x.com\/CAIDRDO\",\"https:\/\/www.instagram.com\/caidrd\/\",\"https:\/\/www.youtube.com\/channel\/UCLnt-fnRlxQdgJQwjgWkrCg\"]}]}<\/script>\r\n<!-- \/ Yoast SEO plugin. -->","yoast_head_json":{"title":"CAID Santo Domingo Este - CAID","robots":{"index":"index","follow":"follow","max-snippet":"max-snippet:-1","max-image-preview":"max-image-preview:large","max-video-preview":"max-video-preview:-1"},"canonical":"https:\/\/caid.gob.do\/caid\/inicio\/sobre-nosotros\/dependencias\/caid-santo-domingo-este\/","og_locale":"es_ES","og_type":"article","og_title":"CAID Santo Domingo Este - CAID","og_description":"El Centro de Atenci\u00f3n Integral para la Discapacidad (CAID) es el primer centro p\u00fablico dedicado a la evaluaci\u00f3n, diagn\u00f3stico y la rehabilitaci\u00f3n de ni\u00f1os y ni\u00f1as de cero a doce a\u00f1os con trastorno del espectro autista (TEA), par\u00e1lisis cerebral (PC) y s\u00edndrome de Down. La sede Santo Domingo Este fue inaugurada el 9 de noviembre [&hellip;]","og_url":"https:\/\/caid.gob.do\/caid\/inicio\/sobre-nosotros\/dependencias\/caid-santo-domingo-este\/","og_site_name":"CAID","article_publisher":"https:\/\/www.facebook.com\/redcaidrd","article_modified_time":"2024-07-11T14:46:42+00:00","og_image":[{"url":"https:\/\/caid.gob.do\/caid\/wp-content\/uploads\/CAID_SDOeste.jpg","type":"","width":"","height":""}],"twitter_card":"summary_large_image","twitter_site":"@CAIDRDO","twitter_misc":{"Est. reading time":"1 minuto"},"schema":{"@context":"https:\/\/schema.org","@graph":[{"@type":"WebPage","@id":"https:\/\/caid.gob.do\/caid\/inicio\/sobre-nosotros\/dependencias\/caid-santo-domingo-este\/","url":"https:\/\/caid.gob.do\/caid\/inicio\/sobre-nosotros\/dependencias\/caid-santo-domingo-este\/","name":"CAID Santo Domingo Este - CAID","isPartOf":{"@id":"https:\/\/caid.gob.do\/caid\/#website"},"primaryImageOfPage":{"@id":"https:\/\/caid.gob.do\/caid\/inicio\/sobre-nosotros\/dependencias\/caid-santo-domingo-este\/#primaryimage"},"image":{"@id":"https:\/\/caid.gob.do\/caid\/inicio\/sobre-nosotros\/dependencias\/caid-santo-domingo-este\/#primaryimage"},"thumbnailUrl":"https:\/\/caid.gob.do\/caid\/wp-content\/uploads\/CAID_SDOeste.jpg","datePublished":"2023-12-07T13:57:08+00:00","dateModified":"2024-07-11T14:46:42+00:00","breadcrumb":{"@id":"https:\/\/caid.gob.do\/caid\/inicio\/sobre-nosotros\/dependencias\/caid-santo-domingo-este\/#breadcrumb"},"inLanguage":"es-DO","potentialAction":[{"@type":"ReadAction","target":["https:\/\/caid.gob.do\/caid\/inicio\/sobre-nosotros\/dependencias\/caid-santo-domingo-este\/"]}]},{"@type":"ImageObject","inLanguage":"es-DO","@id":"https:\/\/caid.gob.do\/caid\/inicio\/sobre-nosotros\/dependencias\/caid-santo-domingo-este\/#primaryimage","url":"https:\/\/caid.gob.do\/caid\/wp-content\/uploads\/CAID_SDOeste.jpg","contentUrl":"https:\/\/caid.gob.do\/caid\/wp-content\/uploads\/CAID_SDOeste.jpg","width":791,"height":399},{"@type":"BreadcrumbList","@id":"https:\/\/caid.gob.do\/caid\/inicio\/sobre-nosotros\/dependencias\/caid-santo-domingo-este\/#breadcrumb","itemListElement":[{"@type":"ListItem","position":1,"name":"Est\u00e1s aqu\u00ed:","item":"https:\/\/caid.gob.do\/caid\/"},{"@type":"ListItem","position":2,"name":"Inicio","item":"https:\/\/caid.gob.do\/caid\/"},{"@type":"ListItem","position":3,"name":"Sobre nosotros","item":"https:\/\/caid.gob.do\/caid\/pagina-de-inicio\/sobre-nosotros\/"},{"@type":"ListItem","position":4,"name":"Dependencias","item":"https:\/\/caid.gob.do\/caid\/inicio\/sobre-nosotros\/dependencias\/"},{"@type":"ListItem","position":5,"name":"CAID Santo Domingo Este"}]},{"@type":"WebSite","@id":"https:\/\/caid.gob.do\/caid\/#website","url":"https:\/\/caid.gob.do\/caid\/","name":"CAID","description":"Centro de Atenci\u00f3n Integral a la Discapacidad","publisher":{"@id":"https:\/\/caid.gob.do\/caid\/#organization"},"potentialAction":[{"@type":"SearchAction","target":{"@type":"EntryPoint","urlTemplate":"https:\/\/caid.gob.do\/caid\/?s={search_term_string}"},"query-input":{"@type":"PropertyValueSpecification","valueRequired":true,"valueName":"search_term_string"}}],"inLanguage":"es-DO"},{"@type":"Organization","@id":"https:\/\/caid.gob.do\/caid\/#organization","name":"Centro de Atenci\u00f3n Integral para la Discapacidad","url":"https:\/\/caid.gob.do\/caid\/","logo":{"@type":"ImageObject","inLanguage":"es-DO","@id":"https:\/\/caid.gob.do\/caid\/#\/schema\/logo\/image\/","url":"https:\/\/caid.gob.do\/caid\/wp-content\/uploads\/CAID-LOGOS-EN-PNG_Mesa-de-trabajo-1-2-1024x505-1.png","contentUrl":"https:\/\/caid.gob.do\/caid\/wp-content\/uploads\/CAID-LOGOS-EN-PNG_Mesa-de-trabajo-1-2-1024x505-1.png","width":1024,"height":505,"caption":"Centro de Atenci\u00f3n Integral para la Discapacidad"},"image":{"@id":"https:\/\/caid.gob.do\/caid\/#\/schema\/logo\/image\/"},"sameAs":["https:\/\/www.facebook.com\/redcaidrd","https:\/\/x.com\/CAIDRDO","https:\/\/www.instagram.com\/caidrd\/","https:\/\/www.youtube.com\/channel\/UCLnt-fnRlxQdgJQwjgWkrCg"]}]}},"jetpack_sharing_enabled":true,"_links":{"self":[{"href":"https:\/\/caid.gob.do\/caid\/wp-json\/wp\/v2\/pages\/15880","targetHints":{"allow":["GET"]}}],"collection":[{"href":"https:\/\/caid.gob.do\/caid\/wp-json\/wp\/v2\/pages"}],"about":[{"href":"https:\/\/caid.gob.do\/caid\/wp-json\/wp\/v2\/types\/page"}],"author":[{"embeddable":true,"href":"https:\/\/caid.gob.do\/caid\/wp-json\/wp\/v2\/users\/1"}],"replies":[{"embeddable":true,"href":"https:\/\/caid.gob.do\/caid\/wp-json\/wp\/v2\/comments?post=15880"}],"version-history":[{"count":7,"href":"https:\/\/caid.gob.do\/caid\/wp-json\/wp\/v2\/pages\/15880\/revisions"}],"predecessor-version":[{"id":18036,"href":"https:\/\/caid.gob.do\/caid\/wp-json\/wp\/v2\/pages\/15880\/revisions\/18036"}],"up":[{"embeddable":true,"href":"https:\/\/caid.gob.do\/caid\/wp-json\/wp\/v2\/pages\/139"}],"wp:attachment":[{"href":"https:\/\/caid.gob.do\/caid\/wp-json\/wp\/v2\/media?parent=15880"}],"curies":[{"name":"wp","href":"https:\/\/api.w.org\/{rel}","templated":true}]}}