{"id":16,"date":"2022-03-08T14:11:14","date_gmt":"2022-03-08T18:11:14","guid":{"rendered":"https:\/\/caid.gob.do\/?page_id=16"},"modified":"2024-11-05T15:20:59","modified_gmt":"2024-11-05T19:20:59","slug":"contacto","status":"publish","type":"page","link":"https:\/\/caid.gob.do\/caid\/inicio\/contacto\/","title":{"rendered":"Contacto"},"content":{"rendered":"\t\t<div data-elementor-type=\"wp-page\" data-elementor-id=\"16\" class=\"elementor elementor-16\" data-elementor-post-type=\"page\">\n\t\t\t\t<div class=\"elementor-element elementor-element-5de349b e-con-full e-flex e-con e-parent\" data-id=\"5de349b\" data-element_type=\"container\" data-e-type=\"container\" data-settings=\"{&quot;background_background&quot;:&quot;classic&quot;}\">\n\t\t\t\t<\/div>\n\t\t<div class=\"elementor-element elementor-element-a9f7708 e-flex e-con-boxed e-con e-parent\" data-id=\"a9f7708\" data-element_type=\"container\" data-e-type=\"container\">\n\t\t\t\t\t<div class=\"e-con-inner\">\n\t\t<div class=\"elementor-element elementor-element-4c22646 e-con-full e-flex e-con e-child\" data-id=\"4c22646\" data-element_type=\"container\" data-e-type=\"container\">\n\t\t<div class=\"elementor-element elementor-element-48948cf e-con-full e-flex e-con e-child\" data-id=\"48948cf\" data-element_type=\"container\" data-e-type=\"container\">\n\t\t\t\t<div class=\"elementor-element elementor-element-d774e3a elementor-widget elementor-widget-heading\" data-id=\"d774e3a\" data-element_type=\"widget\" data-e-type=\"widget\" data-widget_type=\"heading.default\">\n\t\t\t\t<div class=\"elementor-widget-container\">\n\t\t\t\t\t<h3 class=\"elementor-heading-title elementor-size-default\">CAID Santo Domingo Oeste<\/h3>\t\t\t\t<\/div>\n\t\t\t\t<\/div>\n\t\t\t\t<div class=\"elementor-element elementor-element-55ac5d9 elementor-widget elementor-widget-image\" data-id=\"55ac5d9\" data-element_type=\"widget\" data-e-type=\"widget\" data-widget_type=\"image.default\">\n\t\t\t\t<div class=\"elementor-widget-container\">\n\t\t\t\t\t\t\t\t\t\t\t\t\t\t\t<img loading=\"lazy\" decoding=\"async\" width=\"791\" height=\"399\" src=\"https:\/\/caid.gob.do\/caid\/wp-content\/uploads\/CAID_SDOeste.jpg\" class=\"attachment-full size-full wp-image-2035\" alt=\"\" srcset=\"https:\/\/caid.gob.do\/caid\/wp-content\/uploads\/CAID_SDOeste.jpg 791w, https:\/\/caid.gob.do\/caid\/wp-content\/uploads\/CAID_SDOeste-300x151.jpg 300w, https:\/\/caid.gob.do\/caid\/wp-content\/uploads\/CAID_SDOeste-150x76.jpg 150w, https:\/\/caid.gob.do\/caid\/wp-content\/uploads\/CAID_SDOeste-768x387.jpg 768w\" sizes=\"auto, (max-width: 791px) 100vw, 791px\" \/>\t\t\t\t\t\t\t\t\t\t\t\t\t\t\t<\/div>\n\t\t\t\t<\/div>\n\t\t\t\t<div class=\"elementor-element elementor-element-80f3d20 elementor-widget elementor-widget-google_maps\" data-id=\"80f3d20\" data-element_type=\"widget\" data-e-type=\"widget\" data-widget_type=\"google_maps.default\">\n\t\t\t\t<div class=\"elementor-widget-container\">\n\t\t\t\t\t\t\t<div class=\"elementor-custom-embed\">\n\t\t\t<iframe loading=\"lazy\"\n\t\t\t\t\tsrc=\"https:\/\/maps.google.com\/maps?q=Centro%20de%20Atenci%C3%B3n%20Integral%20para%20la%20Discapacidad%20CAID%20Av.%20Luper%C3%B3n%20esq%2C%20Santo%20Domingo&#038;t=m&#038;z=16&#038;output=embed&#038;iwloc=near\"\n\t\t\t\t\ttitle=\"Centro de Atenci\u00f3n Integral para la Discapacidad CAID Av. Luper\u00f3n esq, Santo Domingo\"\n\t\t\t\t\taria-label=\"Centro de Atenci\u00f3n Integral para la Discapacidad CAID Av. Luper\u00f3n esq, Santo Domingo\"\n\t\t\t><\/iframe>\n\t\t<\/div>\n\t\t\t\t\t\t<\/div>\n\t\t\t\t<\/div>\n\t\t\t\t<div class=\"elementor-element elementor-element-bccc88d elementor-widget elementor-widget-text-editor\" data-id=\"bccc88d\" data-element_type=\"widget\" data-e-type=\"widget\" data-widget_type=\"text-editor.default\">\n\t\t\t\t<div class=\"elementor-widget-container\">\n\t\t\t\t\t\t\t\t\t<div class=\"ficha__item\" data-uw-styling-context=\"true\"><span data-uw-styling-context=\"true\"><strong>Tel\u00e9fono:<\/strong> 849-936-8787<\/span><\/div><div class=\"ficha__item\" data-uw-styling-context=\"true\"><span data-uw-styling-context=\"true\"><strong>Correo:<\/strong>\u00a0<\/span><span id=\"cloake4e03f7dbb94f3afbb923d0c9c6bbe0d\" data-uw-styling-context=\"true\">infosdo@caid.gob.do<br \/><strong>C\u00f3digo postal:<\/strong> 11113<br \/><strong>Direcci\u00f3n:<\/strong> Av. Luper\u00f3n casi esq. Enriquillo<br \/><\/span><\/div><p><span style=\"text-decoration: underline;\"><span style=\"color: #000080;\"><a style=\"color: #000080; text-decoration: underline;\" href=\"https:\/\/caid.gob.do\/caid\/sobre-nosotros\/caid-santo-domingo-oeste\/\">Clic aqu\u00ed para ver mas informaci\u00f3n de la sede.<\/a><\/span><\/span><\/p>\t\t\t\t\t\t\t\t<\/div>\n\t\t\t\t<\/div>\n\t\t\t\t<\/div>\n\t\t<div class=\"elementor-element elementor-element-7ffbec8 e-con-full e-flex e-con e-child\" data-id=\"7ffbec8\" data-element_type=\"container\" data-e-type=\"container\">\n\t\t\t\t<div class=\"elementor-element elementor-element-2f7209d elementor-widget elementor-widget-heading\" data-id=\"2f7209d\" data-element_type=\"widget\" data-e-type=\"widget\" data-widget_type=\"heading.default\">\n\t\t\t\t<div class=\"elementor-widget-container\">\n\t\t\t\t\t<h3 class=\"elementor-heading-title elementor-size-default\">CAID Santo Domingo Este<\/h3>\t\t\t\t<\/div>\n\t\t\t\t<\/div>\n\t\t\t\t<div class=\"elementor-element elementor-element-762d2c4 IMG_SDE elementor-widget elementor-widget-image\" data-id=\"762d2c4\" data-element_type=\"widget\" data-e-type=\"widget\" data-widget_type=\"image.default\">\n\t\t\t\t<div class=\"elementor-widget-container\">\n\t\t\t\t\t\t\t\t\t\t\t\t\t\t\t<img loading=\"lazy\" decoding=\"async\" width=\"1600\" height=\"1201\" src=\"https:\/\/caid.gob.do\/caid\/wp-content\/uploads\/CAID-SDESTE.jpeg\" class=\"attachment-full size-full wp-image-14125\" alt=\"\" \/>\t\t\t\t\t\t\t\t\t\t\t\t\t\t\t<\/div>\n\t\t\t\t<\/div>\n\t\t\t\t<div class=\"elementor-element elementor-element-5d79480 elementor-widget elementor-widget-google_maps\" data-id=\"5d79480\" data-element_type=\"widget\" data-e-type=\"widget\" data-widget_type=\"google_maps.default\">\n\t\t\t\t<div class=\"elementor-widget-container\">\n\t\t\t\t\t\t\t<div class=\"elementor-custom-embed\">\n\t\t\t<iframe loading=\"lazy\"\n\t\t\t\t\tsrc=\"https:\/\/maps.google.com\/maps?q=%20CAID%20SDE%20G44R%2B6FQ%2C%20Santo%20Domingo%20Este%2011901&#038;t=m&#038;z=16&#038;output=embed&#038;iwloc=near\"\n\t\t\t\t\ttitle=\" CAID SDE G44R+6FQ, Santo Domingo Este 11901\"\n\t\t\t\t\taria-label=\" CAID SDE G44R+6FQ, Santo Domingo Este 11901\"\n\t\t\t><\/iframe>\n\t\t<\/div>\n\t\t\t\t\t\t<\/div>\n\t\t\t\t<\/div>\n\t\t\t\t<div class=\"elementor-element elementor-element-62e4869 elementor-widget elementor-widget-text-editor\" data-id=\"62e4869\" data-element_type=\"widget\" data-e-type=\"widget\" data-widget_type=\"text-editor.default\">\n\t\t\t\t<div class=\"elementor-widget-container\">\n\t\t\t\t\t\t\t\t\t<p><strong>Tel\u00e9fono:<\/strong> 829-953-6146<br \/><strong>C\u00f3digo Postal:<\/strong> 11901<br \/><strong>Direcci\u00f3n:<\/strong> Av. San Vicente casi esq. Carretera Mella<br \/><span style=\"text-decoration: underline;\"><span style=\"color: #000080;\"><a style=\"color: #000080; text-decoration: underline;\" href=\"https:\/\/caid.gob.do\/caid\/inicio\/sobre-nosotros\/dependencias\/caid-santo-domingo-este\/\">Clic aqu\u00ed para ver mas informaci\u00f3n de la sede.<\/a><\/span><\/span><\/p>\t\t\t\t\t\t\t\t<\/div>\n\t\t\t\t<\/div>\n\t\t\t\t<\/div>\n\t\t\t\t<\/div>\n\t\t<div class=\"elementor-element elementor-element-7dc9a48 e-con-full e-flex e-con e-child\" data-id=\"7dc9a48\" data-element_type=\"container\" data-e-type=\"container\">\n\t\t<div class=\"elementor-element elementor-element-0cae3c2 e-con-full e-flex e-con e-child\" data-id=\"0cae3c2\" data-element_type=\"container\" data-e-type=\"container\">\n\t\t\t\t<div class=\"elementor-element elementor-element-e86b473 elementor-widget elementor-widget-heading\" data-id=\"e86b473\" data-element_type=\"widget\" data-e-type=\"widget\" data-widget_type=\"heading.default\">\n\t\t\t\t<div class=\"elementor-widget-container\">\n\t\t\t\t\t<h3 class=\"elementor-heading-title elementor-size-default\">CAID Santiago de los Caballeros<\/h3>\t\t\t\t<\/div>\n\t\t\t\t<\/div>\n\t\t\t\t<div class=\"elementor-element elementor-element-cd24845 elementor-widget elementor-widget-image\" data-id=\"cd24845\" data-element_type=\"widget\" data-e-type=\"widget\" data-widget_type=\"image.default\">\n\t\t\t\t<div class=\"elementor-widget-container\">\n\t\t\t\t\t\t\t\t\t\t\t\t\t\t\t<img loading=\"lazy\" decoding=\"async\" width=\"1024\" height=\"550\" src=\"https:\/\/caid.gob.do\/caid\/wp-content\/uploads\/CAID_Santiago.jpeg\" class=\"attachment-full size-full wp-image-2037\" alt=\"\" srcset=\"https:\/\/caid.gob.do\/caid\/wp-content\/uploads\/CAID_Santiago.jpeg 1024w, https:\/\/caid.gob.do\/caid\/wp-content\/uploads\/CAID_Santiago-300x161.jpeg 300w, https:\/\/caid.gob.do\/caid\/wp-content\/uploads\/CAID_Santiago-150x81.jpeg 150w, https:\/\/caid.gob.do\/caid\/wp-content\/uploads\/CAID_Santiago-768x413.jpeg 768w\" sizes=\"auto, (max-width: 1024px) 100vw, 1024px\" \/>\t\t\t\t\t\t\t\t\t\t\t\t\t\t\t<\/div>\n\t\t\t\t<\/div>\n\t\t\t\t<div class=\"elementor-element elementor-element-2a28961 elementor-widget elementor-widget-google_maps\" data-id=\"2a28961\" data-element_type=\"widget\" data-e-type=\"widget\" data-widget_type=\"google_maps.default\">\n\t\t\t\t<div class=\"elementor-widget-container\">\n\t\t\t\t\t\t\t<div class=\"elementor-custom-embed\">\n\t\t\t<iframe loading=\"lazy\"\n\t\t\t\t\tsrc=\"https:\/\/maps.google.com\/maps?q=Centro%20de%20Atencion%20Integral%20para%20la%20Discapacidad%20CAID%20Santiago%20C8G8%2B74G%2C%20Santiago%20de%20los%20Caballeros%2051000&#038;t=m&#038;z=16&#038;output=embed&#038;iwloc=near\"\n\t\t\t\t\ttitle=\"Centro de Atencion Integral para la Discapacidad CAID Santiago C8G8+74G, Santiago de los Caballeros 51000\"\n\t\t\t\t\taria-label=\"Centro de Atencion Integral para la Discapacidad CAID Santiago C8G8+74G, Santiago de los Caballeros 51000\"\n\t\t\t><\/iframe>\n\t\t<\/div>\n\t\t\t\t\t\t<\/div>\n\t\t\t\t<\/div>\n\t\t\t\t<div class=\"elementor-element elementor-element-2a2a899 elementor-widget elementor-widget-text-editor\" data-id=\"2a2a899\" data-element_type=\"widget\" data-e-type=\"widget\" data-widget_type=\"text-editor.default\">\n\t\t\t\t<div class=\"elementor-widget-container\">\n\t\t\t\t\t\t\t\t\t<div class=\"ficha__item\" data-uw-styling-context=\"true\"><div class=\"ficha__item\" data-uw-styling-context=\"true\"><span data-uw-styling-context=\"true\"><strong>Tel\u00e9fono:<\/strong>\u00a0849-937-4141<\/span><\/div><div class=\"ficha__item\" data-uw-styling-context=\"true\"><span data-uw-styling-context=\"true\"><strong>Correo:<\/strong>\u00a0<\/span><span id=\"cloake4e03f7dbb94f3afbb923d0c9c6bbe0d\" data-uw-styling-context=\"true\">infostgo<\/span><span id=\"cloake4e03f7dbb94f3afbb923d0c9c6bbe0d\" data-uw-styling-context=\"true\">@caid.gob.do<br \/><strong>C\u00f3digo postal:<\/strong> 51700<br \/><strong>Direcci\u00f3n:<\/strong>\u00a0Av. Hispanoamericana, 51000, Barrio Pek\u00edn<br \/><\/span><\/div><\/div><p><span style=\"text-decoration: underline;\"><span style=\"color: #000080;\"><a style=\"color: #000080; text-decoration: underline;\" href=\"https:\/\/caid.gob.do\/caid\/sobre-nosotros\/caid-santiago-de-los-caballeros\/\">Clic aqu\u00ed para ver mas informaci\u00f3n de la sede.<\/a><\/span><\/span><\/p>\t\t\t\t\t\t\t\t<\/div>\n\t\t\t\t<\/div>\n\t\t\t\t<\/div>\n\t\t<div class=\"elementor-element elementor-element-66c502c e-con-full e-flex e-con e-child\" data-id=\"66c502c\" data-element_type=\"container\" data-e-type=\"container\">\n\t\t\t\t<div class=\"elementor-element elementor-element-44daf61 elementor-widget elementor-widget-heading\" data-id=\"44daf61\" data-element_type=\"widget\" data-e-type=\"widget\" data-widget_type=\"heading.default\">\n\t\t\t\t<div class=\"elementor-widget-container\">\n\t\t\t\t\t<h3 class=\"elementor-heading-title elementor-size-default\">CAID San Juan de la Maguana<\/h3>\t\t\t\t<\/div>\n\t\t\t\t<\/div>\n\t\t\t\t<div class=\"elementor-element elementor-element-f3304da elementor-widget elementor-widget-image\" data-id=\"f3304da\" data-element_type=\"widget\" data-e-type=\"widget\" data-widget_type=\"image.default\">\n\t\t\t\t<div class=\"elementor-widget-container\">\n\t\t\t\t\t\t\t\t\t\t\t\t\t\t\t<img loading=\"lazy\" decoding=\"async\" width=\"1300\" height=\"731\" src=\"https:\/\/caid.gob.do\/caid\/wp-content\/uploads\/CAID_San_Juan.jpg\" class=\"attachment-full size-full wp-image-2036\" alt=\"\" srcset=\"https:\/\/caid.gob.do\/caid\/wp-content\/uploads\/CAID_San_Juan.jpg 1300w, https:\/\/caid.gob.do\/caid\/wp-content\/uploads\/CAID_San_Juan-300x169.jpg 300w, https:\/\/caid.gob.do\/caid\/wp-content\/uploads\/CAID_San_Juan-1024x576.jpg 1024w, https:\/\/caid.gob.do\/caid\/wp-content\/uploads\/CAID_San_Juan-150x84.jpg 150w, https:\/\/caid.gob.do\/caid\/wp-content\/uploads\/CAID_San_Juan-768x432.jpg 768w\" sizes=\"auto, (max-width: 1300px) 100vw, 1300px\" \/>\t\t\t\t\t\t\t\t\t\t\t\t\t\t\t<\/div>\n\t\t\t\t<\/div>\n\t\t\t\t<div class=\"elementor-element elementor-element-856a446 elementor-widget elementor-widget-google_maps\" data-id=\"856a446\" data-element_type=\"widget\" data-e-type=\"widget\" data-widget_type=\"google_maps.default\">\n\t\t\t\t<div class=\"elementor-widget-container\">\n\t\t\t\t\t\t\t<div class=\"elementor-custom-embed\">\n\t\t\t<iframe loading=\"lazy\"\n\t\t\t\t\tsrc=\"https:\/\/maps.google.com\/maps?q=CAID%20-%20Centro%20de%20Atenci%C3%B3n%20Integral%20para%20la%20Discapacidad%20-%20San%20Juan%20QRP4%2B8XP%2C%202%2C%20San%20Juan%20de%20la%20Maguana&#038;t=m&#038;z=16&#038;output=embed&#038;iwloc=near\"\n\t\t\t\t\ttitle=\"CAID - Centro de Atenci\u00f3n Integral para la Discapacidad - San Juan QRP4+8XP, 2, San Juan de la Maguana\"\n\t\t\t\t\taria-label=\"CAID - Centro de Atenci\u00f3n Integral para la Discapacidad - San Juan QRP4+8XP, 2, San Juan de la Maguana\"\n\t\t\t><\/iframe>\n\t\t<\/div>\n\t\t\t\t\t\t<\/div>\n\t\t\t\t<\/div>\n\t\t\t\t<div class=\"elementor-element elementor-element-09c2c4f elementor-widget elementor-widget-text-editor\" data-id=\"09c2c4f\" data-element_type=\"widget\" data-e-type=\"widget\" data-widget_type=\"text-editor.default\">\n\t\t\t\t<div class=\"elementor-widget-container\">\n\t\t\t\t\t\t\t\t\t<div data-uw-styling-context=\"true\"><div class=\"ficha__item\" data-uw-styling-context=\"true\"><span data-uw-styling-context=\"true\"><strong>Tel\u00e9fono:<\/strong>\u00a0<\/span>809-557-9900<\/div><div class=\"ficha__item\" data-uw-styling-context=\"true\"><span data-uw-styling-context=\"true\"><strong> Correo:<\/strong>\u00a0<\/span><span id=\"cloake4e03f7dbb94f3afbb923d0c9c6bbe0d\" data-uw-styling-context=\"true\">infosjm@caid.gob.do<\/span><\/div><div data-uw-styling-context=\"true\"><span data-uw-styling-context=\"true\"><strong>Direcci\u00f3n:<\/strong>\u00a0<\/span>Km. 5 Carretera San Juan \u2013 Azua<\/div><p><span style=\"text-decoration: underline;\"><span style=\"color: #000080;\"><a style=\"color: #000080; text-decoration: underline;\" href=\"https:\/\/caid.gob.do\/caid\/sobre-nosotros\/caid-san-juan-de-la-maguana\/\">Clic aqu\u00ed para ver mas informaci\u00f3n de la sede.<\/a><\/span><\/span><\/p><\/div>\t\t\t\t\t\t\t\t<\/div>\n\t\t\t\t<\/div>\n\t\t\t\t<\/div>\n\t\t\t\t<\/div>\n\t\t<div class=\"elementor-element elementor-element-34767f7 e-con-full oculto e-flex e-con e-child\" data-id=\"34767f7\" data-element_type=\"container\" data-e-type=\"container\">\n\t\t<div class=\"elementor-element elementor-element-9ae2334 e-con-full e-flex e-con e-child\" data-id=\"9ae2334\" data-element_type=\"container\" data-e-type=\"container\">\n\t\t\t\t<div class=\"elementor-element elementor-element-927b667 elementor-widget elementor-widget-heading\" data-id=\"927b667\" data-element_type=\"widget\" data-e-type=\"widget\" data-widget_type=\"heading.default\">\n\t\t\t\t<div class=\"elementor-widget-container\">\n\t\t\t\t\t<h3 class=\"elementor-heading-title elementor-size-default\">Formulario de contacto <\/h3>\t\t\t\t<\/div>\n\t\t\t\t<\/div>\n\t\t\t\t<\/div>\n\t\t\t\t<\/div>\n\t\t\t\t\t<\/div>\n\t\t\t\t<\/div>\n\t\t\t\t<\/div>\n\t\t","protected":false},"excerpt":{"rendered":"<p>CAID Santo Domingo Oeste Tel\u00e9fono: 849-936-8787Correo:\u00a0infosdo@caid.gob.doC\u00f3digo postal: 11113Direcci\u00f3n: Av. Luper\u00f3n casi esq. Enriquillo Clic aqu\u00ed para ver mas informaci\u00f3n de la sede. CAID Santo Domingo Este Tel\u00e9fono: 829-953-6146C\u00f3digo Postal: 11901Direcci\u00f3n: Av. San Vicente casi esq. Carretera MellaClic aqu\u00ed para ver mas informaci\u00f3n de la sede. CAID Santiago de los Caballeros Tel\u00e9fono:\u00a0849-937-4141Correo:\u00a0infostgo@caid.gob.doC\u00f3digo postal: 51700Direcci\u00f3n:\u00a0Av. Hispanoamericana, 51000, [&hellip;]<\/p>\n","protected":false},"author":1,"featured_media":0,"parent":1736,"menu_order":0,"comment_status":"closed","ping_status":"closed","template":"","meta":{"_acf_changed":false,"footnotes":""},"class_list":["post-16","page","type-page","status-publish","hentry"],"acf":[],"yoast_head":"<!-- This site is optimized with the Yoast SEO plugin v27.0 - https:\/\/yoast.com\/product\/yoast-seo-wordpress\/ -->\r\n<title>Contacto - CAID<\/title>\r\n<meta name=\"robots\" content=\"index, follow, max-snippet:-1, max-image-preview:large, max-video-preview:-1\" \/>\r\n<link rel=\"canonical\" href=\"https:\/\/caid.gob.do\/caid\/inicio\/contacto\/\" \/>\r\n<meta property=\"og:locale\" content=\"es_ES\" \/>\r\n<meta property=\"og:type\" content=\"article\" \/>\r\n<meta property=\"og:title\" content=\"Contacto - CAID\" \/>\r\n<meta property=\"og:description\" content=\"CAID Santo Domingo Oeste Tel\u00e9fono: 849-936-8787Correo:\u00a0infosdo@caid.gob.doC\u00f3digo postal: 11113Direcci\u00f3n: Av. Luper\u00f3n casi esq. Enriquillo Clic aqu\u00ed para ver mas informaci\u00f3n de la sede. CAID Santo Domingo Este Tel\u00e9fono: 829-953-6146C\u00f3digo Postal: 11901Direcci\u00f3n: Av. San Vicente casi esq. Carretera MellaClic aqu\u00ed para ver mas informaci\u00f3n de la sede. CAID Santiago de los Caballeros Tel\u00e9fono:\u00a0849-937-4141Correo:\u00a0infostgo@caid.gob.doC\u00f3digo postal: 51700Direcci\u00f3n:\u00a0Av. Hispanoamericana, 51000, [&hellip;]\" \/>\r\n<meta property=\"og:url\" content=\"https:\/\/caid.gob.do\/caid\/inicio\/contacto\/\" \/>\r\n<meta property=\"og:site_name\" content=\"CAID\" \/>\r\n<meta property=\"article:publisher\" content=\"https:\/\/www.facebook.com\/redcaidrd\" \/>\r\n<meta property=\"article:modified_time\" content=\"2024-11-05T19:20:59+00:00\" \/>\r\n<meta property=\"og:image\" content=\"https:\/\/caid.gob.do\/caid\/wp-content\/uploads\/CAID_SDOeste.jpg\" \/>\r\n<meta name=\"twitter:card\" content=\"summary_large_image\" \/>\r\n<meta name=\"twitter:site\" content=\"@CAIDRDO\" \/>\r\n<meta name=\"twitter:label1\" content=\"Est. reading time\" \/>\n\t<meta name=\"twitter:data1\" content=\"2 minutos\" \/>\r\n<script type=\"application\/ld+json\" class=\"yoast-schema-graph\">{\"@context\":\"https:\/\/schema.org\",\"@graph\":[{\"@type\":\"WebPage\",\"@id\":\"https:\/\/caid.gob.do\/caid\/inicio\/contacto\/\",\"url\":\"https:\/\/caid.gob.do\/caid\/inicio\/contacto\/\",\"name\":\"Contacto - CAID\",\"isPartOf\":{\"@id\":\"https:\/\/caid.gob.do\/caid\/#website\"},\"primaryImageOfPage\":{\"@id\":\"https:\/\/caid.gob.do\/caid\/inicio\/contacto\/#primaryimage\"},\"image\":{\"@id\":\"https:\/\/caid.gob.do\/caid\/inicio\/contacto\/#primaryimage\"},\"thumbnailUrl\":\"https:\/\/caid.gob.do\/caid\/wp-content\/uploads\/CAID_SDOeste.jpg\",\"datePublished\":\"2022-03-08T18:11:14+00:00\",\"dateModified\":\"2024-11-05T19:20:59+00:00\",\"breadcrumb\":{\"@id\":\"https:\/\/caid.gob.do\/caid\/inicio\/contacto\/#breadcrumb\"},\"inLanguage\":\"es-DO\",\"potentialAction\":[{\"@type\":\"ReadAction\",\"target\":[\"https:\/\/caid.gob.do\/caid\/inicio\/contacto\/\"]}]},{\"@type\":\"ImageObject\",\"inLanguage\":\"es-DO\",\"@id\":\"https:\/\/caid.gob.do\/caid\/inicio\/contacto\/#primaryimage\",\"url\":\"https:\/\/caid.gob.do\/caid\/wp-content\/uploads\/CAID_SDOeste.jpg\",\"contentUrl\":\"https:\/\/caid.gob.do\/caid\/wp-content\/uploads\/CAID_SDOeste.jpg\",\"width\":791,\"height\":399},{\"@type\":\"BreadcrumbList\",\"@id\":\"https:\/\/caid.gob.do\/caid\/inicio\/contacto\/#breadcrumb\",\"itemListElement\":[{\"@type\":\"ListItem\",\"position\":1,\"name\":\"Est\u00e1s aqu\u00ed:\",\"item\":\"https:\/\/caid.gob.do\/caid\/\"},{\"@type\":\"ListItem\",\"position\":2,\"name\":\"Inicio\",\"item\":\"https:\/\/caid.gob.do\/caid\/\"},{\"@type\":\"ListItem\",\"position\":3,\"name\":\"Contacto\"}]},{\"@type\":\"WebSite\",\"@id\":\"https:\/\/caid.gob.do\/caid\/#website\",\"url\":\"https:\/\/caid.gob.do\/caid\/\",\"name\":\"CAID\",\"description\":\"Centro de Atenci\u00f3n Integral a la Discapacidad\",\"publisher\":{\"@id\":\"https:\/\/caid.gob.do\/caid\/#organization\"},\"potentialAction\":[{\"@type\":\"SearchAction\",\"target\":{\"@type\":\"EntryPoint\",\"urlTemplate\":\"https:\/\/caid.gob.do\/caid\/?s={search_term_string}\"},\"query-input\":{\"@type\":\"PropertyValueSpecification\",\"valueRequired\":true,\"valueName\":\"search_term_string\"}}],\"inLanguage\":\"es-DO\"},{\"@type\":\"Organization\",\"@id\":\"https:\/\/caid.gob.do\/caid\/#organization\",\"name\":\"Centro de Atenci\u00f3n Integral para la Discapacidad\",\"url\":\"https:\/\/caid.gob.do\/caid\/\",\"logo\":{\"@type\":\"ImageObject\",\"inLanguage\":\"es-DO\",\"@id\":\"https:\/\/caid.gob.do\/caid\/#\/schema\/logo\/image\/\",\"url\":\"https:\/\/caid.gob.do\/caid\/wp-content\/uploads\/CAID-LOGOS-EN-PNG_Mesa-de-trabajo-1-2-1024x505-1.png\",\"contentUrl\":\"https:\/\/caid.gob.do\/caid\/wp-content\/uploads\/CAID-LOGOS-EN-PNG_Mesa-de-trabajo-1-2-1024x505-1.png\",\"width\":1024,\"height\":505,\"caption\":\"Centro de Atenci\u00f3n Integral para la Discapacidad\"},\"image\":{\"@id\":\"https:\/\/caid.gob.do\/caid\/#\/schema\/logo\/image\/\"},\"sameAs\":[\"https:\/\/www.facebook.com\/redcaidrd\",\"https:\/\/x.com\/CAIDRDO\",\"https:\/\/www.instagram.com\/caidrd\/\",\"https:\/\/www.youtube.com\/channel\/UCLnt-fnRlxQdgJQwjgWkrCg\"]}]}<\/script>\r\n<!-- \/ Yoast SEO plugin. -->","yoast_head_json":{"title":"Contacto - CAID","robots":{"index":"index","follow":"follow","max-snippet":"max-snippet:-1","max-image-preview":"max-image-preview:large","max-video-preview":"max-video-preview:-1"},"canonical":"https:\/\/caid.gob.do\/caid\/inicio\/contacto\/","og_locale":"es_ES","og_type":"article","og_title":"Contacto - CAID","og_description":"CAID Santo Domingo Oeste Tel\u00e9fono: 849-936-8787Correo:\u00a0infosdo@caid.gob.doC\u00f3digo postal: 11113Direcci\u00f3n: Av. Luper\u00f3n casi esq. Enriquillo Clic aqu\u00ed para ver mas informaci\u00f3n de la sede. CAID Santo Domingo Este Tel\u00e9fono: 829-953-6146C\u00f3digo Postal: 11901Direcci\u00f3n: Av. San Vicente casi esq. Carretera MellaClic aqu\u00ed para ver mas informaci\u00f3n de la sede. CAID Santiago de los Caballeros Tel\u00e9fono:\u00a0849-937-4141Correo:\u00a0infostgo@caid.gob.doC\u00f3digo postal: 51700Direcci\u00f3n:\u00a0Av. Hispanoamericana, 51000, [&hellip;]","og_url":"https:\/\/caid.gob.do\/caid\/inicio\/contacto\/","og_site_name":"CAID","article_publisher":"https:\/\/www.facebook.com\/redcaidrd","article_modified_time":"2024-11-05T19:20:59+00:00","og_image":[{"url":"https:\/\/caid.gob.do\/caid\/wp-content\/uploads\/CAID_SDOeste.jpg","type":"","width":"","height":""}],"twitter_card":"summary_large_image","twitter_site":"@CAIDRDO","twitter_misc":{"Est. reading time":"2 minutos"},"schema":{"@context":"https:\/\/schema.org","@graph":[{"@type":"WebPage","@id":"https:\/\/caid.gob.do\/caid\/inicio\/contacto\/","url":"https:\/\/caid.gob.do\/caid\/inicio\/contacto\/","name":"Contacto - CAID","isPartOf":{"@id":"https:\/\/caid.gob.do\/caid\/#website"},"primaryImageOfPage":{"@id":"https:\/\/caid.gob.do\/caid\/inicio\/contacto\/#primaryimage"},"image":{"@id":"https:\/\/caid.gob.do\/caid\/inicio\/contacto\/#primaryimage"},"thumbnailUrl":"https:\/\/caid.gob.do\/caid\/wp-content\/uploads\/CAID_SDOeste.jpg","datePublished":"2022-03-08T18:11:14+00:00","dateModified":"2024-11-05T19:20:59+00:00","breadcrumb":{"@id":"https:\/\/caid.gob.do\/caid\/inicio\/contacto\/#breadcrumb"},"inLanguage":"es-DO","potentialAction":[{"@type":"ReadAction","target":["https:\/\/caid.gob.do\/caid\/inicio\/contacto\/"]}]},{"@type":"ImageObject","inLanguage":"es-DO","@id":"https:\/\/caid.gob.do\/caid\/inicio\/contacto\/#primaryimage","url":"https:\/\/caid.gob.do\/caid\/wp-content\/uploads\/CAID_SDOeste.jpg","contentUrl":"https:\/\/caid.gob.do\/caid\/wp-content\/uploads\/CAID_SDOeste.jpg","width":791,"height":399},{"@type":"BreadcrumbList","@id":"https:\/\/caid.gob.do\/caid\/inicio\/contacto\/#breadcrumb","itemListElement":[{"@type":"ListItem","position":1,"name":"Est\u00e1s aqu\u00ed:","item":"https:\/\/caid.gob.do\/caid\/"},{"@type":"ListItem","position":2,"name":"Inicio","item":"https:\/\/caid.gob.do\/caid\/"},{"@type":"ListItem","position":3,"name":"Contacto"}]},{"@type":"WebSite","@id":"https:\/\/caid.gob.do\/caid\/#website","url":"https:\/\/caid.gob.do\/caid\/","name":"CAID","description":"Centro de Atenci\u00f3n Integral a la Discapacidad","publisher":{"@id":"https:\/\/caid.gob.do\/caid\/#organization"},"potentialAction":[{"@type":"SearchAction","target":{"@type":"EntryPoint","urlTemplate":"https:\/\/caid.gob.do\/caid\/?s={search_term_string}"},"query-input":{"@type":"PropertyValueSpecification","valueRequired":true,"valueName":"search_term_string"}}],"inLanguage":"es-DO"},{"@type":"Organization","@id":"https:\/\/caid.gob.do\/caid\/#organization","name":"Centro de Atenci\u00f3n Integral para la Discapacidad","url":"https:\/\/caid.gob.do\/caid\/","logo":{"@type":"ImageObject","inLanguage":"es-DO","@id":"https:\/\/caid.gob.do\/caid\/#\/schema\/logo\/image\/","url":"https:\/\/caid.gob.do\/caid\/wp-content\/uploads\/CAID-LOGOS-EN-PNG_Mesa-de-trabajo-1-2-1024x505-1.png","contentUrl":"https:\/\/caid.gob.do\/caid\/wp-content\/uploads\/CAID-LOGOS-EN-PNG_Mesa-de-trabajo-1-2-1024x505-1.png","width":1024,"height":505,"caption":"Centro de Atenci\u00f3n Integral para la Discapacidad"},"image":{"@id":"https:\/\/caid.gob.do\/caid\/#\/schema\/logo\/image\/"},"sameAs":["https:\/\/www.facebook.com\/redcaidrd","https:\/\/x.com\/CAIDRDO","https:\/\/www.instagram.com\/caidrd\/","https:\/\/www.youtube.com\/channel\/UCLnt-fnRlxQdgJQwjgWkrCg"]}]}},"jetpack_sharing_enabled":true,"_links":{"self":[{"href":"https:\/\/caid.gob.do\/caid\/wp-json\/wp\/v2\/pages\/16","targetHints":{"allow":["GET"]}}],"collection":[{"href":"https:\/\/caid.gob.do\/caid\/wp-json\/wp\/v2\/pages"}],"about":[{"href":"https:\/\/caid.gob.do\/caid\/wp-json\/wp\/v2\/types\/page"}],"author":[{"embeddable":true,"href":"https:\/\/caid.gob.do\/caid\/wp-json\/wp\/v2\/users\/1"}],"replies":[{"embeddable":true,"href":"https:\/\/caid.gob.do\/caid\/wp-json\/wp\/v2\/comments?post=16"}],"version-history":[{"count":163,"href":"https:\/\/caid.gob.do\/caid\/wp-json\/wp\/v2\/pages\/16\/revisions"}],"predecessor-version":[{"id":19492,"href":"https:\/\/caid.gob.do\/caid\/wp-json\/wp\/v2\/pages\/16\/revisions\/19492"}],"up":[{"embeddable":true,"href":"https:\/\/caid.gob.do\/caid\/wp-json\/wp\/v2\/pages\/1736"}],"wp:attachment":[{"href":"https:\/\/caid.gob.do\/caid\/wp-json\/wp\/v2\/media?parent=16"}],"curies":[{"name":"wp","href":"https:\/\/api.w.org\/{rel}","templated":true}]}}