{"id":21530,"date":"2025-06-05T11:11:33","date_gmt":"2025-06-05T15:11:33","guid":{"rendered":"https:\/\/caid.gob.do\/caid\/?page_id=21530"},"modified":"2025-06-26T12:35:57","modified_gmt":"2025-06-26T16:35:57","slug":"estadisticas-institucionales","status":"publish","type":"page","link":"https:\/\/caid.gob.do\/caid\/estadisticas-institucionales\/","title":{"rendered":"ESTAD\u00cdSTICAS INSTITUCIONALES"},"content":{"rendered":"\t\t<div data-elementor-type=\"wp-page\" data-elementor-id=\"21530\" class=\"elementor elementor-21530\" data-elementor-post-type=\"page\">\n\t\t\t\t<div class=\"elementor-element elementor-element-51c06c61 e-flex e-con-boxed e-con e-parent\" data-id=\"51c06c61\" data-element_type=\"container\" data-e-type=\"container\" data-settings=\"{&quot;background_background&quot;:&quot;classic&quot;}\">\n\t\t\t\t\t<div class=\"e-con-inner\">\n\t\t\t\t<div class=\"elementor-element elementor-element-6150a519 elementor-widget__width-inherit elementor-widget elementor-widget-heading\" data-id=\"6150a519\" data-element_type=\"widget\" data-e-type=\"widget\" data-widget_type=\"heading.default\">\n\t\t\t\t<div class=\"elementor-widget-container\">\n\t\t\t\t\t<h1 class=\"elementor-heading-title elementor-size-default\">ESTAD\u00cdSTICAS INSTITUCIONALES<\/h1>\t\t\t\t<\/div>\n\t\t\t\t<\/div>\n\t\t\t\t\t<\/div>\n\t\t\t\t<\/div>\n\t\t<div class=\"elementor-element elementor-element-7060639e e-flex e-con-boxed e-con e-parent\" data-id=\"7060639e\" data-element_type=\"container\" data-e-type=\"container\">\n\t\t\t\t\t<div class=\"e-con-inner\">\n\t\t<div class=\"elementor-element elementor-element-71dae848 e-con-full elementor-hidden-mobile e-flex e-con e-child\" data-id=\"71dae848\" data-element_type=\"container\" data-e-type=\"container\">\n\t\t\t\t<div class=\"elementor-element elementor-element-6625e4c8 elementor-widget elementor-widget-heading\" data-id=\"6625e4c8\" data-element_type=\"widget\" data-e-type=\"widget\" data-widget_type=\"heading.default\">\n\t\t\t\t<div class=\"elementor-widget-container\">\n\t\t\t\t\t<h3 class=\"elementor-heading-title elementor-size-default\">MEN\u00da INTERNO<\/h3>\t\t\t\t<\/div>\n\t\t\t\t<\/div>\n\t\t\t\t<div class=\"elementor-element elementor-element-5db2a08e elementor-widget elementor-widget-shortcode\" data-id=\"5db2a08e\" data-element_type=\"widget\" data-e-type=\"widget\" data-widget_type=\"shortcode.default\">\n\t\t\t\t<div class=\"elementor-widget-container\">\n\t\t\t\t\t\t\t<div class=\"elementor-shortcode\">\r\n<div class=\"menuNosotros\">\r\n\r\n    <!-- Qui\u00e9nes somos -->\r\n    <a href=\"https:\/\/caid.gob.do\/caid\/inicio\/sobre-nosotros\/quienes-somos\/\" >\r\n        <div class=\"menuli\">\r\n            <img decoding=\"async\" class=\"iconMenu\"\r\n                src=\"\">\r\n            <p class=\"menuText\">Qui\u00e9nes somos<\/p>\r\n        <\/div>\r\n    <\/a>\r\n    <!-- Historia -->\r\n    <a href=\"https:\/\/caid.gob.do\/caid\/inicio\/sobre-nosotros\/historia\/\" >\r\n    <div class=\"menuli\">\r\n        <img decoding=\"async\" class=\"iconMenu\" src=\"\">\r\n        <p class=\"menuText\">Historia<\/p>\r\n    <\/div><\/a>\r\n    <!-- Organigrama -->\r\n    <a href=\"https:\/\/caid.gob.do\/caid\/inicio\/sobre-nosotros\/organigrama\/\" >\r\n        <div class=\"menuli\">\r\n\r\n            <img decoding=\"async\" class=\"iconMenu\"\r\n                src=\"\">\r\n            <p class=\"menuText\">Organigrama<\/p>\r\n        <\/div>\r\n    <\/a>\r\n    <!-- Dependencias -->\r\n    <a href=\"https:\/\/caid.gob.do\/caid\/inicio\/sobre-nosotros\/dependencias\/\" >\r\n        <div class=\"menuli\">\r\n\r\n            <img decoding=\"async\" class=\"iconMenu\"\r\n                src=\"\">\r\n            <p class=\"menuText\">Dependencias<\/p>\r\n        <\/div>\r\n    <\/a>\r\n    <!-- Consejo Directivo -->\r\n    <a href=\"https:\/\/caid.gob.do\/caid\/inicio\/sobre-nosotros\/consejo-de-directivos\/\" >\r\n        <div class=\"menuli\">\r\n\r\n            <img decoding=\"async\" class=\"iconMenu\"\r\n                src=\"\">\r\n            <p class=\"menuText\">Consejo Directivo<\/p>\r\n        <\/div>\r\n    <\/a>\r\n    <!-- Despacho del director -->\r\n    <a href=\"https:\/\/caid.gob.do\/caid\/inicio\/sobre-nosotros\/despacho-del-director\/\" >\r\n        <div class=\"menuli\">\r\n\r\n            <img decoding=\"async\" class=\"iconMenu\"\r\n                src=\"\">\r\n            <p class=\"menuText\">Despacho del Director<\/p>\r\n        <\/div>\r\n    <\/a>\r\n\r\n    <!-- Directores m\u00e9dicos -->\r\n    <a href=\"https:\/\/caid.gob.do\/caid\/inicio\/sobre-nosotros\/directorio-de-funcionarios\/\" >\r\n        <div class=\"menuli\">\r\n\r\n            <img decoding=\"async\" class=\"iconMenu\"\r\n                src=\"\">\r\n            <p class=\"menuText\">Directores Sedes<\/p>\r\n        <\/div>\r\n    <\/a>\r\n\r\n     <!-- Marco legal -->\r\n     <a href=\"https:\/\/caid.gob.do\/caid\/inicio\/sobre-nosotros\/marco-legal\/\" >\r\n        <div class=\"menuli\">\r\n\r\n            <img decoding=\"async\" class=\"iconMenu\"\r\n                src=\"\">\r\n            <p class=\"menuText\">Marco legal<\/p>\r\n        <\/div>\r\n    <\/a>\r\n\r\n       <!-- Plan Estrat\u00e9gico Institucional -->\r\n       <a href=\"https:\/\/caid.gob.do\/caid\/inicio\/sobre-nosotros\/plan-estrategico-institucional\/\" >\r\n        <div class=\"menuli\">\r\n\r\n            <img decoding=\"async\" class=\"iconMenu\"\r\n                src=\"\">\r\n            <p class=\"menuText\">Plan Estrat\u00e9gico Institucional<\/p>\r\n        <\/div>\r\n    <\/a>\r\n\r\n    <!-- Carta compromiso -->\r\n    <a href=\"https:\/\/caid.gob.do\/caid\/carta-compromiso\/\" >\r\n        <div class=\"menuli\">\r\n\r\n            <img decoding=\"async\" class=\"iconMenu\"\r\n                src=\"\">\r\n            <p class=\"menuText\">Carta compromiso<\/p>\r\n        <\/div>\r\n    <\/a>\r\n\r\n    <!-- Estadisticas institucionales -->\r\n    <a href=\"https:\/\/caid.gob.do\/caid\/estadisticas-institucionales\/\" >\r\n        <div class=\"menuli\">\r\n\r\n            <img decoding=\"async\" class=\"iconMenu\"\r\n                src=\"\">\r\n            <p class=\"menuText\">Estad\u00edsticas institucionales<\/p>\r\n        <\/div>\r\n    <\/a>\r\n\r\n    <!-- Documentos de trabajo -->\r\n    <a href=\"https:\/\/caid.gob.do\/caid\/inicio\/sobre-nosotros\/documentos-de-trabajo\/\" >\r\n        <div class=\"menuli\">\r\n\r\n            <img decoding=\"async\" class=\"iconMenu\"\r\n                src=\"\">\r\n            <p class=\"menuText\">Documentos de trabajo<\/p>\r\n        <\/div>\r\n    <\/a>\r\n\r\n     <!-- Ruta de autobuses -->\r\n     <a href=\"https:\/\/caid.gob.do\/caid\/inicio\/sobre-nosotros\/rutas-de-autobuses-caid-2\/\" >\r\n        <div class=\"menuli\">\r\n\r\n            <img decoding=\"async\" class=\"iconMenu\"\r\n                src=\"\">\r\n            <p class=\"menuText\">Ruta de autobuses<\/p>\r\n        <\/div>\r\n    <\/a>\r\n    \r\n<\/div>    <script>\r\n            \/\/ Obtener la URL actual\r\n    var currentUrl = window.location.href;\r\n\r\n    \/\/ Obtener todos los enlaces dentro del men\u00fa\r\n    var links = document.querySelectorAll('.menuNosotros a');\r\n\r\n    \/\/ Recorrer cada enlace y comparar con la URL actual\r\n    for (var i = 0; i < links.length; i++) {\r\n        var link = links[i];\r\n        var linkUrl = link.getAttribute('href');\r\n\r\n        \/\/ Si la URL actual contiene el texto de la etiqueta <p>, agregar la clase \"selected\"\r\n        if (currentUrl.includes(linkUrl)) {\r\n            link.classList.add('selected');\r\n        }\r\n    }    <\/script>\r\n    <style>\r\n        .menuNosotros {\r\n    width: 295px;\r\n    align-items: center;\r\n      \r\n}\r\n\r\n.menuli {\r\n    display: flex;\r\n    align-items: center;\r\n    padding-top: 5px;\r\n    padding-bottom: 5px;\r\n   }\r\n\r\na {\r\n\r\n    text-decoration: none;\r\n}\r\n\r\n\r\n.menuli:hover {\r\n\r\n    background-color: #42ADE126;\r\n    font-weight: 600;\r\n     \r\n}\r\n\r\n\r\n.iconMenu {\r\n    width: 25px;\r\n    margin-left: 10px;    \r\n}\r\n\r\n\r\n.menuText {\r\n    font-family: arcon;\r\n    font-size: 14px;\r\n    color: black;\r\n    margin-top: 15px;\r\n}\r\n\r\n.selected {\r\n\r\nfont-weight: 600;\r\nbackground-color: #42ADE126;\r\n\r\n\r\n}    <\/style>\r\n    <\/div>\n\t\t\t\t\t\t<\/div>\n\t\t\t\t<\/div>\n\t\t\t\t<\/div>\n\t\t<div class=\"elementor-element elementor-element-9a68f16 e-con-full e-flex e-con e-child\" data-id=\"9a68f16\" data-element_type=\"container\" data-e-type=\"container\">\n\t\t<div class=\"elementor-element elementor-element-28aacad8 e-con-full e-flex e-con e-child\" data-id=\"28aacad8\" data-element_type=\"container\" data-e-type=\"container\">\n\t\t\t\t<div class=\"elementor-element elementor-element-191e9466 elementor-align-left elementor-widget elementor-widget-breadcrumbs\" data-id=\"191e9466\" data-element_type=\"widget\" data-e-type=\"widget\" data-widget_type=\"breadcrumbs.default\">\n\t\t\t\t<div class=\"elementor-widget-container\">\n\t\t\t\t\t<p id=\"breadcrumbs\"><span><span><a href=\"https:\/\/caid.gob.do\/caid\/\">Est\u00e1s aqu\u00ed:<\/a><\/span><\/span><\/p>\t\t\t\t<\/div>\n\t\t\t\t<\/div>\n\t\t\t\t<div class=\"elementor-element elementor-element-3d385669 elementor-share-buttons--align-left elementor-share-buttons--color-custom elementor-share-buttons--view-icon-text elementor-share-buttons--skin-gradient elementor-share-buttons--shape-square elementor-grid-0 elementor-widget elementor-widget-share-buttons\" data-id=\"3d385669\" data-element_type=\"widget\" data-e-type=\"widget\" data-widget_type=\"share-buttons.default\">\n\t\t\t\t<div class=\"elementor-widget-container\">\n\t\t\t\t\t\t\t<div class=\"elementor-grid\" role=\"list\">\n\t\t\t\t\t\t\t\t<div class=\"elementor-grid-item\" role=\"listitem\">\n\t\t\t\t\t\t<div class=\"elementor-share-btn elementor-share-btn_print\" role=\"button\" tabindex=\"0\" aria-label=\"Share on print\">\n\t\t\t\t\t\t\t\t\t\t\t\t\t\t\t<span class=\"elementor-share-btn__icon\">\n\t\t\t\t\t\t\t\t<i class=\"fas fa-print\" aria-hidden=\"true\"><\/i>\t\t\t\t\t\t\t<\/span>\n\t\t\t\t\t\t\t\t\t\t\t\t\t\t\t\t\t\t\t\t\t\t<div class=\"elementor-share-btn__text\">\n\t\t\t\t\t\t\t\t\t\t\t\t\t\t\t\t\t\t\t<span class=\"elementor-share-btn__title\">\n\t\t\t\t\t\t\t\t\t\tPDF \/ Imprimir\t\t\t\t\t\t\t\t\t<\/span>\n\t\t\t\t\t\t\t\t\t\t\t\t\t\t\t\t\t<\/div>\n\t\t\t\t\t\t\t\t\t\t\t\t\t<\/div>\n\t\t\t\t\t<\/div>\n\t\t\t\t\t\t\t\t\t<div class=\"elementor-grid-item\" role=\"listitem\">\n\t\t\t\t\t\t<div class=\"elementor-share-btn elementor-share-btn_email\" role=\"button\" tabindex=\"0\" aria-label=\"Share on email\">\n\t\t\t\t\t\t\t\t\t\t\t\t\t\t\t<span class=\"elementor-share-btn__icon\">\n\t\t\t\t\t\t\t\t<i class=\"fas fa-envelope\" aria-hidden=\"true\"><\/i>\t\t\t\t\t\t\t<\/span>\n\t\t\t\t\t\t\t\t\t\t\t\t\t\t\t\t\t\t\t\t\t\t<div class=\"elementor-share-btn__text\">\n\t\t\t\t\t\t\t\t\t\t\t\t\t\t\t\t\t\t\t<span class=\"elementor-share-btn__title\">\n\t\t\t\t\t\t\t\t\t\tEmail\t\t\t\t\t\t\t\t\t<\/span>\n\t\t\t\t\t\t\t\t\t\t\t\t\t\t\t\t\t<\/div>\n\t\t\t\t\t\t\t\t\t\t\t\t\t<\/div>\n\t\t\t\t\t<\/div>\n\t\t\t\t\t\t\t\t\t<div class=\"elementor-grid-item\" role=\"listitem\">\n\t\t\t\t\t\t<div class=\"elementor-share-btn elementor-share-btn_whatsapp\" role=\"button\" tabindex=\"0\" aria-label=\"Share on whatsapp\">\n\t\t\t\t\t\t\t\t\t\t\t\t\t\t\t<span class=\"elementor-share-btn__icon\">\n\t\t\t\t\t\t\t\t<i class=\"fab fa-whatsapp\" aria-hidden=\"true\"><\/i>\t\t\t\t\t\t\t<\/span>\n\t\t\t\t\t\t\t\t\t\t\t\t\t\t\t\t\t\t\t\t\t\t<div class=\"elementor-share-btn__text\">\n\t\t\t\t\t\t\t\t\t\t\t\t\t\t\t\t\t\t\t<span class=\"elementor-share-btn__title\">\n\t\t\t\t\t\t\t\t\t\tWhatsApp\t\t\t\t\t\t\t\t\t<\/span>\n\t\t\t\t\t\t\t\t\t\t\t\t\t\t\t\t\t<\/div>\n\t\t\t\t\t\t\t\t\t\t\t\t\t<\/div>\n\t\t\t\t\t<\/div>\n\t\t\t\t\t\t<\/div>\n\t\t\t\t\t\t<\/div>\n\t\t\t\t<\/div>\n\t\t\t\t<\/div>\n\t\t<div class=\"elementor-element elementor-element-47864b47 e-con-full e-flex e-con e-child\" data-id=\"47864b47\" data-element_type=\"container\" data-e-type=\"container\">\n\t\t<div class=\"elementor-element elementor-element-5b8b78c e-grid e-con-full e-con e-child\" data-id=\"5b8b78c\" data-element_type=\"container\" data-e-type=\"container\">\n\t\t\t\t<div class=\"elementor-element elementor-element-1c86dae0 elementor-widget elementor-widget-image\" data-id=\"1c86dae0\" data-element_type=\"widget\" data-e-type=\"widget\" data-widget_type=\"image.default\">\n\t\t\t\t<div class=\"elementor-widget-container\">\n\t\t\t\t\t\t\t\t\t\t\t\t\t\t\t\t<a href=\"https:\/\/caid.gob.do\/caid\/inicio\/sobre-nosotros\/datos-estadisticos\/\">\n\t\t\t\t\t\t\t<img loading=\"lazy\" decoding=\"async\" width=\"697\" height=\"548\" src=\"https:\/\/caid.gob.do\/caid\/wp-content\/uploads\/Mesa-de-trabajo-4.png\" class=\"attachment-large size-large wp-image-21510\" alt=\"\" \/>\t\t\t\t\t\t\t\t<\/a>\n\t\t\t\t\t\t\t\t\t\t\t\t\t\t\t<\/div>\n\t\t\t\t<\/div>\n\t\t\t\t<div class=\"elementor-element elementor-element-330be27f elementor-widget elementor-widget-image\" data-id=\"330be27f\" data-element_type=\"widget\" data-e-type=\"widget\" data-widget_type=\"image.default\">\n\t\t\t\t<div class=\"elementor-widget-container\">\n\t\t\t\t\t\t\t\t\t\t\t\t\t\t\t\t<a href=\"https:\/\/caid.gob.do\/caid\/lista-de-espera\/\">\n\t\t\t\t\t\t\t<img loading=\"lazy\" decoding=\"async\" width=\"697\" height=\"548\" src=\"https:\/\/caid.gob.do\/caid\/wp-content\/uploads\/Mesa-de-trabajo-5.png\" class=\"attachment-large size-large wp-image-21509\" alt=\"\" \/>\t\t\t\t\t\t\t\t<\/a>\n\t\t\t\t\t\t\t\t\t\t\t\t\t\t\t<\/div>\n\t\t\t\t<\/div>\n\t\t\t\t<div class=\"elementor-element elementor-element-99d0b08 elementor-widget elementor-widget-image\" data-id=\"99d0b08\" data-element_type=\"widget\" data-e-type=\"widget\" data-widget_type=\"image.default\">\n\t\t\t\t<div class=\"elementor-widget-container\">\n\t\t\t\t\t\t\t\t\t\t\t\t\t\t\t\t<a href=\"https:\/\/caid.gob.do\/caid\/disponibilidad-de-consultorios\/\">\n\t\t\t\t\t\t\t<img loading=\"lazy\" decoding=\"async\" width=\"697\" height=\"548\" src=\"https:\/\/caid.gob.do\/caid\/wp-content\/uploads\/Mesa-de-trabajo-6.png\" class=\"attachment-large size-large wp-image-21508\" alt=\"\" \/>\t\t\t\t\t\t\t\t<\/a>\n\t\t\t\t\t\t\t\t\t\t\t\t\t\t\t<\/div>\n\t\t\t\t<\/div>\n\t\t\t\t<div class=\"elementor-element elementor-element-1181599a elementor-widget elementor-widget-image\" data-id=\"1181599a\" data-element_type=\"widget\" data-e-type=\"widget\" data-widget_type=\"image.default\">\n\t\t\t\t<div class=\"elementor-widget-container\">\n\t\t\t\t\t\t\t\t\t\t\t\t\t\t\t\t<a href=\"https:\/\/caid.gob.do\/caid\/capacidad-maxima-de-atencion\/\">\n\t\t\t\t\t\t\t<img loading=\"lazy\" decoding=\"async\" width=\"800\" height=\"628\" src=\"https:\/\/caid.gob.do\/caid\/wp-content\/uploads\/Mesa-de-trabajo-8@4x.png\" class=\"attachment-large size-large wp-image-22189\" alt=\"\" \/>\t\t\t\t\t\t\t\t<\/a>\n\t\t\t\t\t\t\t\t\t\t\t\t\t\t\t<\/div>\n\t\t\t\t<\/div>\n\t\t\t\t<div class=\"elementor-element elementor-element-97c78fa elementor-widget elementor-widget-image\" data-id=\"97c78fa\" data-element_type=\"widget\" data-e-type=\"widget\" data-widget_type=\"image.default\">\n\t\t\t\t<div class=\"elementor-widget-container\">\n\t\t\t\t\t\t\t\t\t\t\t\t\t\t\t\t<a href=\"https:\/\/caid.gob.do\/caid\/datos-historicos\/\">\n\t\t\t\t\t\t\t<img loading=\"lazy\" decoding=\"async\" width=\"697\" height=\"548\" src=\"https:\/\/caid.gob.do\/caid\/wp-content\/uploads\/Mesa-de-trabajo-7.png\" class=\"attachment-large size-large wp-image-21507\" alt=\"\" \/>\t\t\t\t\t\t\t\t<\/a>\n\t\t\t\t\t\t\t\t\t\t\t\t\t\t\t<\/div>\n\t\t\t\t<\/div>\n\t\t\t\t<div class=\"elementor-element elementor-element-35671fc7 elementor-widget elementor-widget-image\" data-id=\"35671fc7\" data-element_type=\"widget\" data-e-type=\"widget\" data-widget_type=\"image.default\">\n\t\t\t\t<div class=\"elementor-widget-container\">\n\t\t\t\t\t\t\t\t\t\t\t\t\t\t\t\t<a href=\"https:\/\/caid.gob.do\/caid\/plan-de-expansion-nacional\/\">\n\t\t\t\t\t\t\t<img loading=\"lazy\" decoding=\"async\" width=\"800\" height=\"628\" src=\"https:\/\/caid.gob.do\/caid\/wp-content\/uploads\/Mesa-de-trabajo-9@4x.png\" class=\"attachment-large size-large wp-image-22188\" alt=\"\" \/>\t\t\t\t\t\t\t\t<\/a>\n\t\t\t\t\t\t\t\t\t\t\t\t\t\t\t<\/div>\n\t\t\t\t<\/div>\n\t\t\t\t<\/div>\n\t\t\t\t<\/div>\n\t\t\t\t<\/div>\n\t\t\t\t\t<\/div>\n\t\t\t\t<\/div>\n\t\t\t\t<\/div>\n\t\t","protected":false},"excerpt":{"rendered":"<p>ESTAD\u00cdSTICAS INSTITUCIONALES MEN\u00da INTERNO PDF \/ Imprimir Email WhatsApp<\/p>\n","protected":false},"author":13,"featured_media":0,"parent":0,"menu_order":0,"comment_status":"closed","ping_status":"closed","template":"","meta":{"_acf_changed":false,"footnotes":""},"class_list":["post-21530","page","type-page","status-publish","hentry"],"acf":[],"yoast_head":"<!-- This site is optimized with the Yoast SEO plugin v27.0 - https:\/\/yoast.com\/product\/yoast-seo-wordpress\/ -->\r\n<title>ESTAD\u00cdSTICAS INSTITUCIONALES - CAID<\/title>\r\n<meta name=\"robots\" content=\"index, follow, max-snippet:-1, max-image-preview:large, max-video-preview:-1\" \/>\r\n<link rel=\"canonical\" href=\"https:\/\/caid.gob.do\/caid\/estadisticas-institucionales\/\" \/>\r\n<meta property=\"og:locale\" content=\"es_ES\" \/>\r\n<meta property=\"og:type\" content=\"article\" \/>\r\n<meta property=\"og:title\" content=\"ESTAD\u00cdSTICAS INSTITUCIONALES - CAID\" \/>\r\n<meta property=\"og:description\" content=\"ESTAD\u00cdSTICAS INSTITUCIONALES MEN\u00da INTERNO PDF \/ Imprimir Email WhatsApp\" \/>\r\n<meta property=\"og:url\" content=\"https:\/\/caid.gob.do\/caid\/estadisticas-institucionales\/\" \/>\r\n<meta property=\"og:site_name\" content=\"CAID\" \/>\r\n<meta property=\"article:publisher\" content=\"https:\/\/www.facebook.com\/redcaidrd\" \/>\r\n<meta property=\"article:modified_time\" content=\"2025-06-26T16:35:57+00:00\" \/>\r\n<meta property=\"og:image\" content=\"https:\/\/caid.gob.do\/caid\/wp-content\/uploads\/Mesa-de-trabajo-4.png\" \/>\r\n\t<meta property=\"og:image:width\" content=\"697\" \/>\r\n\t<meta property=\"og:image:height\" content=\"548\" \/>\r\n\t<meta property=\"og:image:type\" content=\"image\/png\" \/>\r\n<meta name=\"twitter:card\" content=\"summary_large_image\" \/>\r\n<meta name=\"twitter:site\" content=\"@CAIDRDO\" \/>\r\n<meta name=\"twitter:label1\" content=\"Est. reading time\" \/>\n\t<meta name=\"twitter:data1\" content=\"2 minutos\" \/>\r\n<script type=\"application\/ld+json\" class=\"yoast-schema-graph\">{\"@context\":\"https:\/\/schema.org\",\"@graph\":[{\"@type\":\"WebPage\",\"@id\":\"https:\/\/caid.gob.do\/caid\/estadisticas-institucionales\/\",\"url\":\"https:\/\/caid.gob.do\/caid\/estadisticas-institucionales\/\",\"name\":\"ESTAD\u00cdSTICAS INSTITUCIONALES - CAID\",\"isPartOf\":{\"@id\":\"https:\/\/caid.gob.do\/caid\/#website\"},\"primaryImageOfPage\":{\"@id\":\"https:\/\/caid.gob.do\/caid\/estadisticas-institucionales\/#primaryimage\"},\"image\":{\"@id\":\"https:\/\/caid.gob.do\/caid\/estadisticas-institucionales\/#primaryimage\"},\"thumbnailUrl\":\"https:\/\/caid.gob.do\/caid\/wp-content\/uploads\/Mesa-de-trabajo-4.png\",\"datePublished\":\"2025-06-05T15:11:33+00:00\",\"dateModified\":\"2025-06-26T16:35:57+00:00\",\"breadcrumb\":{\"@id\":\"https:\/\/caid.gob.do\/caid\/estadisticas-institucionales\/#breadcrumb\"},\"inLanguage\":\"es-DO\",\"potentialAction\":[{\"@type\":\"ReadAction\",\"target\":[\"https:\/\/caid.gob.do\/caid\/estadisticas-institucionales\/\"]}]},{\"@type\":\"ImageObject\",\"inLanguage\":\"es-DO\",\"@id\":\"https:\/\/caid.gob.do\/caid\/estadisticas-institucionales\/#primaryimage\",\"url\":\"https:\/\/caid.gob.do\/caid\/wp-content\/uploads\/Mesa-de-trabajo-4.png\",\"contentUrl\":\"https:\/\/caid.gob.do\/caid\/wp-content\/uploads\/Mesa-de-trabajo-4.png\",\"width\":697,\"height\":548},{\"@type\":\"BreadcrumbList\",\"@id\":\"https:\/\/caid.gob.do\/caid\/estadisticas-institucionales\/#breadcrumb\",\"itemListElement\":[{\"@type\":\"ListItem\",\"position\":1,\"name\":\"Est\u00e1s aqu\u00ed:\",\"item\":\"https:\/\/caid.gob.do\/caid\/\"},{\"@type\":\"ListItem\",\"position\":2,\"name\":\"ESTAD\u00cdSTICAS INSTITUCIONALES\"}]},{\"@type\":\"WebSite\",\"@id\":\"https:\/\/caid.gob.do\/caid\/#website\",\"url\":\"https:\/\/caid.gob.do\/caid\/\",\"name\":\"CAID\",\"description\":\"Centro de Atenci\u00f3n Integral a la Discapacidad\",\"publisher\":{\"@id\":\"https:\/\/caid.gob.do\/caid\/#organization\"},\"potentialAction\":[{\"@type\":\"SearchAction\",\"target\":{\"@type\":\"EntryPoint\",\"urlTemplate\":\"https:\/\/caid.gob.do\/caid\/?s={search_term_string}\"},\"query-input\":{\"@type\":\"PropertyValueSpecification\",\"valueRequired\":true,\"valueName\":\"search_term_string\"}}],\"inLanguage\":\"es-DO\"},{\"@type\":\"Organization\",\"@id\":\"https:\/\/caid.gob.do\/caid\/#organization\",\"name\":\"Centro de Atenci\u00f3n Integral para la Discapacidad\",\"url\":\"https:\/\/caid.gob.do\/caid\/\",\"logo\":{\"@type\":\"ImageObject\",\"inLanguage\":\"es-DO\",\"@id\":\"https:\/\/caid.gob.do\/caid\/#\/schema\/logo\/image\/\",\"url\":\"https:\/\/caid.gob.do\/caid\/wp-content\/uploads\/CAID-LOGOS-EN-PNG_Mesa-de-trabajo-1-2-1024x505-1.png\",\"contentUrl\":\"https:\/\/caid.gob.do\/caid\/wp-content\/uploads\/CAID-LOGOS-EN-PNG_Mesa-de-trabajo-1-2-1024x505-1.png\",\"width\":1024,\"height\":505,\"caption\":\"Centro de Atenci\u00f3n Integral para la Discapacidad\"},\"image\":{\"@id\":\"https:\/\/caid.gob.do\/caid\/#\/schema\/logo\/image\/\"},\"sameAs\":[\"https:\/\/www.facebook.com\/redcaidrd\",\"https:\/\/x.com\/CAIDRDO\",\"https:\/\/www.instagram.com\/caidrd\/\",\"https:\/\/www.youtube.com\/channel\/UCLnt-fnRlxQdgJQwjgWkrCg\"]}]}<\/script>\r\n<!-- \/ Yoast SEO plugin. -->","yoast_head_json":{"title":"ESTAD\u00cdSTICAS INSTITUCIONALES - CAID","robots":{"index":"index","follow":"follow","max-snippet":"max-snippet:-1","max-image-preview":"max-image-preview:large","max-video-preview":"max-video-preview:-1"},"canonical":"https:\/\/caid.gob.do\/caid\/estadisticas-institucionales\/","og_locale":"es_ES","og_type":"article","og_title":"ESTAD\u00cdSTICAS INSTITUCIONALES - CAID","og_description":"ESTAD\u00cdSTICAS INSTITUCIONALES MEN\u00da INTERNO PDF \/ Imprimir Email WhatsApp","og_url":"https:\/\/caid.gob.do\/caid\/estadisticas-institucionales\/","og_site_name":"CAID","article_publisher":"https:\/\/www.facebook.com\/redcaidrd","article_modified_time":"2025-06-26T16:35:57+00:00","og_image":[{"width":697,"height":548,"url":"https:\/\/caid.gob.do\/caid\/wp-content\/uploads\/Mesa-de-trabajo-4.png","type":"image\/png"}],"twitter_card":"summary_large_image","twitter_site":"@CAIDRDO","twitter_misc":{"Est. reading time":"2 minutos"},"schema":{"@context":"https:\/\/schema.org","@graph":[{"@type":"WebPage","@id":"https:\/\/caid.gob.do\/caid\/estadisticas-institucionales\/","url":"https:\/\/caid.gob.do\/caid\/estadisticas-institucionales\/","name":"ESTAD\u00cdSTICAS INSTITUCIONALES - CAID","isPartOf":{"@id":"https:\/\/caid.gob.do\/caid\/#website"},"primaryImageOfPage":{"@id":"https:\/\/caid.gob.do\/caid\/estadisticas-institucionales\/#primaryimage"},"image":{"@id":"https:\/\/caid.gob.do\/caid\/estadisticas-institucionales\/#primaryimage"},"thumbnailUrl":"https:\/\/caid.gob.do\/caid\/wp-content\/uploads\/Mesa-de-trabajo-4.png","datePublished":"2025-06-05T15:11:33+00:00","dateModified":"2025-06-26T16:35:57+00:00","breadcrumb":{"@id":"https:\/\/caid.gob.do\/caid\/estadisticas-institucionales\/#breadcrumb"},"inLanguage":"es-DO","potentialAction":[{"@type":"ReadAction","target":["https:\/\/caid.gob.do\/caid\/estadisticas-institucionales\/"]}]},{"@type":"ImageObject","inLanguage":"es-DO","@id":"https:\/\/caid.gob.do\/caid\/estadisticas-institucionales\/#primaryimage","url":"https:\/\/caid.gob.do\/caid\/wp-content\/uploads\/Mesa-de-trabajo-4.png","contentUrl":"https:\/\/caid.gob.do\/caid\/wp-content\/uploads\/Mesa-de-trabajo-4.png","width":697,"height":548},{"@type":"BreadcrumbList","@id":"https:\/\/caid.gob.do\/caid\/estadisticas-institucionales\/#breadcrumb","itemListElement":[{"@type":"ListItem","position":1,"name":"Est\u00e1s aqu\u00ed:","item":"https:\/\/caid.gob.do\/caid\/"},{"@type":"ListItem","position":2,"name":"ESTAD\u00cdSTICAS INSTITUCIONALES"}]},{"@type":"WebSite","@id":"https:\/\/caid.gob.do\/caid\/#website","url":"https:\/\/caid.gob.do\/caid\/","name":"CAID","description":"Centro de Atenci\u00f3n Integral a la Discapacidad","publisher":{"@id":"https:\/\/caid.gob.do\/caid\/#organization"},"potentialAction":[{"@type":"SearchAction","target":{"@type":"EntryPoint","urlTemplate":"https:\/\/caid.gob.do\/caid\/?s={search_term_string}"},"query-input":{"@type":"PropertyValueSpecification","valueRequired":true,"valueName":"search_term_string"}}],"inLanguage":"es-DO"},{"@type":"Organization","@id":"https:\/\/caid.gob.do\/caid\/#organization","name":"Centro de Atenci\u00f3n Integral para la Discapacidad","url":"https:\/\/caid.gob.do\/caid\/","logo":{"@type":"ImageObject","inLanguage":"es-DO","@id":"https:\/\/caid.gob.do\/caid\/#\/schema\/logo\/image\/","url":"https:\/\/caid.gob.do\/caid\/wp-content\/uploads\/CAID-LOGOS-EN-PNG_Mesa-de-trabajo-1-2-1024x505-1.png","contentUrl":"https:\/\/caid.gob.do\/caid\/wp-content\/uploads\/CAID-LOGOS-EN-PNG_Mesa-de-trabajo-1-2-1024x505-1.png","width":1024,"height":505,"caption":"Centro de Atenci\u00f3n Integral para la Discapacidad"},"image":{"@id":"https:\/\/caid.gob.do\/caid\/#\/schema\/logo\/image\/"},"sameAs":["https:\/\/www.facebook.com\/redcaidrd","https:\/\/x.com\/CAIDRDO","https:\/\/www.instagram.com\/caidrd\/","https:\/\/www.youtube.com\/channel\/UCLnt-fnRlxQdgJQwjgWkrCg"]}]}},"jetpack_sharing_enabled":true,"_links":{"self":[{"href":"https:\/\/caid.gob.do\/caid\/wp-json\/wp\/v2\/pages\/21530","targetHints":{"allow":["GET"]}}],"collection":[{"href":"https:\/\/caid.gob.do\/caid\/wp-json\/wp\/v2\/pages"}],"about":[{"href":"https:\/\/caid.gob.do\/caid\/wp-json\/wp\/v2\/types\/page"}],"author":[{"embeddable":true,"href":"https:\/\/caid.gob.do\/caid\/wp-json\/wp\/v2\/users\/13"}],"replies":[{"embeddable":true,"href":"https:\/\/caid.gob.do\/caid\/wp-json\/wp\/v2\/comments?post=21530"}],"version-history":[{"count":76,"href":"https:\/\/caid.gob.do\/caid\/wp-json\/wp\/v2\/pages\/21530\/revisions"}],"predecessor-version":[{"id":22192,"href":"https:\/\/caid.gob.do\/caid\/wp-json\/wp\/v2\/pages\/21530\/revisions\/22192"}],"wp:attachment":[{"href":"https:\/\/caid.gob.do\/caid\/wp-json\/wp\/v2\/media?parent=21530"}],"curies":[{"name":"wp","href":"https:\/\/api.w.org\/{rel}","templated":true}]}}