{"id":21572,"date":"2025-06-05T12:23:12","date_gmt":"2025-06-05T16:23:12","guid":{"rendered":"https:\/\/caid.gob.do\/caid\/?page_id=21572"},"modified":"2025-06-26T11:50:07","modified_gmt":"2025-06-26T15:50:07","slug":"disponibilidad-de-consultorios","status":"publish","type":"page","link":"https:\/\/caid.gob.do\/caid\/disponibilidad-de-consultorios\/","title":{"rendered":"Disponibilidad de Consultorios"},"content":{"rendered":"\t\t<div data-elementor-type=\"wp-page\" data-elementor-id=\"21572\" class=\"elementor elementor-21572\" data-elementor-post-type=\"page\">\n\t\t\t\t<div class=\"elementor-element elementor-element-58c5de35 e-con-full e-flex e-con e-parent\" data-id=\"58c5de35\" data-element_type=\"container\" data-e-type=\"container\" data-settings=\"{&quot;background_background&quot;:&quot;classic&quot;}\">\n\t\t\t\t<div class=\"elementor-element elementor-element-1174ad3a elementor-widget__width-inherit elementor-widget elementor-widget-heading\" data-id=\"1174ad3a\" data-element_type=\"widget\" data-e-type=\"widget\" data-widget_type=\"heading.default\">\n\t\t\t\t<div class=\"elementor-widget-container\">\n\t\t\t\t\t<h1 class=\"elementor-heading-title elementor-size-default\">DISPONIBILIDAD DE CONSULTORIOS<\/h1>\t\t\t\t<\/div>\n\t\t\t\t<\/div>\n\t\t\t\t<\/div>\n\t\t<div class=\"elementor-element elementor-element-7db7c144 e-con-full e-flex e-con e-parent\" data-id=\"7db7c144\" data-element_type=\"container\" data-e-type=\"container\">\n\t\t<div class=\"elementor-element elementor-element-5d5eafd4 e-con-full elementor-hidden-mobile e-flex e-con e-child\" data-id=\"5d5eafd4\" data-element_type=\"container\" data-e-type=\"container\">\n\t\t\t\t<div class=\"elementor-element elementor-element-13f26275 elementor-widget elementor-widget-heading\" data-id=\"13f26275\" data-element_type=\"widget\" data-e-type=\"widget\" data-widget_type=\"heading.default\">\n\t\t\t\t<div class=\"elementor-widget-container\">\n\t\t\t\t\t<h3 class=\"elementor-heading-title elementor-size-default\">MEN\u00da INTERNO<\/h3>\t\t\t\t<\/div>\n\t\t\t\t<\/div>\n\t\t\t\t<div class=\"elementor-element elementor-element-6385baf5 elementor-widget elementor-widget-shortcode\" data-id=\"6385baf5\" data-element_type=\"widget\" data-e-type=\"widget\" data-widget_type=\"shortcode.default\">\n\t\t\t\t<div class=\"elementor-widget-container\">\n\t\t\t\t\t\t\t<div class=\"elementor-shortcode\">\r\n<div class=\"menuNosotros\">\r\n\r\n    <!-- Qui\u00e9nes somos -->\r\n    <a href=\"https:\/\/caid.gob.do\/caid\/inicio\/sobre-nosotros\/quienes-somos\/\" >\r\n        <div class=\"menuli\">\r\n            <img decoding=\"async\" class=\"iconMenu\"\r\n                src=\"\">\r\n            <p class=\"menuText\">Qui\u00e9nes somos<\/p>\r\n        <\/div>\r\n    <\/a>\r\n    <!-- Historia -->\r\n    <a href=\"https:\/\/caid.gob.do\/caid\/inicio\/sobre-nosotros\/historia\/\" >\r\n    <div class=\"menuli\">\r\n        <img decoding=\"async\" class=\"iconMenu\" src=\"\">\r\n        <p class=\"menuText\">Historia<\/p>\r\n    <\/div><\/a>\r\n    <!-- Organigrama -->\r\n    <a href=\"https:\/\/caid.gob.do\/caid\/inicio\/sobre-nosotros\/organigrama\/\" >\r\n        <div class=\"menuli\">\r\n\r\n            <img decoding=\"async\" class=\"iconMenu\"\r\n                src=\"\">\r\n            <p class=\"menuText\">Organigrama<\/p>\r\n        <\/div>\r\n    <\/a>\r\n    <!-- Dependencias -->\r\n    <a href=\"https:\/\/caid.gob.do\/caid\/inicio\/sobre-nosotros\/dependencias\/\" >\r\n        <div class=\"menuli\">\r\n\r\n            <img decoding=\"async\" class=\"iconMenu\"\r\n                src=\"\">\r\n            <p class=\"menuText\">Dependencias<\/p>\r\n        <\/div>\r\n    <\/a>\r\n    <!-- Consejo Directivo -->\r\n    <a href=\"https:\/\/caid.gob.do\/caid\/inicio\/sobre-nosotros\/consejo-de-directivos\/\" >\r\n        <div class=\"menuli\">\r\n\r\n            <img decoding=\"async\" class=\"iconMenu\"\r\n                src=\"\">\r\n            <p class=\"menuText\">Consejo Directivo<\/p>\r\n        <\/div>\r\n    <\/a>\r\n    <!-- Despacho del director -->\r\n    <a href=\"https:\/\/caid.gob.do\/caid\/inicio\/sobre-nosotros\/despacho-del-director\/\" >\r\n        <div class=\"menuli\">\r\n\r\n            <img decoding=\"async\" class=\"iconMenu\"\r\n                src=\"\">\r\n            <p class=\"menuText\">Despacho del Director<\/p>\r\n        <\/div>\r\n    <\/a>\r\n\r\n    <!-- Directores m\u00e9dicos -->\r\n    <a href=\"https:\/\/caid.gob.do\/caid\/inicio\/sobre-nosotros\/directorio-de-funcionarios\/\" >\r\n        <div class=\"menuli\">\r\n\r\n            <img decoding=\"async\" class=\"iconMenu\"\r\n                src=\"\">\r\n            <p class=\"menuText\">Directores Sedes<\/p>\r\n        <\/div>\r\n    <\/a>\r\n\r\n     <!-- Marco legal -->\r\n     <a href=\"https:\/\/caid.gob.do\/caid\/inicio\/sobre-nosotros\/marco-legal\/\" >\r\n        <div class=\"menuli\">\r\n\r\n            <img decoding=\"async\" class=\"iconMenu\"\r\n                src=\"\">\r\n            <p class=\"menuText\">Marco legal<\/p>\r\n        <\/div>\r\n    <\/a>\r\n\r\n       <!-- Plan Estrat\u00e9gico Institucional -->\r\n       <a href=\"https:\/\/caid.gob.do\/caid\/inicio\/sobre-nosotros\/plan-estrategico-institucional\/\" >\r\n        <div class=\"menuli\">\r\n\r\n            <img decoding=\"async\" class=\"iconMenu\"\r\n                src=\"\">\r\n            <p class=\"menuText\">Plan Estrat\u00e9gico Institucional<\/p>\r\n        <\/div>\r\n    <\/a>\r\n\r\n    <!-- Carta compromiso -->\r\n    <a href=\"https:\/\/caid.gob.do\/caid\/carta-compromiso\/\" >\r\n        <div class=\"menuli\">\r\n\r\n            <img decoding=\"async\" class=\"iconMenu\"\r\n                src=\"\">\r\n            <p class=\"menuText\">Carta compromiso<\/p>\r\n        <\/div>\r\n    <\/a>\r\n\r\n    <!-- Estadisticas institucionales -->\r\n    <a href=\"https:\/\/caid.gob.do\/caid\/estadisticas-institucionales\/\" >\r\n        <div class=\"menuli\">\r\n\r\n            <img decoding=\"async\" class=\"iconMenu\"\r\n                src=\"\">\r\n            <p class=\"menuText\">Estad\u00edsticas institucionales<\/p>\r\n        <\/div>\r\n    <\/a>\r\n\r\n    <!-- Documentos de trabajo -->\r\n    <a href=\"https:\/\/caid.gob.do\/caid\/inicio\/sobre-nosotros\/documentos-de-trabajo\/\" >\r\n        <div class=\"menuli\">\r\n\r\n            <img decoding=\"async\" class=\"iconMenu\"\r\n                src=\"\">\r\n            <p class=\"menuText\">Documentos de trabajo<\/p>\r\n        <\/div>\r\n    <\/a>\r\n\r\n     <!-- Ruta de autobuses -->\r\n     <a href=\"https:\/\/caid.gob.do\/caid\/inicio\/sobre-nosotros\/rutas-de-autobuses-caid-2\/\" >\r\n        <div class=\"menuli\">\r\n\r\n            <img decoding=\"async\" class=\"iconMenu\"\r\n                src=\"\">\r\n            <p class=\"menuText\">Ruta de autobuses<\/p>\r\n        <\/div>\r\n    <\/a>\r\n    \r\n<\/div>    <script>\r\n            \/\/ Obtener la URL actual\r\n    var currentUrl = window.location.href;\r\n\r\n    \/\/ Obtener todos los enlaces dentro del men\u00fa\r\n    var links = document.querySelectorAll('.menuNosotros a');\r\n\r\n    \/\/ Recorrer cada enlace y comparar con la URL actual\r\n    for (var i = 0; i < links.length; i++) {\r\n        var link = links[i];\r\n        var linkUrl = link.getAttribute('href');\r\n\r\n        \/\/ Si la URL actual contiene el texto de la etiqueta <p>, agregar la clase \"selected\"\r\n        if (currentUrl.includes(linkUrl)) {\r\n            link.classList.add('selected');\r\n        }\r\n    }    <\/script>\r\n    <style>\r\n        .menuNosotros {\r\n    width: 295px;\r\n    align-items: center;\r\n      \r\n}\r\n\r\n.menuli {\r\n    display: flex;\r\n    align-items: center;\r\n    padding-top: 5px;\r\n    padding-bottom: 5px;\r\n   }\r\n\r\na {\r\n\r\n    text-decoration: none;\r\n}\r\n\r\n\r\n.menuli:hover {\r\n\r\n    background-color: #42ADE126;\r\n    font-weight: 600;\r\n     \r\n}\r\n\r\n\r\n.iconMenu {\r\n    width: 25px;\r\n    margin-left: 10px;    \r\n}\r\n\r\n\r\n.menuText {\r\n    font-family: arcon;\r\n    font-size: 14px;\r\n    color: black;\r\n    margin-top: 15px;\r\n}\r\n\r\n.selected {\r\n\r\nfont-weight: 600;\r\nbackground-color: #42ADE126;\r\n\r\n\r\n}    <\/style>\r\n    <\/div>\n\t\t\t\t\t\t<\/div>\n\t\t\t\t<\/div>\n\t\t\t\t<\/div>\n\t\t<div class=\"elementor-element elementor-element-75e48900 e-con-full e-flex e-con e-child\" data-id=\"75e48900\" data-element_type=\"container\" data-e-type=\"container\">\n\t\t<div class=\"elementor-element elementor-element-29665034 e-con-full e-flex e-con e-child\" data-id=\"29665034\" data-element_type=\"container\" data-e-type=\"container\">\n\t\t\t\t<div class=\"elementor-element elementor-element-b73b7f5 elementor-align-left elementor-widget elementor-widget-breadcrumbs\" data-id=\"b73b7f5\" data-element_type=\"widget\" data-e-type=\"widget\" data-widget_type=\"breadcrumbs.default\">\n\t\t\t\t<div class=\"elementor-widget-container\">\n\t\t\t\t\t<p id=\"breadcrumbs\"><span><span><a href=\"https:\/\/caid.gob.do\/caid\/\">Est\u00e1s aqu\u00ed:<\/a><\/span><\/span><\/p>\t\t\t\t<\/div>\n\t\t\t\t<\/div>\n\t\t\t\t<div class=\"elementor-element elementor-element-3cfe3d4b elementor-share-buttons--align-left elementor-share-buttons--color-custom elementor-share-buttons--view-icon-text elementor-share-buttons--skin-gradient elementor-share-buttons--shape-square elementor-grid-0 elementor-widget elementor-widget-share-buttons\" data-id=\"3cfe3d4b\" data-element_type=\"widget\" data-e-type=\"widget\" data-widget_type=\"share-buttons.default\">\n\t\t\t\t<div class=\"elementor-widget-container\">\n\t\t\t\t\t\t\t<div class=\"elementor-grid\" role=\"list\">\n\t\t\t\t\t\t\t\t<div class=\"elementor-grid-item\" role=\"listitem\">\n\t\t\t\t\t\t<div class=\"elementor-share-btn elementor-share-btn_print\" role=\"button\" tabindex=\"0\" aria-label=\"Share on print\">\n\t\t\t\t\t\t\t\t\t\t\t\t\t\t\t<span class=\"elementor-share-btn__icon\">\n\t\t\t\t\t\t\t\t<i class=\"fas fa-print\" aria-hidden=\"true\"><\/i>\t\t\t\t\t\t\t<\/span>\n\t\t\t\t\t\t\t\t\t\t\t\t\t\t\t\t\t\t\t\t\t\t<div class=\"elementor-share-btn__text\">\n\t\t\t\t\t\t\t\t\t\t\t\t\t\t\t\t\t\t\t<span class=\"elementor-share-btn__title\">\n\t\t\t\t\t\t\t\t\t\tPDF \/ Imprimir\t\t\t\t\t\t\t\t\t<\/span>\n\t\t\t\t\t\t\t\t\t\t\t\t\t\t\t\t\t<\/div>\n\t\t\t\t\t\t\t\t\t\t\t\t\t<\/div>\n\t\t\t\t\t<\/div>\n\t\t\t\t\t\t\t\t\t<div class=\"elementor-grid-item\" role=\"listitem\">\n\t\t\t\t\t\t<div class=\"elementor-share-btn elementor-share-btn_email\" role=\"button\" tabindex=\"0\" aria-label=\"Share on email\">\n\t\t\t\t\t\t\t\t\t\t\t\t\t\t\t<span class=\"elementor-share-btn__icon\">\n\t\t\t\t\t\t\t\t<i class=\"fas fa-envelope\" aria-hidden=\"true\"><\/i>\t\t\t\t\t\t\t<\/span>\n\t\t\t\t\t\t\t\t\t\t\t\t\t\t\t\t\t\t\t\t\t\t<div class=\"elementor-share-btn__text\">\n\t\t\t\t\t\t\t\t\t\t\t\t\t\t\t\t\t\t\t<span class=\"elementor-share-btn__title\">\n\t\t\t\t\t\t\t\t\t\tEmail\t\t\t\t\t\t\t\t\t<\/span>\n\t\t\t\t\t\t\t\t\t\t\t\t\t\t\t\t\t<\/div>\n\t\t\t\t\t\t\t\t\t\t\t\t\t<\/div>\n\t\t\t\t\t<\/div>\n\t\t\t\t\t\t\t\t\t<div class=\"elementor-grid-item\" role=\"listitem\">\n\t\t\t\t\t\t<div class=\"elementor-share-btn elementor-share-btn_whatsapp\" role=\"button\" tabindex=\"0\" aria-label=\"Share on whatsapp\">\n\t\t\t\t\t\t\t\t\t\t\t\t\t\t\t<span class=\"elementor-share-btn__icon\">\n\t\t\t\t\t\t\t\t<i class=\"fab fa-whatsapp\" aria-hidden=\"true\"><\/i>\t\t\t\t\t\t\t<\/span>\n\t\t\t\t\t\t\t\t\t\t\t\t\t\t\t\t\t\t\t\t\t\t<div class=\"elementor-share-btn__text\">\n\t\t\t\t\t\t\t\t\t\t\t\t\t\t\t\t\t\t\t<span class=\"elementor-share-btn__title\">\n\t\t\t\t\t\t\t\t\t\tWhatsApp\t\t\t\t\t\t\t\t\t<\/span>\n\t\t\t\t\t\t\t\t\t\t\t\t\t\t\t\t\t<\/div>\n\t\t\t\t\t\t\t\t\t\t\t\t\t<\/div>\n\t\t\t\t\t<\/div>\n\t\t\t\t\t\t<\/div>\n\t\t\t\t\t\t<\/div>\n\t\t\t\t<\/div>\n\t\t\t\t<\/div>\n\t\t<div class=\"elementor-element elementor-element-272d00e3 e-con-full e-flex e-con e-child\" data-id=\"272d00e3\" data-element_type=\"container\" data-e-type=\"container\">\n\t\t\t\t<div class=\"elementor-element elementor-element-3ec7d592 elementor-widget elementor-widget-html\" data-id=\"3ec7d592\" data-element_type=\"widget\" data-e-type=\"widget\" data-widget_type=\"html.default\">\n\t\t\t\t<div class=\"elementor-widget-container\">\n\t\t\t\t\t<iframe loading=\"lazy\" title=\"OAI - Coms\" width=\"100%\" height=\"600px\" src=\"https:\/\/app.powerbi.com\/view?r=eyJrIjoiMDQ5MDI1Y2EtNjRkZS00MDFmLWE3M2YtZTgxOTQ0NTkxMTVjIiwidCI6IjA1ZTVjNGU3LTkwZTktNGNkYi1iMWMxLTJkZWExNWFjYzI3NCIsImMiOjJ9\" frameborder=\"0\" allowFullScreen=\"true\" ><\/iframe>\t\t\t\t<\/div>\n\t\t\t\t<\/div>\n\t\t\t\t<\/div>\n\t\t<div class=\"elementor-element elementor-element-61d40090 e-con-full e-flex e-con e-child\" data-id=\"61d40090\" data-element_type=\"container\" data-e-type=\"container\">\n\t\t<div class=\"elementor-element elementor-element-4bf30677 e-grid e-con-full e-con e-child\" data-id=\"4bf30677\" data-element_type=\"container\" data-e-type=\"container\">\n\t\t\t\t<div class=\"elementor-element elementor-element-3ccc3fcf elementor-widget elementor-widget-text-editor\" data-id=\"3ccc3fcf\" data-element_type=\"widget\" data-e-type=\"widget\" data-widget_type=\"text-editor.default\">\n\t\t\t\t<div class=\"elementor-widget-container\">\n\t\t\t\t\t\t\t\t\t<p style=\"text-align: left;\"><strong>Notas<\/strong><\/p><ul><li>Disponibilidad de consultorios se refiere a los espacios f\u00edsicos habilitados para ofrecer terapias correspondientes a cada servicio.<\/li><li>Los servicios de terapia ocupacional y terapia f\u00edsica ofrecen servicios en salones, por lo que varios ni\u00f1os reciben terapia de manera simult\u00e1nea.<\/li><\/ul><p>\u00a0<\/p><p style=\"text-align: left;\"><strong>Fuente:<\/strong><br \/>Departamento de Gesti\u00f3n y Monitoreo de Servicios.<\/p>\t\t\t\t\t\t\t\t<\/div>\n\t\t\t\t<\/div>\n\t\t\t\t<div class=\"elementor-element elementor-element-7f094efb elementor-widget elementor-widget-text-editor\" data-id=\"7f094efb\" data-element_type=\"widget\" data-e-type=\"widget\" data-widget_type=\"text-editor.default\">\n\t\t\t\t<div class=\"elementor-widget-container\">\n\t\t\t\t\t\t\t\t\t<p style=\"text-align: right;\">\u261d\ufe0f<\/p>\n<p style=\"text-align: right;\">Clic para verlo en pantalla completa<\/p>\t\t\t\t\t\t\t\t<\/div>\n\t\t\t\t<\/div>\n\t\t\t\t<\/div>\n\t\t\t\t<\/div>\n\t\t\t\t<\/div>\n\t\t\t\t<\/div>\n\t\t\t\t<\/div>\n\t\t","protected":false},"excerpt":{"rendered":"<p>DISPONIBILIDAD DE CONSULTORIOS MEN\u00da INTERNO PDF \/ Imprimir Email WhatsApp Notas Disponibilidad de consultorios se refiere a los espacios f\u00edsicos habilitados para ofrecer terapias correspondientes a cada servicio. Los servicios de terapia ocupacional y terapia f\u00edsica ofrecen servicios en salones, por lo que varios ni\u00f1os reciben terapia de manera simult\u00e1nea. \u00a0 Fuente:Departamento de Gesti\u00f3n y [&hellip;]<\/p>\n","protected":false},"author":13,"featured_media":0,"parent":0,"menu_order":0,"comment_status":"closed","ping_status":"closed","template":"","meta":{"_acf_changed":false,"footnotes":""},"class_list":["post-21572","page","type-page","status-publish","hentry"],"acf":[],"yoast_head":"<!-- This site is optimized with the Yoast SEO plugin v27.0 - https:\/\/yoast.com\/product\/yoast-seo-wordpress\/ -->\r\n<title>Disponibilidad de Consultorios - CAID<\/title>\r\n<meta name=\"robots\" content=\"index, follow, max-snippet:-1, max-image-preview:large, max-video-preview:-1\" \/>\r\n<link rel=\"canonical\" href=\"https:\/\/caid.gob.do\/caid\/disponibilidad-de-consultorios\/\" \/>\r\n<meta property=\"og:locale\" content=\"es_ES\" \/>\r\n<meta property=\"og:type\" content=\"article\" \/>\r\n<meta property=\"og:title\" content=\"Disponibilidad de Consultorios - CAID\" \/>\r\n<meta property=\"og:description\" content=\"DISPONIBILIDAD DE CONSULTORIOS MEN\u00da INTERNO PDF \/ Imprimir Email WhatsApp Notas Disponibilidad de consultorios se refiere a los espacios f\u00edsicos habilitados para ofrecer terapias correspondientes a cada servicio. Los servicios de terapia ocupacional y terapia f\u00edsica ofrecen servicios en salones, por lo que varios ni\u00f1os reciben terapia de manera simult\u00e1nea. \u00a0 Fuente:Departamento de Gesti\u00f3n y [&hellip;]\" \/>\r\n<meta property=\"og:url\" content=\"https:\/\/caid.gob.do\/caid\/disponibilidad-de-consultorios\/\" \/>\r\n<meta property=\"og:site_name\" content=\"CAID\" \/>\r\n<meta property=\"article:publisher\" content=\"https:\/\/www.facebook.com\/redcaidrd\" \/>\r\n<meta property=\"article:modified_time\" content=\"2025-06-26T15:50:07+00:00\" \/>\r\n<meta property=\"og:image\" content=\"https:\/\/caid.gob.do\/caid\/wp-content\/uploads\/caid-fachada-oeste-2-e1661787876735.jpeg\" \/>\r\n\t<meta property=\"og:image:width\" content=\"1280\" \/>\r\n\t<meta property=\"og:image:height\" content=\"528\" \/>\r\n\t<meta property=\"og:image:type\" content=\"image\/jpeg\" \/>\r\n<meta name=\"twitter:card\" content=\"summary_large_image\" \/>\r\n<meta name=\"twitter:site\" content=\"@CAIDRDO\" \/>\r\n<meta name=\"twitter:label1\" content=\"Est. reading time\" \/>\n\t<meta name=\"twitter:data1\" content=\"1 minuto\" \/>\r\n<script type=\"application\/ld+json\" class=\"yoast-schema-graph\">{\"@context\":\"https:\/\/schema.org\",\"@graph\":[{\"@type\":\"WebPage\",\"@id\":\"https:\/\/caid.gob.do\/caid\/disponibilidad-de-consultorios\/\",\"url\":\"https:\/\/caid.gob.do\/caid\/disponibilidad-de-consultorios\/\",\"name\":\"Disponibilidad de Consultorios - CAID\",\"isPartOf\":{\"@id\":\"https:\/\/caid.gob.do\/caid\/#website\"},\"datePublished\":\"2025-06-05T16:23:12+00:00\",\"dateModified\":\"2025-06-26T15:50:07+00:00\",\"breadcrumb\":{\"@id\":\"https:\/\/caid.gob.do\/caid\/disponibilidad-de-consultorios\/#breadcrumb\"},\"inLanguage\":\"es-DO\",\"potentialAction\":[{\"@type\":\"ReadAction\",\"target\":[\"https:\/\/caid.gob.do\/caid\/disponibilidad-de-consultorios\/\"]}]},{\"@type\":\"BreadcrumbList\",\"@id\":\"https:\/\/caid.gob.do\/caid\/disponibilidad-de-consultorios\/#breadcrumb\",\"itemListElement\":[{\"@type\":\"ListItem\",\"position\":1,\"name\":\"Est\u00e1s aqu\u00ed:\",\"item\":\"https:\/\/caid.gob.do\/caid\/\"},{\"@type\":\"ListItem\",\"position\":2,\"name\":\"Disponibilidad de Consultorios\"}]},{\"@type\":\"WebSite\",\"@id\":\"https:\/\/caid.gob.do\/caid\/#website\",\"url\":\"https:\/\/caid.gob.do\/caid\/\",\"name\":\"CAID\",\"description\":\"Centro de Atenci\u00f3n Integral a la Discapacidad\",\"publisher\":{\"@id\":\"https:\/\/caid.gob.do\/caid\/#organization\"},\"potentialAction\":[{\"@type\":\"SearchAction\",\"target\":{\"@type\":\"EntryPoint\",\"urlTemplate\":\"https:\/\/caid.gob.do\/caid\/?s={search_term_string}\"},\"query-input\":{\"@type\":\"PropertyValueSpecification\",\"valueRequired\":true,\"valueName\":\"search_term_string\"}}],\"inLanguage\":\"es-DO\"},{\"@type\":\"Organization\",\"@id\":\"https:\/\/caid.gob.do\/caid\/#organization\",\"name\":\"Centro de Atenci\u00f3n Integral para la Discapacidad\",\"url\":\"https:\/\/caid.gob.do\/caid\/\",\"logo\":{\"@type\":\"ImageObject\",\"inLanguage\":\"es-DO\",\"@id\":\"https:\/\/caid.gob.do\/caid\/#\/schema\/logo\/image\/\",\"url\":\"https:\/\/caid.gob.do\/caid\/wp-content\/uploads\/CAID-LOGOS-EN-PNG_Mesa-de-trabajo-1-2-1024x505-1.png\",\"contentUrl\":\"https:\/\/caid.gob.do\/caid\/wp-content\/uploads\/CAID-LOGOS-EN-PNG_Mesa-de-trabajo-1-2-1024x505-1.png\",\"width\":1024,\"height\":505,\"caption\":\"Centro de Atenci\u00f3n Integral para la Discapacidad\"},\"image\":{\"@id\":\"https:\/\/caid.gob.do\/caid\/#\/schema\/logo\/image\/\"},\"sameAs\":[\"https:\/\/www.facebook.com\/redcaidrd\",\"https:\/\/x.com\/CAIDRDO\",\"https:\/\/www.instagram.com\/caidrd\/\",\"https:\/\/www.youtube.com\/channel\/UCLnt-fnRlxQdgJQwjgWkrCg\"]}]}<\/script>\r\n<!-- \/ Yoast SEO plugin. -->","yoast_head_json":{"title":"Disponibilidad de Consultorios - CAID","robots":{"index":"index","follow":"follow","max-snippet":"max-snippet:-1","max-image-preview":"max-image-preview:large","max-video-preview":"max-video-preview:-1"},"canonical":"https:\/\/caid.gob.do\/caid\/disponibilidad-de-consultorios\/","og_locale":"es_ES","og_type":"article","og_title":"Disponibilidad de Consultorios - CAID","og_description":"DISPONIBILIDAD DE CONSULTORIOS MEN\u00da INTERNO PDF \/ Imprimir Email WhatsApp Notas Disponibilidad de consultorios se refiere a los espacios f\u00edsicos habilitados para ofrecer terapias correspondientes a cada servicio. Los servicios de terapia ocupacional y terapia f\u00edsica ofrecen servicios en salones, por lo que varios ni\u00f1os reciben terapia de manera simult\u00e1nea. \u00a0 Fuente:Departamento de Gesti\u00f3n y [&hellip;]","og_url":"https:\/\/caid.gob.do\/caid\/disponibilidad-de-consultorios\/","og_site_name":"CAID","article_publisher":"https:\/\/www.facebook.com\/redcaidrd","article_modified_time":"2025-06-26T15:50:07+00:00","og_image":[{"width":1280,"height":528,"url":"https:\/\/caid.gob.do\/caid\/wp-content\/uploads\/caid-fachada-oeste-2-e1661787876735.jpeg","type":"image\/jpeg"}],"twitter_card":"summary_large_image","twitter_site":"@CAIDRDO","twitter_misc":{"Est. reading time":"1 minuto"},"schema":{"@context":"https:\/\/schema.org","@graph":[{"@type":"WebPage","@id":"https:\/\/caid.gob.do\/caid\/disponibilidad-de-consultorios\/","url":"https:\/\/caid.gob.do\/caid\/disponibilidad-de-consultorios\/","name":"Disponibilidad de Consultorios - CAID","isPartOf":{"@id":"https:\/\/caid.gob.do\/caid\/#website"},"datePublished":"2025-06-05T16:23:12+00:00","dateModified":"2025-06-26T15:50:07+00:00","breadcrumb":{"@id":"https:\/\/caid.gob.do\/caid\/disponibilidad-de-consultorios\/#breadcrumb"},"inLanguage":"es-DO","potentialAction":[{"@type":"ReadAction","target":["https:\/\/caid.gob.do\/caid\/disponibilidad-de-consultorios\/"]}]},{"@type":"BreadcrumbList","@id":"https:\/\/caid.gob.do\/caid\/disponibilidad-de-consultorios\/#breadcrumb","itemListElement":[{"@type":"ListItem","position":1,"name":"Est\u00e1s aqu\u00ed:","item":"https:\/\/caid.gob.do\/caid\/"},{"@type":"ListItem","position":2,"name":"Disponibilidad de Consultorios"}]},{"@type":"WebSite","@id":"https:\/\/caid.gob.do\/caid\/#website","url":"https:\/\/caid.gob.do\/caid\/","name":"CAID","description":"Centro de Atenci\u00f3n Integral a la Discapacidad","publisher":{"@id":"https:\/\/caid.gob.do\/caid\/#organization"},"potentialAction":[{"@type":"SearchAction","target":{"@type":"EntryPoint","urlTemplate":"https:\/\/caid.gob.do\/caid\/?s={search_term_string}"},"query-input":{"@type":"PropertyValueSpecification","valueRequired":true,"valueName":"search_term_string"}}],"inLanguage":"es-DO"},{"@type":"Organization","@id":"https:\/\/caid.gob.do\/caid\/#organization","name":"Centro de Atenci\u00f3n Integral para la Discapacidad","url":"https:\/\/caid.gob.do\/caid\/","logo":{"@type":"ImageObject","inLanguage":"es-DO","@id":"https:\/\/caid.gob.do\/caid\/#\/schema\/logo\/image\/","url":"https:\/\/caid.gob.do\/caid\/wp-content\/uploads\/CAID-LOGOS-EN-PNG_Mesa-de-trabajo-1-2-1024x505-1.png","contentUrl":"https:\/\/caid.gob.do\/caid\/wp-content\/uploads\/CAID-LOGOS-EN-PNG_Mesa-de-trabajo-1-2-1024x505-1.png","width":1024,"height":505,"caption":"Centro de Atenci\u00f3n Integral para la Discapacidad"},"image":{"@id":"https:\/\/caid.gob.do\/caid\/#\/schema\/logo\/image\/"},"sameAs":["https:\/\/www.facebook.com\/redcaidrd","https:\/\/x.com\/CAIDRDO","https:\/\/www.instagram.com\/caidrd\/","https:\/\/www.youtube.com\/channel\/UCLnt-fnRlxQdgJQwjgWkrCg"]}]}},"jetpack_sharing_enabled":true,"_links":{"self":[{"href":"https:\/\/caid.gob.do\/caid\/wp-json\/wp\/v2\/pages\/21572","targetHints":{"allow":["GET"]}}],"collection":[{"href":"https:\/\/caid.gob.do\/caid\/wp-json\/wp\/v2\/pages"}],"about":[{"href":"https:\/\/caid.gob.do\/caid\/wp-json\/wp\/v2\/types\/page"}],"author":[{"embeddable":true,"href":"https:\/\/caid.gob.do\/caid\/wp-json\/wp\/v2\/users\/13"}],"replies":[{"embeddable":true,"href":"https:\/\/caid.gob.do\/caid\/wp-json\/wp\/v2\/comments?post=21572"}],"version-history":[{"count":29,"href":"https:\/\/caid.gob.do\/caid\/wp-json\/wp\/v2\/pages\/21572\/revisions"}],"predecessor-version":[{"id":22186,"href":"https:\/\/caid.gob.do\/caid\/wp-json\/wp\/v2\/pages\/21572\/revisions\/22186"}],"wp:attachment":[{"href":"https:\/\/caid.gob.do\/caid\/wp-json\/wp\/v2\/media?parent=21572"}],"curies":[{"name":"wp","href":"https:\/\/api.w.org\/{rel}","templated":true}]}}