{"id":507,"date":"2022-03-14T12:54:27","date_gmt":"2022-03-14T16:54:27","guid":{"rendered":"https:\/\/caid.gob.do\/?page_id=507"},"modified":"2024-07-11T10:46:33","modified_gmt":"2024-07-11T14:46:33","slug":"caid-san-juan-de-la-maguana","status":"publish","type":"page","link":"https:\/\/caid.gob.do\/caid\/inicio\/sobre-nosotros\/dependencias\/caid-san-juan-de-la-maguana\/","title":{"rendered":"CAID San Juan de la Maguana"},"content":{"rendered":"\t\t<div data-elementor-type=\"wp-page\" data-elementor-id=\"507\" class=\"elementor elementor-507\" data-elementor-post-type=\"page\">\n\t\t\t\t<div class=\"elementor-element elementor-element-b2ff12b e-con-full e-flex e-con e-parent\" data-id=\"b2ff12b\" data-element_type=\"container\" data-e-type=\"container\">\n\t\t\t\t<div class=\"elementor-element elementor-element-bfdc5c0 elementor-widget elementor-widget-image\" data-id=\"bfdc5c0\" data-element_type=\"widget\" data-e-type=\"widget\" data-widget_type=\"image.default\">\n\t\t\t\t<div class=\"elementor-widget-container\">\n\t\t\t\t\t\t\t\t\t\t\t\t\t\t\t<img loading=\"lazy\" decoding=\"async\" width=\"1300\" height=\"731\" src=\"https:\/\/caid.gob.do\/caid\/wp-content\/uploads\/CAID_San_Juan.jpg\" class=\"attachment-full size-full wp-image-2036\" alt=\"\" srcset=\"https:\/\/caid.gob.do\/caid\/wp-content\/uploads\/CAID_San_Juan.jpg 1300w, https:\/\/caid.gob.do\/caid\/wp-content\/uploads\/CAID_San_Juan-300x169.jpg 300w, https:\/\/caid.gob.do\/caid\/wp-content\/uploads\/CAID_San_Juan-1024x576.jpg 1024w, https:\/\/caid.gob.do\/caid\/wp-content\/uploads\/CAID_San_Juan-150x84.jpg 150w, https:\/\/caid.gob.do\/caid\/wp-content\/uploads\/CAID_San_Juan-768x432.jpg 768w\" sizes=\"auto, (max-width: 1300px) 100vw, 1300px\" \/>\t\t\t\t\t\t\t\t\t\t\t\t\t\t\t<\/div>\n\t\t\t\t<\/div>\n\t\t\t\t<div class=\"elementor-element elementor-element-d01a588 elementor-widget elementor-widget-text-editor\" data-id=\"d01a588\" data-element_type=\"widget\" data-e-type=\"widget\" data-widget_type=\"text-editor.default\">\n\t\t\t\t<div class=\"elementor-widget-container\">\n\t\t\t\t\t\t\t\t\t<p>El Centro de Atenci\u00f3n Integral para la Discapacidad (CAID) es el primer centro p\u00fablico dedicado a la evaluaci\u00f3n, diagn\u00f3stico y la rehabilitaci\u00f3n de ni\u00f1os y ni\u00f1as de cero a doce a\u00f1os con trastorno del espectro autista (TEA), par\u00e1lisis cerebral (PC) y s\u00edndrome de Down.<\/p><p data-uw-styling-context=\"true\"><strong data-uw-styling-context=\"true\">Servicios que se ofrecen<\/strong><\/p><ul><li data-uw-styling-context=\"true\">Evaluaci\u00f3n social<\/li><li data-uw-styling-context=\"true\">Evaluaci\u00f3n m\u00e9dica<\/li><li data-uw-styling-context=\"true\">Pediatr\u00eda<\/li><li data-uw-styling-context=\"true\">Odontopediatr\u00eda<\/li><li data-uw-styling-context=\"true\">Fisiatr\u00eda<\/li><li data-uw-styling-context=\"true\">Nutrici\u00f3n<\/li><li data-uw-styling-context=\"true\">Psiquiatr\u00eda<\/li><li data-uw-styling-context=\"true\">Evaluaci\u00f3n del desarrollo<\/li><li data-uw-styling-context=\"true\">Atenci\u00f3n e intervenci\u00f3n temprana<\/li><li data-uw-styling-context=\"true\">Apoyo psicopedag\u00f3gico<\/li><li data-uw-styling-context=\"true\">Intervenci\u00f3n conductual<\/li><li data-uw-styling-context=\"true\">Terapia ocupacional<\/li><li data-uw-styling-context=\"true\">Terapia del habla y del lenguaje<\/li><li data-uw-styling-context=\"true\">Terapia f\u00edsica<\/li><li data-uw-styling-context=\"true\">Terapia complementaria<\/li><li data-uw-styling-context=\"true\">Terapia familiar<\/li><li data-uw-styling-context=\"true\">Intervenci\u00f3n grupal<\/li><li data-uw-styling-context=\"true\">Terapia acu\u00e1tica (hidroterapia)<\/li><\/ul>\t\t\t\t\t\t\t\t<\/div>\n\t\t\t\t<\/div>\n\t\t\t\t<div class=\"elementor-element elementor-element-2eb2273 elementor-widget elementor-widget-text-editor\" data-id=\"2eb2273\" data-element_type=\"widget\" data-e-type=\"widget\" data-widget_type=\"text-editor.default\">\n\t\t\t\t<div class=\"elementor-widget-container\">\n\t\t\t\t\t\t\t\t\t<div class=\"ficha__item\" data-uw-styling-context=\"true\"><span data-uw-styling-context=\"true\"><strong>Direcci\u00f3n:<\/strong>\u00a0<\/span>Km. 5 Carretera San Juan \u2013 Azua<\/div><div data-uw-styling-context=\"true\"><span style=\"text-decoration: underline;\"><span style=\"color: #0000ff;\"><span style=\"color: #0000ff;\"><a style=\"color: #0000ff; text-decoration: underline;\" href=\"https:\/\/goo.gl\/maps\/u3pLQxKvYw8xdfqG8\">Dar clic aqu\u00ed para abrir la ubicaci\u00f3n en la app de mapas<\/a><\/span><\/span><\/span><\/div><div data-uw-styling-context=\"true\">\u00a0<\/div><div data-uw-styling-context=\"true\"><hr \/><\/div><div data-uw-styling-context=\"true\">\u00a0<\/div><div class=\"ficha__item\" data-uw-styling-context=\"true\"><span data-uw-styling-context=\"true\"><strong>Tel\u00e9fono:<\/strong>\u00a0<\/span>809-557-9900<\/div><div class=\"ficha__item\" data-uw-styling-context=\"true\"><span data-uw-styling-context=\"true\"><strong>URL:<\/strong>\u00a0<\/span>www.caid.gob.do<\/div><div class=\"ficha__item\" data-uw-styling-context=\"true\"><span data-uw-styling-context=\"true\"><strong>Otras Informaciones:<\/strong>\u00a0<\/span><span id=\"cloake4e03f7dbb94f3afbb923d0c9c6bbe0d\" data-uw-styling-context=\"true\">infosjm@caid.gob.do<\/span><\/div>\t\t\t\t\t\t\t\t<\/div>\n\t\t\t\t<\/div>\n\t\t\t\t<\/div>\n\t\t\t\t<\/div>\n\t\t","protected":false},"excerpt":{"rendered":"<p>El Centro de Atenci\u00f3n Integral para la Discapacidad (CAID) es el primer centro p\u00fablico dedicado a la evaluaci\u00f3n, diagn\u00f3stico y la rehabilitaci\u00f3n de ni\u00f1os y ni\u00f1as de cero a doce a\u00f1os con trastorno del espectro autista (TEA), par\u00e1lisis cerebral (PC) y s\u00edndrome de Down. Servicios que se ofrecen Evaluaci\u00f3n social Evaluaci\u00f3n m\u00e9dica Pediatr\u00eda Odontopediatr\u00eda Fisiatr\u00eda [&hellip;]<\/p>\n","protected":false},"author":1,"featured_media":0,"parent":139,"menu_order":0,"comment_status":"closed","ping_status":"closed","template":"","meta":{"_acf_changed":false,"footnotes":""},"class_list":["post-507","page","type-page","status-publish","hentry"],"acf":[],"yoast_head":"<!-- This site is optimized with the Yoast SEO plugin v27.0 - https:\/\/yoast.com\/product\/yoast-seo-wordpress\/ -->\r\n<title>CAID San Juan de la Maguana - CAID<\/title>\r\n<meta name=\"robots\" content=\"index, follow, max-snippet:-1, max-image-preview:large, max-video-preview:-1\" \/>\r\n<link rel=\"canonical\" href=\"https:\/\/caid.gob.do\/caid\/inicio\/sobre-nosotros\/dependencias\/caid-san-juan-de-la-maguana\/\" \/>\r\n<meta property=\"og:locale\" content=\"es_ES\" \/>\r\n<meta property=\"og:type\" content=\"article\" \/>\r\n<meta property=\"og:title\" content=\"CAID San Juan de la Maguana - CAID\" \/>\r\n<meta property=\"og:description\" content=\"El Centro de Atenci\u00f3n Integral para la Discapacidad (CAID) es el primer centro p\u00fablico dedicado a la evaluaci\u00f3n, diagn\u00f3stico y la rehabilitaci\u00f3n de ni\u00f1os y ni\u00f1as de cero a doce a\u00f1os con trastorno del espectro autista (TEA), par\u00e1lisis cerebral (PC) y s\u00edndrome de Down. Servicios que se ofrecen Evaluaci\u00f3n social Evaluaci\u00f3n m\u00e9dica Pediatr\u00eda Odontopediatr\u00eda Fisiatr\u00eda [&hellip;]\" \/>\r\n<meta property=\"og:url\" content=\"https:\/\/caid.gob.do\/caid\/inicio\/sobre-nosotros\/dependencias\/caid-san-juan-de-la-maguana\/\" \/>\r\n<meta property=\"og:site_name\" content=\"CAID\" \/>\r\n<meta property=\"article:publisher\" content=\"https:\/\/www.facebook.com\/redcaidrd\" \/>\r\n<meta property=\"article:modified_time\" content=\"2024-07-11T14:46:33+00:00\" \/>\r\n<meta property=\"og:image\" content=\"https:\/\/caid.gob.do\/caid\/wp-content\/uploads\/CAID_San_Juan.jpg\" \/>\r\n<meta name=\"twitter:card\" content=\"summary_large_image\" \/>\r\n<meta name=\"twitter:site\" content=\"@CAIDRDO\" \/>\r\n<meta name=\"twitter:label1\" content=\"Est. reading time\" \/>\n\t<meta name=\"twitter:data1\" content=\"1 minuto\" \/>\r\n<script type=\"application\/ld+json\" class=\"yoast-schema-graph\">{\"@context\":\"https:\/\/schema.org\",\"@graph\":[{\"@type\":\"WebPage\",\"@id\":\"https:\/\/caid.gob.do\/caid\/inicio\/sobre-nosotros\/dependencias\/caid-san-juan-de-la-maguana\/\",\"url\":\"https:\/\/caid.gob.do\/caid\/inicio\/sobre-nosotros\/dependencias\/caid-san-juan-de-la-maguana\/\",\"name\":\"CAID San Juan de la Maguana - CAID\",\"isPartOf\":{\"@id\":\"https:\/\/caid.gob.do\/caid\/#website\"},\"primaryImageOfPage\":{\"@id\":\"https:\/\/caid.gob.do\/caid\/inicio\/sobre-nosotros\/dependencias\/caid-san-juan-de-la-maguana\/#primaryimage\"},\"image\":{\"@id\":\"https:\/\/caid.gob.do\/caid\/inicio\/sobre-nosotros\/dependencias\/caid-san-juan-de-la-maguana\/#primaryimage\"},\"thumbnailUrl\":\"https:\/\/caid.gob.do\/caid\/wp-content\/uploads\/CAID_San_Juan.jpg\",\"datePublished\":\"2022-03-14T16:54:27+00:00\",\"dateModified\":\"2024-07-11T14:46:33+00:00\",\"breadcrumb\":{\"@id\":\"https:\/\/caid.gob.do\/caid\/inicio\/sobre-nosotros\/dependencias\/caid-san-juan-de-la-maguana\/#breadcrumb\"},\"inLanguage\":\"es-DO\",\"potentialAction\":[{\"@type\":\"ReadAction\",\"target\":[\"https:\/\/caid.gob.do\/caid\/inicio\/sobre-nosotros\/dependencias\/caid-san-juan-de-la-maguana\/\"]}]},{\"@type\":\"ImageObject\",\"inLanguage\":\"es-DO\",\"@id\":\"https:\/\/caid.gob.do\/caid\/inicio\/sobre-nosotros\/dependencias\/caid-san-juan-de-la-maguana\/#primaryimage\",\"url\":\"https:\/\/caid.gob.do\/caid\/wp-content\/uploads\/CAID_San_Juan.jpg\",\"contentUrl\":\"https:\/\/caid.gob.do\/caid\/wp-content\/uploads\/CAID_San_Juan.jpg\",\"width\":1300,\"height\":731},{\"@type\":\"BreadcrumbList\",\"@id\":\"https:\/\/caid.gob.do\/caid\/inicio\/sobre-nosotros\/dependencias\/caid-san-juan-de-la-maguana\/#breadcrumb\",\"itemListElement\":[{\"@type\":\"ListItem\",\"position\":1,\"name\":\"Est\u00e1s aqu\u00ed:\",\"item\":\"https:\/\/caid.gob.do\/caid\/\"},{\"@type\":\"ListItem\",\"position\":2,\"name\":\"Inicio\",\"item\":\"https:\/\/caid.gob.do\/caid\/\"},{\"@type\":\"ListItem\",\"position\":3,\"name\":\"Sobre nosotros\",\"item\":\"https:\/\/caid.gob.do\/caid\/pagina-de-inicio\/sobre-nosotros\/\"},{\"@type\":\"ListItem\",\"position\":4,\"name\":\"Dependencias\",\"item\":\"https:\/\/caid.gob.do\/caid\/inicio\/sobre-nosotros\/dependencias\/\"},{\"@type\":\"ListItem\",\"position\":5,\"name\":\"CAID San Juan de la Maguana\"}]},{\"@type\":\"WebSite\",\"@id\":\"https:\/\/caid.gob.do\/caid\/#website\",\"url\":\"https:\/\/caid.gob.do\/caid\/\",\"name\":\"CAID\",\"description\":\"Centro de Atenci\u00f3n Integral a la Discapacidad\",\"publisher\":{\"@id\":\"https:\/\/caid.gob.do\/caid\/#organization\"},\"potentialAction\":[{\"@type\":\"SearchAction\",\"target\":{\"@type\":\"EntryPoint\",\"urlTemplate\":\"https:\/\/caid.gob.do\/caid\/?s={search_term_string}\"},\"query-input\":{\"@type\":\"PropertyValueSpecification\",\"valueRequired\":true,\"valueName\":\"search_term_string\"}}],\"inLanguage\":\"es-DO\"},{\"@type\":\"Organization\",\"@id\":\"https:\/\/caid.gob.do\/caid\/#organization\",\"name\":\"Centro de Atenci\u00f3n Integral para la Discapacidad\",\"url\":\"https:\/\/caid.gob.do\/caid\/\",\"logo\":{\"@type\":\"ImageObject\",\"inLanguage\":\"es-DO\",\"@id\":\"https:\/\/caid.gob.do\/caid\/#\/schema\/logo\/image\/\",\"url\":\"https:\/\/caid.gob.do\/caid\/wp-content\/uploads\/CAID-LOGOS-EN-PNG_Mesa-de-trabajo-1-2-1024x505-1.png\",\"contentUrl\":\"https:\/\/caid.gob.do\/caid\/wp-content\/uploads\/CAID-LOGOS-EN-PNG_Mesa-de-trabajo-1-2-1024x505-1.png\",\"width\":1024,\"height\":505,\"caption\":\"Centro de Atenci\u00f3n Integral para la Discapacidad\"},\"image\":{\"@id\":\"https:\/\/caid.gob.do\/caid\/#\/schema\/logo\/image\/\"},\"sameAs\":[\"https:\/\/www.facebook.com\/redcaidrd\",\"https:\/\/x.com\/CAIDRDO\",\"https:\/\/www.instagram.com\/caidrd\/\",\"https:\/\/www.youtube.com\/channel\/UCLnt-fnRlxQdgJQwjgWkrCg\"]}]}<\/script>\r\n<!-- \/ Yoast SEO plugin. -->","yoast_head_json":{"title":"CAID San Juan de la Maguana - CAID","robots":{"index":"index","follow":"follow","max-snippet":"max-snippet:-1","max-image-preview":"max-image-preview:large","max-video-preview":"max-video-preview:-1"},"canonical":"https:\/\/caid.gob.do\/caid\/inicio\/sobre-nosotros\/dependencias\/caid-san-juan-de-la-maguana\/","og_locale":"es_ES","og_type":"article","og_title":"CAID San Juan de la Maguana - CAID","og_description":"El Centro de Atenci\u00f3n Integral para la Discapacidad (CAID) es el primer centro p\u00fablico dedicado a la evaluaci\u00f3n, diagn\u00f3stico y la rehabilitaci\u00f3n de ni\u00f1os y ni\u00f1as de cero a doce a\u00f1os con trastorno del espectro autista (TEA), par\u00e1lisis cerebral (PC) y s\u00edndrome de Down. Servicios que se ofrecen Evaluaci\u00f3n social Evaluaci\u00f3n m\u00e9dica Pediatr\u00eda Odontopediatr\u00eda Fisiatr\u00eda [&hellip;]","og_url":"https:\/\/caid.gob.do\/caid\/inicio\/sobre-nosotros\/dependencias\/caid-san-juan-de-la-maguana\/","og_site_name":"CAID","article_publisher":"https:\/\/www.facebook.com\/redcaidrd","article_modified_time":"2024-07-11T14:46:33+00:00","og_image":[{"url":"https:\/\/caid.gob.do\/caid\/wp-content\/uploads\/CAID_San_Juan.jpg","type":"","width":"","height":""}],"twitter_card":"summary_large_image","twitter_site":"@CAIDRDO","twitter_misc":{"Est. reading time":"1 minuto"},"schema":{"@context":"https:\/\/schema.org","@graph":[{"@type":"WebPage","@id":"https:\/\/caid.gob.do\/caid\/inicio\/sobre-nosotros\/dependencias\/caid-san-juan-de-la-maguana\/","url":"https:\/\/caid.gob.do\/caid\/inicio\/sobre-nosotros\/dependencias\/caid-san-juan-de-la-maguana\/","name":"CAID San Juan de la Maguana - CAID","isPartOf":{"@id":"https:\/\/caid.gob.do\/caid\/#website"},"primaryImageOfPage":{"@id":"https:\/\/caid.gob.do\/caid\/inicio\/sobre-nosotros\/dependencias\/caid-san-juan-de-la-maguana\/#primaryimage"},"image":{"@id":"https:\/\/caid.gob.do\/caid\/inicio\/sobre-nosotros\/dependencias\/caid-san-juan-de-la-maguana\/#primaryimage"},"thumbnailUrl":"https:\/\/caid.gob.do\/caid\/wp-content\/uploads\/CAID_San_Juan.jpg","datePublished":"2022-03-14T16:54:27+00:00","dateModified":"2024-07-11T14:46:33+00:00","breadcrumb":{"@id":"https:\/\/caid.gob.do\/caid\/inicio\/sobre-nosotros\/dependencias\/caid-san-juan-de-la-maguana\/#breadcrumb"},"inLanguage":"es-DO","potentialAction":[{"@type":"ReadAction","target":["https:\/\/caid.gob.do\/caid\/inicio\/sobre-nosotros\/dependencias\/caid-san-juan-de-la-maguana\/"]}]},{"@type":"ImageObject","inLanguage":"es-DO","@id":"https:\/\/caid.gob.do\/caid\/inicio\/sobre-nosotros\/dependencias\/caid-san-juan-de-la-maguana\/#primaryimage","url":"https:\/\/caid.gob.do\/caid\/wp-content\/uploads\/CAID_San_Juan.jpg","contentUrl":"https:\/\/caid.gob.do\/caid\/wp-content\/uploads\/CAID_San_Juan.jpg","width":1300,"height":731},{"@type":"BreadcrumbList","@id":"https:\/\/caid.gob.do\/caid\/inicio\/sobre-nosotros\/dependencias\/caid-san-juan-de-la-maguana\/#breadcrumb","itemListElement":[{"@type":"ListItem","position":1,"name":"Est\u00e1s aqu\u00ed:","item":"https:\/\/caid.gob.do\/caid\/"},{"@type":"ListItem","position":2,"name":"Inicio","item":"https:\/\/caid.gob.do\/caid\/"},{"@type":"ListItem","position":3,"name":"Sobre nosotros","item":"https:\/\/caid.gob.do\/caid\/pagina-de-inicio\/sobre-nosotros\/"},{"@type":"ListItem","position":4,"name":"Dependencias","item":"https:\/\/caid.gob.do\/caid\/inicio\/sobre-nosotros\/dependencias\/"},{"@type":"ListItem","position":5,"name":"CAID San Juan de la Maguana"}]},{"@type":"WebSite","@id":"https:\/\/caid.gob.do\/caid\/#website","url":"https:\/\/caid.gob.do\/caid\/","name":"CAID","description":"Centro de Atenci\u00f3n Integral a la Discapacidad","publisher":{"@id":"https:\/\/caid.gob.do\/caid\/#organization"},"potentialAction":[{"@type":"SearchAction","target":{"@type":"EntryPoint","urlTemplate":"https:\/\/caid.gob.do\/caid\/?s={search_term_string}"},"query-input":{"@type":"PropertyValueSpecification","valueRequired":true,"valueName":"search_term_string"}}],"inLanguage":"es-DO"},{"@type":"Organization","@id":"https:\/\/caid.gob.do\/caid\/#organization","name":"Centro de Atenci\u00f3n Integral para la Discapacidad","url":"https:\/\/caid.gob.do\/caid\/","logo":{"@type":"ImageObject","inLanguage":"es-DO","@id":"https:\/\/caid.gob.do\/caid\/#\/schema\/logo\/image\/","url":"https:\/\/caid.gob.do\/caid\/wp-content\/uploads\/CAID-LOGOS-EN-PNG_Mesa-de-trabajo-1-2-1024x505-1.png","contentUrl":"https:\/\/caid.gob.do\/caid\/wp-content\/uploads\/CAID-LOGOS-EN-PNG_Mesa-de-trabajo-1-2-1024x505-1.png","width":1024,"height":505,"caption":"Centro de Atenci\u00f3n Integral para la Discapacidad"},"image":{"@id":"https:\/\/caid.gob.do\/caid\/#\/schema\/logo\/image\/"},"sameAs":["https:\/\/www.facebook.com\/redcaidrd","https:\/\/x.com\/CAIDRDO","https:\/\/www.instagram.com\/caidrd\/","https:\/\/www.youtube.com\/channel\/UCLnt-fnRlxQdgJQwjgWkrCg"]}]}},"jetpack_sharing_enabled":true,"_links":{"self":[{"href":"https:\/\/caid.gob.do\/caid\/wp-json\/wp\/v2\/pages\/507","targetHints":{"allow":["GET"]}}],"collection":[{"href":"https:\/\/caid.gob.do\/caid\/wp-json\/wp\/v2\/pages"}],"about":[{"href":"https:\/\/caid.gob.do\/caid\/wp-json\/wp\/v2\/types\/page"}],"author":[{"embeddable":true,"href":"https:\/\/caid.gob.do\/caid\/wp-json\/wp\/v2\/users\/1"}],"replies":[{"embeddable":true,"href":"https:\/\/caid.gob.do\/caid\/wp-json\/wp\/v2\/comments?post=507"}],"version-history":[{"count":33,"href":"https:\/\/caid.gob.do\/caid\/wp-json\/wp\/v2\/pages\/507\/revisions"}],"predecessor-version":[{"id":18033,"href":"https:\/\/caid.gob.do\/caid\/wp-json\/wp\/v2\/pages\/507\/revisions\/18033"}],"up":[{"embeddable":true,"href":"https:\/\/caid.gob.do\/caid\/wp-json\/wp\/v2\/pages\/139"}],"wp:attachment":[{"href":"https:\/\/caid.gob.do\/caid\/wp-json\/wp\/v2\/media?parent=507"}],"curies":[{"name":"wp","href":"https:\/\/api.w.org\/{rel}","templated":true}]}}