{"id":9378,"date":"2023-01-17T14:07:59","date_gmt":"2023-01-17T18:07:59","guid":{"rendered":"https:\/\/caid.gob.do\/caid\/?page_id=9378"},"modified":"2025-11-20T17:56:42","modified_gmt":"2025-11-20T21:56:42","slug":"claudia-cuevas-coelho","status":"publish","type":"page","link":"https:\/\/caid.gob.do\/caid\/inicio\/sobre-nosotros\/directorio-de-funcionarios\/claudia-cuevas-coelho\/","title":{"rendered":"Claudia Cuevas Coelho"},"content":{"rendered":"\t\t<div data-elementor-type=\"wp-page\" data-elementor-id=\"9378\" class=\"elementor elementor-9378\" data-elementor-post-type=\"page\">\n\t\t\t\t<div class=\"elementor-element elementor-element-3114fbf e-con-full e-flex e-con e-parent\" data-id=\"3114fbf\" data-element_type=\"container\" data-e-type=\"container\">\n\t\t\t\t<div class=\"elementor-element elementor-element-349cd80 elementor-widget elementor-widget-heading\" data-id=\"349cd80\" data-element_type=\"widget\" data-e-type=\"widget\" data-widget_type=\"heading.default\">\n\t\t\t\t<div class=\"elementor-widget-container\">\n\t\t\t\t\t<h2 class=\"elementor-heading-title elementor-size-default\">Directora sede Santiago<\/h2>\t\t\t\t<\/div>\n\t\t\t\t<\/div>\n\t\t\t\t<div class=\"elementor-element elementor-element-e6d30ab elementor-widget elementor-widget-text-editor\" data-id=\"e6d30ab\" data-element_type=\"widget\" data-e-type=\"widget\" data-widget_type=\"text-editor.default\">\n\t\t\t\t<div class=\"elementor-widget-container\">\n\t\t\t\t\t\t\t\t\t<p><img loading=\"lazy\" decoding=\"async\" class=\"alignleft wp-image-23010 size-full\" src=\"https:\/\/caid.gob.do\/caid\/wp-content\/uploads\/Directora-Santiago-para-web-derecha.png\" alt=\"\" width=\"419\" height=\"592\" srcset=\"https:\/\/caid.gob.do\/caid\/wp-content\/uploads\/Directora-Santiago-para-web-derecha.png 419w, https:\/\/caid.gob.do\/caid\/wp-content\/uploads\/Directora-Santiago-para-web-derecha-212x300.png 212w\" sizes=\"auto, (max-width: 419px) 100vw, 419px\" \/><\/p><p>Licenciada en psicolog\u00eda general por la Pontificia Universidad Cat\u00f3lica Madre y Maestra (PUCMM), con un postgrado en Educaci\u00f3n Inclusiva para Estudiantes con Discapacidad en la misma instituci\u00f3n y una maestr\u00eda en Trastorno del Espectro Autista por el Instituto Superior de Estudios Psicol\u00f3gicos (ISEP), Espa\u00f1a.<\/p><p>Est\u00e1 certificada en el uso cl\u00ednico de la Escala de Observaci\u00f3n para el Diagn\u00f3stico de Autismo (ADOS-2) y la Entrevista para el Diagn\u00f3stico del Autismo Revisada (ADI-R), as\u00ed como en la implementaci\u00f3n del sistema alternativo\/aumentativo de comunicaci\u00f3n PECS. Cuenta con una amplia experiencia en el \u00e1mbito de la evaluaci\u00f3n, diagn\u00f3stico e intervenci\u00f3n de ni\u00f1os con trastorno del espectro autista (TEA), par\u00e1lisis cerebral y s\u00edndrome de Down.<\/p><p>Desde el a\u00f1o 2015, se desempe\u00f1\u00f3 como encargada del Departamento de Evaluaci\u00f3n y Diagn\u00f3stico del Centro de Atenci\u00f3n Integral para la Discapacidad (CAID), donde lider\u00f3 equipos interdisciplinarios y promovi\u00f3 pr\u00e1cticas basadas en la evidencia orientadas al desarrollo integral de la ni\u00f1ez con discapacidad.<\/p><p>Paralelamente, ha desarrollado una destacada trayectoria docente como facilitadora en diplomados y programas de formaci\u00f3n, abordando tem\u00e1ticas relacionadas con la evaluaci\u00f3n psicom\u00e9trica, la educaci\u00f3n inclusiva, la atenci\u00f3n a la diversidad y los trastornos del neurodesarrollo. Asimismo, participa como conferencista invitada en congresos, seminarios y jornadas acad\u00e9micas, donde comparte su experiencia sobre buenas pr\u00e1cticas en la evaluaci\u00f3n e intervenci\u00f3n en trastornos del neurodesarrollo y la inclusi\u00f3n educativa.<\/p><p>Su labor profesional se caracteriza por un firme compromiso con la promoci\u00f3n de una educaci\u00f3n y atenci\u00f3n equitativas, centradas en las capacidades, potencialidades y bienestar de cada ni\u00f1o y su familia.<\/p><p><strong>Normativa:<\/strong><\/p><p>Designado mediante decreto 575-25 Directora CAID Santiago. Decreto n\u00fam. 170-21 que crea el Centro de Atenci\u00f3n Integral para la Discapacidad, adscrito al MSP<\/p><p><strong>Objetivo:<\/strong><\/p><p>Velar por correcta implementaci\u00f3n de los lineamientos y pol\u00edticas emanados desde la direcci\u00f3n nacional, as\u00ed como tambi\u00e9n asegurar la calidad y uniformidad de los servicios brindados por la instituci\u00f3n en el territorio.<\/p><p><strong>Funciones principales:<\/strong><\/p><ul><li>Ejecutar los planes y pol\u00edticas de sensibilizaci\u00f3n y capacitaci\u00f3n de familias, comunidades y centros educativos para procesos de rehabilitaci\u00f3n de los ni\u00f1os con trastorno del espectro autistas, s\u00edndrome de Down, par\u00e1lisis cerebral o cualquier otra condici\u00f3n incluida a futuro por el Consejo Directivo del CAID.<\/li><li>Ejecutar las pol\u00edticas p\u00fablicas, planes y proyectos desarrollados por el Consejo Directivo del CAID y la Direcci\u00f3n Nacional, e informar sobre sus avances.<\/li><li>Dirigir y supervisar el servicio de evaluaci\u00f3n profesional del desarrollo, las intervenciones terap\u00e9uticas y la calidad de los servicios realizados en sus respectivos establecimientos.<\/li><li>Realizar las evaluaciones de desempe\u00f1o de los empleados del centro al que pertenece, bajo las directrices del MAP y realizar las recomendaciones correspondientes.<\/li><li>Velar por el buen funcionamiento de los equipos y las maquinarias destinadas a los respectivos establecimientos, as\u00ed como el mantenimiento de estos.<\/li><li>Recomendar al Consejo Directivo, mediante su secretario, la conclusi\u00f3n de acuerdos de cooperaci\u00f3n con instituciones p\u00fablicas y privadas con cercan\u00eda geogr\u00e1fica al establecimiento que dirige.<\/li><li>Impartir conferencias en seminarios, talleres, congresos y jornadas sobre diferentes t\u00f3picos del CAID, cuando as\u00ed le sea requerido por la Direcci\u00f3n Nacional.<\/li><li>Participar como miembros de los comit\u00e9s de bio\u00e9tica que puedan corresponder.<\/li><li>Dirigir los equipos m\u00e9dicos en los tratamientos de ni\u00f1os y las ni\u00f1as en todos los casos, sobre todo, los que se consideren de alta complejidad.<\/li><li>Salvaguardar los bienes y la propiedad del establecimiento del CAID que se encuentre a su cargo.<\/li><li>Conocer y decidir sobre las reconsideraciones sometidas por los usuarios respecto las determinaciones socioecon\u00f3micas, tratamientos o diagn\u00f3sticos.<\/li><li>Supervisar la correcta aplicaci\u00f3n de los Programas Terap\u00e9uticos Individualizados.<\/li><li>Realizar otras funciones que sean inherentes a su cargo, siempre que dichas actuaciones no sean competencia de otra unidad funcional del CAID.<\/li><\/ul>\t\t\t\t\t\t\t\t<\/div>\n\t\t\t\t<\/div>\n\t\t\t\t<\/div>\n\t\t\t\t<\/div>\n\t\t","protected":false},"excerpt":{"rendered":"<p>Curs\u00f3 estudios primarios en el Colegio Ercilia Pep\u00edn y estudios secundarios en el Colegio Sagrado Coraz\u00f3n de Jes\u00fas, ambos en la ciudad de Santiago. Obtuvo el t\u00edtulo de doctor en Medicina en 2001 por la Pontificia Universidad Cat\u00f3lica Madre y Maestra (PUCMM).<\/p>\n","protected":false},"author":13,"featured_media":14778,"parent":145,"menu_order":0,"comment_status":"closed","ping_status":"closed","template":"","meta":{"_acf_changed":false,"footnotes":""},"class_list":["post-9378","page","type-page","status-publish","has-post-thumbnail","hentry"],"acf":[],"yoast_head":"<!-- This site is optimized with the Yoast SEO plugin v27.0 - https:\/\/yoast.com\/product\/yoast-seo-wordpress\/ -->\r\n<title>Claudia Cuevas Coelho - CAID<\/title>\r\n<meta name=\"robots\" content=\"index, follow, max-snippet:-1, max-image-preview:large, max-video-preview:-1\" \/>\r\n<link rel=\"canonical\" href=\"https:\/\/caid.gob.do\/caid\/inicio\/sobre-nosotros\/directorio-de-funcionarios\/claudia-cuevas-coelho\/\" \/>\r\n<meta property=\"og:locale\" content=\"es_ES\" \/>\r\n<meta property=\"og:type\" content=\"article\" \/>\r\n<meta property=\"og:title\" content=\"Claudia Cuevas Coelho - CAID\" \/>\r\n<meta property=\"og:description\" content=\"Curs\u00f3 estudios primarios en el Colegio Ercilia Pep\u00edn y estudios secundarios en el Colegio Sagrado Coraz\u00f3n de Jes\u00fas, ambos en la ciudad de Santiago. Obtuvo el t\u00edtulo de doctor en Medicina en 2001 por la Pontificia Universidad Cat\u00f3lica Madre y Maestra (PUCMM).\" \/>\r\n<meta property=\"og:url\" content=\"https:\/\/caid.gob.do\/caid\/inicio\/sobre-nosotros\/directorio-de-funcionarios\/claudia-cuevas-coelho\/\" \/>\r\n<meta property=\"og:site_name\" content=\"CAID\" \/>\r\n<meta property=\"article:publisher\" content=\"https:\/\/www.facebook.com\/redcaidrd\" \/>\r\n<meta property=\"article:modified_time\" content=\"2025-11-20T21:56:42+00:00\" \/>\r\n<meta property=\"og:image\" content=\"https:\/\/caid.gob.do\/caid\/wp-content\/uploads\/perfil-dir-medico-Fernando-Jose-Benoit.jpg\" \/>\r\n\t<meta property=\"og:image:width\" content=\"2481\" \/>\r\n\t<meta property=\"og:image:height\" content=\"3508\" \/>\r\n\t<meta property=\"og:image:type\" content=\"image\/jpeg\" \/>\r\n<meta name=\"twitter:card\" content=\"summary_large_image\" \/>\r\n<meta name=\"twitter:site\" content=\"@CAIDRDO\" \/>\r\n<meta name=\"twitter:label1\" content=\"Est. reading time\" \/>\n\t<meta name=\"twitter:data1\" content=\"3 minutos\" \/>\r\n<script type=\"application\/ld+json\" class=\"yoast-schema-graph\">{\"@context\":\"https:\/\/schema.org\",\"@graph\":[{\"@type\":\"WebPage\",\"@id\":\"https:\/\/caid.gob.do\/caid\/inicio\/sobre-nosotros\/directorio-de-funcionarios\/claudia-cuevas-coelho\/\",\"url\":\"https:\/\/caid.gob.do\/caid\/inicio\/sobre-nosotros\/directorio-de-funcionarios\/claudia-cuevas-coelho\/\",\"name\":\"Claudia Cuevas Coelho - CAID\",\"isPartOf\":{\"@id\":\"https:\/\/caid.gob.do\/caid\/#website\"},\"primaryImageOfPage\":{\"@id\":\"https:\/\/caid.gob.do\/caid\/inicio\/sobre-nosotros\/directorio-de-funcionarios\/claudia-cuevas-coelho\/#primaryimage\"},\"image\":{\"@id\":\"https:\/\/caid.gob.do\/caid\/inicio\/sobre-nosotros\/directorio-de-funcionarios\/claudia-cuevas-coelho\/#primaryimage\"},\"thumbnailUrl\":\"https:\/\/caid.gob.do\/caid\/wp-content\/uploads\/perfil-dir-medico-Fernando-Jose-Benoit.jpg\",\"datePublished\":\"2023-01-17T18:07:59+00:00\",\"dateModified\":\"2025-11-20T21:56:42+00:00\",\"breadcrumb\":{\"@id\":\"https:\/\/caid.gob.do\/caid\/inicio\/sobre-nosotros\/directorio-de-funcionarios\/claudia-cuevas-coelho\/#breadcrumb\"},\"inLanguage\":\"es-DO\",\"potentialAction\":[{\"@type\":\"ReadAction\",\"target\":[\"https:\/\/caid.gob.do\/caid\/inicio\/sobre-nosotros\/directorio-de-funcionarios\/claudia-cuevas-coelho\/\"]}]},{\"@type\":\"ImageObject\",\"inLanguage\":\"es-DO\",\"@id\":\"https:\/\/caid.gob.do\/caid\/inicio\/sobre-nosotros\/directorio-de-funcionarios\/claudia-cuevas-coelho\/#primaryimage\",\"url\":\"https:\/\/caid.gob.do\/caid\/wp-content\/uploads\/perfil-dir-medico-Fernando-Jose-Benoit.jpg\",\"contentUrl\":\"https:\/\/caid.gob.do\/caid\/wp-content\/uploads\/perfil-dir-medico-Fernando-Jose-Benoit.jpg\",\"width\":2481,\"height\":3508},{\"@type\":\"BreadcrumbList\",\"@id\":\"https:\/\/caid.gob.do\/caid\/inicio\/sobre-nosotros\/directorio-de-funcionarios\/claudia-cuevas-coelho\/#breadcrumb\",\"itemListElement\":[{\"@type\":\"ListItem\",\"position\":1,\"name\":\"Est\u00e1s aqu\u00ed:\",\"item\":\"https:\/\/caid.gob.do\/caid\/\"},{\"@type\":\"ListItem\",\"position\":2,\"name\":\"Inicio\",\"item\":\"https:\/\/caid.gob.do\/caid\/\"},{\"@type\":\"ListItem\",\"position\":3,\"name\":\"Sobre nosotros\",\"item\":\"https:\/\/caid.gob.do\/caid\/pagina-de-inicio\/sobre-nosotros\/\"},{\"@type\":\"ListItem\",\"position\":4,\"name\":\"Directores de Sedes\",\"item\":\"https:\/\/caid.gob.do\/caid\/inicio\/sobre-nosotros\/directorio-de-funcionarios\/\"},{\"@type\":\"ListItem\",\"position\":5,\"name\":\"Claudia Cuevas Coelho\"}]},{\"@type\":\"WebSite\",\"@id\":\"https:\/\/caid.gob.do\/caid\/#website\",\"url\":\"https:\/\/caid.gob.do\/caid\/\",\"name\":\"CAID\",\"description\":\"Centro de Atenci\u00f3n Integral a la Discapacidad\",\"publisher\":{\"@id\":\"https:\/\/caid.gob.do\/caid\/#organization\"},\"potentialAction\":[{\"@type\":\"SearchAction\",\"target\":{\"@type\":\"EntryPoint\",\"urlTemplate\":\"https:\/\/caid.gob.do\/caid\/?s={search_term_string}\"},\"query-input\":{\"@type\":\"PropertyValueSpecification\",\"valueRequired\":true,\"valueName\":\"search_term_string\"}}],\"inLanguage\":\"es-DO\"},{\"@type\":\"Organization\",\"@id\":\"https:\/\/caid.gob.do\/caid\/#organization\",\"name\":\"Centro de Atenci\u00f3n Integral para la Discapacidad\",\"url\":\"https:\/\/caid.gob.do\/caid\/\",\"logo\":{\"@type\":\"ImageObject\",\"inLanguage\":\"es-DO\",\"@id\":\"https:\/\/caid.gob.do\/caid\/#\/schema\/logo\/image\/\",\"url\":\"https:\/\/caid.gob.do\/caid\/wp-content\/uploads\/CAID-LOGOS-EN-PNG_Mesa-de-trabajo-1-2-1024x505-1.png\",\"contentUrl\":\"https:\/\/caid.gob.do\/caid\/wp-content\/uploads\/CAID-LOGOS-EN-PNG_Mesa-de-trabajo-1-2-1024x505-1.png\",\"width\":1024,\"height\":505,\"caption\":\"Centro de Atenci\u00f3n Integral para la Discapacidad\"},\"image\":{\"@id\":\"https:\/\/caid.gob.do\/caid\/#\/schema\/logo\/image\/\"},\"sameAs\":[\"https:\/\/www.facebook.com\/redcaidrd\",\"https:\/\/x.com\/CAIDRDO\",\"https:\/\/www.instagram.com\/caidrd\/\",\"https:\/\/www.youtube.com\/channel\/UCLnt-fnRlxQdgJQwjgWkrCg\"]}]}<\/script>\r\n<!-- \/ Yoast SEO plugin. -->","yoast_head_json":{"title":"Claudia Cuevas Coelho - CAID","robots":{"index":"index","follow":"follow","max-snippet":"max-snippet:-1","max-image-preview":"max-image-preview:large","max-video-preview":"max-video-preview:-1"},"canonical":"https:\/\/caid.gob.do\/caid\/inicio\/sobre-nosotros\/directorio-de-funcionarios\/claudia-cuevas-coelho\/","og_locale":"es_ES","og_type":"article","og_title":"Claudia Cuevas Coelho - CAID","og_description":"Curs\u00f3 estudios primarios en el Colegio Ercilia Pep\u00edn y estudios secundarios en el Colegio Sagrado Coraz\u00f3n de Jes\u00fas, ambos en la ciudad de Santiago. Obtuvo el t\u00edtulo de doctor en Medicina en 2001 por la Pontificia Universidad Cat\u00f3lica Madre y Maestra (PUCMM).","og_url":"https:\/\/caid.gob.do\/caid\/inicio\/sobre-nosotros\/directorio-de-funcionarios\/claudia-cuevas-coelho\/","og_site_name":"CAID","article_publisher":"https:\/\/www.facebook.com\/redcaidrd","article_modified_time":"2025-11-20T21:56:42+00:00","og_image":[{"width":2481,"height":3508,"url":"https:\/\/caid.gob.do\/caid\/wp-content\/uploads\/perfil-dir-medico-Fernando-Jose-Benoit.jpg","type":"image\/jpeg"}],"twitter_card":"summary_large_image","twitter_site":"@CAIDRDO","twitter_misc":{"Est. reading time":"3 minutos"},"schema":{"@context":"https:\/\/schema.org","@graph":[{"@type":"WebPage","@id":"https:\/\/caid.gob.do\/caid\/inicio\/sobre-nosotros\/directorio-de-funcionarios\/claudia-cuevas-coelho\/","url":"https:\/\/caid.gob.do\/caid\/inicio\/sobre-nosotros\/directorio-de-funcionarios\/claudia-cuevas-coelho\/","name":"Claudia Cuevas Coelho - CAID","isPartOf":{"@id":"https:\/\/caid.gob.do\/caid\/#website"},"primaryImageOfPage":{"@id":"https:\/\/caid.gob.do\/caid\/inicio\/sobre-nosotros\/directorio-de-funcionarios\/claudia-cuevas-coelho\/#primaryimage"},"image":{"@id":"https:\/\/caid.gob.do\/caid\/inicio\/sobre-nosotros\/directorio-de-funcionarios\/claudia-cuevas-coelho\/#primaryimage"},"thumbnailUrl":"https:\/\/caid.gob.do\/caid\/wp-content\/uploads\/perfil-dir-medico-Fernando-Jose-Benoit.jpg","datePublished":"2023-01-17T18:07:59+00:00","dateModified":"2025-11-20T21:56:42+00:00","breadcrumb":{"@id":"https:\/\/caid.gob.do\/caid\/inicio\/sobre-nosotros\/directorio-de-funcionarios\/claudia-cuevas-coelho\/#breadcrumb"},"inLanguage":"es-DO","potentialAction":[{"@type":"ReadAction","target":["https:\/\/caid.gob.do\/caid\/inicio\/sobre-nosotros\/directorio-de-funcionarios\/claudia-cuevas-coelho\/"]}]},{"@type":"ImageObject","inLanguage":"es-DO","@id":"https:\/\/caid.gob.do\/caid\/inicio\/sobre-nosotros\/directorio-de-funcionarios\/claudia-cuevas-coelho\/#primaryimage","url":"https:\/\/caid.gob.do\/caid\/wp-content\/uploads\/perfil-dir-medico-Fernando-Jose-Benoit.jpg","contentUrl":"https:\/\/caid.gob.do\/caid\/wp-content\/uploads\/perfil-dir-medico-Fernando-Jose-Benoit.jpg","width":2481,"height":3508},{"@type":"BreadcrumbList","@id":"https:\/\/caid.gob.do\/caid\/inicio\/sobre-nosotros\/directorio-de-funcionarios\/claudia-cuevas-coelho\/#breadcrumb","itemListElement":[{"@type":"ListItem","position":1,"name":"Est\u00e1s aqu\u00ed:","item":"https:\/\/caid.gob.do\/caid\/"},{"@type":"ListItem","position":2,"name":"Inicio","item":"https:\/\/caid.gob.do\/caid\/"},{"@type":"ListItem","position":3,"name":"Sobre nosotros","item":"https:\/\/caid.gob.do\/caid\/pagina-de-inicio\/sobre-nosotros\/"},{"@type":"ListItem","position":4,"name":"Directores de Sedes","item":"https:\/\/caid.gob.do\/caid\/inicio\/sobre-nosotros\/directorio-de-funcionarios\/"},{"@type":"ListItem","position":5,"name":"Claudia Cuevas Coelho"}]},{"@type":"WebSite","@id":"https:\/\/caid.gob.do\/caid\/#website","url":"https:\/\/caid.gob.do\/caid\/","name":"CAID","description":"Centro de Atenci\u00f3n Integral a la Discapacidad","publisher":{"@id":"https:\/\/caid.gob.do\/caid\/#organization"},"potentialAction":[{"@type":"SearchAction","target":{"@type":"EntryPoint","urlTemplate":"https:\/\/caid.gob.do\/caid\/?s={search_term_string}"},"query-input":{"@type":"PropertyValueSpecification","valueRequired":true,"valueName":"search_term_string"}}],"inLanguage":"es-DO"},{"@type":"Organization","@id":"https:\/\/caid.gob.do\/caid\/#organization","name":"Centro de Atenci\u00f3n Integral para la Discapacidad","url":"https:\/\/caid.gob.do\/caid\/","logo":{"@type":"ImageObject","inLanguage":"es-DO","@id":"https:\/\/caid.gob.do\/caid\/#\/schema\/logo\/image\/","url":"https:\/\/caid.gob.do\/caid\/wp-content\/uploads\/CAID-LOGOS-EN-PNG_Mesa-de-trabajo-1-2-1024x505-1.png","contentUrl":"https:\/\/caid.gob.do\/caid\/wp-content\/uploads\/CAID-LOGOS-EN-PNG_Mesa-de-trabajo-1-2-1024x505-1.png","width":1024,"height":505,"caption":"Centro de Atenci\u00f3n Integral para la Discapacidad"},"image":{"@id":"https:\/\/caid.gob.do\/caid\/#\/schema\/logo\/image\/"},"sameAs":["https:\/\/www.facebook.com\/redcaidrd","https:\/\/x.com\/CAIDRDO","https:\/\/www.instagram.com\/caidrd\/","https:\/\/www.youtube.com\/channel\/UCLnt-fnRlxQdgJQwjgWkrCg"]}]}},"jetpack_sharing_enabled":true,"_links":{"self":[{"href":"https:\/\/caid.gob.do\/caid\/wp-json\/wp\/v2\/pages\/9378","targetHints":{"allow":["GET"]}}],"collection":[{"href":"https:\/\/caid.gob.do\/caid\/wp-json\/wp\/v2\/pages"}],"about":[{"href":"https:\/\/caid.gob.do\/caid\/wp-json\/wp\/v2\/types\/page"}],"author":[{"embeddable":true,"href":"https:\/\/caid.gob.do\/caid\/wp-json\/wp\/v2\/users\/13"}],"replies":[{"embeddable":true,"href":"https:\/\/caid.gob.do\/caid\/wp-json\/wp\/v2\/comments?post=9378"}],"version-history":[{"count":59,"href":"https:\/\/caid.gob.do\/caid\/wp-json\/wp\/v2\/pages\/9378\/revisions"}],"predecessor-version":[{"id":23040,"href":"https:\/\/caid.gob.do\/caid\/wp-json\/wp\/v2\/pages\/9378\/revisions\/23040"}],"up":[{"embeddable":true,"href":"https:\/\/caid.gob.do\/caid\/wp-json\/wp\/v2\/pages\/145"}],"wp:featuredmedia":[{"embeddable":true,"href":"https:\/\/caid.gob.do\/caid\/wp-json\/wp\/v2\/media\/14778"}],"wp:attachment":[{"href":"https:\/\/caid.gob.do\/caid\/wp-json\/wp\/v2\/media?parent=9378"}],"curies":[{"name":"wp","href":"https:\/\/api.w.org\/{rel}","templated":true}]}}