{"id":9958,"date":"2023-02-16T16:06:58","date_gmt":"2023-02-16T20:06:58","guid":{"rendered":"https:\/\/caid.gob.do\/caid\/?page_id=9958"},"modified":"2025-11-20T17:50:13","modified_gmt":"2025-11-20T21:50:13","slug":"edison-rodriguez-diaz-2","status":"publish","type":"page","link":"https:\/\/caid.gob.do\/caid\/inicio\/sobre-nosotros\/directorio-de-funcionarios\/edison-rodriguez-diaz-2\/","title":{"rendered":"Edison Rodr\u00edguez D\u00edaz"},"content":{"rendered":"\t\t<div data-elementor-type=\"wp-page\" data-elementor-id=\"9958\" class=\"elementor elementor-9958\" data-elementor-post-type=\"page\">\n\t\t\t\t<div class=\"elementor-element elementor-element-ed74f67 e-con-full e-flex e-con e-parent\" data-id=\"ed74f67\" data-element_type=\"container\" data-e-type=\"container\">\n\t\t\t\t<div class=\"elementor-element elementor-element-99998f6 elementor-widget elementor-widget-heading\" data-id=\"99998f6\" data-element_type=\"widget\" data-e-type=\"widget\" data-widget_type=\"heading.default\">\n\t\t\t\t<div class=\"elementor-widget-container\">\n\t\t\t\t\t<h2 class=\"elementor-heading-title elementor-size-default\">Director Sede Santo Domingo Oeste<\/h2>\t\t\t\t<\/div>\n\t\t\t\t<\/div>\n\t\t\t\t<div class=\"elementor-element elementor-element-8df70dc elementor-widget elementor-widget-text-editor\" data-id=\"8df70dc\" data-element_type=\"widget\" data-e-type=\"widget\" data-widget_type=\"text-editor.default\">\n\t\t\t\t<div class=\"elementor-widget-container\">\n\t\t\t\t\t\t\t\t\t<p><img loading=\"lazy\" decoding=\"async\" class=\"wp-image-23012 size-full alignleft\" src=\"https:\/\/caid.gob.do\/caid\/wp-content\/uploads\/Director-sdo-para-web-d.png\" alt=\"\" width=\"419\" height=\"592\" srcset=\"https:\/\/caid.gob.do\/caid\/wp-content\/uploads\/Director-sdo-para-web-d.png 419w, https:\/\/caid.gob.do\/caid\/wp-content\/uploads\/Director-sdo-para-web-d-212x300.png 212w\" sizes=\"auto, (max-width: 419px) 100vw, 419px\" \/><\/p><p>Egresado del Instituto Tecnol\u00f3gico de Santo Domingo (INTEC) como doctor en medicina en el a\u00f1o 2014. Realiz\u00f3 el programa<br \/>de residencia de psiquiatr\u00eda en el Hospital Psiqui\u00e1trico Padre Billini de Santo Domingo y el programa de Especializaci\u00f3n<br \/>en Psiquiatr\u00eda Infanto Juvenil.<\/p><p>Es vocal de la Federaci\u00f3n Latinoamericana de Asociaciones de Psiquiatr\u00eda Infanto-juvenil y profesiones afines 2025-2027.<br \/>Tambi\u00e9n es coordinador de la Secci\u00f3n Psiquiatr\u00eda Infanto-juvenil 2025-2027 de la Sociedad Dominicana de Psiquiatr\u00eda.<\/p><p>Trabaj\u00f3 como Psiquiatra Infanto-juvenil y de Adultos en el Centro de Atenci\u00f3n Integral para la Discapacidad (CAID) en su sede Santo Domingo Oeste en el periodo 2022 al 2025.<\/p><p>Actualmente es Psiquiatra Infanto-juvenil y de Adultos en el Centro Integral Lotus en Santo Domingo y en el consultorio<br \/>Psicoterap\u00e9utico Enmanuel.<\/p><p>El doctor Edison ha realizado las siguientes investigaciones y publicaciones a lo largo de su carrera como m\u00e9dico:<\/p><ul><li class=\"small citation\">Morillo, Z., Ramos, M., Alonso, S., Gonz\u00e1lez, N. y Rodr\u00edguez, E. 2022. <span class=\"citation\"><em>Percepci\u00f3n de los usuarios sobre el acompa\u00f1amiento del Servicio de Salud Mental del Hospital Infantil Dr. Robert Reid Cabral durante la pandemia de la COVID-19, entre diciembre del a\u00f1o 2020 y marzo del a\u00f1o 2021.<\/em><\/span><span class=\"small\">Ciencia y Salud. 6, 1 (feb. 2022), 35\u201344.<\/span><a class=\"doi\" href=\"https:\/\/doi.org\/10.22206\/cysa.2022.v6i1.pp35-44\" target=\"_blank\" rel=\"noopener noreferrer\">https:\/\/doi.org\/10.22206\/cysa.2022.v6i1.pp35-44<\/a><\/li><\/ul><p>\u00a0<\/p><p class=\"small\">2do Congreso Cient\u00edfico de Residentes de Psiquiatr\u00eda &#8211; P\u00f3ster 2019.<\/p><ul><li class=\"citation small\">Rodr\u00edguez, E. \u201c<em>Uso de redes sociales e impacto en la calidad de sue\u00f1o en internos que rotaron en la Unidad de Intervenci\u00f3n en Crisis del Hospital Docente Francisco Moscoso Puello en el periodo abril-mayo 2019<\/em>\u201d.<\/li><\/ul><p>\u00a0<\/p><p class=\"small\">Investigaci\u00f3n Internado Social y Comunitario INTEC \u2013 Presentaci\u00f3n oral 2013<\/p><ul><li class=\"citation small\">Ng S., Rodr\u00edguez E. \u201c<em>Actitudes, Conocimientos y Pr\u00e1cticas sobre la Hipertensi\u00f3n Arterial y Diabetes Mellitus en habitantes del Distrito Municipal de Los Tumbaos, provincia Peravia, Rep\u00fablica Dominicana, periodo noviembre 2012 &#8211; enero 2013<\/em>\u201d.<\/li><\/ul><p>\u00a0<\/p><p class=\"small\">\u201cLVI Jornada de BioINTEC\u201d, INTEC \u2013 Presentaci\u00f3n oral 2009<\/p><ul><li class=\"citation small\">P\u00e9rez, J., Rodr\u00edguez E. \u201c<em>Incidencia de Carcinoma Lar\u00edngeo en pacientes atendidos en la consulta de Otorrinolaringolog\u00eda del Hospital Salvador Bienvenido Gautier, Santo Domingo, Rep\u00fablica Dominicana, en el periodo enero-diciembre 2008.<\/em>\u201d<\/li><\/ul><p>\u00a0<\/p><p><strong>Normativa:<\/strong><\/p><p>Designado mediante Decreto n\u00fam. 575-25 Director CAID Santo Domingo Oeste. Decreto n\u00fam. 170-21 que crea el Centro de Atenci\u00f3n Integral para la Discapacidad, adscrito al MSP.<\/p><p>\u00a0<\/p><p><strong>Objetivo:<\/strong><\/p><p>Velar por la correcta implementaci\u00f3n de los lineamientos y pol\u00edticas emanados desde la direcci\u00f3n nacional, as\u00ed como tambi\u00e9n asegurar la calidad y uniformidad de los servicios brindados por la instituci\u00f3n en el territorio.<\/p><p>\u00a0<\/p><p><strong>Funciones principales<\/strong><\/p><ul><li>Ejecutar los planes y pol\u00edticas de sensibilizaci\u00f3n y capacitaci\u00f3n de familias, comunidades y centros educativos para procesos de rehabilitaci\u00f3n de los ni\u00f1os con trastorno del espectro autista, s\u00edndrome de Down, par\u00e1lisis cerebral o cualquier otra condici\u00f3n incluida a futuro por el Consejo Directivo del CAID.<\/li><li>Ejecutar las pol\u00edticas p\u00fablicas, planes y proyectos desarrollados por el Consejo Directivo del CAID y la Direcci\u00f3n Nacional, e informar sobre sus avances.<\/li><li>Dirigir y supervisar el servicio de evaluaci\u00f3n profesional del desarrollo, las intervenciones terap\u00e9uticas y la calidad de los servicios realizados en sus respectivos establecimientos.<\/li><li>Realizar las evaluaciones de desempe\u00f1o de los empleados del centro al que pertenece, bajo las directrices del MAP y realizar las recomendaciones correspondientes.<\/li><li>Velar por el buen funcionamiento de los equipos y las maquinarias destinadas a los respectivos establecimientos, as\u00ed como el mantenimiento de estos.<\/li><li>Recomendar al Consejo Directivo, mediante su secretario, la conclusi\u00f3n de acuerdos de cooperaci\u00f3n con instituciones p\u00fablicas y privadas con cercan\u00eda geogr\u00e1fica al establecimiento que dirige.<\/li><li>Impartir conferencias en seminarios, talleres, congresos y jornadas sobre diferentes t\u00f3picos del CAID, cuando as\u00ed le sea requerido por la Direcci\u00f3n Nacional.<\/li><li>Participar como miembros de los comit\u00e9s de bio\u00e9tica que puedan corresponder.<\/li><li>Dirigir los equipos m\u00e9dicos en los tratamientos de ni\u00f1os y las ni\u00f1as en todos los casos, sobre todo, los que se consideren de alta complejidad.<\/li><li>Salvaguardar los bienes y la propiedad del establecimiento del CAID que se encuentre a su cargo.<\/li><li>Conocer y decidir sobre las reconsideraciones sometidas por los usuarios respecto las determinaciones socioecon\u00f3micas, tratamientos o diagn\u00f3sticos.<\/li><li>Supervisar la correcta aplicaci\u00f3n de los Programas Terap\u00e9uticos Individualizados.<\/li><li>Realizar otras funciones que sean inherentes a su cargo, siempre que dichas actuaciones no sean competencia de otra unidad funcional del CAID.<\/li><\/ul>\t\t\t\t\t\t\t\t<\/div>\n\t\t\t\t<\/div>\n\t\t\t\t<\/div>\n\t\t\t\t<\/div>\n\t\t","protected":false},"excerpt":{"rendered":"<p>Egresado del Instituto Tecnol\u00f3gico de Santo Domingo (INTEC) como doctor en medicina en el a\u00f1o 2014. Realiz\u00f3 el programa de residencia de psiquiatr\u00eda en el Hospital Psiqui\u00e1trico Padre Billini de Santo Domingo y el programa de Especializaci\u00f3n en Psiquiatr\u00eda Infanto Juvenil.<\/p>\n","protected":false},"author":13,"featured_media":23012,"parent":145,"menu_order":0,"comment_status":"closed","ping_status":"closed","template":"","meta":{"_acf_changed":false,"footnotes":""},"class_list":["post-9958","page","type-page","status-publish","has-post-thumbnail","hentry"],"acf":[],"yoast_head":"<!-- This site is optimized with the Yoast SEO plugin v27.0 - https:\/\/yoast.com\/product\/yoast-seo-wordpress\/ -->\r\n<title>Edison Rodr\u00edguez D\u00edaz - CAID<\/title>\r\n<meta name=\"robots\" content=\"index, follow, max-snippet:-1, max-image-preview:large, max-video-preview:-1\" \/>\r\n<link rel=\"canonical\" href=\"https:\/\/caid.gob.do\/caid\/inicio\/sobre-nosotros\/directorio-de-funcionarios\/edison-rodriguez-diaz-2\/\" \/>\r\n<meta property=\"og:locale\" content=\"es_ES\" \/>\r\n<meta property=\"og:type\" content=\"article\" \/>\r\n<meta property=\"og:title\" content=\"Edison Rodr\u00edguez D\u00edaz - CAID\" \/>\r\n<meta property=\"og:description\" content=\"Egresado del Instituto Tecnol\u00f3gico de Santo Domingo (INTEC) como doctor en medicina en el a\u00f1o 2014. Realiz\u00f3 el programa de residencia de psiquiatr\u00eda en el Hospital Psiqui\u00e1trico Padre Billini de Santo Domingo y el programa de Especializaci\u00f3n en Psiquiatr\u00eda Infanto Juvenil.\" \/>\r\n<meta property=\"og:url\" content=\"https:\/\/caid.gob.do\/caid\/inicio\/sobre-nosotros\/directorio-de-funcionarios\/edison-rodriguez-diaz-2\/\" \/>\r\n<meta property=\"og:site_name\" content=\"CAID\" \/>\r\n<meta property=\"article:publisher\" content=\"https:\/\/www.facebook.com\/redcaidrd\" \/>\r\n<meta property=\"article:modified_time\" content=\"2025-11-20T21:50:13+00:00\" \/>\r\n<meta property=\"og:image\" content=\"https:\/\/caid.gob.do\/caid\/wp-content\/uploads\/Director-sdo-para-web-d.png\" \/>\r\n\t<meta property=\"og:image:width\" content=\"419\" \/>\r\n\t<meta property=\"og:image:height\" content=\"592\" \/>\r\n\t<meta property=\"og:image:type\" content=\"image\/png\" \/>\r\n<meta name=\"twitter:card\" content=\"summary_large_image\" \/>\r\n<meta name=\"twitter:site\" content=\"@CAIDRDO\" \/>\r\n<meta name=\"twitter:label1\" content=\"Est. reading time\" \/>\n\t<meta name=\"twitter:data1\" content=\"4 minutos\" \/>\r\n<script type=\"application\/ld+json\" class=\"yoast-schema-graph\">{\"@context\":\"https:\/\/schema.org\",\"@graph\":[{\"@type\":\"WebPage\",\"@id\":\"https:\/\/caid.gob.do\/caid\/inicio\/sobre-nosotros\/directorio-de-funcionarios\/edison-rodriguez-diaz-2\/\",\"url\":\"https:\/\/caid.gob.do\/caid\/inicio\/sobre-nosotros\/directorio-de-funcionarios\/edison-rodriguez-diaz-2\/\",\"name\":\"Edison Rodr\u00edguez D\u00edaz - CAID\",\"isPartOf\":{\"@id\":\"https:\/\/caid.gob.do\/caid\/#website\"},\"primaryImageOfPage\":{\"@id\":\"https:\/\/caid.gob.do\/caid\/inicio\/sobre-nosotros\/directorio-de-funcionarios\/edison-rodriguez-diaz-2\/#primaryimage\"},\"image\":{\"@id\":\"https:\/\/caid.gob.do\/caid\/inicio\/sobre-nosotros\/directorio-de-funcionarios\/edison-rodriguez-diaz-2\/#primaryimage\"},\"thumbnailUrl\":\"https:\/\/caid.gob.do\/caid\/wp-content\/uploads\/Director-sdo-para-web-d.png\",\"datePublished\":\"2023-02-16T20:06:58+00:00\",\"dateModified\":\"2025-11-20T21:50:13+00:00\",\"breadcrumb\":{\"@id\":\"https:\/\/caid.gob.do\/caid\/inicio\/sobre-nosotros\/directorio-de-funcionarios\/edison-rodriguez-diaz-2\/#breadcrumb\"},\"inLanguage\":\"es-DO\",\"potentialAction\":[{\"@type\":\"ReadAction\",\"target\":[\"https:\/\/caid.gob.do\/caid\/inicio\/sobre-nosotros\/directorio-de-funcionarios\/edison-rodriguez-diaz-2\/\"]}]},{\"@type\":\"ImageObject\",\"inLanguage\":\"es-DO\",\"@id\":\"https:\/\/caid.gob.do\/caid\/inicio\/sobre-nosotros\/directorio-de-funcionarios\/edison-rodriguez-diaz-2\/#primaryimage\",\"url\":\"https:\/\/caid.gob.do\/caid\/wp-content\/uploads\/Director-sdo-para-web-d.png\",\"contentUrl\":\"https:\/\/caid.gob.do\/caid\/wp-content\/uploads\/Director-sdo-para-web-d.png\",\"width\":419,\"height\":592},{\"@type\":\"BreadcrumbList\",\"@id\":\"https:\/\/caid.gob.do\/caid\/inicio\/sobre-nosotros\/directorio-de-funcionarios\/edison-rodriguez-diaz-2\/#breadcrumb\",\"itemListElement\":[{\"@type\":\"ListItem\",\"position\":1,\"name\":\"Est\u00e1s aqu\u00ed:\",\"item\":\"https:\/\/caid.gob.do\/caid\/\"},{\"@type\":\"ListItem\",\"position\":2,\"name\":\"Inicio\",\"item\":\"https:\/\/caid.gob.do\/caid\/\"},{\"@type\":\"ListItem\",\"position\":3,\"name\":\"Sobre nosotros\",\"item\":\"https:\/\/caid.gob.do\/caid\/pagina-de-inicio\/sobre-nosotros\/\"},{\"@type\":\"ListItem\",\"position\":4,\"name\":\"Directores de Sedes\",\"item\":\"https:\/\/caid.gob.do\/caid\/inicio\/sobre-nosotros\/directorio-de-funcionarios\/\"},{\"@type\":\"ListItem\",\"position\":5,\"name\":\"Edison Rodr\u00edguez D\u00edaz\"}]},{\"@type\":\"WebSite\",\"@id\":\"https:\/\/caid.gob.do\/caid\/#website\",\"url\":\"https:\/\/caid.gob.do\/caid\/\",\"name\":\"CAID\",\"description\":\"Centro de Atenci\u00f3n Integral a la Discapacidad\",\"publisher\":{\"@id\":\"https:\/\/caid.gob.do\/caid\/#organization\"},\"potentialAction\":[{\"@type\":\"SearchAction\",\"target\":{\"@type\":\"EntryPoint\",\"urlTemplate\":\"https:\/\/caid.gob.do\/caid\/?s={search_term_string}\"},\"query-input\":{\"@type\":\"PropertyValueSpecification\",\"valueRequired\":true,\"valueName\":\"search_term_string\"}}],\"inLanguage\":\"es-DO\"},{\"@type\":\"Organization\",\"@id\":\"https:\/\/caid.gob.do\/caid\/#organization\",\"name\":\"Centro de Atenci\u00f3n Integral para la Discapacidad\",\"url\":\"https:\/\/caid.gob.do\/caid\/\",\"logo\":{\"@type\":\"ImageObject\",\"inLanguage\":\"es-DO\",\"@id\":\"https:\/\/caid.gob.do\/caid\/#\/schema\/logo\/image\/\",\"url\":\"https:\/\/caid.gob.do\/caid\/wp-content\/uploads\/CAID-LOGOS-EN-PNG_Mesa-de-trabajo-1-2-1024x505-1.png\",\"contentUrl\":\"https:\/\/caid.gob.do\/caid\/wp-content\/uploads\/CAID-LOGOS-EN-PNG_Mesa-de-trabajo-1-2-1024x505-1.png\",\"width\":1024,\"height\":505,\"caption\":\"Centro de Atenci\u00f3n Integral para la Discapacidad\"},\"image\":{\"@id\":\"https:\/\/caid.gob.do\/caid\/#\/schema\/logo\/image\/\"},\"sameAs\":[\"https:\/\/www.facebook.com\/redcaidrd\",\"https:\/\/x.com\/CAIDRDO\",\"https:\/\/www.instagram.com\/caidrd\/\",\"https:\/\/www.youtube.com\/channel\/UCLnt-fnRlxQdgJQwjgWkrCg\"]}]}<\/script>\r\n<!-- \/ Yoast SEO plugin. -->","yoast_head_json":{"title":"Edison Rodr\u00edguez D\u00edaz - CAID","robots":{"index":"index","follow":"follow","max-snippet":"max-snippet:-1","max-image-preview":"max-image-preview:large","max-video-preview":"max-video-preview:-1"},"canonical":"https:\/\/caid.gob.do\/caid\/inicio\/sobre-nosotros\/directorio-de-funcionarios\/edison-rodriguez-diaz-2\/","og_locale":"es_ES","og_type":"article","og_title":"Edison Rodr\u00edguez D\u00edaz - CAID","og_description":"Egresado del Instituto Tecnol\u00f3gico de Santo Domingo (INTEC) como doctor en medicina en el a\u00f1o 2014. Realiz\u00f3 el programa de residencia de psiquiatr\u00eda en el Hospital Psiqui\u00e1trico Padre Billini de Santo Domingo y el programa de Especializaci\u00f3n en Psiquiatr\u00eda Infanto Juvenil.","og_url":"https:\/\/caid.gob.do\/caid\/inicio\/sobre-nosotros\/directorio-de-funcionarios\/edison-rodriguez-diaz-2\/","og_site_name":"CAID","article_publisher":"https:\/\/www.facebook.com\/redcaidrd","article_modified_time":"2025-11-20T21:50:13+00:00","og_image":[{"width":419,"height":592,"url":"https:\/\/caid.gob.do\/caid\/wp-content\/uploads\/Director-sdo-para-web-d.png","type":"image\/png"}],"twitter_card":"summary_large_image","twitter_site":"@CAIDRDO","twitter_misc":{"Est. reading time":"4 minutos"},"schema":{"@context":"https:\/\/schema.org","@graph":[{"@type":"WebPage","@id":"https:\/\/caid.gob.do\/caid\/inicio\/sobre-nosotros\/directorio-de-funcionarios\/edison-rodriguez-diaz-2\/","url":"https:\/\/caid.gob.do\/caid\/inicio\/sobre-nosotros\/directorio-de-funcionarios\/edison-rodriguez-diaz-2\/","name":"Edison Rodr\u00edguez D\u00edaz - CAID","isPartOf":{"@id":"https:\/\/caid.gob.do\/caid\/#website"},"primaryImageOfPage":{"@id":"https:\/\/caid.gob.do\/caid\/inicio\/sobre-nosotros\/directorio-de-funcionarios\/edison-rodriguez-diaz-2\/#primaryimage"},"image":{"@id":"https:\/\/caid.gob.do\/caid\/inicio\/sobre-nosotros\/directorio-de-funcionarios\/edison-rodriguez-diaz-2\/#primaryimage"},"thumbnailUrl":"https:\/\/caid.gob.do\/caid\/wp-content\/uploads\/Director-sdo-para-web-d.png","datePublished":"2023-02-16T20:06:58+00:00","dateModified":"2025-11-20T21:50:13+00:00","breadcrumb":{"@id":"https:\/\/caid.gob.do\/caid\/inicio\/sobre-nosotros\/directorio-de-funcionarios\/edison-rodriguez-diaz-2\/#breadcrumb"},"inLanguage":"es-DO","potentialAction":[{"@type":"ReadAction","target":["https:\/\/caid.gob.do\/caid\/inicio\/sobre-nosotros\/directorio-de-funcionarios\/edison-rodriguez-diaz-2\/"]}]},{"@type":"ImageObject","inLanguage":"es-DO","@id":"https:\/\/caid.gob.do\/caid\/inicio\/sobre-nosotros\/directorio-de-funcionarios\/edison-rodriguez-diaz-2\/#primaryimage","url":"https:\/\/caid.gob.do\/caid\/wp-content\/uploads\/Director-sdo-para-web-d.png","contentUrl":"https:\/\/caid.gob.do\/caid\/wp-content\/uploads\/Director-sdo-para-web-d.png","width":419,"height":592},{"@type":"BreadcrumbList","@id":"https:\/\/caid.gob.do\/caid\/inicio\/sobre-nosotros\/directorio-de-funcionarios\/edison-rodriguez-diaz-2\/#breadcrumb","itemListElement":[{"@type":"ListItem","position":1,"name":"Est\u00e1s aqu\u00ed:","item":"https:\/\/caid.gob.do\/caid\/"},{"@type":"ListItem","position":2,"name":"Inicio","item":"https:\/\/caid.gob.do\/caid\/"},{"@type":"ListItem","position":3,"name":"Sobre nosotros","item":"https:\/\/caid.gob.do\/caid\/pagina-de-inicio\/sobre-nosotros\/"},{"@type":"ListItem","position":4,"name":"Directores de Sedes","item":"https:\/\/caid.gob.do\/caid\/inicio\/sobre-nosotros\/directorio-de-funcionarios\/"},{"@type":"ListItem","position":5,"name":"Edison Rodr\u00edguez D\u00edaz"}]},{"@type":"WebSite","@id":"https:\/\/caid.gob.do\/caid\/#website","url":"https:\/\/caid.gob.do\/caid\/","name":"CAID","description":"Centro de Atenci\u00f3n Integral a la Discapacidad","publisher":{"@id":"https:\/\/caid.gob.do\/caid\/#organization"},"potentialAction":[{"@type":"SearchAction","target":{"@type":"EntryPoint","urlTemplate":"https:\/\/caid.gob.do\/caid\/?s={search_term_string}"},"query-input":{"@type":"PropertyValueSpecification","valueRequired":true,"valueName":"search_term_string"}}],"inLanguage":"es-DO"},{"@type":"Organization","@id":"https:\/\/caid.gob.do\/caid\/#organization","name":"Centro de Atenci\u00f3n Integral para la Discapacidad","url":"https:\/\/caid.gob.do\/caid\/","logo":{"@type":"ImageObject","inLanguage":"es-DO","@id":"https:\/\/caid.gob.do\/caid\/#\/schema\/logo\/image\/","url":"https:\/\/caid.gob.do\/caid\/wp-content\/uploads\/CAID-LOGOS-EN-PNG_Mesa-de-trabajo-1-2-1024x505-1.png","contentUrl":"https:\/\/caid.gob.do\/caid\/wp-content\/uploads\/CAID-LOGOS-EN-PNG_Mesa-de-trabajo-1-2-1024x505-1.png","width":1024,"height":505,"caption":"Centro de Atenci\u00f3n Integral para la Discapacidad"},"image":{"@id":"https:\/\/caid.gob.do\/caid\/#\/schema\/logo\/image\/"},"sameAs":["https:\/\/www.facebook.com\/redcaidrd","https:\/\/x.com\/CAIDRDO","https:\/\/www.instagram.com\/caidrd\/","https:\/\/www.youtube.com\/channel\/UCLnt-fnRlxQdgJQwjgWkrCg"]}]}},"jetpack_sharing_enabled":true,"_links":{"self":[{"href":"https:\/\/caid.gob.do\/caid\/wp-json\/wp\/v2\/pages\/9958","targetHints":{"allow":["GET"]}}],"collection":[{"href":"https:\/\/caid.gob.do\/caid\/wp-json\/wp\/v2\/pages"}],"about":[{"href":"https:\/\/caid.gob.do\/caid\/wp-json\/wp\/v2\/types\/page"}],"author":[{"embeddable":true,"href":"https:\/\/caid.gob.do\/caid\/wp-json\/wp\/v2\/users\/13"}],"replies":[{"embeddable":true,"href":"https:\/\/caid.gob.do\/caid\/wp-json\/wp\/v2\/comments?post=9958"}],"version-history":[{"count":48,"href":"https:\/\/caid.gob.do\/caid\/wp-json\/wp\/v2\/pages\/9958\/revisions"}],"predecessor-version":[{"id":23034,"href":"https:\/\/caid.gob.do\/caid\/wp-json\/wp\/v2\/pages\/9958\/revisions\/23034"}],"up":[{"embeddable":true,"href":"https:\/\/caid.gob.do\/caid\/wp-json\/wp\/v2\/pages\/145"}],"wp:featuredmedia":[{"embeddable":true,"href":"https:\/\/caid.gob.do\/caid\/wp-json\/wp\/v2\/media\/23012"}],"wp:attachment":[{"href":"https:\/\/caid.gob.do\/caid\/wp-json\/wp\/v2\/media?parent=9958"}],"curies":[{"name":"wp","href":"https:\/\/api.w.org\/{rel}","templated":true}]}}