{"id":12551,"date":"2026-02-05T14:08:58","date_gmt":"2026-02-05T18:08:58","guid":{"rendered":"https:\/\/caid.gob.do\/transparencia\/?page_id=12551"},"modified":"2026-02-05T14:14:31","modified_gmt":"2026-02-05T18:14:31","slug":"licitaciones-publicas-nacionales-e-internacionales-2026","status":"publish","type":"page","link":"https:\/\/caid.gob.do\/transparencia\/portal-de-transparencia-del-caid\/compras-y-contrataciones-publicas\/licitaciones-publicas-nacionales-e-internacionales\/licitaciones-publicas-nacionales-e-internacionales-2026\/","title":{"rendered":"Licitaciones P\u00fablicas Nacionales e Internacionales 2026"},"content":{"rendered":"\t\t<div data-elementor-type=\"wp-page\" data-elementor-id=\"12551\" class=\"elementor elementor-12551\" data-elementor-post-type=\"page\">\n\t\t\t\t\t\t<section class=\"elementor-section elementor-top-section elementor-element elementor-element-f114561 elementor-section-boxed elementor-section-height-default elementor-section-height-default\" data-id=\"f114561\" data-element_type=\"section\" data-e-type=\"section\">\n\t\t\t\t\t\t<div class=\"elementor-container elementor-column-gap-no\">\n\t\t\t\t\t<div class=\"elementor-column elementor-col-100 elementor-top-column elementor-element elementor-element-9245928\" data-id=\"9245928\" data-element_type=\"column\" data-e-type=\"column\">\n\t\t\t<div class=\"elementor-widget-wrap elementor-element-populated\">\n\t\t\t\t\t\t<div class=\"elementor-element elementor-element-6122940 elementor-widget elementor-widget-toggle\" data-id=\"6122940\" data-element_type=\"widget\" data-e-type=\"widget\" data-widget_type=\"toggle.default\">\n\t\t\t\t<div class=\"elementor-widget-container\">\n\t\t\t\t\t\t\t<div class=\"elementor-toggle\">\n\t\t\t\t\t\t\t<div class=\"elementor-toggle-item\">\n\t\t\t\t\t<div id=\"elementor-tab-title-1011\" class=\"elementor-tab-title\" data-tab=\"1\" role=\"button\" aria-controls=\"elementor-tab-content-1011\" aria-expanded=\"false\">\n\t\t\t\t\t\t\t\t\t\t\t\t<span class=\"elementor-toggle-icon elementor-toggle-icon-left\" aria-hidden=\"true\">\n\t\t\t\t\t\t\t\t\t\t\t\t\t\t\t<span class=\"elementor-toggle-icon-closed\"><i class=\"fas fa-caret-right\"><\/i><\/span>\n\t\t\t\t\t\t\t\t<span class=\"elementor-toggle-icon-opened\"><i class=\"elementor-toggle-icon-opened fas fa-caret-up\"><\/i><\/span>\n\t\t\t\t\t\t\t\t\t\t\t\t\t<\/span>\n\t\t\t\t\t\t\t\t\t\t\t\t<a class=\"elementor-toggle-title\" tabindex=\"0\">Febrero<\/a>\n\t\t\t\t\t<\/div>\n\n\t\t\t\t\t<div id=\"elementor-tab-content-1011\" class=\"elementor-tab-content elementor-clearfix\" data-tab=\"1\" role=\"region\" aria-labelledby=\"elementor-tab-title-1011\"><div class=\"grid\"><div><img decoding=\"async\" class=\"iconpdf\" src=\"https:\/\/caid.gob.do\/transparencia\/wp-content\/uploads\/iconos-para-web-07.png\" \/><\/div><div><p>Durante el mes de febrero de 2026 no se realiz\u00f3 ning\u00fan proceso de compra bajo esta modalidad.<\/p><\/div><\/div><\/div>\n\t\t\t\t<\/div>\n\t\t\t\t\t\t\t<div class=\"elementor-toggle-item\">\n\t\t\t\t\t<div id=\"elementor-tab-title-1012\" class=\"elementor-tab-title\" data-tab=\"2\" role=\"button\" aria-controls=\"elementor-tab-content-1012\" aria-expanded=\"false\">\n\t\t\t\t\t\t\t\t\t\t\t\t<span class=\"elementor-toggle-icon elementor-toggle-icon-left\" aria-hidden=\"true\">\n\t\t\t\t\t\t\t\t\t\t\t\t\t\t\t<span class=\"elementor-toggle-icon-closed\"><i class=\"fas fa-caret-right\"><\/i><\/span>\n\t\t\t\t\t\t\t\t<span class=\"elementor-toggle-icon-opened\"><i class=\"elementor-toggle-icon-opened fas fa-caret-up\"><\/i><\/span>\n\t\t\t\t\t\t\t\t\t\t\t\t\t<\/span>\n\t\t\t\t\t\t\t\t\t\t\t\t<a class=\"elementor-toggle-title\" tabindex=\"0\">Enero<\/a>\n\t\t\t\t\t<\/div>\n\n\t\t\t\t\t<div id=\"elementor-tab-content-1012\" class=\"elementor-tab-content elementor-clearfix\" data-tab=\"2\" role=\"region\" aria-labelledby=\"elementor-tab-title-1012\"><div class=\"grid\"><div><img decoding=\"async\" class=\"iconpdf\" src=\"https:\/\/caid.gob.do\/transparencia\/wp-content\/uploads\/iconos-para-web-07.png\" \/><\/div><div><p>Durante el mes de enero de 2026 no se realiz\u00f3 ning\u00fan proceso de compra bajo esta modalidad.<\/p><\/div><\/div><\/div>\n\t\t\t\t<\/div>\n\t\t\t\t\t\t\t\t<\/div>\n\t\t\t\t\t\t<\/div>\n\t\t\t\t<\/div>\n\t\t\t\t\t<\/div>\n\t\t<\/div>\n\t\t\t\t\t<\/div>\n\t\t<\/section>\n\t\t\t\t<\/div>\n\t\t","protected":false},"excerpt":{"rendered":"<p>Febrero Durante el mes de febrero de 2026 no se realiz\u00f3 ning\u00fan proceso de compra bajo esta modalidad. Enero Durante el mes de enero de 2026 no se realiz\u00f3 ning\u00fan proceso de compra bajo esta modalidad.<\/p>\n","protected":false},"author":6,"featured_media":0,"parent":450,"menu_order":0,"comment_status":"closed","ping_status":"closed","template":"","meta":{"footnotes":""},"class_list":["post-12551","page","type-page","status-publish","hentry"],"yoast_head":"<!-- This site is optimized with the Yoast SEO plugin v27.0 - https:\/\/yoast.com\/product\/yoast-seo-wordpress\/ -->\r\n<title>Licitaciones P\u00fablicas Nacionales e Internacionales 2026 - Portal de Transparencia del CAID<\/title>\r\n<meta name=\"robots\" content=\"index, follow, max-snippet:-1, max-image-preview:large, max-video-preview:-1\" \/>\r\n<link rel=\"canonical\" href=\"https:\/\/caid.gob.do\/transparencia\/portal-de-transparencia-del-caid\/compras-y-contrataciones-publicas\/licitaciones-publicas-nacionales-e-internacionales\/licitaciones-publicas-nacionales-e-internacionales-2026\/\" \/>\r\n<meta property=\"og:locale\" content=\"es_ES\" \/>\r\n<meta property=\"og:type\" content=\"article\" \/>\r\n<meta property=\"og:title\" content=\"Licitaciones P\u00fablicas Nacionales e Internacionales 2026 - Portal de Transparencia del CAID\" \/>\r\n<meta property=\"og:description\" content=\"Febrero Durante el mes de febrero de 2026 no se realiz\u00f3 ning\u00fan proceso de compra bajo esta modalidad. Enero Durante el mes de enero de 2026 no se realiz\u00f3 ning\u00fan proceso de compra bajo esta modalidad.\" \/>\r\n<meta property=\"og:url\" content=\"https:\/\/caid.gob.do\/transparencia\/portal-de-transparencia-del-caid\/compras-y-contrataciones-publicas\/licitaciones-publicas-nacionales-e-internacionales\/licitaciones-publicas-nacionales-e-internacionales-2026\/\" \/>\r\n<meta property=\"og:site_name\" content=\"Portal de Transparencia del CAID\" \/>\r\n<meta property=\"article:modified_time\" content=\"2026-02-05T18:14:31+00:00\" \/>\r\n<meta property=\"og:image\" content=\"https:\/\/caid.gob.do\/transparencia\/wp-content\/uploads\/iconos-para-web-07.png\" \/>\r\n<meta name=\"twitter:card\" content=\"summary_large_image\" \/>\r\n<meta name=\"twitter:label1\" content=\"Est. reading time\" \/>\n\t<meta name=\"twitter:data1\" content=\"1 minuto\" \/>\r\n<script type=\"application\/ld+json\" class=\"yoast-schema-graph\">{\"@context\":\"https:\/\/schema.org\",\"@graph\":[{\"@type\":\"WebPage\",\"@id\":\"https:\/\/caid.gob.do\/transparencia\/portal-de-transparencia-del-caid\/compras-y-contrataciones-publicas\/licitaciones-publicas-nacionales-e-internacionales\/licitaciones-publicas-nacionales-e-internacionales-2026\/\",\"url\":\"https:\/\/caid.gob.do\/transparencia\/portal-de-transparencia-del-caid\/compras-y-contrataciones-publicas\/licitaciones-publicas-nacionales-e-internacionales\/licitaciones-publicas-nacionales-e-internacionales-2026\/\",\"name\":\"Licitaciones P\u00fablicas Nacionales e Internacionales 2026 - Portal de Transparencia del CAID\",\"isPartOf\":{\"@id\":\"https:\/\/caid.gob.do\/transparencia\/#website\"},\"primaryImageOfPage\":{\"@id\":\"https:\/\/caid.gob.do\/transparencia\/portal-de-transparencia-del-caid\/compras-y-contrataciones-publicas\/licitaciones-publicas-nacionales-e-internacionales\/licitaciones-publicas-nacionales-e-internacionales-2026\/#primaryimage\"},\"image\":{\"@id\":\"https:\/\/caid.gob.do\/transparencia\/portal-de-transparencia-del-caid\/compras-y-contrataciones-publicas\/licitaciones-publicas-nacionales-e-internacionales\/licitaciones-publicas-nacionales-e-internacionales-2026\/#primaryimage\"},\"thumbnailUrl\":\"https:\/\/caid.gob.do\/transparencia\/wp-content\/uploads\/iconos-para-web-07.png\",\"datePublished\":\"2026-02-05T18:08:58+00:00\",\"dateModified\":\"2026-02-05T18:14:31+00:00\",\"breadcrumb\":{\"@id\":\"https:\/\/caid.gob.do\/transparencia\/portal-de-transparencia-del-caid\/compras-y-contrataciones-publicas\/licitaciones-publicas-nacionales-e-internacionales\/licitaciones-publicas-nacionales-e-internacionales-2026\/#breadcrumb\"},\"inLanguage\":\"es-DO\",\"potentialAction\":[{\"@type\":\"ReadAction\",\"target\":[\"https:\/\/caid.gob.do\/transparencia\/portal-de-transparencia-del-caid\/compras-y-contrataciones-publicas\/licitaciones-publicas-nacionales-e-internacionales\/licitaciones-publicas-nacionales-e-internacionales-2026\/\"]}]},{\"@type\":\"ImageObject\",\"inLanguage\":\"es-DO\",\"@id\":\"https:\/\/caid.gob.do\/transparencia\/portal-de-transparencia-del-caid\/compras-y-contrataciones-publicas\/licitaciones-publicas-nacionales-e-internacionales\/licitaciones-publicas-nacionales-e-internacionales-2026\/#primaryimage\",\"url\":\"https:\/\/caid.gob.do\/transparencia\/wp-content\/uploads\/iconos-para-web-07.png\",\"contentUrl\":\"https:\/\/caid.gob.do\/transparencia\/wp-content\/uploads\/iconos-para-web-07.png\",\"width\":128,\"height\":128},{\"@type\":\"BreadcrumbList\",\"@id\":\"https:\/\/caid.gob.do\/transparencia\/portal-de-transparencia-del-caid\/compras-y-contrataciones-publicas\/licitaciones-publicas-nacionales-e-internacionales\/licitaciones-publicas-nacionales-e-internacionales-2026\/#breadcrumb\",\"itemListElement\":[{\"@type\":\"ListItem\",\"position\":1,\"name\":\"Est\u00e1s aqu\u00ed:\",\"item\":\"https:\/\/caid.gob.do\/transparencia\/\"},{\"@type\":\"ListItem\",\"position\":2,\"name\":\"Portal de transparencia del CAID\",\"item\":\"https:\/\/caid.gob.do\/transparencia\/\"},{\"@type\":\"ListItem\",\"position\":3,\"name\":\"Compras y contrataciones p\u00fablicas\",\"item\":\"https:\/\/caid.gob.do\/transparencia\/portal-de-transparencia-del-caid\/compras-y-contrataciones-publicas\/\"},{\"@type\":\"ListItem\",\"position\":4,\"name\":\"Licitaciones P\u00fablicas Nacionales e Internacionales\",\"item\":\"https:\/\/caid.gob.do\/transparencia\/portal-de-transparencia-del-caid\/compras-y-contrataciones-publicas\/licitaciones-publicas-nacionales-e-internacionales\/\"},{\"@type\":\"ListItem\",\"position\":5,\"name\":\"Licitaciones P\u00fablicas Nacionales e Internacionales 2026\"}]},{\"@type\":\"WebSite\",\"@id\":\"https:\/\/caid.gob.do\/transparencia\/#website\",\"url\":\"https:\/\/caid.gob.do\/transparencia\/\",\"name\":\"Portal de Transparencia del CAID\",\"description\":\"Transparencia del CAID\",\"publisher\":{\"@id\":\"https:\/\/caid.gob.do\/transparencia\/#organization\"},\"potentialAction\":[{\"@type\":\"SearchAction\",\"target\":{\"@type\":\"EntryPoint\",\"urlTemplate\":\"https:\/\/caid.gob.do\/transparencia\/?s={search_term_string}\"},\"query-input\":{\"@type\":\"PropertyValueSpecification\",\"valueRequired\":true,\"valueName\":\"search_term_string\"}}],\"inLanguage\":\"es-DO\"},{\"@type\":\"Organization\",\"@id\":\"https:\/\/caid.gob.do\/transparencia\/#organization\",\"name\":\"Portal de Transparencia del CAID\",\"url\":\"https:\/\/caid.gob.do\/transparencia\/\",\"logo\":{\"@type\":\"ImageObject\",\"inLanguage\":\"es-DO\",\"@id\":\"https:\/\/caid.gob.do\/transparencia\/#\/schema\/logo\/image\/\",\"url\":\"https:\/\/caid.gob.do\/transparencia\/wp-content\/uploads\/2023\/01\/CAID-LOGOS-EN-PNG_Mesa-de-trabajo-1.png\",\"contentUrl\":\"https:\/\/caid.gob.do\/transparencia\/wp-content\/uploads\/2023\/01\/CAID-LOGOS-EN-PNG_Mesa-de-trabajo-1.png\",\"width\":4500,\"height\":2220,\"caption\":\"Portal de Transparencia del CAID\"},\"image\":{\"@id\":\"https:\/\/caid.gob.do\/transparencia\/#\/schema\/logo\/image\/\"}}]}<\/script>\r\n<!-- \/ Yoast SEO plugin. -->","yoast_head_json":{"title":"Licitaciones P\u00fablicas Nacionales e Internacionales 2026 - Portal de Transparencia del CAID","robots":{"index":"index","follow":"follow","max-snippet":"max-snippet:-1","max-image-preview":"max-image-preview:large","max-video-preview":"max-video-preview:-1"},"canonical":"https:\/\/caid.gob.do\/transparencia\/portal-de-transparencia-del-caid\/compras-y-contrataciones-publicas\/licitaciones-publicas-nacionales-e-internacionales\/licitaciones-publicas-nacionales-e-internacionales-2026\/","og_locale":"es_ES","og_type":"article","og_title":"Licitaciones P\u00fablicas Nacionales e Internacionales 2026 - Portal de Transparencia del CAID","og_description":"Febrero Durante el mes de febrero de 2026 no se realiz\u00f3 ning\u00fan proceso de compra bajo esta modalidad. Enero Durante el mes de enero de 2026 no se realiz\u00f3 ning\u00fan proceso de compra bajo esta modalidad.","og_url":"https:\/\/caid.gob.do\/transparencia\/portal-de-transparencia-del-caid\/compras-y-contrataciones-publicas\/licitaciones-publicas-nacionales-e-internacionales\/licitaciones-publicas-nacionales-e-internacionales-2026\/","og_site_name":"Portal de Transparencia del CAID","article_modified_time":"2026-02-05T18:14:31+00:00","og_image":[{"url":"https:\/\/caid.gob.do\/transparencia\/wp-content\/uploads\/iconos-para-web-07.png","type":"","width":"","height":""}],"twitter_card":"summary_large_image","twitter_misc":{"Est. reading time":"1 minuto"},"schema":{"@context":"https:\/\/schema.org","@graph":[{"@type":"WebPage","@id":"https:\/\/caid.gob.do\/transparencia\/portal-de-transparencia-del-caid\/compras-y-contrataciones-publicas\/licitaciones-publicas-nacionales-e-internacionales\/licitaciones-publicas-nacionales-e-internacionales-2026\/","url":"https:\/\/caid.gob.do\/transparencia\/portal-de-transparencia-del-caid\/compras-y-contrataciones-publicas\/licitaciones-publicas-nacionales-e-internacionales\/licitaciones-publicas-nacionales-e-internacionales-2026\/","name":"Licitaciones P\u00fablicas Nacionales e Internacionales 2026 - Portal de Transparencia del CAID","isPartOf":{"@id":"https:\/\/caid.gob.do\/transparencia\/#website"},"primaryImageOfPage":{"@id":"https:\/\/caid.gob.do\/transparencia\/portal-de-transparencia-del-caid\/compras-y-contrataciones-publicas\/licitaciones-publicas-nacionales-e-internacionales\/licitaciones-publicas-nacionales-e-internacionales-2026\/#primaryimage"},"image":{"@id":"https:\/\/caid.gob.do\/transparencia\/portal-de-transparencia-del-caid\/compras-y-contrataciones-publicas\/licitaciones-publicas-nacionales-e-internacionales\/licitaciones-publicas-nacionales-e-internacionales-2026\/#primaryimage"},"thumbnailUrl":"https:\/\/caid.gob.do\/transparencia\/wp-content\/uploads\/iconos-para-web-07.png","datePublished":"2026-02-05T18:08:58+00:00","dateModified":"2026-02-05T18:14:31+00:00","breadcrumb":{"@id":"https:\/\/caid.gob.do\/transparencia\/portal-de-transparencia-del-caid\/compras-y-contrataciones-publicas\/licitaciones-publicas-nacionales-e-internacionales\/licitaciones-publicas-nacionales-e-internacionales-2026\/#breadcrumb"},"inLanguage":"es-DO","potentialAction":[{"@type":"ReadAction","target":["https:\/\/caid.gob.do\/transparencia\/portal-de-transparencia-del-caid\/compras-y-contrataciones-publicas\/licitaciones-publicas-nacionales-e-internacionales\/licitaciones-publicas-nacionales-e-internacionales-2026\/"]}]},{"@type":"ImageObject","inLanguage":"es-DO","@id":"https:\/\/caid.gob.do\/transparencia\/portal-de-transparencia-del-caid\/compras-y-contrataciones-publicas\/licitaciones-publicas-nacionales-e-internacionales\/licitaciones-publicas-nacionales-e-internacionales-2026\/#primaryimage","url":"https:\/\/caid.gob.do\/transparencia\/wp-content\/uploads\/iconos-para-web-07.png","contentUrl":"https:\/\/caid.gob.do\/transparencia\/wp-content\/uploads\/iconos-para-web-07.png","width":128,"height":128},{"@type":"BreadcrumbList","@id":"https:\/\/caid.gob.do\/transparencia\/portal-de-transparencia-del-caid\/compras-y-contrataciones-publicas\/licitaciones-publicas-nacionales-e-internacionales\/licitaciones-publicas-nacionales-e-internacionales-2026\/#breadcrumb","itemListElement":[{"@type":"ListItem","position":1,"name":"Est\u00e1s aqu\u00ed:","item":"https:\/\/caid.gob.do\/transparencia\/"},{"@type":"ListItem","position":2,"name":"Portal de transparencia del CAID","item":"https:\/\/caid.gob.do\/transparencia\/"},{"@type":"ListItem","position":3,"name":"Compras y contrataciones p\u00fablicas","item":"https:\/\/caid.gob.do\/transparencia\/portal-de-transparencia-del-caid\/compras-y-contrataciones-publicas\/"},{"@type":"ListItem","position":4,"name":"Licitaciones P\u00fablicas Nacionales e Internacionales","item":"https:\/\/caid.gob.do\/transparencia\/portal-de-transparencia-del-caid\/compras-y-contrataciones-publicas\/licitaciones-publicas-nacionales-e-internacionales\/"},{"@type":"ListItem","position":5,"name":"Licitaciones P\u00fablicas Nacionales e Internacionales 2026"}]},{"@type":"WebSite","@id":"https:\/\/caid.gob.do\/transparencia\/#website","url":"https:\/\/caid.gob.do\/transparencia\/","name":"Portal de Transparencia del CAID","description":"Transparencia del CAID","publisher":{"@id":"https:\/\/caid.gob.do\/transparencia\/#organization"},"potentialAction":[{"@type":"SearchAction","target":{"@type":"EntryPoint","urlTemplate":"https:\/\/caid.gob.do\/transparencia\/?s={search_term_string}"},"query-input":{"@type":"PropertyValueSpecification","valueRequired":true,"valueName":"search_term_string"}}],"inLanguage":"es-DO"},{"@type":"Organization","@id":"https:\/\/caid.gob.do\/transparencia\/#organization","name":"Portal de Transparencia del CAID","url":"https:\/\/caid.gob.do\/transparencia\/","logo":{"@type":"ImageObject","inLanguage":"es-DO","@id":"https:\/\/caid.gob.do\/transparencia\/#\/schema\/logo\/image\/","url":"https:\/\/caid.gob.do\/transparencia\/wp-content\/uploads\/2023\/01\/CAID-LOGOS-EN-PNG_Mesa-de-trabajo-1.png","contentUrl":"https:\/\/caid.gob.do\/transparencia\/wp-content\/uploads\/2023\/01\/CAID-LOGOS-EN-PNG_Mesa-de-trabajo-1.png","width":4500,"height":2220,"caption":"Portal de Transparencia del CAID"},"image":{"@id":"https:\/\/caid.gob.do\/transparencia\/#\/schema\/logo\/image\/"}}]}},"jetpack_sharing_enabled":true,"_links":{"self":[{"href":"https:\/\/caid.gob.do\/transparencia\/wp-json\/wp\/v2\/pages\/12551","targetHints":{"allow":["GET"]}}],"collection":[{"href":"https:\/\/caid.gob.do\/transparencia\/wp-json\/wp\/v2\/pages"}],"about":[{"href":"https:\/\/caid.gob.do\/transparencia\/wp-json\/wp\/v2\/types\/page"}],"author":[{"embeddable":true,"href":"https:\/\/caid.gob.do\/transparencia\/wp-json\/wp\/v2\/users\/6"}],"replies":[{"embeddable":true,"href":"https:\/\/caid.gob.do\/transparencia\/wp-json\/wp\/v2\/comments?post=12551"}],"version-history":[{"count":4,"href":"https:\/\/caid.gob.do\/transparencia\/wp-json\/wp\/v2\/pages\/12551\/revisions"}],"predecessor-version":[{"id":12558,"href":"https:\/\/caid.gob.do\/transparencia\/wp-json\/wp\/v2\/pages\/12551\/revisions\/12558"}],"up":[{"embeddable":true,"href":"https:\/\/caid.gob.do\/transparencia\/wp-json\/wp\/v2\/pages\/450"}],"wp:attachment":[{"href":"https:\/\/caid.gob.do\/transparencia\/wp-json\/wp\/v2\/media?parent=12551"}],"curies":[{"name":"wp","href":"https:\/\/api.w.org\/{rel}","templated":true}]}}