{"id":12679,"date":"2026-02-06T10:32:10","date_gmt":"2026-02-06T14:32:10","guid":{"rendered":"https:\/\/caid.gob.do\/transparencia\/?page_id=12679"},"modified":"2026-04-22T12:48:32","modified_gmt":"2026-04-22T16:48:32","slug":"micro-pequenas-y-medianas-empresas-2026","status":"publish","type":"page","link":"https:\/\/caid.gob.do\/transparencia\/portal-de-transparencia-del-caid\/compras-y-contrataciones-publicas\/micro-pequenas-y-medianas-empresas\/micro-pequenas-y-medianas-empresas-2026\/","title":{"rendered":"Micro, peque\u00f1as y medianas empresas 2026"},"content":{"rendered":"\t\t<div data-elementor-type=\"wp-page\" data-elementor-id=\"12679\" class=\"elementor elementor-12679\" data-elementor-post-type=\"page\">\n\t\t\t\t\t\t<section class=\"elementor-section elementor-top-section elementor-element elementor-element-bf5a6f0 elementor-section-boxed elementor-section-height-default elementor-section-height-default\" data-id=\"bf5a6f0\" data-element_type=\"section\" data-e-type=\"section\">\n\t\t\t\t\t\t<div class=\"elementor-container elementor-column-gap-no\">\n\t\t\t\t\t<div class=\"elementor-column elementor-col-100 elementor-top-column elementor-element elementor-element-48b4b22\" data-id=\"48b4b22\" data-element_type=\"column\" data-e-type=\"column\">\n\t\t\t<div class=\"elementor-widget-wrap elementor-element-populated\">\n\t\t\t\t\t\t<div class=\"elementor-element elementor-element-6d05733 elementor-widget elementor-widget-toggle\" data-id=\"6d05733\" data-element_type=\"widget\" data-e-type=\"widget\" data-widget_type=\"toggle.default\">\n\t\t\t\t<div class=\"elementor-widget-container\">\n\t\t\t\t\t\t\t<div class=\"elementor-toggle\">\n\t\t\t\t\t\t\t<div class=\"elementor-toggle-item\">\n\t\t\t\t\t<div id=\"elementor-tab-title-1141\" class=\"elementor-tab-title\" data-tab=\"1\" role=\"button\" aria-controls=\"elementor-tab-content-1141\" aria-expanded=\"false\">\n\t\t\t\t\t\t\t\t\t\t\t\t<span class=\"elementor-toggle-icon elementor-toggle-icon-left\" aria-hidden=\"true\">\n\t\t\t\t\t\t\t\t\t\t\t\t\t\t\t<span class=\"elementor-toggle-icon-closed\"><i class=\"fas fa-caret-right\"><\/i><\/span>\n\t\t\t\t\t\t\t\t<span class=\"elementor-toggle-icon-opened\"><i class=\"elementor-toggle-icon-opened fas fa-caret-up\"><\/i><\/span>\n\t\t\t\t\t\t\t\t\t\t\t\t\t<\/span>\n\t\t\t\t\t\t\t\t\t\t\t\t<a class=\"elementor-toggle-title\" tabindex=\"0\">Marzo<\/a>\n\t\t\t\t\t<\/div>\n\n\t\t\t\t\t<div id=\"elementor-tab-content-1141\" class=\"elementor-tab-content elementor-clearfix\" data-tab=\"1\" role=\"region\" aria-labelledby=\"elementor-tab-title-1141\"><div class=\"grid\"><div><img decoding=\"async\" class=\"iconpdf\" src=\"https:\/\/caid.gob.do\/transparencia\/wp-content\/uploads\/iconos-para-web-08.png\" \/><\/div><div><p>Relaci\u00f3n de Compras MIPYME marzo 2026.<\/p><p><a href=\"https:\/\/caid.gob.do\/transparencia\/wp-content\/uploads\/m-26-Relacion-de-Compras-a-MIPYMES-marzo-2026.pdf\" target=\"_blank\" rel=\"noopener\"><strong>DESCARGAR<\/strong><\/a><\/p><\/div><\/div><hr \/><div class=\"grid\"><div><img decoding=\"async\" class=\"iconpdf\" src=\"https:\/\/caid.gob.do\/transparencia\/wp-content\/uploads\/iconos-para-web-09.png\" \/><\/div><div><p>Relaci\u00f3n de Compras MIPYME marzo 2026.<\/p><p><a href=\"https:\/\/caid.gob.do\/transparencia\/wp-content\/uploads\/m-26-Relacion-Mipymes-Marzo-2026.xlsx\" target=\"_blank\" rel=\"noopener\"><strong>DESCARGAR<\/strong><\/a><\/p><\/div><\/div><\/div>\n\t\t\t\t<\/div>\n\t\t\t\t\t\t\t<div class=\"elementor-toggle-item\">\n\t\t\t\t\t<div id=\"elementor-tab-title-1142\" class=\"elementor-tab-title\" data-tab=\"2\" role=\"button\" aria-controls=\"elementor-tab-content-1142\" aria-expanded=\"false\">\n\t\t\t\t\t\t\t\t\t\t\t\t<span class=\"elementor-toggle-icon elementor-toggle-icon-left\" aria-hidden=\"true\">\n\t\t\t\t\t\t\t\t\t\t\t\t\t\t\t<span class=\"elementor-toggle-icon-closed\"><i class=\"fas fa-caret-right\"><\/i><\/span>\n\t\t\t\t\t\t\t\t<span class=\"elementor-toggle-icon-opened\"><i class=\"elementor-toggle-icon-opened fas fa-caret-up\"><\/i><\/span>\n\t\t\t\t\t\t\t\t\t\t\t\t\t<\/span>\n\t\t\t\t\t\t\t\t\t\t\t\t<a class=\"elementor-toggle-title\" tabindex=\"0\">Febrero<\/a>\n\t\t\t\t\t<\/div>\n\n\t\t\t\t\t<div id=\"elementor-tab-content-1142\" class=\"elementor-tab-content elementor-clearfix\" data-tab=\"2\" role=\"region\" aria-labelledby=\"elementor-tab-title-1142\"><div class=\"grid\"><div><img decoding=\"async\" class=\"iconpdf\" src=\"https:\/\/caid.gob.do\/transparencia\/wp-content\/uploads\/iconos-para-web-08.png\" \/><\/div><div><p>Relaci\u00f3n de Compras MIPYME febrero 2026.<\/p><p><a href=\"https:\/\/caid.gob.do\/transparencia\/wp-content\/uploads\/Compras-MIPYMES-febrero-2026.pdf\" target=\"_blank\" rel=\"noopener\"><strong>DESCARGAR<\/strong><\/a><\/p><\/div><\/div><hr \/><div class=\"grid\"><div><img decoding=\"async\" class=\"iconpdf\" src=\"https:\/\/caid.gob.do\/transparencia\/wp-content\/uploads\/iconos-para-web-09.png\" \/><\/div><div><p>Relaci\u00f3n de Compras MIPYME febrero 2026.<\/p><p><a href=\"https:\/\/caid.gob.do\/transparencia\/wp-content\/uploads\/Compras-Mipymes-Febrero-2026.xlsx\" target=\"_blank\" rel=\"noopener\"><strong>DESCARGAR<\/strong><\/a><\/p><\/div><\/div><\/div>\n\t\t\t\t<\/div>\n\t\t\t\t\t\t\t<div class=\"elementor-toggle-item\">\n\t\t\t\t\t<div id=\"elementor-tab-title-1143\" class=\"elementor-tab-title\" data-tab=\"3\" role=\"button\" aria-controls=\"elementor-tab-content-1143\" aria-expanded=\"false\">\n\t\t\t\t\t\t\t\t\t\t\t\t<span class=\"elementor-toggle-icon elementor-toggle-icon-left\" aria-hidden=\"true\">\n\t\t\t\t\t\t\t\t\t\t\t\t\t\t\t<span class=\"elementor-toggle-icon-closed\"><i class=\"fas fa-caret-right\"><\/i><\/span>\n\t\t\t\t\t\t\t\t<span class=\"elementor-toggle-icon-opened\"><i class=\"elementor-toggle-icon-opened fas fa-caret-up\"><\/i><\/span>\n\t\t\t\t\t\t\t\t\t\t\t\t\t<\/span>\n\t\t\t\t\t\t\t\t\t\t\t\t<a class=\"elementor-toggle-title\" tabindex=\"0\">Enero<\/a>\n\t\t\t\t\t<\/div>\n\n\t\t\t\t\t<div id=\"elementor-tab-content-1143\" class=\"elementor-tab-content elementor-clearfix\" data-tab=\"3\" role=\"region\" aria-labelledby=\"elementor-tab-title-1143\"><div class=\"grid\"><div><img decoding=\"async\" class=\"iconpdf\" src=\"https:\/\/caid.gob.do\/transparencia\/wp-content\/uploads\/iconos-para-web-08.png\" \/><\/div><div><p>Relaci\u00f3n de Compras MIPYME enero 2026.<\/p><p><a href=\"https:\/\/caid.gob.do\/transparencia\/wp-content\/uploads\/Ene-Relacion-de-Compras-MIPYMES-enero-2026_ocr.pdf\" target=\"_blank\" rel=\"noopener\"><strong>DESCARGAR<\/strong><\/a><\/p><\/div><\/div><hr \/><div class=\"grid\"><div><img decoding=\"async\" class=\"iconpdf\" src=\"https:\/\/caid.gob.do\/transparencia\/wp-content\/uploads\/iconos-para-web-09.png\" \/><\/div><div><p>Relaci\u00f3n de Compras MIPYME enero 2026.<\/p><p><a href=\"https:\/\/caid.gob.do\/transparencia\/wp-content\/uploads\/Compras-Mipymes-enero-2026.xlsx\" target=\"_blank\" rel=\"noopener\"><strong>DESCARGAR<\/strong><\/a><\/p><\/div><\/div><\/div>\n\t\t\t\t<\/div>\n\t\t\t\t\t\t\t\t\t\t<script type=\"application\/ld+json\">{\"@context\":\"https:\\\/\\\/schema.org\",\"@type\":\"FAQPage\",\"mainEntity\":[{\"@type\":\"Question\",\"name\":\"Marzo\",\"acceptedAnswer\":{\"@type\":\"Answer\",\"text\":\"<div class=\\\"grid\\\"><div><img class=\\\"iconpdf\\\" src=\\\"https:\\\/\\\/caid.gob.do\\\/transparencia\\\/wp-content\\\/uploads\\\/iconos-para-web-08.png\\\" \\\/><\\\/div><div><p>Relaci\\u00f3n de Compras MIPYME marzo 2026.<\\\/p><p><a href=\\\"https:\\\/\\\/caid.gob.do\\\/transparencia\\\/wp-content\\\/uploads\\\/m-26-Relacion-de-Compras-a-MIPYMES-marzo-2026.pdf\\\" target=\\\"_blank\\\" rel=\\\"noopener\\\"><strong>DESCARGAR<\\\/strong><\\\/a><\\\/p><\\\/div><\\\/div><hr \\\/><div class=\\\"grid\\\"><div><img class=\\\"iconpdf\\\" src=\\\"https:\\\/\\\/caid.gob.do\\\/transparencia\\\/wp-content\\\/uploads\\\/iconos-para-web-09.png\\\" \\\/><\\\/div><div><p>Relaci\\u00f3n de Compras MIPYME marzo 2026.<\\\/p><p><a href=\\\"https:\\\/\\\/caid.gob.do\\\/transparencia\\\/wp-content\\\/uploads\\\/m-26-Relacion-Mipymes-Marzo-2026.xlsx\\\" target=\\\"_blank\\\" rel=\\\"noopener\\\"><strong>DESCARGAR<\\\/strong><\\\/a><\\\/p><\\\/div><\\\/div>\"}},{\"@type\":\"Question\",\"name\":\"Febrero\",\"acceptedAnswer\":{\"@type\":\"Answer\",\"text\":\"<div class=\\\"grid\\\"><div><img class=\\\"iconpdf\\\" src=\\\"https:\\\/\\\/caid.gob.do\\\/transparencia\\\/wp-content\\\/uploads\\\/iconos-para-web-08.png\\\" \\\/><\\\/div><div><p>Relaci\\u00f3n de Compras MIPYME febrero 2026.<\\\/p><p><a href=\\\"https:\\\/\\\/caid.gob.do\\\/transparencia\\\/wp-content\\\/uploads\\\/Compras-MIPYMES-febrero-2026.pdf\\\" target=\\\"_blank\\\" rel=\\\"noopener\\\"><strong>DESCARGAR<\\\/strong><\\\/a><\\\/p><\\\/div><\\\/div><hr \\\/><div class=\\\"grid\\\"><div><img class=\\\"iconpdf\\\" src=\\\"https:\\\/\\\/caid.gob.do\\\/transparencia\\\/wp-content\\\/uploads\\\/iconos-para-web-09.png\\\" \\\/><\\\/div><div><p>Relaci\\u00f3n de Compras MIPYME febrero 2026.<\\\/p><p><a href=\\\"https:\\\/\\\/caid.gob.do\\\/transparencia\\\/wp-content\\\/uploads\\\/Compras-Mipymes-Febrero-2026.xlsx\\\" target=\\\"_blank\\\" rel=\\\"noopener\\\"><strong>DESCARGAR<\\\/strong><\\\/a><\\\/p><\\\/div><\\\/div>\"}},{\"@type\":\"Question\",\"name\":\"Enero\",\"acceptedAnswer\":{\"@type\":\"Answer\",\"text\":\"<div class=\\\"grid\\\"><div><img class=\\\"iconpdf\\\" src=\\\"https:\\\/\\\/caid.gob.do\\\/transparencia\\\/wp-content\\\/uploads\\\/iconos-para-web-08.png\\\" \\\/><\\\/div><div><p>Relaci\\u00f3n de Compras MIPYME enero 2026.<\\\/p><p><a href=\\\"https:\\\/\\\/caid.gob.do\\\/transparencia\\\/wp-content\\\/uploads\\\/Ene-Relacion-de-Compras-MIPYMES-enero-2026_ocr.pdf\\\" target=\\\"_blank\\\" rel=\\\"noopener\\\"><strong>DESCARGAR<\\\/strong><\\\/a><\\\/p><\\\/div><\\\/div><hr \\\/><div class=\\\"grid\\\"><div><img class=\\\"iconpdf\\\" src=\\\"https:\\\/\\\/caid.gob.do\\\/transparencia\\\/wp-content\\\/uploads\\\/iconos-para-web-09.png\\\" \\\/><\\\/div><div><p>Relaci\\u00f3n de Compras MIPYME enero 2026.<\\\/p><p><a href=\\\"https:\\\/\\\/caid.gob.do\\\/transparencia\\\/wp-content\\\/uploads\\\/Compras-Mipymes-enero-2026.xlsx\\\" target=\\\"_blank\\\" rel=\\\"noopener\\\"><strong>DESCARGAR<\\\/strong><\\\/a><\\\/p><\\\/div><\\\/div>\"}}]}<\/script>\n\t\t\t\t\t<\/div>\n\t\t\t\t\t\t<\/div>\n\t\t\t\t<\/div>\n\t\t\t\t\t<\/div>\n\t\t<\/div>\n\t\t\t\t\t<\/div>\n\t\t<\/section>\n\t\t\t\t<\/div>\n\t\t","protected":false},"excerpt":{"rendered":"<p>Marzo Relaci\u00f3n de Compras MIPYME marzo 2026. DESCARGAR Relaci\u00f3n de Compras MIPYME marzo 2026. DESCARGAR Febrero Relaci\u00f3n de Compras MIPYME febrero 2026. DESCARGAR Relaci\u00f3n de Compras MIPYME febrero 2026. DESCARGAR Enero Relaci\u00f3n de Compras MIPYME enero 2026. DESCARGAR Relaci\u00f3n de Compras MIPYME enero 2026. DESCARGAR<\/p>\n","protected":false},"author":9,"featured_media":0,"parent":429,"menu_order":0,"comment_status":"closed","ping_status":"closed","template":"","meta":{"footnotes":""},"class_list":["post-12679","page","type-page","status-publish","hentry"],"yoast_head":"<!-- This site is optimized with the Yoast SEO plugin v27.0 - https:\/\/yoast.com\/product\/yoast-seo-wordpress\/ -->\r\n<title>Micro, peque\u00f1as y medianas empresas 2026 - Portal de Transparencia del CAID<\/title>\r\n<meta name=\"robots\" content=\"index, follow, max-snippet:-1, max-image-preview:large, max-video-preview:-1\" \/>\r\n<link rel=\"canonical\" href=\"https:\/\/caid.gob.do\/transparencia\/portal-de-transparencia-del-caid\/compras-y-contrataciones-publicas\/micro-pequenas-y-medianas-empresas\/micro-pequenas-y-medianas-empresas-2026\/\" \/>\r\n<meta property=\"og:locale\" content=\"es_ES\" \/>\r\n<meta property=\"og:type\" content=\"article\" \/>\r\n<meta property=\"og:title\" content=\"Micro, peque\u00f1as y medianas empresas 2026 - Portal de Transparencia del CAID\" \/>\r\n<meta property=\"og:description\" content=\"Marzo Relaci\u00f3n de Compras MIPYME marzo 2026. DESCARGAR Relaci\u00f3n de Compras MIPYME marzo 2026. DESCARGAR Febrero Relaci\u00f3n de Compras MIPYME febrero 2026. DESCARGAR Relaci\u00f3n de Compras MIPYME febrero 2026. DESCARGAR Enero Relaci\u00f3n de Compras MIPYME enero 2026. DESCARGAR Relaci\u00f3n de Compras MIPYME enero 2026. DESCARGAR\" \/>\r\n<meta property=\"og:url\" content=\"https:\/\/caid.gob.do\/transparencia\/portal-de-transparencia-del-caid\/compras-y-contrataciones-publicas\/micro-pequenas-y-medianas-empresas\/micro-pequenas-y-medianas-empresas-2026\/\" \/>\r\n<meta property=\"og:site_name\" content=\"Portal de Transparencia del CAID\" \/>\r\n<meta property=\"article:modified_time\" content=\"2026-04-22T16:48:32+00:00\" \/>\r\n<meta property=\"og:image\" content=\"https:\/\/caid.gob.do\/transparencia\/wp-content\/uploads\/iconos-para-web-08.png\" \/>\r\n<meta name=\"twitter:card\" content=\"summary_large_image\" \/>\r\n<meta name=\"twitter:label1\" content=\"Est. reading time\" \/>\n\t<meta name=\"twitter:data1\" content=\"2 minutos\" \/>\r\n<script type=\"application\/ld+json\" class=\"yoast-schema-graph\">{\"@context\":\"https:\/\/schema.org\",\"@graph\":[{\"@type\":\"WebPage\",\"@id\":\"https:\/\/caid.gob.do\/transparencia\/portal-de-transparencia-del-caid\/compras-y-contrataciones-publicas\/micro-pequenas-y-medianas-empresas\/micro-pequenas-y-medianas-empresas-2026\/\",\"url\":\"https:\/\/caid.gob.do\/transparencia\/portal-de-transparencia-del-caid\/compras-y-contrataciones-publicas\/micro-pequenas-y-medianas-empresas\/micro-pequenas-y-medianas-empresas-2026\/\",\"name\":\"Micro, peque\u00f1as y medianas empresas 2026 - Portal de Transparencia del CAID\",\"isPartOf\":{\"@id\":\"https:\/\/caid.gob.do\/transparencia\/#website\"},\"primaryImageOfPage\":{\"@id\":\"https:\/\/caid.gob.do\/transparencia\/portal-de-transparencia-del-caid\/compras-y-contrataciones-publicas\/micro-pequenas-y-medianas-empresas\/micro-pequenas-y-medianas-empresas-2026\/#primaryimage\"},\"image\":{\"@id\":\"https:\/\/caid.gob.do\/transparencia\/portal-de-transparencia-del-caid\/compras-y-contrataciones-publicas\/micro-pequenas-y-medianas-empresas\/micro-pequenas-y-medianas-empresas-2026\/#primaryimage\"},\"thumbnailUrl\":\"https:\/\/caid.gob.do\/transparencia\/wp-content\/uploads\/iconos-para-web-08.png\",\"datePublished\":\"2026-02-06T14:32:10+00:00\",\"dateModified\":\"2026-04-22T16:48:32+00:00\",\"breadcrumb\":{\"@id\":\"https:\/\/caid.gob.do\/transparencia\/portal-de-transparencia-del-caid\/compras-y-contrataciones-publicas\/micro-pequenas-y-medianas-empresas\/micro-pequenas-y-medianas-empresas-2026\/#breadcrumb\"},\"inLanguage\":\"es-DO\",\"potentialAction\":[{\"@type\":\"ReadAction\",\"target\":[\"https:\/\/caid.gob.do\/transparencia\/portal-de-transparencia-del-caid\/compras-y-contrataciones-publicas\/micro-pequenas-y-medianas-empresas\/micro-pequenas-y-medianas-empresas-2026\/\"]}]},{\"@type\":\"ImageObject\",\"inLanguage\":\"es-DO\",\"@id\":\"https:\/\/caid.gob.do\/transparencia\/portal-de-transparencia-del-caid\/compras-y-contrataciones-publicas\/micro-pequenas-y-medianas-empresas\/micro-pequenas-y-medianas-empresas-2026\/#primaryimage\",\"url\":\"https:\/\/caid.gob.do\/transparencia\/wp-content\/uploads\/iconos-para-web-08.png\",\"contentUrl\":\"https:\/\/caid.gob.do\/transparencia\/wp-content\/uploads\/iconos-para-web-08.png\",\"width\":128,\"height\":128},{\"@type\":\"BreadcrumbList\",\"@id\":\"https:\/\/caid.gob.do\/transparencia\/portal-de-transparencia-del-caid\/compras-y-contrataciones-publicas\/micro-pequenas-y-medianas-empresas\/micro-pequenas-y-medianas-empresas-2026\/#breadcrumb\",\"itemListElement\":[{\"@type\":\"ListItem\",\"position\":1,\"name\":\"Est\u00e1s aqu\u00ed:\",\"item\":\"https:\/\/caid.gob.do\/transparencia\/\"},{\"@type\":\"ListItem\",\"position\":2,\"name\":\"Portal de transparencia del CAID\",\"item\":\"https:\/\/caid.gob.do\/transparencia\/\"},{\"@type\":\"ListItem\",\"position\":3,\"name\":\"Compras y contrataciones p\u00fablicas\",\"item\":\"https:\/\/caid.gob.do\/transparencia\/portal-de-transparencia-del-caid\/compras-y-contrataciones-publicas\/\"},{\"@type\":\"ListItem\",\"position\":4,\"name\":\"Micro, peque\u00f1as y medianas empresas\",\"item\":\"https:\/\/caid.gob.do\/transparencia\/portal-de-transparencia-del-caid\/compras-y-contrataciones-publicas\/micro-pequenas-y-medianas-empresas\/\"},{\"@type\":\"ListItem\",\"position\":5,\"name\":\"Micro, peque\u00f1as y medianas empresas 2026\"}]},{\"@type\":\"WebSite\",\"@id\":\"https:\/\/caid.gob.do\/transparencia\/#website\",\"url\":\"https:\/\/caid.gob.do\/transparencia\/\",\"name\":\"Portal de Transparencia del CAID\",\"description\":\"Transparencia del CAID\",\"publisher\":{\"@id\":\"https:\/\/caid.gob.do\/transparencia\/#organization\"},\"potentialAction\":[{\"@type\":\"SearchAction\",\"target\":{\"@type\":\"EntryPoint\",\"urlTemplate\":\"https:\/\/caid.gob.do\/transparencia\/?s={search_term_string}\"},\"query-input\":{\"@type\":\"PropertyValueSpecification\",\"valueRequired\":true,\"valueName\":\"search_term_string\"}}],\"inLanguage\":\"es-DO\"},{\"@type\":\"Organization\",\"@id\":\"https:\/\/caid.gob.do\/transparencia\/#organization\",\"name\":\"Portal de Transparencia del CAID\",\"url\":\"https:\/\/caid.gob.do\/transparencia\/\",\"logo\":{\"@type\":\"ImageObject\",\"inLanguage\":\"es-DO\",\"@id\":\"https:\/\/caid.gob.do\/transparencia\/#\/schema\/logo\/image\/\",\"url\":\"https:\/\/caid.gob.do\/transparencia\/wp-content\/uploads\/2023\/01\/CAID-LOGOS-EN-PNG_Mesa-de-trabajo-1.png\",\"contentUrl\":\"https:\/\/caid.gob.do\/transparencia\/wp-content\/uploads\/2023\/01\/CAID-LOGOS-EN-PNG_Mesa-de-trabajo-1.png\",\"width\":4500,\"height\":2220,\"caption\":\"Portal de Transparencia del CAID\"},\"image\":{\"@id\":\"https:\/\/caid.gob.do\/transparencia\/#\/schema\/logo\/image\/\"}}]}<\/script>\r\n<!-- \/ Yoast SEO plugin. -->","yoast_head_json":{"title":"Micro, peque\u00f1as y medianas empresas 2026 - Portal de Transparencia del CAID","robots":{"index":"index","follow":"follow","max-snippet":"max-snippet:-1","max-image-preview":"max-image-preview:large","max-video-preview":"max-video-preview:-1"},"canonical":"https:\/\/caid.gob.do\/transparencia\/portal-de-transparencia-del-caid\/compras-y-contrataciones-publicas\/micro-pequenas-y-medianas-empresas\/micro-pequenas-y-medianas-empresas-2026\/","og_locale":"es_ES","og_type":"article","og_title":"Micro, peque\u00f1as y medianas empresas 2026 - Portal de Transparencia del CAID","og_description":"Marzo Relaci\u00f3n de Compras MIPYME marzo 2026. DESCARGAR Relaci\u00f3n de Compras MIPYME marzo 2026. DESCARGAR Febrero Relaci\u00f3n de Compras MIPYME febrero 2026. DESCARGAR Relaci\u00f3n de Compras MIPYME febrero 2026. DESCARGAR Enero Relaci\u00f3n de Compras MIPYME enero 2026. DESCARGAR Relaci\u00f3n de Compras MIPYME enero 2026. DESCARGAR","og_url":"https:\/\/caid.gob.do\/transparencia\/portal-de-transparencia-del-caid\/compras-y-contrataciones-publicas\/micro-pequenas-y-medianas-empresas\/micro-pequenas-y-medianas-empresas-2026\/","og_site_name":"Portal de Transparencia del CAID","article_modified_time":"2026-04-22T16:48:32+00:00","og_image":[{"url":"https:\/\/caid.gob.do\/transparencia\/wp-content\/uploads\/iconos-para-web-08.png","type":"","width":"","height":""}],"twitter_card":"summary_large_image","twitter_misc":{"Est. reading time":"2 minutos"},"schema":{"@context":"https:\/\/schema.org","@graph":[{"@type":"WebPage","@id":"https:\/\/caid.gob.do\/transparencia\/portal-de-transparencia-del-caid\/compras-y-contrataciones-publicas\/micro-pequenas-y-medianas-empresas\/micro-pequenas-y-medianas-empresas-2026\/","url":"https:\/\/caid.gob.do\/transparencia\/portal-de-transparencia-del-caid\/compras-y-contrataciones-publicas\/micro-pequenas-y-medianas-empresas\/micro-pequenas-y-medianas-empresas-2026\/","name":"Micro, peque\u00f1as y medianas empresas 2026 - Portal de Transparencia del CAID","isPartOf":{"@id":"https:\/\/caid.gob.do\/transparencia\/#website"},"primaryImageOfPage":{"@id":"https:\/\/caid.gob.do\/transparencia\/portal-de-transparencia-del-caid\/compras-y-contrataciones-publicas\/micro-pequenas-y-medianas-empresas\/micro-pequenas-y-medianas-empresas-2026\/#primaryimage"},"image":{"@id":"https:\/\/caid.gob.do\/transparencia\/portal-de-transparencia-del-caid\/compras-y-contrataciones-publicas\/micro-pequenas-y-medianas-empresas\/micro-pequenas-y-medianas-empresas-2026\/#primaryimage"},"thumbnailUrl":"https:\/\/caid.gob.do\/transparencia\/wp-content\/uploads\/iconos-para-web-08.png","datePublished":"2026-02-06T14:32:10+00:00","dateModified":"2026-04-22T16:48:32+00:00","breadcrumb":{"@id":"https:\/\/caid.gob.do\/transparencia\/portal-de-transparencia-del-caid\/compras-y-contrataciones-publicas\/micro-pequenas-y-medianas-empresas\/micro-pequenas-y-medianas-empresas-2026\/#breadcrumb"},"inLanguage":"es-DO","potentialAction":[{"@type":"ReadAction","target":["https:\/\/caid.gob.do\/transparencia\/portal-de-transparencia-del-caid\/compras-y-contrataciones-publicas\/micro-pequenas-y-medianas-empresas\/micro-pequenas-y-medianas-empresas-2026\/"]}]},{"@type":"ImageObject","inLanguage":"es-DO","@id":"https:\/\/caid.gob.do\/transparencia\/portal-de-transparencia-del-caid\/compras-y-contrataciones-publicas\/micro-pequenas-y-medianas-empresas\/micro-pequenas-y-medianas-empresas-2026\/#primaryimage","url":"https:\/\/caid.gob.do\/transparencia\/wp-content\/uploads\/iconos-para-web-08.png","contentUrl":"https:\/\/caid.gob.do\/transparencia\/wp-content\/uploads\/iconos-para-web-08.png","width":128,"height":128},{"@type":"BreadcrumbList","@id":"https:\/\/caid.gob.do\/transparencia\/portal-de-transparencia-del-caid\/compras-y-contrataciones-publicas\/micro-pequenas-y-medianas-empresas\/micro-pequenas-y-medianas-empresas-2026\/#breadcrumb","itemListElement":[{"@type":"ListItem","position":1,"name":"Est\u00e1s aqu\u00ed:","item":"https:\/\/caid.gob.do\/transparencia\/"},{"@type":"ListItem","position":2,"name":"Portal de transparencia del CAID","item":"https:\/\/caid.gob.do\/transparencia\/"},{"@type":"ListItem","position":3,"name":"Compras y contrataciones p\u00fablicas","item":"https:\/\/caid.gob.do\/transparencia\/portal-de-transparencia-del-caid\/compras-y-contrataciones-publicas\/"},{"@type":"ListItem","position":4,"name":"Micro, peque\u00f1as y medianas empresas","item":"https:\/\/caid.gob.do\/transparencia\/portal-de-transparencia-del-caid\/compras-y-contrataciones-publicas\/micro-pequenas-y-medianas-empresas\/"},{"@type":"ListItem","position":5,"name":"Micro, peque\u00f1as y medianas empresas 2026"}]},{"@type":"WebSite","@id":"https:\/\/caid.gob.do\/transparencia\/#website","url":"https:\/\/caid.gob.do\/transparencia\/","name":"Portal de Transparencia del CAID","description":"Transparencia del CAID","publisher":{"@id":"https:\/\/caid.gob.do\/transparencia\/#organization"},"potentialAction":[{"@type":"SearchAction","target":{"@type":"EntryPoint","urlTemplate":"https:\/\/caid.gob.do\/transparencia\/?s={search_term_string}"},"query-input":{"@type":"PropertyValueSpecification","valueRequired":true,"valueName":"search_term_string"}}],"inLanguage":"es-DO"},{"@type":"Organization","@id":"https:\/\/caid.gob.do\/transparencia\/#organization","name":"Portal de Transparencia del CAID","url":"https:\/\/caid.gob.do\/transparencia\/","logo":{"@type":"ImageObject","inLanguage":"es-DO","@id":"https:\/\/caid.gob.do\/transparencia\/#\/schema\/logo\/image\/","url":"https:\/\/caid.gob.do\/transparencia\/wp-content\/uploads\/2023\/01\/CAID-LOGOS-EN-PNG_Mesa-de-trabajo-1.png","contentUrl":"https:\/\/caid.gob.do\/transparencia\/wp-content\/uploads\/2023\/01\/CAID-LOGOS-EN-PNG_Mesa-de-trabajo-1.png","width":4500,"height":2220,"caption":"Portal de Transparencia del CAID"},"image":{"@id":"https:\/\/caid.gob.do\/transparencia\/#\/schema\/logo\/image\/"}}]}},"jetpack_sharing_enabled":true,"_links":{"self":[{"href":"https:\/\/caid.gob.do\/transparencia\/wp-json\/wp\/v2\/pages\/12679","targetHints":{"allow":["GET"]}}],"collection":[{"href":"https:\/\/caid.gob.do\/transparencia\/wp-json\/wp\/v2\/pages"}],"about":[{"href":"https:\/\/caid.gob.do\/transparencia\/wp-json\/wp\/v2\/types\/page"}],"author":[{"embeddable":true,"href":"https:\/\/caid.gob.do\/transparencia\/wp-json\/wp\/v2\/users\/9"}],"replies":[{"embeddable":true,"href":"https:\/\/caid.gob.do\/transparencia\/wp-json\/wp\/v2\/comments?post=12679"}],"version-history":[{"count":16,"href":"https:\/\/caid.gob.do\/transparencia\/wp-json\/wp\/v2\/pages\/12679\/revisions"}],"predecessor-version":[{"id":13554,"href":"https:\/\/caid.gob.do\/transparencia\/wp-json\/wp\/v2\/pages\/12679\/revisions\/13554"}],"up":[{"embeddable":true,"href":"https:\/\/caid.gob.do\/transparencia\/wp-json\/wp\/v2\/pages\/429"}],"wp:attachment":[{"href":"https:\/\/caid.gob.do\/transparencia\/wp-json\/wp\/v2\/media?parent=12679"}],"curies":[{"name":"wp","href":"https:\/\/api.w.org\/{rel}","templated":true}]}}