{"id":12898,"date":"2026-02-20T10:04:25","date_gmt":"2026-02-20T14:04:25","guid":{"rendered":"https:\/\/caid.gob.do\/transparencia\/?page_id=12898"},"modified":"2026-03-25T13:49:40","modified_gmt":"2026-03-25T17:49:40","slug":"ejecucion-del-presupuesto-del-ano-2026","status":"publish","type":"page","link":"https:\/\/caid.gob.do\/transparencia\/portal-de-transparencia-del-caid\/presupuesto\/ejecucion-presupuestaria\/ejecucion-del-presupuesto-del-ano-2026\/","title":{"rendered":"Ejecuci\u00f3n del presupuesto del a\u00f1o 2026"},"content":{"rendered":"\t\t<div data-elementor-type=\"wp-page\" data-elementor-id=\"12898\" class=\"elementor elementor-12898\" data-elementor-post-type=\"page\">\n\t\t\t\t<div class=\"elementor-element elementor-element-277ebb5 e-flex e-con-boxed e-con e-parent\" data-id=\"277ebb5\" data-element_type=\"container\" data-e-type=\"container\">\n\t\t\t\t\t<div class=\"e-con-inner\">\n\t\t<div class=\"elementor-element elementor-element-ae332c3 sink e-con-full e-flex e-con e-child\" data-id=\"ae332c3\" data-element_type=\"container\" data-e-type=\"container\">\n\t\t\t\t<div class=\"elementor-element elementor-element-5cfcf5a elementor-widget__width-initial elementor-widget elementor-widget-image\" data-id=\"5cfcf5a\" data-element_type=\"widget\" data-e-type=\"widget\" data-widget_type=\"image.default\">\n\t\t\t\t<div class=\"elementor-widget-container\">\n\t\t\t\t\t\t\t\t\t\t\t\t\t\t\t\t<a href=\"https:\/\/caid.gob.do\/transparencia\/portal-de-transparencia-del-caid\/presupuesto\/ejecucion-presupuestaria\/ejecucion-del-presupuesto-del-ano-2025\/informes-fisicos-financieros-2025\/informes-fisicos-trimestrales-2025\/\">\n\t\t\t\t\t\t\t<img decoding=\"async\" width=\"128\" height=\"128\" src=\"https:\/\/caid.gob.do\/transparencia\/wp-content\/uploads\/iconos-para-web-07.png\" class=\"attachment-large size-large wp-image-4148\" alt=\"\" \/>\t\t\t\t\t\t\t\t<\/a>\n\t\t\t\t\t\t\t\t\t\t\t\t\t\t\t<\/div>\n\t\t\t\t<\/div>\n\t\t\t\t<div class=\"elementor-element elementor-element-bc868a9 elementor-widget elementor-widget-heading\" data-id=\"bc868a9\" data-element_type=\"widget\" data-e-type=\"widget\" data-widget_type=\"heading.default\">\n\t\t\t\t<div class=\"elementor-widget-container\">\n\t\t\t\t\t<h2 class=\"elementor-heading-title elementor-size-default\"><a href=\"https:\/\/caid.gob.do\/transparencia\/portal-de-transparencia-del-caid\/presupuesto\/ejecucion-presupuestaria\/ejecucion-del-presupuesto-del-ano-2025\/informes-fisicos-financieros-2026\/\">Informes f\u00edsicos financieros 2026<\/a><\/h2>\t\t\t\t<\/div>\n\t\t\t\t<\/div>\n\t\t\t\t<\/div>\n\t\t\t\t<div class=\"elementor-element elementor-element-78e61b3 elementor-widget-divider--view-line elementor-widget elementor-widget-divider\" data-id=\"78e61b3\" data-element_type=\"widget\" data-e-type=\"widget\" data-widget_type=\"divider.default\">\n\t\t\t\t<div class=\"elementor-widget-container\">\n\t\t\t\t\t\t\t<div class=\"elementor-divider\">\n\t\t\t<span class=\"elementor-divider-separator\">\n\t\t\t\t\t\t<\/span>\n\t\t<\/div>\n\t\t\t\t\t\t<\/div>\n\t\t\t\t<\/div>\n\t\t\t\t<div class=\"elementor-element elementor-element-fc72ae7 elementor-widget elementor-widget-toggle\" data-id=\"fc72ae7\" data-element_type=\"widget\" data-e-type=\"widget\" data-widget_type=\"toggle.default\">\n\t\t\t\t<div class=\"elementor-widget-container\">\n\t\t\t\t\t\t\t<div class=\"elementor-toggle\">\n\t\t\t\t\t\t\t<div class=\"elementor-toggle-item\">\n\t\t\t\t\t<div id=\"elementor-tab-title-2641\" class=\"elementor-tab-title\" data-tab=\"1\" role=\"button\" aria-controls=\"elementor-tab-content-2641\" aria-expanded=\"false\">\n\t\t\t\t\t\t\t\t\t\t\t\t<span class=\"elementor-toggle-icon elementor-toggle-icon-left\" aria-hidden=\"true\">\n\t\t\t\t\t\t\t\t\t\t\t\t\t\t\t<span class=\"elementor-toggle-icon-closed\"><i class=\"fas fa-caret-right\"><\/i><\/span>\n\t\t\t\t\t\t\t\t<span class=\"elementor-toggle-icon-opened\"><i class=\"elementor-toggle-icon-opened fas fa-caret-up\"><\/i><\/span>\n\t\t\t\t\t\t\t\t\t\t\t\t\t<\/span>\n\t\t\t\t\t\t\t\t\t\t\t\t<a class=\"elementor-toggle-title\" tabindex=\"0\">Consolidado de informes f\u00edsicos financieros 2026<\/a>\n\t\t\t\t\t<\/div>\n\n\t\t\t\t\t<div id=\"elementor-tab-content-2641\" class=\"elementor-tab-content elementor-clearfix\" data-tab=\"1\" role=\"region\" aria-labelledby=\"elementor-tab-title-2641\"><div class=\"grid\"><div><img decoding=\"async\" class=\"iconpdf\" src=\"https:\/\/caid.gob.do\/transparencia\/wp-content\/uploads\/iconos-para-web-08.png\" \/><\/div><div><p>Programaci\u00f3n indicativa anual metas f\u00edsicas financieras 2026.<\/p><p><a href=\"https:\/\/caid.gob.do\/transparencia\/wp-content\/uploads\/Programacion-Indicativa-Anual-de-las-Metas-Fisica-Finacieras-CAID-2026_ocr.pdf\" target=\"_blank\" rel=\"noopener\"><strong>DESCARGAR<\/strong><\/a><\/p><\/div><\/div><hr \/><div class=\"grid\"><div><img decoding=\"async\" class=\"iconpdf\" src=\"https:\/\/caid.gob.do\/transparencia\/wp-content\/uploads\/iconos-para-web-09.png\" \/><\/div><div><p>Programaci\u00f3n indicativa anual metas f\u00edsicas financieras 2026.<\/p><p><a href=\"https:\/\/caid.gob.do\/transparencia\/wp-content\/uploads\/Programacion-indicativa-anual-metas-fisicas-financieras-2026.xlsx\" target=\"_blank\" rel=\"noopener\"><strong>DESCARGAR<\/strong><\/a><\/p><\/div><\/div><\/div>\n\t\t\t\t<\/div>\n\t\t\t\t\t\t\t<div class=\"elementor-toggle-item\">\n\t\t\t\t\t<div id=\"elementor-tab-title-2642\" class=\"elementor-tab-title\" data-tab=\"2\" role=\"button\" aria-controls=\"elementor-tab-content-2642\" aria-expanded=\"false\">\n\t\t\t\t\t\t\t\t\t\t\t\t<span class=\"elementor-toggle-icon elementor-toggle-icon-left\" aria-hidden=\"true\">\n\t\t\t\t\t\t\t\t\t\t\t\t\t\t\t<span class=\"elementor-toggle-icon-closed\"><i class=\"fas fa-caret-right\"><\/i><\/span>\n\t\t\t\t\t\t\t\t<span class=\"elementor-toggle-icon-opened\"><i class=\"elementor-toggle-icon-opened fas fa-caret-up\"><\/i><\/span>\n\t\t\t\t\t\t\t\t\t\t\t\t\t<\/span>\n\t\t\t\t\t\t\t\t\t\t\t\t<a class=\"elementor-toggle-title\" tabindex=\"0\">Febrero<\/a>\n\t\t\t\t\t<\/div>\n\n\t\t\t\t\t<div id=\"elementor-tab-content-2642\" class=\"elementor-tab-content elementor-clearfix\" data-tab=\"2\" role=\"region\" aria-labelledby=\"elementor-tab-title-2642\"><div class=\"grid\"><div><img decoding=\"async\" class=\"iconpdf\" src=\"https:\/\/caid.gob.do\/transparencia\/wp-content\/uploads\/iconos-para-web-08.png\" \/><\/div><div><p>Ejecuci\u00f3n presupuestaria febrero 2026 SIGEF<\/p><p><a href=\"https:\/\/caid.gob.do\/transparencia\/wp-content\/uploads\/Ejecucion-Febrero-2026-Sigef_ocred.pdf\" target=\"_blank\" rel=\"noopener\"><strong>DESCARGAR<\/strong><\/a><\/p><\/div><\/div><hr \/><div class=\"grid\"><div><img decoding=\"async\" class=\"iconpdf\" src=\"https:\/\/caid.gob.do\/transparencia\/wp-content\/uploads\/iconos-para-web-08.png\" \/><\/div><div><p>Ejecuci\u00f3n presupuestaria febrero 2026<\/p><p><a href=\"https:\/\/caid.gob.do\/transparencia\/wp-content\/uploads\/Ejecucion-Presupuestaria-Febrero-2026_ocred.pdf\" target=\"_blank\" rel=\"noopener\"><strong>DESCARGAR<\/strong><\/a><\/p><\/div><\/div><hr \/><div class=\"grid\"><div><img decoding=\"async\" class=\"iconpdf\" src=\"https:\/\/caid.gob.do\/transparencia\/wp-content\/uploads\/iconos-para-web-09.png\" \/><\/div><div><p>Ejecuci\u00f3n presupuestaria febrero 2026<\/p><p><a href=\"https:\/\/caid.gob.do\/transparencia\/wp-content\/uploads\/Ejecucion-Presupuestaria-Febrero-2026-1.xlsx\" target=\"_blank\" rel=\"noopener\"><strong>DESCARGAR<\/strong><\/a><\/p><\/div><\/div><\/div>\n\t\t\t\t<\/div>\n\t\t\t\t\t\t\t<div class=\"elementor-toggle-item\">\n\t\t\t\t\t<div id=\"elementor-tab-title-2643\" class=\"elementor-tab-title\" data-tab=\"3\" role=\"button\" aria-controls=\"elementor-tab-content-2643\" aria-expanded=\"false\">\n\t\t\t\t\t\t\t\t\t\t\t\t<span class=\"elementor-toggle-icon elementor-toggle-icon-left\" aria-hidden=\"true\">\n\t\t\t\t\t\t\t\t\t\t\t\t\t\t\t<span class=\"elementor-toggle-icon-closed\"><i class=\"fas fa-caret-right\"><\/i><\/span>\n\t\t\t\t\t\t\t\t<span class=\"elementor-toggle-icon-opened\"><i class=\"elementor-toggle-icon-opened fas fa-caret-up\"><\/i><\/span>\n\t\t\t\t\t\t\t\t\t\t\t\t\t<\/span>\n\t\t\t\t\t\t\t\t\t\t\t\t<a class=\"elementor-toggle-title\" tabindex=\"0\">Enero<\/a>\n\t\t\t\t\t<\/div>\n\n\t\t\t\t\t<div id=\"elementor-tab-content-2643\" class=\"elementor-tab-content elementor-clearfix\" data-tab=\"3\" role=\"region\" aria-labelledby=\"elementor-tab-title-2643\"><div class=\"grid\">\n<div><img decoding=\"async\" class=\"iconpdf\" src=\"https:\/\/caid.gob.do\/transparencia\/wp-content\/uploads\/iconos-para-web-08.png\" \/><\/div>\n<div>\n\nEjecuci\u00f3n presupuestaria enero 2026 SIGEF\n\n<a href=\"https:\/\/caid.gob.do\/transparencia\/wp-content\/uploads\/Ejecucion-enero-2026-Sigef_ocr.pdf\" target=\"_blank\" rel=\"noopener\"><strong>DESCARGAR<\/strong><\/a>\n\n<\/div>\n<\/div>\n\n<hr \/>\n\n<div class=\"grid\">\n<div><img decoding=\"async\" class=\"iconpdf\" src=\"https:\/\/caid.gob.do\/transparencia\/wp-content\/uploads\/iconos-para-web-08.png\" \/><\/div>\n<div>\n\nEjecuci\u00f3n presupuestaria enero 2026\n\n<a href=\"https:\/\/caid.gob.do\/transparencia\/wp-content\/uploads\/Ejecucion-Presupuestaria-Enero-2026_0001_ocr.pdf\" target=\"_blank\" rel=\"noopener\"><strong>DESCARGAR<\/strong><\/a>\n\n<\/div>\n<\/div>\n\n<hr \/>\n\n<div class=\"grid\">\n<div><img decoding=\"async\" class=\"iconpdf\" src=\"https:\/\/caid.gob.do\/transparencia\/wp-content\/uploads\/iconos-para-web-09.png\" \/><\/div>\n<div>\n\nEjecuci\u00f3n presupuestaria enero 2026\n\n<a href=\"https:\/\/caid.gob.do\/transparencia\/wp-content\/uploads\/Ejecucion-Presupuestaria-Enero-2026.xlsx\" target=\"_blank\" rel=\"noopener\"><strong>DESCARGAR<\/strong><\/a>\n\n<\/div>\n<\/div><\/div>\n\t\t\t\t<\/div>\n\t\t\t\t\t\t\t\t<\/div>\n\t\t\t\t\t\t<\/div>\n\t\t\t\t<\/div>\n\t\t\t\t\t<\/div>\n\t\t\t\t<\/div>\n\t\t\t\t<\/div>\n\t\t","protected":false},"excerpt":{"rendered":"<p>Informes f\u00edsicos financieros 2026 Consolidado de informes f\u00edsicos financieros 2026 Programaci\u00f3n indicativa anual metas f\u00edsicas financieras 2026. DESCARGAR Programaci\u00f3n indicativa anual metas f\u00edsicas financieras 2026. DESCARGAR Febrero Ejecuci\u00f3n presupuestaria febrero 2026 SIGEF DESCARGAR Ejecuci\u00f3n presupuestaria febrero 2026 DESCARGAR Ejecuci\u00f3n presupuestaria febrero 2026 DESCARGAR Enero Ejecuci\u00f3n presupuestaria enero 2026 SIGEF DESCARGAR Ejecuci\u00f3n presupuestaria enero 2026 DESCARGAR [&hellip;]<\/p>\n","protected":false},"author":9,"featured_media":0,"parent":534,"menu_order":0,"comment_status":"closed","ping_status":"closed","template":"","meta":{"footnotes":""},"class_list":["post-12898","page","type-page","status-publish","hentry"],"yoast_head":"<!-- This site is optimized with the Yoast SEO plugin v27.0 - https:\/\/yoast.com\/product\/yoast-seo-wordpress\/ -->\r\n<title>Ejecuci\u00f3n del presupuesto del a\u00f1o 2026 - Portal de Transparencia del CAID<\/title>\r\n<meta name=\"robots\" content=\"index, follow, max-snippet:-1, max-image-preview:large, max-video-preview:-1\" \/>\r\n<link rel=\"canonical\" href=\"https:\/\/caid.gob.do\/transparencia\/portal-de-transparencia-del-caid\/presupuesto\/ejecucion-presupuestaria\/ejecucion-del-presupuesto-del-ano-2026\/\" \/>\r\n<meta property=\"og:locale\" content=\"es_ES\" \/>\r\n<meta property=\"og:type\" content=\"article\" \/>\r\n<meta property=\"og:title\" content=\"Ejecuci\u00f3n del presupuesto del a\u00f1o 2026 - Portal de Transparencia del CAID\" \/>\r\n<meta property=\"og:description\" content=\"Informes f\u00edsicos financieros 2026 Consolidado de informes f\u00edsicos financieros 2026 Programaci\u00f3n indicativa anual metas f\u00edsicas financieras 2026. DESCARGAR Programaci\u00f3n indicativa anual metas f\u00edsicas financieras 2026. DESCARGAR Febrero Ejecuci\u00f3n presupuestaria febrero 2026 SIGEF DESCARGAR Ejecuci\u00f3n presupuestaria febrero 2026 DESCARGAR Ejecuci\u00f3n presupuestaria febrero 2026 DESCARGAR Enero Ejecuci\u00f3n presupuestaria enero 2026 SIGEF DESCARGAR Ejecuci\u00f3n presupuestaria enero 2026 DESCARGAR [&hellip;]\" \/>\r\n<meta property=\"og:url\" content=\"https:\/\/caid.gob.do\/transparencia\/portal-de-transparencia-del-caid\/presupuesto\/ejecucion-presupuestaria\/ejecucion-del-presupuesto-del-ano-2026\/\" \/>\r\n<meta property=\"og:site_name\" content=\"Portal de Transparencia del CAID\" \/>\r\n<meta property=\"article:modified_time\" content=\"2026-03-25T17:49:40+00:00\" \/>\r\n<meta property=\"og:image\" content=\"https:\/\/caid.gob.do\/transparencia\/wp-content\/uploads\/iconos-para-web-07.png\" \/>\r\n\t<meta property=\"og:image:width\" content=\"128\" \/>\r\n\t<meta property=\"og:image:height\" content=\"128\" \/>\r\n\t<meta property=\"og:image:type\" content=\"image\/png\" \/>\r\n<meta name=\"twitter:card\" content=\"summary_large_image\" \/>\r\n<meta name=\"twitter:label1\" content=\"Est. reading time\" \/>\n\t<meta name=\"twitter:data1\" content=\"3 minutos\" \/>\r\n<script type=\"application\/ld+json\" class=\"yoast-schema-graph\">{\"@context\":\"https:\/\/schema.org\",\"@graph\":[{\"@type\":\"WebPage\",\"@id\":\"https:\/\/caid.gob.do\/transparencia\/portal-de-transparencia-del-caid\/presupuesto\/ejecucion-presupuestaria\/ejecucion-del-presupuesto-del-ano-2026\/\",\"url\":\"https:\/\/caid.gob.do\/transparencia\/portal-de-transparencia-del-caid\/presupuesto\/ejecucion-presupuestaria\/ejecucion-del-presupuesto-del-ano-2026\/\",\"name\":\"Ejecuci\u00f3n del presupuesto del a\u00f1o 2026 - Portal de Transparencia del CAID\",\"isPartOf\":{\"@id\":\"https:\/\/caid.gob.do\/transparencia\/#website\"},\"primaryImageOfPage\":{\"@id\":\"https:\/\/caid.gob.do\/transparencia\/portal-de-transparencia-del-caid\/presupuesto\/ejecucion-presupuestaria\/ejecucion-del-presupuesto-del-ano-2026\/#primaryimage\"},\"image\":{\"@id\":\"https:\/\/caid.gob.do\/transparencia\/portal-de-transparencia-del-caid\/presupuesto\/ejecucion-presupuestaria\/ejecucion-del-presupuesto-del-ano-2026\/#primaryimage\"},\"thumbnailUrl\":\"https:\/\/caid.gob.do\/transparencia\/wp-content\/uploads\/iconos-para-web-07.png\",\"datePublished\":\"2026-02-20T14:04:25+00:00\",\"dateModified\":\"2026-03-25T17:49:40+00:00\",\"breadcrumb\":{\"@id\":\"https:\/\/caid.gob.do\/transparencia\/portal-de-transparencia-del-caid\/presupuesto\/ejecucion-presupuestaria\/ejecucion-del-presupuesto-del-ano-2026\/#breadcrumb\"},\"inLanguage\":\"es-DO\",\"potentialAction\":[{\"@type\":\"ReadAction\",\"target\":[\"https:\/\/caid.gob.do\/transparencia\/portal-de-transparencia-del-caid\/presupuesto\/ejecucion-presupuestaria\/ejecucion-del-presupuesto-del-ano-2026\/\"]}]},{\"@type\":\"ImageObject\",\"inLanguage\":\"es-DO\",\"@id\":\"https:\/\/caid.gob.do\/transparencia\/portal-de-transparencia-del-caid\/presupuesto\/ejecucion-presupuestaria\/ejecucion-del-presupuesto-del-ano-2026\/#primaryimage\",\"url\":\"https:\/\/caid.gob.do\/transparencia\/wp-content\/uploads\/iconos-para-web-07.png\",\"contentUrl\":\"https:\/\/caid.gob.do\/transparencia\/wp-content\/uploads\/iconos-para-web-07.png\",\"width\":128,\"height\":128},{\"@type\":\"BreadcrumbList\",\"@id\":\"https:\/\/caid.gob.do\/transparencia\/portal-de-transparencia-del-caid\/presupuesto\/ejecucion-presupuestaria\/ejecucion-del-presupuesto-del-ano-2026\/#breadcrumb\",\"itemListElement\":[{\"@type\":\"ListItem\",\"position\":1,\"name\":\"Est\u00e1s aqu\u00ed:\",\"item\":\"https:\/\/caid.gob.do\/transparencia\/\"},{\"@type\":\"ListItem\",\"position\":2,\"name\":\"Portal de transparencia del CAID\",\"item\":\"https:\/\/caid.gob.do\/transparencia\/\"},{\"@type\":\"ListItem\",\"position\":3,\"name\":\"Presupuesto\",\"item\":\"https:\/\/caid.gob.do\/transparencia\/portal-de-transparencia-del-caid\/presupuesto\/\"},{\"@type\":\"ListItem\",\"position\":4,\"name\":\"Ejecuci\u00f3n presupuestaria\",\"item\":\"https:\/\/caid.gob.do\/transparencia\/portal-de-transparencia-del-caid\/presupuesto\/ejecucion-presupuestaria\/\"},{\"@type\":\"ListItem\",\"position\":5,\"name\":\"Ejecuci\u00f3n del presupuesto del a\u00f1o 2026\"}]},{\"@type\":\"WebSite\",\"@id\":\"https:\/\/caid.gob.do\/transparencia\/#website\",\"url\":\"https:\/\/caid.gob.do\/transparencia\/\",\"name\":\"Portal de Transparencia del CAID\",\"description\":\"Transparencia del CAID\",\"publisher\":{\"@id\":\"https:\/\/caid.gob.do\/transparencia\/#organization\"},\"potentialAction\":[{\"@type\":\"SearchAction\",\"target\":{\"@type\":\"EntryPoint\",\"urlTemplate\":\"https:\/\/caid.gob.do\/transparencia\/?s={search_term_string}\"},\"query-input\":{\"@type\":\"PropertyValueSpecification\",\"valueRequired\":true,\"valueName\":\"search_term_string\"}}],\"inLanguage\":\"es-DO\"},{\"@type\":\"Organization\",\"@id\":\"https:\/\/caid.gob.do\/transparencia\/#organization\",\"name\":\"Portal de Transparencia del CAID\",\"url\":\"https:\/\/caid.gob.do\/transparencia\/\",\"logo\":{\"@type\":\"ImageObject\",\"inLanguage\":\"es-DO\",\"@id\":\"https:\/\/caid.gob.do\/transparencia\/#\/schema\/logo\/image\/\",\"url\":\"https:\/\/caid.gob.do\/transparencia\/wp-content\/uploads\/2023\/01\/CAID-LOGOS-EN-PNG_Mesa-de-trabajo-1.png\",\"contentUrl\":\"https:\/\/caid.gob.do\/transparencia\/wp-content\/uploads\/2023\/01\/CAID-LOGOS-EN-PNG_Mesa-de-trabajo-1.png\",\"width\":4500,\"height\":2220,\"caption\":\"Portal de Transparencia del CAID\"},\"image\":{\"@id\":\"https:\/\/caid.gob.do\/transparencia\/#\/schema\/logo\/image\/\"}}]}<\/script>\r\n<!-- \/ Yoast SEO plugin. -->","yoast_head_json":{"title":"Ejecuci\u00f3n del presupuesto del a\u00f1o 2026 - Portal de Transparencia del CAID","robots":{"index":"index","follow":"follow","max-snippet":"max-snippet:-1","max-image-preview":"max-image-preview:large","max-video-preview":"max-video-preview:-1"},"canonical":"https:\/\/caid.gob.do\/transparencia\/portal-de-transparencia-del-caid\/presupuesto\/ejecucion-presupuestaria\/ejecucion-del-presupuesto-del-ano-2026\/","og_locale":"es_ES","og_type":"article","og_title":"Ejecuci\u00f3n del presupuesto del a\u00f1o 2026 - Portal de Transparencia del CAID","og_description":"Informes f\u00edsicos financieros 2026 Consolidado de informes f\u00edsicos financieros 2026 Programaci\u00f3n indicativa anual metas f\u00edsicas financieras 2026. DESCARGAR Programaci\u00f3n indicativa anual metas f\u00edsicas financieras 2026. DESCARGAR Febrero Ejecuci\u00f3n presupuestaria febrero 2026 SIGEF DESCARGAR Ejecuci\u00f3n presupuestaria febrero 2026 DESCARGAR Ejecuci\u00f3n presupuestaria febrero 2026 DESCARGAR Enero Ejecuci\u00f3n presupuestaria enero 2026 SIGEF DESCARGAR Ejecuci\u00f3n presupuestaria enero 2026 DESCARGAR [&hellip;]","og_url":"https:\/\/caid.gob.do\/transparencia\/portal-de-transparencia-del-caid\/presupuesto\/ejecucion-presupuestaria\/ejecucion-del-presupuesto-del-ano-2026\/","og_site_name":"Portal de Transparencia del CAID","article_modified_time":"2026-03-25T17:49:40+00:00","og_image":[{"width":128,"height":128,"url":"https:\/\/caid.gob.do\/transparencia\/wp-content\/uploads\/iconos-para-web-07.png","type":"image\/png"}],"twitter_card":"summary_large_image","twitter_misc":{"Est. reading time":"3 minutos"},"schema":{"@context":"https:\/\/schema.org","@graph":[{"@type":"WebPage","@id":"https:\/\/caid.gob.do\/transparencia\/portal-de-transparencia-del-caid\/presupuesto\/ejecucion-presupuestaria\/ejecucion-del-presupuesto-del-ano-2026\/","url":"https:\/\/caid.gob.do\/transparencia\/portal-de-transparencia-del-caid\/presupuesto\/ejecucion-presupuestaria\/ejecucion-del-presupuesto-del-ano-2026\/","name":"Ejecuci\u00f3n del presupuesto del a\u00f1o 2026 - Portal de Transparencia del CAID","isPartOf":{"@id":"https:\/\/caid.gob.do\/transparencia\/#website"},"primaryImageOfPage":{"@id":"https:\/\/caid.gob.do\/transparencia\/portal-de-transparencia-del-caid\/presupuesto\/ejecucion-presupuestaria\/ejecucion-del-presupuesto-del-ano-2026\/#primaryimage"},"image":{"@id":"https:\/\/caid.gob.do\/transparencia\/portal-de-transparencia-del-caid\/presupuesto\/ejecucion-presupuestaria\/ejecucion-del-presupuesto-del-ano-2026\/#primaryimage"},"thumbnailUrl":"https:\/\/caid.gob.do\/transparencia\/wp-content\/uploads\/iconos-para-web-07.png","datePublished":"2026-02-20T14:04:25+00:00","dateModified":"2026-03-25T17:49:40+00:00","breadcrumb":{"@id":"https:\/\/caid.gob.do\/transparencia\/portal-de-transparencia-del-caid\/presupuesto\/ejecucion-presupuestaria\/ejecucion-del-presupuesto-del-ano-2026\/#breadcrumb"},"inLanguage":"es-DO","potentialAction":[{"@type":"ReadAction","target":["https:\/\/caid.gob.do\/transparencia\/portal-de-transparencia-del-caid\/presupuesto\/ejecucion-presupuestaria\/ejecucion-del-presupuesto-del-ano-2026\/"]}]},{"@type":"ImageObject","inLanguage":"es-DO","@id":"https:\/\/caid.gob.do\/transparencia\/portal-de-transparencia-del-caid\/presupuesto\/ejecucion-presupuestaria\/ejecucion-del-presupuesto-del-ano-2026\/#primaryimage","url":"https:\/\/caid.gob.do\/transparencia\/wp-content\/uploads\/iconos-para-web-07.png","contentUrl":"https:\/\/caid.gob.do\/transparencia\/wp-content\/uploads\/iconos-para-web-07.png","width":128,"height":128},{"@type":"BreadcrumbList","@id":"https:\/\/caid.gob.do\/transparencia\/portal-de-transparencia-del-caid\/presupuesto\/ejecucion-presupuestaria\/ejecucion-del-presupuesto-del-ano-2026\/#breadcrumb","itemListElement":[{"@type":"ListItem","position":1,"name":"Est\u00e1s aqu\u00ed:","item":"https:\/\/caid.gob.do\/transparencia\/"},{"@type":"ListItem","position":2,"name":"Portal de transparencia del CAID","item":"https:\/\/caid.gob.do\/transparencia\/"},{"@type":"ListItem","position":3,"name":"Presupuesto","item":"https:\/\/caid.gob.do\/transparencia\/portal-de-transparencia-del-caid\/presupuesto\/"},{"@type":"ListItem","position":4,"name":"Ejecuci\u00f3n presupuestaria","item":"https:\/\/caid.gob.do\/transparencia\/portal-de-transparencia-del-caid\/presupuesto\/ejecucion-presupuestaria\/"},{"@type":"ListItem","position":5,"name":"Ejecuci\u00f3n del presupuesto del a\u00f1o 2026"}]},{"@type":"WebSite","@id":"https:\/\/caid.gob.do\/transparencia\/#website","url":"https:\/\/caid.gob.do\/transparencia\/","name":"Portal de Transparencia del CAID","description":"Transparencia del CAID","publisher":{"@id":"https:\/\/caid.gob.do\/transparencia\/#organization"},"potentialAction":[{"@type":"SearchAction","target":{"@type":"EntryPoint","urlTemplate":"https:\/\/caid.gob.do\/transparencia\/?s={search_term_string}"},"query-input":{"@type":"PropertyValueSpecification","valueRequired":true,"valueName":"search_term_string"}}],"inLanguage":"es-DO"},{"@type":"Organization","@id":"https:\/\/caid.gob.do\/transparencia\/#organization","name":"Portal de Transparencia del CAID","url":"https:\/\/caid.gob.do\/transparencia\/","logo":{"@type":"ImageObject","inLanguage":"es-DO","@id":"https:\/\/caid.gob.do\/transparencia\/#\/schema\/logo\/image\/","url":"https:\/\/caid.gob.do\/transparencia\/wp-content\/uploads\/2023\/01\/CAID-LOGOS-EN-PNG_Mesa-de-trabajo-1.png","contentUrl":"https:\/\/caid.gob.do\/transparencia\/wp-content\/uploads\/2023\/01\/CAID-LOGOS-EN-PNG_Mesa-de-trabajo-1.png","width":4500,"height":2220,"caption":"Portal de Transparencia del CAID"},"image":{"@id":"https:\/\/caid.gob.do\/transparencia\/#\/schema\/logo\/image\/"}}]}},"jetpack_sharing_enabled":true,"_links":{"self":[{"href":"https:\/\/caid.gob.do\/transparencia\/wp-json\/wp\/v2\/pages\/12898","targetHints":{"allow":["GET"]}}],"collection":[{"href":"https:\/\/caid.gob.do\/transparencia\/wp-json\/wp\/v2\/pages"}],"about":[{"href":"https:\/\/caid.gob.do\/transparencia\/wp-json\/wp\/v2\/types\/page"}],"author":[{"embeddable":true,"href":"https:\/\/caid.gob.do\/transparencia\/wp-json\/wp\/v2\/users\/9"}],"replies":[{"embeddable":true,"href":"https:\/\/caid.gob.do\/transparencia\/wp-json\/wp\/v2\/comments?post=12898"}],"version-history":[{"count":16,"href":"https:\/\/caid.gob.do\/transparencia\/wp-json\/wp\/v2\/pages\/12898\/revisions"}],"predecessor-version":[{"id":13362,"href":"https:\/\/caid.gob.do\/transparencia\/wp-json\/wp\/v2\/pages\/12898\/revisions\/13362"}],"up":[{"embeddable":true,"href":"https:\/\/caid.gob.do\/transparencia\/wp-json\/wp\/v2\/pages\/534"}],"wp:attachment":[{"href":"https:\/\/caid.gob.do\/transparencia\/wp-json\/wp\/v2\/media?parent=12898"}],"curies":[{"name":"wp","href":"https:\/\/api.w.org\/{rel}","templated":true}]}}