{"id":13004,"date":"2026-02-20T11:38:16","date_gmt":"2026-02-20T15:38:16","guid":{"rendered":"https:\/\/caid.gob.do\/transparencia\/?page_id=13004"},"modified":"2026-04-22T13:36:45","modified_gmt":"2026-04-22T17:36:45","slug":"inventario-de-almacen-2026","status":"publish","type":"page","link":"https:\/\/caid.gob.do\/transparencia\/portal-de-transparencia-del-caid\/finanzas\/inventario-de-almacen\/inventario-de-almacen-2026\/","title":{"rendered":"Inventario de almac\u00e9n 2026"},"content":{"rendered":"\t\t<div data-elementor-type=\"wp-page\" data-elementor-id=\"13004\" class=\"elementor elementor-13004\" data-elementor-post-type=\"page\">\n\t\t\t\t<div class=\"elementor-element elementor-element-99107de e-flex e-con-boxed e-con e-parent\" data-id=\"99107de\" data-element_type=\"container\" data-e-type=\"container\">\n\t\t\t\t\t<div class=\"e-con-inner\">\n\t\t\t\t<div class=\"elementor-element elementor-element-52825af elementor-widget elementor-widget-toggle\" data-id=\"52825af\" data-element_type=\"widget\" data-e-type=\"widget\" data-widget_type=\"toggle.default\">\n\t\t\t\t<div class=\"elementor-widget-container\">\n\t\t\t\t\t\t\t<div class=\"elementor-toggle\">\n\t\t\t\t\t\t\t<div class=\"elementor-toggle-item\">\n\t\t\t\t\t<div id=\"elementor-tab-title-8651\" class=\"elementor-tab-title\" data-tab=\"1\" role=\"button\" aria-controls=\"elementor-tab-content-8651\" aria-expanded=\"false\">\n\t\t\t\t\t\t\t\t\t\t\t\t<span class=\"elementor-toggle-icon elementor-toggle-icon-left\" aria-hidden=\"true\">\n\t\t\t\t\t\t\t\t\t\t\t\t\t\t\t<span class=\"elementor-toggle-icon-closed\"><i class=\"fas fa-caret-right\"><\/i><\/span>\n\t\t\t\t\t\t\t\t<span class=\"elementor-toggle-icon-opened\"><i class=\"elementor-toggle-icon-opened fas fa-caret-up\"><\/i><\/span>\n\t\t\t\t\t\t\t\t\t\t\t\t\t<\/span>\n\t\t\t\t\t\t\t\t\t\t\t\t<a class=\"elementor-toggle-title\" tabindex=\"0\">Trimestre enero - marzo del a\u00f1o 2026<\/a>\n\t\t\t\t\t<\/div>\n\n\t\t\t\t\t<div id=\"elementor-tab-content-8651\" class=\"elementor-tab-content elementor-clearfix\" data-tab=\"1\" role=\"region\" aria-labelledby=\"elementor-tab-title-8651\"><div class=\"grid\"><div><img decoding=\"async\" class=\"alignnone wp-image-636\" src=\"https:\/\/caid.gob.do\/transparencia\/wp-content\/uploads\/iconos-para-web-08.png\" alt=\"ICON PDF\" \/><\/div><div>Inventario de almac\u00e9n del primer trimestre del 2026<br \/><a href=\"https:\/\/caid.gob.do\/transparencia\/wp-content\/uploads\/m-26-REPORTE-DE-INVENTARIO-DE-ALMACEN-T1-2026_0001.pdf\" target=\"_blank\" rel=\"noopener\"><strong>DESCARGAR<\/strong><\/a><\/div><\/div><hr \/><div class=\"grid\"><div><img decoding=\"async\" class=\"alignnone wp-image-636\" src=\"https:\/\/caid.gob.do\/transparencia\/wp-content\/uploads\/iconos-para-web-09.png\" alt=\"ICON PDF\" \/><\/div><div><p>Inventario de almac\u00e9n del primer trimestre del 2026<\/p><p><a href=\"https:\/\/caid.gob.do\/transparencia\/wp-content\/uploads\/M-26-Reporte-INVENTARIO-DE-ALMACEN-T1-2026.xlsx\" target=\"_blank\" rel=\"noopener\"><strong>DESCARGAR<\/strong><\/a><\/p><\/div><\/div><\/div>\n\t\t\t\t<\/div>\n\t\t\t\t\t\t\t\t<\/div>\n\t\t\t\t\t\t<\/div>\n\t\t\t\t<\/div>\n\t\t\t\t\t<\/div>\n\t\t\t\t<\/div>\n\t\t\t\t<\/div>\n\t\t","protected":false},"excerpt":{"rendered":"<p>Trimestre enero &#8211; marzo del a\u00f1o 2026 Inventario de almac\u00e9n del primer trimestre del 2026DESCARGAR Inventario de almac\u00e9n del primer trimestre del 2026 DESCARGAR<\/p>\n","protected":false},"author":9,"featured_media":0,"parent":248,"menu_order":0,"comment_status":"closed","ping_status":"closed","template":"","meta":{"footnotes":""},"class_list":["post-13004","page","type-page","status-publish","hentry"],"yoast_head":"<!-- This site is optimized with the Yoast SEO plugin v27.6 - https:\/\/yoast.com\/product\/yoast-seo-wordpress\/ -->\r\n<title>Inventario de almac\u00e9n 2026 - Portal de Transparencia del CAID<\/title>\r\n<meta name=\"robots\" content=\"index, follow, max-snippet:-1, max-image-preview:large, max-video-preview:-1\" \/>\r\n<link rel=\"canonical\" href=\"https:\/\/caid.gob.do\/transparencia\/portal-de-transparencia-del-caid\/finanzas\/inventario-de-almacen\/inventario-de-almacen-2026\/\" \/>\r\n<meta property=\"og:locale\" content=\"es_ES\" \/>\r\n<meta property=\"og:type\" content=\"article\" \/>\r\n<meta property=\"og:title\" content=\"Inventario de almac\u00e9n 2026 - Portal de Transparencia del CAID\" \/>\r\n<meta property=\"og:description\" content=\"Trimestre enero &#8211; marzo del a\u00f1o 2026 Inventario de almac\u00e9n del primer trimestre del 2026DESCARGAR Inventario de almac\u00e9n del primer trimestre del 2026 DESCARGAR\" \/>\r\n<meta property=\"og:url\" content=\"https:\/\/caid.gob.do\/transparencia\/portal-de-transparencia-del-caid\/finanzas\/inventario-de-almacen\/inventario-de-almacen-2026\/\" \/>\r\n<meta property=\"og:site_name\" content=\"Portal de Transparencia del CAID\" \/>\r\n<meta property=\"article:modified_time\" content=\"2026-04-22T17:36:45+00:00\" \/>\r\n<meta property=\"og:image\" content=\"https:\/\/caid.gob.do\/transparencia\/wp-content\/uploads\/iconos-para-web-08.png\" \/>\r\n<meta name=\"twitter:card\" content=\"summary_large_image\" \/>\r\n<meta name=\"twitter:label1\" content=\"Est. reading time\" \/>\n\t<meta name=\"twitter:data1\" content=\"1 minuto\" \/>\r\n<script type=\"application\/ld+json\" class=\"yoast-schema-graph\">{\"@context\":\"https:\\\/\\\/schema.org\",\"@graph\":[{\"@type\":\"WebPage\",\"@id\":\"https:\\\/\\\/caid.gob.do\\\/transparencia\\\/portal-de-transparencia-del-caid\\\/finanzas\\\/inventario-de-almacen\\\/inventario-de-almacen-2026\\\/\",\"url\":\"https:\\\/\\\/caid.gob.do\\\/transparencia\\\/portal-de-transparencia-del-caid\\\/finanzas\\\/inventario-de-almacen\\\/inventario-de-almacen-2026\\\/\",\"name\":\"Inventario de almac\u00e9n 2026 - Portal de Transparencia del CAID\",\"isPartOf\":{\"@id\":\"https:\\\/\\\/caid.gob.do\\\/transparencia\\\/#website\"},\"primaryImageOfPage\":{\"@id\":\"https:\\\/\\\/caid.gob.do\\\/transparencia\\\/portal-de-transparencia-del-caid\\\/finanzas\\\/inventario-de-almacen\\\/inventario-de-almacen-2026\\\/#primaryimage\"},\"image\":{\"@id\":\"https:\\\/\\\/caid.gob.do\\\/transparencia\\\/portal-de-transparencia-del-caid\\\/finanzas\\\/inventario-de-almacen\\\/inventario-de-almacen-2026\\\/#primaryimage\"},\"thumbnailUrl\":\"https:\\\/\\\/caid.gob.do\\\/transparencia\\\/wp-content\\\/uploads\\\/iconos-para-web-08.png\",\"datePublished\":\"2026-02-20T15:38:16+00:00\",\"dateModified\":\"2026-04-22T17:36:45+00:00\",\"breadcrumb\":{\"@id\":\"https:\\\/\\\/caid.gob.do\\\/transparencia\\\/portal-de-transparencia-del-caid\\\/finanzas\\\/inventario-de-almacen\\\/inventario-de-almacen-2026\\\/#breadcrumb\"},\"inLanguage\":\"es-DO\",\"potentialAction\":[{\"@type\":\"ReadAction\",\"target\":[\"https:\\\/\\\/caid.gob.do\\\/transparencia\\\/portal-de-transparencia-del-caid\\\/finanzas\\\/inventario-de-almacen\\\/inventario-de-almacen-2026\\\/\"]}]},{\"@type\":\"ImageObject\",\"inLanguage\":\"es-DO\",\"@id\":\"https:\\\/\\\/caid.gob.do\\\/transparencia\\\/portal-de-transparencia-del-caid\\\/finanzas\\\/inventario-de-almacen\\\/inventario-de-almacen-2026\\\/#primaryimage\",\"url\":\"https:\\\/\\\/caid.gob.do\\\/transparencia\\\/wp-content\\\/uploads\\\/iconos-para-web-08.png\",\"contentUrl\":\"https:\\\/\\\/caid.gob.do\\\/transparencia\\\/wp-content\\\/uploads\\\/iconos-para-web-08.png\",\"width\":128,\"height\":128},{\"@type\":\"BreadcrumbList\",\"@id\":\"https:\\\/\\\/caid.gob.do\\\/transparencia\\\/portal-de-transparencia-del-caid\\\/finanzas\\\/inventario-de-almacen\\\/inventario-de-almacen-2026\\\/#breadcrumb\",\"itemListElement\":[{\"@type\":\"ListItem\",\"position\":1,\"name\":\"Est\u00e1s aqu\u00ed:\",\"item\":\"https:\\\/\\\/caid.gob.do\\\/transparencia\\\/\"},{\"@type\":\"ListItem\",\"position\":2,\"name\":\"Portal de transparencia del CAID\",\"item\":\"https:\\\/\\\/caid.gob.do\\\/transparencia\\\/\"},{\"@type\":\"ListItem\",\"position\":3,\"name\":\"Finanzas\",\"item\":\"https:\\\/\\\/caid.gob.do\\\/transparencia\\\/portal-de-transparencia-del-caid\\\/finanzas\\\/\"},{\"@type\":\"ListItem\",\"position\":4,\"name\":\"Inventario de almac\u00e9n\",\"item\":\"https:\\\/\\\/caid.gob.do\\\/transparencia\\\/portal-de-transparencia-del-caid\\\/finanzas\\\/inventario-de-almacen\\\/\"},{\"@type\":\"ListItem\",\"position\":5,\"name\":\"Inventario de almac\u00e9n 2026\"}]},{\"@type\":\"WebSite\",\"@id\":\"https:\\\/\\\/caid.gob.do\\\/transparencia\\\/#website\",\"url\":\"https:\\\/\\\/caid.gob.do\\\/transparencia\\\/\",\"name\":\"Portal de Transparencia del CAID\",\"description\":\"Transparencia del CAID\",\"publisher\":{\"@id\":\"https:\\\/\\\/caid.gob.do\\\/transparencia\\\/#organization\"},\"potentialAction\":[{\"@type\":\"SearchAction\",\"target\":{\"@type\":\"EntryPoint\",\"urlTemplate\":\"https:\\\/\\\/caid.gob.do\\\/transparencia\\\/?s={search_term_string}\"},\"query-input\":{\"@type\":\"PropertyValueSpecification\",\"valueRequired\":true,\"valueName\":\"search_term_string\"}}],\"inLanguage\":\"es-DO\"},{\"@type\":\"Organization\",\"@id\":\"https:\\\/\\\/caid.gob.do\\\/transparencia\\\/#organization\",\"name\":\"Portal de Transparencia del CAID\",\"url\":\"https:\\\/\\\/caid.gob.do\\\/transparencia\\\/\",\"logo\":{\"@type\":\"ImageObject\",\"inLanguage\":\"es-DO\",\"@id\":\"https:\\\/\\\/caid.gob.do\\\/transparencia\\\/#\\\/schema\\\/logo\\\/image\\\/\",\"url\":\"https:\\\/\\\/caid.gob.do\\\/transparencia\\\/wp-content\\\/uploads\\\/2023\\\/01\\\/CAID-LOGOS-EN-PNG_Mesa-de-trabajo-1.png\",\"contentUrl\":\"https:\\\/\\\/caid.gob.do\\\/transparencia\\\/wp-content\\\/uploads\\\/2023\\\/01\\\/CAID-LOGOS-EN-PNG_Mesa-de-trabajo-1.png\",\"width\":4500,\"height\":2220,\"caption\":\"Portal de Transparencia del CAID\"},\"image\":{\"@id\":\"https:\\\/\\\/caid.gob.do\\\/transparencia\\\/#\\\/schema\\\/logo\\\/image\\\/\"}}]}<\/script>\r\n<!-- \/ Yoast SEO plugin. -->","yoast_head_json":{"title":"Inventario de almac\u00e9n 2026 - Portal de Transparencia del CAID","robots":{"index":"index","follow":"follow","max-snippet":"max-snippet:-1","max-image-preview":"max-image-preview:large","max-video-preview":"max-video-preview:-1"},"canonical":"https:\/\/caid.gob.do\/transparencia\/portal-de-transparencia-del-caid\/finanzas\/inventario-de-almacen\/inventario-de-almacen-2026\/","og_locale":"es_ES","og_type":"article","og_title":"Inventario de almac\u00e9n 2026 - Portal de Transparencia del CAID","og_description":"Trimestre enero &#8211; marzo del a\u00f1o 2026 Inventario de almac\u00e9n del primer trimestre del 2026DESCARGAR Inventario de almac\u00e9n del primer trimestre del 2026 DESCARGAR","og_url":"https:\/\/caid.gob.do\/transparencia\/portal-de-transparencia-del-caid\/finanzas\/inventario-de-almacen\/inventario-de-almacen-2026\/","og_site_name":"Portal de Transparencia del CAID","article_modified_time":"2026-04-22T17:36:45+00:00","og_image":[{"url":"https:\/\/caid.gob.do\/transparencia\/wp-content\/uploads\/iconos-para-web-08.png","type":"","width":"","height":""}],"twitter_card":"summary_large_image","twitter_misc":{"Est. reading time":"1 minuto"},"schema":{"@context":"https:\/\/schema.org","@graph":[{"@type":"WebPage","@id":"https:\/\/caid.gob.do\/transparencia\/portal-de-transparencia-del-caid\/finanzas\/inventario-de-almacen\/inventario-de-almacen-2026\/","url":"https:\/\/caid.gob.do\/transparencia\/portal-de-transparencia-del-caid\/finanzas\/inventario-de-almacen\/inventario-de-almacen-2026\/","name":"Inventario de almac\u00e9n 2026 - Portal de Transparencia del CAID","isPartOf":{"@id":"https:\/\/caid.gob.do\/transparencia\/#website"},"primaryImageOfPage":{"@id":"https:\/\/caid.gob.do\/transparencia\/portal-de-transparencia-del-caid\/finanzas\/inventario-de-almacen\/inventario-de-almacen-2026\/#primaryimage"},"image":{"@id":"https:\/\/caid.gob.do\/transparencia\/portal-de-transparencia-del-caid\/finanzas\/inventario-de-almacen\/inventario-de-almacen-2026\/#primaryimage"},"thumbnailUrl":"https:\/\/caid.gob.do\/transparencia\/wp-content\/uploads\/iconos-para-web-08.png","datePublished":"2026-02-20T15:38:16+00:00","dateModified":"2026-04-22T17:36:45+00:00","breadcrumb":{"@id":"https:\/\/caid.gob.do\/transparencia\/portal-de-transparencia-del-caid\/finanzas\/inventario-de-almacen\/inventario-de-almacen-2026\/#breadcrumb"},"inLanguage":"es-DO","potentialAction":[{"@type":"ReadAction","target":["https:\/\/caid.gob.do\/transparencia\/portal-de-transparencia-del-caid\/finanzas\/inventario-de-almacen\/inventario-de-almacen-2026\/"]}]},{"@type":"ImageObject","inLanguage":"es-DO","@id":"https:\/\/caid.gob.do\/transparencia\/portal-de-transparencia-del-caid\/finanzas\/inventario-de-almacen\/inventario-de-almacen-2026\/#primaryimage","url":"https:\/\/caid.gob.do\/transparencia\/wp-content\/uploads\/iconos-para-web-08.png","contentUrl":"https:\/\/caid.gob.do\/transparencia\/wp-content\/uploads\/iconos-para-web-08.png","width":128,"height":128},{"@type":"BreadcrumbList","@id":"https:\/\/caid.gob.do\/transparencia\/portal-de-transparencia-del-caid\/finanzas\/inventario-de-almacen\/inventario-de-almacen-2026\/#breadcrumb","itemListElement":[{"@type":"ListItem","position":1,"name":"Est\u00e1s aqu\u00ed:","item":"https:\/\/caid.gob.do\/transparencia\/"},{"@type":"ListItem","position":2,"name":"Portal de transparencia del CAID","item":"https:\/\/caid.gob.do\/transparencia\/"},{"@type":"ListItem","position":3,"name":"Finanzas","item":"https:\/\/caid.gob.do\/transparencia\/portal-de-transparencia-del-caid\/finanzas\/"},{"@type":"ListItem","position":4,"name":"Inventario de almac\u00e9n","item":"https:\/\/caid.gob.do\/transparencia\/portal-de-transparencia-del-caid\/finanzas\/inventario-de-almacen\/"},{"@type":"ListItem","position":5,"name":"Inventario de almac\u00e9n 2026"}]},{"@type":"WebSite","@id":"https:\/\/caid.gob.do\/transparencia\/#website","url":"https:\/\/caid.gob.do\/transparencia\/","name":"Portal de Transparencia del CAID","description":"Transparencia del CAID","publisher":{"@id":"https:\/\/caid.gob.do\/transparencia\/#organization"},"potentialAction":[{"@type":"SearchAction","target":{"@type":"EntryPoint","urlTemplate":"https:\/\/caid.gob.do\/transparencia\/?s={search_term_string}"},"query-input":{"@type":"PropertyValueSpecification","valueRequired":true,"valueName":"search_term_string"}}],"inLanguage":"es-DO"},{"@type":"Organization","@id":"https:\/\/caid.gob.do\/transparencia\/#organization","name":"Portal de Transparencia del CAID","url":"https:\/\/caid.gob.do\/transparencia\/","logo":{"@type":"ImageObject","inLanguage":"es-DO","@id":"https:\/\/caid.gob.do\/transparencia\/#\/schema\/logo\/image\/","url":"https:\/\/caid.gob.do\/transparencia\/wp-content\/uploads\/2023\/01\/CAID-LOGOS-EN-PNG_Mesa-de-trabajo-1.png","contentUrl":"https:\/\/caid.gob.do\/transparencia\/wp-content\/uploads\/2023\/01\/CAID-LOGOS-EN-PNG_Mesa-de-trabajo-1.png","width":4500,"height":2220,"caption":"Portal de Transparencia del CAID"},"image":{"@id":"https:\/\/caid.gob.do\/transparencia\/#\/schema\/logo\/image\/"}}]}},"jetpack_sharing_enabled":true,"_links":{"self":[{"href":"https:\/\/caid.gob.do\/transparencia\/wp-json\/wp\/v2\/pages\/13004","targetHints":{"allow":["GET"]}}],"collection":[{"href":"https:\/\/caid.gob.do\/transparencia\/wp-json\/wp\/v2\/pages"}],"about":[{"href":"https:\/\/caid.gob.do\/transparencia\/wp-json\/wp\/v2\/types\/page"}],"author":[{"embeddable":true,"href":"https:\/\/caid.gob.do\/transparencia\/wp-json\/wp\/v2\/users\/9"}],"replies":[{"embeddable":true,"href":"https:\/\/caid.gob.do\/transparencia\/wp-json\/wp\/v2\/comments?post=13004"}],"version-history":[{"count":7,"href":"https:\/\/caid.gob.do\/transparencia\/wp-json\/wp\/v2\/pages\/13004\/revisions"}],"predecessor-version":[{"id":13589,"href":"https:\/\/caid.gob.do\/transparencia\/wp-json\/wp\/v2\/pages\/13004\/revisions\/13589"}],"up":[{"embeddable":true,"href":"https:\/\/caid.gob.do\/transparencia\/wp-json\/wp\/v2\/pages\/248"}],"wp:attachment":[{"href":"https:\/\/caid.gob.do\/transparencia\/wp-json\/wp\/v2\/media?parent=13004"}],"curies":[{"name":"wp","href":"https:\/\/api.w.org\/{rel}","templated":true}]}}