{"id":1928,"date":"2023-01-12T19:11:48","date_gmt":"2023-01-12T19:11:48","guid":{"rendered":"https:\/\/caid.gob.do\/transparencia\/?page_id=1928"},"modified":"2023-05-15T17:21:09","modified_gmt":"2023-05-15T17:21:09","slug":"estadisticas-y-balances-de-gestion-de-la-oai-2022","status":"publish","type":"page","link":"https:\/\/caid.gob.do\/transparencia\/portal-de-transparencia-del-caid\/oficina-de-libre-acceso-a-la-informacion\/estadisticas-y-balances-de-gestion-de-la-oai\/estadisticas-y-balances-de-gestion-de-la-oai-2022\/","title":{"rendered":"Estad\u00edsticas y balances de gesti\u00f3n de la OAI del a\u00f1o 2022"},"content":{"rendered":"\t\t<div data-elementor-type=\"wp-page\" data-elementor-id=\"1928\" class=\"elementor elementor-1928\" data-elementor-post-type=\"page\">\n\t\t\t\t\t\t<section class=\"elementor-section elementor-top-section elementor-element elementor-element-42c2d26 elementor-section-full_width elementor-section-height-default elementor-section-height-default\" data-id=\"42c2d26\" data-element_type=\"section\" data-e-type=\"section\">\n\t\t\t\t\t\t<div class=\"elementor-container elementor-column-gap-no\">\n\t\t\t\t\t<div class=\"elementor-column elementor-col-100 elementor-top-column elementor-element elementor-element-5a7f0c4\" data-id=\"5a7f0c4\" data-element_type=\"column\" data-e-type=\"column\">\n\t\t\t<div class=\"elementor-widget-wrap elementor-element-populated\">\n\t\t\t\t\t\t<div class=\"elementor-element elementor-element-a2b73c7 elementor-widget elementor-widget-toggle\" data-id=\"a2b73c7\" data-element_type=\"widget\" data-e-type=\"widget\" data-widget_type=\"toggle.default\">\n\t\t\t\t<div class=\"elementor-widget-container\">\n\t\t\t\t\t\t\t<div class=\"elementor-toggle\">\n\t\t\t\t\t\t\t<div class=\"elementor-toggle-item\">\n\t\t\t\t\t<div id=\"elementor-tab-title-1701\" class=\"elementor-tab-title\" data-tab=\"1\" role=\"button\" aria-controls=\"elementor-tab-content-1701\" aria-expanded=\"false\">\n\t\t\t\t\t\t\t\t\t\t\t\t<span class=\"elementor-toggle-icon elementor-toggle-icon-left\" aria-hidden=\"true\">\n\t\t\t\t\t\t\t\t\t\t\t\t\t\t\t<span class=\"elementor-toggle-icon-closed\"><i class=\"fas fa-caret-right\"><\/i><\/span>\n\t\t\t\t\t\t\t\t<span class=\"elementor-toggle-icon-opened\"><i class=\"elementor-toggle-icon-opened fas fa-caret-up\"><\/i><\/span>\n\t\t\t\t\t\t\t\t\t\t\t\t\t<\/span>\n\t\t\t\t\t\t\t\t\t\t\t\t<a class=\"elementor-toggle-title\" tabindex=\"0\">Documentos de  Octubre a Diciembre<\/a>\n\t\t\t\t\t<\/div>\n\n\t\t\t\t\t<div id=\"elementor-tab-content-1701\" class=\"elementor-tab-content elementor-clearfix\" data-tab=\"1\" role=\"region\" aria-labelledby=\"elementor-tab-title-1701\"><div class=\"grid\">\n<div><img decoding=\"async\" class=\"alignnone wp-image-636\" src=\"https:\/\/caid.gob.do\/transparencia\/wp-content\/uploads\/iconos-para-web-08.png\" alt=\"ICON PDF\" width=\"50\" height=\"50\" \/><\/div>\n<div>Estad\u00edsticas OAI Octubre &#8211; Diciembre 2022\n<a href=\"https:\/\/caid.gob.do\/caid\/wp-content\/uploads\/estadisticas-Octubre-diciembre-2022-xxxx.pdf\" target=\"_blank\" rel=\"noopener\"><strong>DESCARGAR<\/strong><\/a><\/div>\n<\/div>\n\n<hr \/>\n\n<div class=\"grid\">\n<div><img decoding=\"async\" class=\"alignnone wp-image-636\" src=\"https:\/\/caid.gob.do\/transparencia\/wp-content\/uploads\/iconos-para-web-09.png\" alt=\"ICON PDF\" width=\"50\" height=\"50\" \/><\/div>\n<div>Estad\u00edsticas OAI Octubre &#8211; Diciembre 2022\n<a href=\"https:\/\/caid.gob.do\/caid\/wp-content\/uploads\/estadisticas-Octubre-diciembre-2022-xxxx.xlsx\" target=\"_blank\" rel=\"noopener\"><strong>DESCARGAR<\/strong><\/a><\/div>\n<\/div><\/div>\n\t\t\t\t<\/div>\n\t\t\t\t\t\t\t<div class=\"elementor-toggle-item\">\n\t\t\t\t\t<div id=\"elementor-tab-title-1702\" class=\"elementor-tab-title\" data-tab=\"2\" role=\"button\" aria-controls=\"elementor-tab-content-1702\" aria-expanded=\"false\">\n\t\t\t\t\t\t\t\t\t\t\t\t<span class=\"elementor-toggle-icon elementor-toggle-icon-left\" aria-hidden=\"true\">\n\t\t\t\t\t\t\t\t\t\t\t\t\t\t\t<span class=\"elementor-toggle-icon-closed\"><i class=\"fas fa-caret-right\"><\/i><\/span>\n\t\t\t\t\t\t\t\t<span class=\"elementor-toggle-icon-opened\"><i class=\"elementor-toggle-icon-opened fas fa-caret-up\"><\/i><\/span>\n\t\t\t\t\t\t\t\t\t\t\t\t\t<\/span>\n\t\t\t\t\t\t\t\t\t\t\t\t<a class=\"elementor-toggle-title\" tabindex=\"0\">Documentos de  Abril a Junio<\/a>\n\t\t\t\t\t<\/div>\n\n\t\t\t\t\t<div id=\"elementor-tab-content-1702\" class=\"elementor-tab-content elementor-clearfix\" data-tab=\"2\" role=\"region\" aria-labelledby=\"elementor-tab-title-1702\"><div class=\"grid\">\n<div><img decoding=\"async\" class=\"iconpdf\" src=\"https:\/\/caid.gob.do\/transparencia\/wp-content\/uploads\/iconos-para-web-08.png\" \/><\/div>\n<div>Estad\u00edsticas OAI Abril &#8211; Junio 2022\n<a href=\"https:\/\/caid.gob.do\/caid\/wp-content\/uploads\/Estadisticas-OAI-abril-junio-2022-478.pdf\" target=\"_blank\" rel=\"noopener\"><strong>DESCARGAR<\/strong><\/a><\/div>\n<\/div>\n\n<hr \/>\n\n<div class=\"grid\">\n<div><img decoding=\"async\" class=\"iconpdf\" src=\"https:\/\/caid.gob.do\/transparencia\/wp-content\/uploads\/iconos-para-web-09.png\" \/><\/div>\n<div>Estad\u00edsticas OAI Abril &#8211; Junio 2022\n<a href=\"https:\/\/caid.gob.do\/caid\/wp-content\/uploads\/estadisticas-Abril-Junio-2022-xxx.xlsx\" target=\"_blank\" rel=\"noopener\"><strong>DESCARGAR<\/strong><\/a><\/div>\n<\/div><\/div>\n\t\t\t\t<\/div>\n\t\t\t\t\t\t\t<div class=\"elementor-toggle-item\">\n\t\t\t\t\t<div id=\"elementor-tab-title-1703\" class=\"elementor-tab-title\" data-tab=\"3\" role=\"button\" aria-controls=\"elementor-tab-content-1703\" aria-expanded=\"false\">\n\t\t\t\t\t\t\t\t\t\t\t\t<span class=\"elementor-toggle-icon elementor-toggle-icon-left\" aria-hidden=\"true\">\n\t\t\t\t\t\t\t\t\t\t\t\t\t\t\t<span class=\"elementor-toggle-icon-closed\"><i class=\"fas fa-caret-right\"><\/i><\/span>\n\t\t\t\t\t\t\t\t<span class=\"elementor-toggle-icon-opened\"><i class=\"elementor-toggle-icon-opened fas fa-caret-up\"><\/i><\/span>\n\t\t\t\t\t\t\t\t\t\t\t\t\t<\/span>\n\t\t\t\t\t\t\t\t\t\t\t\t<a class=\"elementor-toggle-title\" tabindex=\"0\">Documentos de  Julio - Septiembre<\/a>\n\t\t\t\t\t<\/div>\n\n\t\t\t\t\t<div id=\"elementor-tab-content-1703\" class=\"elementor-tab-content elementor-clearfix\" data-tab=\"3\" role=\"region\" aria-labelledby=\"elementor-tab-title-1703\"><div class=\"grid\">\n<div><img decoding=\"async\" class=\"iconpdf\" src=\"https:\/\/caid.gob.do\/transparencia\/wp-content\/uploads\/iconos-para-web-08.png\" alt=\"ICON PDF\" width=\"50\" height=\"50\" \/><\/div>\n<div>Estad\u00edsticas OAI Julio &#8211; Septiembre 2022\n<a href=\"https:\/\/caid.gob.do\/caid\/wp-content\/uploads\/estadisticas-julio-septiembre-2022-2.pdf\" target=\"_blank\" rel=\"noopener\"><strong>DESCARGAR<\/strong><\/a><\/div>\n<\/div>\n\n<hr \/>\n\n<div class=\"grid\">\n<div><img decoding=\"async\" class=\"iconpdf\" src=\"https:\/\/caid.gob.do\/transparencia\/wp-content\/uploads\/iconos-para-web-09.png\"\/><\/div>\n<div>Estad\u00edsticas OAI Julio &#8211; Septiembre 2022\n<a href=\"https:\/\/caid.gob.do\/caid\/wp-content\/uploads\/estadisticas-julio-septiembre-2022-xxx.xlsx\" target=\"_blank\" rel=\"noopener\"><strong>DESCARGAR<\/strong><\/a><\/div>\n<\/div><\/div>\n\t\t\t\t<\/div>\n\t\t\t\t\t\t\t\t<\/div>\n\t\t\t\t\t\t<\/div>\n\t\t\t\t<\/div>\n\t\t\t\t\t<\/div>\n\t\t<\/div>\n\t\t\t\t\t<\/div>\n\t\t<\/section>\n\t\t\t\t<\/div>\n\t\t","protected":false},"excerpt":{"rendered":"<p>Documentos de Octubre a Diciembre Estad\u00edsticas OAI Octubre &#8211; Diciembre 2022 DESCARGAR Estad\u00edsticas OAI Octubre &#8211; Diciembre 2022 DESCARGAR Documentos de Abril a Junio Estad\u00edsticas OAI Abril &#8211; Junio 2022 DESCARGAR Estad\u00edsticas OAI Abril &#8211; Junio 2022 DESCARGAR Documentos de Julio &#8211; Septiembre Estad\u00edsticas OAI Julio &#8211; Septiembre 2022 DESCARGAR Estad\u00edsticas OAI Julio &#8211; Septiembre [&hellip;]<\/p>\n","protected":false},"author":1,"featured_media":0,"parent":397,"menu_order":0,"comment_status":"closed","ping_status":"closed","template":"","meta":{"footnotes":""},"class_list":["post-1928","page","type-page","status-publish","hentry"],"yoast_head":"<!-- This site is optimized with the Yoast SEO plugin v27.0 - https:\/\/yoast.com\/product\/yoast-seo-wordpress\/ -->\r\n<title>Estad\u00edsticas y balances de gesti\u00f3n de la OAI del a\u00f1o 2022 - Portal de Transparencia del CAID<\/title>\r\n<meta name=\"robots\" content=\"index, follow, max-snippet:-1, max-image-preview:large, max-video-preview:-1\" \/>\r\n<link rel=\"canonical\" href=\"https:\/\/caid.gob.do\/transparencia\/portal-de-transparencia-del-caid\/oficina-de-libre-acceso-a-la-informacion\/estadisticas-y-balances-de-gestion-de-la-oai\/estadisticas-y-balances-de-gestion-de-la-oai-2022\/\" \/>\r\n<meta property=\"og:locale\" content=\"es_ES\" \/>\r\n<meta property=\"og:type\" content=\"article\" \/>\r\n<meta property=\"og:title\" content=\"Estad\u00edsticas y balances de gesti\u00f3n de la OAI del a\u00f1o 2022 - Portal de Transparencia del CAID\" \/>\r\n<meta property=\"og:description\" content=\"Documentos de Octubre a Diciembre Estad\u00edsticas OAI Octubre &#8211; Diciembre 2022 DESCARGAR Estad\u00edsticas OAI Octubre &#8211; Diciembre 2022 DESCARGAR Documentos de Abril a Junio Estad\u00edsticas OAI Abril &#8211; Junio 2022 DESCARGAR Estad\u00edsticas OAI Abril &#8211; Junio 2022 DESCARGAR Documentos de Julio &#8211; Septiembre Estad\u00edsticas OAI Julio &#8211; Septiembre 2022 DESCARGAR Estad\u00edsticas OAI Julio &#8211; Septiembre [&hellip;]\" \/>\r\n<meta property=\"og:url\" content=\"https:\/\/caid.gob.do\/transparencia\/portal-de-transparencia-del-caid\/oficina-de-libre-acceso-a-la-informacion\/estadisticas-y-balances-de-gestion-de-la-oai\/estadisticas-y-balances-de-gestion-de-la-oai-2022\/\" \/>\r\n<meta property=\"og:site_name\" content=\"Portal de Transparencia del CAID\" \/>\r\n<meta property=\"article:modified_time\" content=\"2023-05-15T17:21:09+00:00\" \/>\r\n<meta property=\"og:image\" content=\"https:\/\/caid.gob.do\/transparencia\/wp-content\/uploads\/iconos-para-web-08.png\" \/>\r\n<meta name=\"twitter:card\" content=\"summary_large_image\" \/>\r\n<meta name=\"twitter:label1\" content=\"Est. reading time\" \/>\n\t<meta name=\"twitter:data1\" content=\"2 minutos\" \/>\r\n<script type=\"application\/ld+json\" class=\"yoast-schema-graph\">{\"@context\":\"https:\/\/schema.org\",\"@graph\":[{\"@type\":\"WebPage\",\"@id\":\"https:\/\/caid.gob.do\/transparencia\/portal-de-transparencia-del-caid\/oficina-de-libre-acceso-a-la-informacion\/estadisticas-y-balances-de-gestion-de-la-oai\/estadisticas-y-balances-de-gestion-de-la-oai-2022\/\",\"url\":\"https:\/\/caid.gob.do\/transparencia\/portal-de-transparencia-del-caid\/oficina-de-libre-acceso-a-la-informacion\/estadisticas-y-balances-de-gestion-de-la-oai\/estadisticas-y-balances-de-gestion-de-la-oai-2022\/\",\"name\":\"Estad\u00edsticas y balances de gesti\u00f3n de la OAI del a\u00f1o 2022 - Portal de Transparencia del CAID\",\"isPartOf\":{\"@id\":\"https:\/\/caid.gob.do\/transparencia\/#website\"},\"primaryImageOfPage\":{\"@id\":\"https:\/\/caid.gob.do\/transparencia\/portal-de-transparencia-del-caid\/oficina-de-libre-acceso-a-la-informacion\/estadisticas-y-balances-de-gestion-de-la-oai\/estadisticas-y-balances-de-gestion-de-la-oai-2022\/#primaryimage\"},\"image\":{\"@id\":\"https:\/\/caid.gob.do\/transparencia\/portal-de-transparencia-del-caid\/oficina-de-libre-acceso-a-la-informacion\/estadisticas-y-balances-de-gestion-de-la-oai\/estadisticas-y-balances-de-gestion-de-la-oai-2022\/#primaryimage\"},\"thumbnailUrl\":\"https:\/\/caid.gob.do\/transparencia\/wp-content\/uploads\/iconos-para-web-08.png\",\"datePublished\":\"2023-01-12T19:11:48+00:00\",\"dateModified\":\"2023-05-15T17:21:09+00:00\",\"breadcrumb\":{\"@id\":\"https:\/\/caid.gob.do\/transparencia\/portal-de-transparencia-del-caid\/oficina-de-libre-acceso-a-la-informacion\/estadisticas-y-balances-de-gestion-de-la-oai\/estadisticas-y-balances-de-gestion-de-la-oai-2022\/#breadcrumb\"},\"inLanguage\":\"es-DO\",\"potentialAction\":[{\"@type\":\"ReadAction\",\"target\":[\"https:\/\/caid.gob.do\/transparencia\/portal-de-transparencia-del-caid\/oficina-de-libre-acceso-a-la-informacion\/estadisticas-y-balances-de-gestion-de-la-oai\/estadisticas-y-balances-de-gestion-de-la-oai-2022\/\"]}]},{\"@type\":\"ImageObject\",\"inLanguage\":\"es-DO\",\"@id\":\"https:\/\/caid.gob.do\/transparencia\/portal-de-transparencia-del-caid\/oficina-de-libre-acceso-a-la-informacion\/estadisticas-y-balances-de-gestion-de-la-oai\/estadisticas-y-balances-de-gestion-de-la-oai-2022\/#primaryimage\",\"url\":\"https:\/\/caid.gob.do\/transparencia\/wp-content\/uploads\/iconos-para-web-08.png\",\"contentUrl\":\"https:\/\/caid.gob.do\/transparencia\/wp-content\/uploads\/iconos-para-web-08.png\",\"width\":128,\"height\":128},{\"@type\":\"BreadcrumbList\",\"@id\":\"https:\/\/caid.gob.do\/transparencia\/portal-de-transparencia-del-caid\/oficina-de-libre-acceso-a-la-informacion\/estadisticas-y-balances-de-gestion-de-la-oai\/estadisticas-y-balances-de-gestion-de-la-oai-2022\/#breadcrumb\",\"itemListElement\":[{\"@type\":\"ListItem\",\"position\":1,\"name\":\"Est\u00e1s aqu\u00ed:\",\"item\":\"https:\/\/caid.gob.do\/transparencia\/\"},{\"@type\":\"ListItem\",\"position\":2,\"name\":\"Portal de transparencia del CAID\",\"item\":\"https:\/\/caid.gob.do\/transparencia\/\"},{\"@type\":\"ListItem\",\"position\":3,\"name\":\"Oficina de libre acceso a la informaci\u00f3n\",\"item\":\"https:\/\/caid.gob.do\/transparencia\/portal-de-transparencia-del-caid\/oficina-de-libre-acceso-a-la-informacion\/\"},{\"@type\":\"ListItem\",\"position\":4,\"name\":\"Estad\u00edsticas y balances de gesti\u00f3n de la OAI\",\"item\":\"https:\/\/caid.gob.do\/transparencia\/portal-de-transparencia-del-caid\/oficina-de-libre-acceso-a-la-informacion\/estadisticas-y-balances-de-gestion-de-la-oai\/\"},{\"@type\":\"ListItem\",\"position\":5,\"name\":\"Estad\u00edsticas y balances de gesti\u00f3n de la OAI del a\u00f1o 2022\"}]},{\"@type\":\"WebSite\",\"@id\":\"https:\/\/caid.gob.do\/transparencia\/#website\",\"url\":\"https:\/\/caid.gob.do\/transparencia\/\",\"name\":\"Portal de Transparencia del CAID\",\"description\":\"Transparencia del CAID\",\"publisher\":{\"@id\":\"https:\/\/caid.gob.do\/transparencia\/#organization\"},\"potentialAction\":[{\"@type\":\"SearchAction\",\"target\":{\"@type\":\"EntryPoint\",\"urlTemplate\":\"https:\/\/caid.gob.do\/transparencia\/?s={search_term_string}\"},\"query-input\":{\"@type\":\"PropertyValueSpecification\",\"valueRequired\":true,\"valueName\":\"search_term_string\"}}],\"inLanguage\":\"es-DO\"},{\"@type\":\"Organization\",\"@id\":\"https:\/\/caid.gob.do\/transparencia\/#organization\",\"name\":\"Portal de Transparencia del CAID\",\"url\":\"https:\/\/caid.gob.do\/transparencia\/\",\"logo\":{\"@type\":\"ImageObject\",\"inLanguage\":\"es-DO\",\"@id\":\"https:\/\/caid.gob.do\/transparencia\/#\/schema\/logo\/image\/\",\"url\":\"https:\/\/caid.gob.do\/transparencia\/wp-content\/uploads\/2023\/01\/CAID-LOGOS-EN-PNG_Mesa-de-trabajo-1.png\",\"contentUrl\":\"https:\/\/caid.gob.do\/transparencia\/wp-content\/uploads\/2023\/01\/CAID-LOGOS-EN-PNG_Mesa-de-trabajo-1.png\",\"width\":4500,\"height\":2220,\"caption\":\"Portal de Transparencia del CAID\"},\"image\":{\"@id\":\"https:\/\/caid.gob.do\/transparencia\/#\/schema\/logo\/image\/\"}}]}<\/script>\r\n<!-- \/ Yoast SEO plugin. -->","yoast_head_json":{"title":"Estad\u00edsticas y balances de gesti\u00f3n de la OAI del a\u00f1o 2022 - Portal de Transparencia del CAID","robots":{"index":"index","follow":"follow","max-snippet":"max-snippet:-1","max-image-preview":"max-image-preview:large","max-video-preview":"max-video-preview:-1"},"canonical":"https:\/\/caid.gob.do\/transparencia\/portal-de-transparencia-del-caid\/oficina-de-libre-acceso-a-la-informacion\/estadisticas-y-balances-de-gestion-de-la-oai\/estadisticas-y-balances-de-gestion-de-la-oai-2022\/","og_locale":"es_ES","og_type":"article","og_title":"Estad\u00edsticas y balances de gesti\u00f3n de la OAI del a\u00f1o 2022 - Portal de Transparencia del CAID","og_description":"Documentos de Octubre a Diciembre Estad\u00edsticas OAI Octubre &#8211; Diciembre 2022 DESCARGAR Estad\u00edsticas OAI Octubre &#8211; Diciembre 2022 DESCARGAR Documentos de Abril a Junio Estad\u00edsticas OAI Abril &#8211; Junio 2022 DESCARGAR Estad\u00edsticas OAI Abril &#8211; Junio 2022 DESCARGAR Documentos de Julio &#8211; Septiembre Estad\u00edsticas OAI Julio &#8211; Septiembre 2022 DESCARGAR Estad\u00edsticas OAI Julio &#8211; Septiembre [&hellip;]","og_url":"https:\/\/caid.gob.do\/transparencia\/portal-de-transparencia-del-caid\/oficina-de-libre-acceso-a-la-informacion\/estadisticas-y-balances-de-gestion-de-la-oai\/estadisticas-y-balances-de-gestion-de-la-oai-2022\/","og_site_name":"Portal de Transparencia del CAID","article_modified_time":"2023-05-15T17:21:09+00:00","og_image":[{"url":"https:\/\/caid.gob.do\/transparencia\/wp-content\/uploads\/iconos-para-web-08.png","type":"","width":"","height":""}],"twitter_card":"summary_large_image","twitter_misc":{"Est. reading time":"2 minutos"},"schema":{"@context":"https:\/\/schema.org","@graph":[{"@type":"WebPage","@id":"https:\/\/caid.gob.do\/transparencia\/portal-de-transparencia-del-caid\/oficina-de-libre-acceso-a-la-informacion\/estadisticas-y-balances-de-gestion-de-la-oai\/estadisticas-y-balances-de-gestion-de-la-oai-2022\/","url":"https:\/\/caid.gob.do\/transparencia\/portal-de-transparencia-del-caid\/oficina-de-libre-acceso-a-la-informacion\/estadisticas-y-balances-de-gestion-de-la-oai\/estadisticas-y-balances-de-gestion-de-la-oai-2022\/","name":"Estad\u00edsticas y balances de gesti\u00f3n de la OAI del a\u00f1o 2022 - Portal de Transparencia del CAID","isPartOf":{"@id":"https:\/\/caid.gob.do\/transparencia\/#website"},"primaryImageOfPage":{"@id":"https:\/\/caid.gob.do\/transparencia\/portal-de-transparencia-del-caid\/oficina-de-libre-acceso-a-la-informacion\/estadisticas-y-balances-de-gestion-de-la-oai\/estadisticas-y-balances-de-gestion-de-la-oai-2022\/#primaryimage"},"image":{"@id":"https:\/\/caid.gob.do\/transparencia\/portal-de-transparencia-del-caid\/oficina-de-libre-acceso-a-la-informacion\/estadisticas-y-balances-de-gestion-de-la-oai\/estadisticas-y-balances-de-gestion-de-la-oai-2022\/#primaryimage"},"thumbnailUrl":"https:\/\/caid.gob.do\/transparencia\/wp-content\/uploads\/iconos-para-web-08.png","datePublished":"2023-01-12T19:11:48+00:00","dateModified":"2023-05-15T17:21:09+00:00","breadcrumb":{"@id":"https:\/\/caid.gob.do\/transparencia\/portal-de-transparencia-del-caid\/oficina-de-libre-acceso-a-la-informacion\/estadisticas-y-balances-de-gestion-de-la-oai\/estadisticas-y-balances-de-gestion-de-la-oai-2022\/#breadcrumb"},"inLanguage":"es-DO","potentialAction":[{"@type":"ReadAction","target":["https:\/\/caid.gob.do\/transparencia\/portal-de-transparencia-del-caid\/oficina-de-libre-acceso-a-la-informacion\/estadisticas-y-balances-de-gestion-de-la-oai\/estadisticas-y-balances-de-gestion-de-la-oai-2022\/"]}]},{"@type":"ImageObject","inLanguage":"es-DO","@id":"https:\/\/caid.gob.do\/transparencia\/portal-de-transparencia-del-caid\/oficina-de-libre-acceso-a-la-informacion\/estadisticas-y-balances-de-gestion-de-la-oai\/estadisticas-y-balances-de-gestion-de-la-oai-2022\/#primaryimage","url":"https:\/\/caid.gob.do\/transparencia\/wp-content\/uploads\/iconos-para-web-08.png","contentUrl":"https:\/\/caid.gob.do\/transparencia\/wp-content\/uploads\/iconos-para-web-08.png","width":128,"height":128},{"@type":"BreadcrumbList","@id":"https:\/\/caid.gob.do\/transparencia\/portal-de-transparencia-del-caid\/oficina-de-libre-acceso-a-la-informacion\/estadisticas-y-balances-de-gestion-de-la-oai\/estadisticas-y-balances-de-gestion-de-la-oai-2022\/#breadcrumb","itemListElement":[{"@type":"ListItem","position":1,"name":"Est\u00e1s aqu\u00ed:","item":"https:\/\/caid.gob.do\/transparencia\/"},{"@type":"ListItem","position":2,"name":"Portal de transparencia del CAID","item":"https:\/\/caid.gob.do\/transparencia\/"},{"@type":"ListItem","position":3,"name":"Oficina de libre acceso a la informaci\u00f3n","item":"https:\/\/caid.gob.do\/transparencia\/portal-de-transparencia-del-caid\/oficina-de-libre-acceso-a-la-informacion\/"},{"@type":"ListItem","position":4,"name":"Estad\u00edsticas y balances de gesti\u00f3n de la OAI","item":"https:\/\/caid.gob.do\/transparencia\/portal-de-transparencia-del-caid\/oficina-de-libre-acceso-a-la-informacion\/estadisticas-y-balances-de-gestion-de-la-oai\/"},{"@type":"ListItem","position":5,"name":"Estad\u00edsticas y balances de gesti\u00f3n de la OAI del a\u00f1o 2022"}]},{"@type":"WebSite","@id":"https:\/\/caid.gob.do\/transparencia\/#website","url":"https:\/\/caid.gob.do\/transparencia\/","name":"Portal de Transparencia del CAID","description":"Transparencia del CAID","publisher":{"@id":"https:\/\/caid.gob.do\/transparencia\/#organization"},"potentialAction":[{"@type":"SearchAction","target":{"@type":"EntryPoint","urlTemplate":"https:\/\/caid.gob.do\/transparencia\/?s={search_term_string}"},"query-input":{"@type":"PropertyValueSpecification","valueRequired":true,"valueName":"search_term_string"}}],"inLanguage":"es-DO"},{"@type":"Organization","@id":"https:\/\/caid.gob.do\/transparencia\/#organization","name":"Portal de Transparencia del CAID","url":"https:\/\/caid.gob.do\/transparencia\/","logo":{"@type":"ImageObject","inLanguage":"es-DO","@id":"https:\/\/caid.gob.do\/transparencia\/#\/schema\/logo\/image\/","url":"https:\/\/caid.gob.do\/transparencia\/wp-content\/uploads\/2023\/01\/CAID-LOGOS-EN-PNG_Mesa-de-trabajo-1.png","contentUrl":"https:\/\/caid.gob.do\/transparencia\/wp-content\/uploads\/2023\/01\/CAID-LOGOS-EN-PNG_Mesa-de-trabajo-1.png","width":4500,"height":2220,"caption":"Portal de Transparencia del CAID"},"image":{"@id":"https:\/\/caid.gob.do\/transparencia\/#\/schema\/logo\/image\/"}}]}},"jetpack_sharing_enabled":true,"_links":{"self":[{"href":"https:\/\/caid.gob.do\/transparencia\/wp-json\/wp\/v2\/pages\/1928","targetHints":{"allow":["GET"]}}],"collection":[{"href":"https:\/\/caid.gob.do\/transparencia\/wp-json\/wp\/v2\/pages"}],"about":[{"href":"https:\/\/caid.gob.do\/transparencia\/wp-json\/wp\/v2\/types\/page"}],"author":[{"embeddable":true,"href":"https:\/\/caid.gob.do\/transparencia\/wp-json\/wp\/v2\/users\/1"}],"replies":[{"embeddable":true,"href":"https:\/\/caid.gob.do\/transparencia\/wp-json\/wp\/v2\/comments?post=1928"}],"version-history":[{"count":25,"href":"https:\/\/caid.gob.do\/transparencia\/wp-json\/wp\/v2\/pages\/1928\/revisions"}],"predecessor-version":[{"id":4198,"href":"https:\/\/caid.gob.do\/transparencia\/wp-json\/wp\/v2\/pages\/1928\/revisions\/4198"}],"up":[{"embeddable":true,"href":"https:\/\/caid.gob.do\/transparencia\/wp-json\/wp\/v2\/pages\/397"}],"wp:attachment":[{"href":"https:\/\/caid.gob.do\/transparencia\/wp-json\/wp\/v2\/media?parent=1928"}],"curies":[{"name":"wp","href":"https:\/\/api.w.org\/{rel}","templated":true}]}}