{"id":284,"date":"2023-01-03T13:22:54","date_gmt":"2023-01-03T13:22:54","guid":{"rendered":"https:\/\/caid.gob.do\/transparencia\/caid-daf-cm-2022-0045\/"},"modified":"2023-05-15T17:21:26","modified_gmt":"2023-05-15T17:21:26","slug":"caid-daf-cm-2022-0045","status":"publish","type":"page","link":"https:\/\/caid.gob.do\/transparencia\/portal-de-transparencia-del-caid\/compras-y-contrataciones-publicas\/compras-menores\/compras-menores-2022\/caid-daf-cm-2022-0045\/","title":{"rendered":"CAID-DAF-CM-2022-0045"},"content":{"rendered":"\t\t<div data-elementor-type=\"wp-page\" data-elementor-id=\"284\" class=\"elementor elementor-284\" data-elementor-post-type=\"page\">\n\t\t\t\t\t\t<section class=\"elementor-section elementor-top-section elementor-element elementor-element-6ff34d1 elementor-section-boxed elementor-section-height-default elementor-section-height-default\" data-id=\"6ff34d1\" data-element_type=\"section\" data-e-type=\"section\">\n\t\t\t\t\t\t<div class=\"elementor-container elementor-column-gap-no\">\n\t\t\t\t\t<div class=\"elementor-column elementor-col-100 elementor-top-column elementor-element elementor-element-5638a87\" data-id=\"5638a87\" data-element_type=\"column\" data-e-type=\"column\">\n\t\t\t<div class=\"elementor-widget-wrap elementor-element-populated\">\n\t\t\t\t\t\t<div class=\"elementor-element elementor-element-161baa30 elementor-widget elementor-widget-text-editor\" data-id=\"161baa30\" data-element_type=\"widget\" data-e-type=\"widget\" data-widget_type=\"text-editor.default\">\n\t\t\t\t<div class=\"elementor-widget-container\">\n\t\t\t\t\t\t\t\t\t<p>SERVICIO DE FUMIGACI\u00d3N PARA EL MANEJO INTEGRAL DE PLAGAS, PARA LA RED CAID SANTO DOMINGO OESTE, SANTIAGO Y SAN JUAN DE LA MAGUANA.\u00a0<a href=\"https:\/\/comunidad.comprasdominicana.gob.do\/Public\/Tendering\/OpportunityDetail\/Index?noticeUID=DO1.NTC.1153304&amp;isModal=true&amp;asPopupView=true\" target=\"_blank\" rel=\"noopener\"><strong>Ir al portal de compras<\/strong><\/a><\/p>\t\t\t\t\t\t\t\t<\/div>\n\t\t\t\t<\/div>\n\t\t\t\t<div class=\"elementor-element elementor-element-19b174e3 elementor-widget elementor-widget-toggle\" data-id=\"19b174e3\" data-element_type=\"widget\" data-e-type=\"widget\" data-widget_type=\"toggle.default\">\n\t\t\t\t<div class=\"elementor-widget-container\">\n\t\t\t\t\t\t\t<div class=\"elementor-toggle\">\n\t\t\t\t\t\t\t<div class=\"elementor-toggle-item\">\n\t\t\t\t\t<div id=\"elementor-tab-title-4311\" class=\"elementor-tab-title\" data-tab=\"1\" role=\"button\" aria-controls=\"elementor-tab-content-4311\" aria-expanded=\"false\">\n\t\t\t\t\t\t\t\t\t\t\t\t<span class=\"elementor-toggle-icon elementor-toggle-icon-left\" aria-hidden=\"true\">\n\t\t\t\t\t\t\t\t\t\t\t\t\t\t\t<span class=\"elementor-toggle-icon-closed\"><i class=\"fas fa-caret-right\"><\/i><\/span>\n\t\t\t\t\t\t\t\t<span class=\"elementor-toggle-icon-opened\"><i class=\"elementor-toggle-icon-opened fas fa-caret-up\"><\/i><\/span>\n\t\t\t\t\t\t\t\t\t\t\t\t\t<\/span>\n\t\t\t\t\t\t\t\t\t\t\t\t<a class=\"elementor-toggle-title\" tabindex=\"0\">Documentos<\/a>\n\t\t\t\t\t<\/div>\n\n\t\t\t\t\t<div id=\"elementor-tab-content-4311\" class=\"elementor-tab-content elementor-clearfix\" data-tab=\"1\" role=\"region\" aria-labelledby=\"elementor-tab-title-4311\"><div class=\"grid\">\n<div><img decoding=\"async\" class=\"iconpdf\" src=\"https:\/\/caid.gob.do\/transparencia\/wp-content\/uploads\/2023\/01\/pdf-1-1.png\" \/><\/div>\n<div>Solicitud de compra.\n<a href=\"https:\/\/caid.gob.do\/caid\/wp-content\/uploads\/Solicitud-de-compras-xxx-cm-22-0045.pdf\" target=\"_blank\" rel=\"noopener\"><strong>DESCARGAR<\/strong><\/a><\/div>\n<\/div>\n\n<hr \/>\n\n<div class=\"grid\">\n<div><img decoding=\"async\" class=\"iconpdf\" src=\"https:\/\/caid.gob.do\/transparencia\/wp-content\/uploads\/2023\/01\/pdf-1-1.png\" \/><\/div>\n<div>Certificaci\u00f3n apropiaci\u00f3n presupuestaria.\n<a href=\"https:\/\/caid.gob.do\/caid\/wp-content\/uploads\/Certificado-de-apropiacion-presupuestaria-xxx-cm-22-0045.pdf\" target=\"_blank\" rel=\"noopener\"><strong>DESCARGAR<\/strong><\/a><\/div>\n<\/div>\n\n<hr \/>\n\n<div class=\"grid\">\n<div><img decoding=\"async\" class=\"iconpdf\" src=\"https:\/\/caid.gob.do\/transparencia\/wp-content\/uploads\/2023\/01\/pdf-1-1.png\" \/><\/div>\n<div>Ficha t\u00e9cnica.\n<a href=\"https:\/\/caid.gob.do\/caid\/wp-content\/uploads\/Ficha-Tecnica-xxx-cm-22-0045.pdf\" target=\"_blank\" rel=\"noopener\"><strong>DESCARGAR<\/strong><\/a><\/div>\n<\/div>\n\n<hr \/>\n\n<div class=\"grid\">\n<div><img decoding=\"async\" class=\"iconpdf\" src=\"https:\/\/caid.gob.do\/transparencia\/wp-content\/uploads\/2023\/01\/pdf-1-1.png\" \/><\/div>\n<div>Listado de participantes 0045.\n<a href=\"https:\/\/caid.gob.do\/caid\/wp-content\/uploads\/Lista-de-participantes-xxx-cm-22-0045.pdf\" target=\"_blank\" rel=\"noopener\"><strong>DESCARGAR<\/strong><\/a><\/div>\n<\/div>\n\n<hr \/>\n\n<div class=\"grid\">\n<div><img decoding=\"async\" class=\"iconpdf\" src=\"https:\/\/caid.gob.do\/transparencia\/wp-content\/uploads\/2023\/01\/pdf-1-1.png\" \/><\/div>\n<div>Acta de adjudicaci\u00f3n.\n<a href=\"https:\/\/caid.gob.do\/caid\/wp-content\/uploads\/Adjudicacion-xxx-cm-22-0045.pdf\" target=\"_blank\" rel=\"noopener\"><strong>DESCARGAR<\/strong><\/a><\/div>\n<\/div>\n\n<hr \/>\n\n<div class=\"grid\">\n<div><img decoding=\"async\" class=\"iconpdf\" src=\"https:\/\/caid.gob.do\/transparencia\/wp-content\/uploads\/2023\/01\/pdf-1-1.png\" \/><\/div>\n<div>Cuota a Comprometer.\n<a href=\"https:\/\/caid.gob.do\/caid\/wp-content\/uploads\/Cuota-compromiso-xxx-cm-22-0045.pdf\" target=\"_blank\" rel=\"noopener\"><strong>DESCARGAR<\/strong><\/a><\/div>\n<\/div>\n\n<hr \/>\n\n<div class=\"grid\">\n<div><img decoding=\"async\" class=\"iconpdf\" src=\"https:\/\/caid.gob.do\/transparencia\/wp-content\/uploads\/2023\/01\/pdf-1-1.png\" \/><\/div>\n<div>Orden de compra.\n<a href=\"https:\/\/caid.gob.do\/caid\/wp-content\/uploads\/Orden-de-Compra-xxx-cm-22-0045.pdf\" target=\"_blank\" rel=\"noopener\"><strong>DESCARGAR<\/strong><\/a><\/div>\n<\/div><\/div>\n\t\t\t\t<\/div>\n\t\t\t\t\t\t\t\t\t\t<script type=\"application\/ld+json\">{\"@context\":\"https:\\\/\\\/schema.org\",\"@type\":\"FAQPage\",\"mainEntity\":[{\"@type\":\"Question\",\"name\":\"Documentos\",\"acceptedAnswer\":{\"@type\":\"Answer\",\"text\":\"<div class=\\\"grid\\\">\\n<div><img class=\\\"iconpdf\\\" src=\\\"https:\\\/\\\/caid.gob.do\\\/transparencia\\\/wp-content\\\/uploads\\\/2023\\\/01\\\/pdf-1-1.png\\\" \\\/><\\\/div>\\n<div>Solicitud de compra.\\n<a href=\\\"https:\\\/\\\/caid.gob.do\\\/caid\\\/wp-content\\\/uploads\\\/Solicitud-de-compras-xxx-cm-22-0045.pdf\\\" target=\\\"_blank\\\" rel=\\\"noopener\\\"><strong>DESCARGAR<\\\/strong><\\\/a><\\\/div>\\n<\\\/div>\\n\\n<hr \\\/>\\n\\n<div class=\\\"grid\\\">\\n<div><img class=\\\"iconpdf\\\" src=\\\"https:\\\/\\\/caid.gob.do\\\/transparencia\\\/wp-content\\\/uploads\\\/2023\\\/01\\\/pdf-1-1.png\\\" \\\/><\\\/div>\\n<div>Certificaci\\u00f3n apropiaci\\u00f3n presupuestaria.\\n<a href=\\\"https:\\\/\\\/caid.gob.do\\\/caid\\\/wp-content\\\/uploads\\\/Certificado-de-apropiacion-presupuestaria-xxx-cm-22-0045.pdf\\\" target=\\\"_blank\\\" rel=\\\"noopener\\\"><strong>DESCARGAR<\\\/strong><\\\/a><\\\/div>\\n<\\\/div>\\n\\n<hr \\\/>\\n\\n<div class=\\\"grid\\\">\\n<div><img class=\\\"iconpdf\\\" src=\\\"https:\\\/\\\/caid.gob.do\\\/transparencia\\\/wp-content\\\/uploads\\\/2023\\\/01\\\/pdf-1-1.png\\\" \\\/><\\\/div>\\n<div>Ficha t\\u00e9cnica.\\n<a href=\\\"https:\\\/\\\/caid.gob.do\\\/caid\\\/wp-content\\\/uploads\\\/Ficha-Tecnica-xxx-cm-22-0045.pdf\\\" target=\\\"_blank\\\" rel=\\\"noopener\\\"><strong>DESCARGAR<\\\/strong><\\\/a><\\\/div>\\n<\\\/div>\\n\\n<hr \\\/>\\n\\n<div class=\\\"grid\\\">\\n<div><img class=\\\"iconpdf\\\" src=\\\"https:\\\/\\\/caid.gob.do\\\/transparencia\\\/wp-content\\\/uploads\\\/2023\\\/01\\\/pdf-1-1.png\\\" \\\/><\\\/div>\\n<div>Listado de participantes 0045.\\n<a href=\\\"https:\\\/\\\/caid.gob.do\\\/caid\\\/wp-content\\\/uploads\\\/Lista-de-participantes-xxx-cm-22-0045.pdf\\\" target=\\\"_blank\\\" rel=\\\"noopener\\\"><strong>DESCARGAR<\\\/strong><\\\/a><\\\/div>\\n<\\\/div>\\n\\n<hr \\\/>\\n\\n<div class=\\\"grid\\\">\\n<div><img class=\\\"iconpdf\\\" src=\\\"https:\\\/\\\/caid.gob.do\\\/transparencia\\\/wp-content\\\/uploads\\\/2023\\\/01\\\/pdf-1-1.png\\\" \\\/><\\\/div>\\n<div>Acta de adjudicaci\\u00f3n.\\n<a href=\\\"https:\\\/\\\/caid.gob.do\\\/caid\\\/wp-content\\\/uploads\\\/Adjudicacion-xxx-cm-22-0045.pdf\\\" target=\\\"_blank\\\" rel=\\\"noopener\\\"><strong>DESCARGAR<\\\/strong><\\\/a><\\\/div>\\n<\\\/div>\\n\\n<hr \\\/>\\n\\n<div class=\\\"grid\\\">\\n<div><img class=\\\"iconpdf\\\" src=\\\"https:\\\/\\\/caid.gob.do\\\/transparencia\\\/wp-content\\\/uploads\\\/2023\\\/01\\\/pdf-1-1.png\\\" \\\/><\\\/div>\\n<div>Cuota a Comprometer.\\n<a href=\\\"https:\\\/\\\/caid.gob.do\\\/caid\\\/wp-content\\\/uploads\\\/Cuota-compromiso-xxx-cm-22-0045.pdf\\\" target=\\\"_blank\\\" rel=\\\"noopener\\\"><strong>DESCARGAR<\\\/strong><\\\/a><\\\/div>\\n<\\\/div>\\n\\n<hr \\\/>\\n\\n<div class=\\\"grid\\\">\\n<div><img class=\\\"iconpdf\\\" src=\\\"https:\\\/\\\/caid.gob.do\\\/transparencia\\\/wp-content\\\/uploads\\\/2023\\\/01\\\/pdf-1-1.png\\\" \\\/><\\\/div>\\n<div>Orden de compra.\\n<a href=\\\"https:\\\/\\\/caid.gob.do\\\/caid\\\/wp-content\\\/uploads\\\/Orden-de-Compra-xxx-cm-22-0045.pdf\\\" target=\\\"_blank\\\" rel=\\\"noopener\\\"><strong>DESCARGAR<\\\/strong><\\\/a><\\\/div>\\n<\\\/div>\"}}]}<\/script>\n\t\t\t\t\t<\/div>\n\t\t\t\t\t\t<\/div>\n\t\t\t\t<\/div>\n\t\t\t\t\t<\/div>\n\t\t<\/div>\n\t\t\t\t\t<\/div>\n\t\t<\/section>\n\t\t\t\t<\/div>\n\t\t","protected":false},"excerpt":{"rendered":"<p>SERVICIO DE FUMIGACI\u00d3N PARA EL MANEJO INTEGRAL DE PLAGAS, PARA LA RED CAID SANTO DOMINGO OESTE, SANTIAGO Y SAN JUAN DE LA MAGUANA.\u00a0Ir al portal de compras Documentos Solicitud de compra. DESCARGAR Certificaci\u00f3n apropiaci\u00f3n presupuestaria. DESCARGAR Ficha t\u00e9cnica. DESCARGAR Listado de participantes 0045. DESCARGAR Acta de adjudicaci\u00f3n. DESCARGAR Cuota a Comprometer. DESCARGAR Orden de compra. [&hellip;]<\/p>\n","protected":false},"author":1,"featured_media":0,"parent":3014,"menu_order":0,"comment_status":"closed","ping_status":"closed","template":"","meta":{"footnotes":""},"class_list":["post-284","page","type-page","status-publish","hentry"],"yoast_head":"<!-- This site is optimized with the Yoast SEO plugin v27.0 - https:\/\/yoast.com\/product\/yoast-seo-wordpress\/ -->\r\n<title>CAID-DAF-CM-2022-0045 - Portal de Transparencia del CAID<\/title>\r\n<meta name=\"robots\" content=\"index, follow, max-snippet:-1, max-image-preview:large, max-video-preview:-1\" \/>\r\n<link rel=\"canonical\" href=\"https:\/\/caid.gob.do\/transparencia\/portal-de-transparencia-del-caid\/compras-y-contrataciones-publicas\/compras-menores\/compras-menores-2022\/caid-daf-cm-2022-0045\/\" \/>\r\n<meta property=\"og:locale\" content=\"es_ES\" \/>\r\n<meta property=\"og:type\" content=\"article\" \/>\r\n<meta property=\"og:title\" content=\"CAID-DAF-CM-2022-0045 - Portal de Transparencia del CAID\" \/>\r\n<meta property=\"og:description\" content=\"SERVICIO DE FUMIGACI\u00d3N PARA EL MANEJO INTEGRAL DE PLAGAS, PARA LA RED CAID SANTO DOMINGO OESTE, SANTIAGO Y SAN JUAN DE LA MAGUANA.\u00a0Ir al portal de compras Documentos Solicitud de compra. DESCARGAR Certificaci\u00f3n apropiaci\u00f3n presupuestaria. DESCARGAR Ficha t\u00e9cnica. DESCARGAR Listado de participantes 0045. DESCARGAR Acta de adjudicaci\u00f3n. DESCARGAR Cuota a Comprometer. DESCARGAR Orden de compra. [&hellip;]\" \/>\r\n<meta property=\"og:url\" content=\"https:\/\/caid.gob.do\/transparencia\/portal-de-transparencia-del-caid\/compras-y-contrataciones-publicas\/compras-menores\/compras-menores-2022\/caid-daf-cm-2022-0045\/\" \/>\r\n<meta property=\"og:site_name\" content=\"Portal de Transparencia del CAID\" \/>\r\n<meta property=\"article:modified_time\" content=\"2023-05-15T17:21:26+00:00\" \/>\r\n<meta property=\"og:image\" content=\"https:\/\/caid.gob.do\/transparencia\/wp-content\/uploads\/2023\/01\/pdf-1-1.png\" \/>\r\n<meta name=\"twitter:card\" content=\"summary_large_image\" \/>\r\n<meta name=\"twitter:label1\" content=\"Est. reading time\" \/>\n\t<meta name=\"twitter:data1\" content=\"2 minutos\" \/>\r\n<script type=\"application\/ld+json\" class=\"yoast-schema-graph\">{\"@context\":\"https:\/\/schema.org\",\"@graph\":[{\"@type\":\"WebPage\",\"@id\":\"https:\/\/caid.gob.do\/transparencia\/portal-de-transparencia-del-caid\/compras-y-contrataciones-publicas\/compras-menores\/compras-menores-2022\/caid-daf-cm-2022-0045\/\",\"url\":\"https:\/\/caid.gob.do\/transparencia\/portal-de-transparencia-del-caid\/compras-y-contrataciones-publicas\/compras-menores\/compras-menores-2022\/caid-daf-cm-2022-0045\/\",\"name\":\"CAID-DAF-CM-2022-0045 - Portal de Transparencia del CAID\",\"isPartOf\":{\"@id\":\"https:\/\/caid.gob.do\/transparencia\/#website\"},\"primaryImageOfPage\":{\"@id\":\"https:\/\/caid.gob.do\/transparencia\/portal-de-transparencia-del-caid\/compras-y-contrataciones-publicas\/compras-menores\/compras-menores-2022\/caid-daf-cm-2022-0045\/#primaryimage\"},\"image\":{\"@id\":\"https:\/\/caid.gob.do\/transparencia\/portal-de-transparencia-del-caid\/compras-y-contrataciones-publicas\/compras-menores\/compras-menores-2022\/caid-daf-cm-2022-0045\/#primaryimage\"},\"thumbnailUrl\":\"https:\/\/caid.gob.do\/transparencia\/wp-content\/uploads\/2023\/01\/pdf-1-1.png\",\"datePublished\":\"2023-01-03T13:22:54+00:00\",\"dateModified\":\"2023-05-15T17:21:26+00:00\",\"breadcrumb\":{\"@id\":\"https:\/\/caid.gob.do\/transparencia\/portal-de-transparencia-del-caid\/compras-y-contrataciones-publicas\/compras-menores\/compras-menores-2022\/caid-daf-cm-2022-0045\/#breadcrumb\"},\"inLanguage\":\"es-DO\",\"potentialAction\":[{\"@type\":\"ReadAction\",\"target\":[\"https:\/\/caid.gob.do\/transparencia\/portal-de-transparencia-del-caid\/compras-y-contrataciones-publicas\/compras-menores\/compras-menores-2022\/caid-daf-cm-2022-0045\/\"]}]},{\"@type\":\"ImageObject\",\"inLanguage\":\"es-DO\",\"@id\":\"https:\/\/caid.gob.do\/transparencia\/portal-de-transparencia-del-caid\/compras-y-contrataciones-publicas\/compras-menores\/compras-menores-2022\/caid-daf-cm-2022-0045\/#primaryimage\",\"url\":\"https:\/\/caid.gob.do\/transparencia\/wp-content\/uploads\/2023\/01\/pdf-1-1.png\",\"contentUrl\":\"https:\/\/caid.gob.do\/transparencia\/wp-content\/uploads\/2023\/01\/pdf-1-1.png\",\"width\":512,\"height\":512},{\"@type\":\"BreadcrumbList\",\"@id\":\"https:\/\/caid.gob.do\/transparencia\/portal-de-transparencia-del-caid\/compras-y-contrataciones-publicas\/compras-menores\/compras-menores-2022\/caid-daf-cm-2022-0045\/#breadcrumb\",\"itemListElement\":[{\"@type\":\"ListItem\",\"position\":1,\"name\":\"Est\u00e1s aqu\u00ed:\",\"item\":\"https:\/\/caid.gob.do\/transparencia\/\"},{\"@type\":\"ListItem\",\"position\":2,\"name\":\"Portal de transparencia del CAID\",\"item\":\"https:\/\/caid.gob.do\/transparencia\/\"},{\"@type\":\"ListItem\",\"position\":3,\"name\":\"Compras y contrataciones p\u00fablicas\",\"item\":\"https:\/\/caid.gob.do\/transparencia\/portal-de-transparencia-del-caid\/compras-y-contrataciones-publicas\/\"},{\"@type\":\"ListItem\",\"position\":4,\"name\":\"Compras menores\",\"item\":\"https:\/\/caid.gob.do\/transparencia\/portal-de-transparencia-del-caid\/compras-y-contrataciones-publicas\/compras-menores\/\"},{\"@type\":\"ListItem\",\"position\":5,\"name\":\"Compras menores del a\u00f1o 2022\",\"item\":\"https:\/\/caid.gob.do\/transparencia\/portal-de-transparencia-del-caid\/compras-y-contrataciones-publicas\/compras-menores\/compras-menores-2022\/\"},{\"@type\":\"ListItem\",\"position\":6,\"name\":\"CAID-DAF-CM-2022-0045\"}]},{\"@type\":\"WebSite\",\"@id\":\"https:\/\/caid.gob.do\/transparencia\/#website\",\"url\":\"https:\/\/caid.gob.do\/transparencia\/\",\"name\":\"Portal de Transparencia del CAID\",\"description\":\"Transparencia del CAID\",\"publisher\":{\"@id\":\"https:\/\/caid.gob.do\/transparencia\/#organization\"},\"potentialAction\":[{\"@type\":\"SearchAction\",\"target\":{\"@type\":\"EntryPoint\",\"urlTemplate\":\"https:\/\/caid.gob.do\/transparencia\/?s={search_term_string}\"},\"query-input\":{\"@type\":\"PropertyValueSpecification\",\"valueRequired\":true,\"valueName\":\"search_term_string\"}}],\"inLanguage\":\"es-DO\"},{\"@type\":\"Organization\",\"@id\":\"https:\/\/caid.gob.do\/transparencia\/#organization\",\"name\":\"Portal de Transparencia del CAID\",\"url\":\"https:\/\/caid.gob.do\/transparencia\/\",\"logo\":{\"@type\":\"ImageObject\",\"inLanguage\":\"es-DO\",\"@id\":\"https:\/\/caid.gob.do\/transparencia\/#\/schema\/logo\/image\/\",\"url\":\"https:\/\/caid.gob.do\/transparencia\/wp-content\/uploads\/2023\/01\/CAID-LOGOS-EN-PNG_Mesa-de-trabajo-1.png\",\"contentUrl\":\"https:\/\/caid.gob.do\/transparencia\/wp-content\/uploads\/2023\/01\/CAID-LOGOS-EN-PNG_Mesa-de-trabajo-1.png\",\"width\":4500,\"height\":2220,\"caption\":\"Portal de Transparencia del CAID\"},\"image\":{\"@id\":\"https:\/\/caid.gob.do\/transparencia\/#\/schema\/logo\/image\/\"}}]}<\/script>\r\n<!-- \/ Yoast SEO plugin. -->","yoast_head_json":{"title":"CAID-DAF-CM-2022-0045 - Portal de Transparencia del CAID","robots":{"index":"index","follow":"follow","max-snippet":"max-snippet:-1","max-image-preview":"max-image-preview:large","max-video-preview":"max-video-preview:-1"},"canonical":"https:\/\/caid.gob.do\/transparencia\/portal-de-transparencia-del-caid\/compras-y-contrataciones-publicas\/compras-menores\/compras-menores-2022\/caid-daf-cm-2022-0045\/","og_locale":"es_ES","og_type":"article","og_title":"CAID-DAF-CM-2022-0045 - Portal de Transparencia del CAID","og_description":"SERVICIO DE FUMIGACI\u00d3N PARA EL MANEJO INTEGRAL DE PLAGAS, PARA LA RED CAID SANTO DOMINGO OESTE, SANTIAGO Y SAN JUAN DE LA MAGUANA.\u00a0Ir al portal de compras Documentos Solicitud de compra. DESCARGAR Certificaci\u00f3n apropiaci\u00f3n presupuestaria. DESCARGAR Ficha t\u00e9cnica. DESCARGAR Listado de participantes 0045. DESCARGAR Acta de adjudicaci\u00f3n. DESCARGAR Cuota a Comprometer. DESCARGAR Orden de compra. [&hellip;]","og_url":"https:\/\/caid.gob.do\/transparencia\/portal-de-transparencia-del-caid\/compras-y-contrataciones-publicas\/compras-menores\/compras-menores-2022\/caid-daf-cm-2022-0045\/","og_site_name":"Portal de Transparencia del CAID","article_modified_time":"2023-05-15T17:21:26+00:00","og_image":[{"url":"https:\/\/caid.gob.do\/transparencia\/wp-content\/uploads\/2023\/01\/pdf-1-1.png","type":"","width":"","height":""}],"twitter_card":"summary_large_image","twitter_misc":{"Est. reading time":"2 minutos"},"schema":{"@context":"https:\/\/schema.org","@graph":[{"@type":"WebPage","@id":"https:\/\/caid.gob.do\/transparencia\/portal-de-transparencia-del-caid\/compras-y-contrataciones-publicas\/compras-menores\/compras-menores-2022\/caid-daf-cm-2022-0045\/","url":"https:\/\/caid.gob.do\/transparencia\/portal-de-transparencia-del-caid\/compras-y-contrataciones-publicas\/compras-menores\/compras-menores-2022\/caid-daf-cm-2022-0045\/","name":"CAID-DAF-CM-2022-0045 - Portal de Transparencia del CAID","isPartOf":{"@id":"https:\/\/caid.gob.do\/transparencia\/#website"},"primaryImageOfPage":{"@id":"https:\/\/caid.gob.do\/transparencia\/portal-de-transparencia-del-caid\/compras-y-contrataciones-publicas\/compras-menores\/compras-menores-2022\/caid-daf-cm-2022-0045\/#primaryimage"},"image":{"@id":"https:\/\/caid.gob.do\/transparencia\/portal-de-transparencia-del-caid\/compras-y-contrataciones-publicas\/compras-menores\/compras-menores-2022\/caid-daf-cm-2022-0045\/#primaryimage"},"thumbnailUrl":"https:\/\/caid.gob.do\/transparencia\/wp-content\/uploads\/2023\/01\/pdf-1-1.png","datePublished":"2023-01-03T13:22:54+00:00","dateModified":"2023-05-15T17:21:26+00:00","breadcrumb":{"@id":"https:\/\/caid.gob.do\/transparencia\/portal-de-transparencia-del-caid\/compras-y-contrataciones-publicas\/compras-menores\/compras-menores-2022\/caid-daf-cm-2022-0045\/#breadcrumb"},"inLanguage":"es-DO","potentialAction":[{"@type":"ReadAction","target":["https:\/\/caid.gob.do\/transparencia\/portal-de-transparencia-del-caid\/compras-y-contrataciones-publicas\/compras-menores\/compras-menores-2022\/caid-daf-cm-2022-0045\/"]}]},{"@type":"ImageObject","inLanguage":"es-DO","@id":"https:\/\/caid.gob.do\/transparencia\/portal-de-transparencia-del-caid\/compras-y-contrataciones-publicas\/compras-menores\/compras-menores-2022\/caid-daf-cm-2022-0045\/#primaryimage","url":"https:\/\/caid.gob.do\/transparencia\/wp-content\/uploads\/2023\/01\/pdf-1-1.png","contentUrl":"https:\/\/caid.gob.do\/transparencia\/wp-content\/uploads\/2023\/01\/pdf-1-1.png","width":512,"height":512},{"@type":"BreadcrumbList","@id":"https:\/\/caid.gob.do\/transparencia\/portal-de-transparencia-del-caid\/compras-y-contrataciones-publicas\/compras-menores\/compras-menores-2022\/caid-daf-cm-2022-0045\/#breadcrumb","itemListElement":[{"@type":"ListItem","position":1,"name":"Est\u00e1s aqu\u00ed:","item":"https:\/\/caid.gob.do\/transparencia\/"},{"@type":"ListItem","position":2,"name":"Portal de transparencia del CAID","item":"https:\/\/caid.gob.do\/transparencia\/"},{"@type":"ListItem","position":3,"name":"Compras y contrataciones p\u00fablicas","item":"https:\/\/caid.gob.do\/transparencia\/portal-de-transparencia-del-caid\/compras-y-contrataciones-publicas\/"},{"@type":"ListItem","position":4,"name":"Compras menores","item":"https:\/\/caid.gob.do\/transparencia\/portal-de-transparencia-del-caid\/compras-y-contrataciones-publicas\/compras-menores\/"},{"@type":"ListItem","position":5,"name":"Compras menores del a\u00f1o 2022","item":"https:\/\/caid.gob.do\/transparencia\/portal-de-transparencia-del-caid\/compras-y-contrataciones-publicas\/compras-menores\/compras-menores-2022\/"},{"@type":"ListItem","position":6,"name":"CAID-DAF-CM-2022-0045"}]},{"@type":"WebSite","@id":"https:\/\/caid.gob.do\/transparencia\/#website","url":"https:\/\/caid.gob.do\/transparencia\/","name":"Portal de Transparencia del CAID","description":"Transparencia del CAID","publisher":{"@id":"https:\/\/caid.gob.do\/transparencia\/#organization"},"potentialAction":[{"@type":"SearchAction","target":{"@type":"EntryPoint","urlTemplate":"https:\/\/caid.gob.do\/transparencia\/?s={search_term_string}"},"query-input":{"@type":"PropertyValueSpecification","valueRequired":true,"valueName":"search_term_string"}}],"inLanguage":"es-DO"},{"@type":"Organization","@id":"https:\/\/caid.gob.do\/transparencia\/#organization","name":"Portal de Transparencia del CAID","url":"https:\/\/caid.gob.do\/transparencia\/","logo":{"@type":"ImageObject","inLanguage":"es-DO","@id":"https:\/\/caid.gob.do\/transparencia\/#\/schema\/logo\/image\/","url":"https:\/\/caid.gob.do\/transparencia\/wp-content\/uploads\/2023\/01\/CAID-LOGOS-EN-PNG_Mesa-de-trabajo-1.png","contentUrl":"https:\/\/caid.gob.do\/transparencia\/wp-content\/uploads\/2023\/01\/CAID-LOGOS-EN-PNG_Mesa-de-trabajo-1.png","width":4500,"height":2220,"caption":"Portal de Transparencia del CAID"},"image":{"@id":"https:\/\/caid.gob.do\/transparencia\/#\/schema\/logo\/image\/"}}]}},"jetpack_sharing_enabled":true,"_links":{"self":[{"href":"https:\/\/caid.gob.do\/transparencia\/wp-json\/wp\/v2\/pages\/284","targetHints":{"allow":["GET"]}}],"collection":[{"href":"https:\/\/caid.gob.do\/transparencia\/wp-json\/wp\/v2\/pages"}],"about":[{"href":"https:\/\/caid.gob.do\/transparencia\/wp-json\/wp\/v2\/types\/page"}],"author":[{"embeddable":true,"href":"https:\/\/caid.gob.do\/transparencia\/wp-json\/wp\/v2\/users\/1"}],"replies":[{"embeddable":true,"href":"https:\/\/caid.gob.do\/transparencia\/wp-json\/wp\/v2\/comments?post=284"}],"version-history":[{"count":9,"href":"https:\/\/caid.gob.do\/transparencia\/wp-json\/wp\/v2\/pages\/284\/revisions"}],"predecessor-version":[{"id":3684,"href":"https:\/\/caid.gob.do\/transparencia\/wp-json\/wp\/v2\/pages\/284\/revisions\/3684"}],"up":[{"embeddable":true,"href":"https:\/\/caid.gob.do\/transparencia\/wp-json\/wp\/v2\/pages\/3014"}],"wp:attachment":[{"href":"https:\/\/caid.gob.do\/transparencia\/wp-json\/wp\/v2\/media?parent=284"}],"curies":[{"name":"wp","href":"https:\/\/api.w.org\/{rel}","templated":true}]}}