{"id":327,"date":"2023-01-03T13:22:55","date_gmt":"2023-01-03T13:22:55","guid":{"rendered":"https:\/\/caid.gob.do\/transparencia\/caid-ccc-lpn-2022-0002\/"},"modified":"2023-05-15T17:21:38","modified_gmt":"2023-05-15T17:21:38","slug":"caid-ccc-lpn-2022-0002","status":"publish","type":"page","link":"https:\/\/caid.gob.do\/transparencia\/portal-de-transparencia-del-caid\/compras-y-contrataciones-publicas\/licitaciones-publicas-nacionales-e-internacionales\/licitaciones-publicas-nacionales-e-internacionales-2022\/caid-ccc-lpn-2022-0002\/","title":{"rendered":"CAID-CCC-LPN-2022-0002"},"content":{"rendered":"\t\t<div data-elementor-type=\"wp-page\" data-elementor-id=\"327\" class=\"elementor elementor-327\" data-elementor-post-type=\"page\">\n\t\t\t\t\t\t<section class=\"elementor-section elementor-top-section elementor-element elementor-element-acca447 elementor-section-boxed elementor-section-height-default elementor-section-height-default\" data-id=\"acca447\" data-element_type=\"section\" data-e-type=\"section\">\n\t\t\t\t\t\t<div class=\"elementor-container elementor-column-gap-no\">\n\t\t\t\t\t<div class=\"elementor-column elementor-col-100 elementor-top-column elementor-element elementor-element-38882de\" data-id=\"38882de\" data-element_type=\"column\" data-e-type=\"column\">\n\t\t\t<div class=\"elementor-widget-wrap elementor-element-populated\">\n\t\t\t\t\t\t<div class=\"elementor-element elementor-element-73c96ff0 elementor-widget elementor-widget-text-editor\" data-id=\"73c96ff0\" data-element_type=\"widget\" data-e-type=\"widget\" data-widget_type=\"text-editor.default\">\n\t\t\t\t<div class=\"elementor-widget-container\">\n\t\t\t\t\t\t\t\t\t<div class=\"grid\">\n<div><img decoding=\"async\" class=\"iconpdf\" src=\"https:\/\/caid.gob.do\/transparencia\/wp-content\/uploads\/iconos-para-web-08.png\" \/><\/div>\n<div>\n\nCertificaci\u00f3n Apropiaci\u00f3n presupuestaria.\n\n<strong><a href=\"https:\/\/caid.gob.do\/caid\/wp-content\/uploads\/Certificacion-de-apropiacion-presupuestaria.pdf\">DESCARGAR<\/a><\/strong>\n\n<\/div>\n<\/div>\n\n<hr \/>\n\n<div class=\"grid\">\n<div><img decoding=\"async\" class=\"iconpdf\" src=\"https:\/\/caid.gob.do\/transparencia\/wp-content\/uploads\/iconos-para-web-08.png\" \/><\/div>\n<div>\n\nConvocatoria Licitaci\u00f3n.\n\n<strong><a href=\"https:\/\/caid.gob.do\/caid\/wp-content\/uploads\/CONVOCATORIA-LICITACION-.pdf\">DESCARGAR<\/a><\/strong>\n\n<\/div>\n<\/div>\n\n<hr \/>\n\n<div class=\"grid\">\n<div><img decoding=\"async\" class=\"iconpdf\" src=\"https:\/\/caid.gob.do\/transparencia\/wp-content\/uploads\/iconos-para-web-08.png\" \/><\/div>\n<div>\n\nPublicaci\u00f3n peri\u00f3dico -21 de noviembre 2022.\n\n<strong><a href=\"https:\/\/caid.gob.do\/caid\/wp-content\/uploads\/Publicacion-periodico-21-de-noviembre-2022.pdf\">DESCARGAR<\/a><\/strong>\n\n<\/div>\n<\/div>\n\n<hr \/>\n\n<div class=\"grid\">\n<div><img decoding=\"async\" class=\"iconpdf\" src=\"https:\/\/caid.gob.do\/transparencia\/wp-content\/uploads\/iconos-para-web-08.png\" \/><\/div>\n<div>\n\nPublicaciones peri\u00f3dico &#8211; 22 de noviembre 2022.\n\n<strong><a href=\"https:\/\/caid.gob.do\/caid\/wp-content\/uploads\/Publicacion-periodico-22-de-noviembre-2022.pdf\">DESCARGAR<\/a><\/strong>\n\n<\/div>\n<\/div>\n\n<hr \/>\n\n<div class=\"grid\">\n<div><img decoding=\"async\" class=\"iconpdf\" src=\"https:\/\/caid.gob.do\/transparencia\/wp-content\/uploads\/iconos-para-web-08.png\" \/><\/div>\n<div>\n\nPliego de condiciones.\n\n<strong><a href=\"https:\/\/caid.gob.do\/caid\/wp-content\/uploads\/Pliego-de-Condiciones.pdf\">DESCARGAR<\/a><\/strong>\n\n<\/div>\n<\/div>\n\n<hr \/>\n\n<div class=\"grid\">\n<div><img decoding=\"async\" class=\"iconpdf\" src=\"https:\/\/caid.gob.do\/transparencia\/wp-content\/uploads\/iconos-para-web-08.png\" \/><\/div>\n<div>\n\nDictamen Jur\u00eddico Equipos Inform\u00e1ticos.\n\n<strong><a href=\"https:\/\/caid.gob.do\/caid\/wp-content\/uploads\/Dictamen-Juridico-Equipos-informaticos.pdf\">DESCARGAR<\/a><\/strong>\n\n<\/div>\n<\/div>\n\n<hr \/>\n\n<div class=\"grid\">\n<div><img decoding=\"async\" class=\"iconpdf\" src=\"https:\/\/caid.gob.do\/transparencia\/wp-content\/uploads\/iconos-para-web-08.png\" \/><\/div>\n<div>Acta de aprobaci\u00f3n Equipos Inform\u00e1ticos.<strong><a href=\"https:\/\/caid.gob.do\/caid\/wp-content\/uploads\/Acta-de-aprobacion-Equipos-Informaticos.pdf\">DESCARGAR<\/a><\/strong>\n\n<\/div>\n<\/div>\n\n<hr \/>\n\n<div class=\"grid\">\n<div><img decoding=\"async\" class=\"iconpdf\" src=\"https:\/\/caid.gob.do\/transparencia\/wp-content\/uploads\/iconos-para-web-08.png\" \/><\/div>\n<div>Certificaci\u00f3n de no objeci\u00f3n OGTIC.<strong><a href=\"https:\/\/caid.gob.do\/caid\/wp-content\/uploads\/No-objecion-OGTIC.pdf\">DESCARGAR<\/a><\/strong>\n\n<\/div>\n<\/div>\t\t\t\t\t\t\t\t<\/div>\n\t\t\t\t<\/div>\n\t\t\t\t<section class=\"elementor-section elementor-inner-section elementor-element elementor-element-389dd205 elementor-section-boxed elementor-section-height-default elementor-section-height-default\" data-id=\"389dd205\" data-element_type=\"section\" data-e-type=\"section\">\n\t\t\t\t\t\t<div class=\"elementor-container elementor-column-gap-default\">\n\t\t\t\t\t<div class=\"elementor-column elementor-col-50 elementor-inner-column elementor-element elementor-element-37a62a19\" data-id=\"37a62a19\" data-element_type=\"column\" data-e-type=\"column\">\n\t\t\t<div class=\"elementor-widget-wrap elementor-element-populated\">\n\t\t\t\t\t\t<div class=\"elementor-element elementor-element-7a3376a5 elementor-view-default elementor-widget elementor-widget-icon\" data-id=\"7a3376a5\" data-element_type=\"widget\" data-e-type=\"widget\" data-widget_type=\"icon.default\">\n\t\t\t\t<div class=\"elementor-widget-container\">\n\t\t\t\t\t\t\t<div class=\"elementor-icon-wrapper\">\n\t\t\t<a class=\"elementor-icon elementor-animation-shrink\" href=\"https:\/\/comunidad.comprasdominicana.gob.do\/Public\/Tendering\/OpportunityDetail\/Index?noticeUID=DO1.NTC.1161431&#038;isModal=true&#038;asPopupView=true\" target=\"_blank\">\n\t\t\t<i aria-hidden=\"true\" class=\"fas fa-link\"><\/i>\t\t\t<\/a>\n\t\t<\/div>\n\t\t\t\t\t\t<\/div>\n\t\t\t\t<\/div>\n\t\t\t\t\t<\/div>\n\t\t<\/div>\n\t\t\t\t<div class=\"elementor-column elementor-col-50 elementor-inner-column elementor-element elementor-element-71c234ea\" data-id=\"71c234ea\" data-element_type=\"column\" data-e-type=\"column\">\n\t\t\t<div class=\"elementor-widget-wrap elementor-element-populated\">\n\t\t\t\t\t\t<div class=\"elementor-element elementor-element-32b59313 elementor-widget elementor-widget-text-editor\" data-id=\"32b59313\" data-element_type=\"widget\" data-e-type=\"widget\" data-widget_type=\"text-editor.default\">\n\t\t\t\t<div class=\"elementor-widget-container\">\n\t\t\t\t\t\t\t\t\t<p><strong><a href=\"https:\/\/comunidad.comprasdominicana.gob.do\/Public\/Tendering\/OpportunityDetail\/Index?noticeUID=DO1.NTC.1161431&amp;isModal=true&amp;asPopupView=true\" target=\"_blank\" rel=\"noopener\">Acceda a la oportunidad dando clic aqu\u00ed.<\/a>\u00a0<\/strong><\/p>\t\t\t\t\t\t\t\t<\/div>\n\t\t\t\t<\/div>\n\t\t\t\t\t<\/div>\n\t\t<\/div>\n\t\t\t\t\t<\/div>\n\t\t<\/section>\n\t\t\t\t\t<\/div>\n\t\t<\/div>\n\t\t\t\t\t<\/div>\n\t\t<\/section>\n\t\t\t\t<\/div>\n\t\t","protected":false},"excerpt":{"rendered":"<p>Certificaci\u00f3n Apropiaci\u00f3n presupuestaria. DESCARGAR Convocatoria Licitaci\u00f3n. DESCARGAR Publicaci\u00f3n peri\u00f3dico -21 de noviembre 2022. DESCARGAR Publicaciones peri\u00f3dico &#8211; 22 de noviembre 2022. DESCARGAR Pliego de condiciones. DESCARGAR Dictamen Jur\u00eddico Equipos Inform\u00e1ticos. DESCARGAR Acta de aprobaci\u00f3n Equipos Inform\u00e1ticos.DESCARGAR Certificaci\u00f3n de no objeci\u00f3n OGTIC.DESCARGAR Acceda a la oportunidad dando clic aqu\u00ed.\u00a0<\/p>\n","protected":false},"author":1,"featured_media":0,"parent":3927,"menu_order":0,"comment_status":"closed","ping_status":"closed","template":"","meta":{"footnotes":""},"class_list":["post-327","page","type-page","status-publish","hentry"],"yoast_head":"<!-- This site is optimized with the Yoast SEO plugin v27.0 - https:\/\/yoast.com\/product\/yoast-seo-wordpress\/ -->\r\n<title>CAID-CCC-LPN-2022-0002 - Portal de Transparencia del CAID<\/title>\r\n<meta name=\"robots\" content=\"index, follow, max-snippet:-1, max-image-preview:large, max-video-preview:-1\" \/>\r\n<link rel=\"canonical\" href=\"https:\/\/caid.gob.do\/transparencia\/portal-de-transparencia-del-caid\/compras-y-contrataciones-publicas\/licitaciones-publicas-nacionales-e-internacionales\/licitaciones-publicas-nacionales-e-internacionales-2022\/caid-ccc-lpn-2022-0002\/\" \/>\r\n<meta property=\"og:locale\" content=\"es_ES\" \/>\r\n<meta property=\"og:type\" content=\"article\" \/>\r\n<meta property=\"og:title\" content=\"CAID-CCC-LPN-2022-0002 - Portal de Transparencia del CAID\" \/>\r\n<meta property=\"og:description\" content=\"Certificaci\u00f3n Apropiaci\u00f3n presupuestaria. DESCARGAR Convocatoria Licitaci\u00f3n. DESCARGAR Publicaci\u00f3n peri\u00f3dico -21 de noviembre 2022. DESCARGAR Publicaciones peri\u00f3dico &#8211; 22 de noviembre 2022. DESCARGAR Pliego de condiciones. DESCARGAR Dictamen Jur\u00eddico Equipos Inform\u00e1ticos. DESCARGAR Acta de aprobaci\u00f3n Equipos Inform\u00e1ticos.DESCARGAR Certificaci\u00f3n de no objeci\u00f3n OGTIC.DESCARGAR Acceda a la oportunidad dando clic aqu\u00ed.\u00a0\" \/>\r\n<meta property=\"og:url\" content=\"https:\/\/caid.gob.do\/transparencia\/portal-de-transparencia-del-caid\/compras-y-contrataciones-publicas\/licitaciones-publicas-nacionales-e-internacionales\/licitaciones-publicas-nacionales-e-internacionales-2022\/caid-ccc-lpn-2022-0002\/\" \/>\r\n<meta property=\"og:site_name\" content=\"Portal de Transparencia del CAID\" \/>\r\n<meta property=\"article:modified_time\" content=\"2023-05-15T17:21:38+00:00\" \/>\r\n<meta property=\"og:image\" content=\"https:\/\/caid.gob.do\/transparencia\/wp-content\/uploads\/iconos-para-web-08.png\" \/>\r\n<meta name=\"twitter:card\" content=\"summary_large_image\" \/>\r\n<meta name=\"twitter:label1\" content=\"Est. reading time\" \/>\n\t<meta name=\"twitter:data1\" content=\"2 minutos\" \/>\r\n<script type=\"application\/ld+json\" class=\"yoast-schema-graph\">{\"@context\":\"https:\/\/schema.org\",\"@graph\":[{\"@type\":\"WebPage\",\"@id\":\"https:\/\/caid.gob.do\/transparencia\/portal-de-transparencia-del-caid\/compras-y-contrataciones-publicas\/licitaciones-publicas-nacionales-e-internacionales\/licitaciones-publicas-nacionales-e-internacionales-2022\/caid-ccc-lpn-2022-0002\/\",\"url\":\"https:\/\/caid.gob.do\/transparencia\/portal-de-transparencia-del-caid\/compras-y-contrataciones-publicas\/licitaciones-publicas-nacionales-e-internacionales\/licitaciones-publicas-nacionales-e-internacionales-2022\/caid-ccc-lpn-2022-0002\/\",\"name\":\"CAID-CCC-LPN-2022-0002 - Portal de Transparencia del CAID\",\"isPartOf\":{\"@id\":\"https:\/\/caid.gob.do\/transparencia\/#website\"},\"primaryImageOfPage\":{\"@id\":\"https:\/\/caid.gob.do\/transparencia\/portal-de-transparencia-del-caid\/compras-y-contrataciones-publicas\/licitaciones-publicas-nacionales-e-internacionales\/licitaciones-publicas-nacionales-e-internacionales-2022\/caid-ccc-lpn-2022-0002\/#primaryimage\"},\"image\":{\"@id\":\"https:\/\/caid.gob.do\/transparencia\/portal-de-transparencia-del-caid\/compras-y-contrataciones-publicas\/licitaciones-publicas-nacionales-e-internacionales\/licitaciones-publicas-nacionales-e-internacionales-2022\/caid-ccc-lpn-2022-0002\/#primaryimage\"},\"thumbnailUrl\":\"https:\/\/caid.gob.do\/transparencia\/wp-content\/uploads\/iconos-para-web-08.png\",\"datePublished\":\"2023-01-03T13:22:55+00:00\",\"dateModified\":\"2023-05-15T17:21:38+00:00\",\"breadcrumb\":{\"@id\":\"https:\/\/caid.gob.do\/transparencia\/portal-de-transparencia-del-caid\/compras-y-contrataciones-publicas\/licitaciones-publicas-nacionales-e-internacionales\/licitaciones-publicas-nacionales-e-internacionales-2022\/caid-ccc-lpn-2022-0002\/#breadcrumb\"},\"inLanguage\":\"es-DO\",\"potentialAction\":[{\"@type\":\"ReadAction\",\"target\":[\"https:\/\/caid.gob.do\/transparencia\/portal-de-transparencia-del-caid\/compras-y-contrataciones-publicas\/licitaciones-publicas-nacionales-e-internacionales\/licitaciones-publicas-nacionales-e-internacionales-2022\/caid-ccc-lpn-2022-0002\/\"]}]},{\"@type\":\"ImageObject\",\"inLanguage\":\"es-DO\",\"@id\":\"https:\/\/caid.gob.do\/transparencia\/portal-de-transparencia-del-caid\/compras-y-contrataciones-publicas\/licitaciones-publicas-nacionales-e-internacionales\/licitaciones-publicas-nacionales-e-internacionales-2022\/caid-ccc-lpn-2022-0002\/#primaryimage\",\"url\":\"https:\/\/caid.gob.do\/transparencia\/wp-content\/uploads\/iconos-para-web-08.png\",\"contentUrl\":\"https:\/\/caid.gob.do\/transparencia\/wp-content\/uploads\/iconos-para-web-08.png\",\"width\":128,\"height\":128},{\"@type\":\"BreadcrumbList\",\"@id\":\"https:\/\/caid.gob.do\/transparencia\/portal-de-transparencia-del-caid\/compras-y-contrataciones-publicas\/licitaciones-publicas-nacionales-e-internacionales\/licitaciones-publicas-nacionales-e-internacionales-2022\/caid-ccc-lpn-2022-0002\/#breadcrumb\",\"itemListElement\":[{\"@type\":\"ListItem\",\"position\":1,\"name\":\"Est\u00e1s aqu\u00ed:\",\"item\":\"https:\/\/caid.gob.do\/transparencia\/\"},{\"@type\":\"ListItem\",\"position\":2,\"name\":\"Portal de transparencia del CAID\",\"item\":\"https:\/\/caid.gob.do\/transparencia\/\"},{\"@type\":\"ListItem\",\"position\":3,\"name\":\"Compras y contrataciones p\u00fablicas\",\"item\":\"https:\/\/caid.gob.do\/transparencia\/portal-de-transparencia-del-caid\/compras-y-contrataciones-publicas\/\"},{\"@type\":\"ListItem\",\"position\":4,\"name\":\"Licitaciones P\u00fablicas Nacionales e Internacionales\",\"item\":\"https:\/\/caid.gob.do\/transparencia\/portal-de-transparencia-del-caid\/compras-y-contrataciones-publicas\/licitaciones-publicas-nacionales-e-internacionales\/\"},{\"@type\":\"ListItem\",\"position\":5,\"name\":\"Licitaciones P\u00fablicas Nacionales e Internacionales 2022\",\"item\":\"https:\/\/caid.gob.do\/transparencia\/portal-de-transparencia-del-caid\/compras-y-contrataciones-publicas\/licitaciones-publicas-nacionales-e-internacionales\/licitaciones-publicas-nacionales-e-internacionales-2022\/\"},{\"@type\":\"ListItem\",\"position\":6,\"name\":\"CAID-CCC-LPN-2022-0002\"}]},{\"@type\":\"WebSite\",\"@id\":\"https:\/\/caid.gob.do\/transparencia\/#website\",\"url\":\"https:\/\/caid.gob.do\/transparencia\/\",\"name\":\"Portal de Transparencia del CAID\",\"description\":\"Transparencia del CAID\",\"publisher\":{\"@id\":\"https:\/\/caid.gob.do\/transparencia\/#organization\"},\"potentialAction\":[{\"@type\":\"SearchAction\",\"target\":{\"@type\":\"EntryPoint\",\"urlTemplate\":\"https:\/\/caid.gob.do\/transparencia\/?s={search_term_string}\"},\"query-input\":{\"@type\":\"PropertyValueSpecification\",\"valueRequired\":true,\"valueName\":\"search_term_string\"}}],\"inLanguage\":\"es-DO\"},{\"@type\":\"Organization\",\"@id\":\"https:\/\/caid.gob.do\/transparencia\/#organization\",\"name\":\"Portal de Transparencia del CAID\",\"url\":\"https:\/\/caid.gob.do\/transparencia\/\",\"logo\":{\"@type\":\"ImageObject\",\"inLanguage\":\"es-DO\",\"@id\":\"https:\/\/caid.gob.do\/transparencia\/#\/schema\/logo\/image\/\",\"url\":\"https:\/\/caid.gob.do\/transparencia\/wp-content\/uploads\/2023\/01\/CAID-LOGOS-EN-PNG_Mesa-de-trabajo-1.png\",\"contentUrl\":\"https:\/\/caid.gob.do\/transparencia\/wp-content\/uploads\/2023\/01\/CAID-LOGOS-EN-PNG_Mesa-de-trabajo-1.png\",\"width\":4500,\"height\":2220,\"caption\":\"Portal de Transparencia del CAID\"},\"image\":{\"@id\":\"https:\/\/caid.gob.do\/transparencia\/#\/schema\/logo\/image\/\"}}]}<\/script>\r\n<!-- \/ Yoast SEO plugin. -->","yoast_head_json":{"title":"CAID-CCC-LPN-2022-0002 - Portal de Transparencia del CAID","robots":{"index":"index","follow":"follow","max-snippet":"max-snippet:-1","max-image-preview":"max-image-preview:large","max-video-preview":"max-video-preview:-1"},"canonical":"https:\/\/caid.gob.do\/transparencia\/portal-de-transparencia-del-caid\/compras-y-contrataciones-publicas\/licitaciones-publicas-nacionales-e-internacionales\/licitaciones-publicas-nacionales-e-internacionales-2022\/caid-ccc-lpn-2022-0002\/","og_locale":"es_ES","og_type":"article","og_title":"CAID-CCC-LPN-2022-0002 - Portal de Transparencia del CAID","og_description":"Certificaci\u00f3n Apropiaci\u00f3n presupuestaria. DESCARGAR Convocatoria Licitaci\u00f3n. DESCARGAR Publicaci\u00f3n peri\u00f3dico -21 de noviembre 2022. DESCARGAR Publicaciones peri\u00f3dico &#8211; 22 de noviembre 2022. DESCARGAR Pliego de condiciones. DESCARGAR Dictamen Jur\u00eddico Equipos Inform\u00e1ticos. DESCARGAR Acta de aprobaci\u00f3n Equipos Inform\u00e1ticos.DESCARGAR Certificaci\u00f3n de no objeci\u00f3n OGTIC.DESCARGAR Acceda a la oportunidad dando clic aqu\u00ed.\u00a0","og_url":"https:\/\/caid.gob.do\/transparencia\/portal-de-transparencia-del-caid\/compras-y-contrataciones-publicas\/licitaciones-publicas-nacionales-e-internacionales\/licitaciones-publicas-nacionales-e-internacionales-2022\/caid-ccc-lpn-2022-0002\/","og_site_name":"Portal de Transparencia del CAID","article_modified_time":"2023-05-15T17:21:38+00:00","og_image":[{"url":"https:\/\/caid.gob.do\/transparencia\/wp-content\/uploads\/iconos-para-web-08.png","type":"","width":"","height":""}],"twitter_card":"summary_large_image","twitter_misc":{"Est. reading time":"2 minutos"},"schema":{"@context":"https:\/\/schema.org","@graph":[{"@type":"WebPage","@id":"https:\/\/caid.gob.do\/transparencia\/portal-de-transparencia-del-caid\/compras-y-contrataciones-publicas\/licitaciones-publicas-nacionales-e-internacionales\/licitaciones-publicas-nacionales-e-internacionales-2022\/caid-ccc-lpn-2022-0002\/","url":"https:\/\/caid.gob.do\/transparencia\/portal-de-transparencia-del-caid\/compras-y-contrataciones-publicas\/licitaciones-publicas-nacionales-e-internacionales\/licitaciones-publicas-nacionales-e-internacionales-2022\/caid-ccc-lpn-2022-0002\/","name":"CAID-CCC-LPN-2022-0002 - Portal de Transparencia del CAID","isPartOf":{"@id":"https:\/\/caid.gob.do\/transparencia\/#website"},"primaryImageOfPage":{"@id":"https:\/\/caid.gob.do\/transparencia\/portal-de-transparencia-del-caid\/compras-y-contrataciones-publicas\/licitaciones-publicas-nacionales-e-internacionales\/licitaciones-publicas-nacionales-e-internacionales-2022\/caid-ccc-lpn-2022-0002\/#primaryimage"},"image":{"@id":"https:\/\/caid.gob.do\/transparencia\/portal-de-transparencia-del-caid\/compras-y-contrataciones-publicas\/licitaciones-publicas-nacionales-e-internacionales\/licitaciones-publicas-nacionales-e-internacionales-2022\/caid-ccc-lpn-2022-0002\/#primaryimage"},"thumbnailUrl":"https:\/\/caid.gob.do\/transparencia\/wp-content\/uploads\/iconos-para-web-08.png","datePublished":"2023-01-03T13:22:55+00:00","dateModified":"2023-05-15T17:21:38+00:00","breadcrumb":{"@id":"https:\/\/caid.gob.do\/transparencia\/portal-de-transparencia-del-caid\/compras-y-contrataciones-publicas\/licitaciones-publicas-nacionales-e-internacionales\/licitaciones-publicas-nacionales-e-internacionales-2022\/caid-ccc-lpn-2022-0002\/#breadcrumb"},"inLanguage":"es-DO","potentialAction":[{"@type":"ReadAction","target":["https:\/\/caid.gob.do\/transparencia\/portal-de-transparencia-del-caid\/compras-y-contrataciones-publicas\/licitaciones-publicas-nacionales-e-internacionales\/licitaciones-publicas-nacionales-e-internacionales-2022\/caid-ccc-lpn-2022-0002\/"]}]},{"@type":"ImageObject","inLanguage":"es-DO","@id":"https:\/\/caid.gob.do\/transparencia\/portal-de-transparencia-del-caid\/compras-y-contrataciones-publicas\/licitaciones-publicas-nacionales-e-internacionales\/licitaciones-publicas-nacionales-e-internacionales-2022\/caid-ccc-lpn-2022-0002\/#primaryimage","url":"https:\/\/caid.gob.do\/transparencia\/wp-content\/uploads\/iconos-para-web-08.png","contentUrl":"https:\/\/caid.gob.do\/transparencia\/wp-content\/uploads\/iconos-para-web-08.png","width":128,"height":128},{"@type":"BreadcrumbList","@id":"https:\/\/caid.gob.do\/transparencia\/portal-de-transparencia-del-caid\/compras-y-contrataciones-publicas\/licitaciones-publicas-nacionales-e-internacionales\/licitaciones-publicas-nacionales-e-internacionales-2022\/caid-ccc-lpn-2022-0002\/#breadcrumb","itemListElement":[{"@type":"ListItem","position":1,"name":"Est\u00e1s aqu\u00ed:","item":"https:\/\/caid.gob.do\/transparencia\/"},{"@type":"ListItem","position":2,"name":"Portal de transparencia del CAID","item":"https:\/\/caid.gob.do\/transparencia\/"},{"@type":"ListItem","position":3,"name":"Compras y contrataciones p\u00fablicas","item":"https:\/\/caid.gob.do\/transparencia\/portal-de-transparencia-del-caid\/compras-y-contrataciones-publicas\/"},{"@type":"ListItem","position":4,"name":"Licitaciones P\u00fablicas Nacionales e Internacionales","item":"https:\/\/caid.gob.do\/transparencia\/portal-de-transparencia-del-caid\/compras-y-contrataciones-publicas\/licitaciones-publicas-nacionales-e-internacionales\/"},{"@type":"ListItem","position":5,"name":"Licitaciones P\u00fablicas Nacionales e Internacionales 2022","item":"https:\/\/caid.gob.do\/transparencia\/portal-de-transparencia-del-caid\/compras-y-contrataciones-publicas\/licitaciones-publicas-nacionales-e-internacionales\/licitaciones-publicas-nacionales-e-internacionales-2022\/"},{"@type":"ListItem","position":6,"name":"CAID-CCC-LPN-2022-0002"}]},{"@type":"WebSite","@id":"https:\/\/caid.gob.do\/transparencia\/#website","url":"https:\/\/caid.gob.do\/transparencia\/","name":"Portal de Transparencia del CAID","description":"Transparencia del CAID","publisher":{"@id":"https:\/\/caid.gob.do\/transparencia\/#organization"},"potentialAction":[{"@type":"SearchAction","target":{"@type":"EntryPoint","urlTemplate":"https:\/\/caid.gob.do\/transparencia\/?s={search_term_string}"},"query-input":{"@type":"PropertyValueSpecification","valueRequired":true,"valueName":"search_term_string"}}],"inLanguage":"es-DO"},{"@type":"Organization","@id":"https:\/\/caid.gob.do\/transparencia\/#organization","name":"Portal de Transparencia del CAID","url":"https:\/\/caid.gob.do\/transparencia\/","logo":{"@type":"ImageObject","inLanguage":"es-DO","@id":"https:\/\/caid.gob.do\/transparencia\/#\/schema\/logo\/image\/","url":"https:\/\/caid.gob.do\/transparencia\/wp-content\/uploads\/2023\/01\/CAID-LOGOS-EN-PNG_Mesa-de-trabajo-1.png","contentUrl":"https:\/\/caid.gob.do\/transparencia\/wp-content\/uploads\/2023\/01\/CAID-LOGOS-EN-PNG_Mesa-de-trabajo-1.png","width":4500,"height":2220,"caption":"Portal de Transparencia del CAID"},"image":{"@id":"https:\/\/caid.gob.do\/transparencia\/#\/schema\/logo\/image\/"}}]}},"jetpack_sharing_enabled":true,"_links":{"self":[{"href":"https:\/\/caid.gob.do\/transparencia\/wp-json\/wp\/v2\/pages\/327","targetHints":{"allow":["GET"]}}],"collection":[{"href":"https:\/\/caid.gob.do\/transparencia\/wp-json\/wp\/v2\/pages"}],"about":[{"href":"https:\/\/caid.gob.do\/transparencia\/wp-json\/wp\/v2\/types\/page"}],"author":[{"embeddable":true,"href":"https:\/\/caid.gob.do\/transparencia\/wp-json\/wp\/v2\/users\/1"}],"replies":[{"embeddable":true,"href":"https:\/\/caid.gob.do\/transparencia\/wp-json\/wp\/v2\/comments?post=327"}],"version-history":[{"count":18,"href":"https:\/\/caid.gob.do\/transparencia\/wp-json\/wp\/v2\/pages\/327\/revisions"}],"predecessor-version":[{"id":4390,"href":"https:\/\/caid.gob.do\/transparencia\/wp-json\/wp\/v2\/pages\/327\/revisions\/4390"}],"up":[{"embeddable":true,"href":"https:\/\/caid.gob.do\/transparencia\/wp-json\/wp\/v2\/pages\/3927"}],"wp:attachment":[{"href":"https:\/\/caid.gob.do\/transparencia\/wp-json\/wp\/v2\/media?parent=327"}],"curies":[{"name":"wp","href":"https:\/\/api.w.org\/{rel}","templated":true}]}}