{"id":345,"date":"2023-01-03T13:22:56","date_gmt":"2023-01-03T13:22:56","guid":{"rendered":"https:\/\/caid.gob.do\/transparencia\/caid-daf-cm-2022-0037\/"},"modified":"2023-05-15T17:21:42","modified_gmt":"2023-05-15T17:21:42","slug":"caid-daf-cm-2022-0037","status":"publish","type":"page","link":"https:\/\/caid.gob.do\/transparencia\/portal-de-transparencia-del-caid\/compras-y-contrataciones-publicas\/compras-menores\/compras-menores-2022\/caid-daf-cm-2022-0037\/","title":{"rendered":"CAID-DAF-CM-2022-0037"},"content":{"rendered":"\t\t<div data-elementor-type=\"wp-page\" data-elementor-id=\"345\" class=\"elementor elementor-345\" data-elementor-post-type=\"page\">\n\t\t\t\t\t\t<section class=\"elementor-section elementor-top-section elementor-element elementor-element-54615d6 elementor-section-boxed elementor-section-height-default elementor-section-height-default\" data-id=\"54615d6\" data-element_type=\"section\" data-e-type=\"section\">\n\t\t\t\t\t\t<div class=\"elementor-container elementor-column-gap-no\">\n\t\t\t\t\t<div class=\"elementor-column elementor-col-100 elementor-top-column elementor-element elementor-element-a8a8115\" data-id=\"a8a8115\" data-element_type=\"column\" data-e-type=\"column\">\n\t\t\t<div class=\"elementor-widget-wrap elementor-element-populated\">\n\t\t\t\t\t\t<div class=\"elementor-element elementor-element-1b39ad elementor-widget elementor-widget-text-editor\" data-id=\"1b39ad\" data-element_type=\"widget\" data-e-type=\"widget\" data-widget_type=\"text-editor.default\">\n\t\t\t\t<div class=\"elementor-widget-container\">\n\t\t\t\t\t\t\t\t\t<p>Adquisici\u00f3n Art\u00edculos De Vestuarios Y Disfraces Infantiles Para El Centro De Atenci\u00f3n Integral Para La Discapacidad (CAID), Sede De Santo Domingo Este. <a href=\"https:\/\/comunidad.comprasdominicana.gob.do\/Public\/Tendering\/OpportunityDetail\/Index?noticeUID=DO1.NTC.1139739&amp;isModal=true&amp;asPopupView=true\" target=\"_blank\" rel=\"noopener\"><strong>Ir al portal de compras<\/strong><\/a><\/p>\t\t\t\t\t\t\t\t<\/div>\n\t\t\t\t<\/div>\n\t\t\t\t<div class=\"elementor-element elementor-element-11673450 elementor-widget elementor-widget-toggle\" data-id=\"11673450\" data-element_type=\"widget\" data-e-type=\"widget\" data-widget_type=\"toggle.default\">\n\t\t\t\t<div class=\"elementor-widget-container\">\n\t\t\t\t\t\t\t<div class=\"elementor-toggle\">\n\t\t\t\t\t\t\t<div class=\"elementor-toggle-item\">\n\t\t\t\t\t<div id=\"elementor-tab-title-2911\" class=\"elementor-tab-title\" data-tab=\"1\" role=\"button\" aria-controls=\"elementor-tab-content-2911\" aria-expanded=\"false\">\n\t\t\t\t\t\t\t\t\t\t\t\t<span class=\"elementor-toggle-icon elementor-toggle-icon-left\" aria-hidden=\"true\">\n\t\t\t\t\t\t\t\t\t\t\t\t\t\t\t<span class=\"elementor-toggle-icon-closed\"><i class=\"fas fa-caret-right\"><\/i><\/span>\n\t\t\t\t\t\t\t\t<span class=\"elementor-toggle-icon-opened\"><i class=\"elementor-toggle-icon-opened fas fa-caret-up\"><\/i><\/span>\n\t\t\t\t\t\t\t\t\t\t\t\t\t<\/span>\n\t\t\t\t\t\t\t\t\t\t\t\t<a class=\"elementor-toggle-title\" tabindex=\"0\">Documentos<\/a>\n\t\t\t\t\t<\/div>\n\n\t\t\t\t\t<div id=\"elementor-tab-content-2911\" class=\"elementor-tab-content elementor-clearfix\" data-tab=\"1\" role=\"region\" aria-labelledby=\"elementor-tab-title-2911\"><div class=\"grid\">\n    <div><img decoding=\"async\" class=\"iconpdf\" src=\"https:\/\/caid.gob.do\/transparencia\/wp-content\/uploads\/2023\/01\/pdf-1-1.png\" \/><\/div>\n    <div>Solicitud de compra.\n        <a href=\"https:\/\/caid.gob.do\/caid\/wp-content\/uploads\/Solicitud-de-Compra.pdf\" target=\"_blank\" rel=\"noopener\"><strong>DESCARGAR<\/strong><\/a>\n    <\/div>\n<\/div>\n<hr \/>\n<div class=\"grid\">\n    <div><img decoding=\"async\" class=\"iconpdf\" src=\"https:\/\/caid.gob.do\/transparencia\/wp-content\/uploads\/2023\/01\/pdf-1-1.png\" \/><\/div>\n    <div>Certificaci\u00f3n apropiaci\u00f3n presupuestaria.\n        <a href=\"https:\/\/caid.gob.do\/caid\/wp-content\/uploads\/Certificacion-Apropiacion-Presuestaria.pdf\" target=\"_blank\" rel=\"noopener\"><strong>DESCARGAR<\/strong><\/a>\n    <\/div>\n<\/div>\n<hr \/>\n<div class=\"grid\">\n    <div><img decoding=\"async\" class=\"iconpdf\" src=\"https:\/\/caid.gob.do\/transparencia\/wp-content\/uploads\/2023\/01\/pdf-1-1.png\" \/><\/div>\n    <div>Ficha t\u00e9cnica.\n        <a href=\"https:\/\/caid.gob.do\/caid\/wp-content\/uploads\/Ficha-Tecnica.pdf\" target=\"_blank\" rel=\"noopener\"><strong>DESCARGAR<\/strong><\/a>\n    <\/div>\n<\/div>\n<hr \/>\n<div class=\"grid\">\n    <div><img decoding=\"async\" class=\"iconpdf\" src=\"https:\/\/caid.gob.do\/transparencia\/wp-content\/uploads\/2023\/01\/pdf-1-1.png\" \/><\/div>\n    <div>Listado de participantes 0037.\n        <a href=\"https:\/\/caid.gob.do\/caid\/wp-content\/uploads\/Listado-de-participantes-0037.pdf\" target=\"_blank\" rel=\"noopener\"><strong>DESCARGAR<\/strong><\/a>\n    <\/div>\n<\/div>\n<hr \/>\n<div class=\"grid\">\n    <div><img decoding=\"async\" class=\"iconpdf\" src=\"https:\/\/caid.gob.do\/transparencia\/wp-content\/uploads\/2023\/01\/pdf-1-1.png\" \/><\/div>\n    <div>Acta de adjudicaci\u00f3n.\n        <a href=\"https:\/\/caid.gob.do\/caid\/wp-content\/uploads\/Acta-de-Ajudicacion.pdf\" target=\"_blank\" rel=\"noopener\"><strong>DESCARGAR<\/strong><\/a>\n    <\/div>\n<\/div>\n<hr \/>\n<div class=\"grid\">\n    <div><img decoding=\"async\" class=\"iconpdf\" src=\"https:\/\/caid.gob.do\/transparencia\/wp-content\/uploads\/2023\/01\/pdf-1-1.png\" \/><\/div>\n    <div>Orden de compra Solumix.\n        <a href=\"https:\/\/caid.gob.do\/caid\/wp-content\/uploads\/Orden-de-Compra-Solumix.pdf\" target=\"_blank\" rel=\"noopener\"><strong>DESCARGAR<\/strong><\/a>\n    <\/div>\n<\/div>\n<hr \/>\n<div class=\"grid\">\n    <div><img decoding=\"async\" class=\"iconpdf\" src=\"https:\/\/caid.gob.do\/transparencia\/wp-content\/uploads\/2023\/01\/pdf-1-1.png\" \/><\/div>\n    <div>Orden de compra Construpa.\n        <a href=\"https:\/\/caid.gob.do\/caid\/wp-content\/uploads\/Orden-de-Compra-Construpa.pdf\" target=\"_blank\" rel=\"noopener\"><strong>DESCARGAR<\/strong><\/a>\n    <\/div>\n<\/div><\/div>\n\t\t\t\t<\/div>\n\t\t\t\t\t\t\t\t\t\t<script type=\"application\/ld+json\">{\"@context\":\"https:\\\/\\\/schema.org\",\"@type\":\"FAQPage\",\"mainEntity\":[{\"@type\":\"Question\",\"name\":\"Documentos\",\"acceptedAnswer\":{\"@type\":\"Answer\",\"text\":\"<div class=\\\"grid\\\">\\n    <div><img class=\\\"iconpdf\\\" src=\\\"https:\\\/\\\/caid.gob.do\\\/transparencia\\\/wp-content\\\/uploads\\\/2023\\\/01\\\/pdf-1-1.png\\\" \\\/><\\\/div>\\n    <div>Solicitud de compra.\\n        <a href=\\\"https:\\\/\\\/caid.gob.do\\\/caid\\\/wp-content\\\/uploads\\\/Solicitud-de-Compra.pdf\\\" target=\\\"_blank\\\" rel=\\\"noopener\\\"><strong>DESCARGAR<\\\/strong><\\\/a>\\n    <\\\/div>\\n<\\\/div>\\n<hr \\\/>\\n<div class=\\\"grid\\\">\\n    <div><img class=\\\"iconpdf\\\" src=\\\"https:\\\/\\\/caid.gob.do\\\/transparencia\\\/wp-content\\\/uploads\\\/2023\\\/01\\\/pdf-1-1.png\\\" \\\/><\\\/div>\\n    <div>Certificaci\\u00f3n apropiaci\\u00f3n presupuestaria.\\n        <a href=\\\"https:\\\/\\\/caid.gob.do\\\/caid\\\/wp-content\\\/uploads\\\/Certificacion-Apropiacion-Presuestaria.pdf\\\" target=\\\"_blank\\\" rel=\\\"noopener\\\"><strong>DESCARGAR<\\\/strong><\\\/a>\\n    <\\\/div>\\n<\\\/div>\\n<hr \\\/>\\n<div class=\\\"grid\\\">\\n    <div><img class=\\\"iconpdf\\\" src=\\\"https:\\\/\\\/caid.gob.do\\\/transparencia\\\/wp-content\\\/uploads\\\/2023\\\/01\\\/pdf-1-1.png\\\" \\\/><\\\/div>\\n    <div>Ficha t\\u00e9cnica.\\n        <a href=\\\"https:\\\/\\\/caid.gob.do\\\/caid\\\/wp-content\\\/uploads\\\/Ficha-Tecnica.pdf\\\" target=\\\"_blank\\\" rel=\\\"noopener\\\"><strong>DESCARGAR<\\\/strong><\\\/a>\\n    <\\\/div>\\n<\\\/div>\\n<hr \\\/>\\n<div class=\\\"grid\\\">\\n    <div><img class=\\\"iconpdf\\\" src=\\\"https:\\\/\\\/caid.gob.do\\\/transparencia\\\/wp-content\\\/uploads\\\/2023\\\/01\\\/pdf-1-1.png\\\" \\\/><\\\/div>\\n    <div>Listado de participantes 0037.\\n        <a href=\\\"https:\\\/\\\/caid.gob.do\\\/caid\\\/wp-content\\\/uploads\\\/Listado-de-participantes-0037.pdf\\\" target=\\\"_blank\\\" rel=\\\"noopener\\\"><strong>DESCARGAR<\\\/strong><\\\/a>\\n    <\\\/div>\\n<\\\/div>\\n<hr \\\/>\\n<div class=\\\"grid\\\">\\n    <div><img class=\\\"iconpdf\\\" src=\\\"https:\\\/\\\/caid.gob.do\\\/transparencia\\\/wp-content\\\/uploads\\\/2023\\\/01\\\/pdf-1-1.png\\\" \\\/><\\\/div>\\n    <div>Acta de adjudicaci\\u00f3n.\\n        <a href=\\\"https:\\\/\\\/caid.gob.do\\\/caid\\\/wp-content\\\/uploads\\\/Acta-de-Ajudicacion.pdf\\\" target=\\\"_blank\\\" rel=\\\"noopener\\\"><strong>DESCARGAR<\\\/strong><\\\/a>\\n    <\\\/div>\\n<\\\/div>\\n<hr \\\/>\\n<div class=\\\"grid\\\">\\n    <div><img class=\\\"iconpdf\\\" src=\\\"https:\\\/\\\/caid.gob.do\\\/transparencia\\\/wp-content\\\/uploads\\\/2023\\\/01\\\/pdf-1-1.png\\\" \\\/><\\\/div>\\n    <div>Orden de compra Solumix.\\n        <a href=\\\"https:\\\/\\\/caid.gob.do\\\/caid\\\/wp-content\\\/uploads\\\/Orden-de-Compra-Solumix.pdf\\\" target=\\\"_blank\\\" rel=\\\"noopener\\\"><strong>DESCARGAR<\\\/strong><\\\/a>\\n    <\\\/div>\\n<\\\/div>\\n<hr \\\/>\\n<div class=\\\"grid\\\">\\n    <div><img class=\\\"iconpdf\\\" src=\\\"https:\\\/\\\/caid.gob.do\\\/transparencia\\\/wp-content\\\/uploads\\\/2023\\\/01\\\/pdf-1-1.png\\\" \\\/><\\\/div>\\n    <div>Orden de compra Construpa.\\n        <a href=\\\"https:\\\/\\\/caid.gob.do\\\/caid\\\/wp-content\\\/uploads\\\/Orden-de-Compra-Construpa.pdf\\\" target=\\\"_blank\\\" rel=\\\"noopener\\\"><strong>DESCARGAR<\\\/strong><\\\/a>\\n    <\\\/div>\\n<\\\/div>\"}}]}<\/script>\n\t\t\t\t\t<\/div>\n\t\t\t\t\t\t<\/div>\n\t\t\t\t<\/div>\n\t\t\t\t\t<\/div>\n\t\t<\/div>\n\t\t\t\t\t<\/div>\n\t\t<\/section>\n\t\t\t\t<\/div>\n\t\t","protected":false},"excerpt":{"rendered":"<p>Adquisici\u00f3n Art\u00edculos De Vestuarios Y Disfraces Infantiles Para El Centro De Atenci\u00f3n Integral Para La Discapacidad (CAID), Sede De Santo Domingo Este. Ir al portal de compras Documentos Solicitud de compra. DESCARGAR Certificaci\u00f3n apropiaci\u00f3n presupuestaria. DESCARGAR Ficha t\u00e9cnica. DESCARGAR Listado de participantes 0037. DESCARGAR Acta de adjudicaci\u00f3n. DESCARGAR Orden de compra Solumix. DESCARGAR Orden de [&hellip;]<\/p>\n","protected":false},"author":1,"featured_media":0,"parent":3014,"menu_order":0,"comment_status":"closed","ping_status":"closed","template":"","meta":{"footnotes":""},"class_list":["post-345","page","type-page","status-publish","hentry"],"yoast_head":"<!-- This site is optimized with the Yoast SEO plugin v27.0 - https:\/\/yoast.com\/product\/yoast-seo-wordpress\/ -->\r\n<title>CAID-DAF-CM-2022-0037 - Portal de Transparencia del CAID<\/title>\r\n<meta name=\"robots\" content=\"index, follow, max-snippet:-1, max-image-preview:large, max-video-preview:-1\" \/>\r\n<link rel=\"canonical\" href=\"https:\/\/caid.gob.do\/transparencia\/portal-de-transparencia-del-caid\/compras-y-contrataciones-publicas\/compras-menores\/compras-menores-2022\/caid-daf-cm-2022-0037\/\" \/>\r\n<meta property=\"og:locale\" content=\"es_ES\" \/>\r\n<meta property=\"og:type\" content=\"article\" \/>\r\n<meta property=\"og:title\" content=\"CAID-DAF-CM-2022-0037 - Portal de Transparencia del CAID\" \/>\r\n<meta property=\"og:description\" content=\"Adquisici\u00f3n Art\u00edculos De Vestuarios Y Disfraces Infantiles Para El Centro De Atenci\u00f3n Integral Para La Discapacidad (CAID), Sede De Santo Domingo Este. Ir al portal de compras Documentos Solicitud de compra. DESCARGAR Certificaci\u00f3n apropiaci\u00f3n presupuestaria. DESCARGAR Ficha t\u00e9cnica. DESCARGAR Listado de participantes 0037. DESCARGAR Acta de adjudicaci\u00f3n. DESCARGAR Orden de compra Solumix. DESCARGAR Orden de [&hellip;]\" \/>\r\n<meta property=\"og:url\" content=\"https:\/\/caid.gob.do\/transparencia\/portal-de-transparencia-del-caid\/compras-y-contrataciones-publicas\/compras-menores\/compras-menores-2022\/caid-daf-cm-2022-0037\/\" \/>\r\n<meta property=\"og:site_name\" content=\"Portal de Transparencia del CAID\" \/>\r\n<meta property=\"article:modified_time\" content=\"2023-05-15T17:21:42+00:00\" \/>\r\n<meta property=\"og:image\" content=\"https:\/\/caid.gob.do\/transparencia\/wp-content\/uploads\/2023\/01\/pdf-1-1.png\" \/>\r\n<meta name=\"twitter:card\" content=\"summary_large_image\" \/>\r\n<meta name=\"twitter:label1\" content=\"Est. reading time\" \/>\n\t<meta name=\"twitter:data1\" content=\"2 minutos\" \/>\r\n<script type=\"application\/ld+json\" class=\"yoast-schema-graph\">{\"@context\":\"https:\/\/schema.org\",\"@graph\":[{\"@type\":\"WebPage\",\"@id\":\"https:\/\/caid.gob.do\/transparencia\/portal-de-transparencia-del-caid\/compras-y-contrataciones-publicas\/compras-menores\/compras-menores-2022\/caid-daf-cm-2022-0037\/\",\"url\":\"https:\/\/caid.gob.do\/transparencia\/portal-de-transparencia-del-caid\/compras-y-contrataciones-publicas\/compras-menores\/compras-menores-2022\/caid-daf-cm-2022-0037\/\",\"name\":\"CAID-DAF-CM-2022-0037 - Portal de Transparencia del CAID\",\"isPartOf\":{\"@id\":\"https:\/\/caid.gob.do\/transparencia\/#website\"},\"primaryImageOfPage\":{\"@id\":\"https:\/\/caid.gob.do\/transparencia\/portal-de-transparencia-del-caid\/compras-y-contrataciones-publicas\/compras-menores\/compras-menores-2022\/caid-daf-cm-2022-0037\/#primaryimage\"},\"image\":{\"@id\":\"https:\/\/caid.gob.do\/transparencia\/portal-de-transparencia-del-caid\/compras-y-contrataciones-publicas\/compras-menores\/compras-menores-2022\/caid-daf-cm-2022-0037\/#primaryimage\"},\"thumbnailUrl\":\"https:\/\/caid.gob.do\/transparencia\/wp-content\/uploads\/2023\/01\/pdf-1-1.png\",\"datePublished\":\"2023-01-03T13:22:56+00:00\",\"dateModified\":\"2023-05-15T17:21:42+00:00\",\"breadcrumb\":{\"@id\":\"https:\/\/caid.gob.do\/transparencia\/portal-de-transparencia-del-caid\/compras-y-contrataciones-publicas\/compras-menores\/compras-menores-2022\/caid-daf-cm-2022-0037\/#breadcrumb\"},\"inLanguage\":\"es-DO\",\"potentialAction\":[{\"@type\":\"ReadAction\",\"target\":[\"https:\/\/caid.gob.do\/transparencia\/portal-de-transparencia-del-caid\/compras-y-contrataciones-publicas\/compras-menores\/compras-menores-2022\/caid-daf-cm-2022-0037\/\"]}]},{\"@type\":\"ImageObject\",\"inLanguage\":\"es-DO\",\"@id\":\"https:\/\/caid.gob.do\/transparencia\/portal-de-transparencia-del-caid\/compras-y-contrataciones-publicas\/compras-menores\/compras-menores-2022\/caid-daf-cm-2022-0037\/#primaryimage\",\"url\":\"https:\/\/caid.gob.do\/transparencia\/wp-content\/uploads\/2023\/01\/pdf-1-1.png\",\"contentUrl\":\"https:\/\/caid.gob.do\/transparencia\/wp-content\/uploads\/2023\/01\/pdf-1-1.png\",\"width\":512,\"height\":512},{\"@type\":\"BreadcrumbList\",\"@id\":\"https:\/\/caid.gob.do\/transparencia\/portal-de-transparencia-del-caid\/compras-y-contrataciones-publicas\/compras-menores\/compras-menores-2022\/caid-daf-cm-2022-0037\/#breadcrumb\",\"itemListElement\":[{\"@type\":\"ListItem\",\"position\":1,\"name\":\"Est\u00e1s aqu\u00ed:\",\"item\":\"https:\/\/caid.gob.do\/transparencia\/\"},{\"@type\":\"ListItem\",\"position\":2,\"name\":\"Portal de transparencia del CAID\",\"item\":\"https:\/\/caid.gob.do\/transparencia\/\"},{\"@type\":\"ListItem\",\"position\":3,\"name\":\"Compras y contrataciones p\u00fablicas\",\"item\":\"https:\/\/caid.gob.do\/transparencia\/portal-de-transparencia-del-caid\/compras-y-contrataciones-publicas\/\"},{\"@type\":\"ListItem\",\"position\":4,\"name\":\"Compras menores\",\"item\":\"https:\/\/caid.gob.do\/transparencia\/portal-de-transparencia-del-caid\/compras-y-contrataciones-publicas\/compras-menores\/\"},{\"@type\":\"ListItem\",\"position\":5,\"name\":\"Compras menores del a\u00f1o 2022\",\"item\":\"https:\/\/caid.gob.do\/transparencia\/portal-de-transparencia-del-caid\/compras-y-contrataciones-publicas\/compras-menores\/compras-menores-2022\/\"},{\"@type\":\"ListItem\",\"position\":6,\"name\":\"CAID-DAF-CM-2022-0037\"}]},{\"@type\":\"WebSite\",\"@id\":\"https:\/\/caid.gob.do\/transparencia\/#website\",\"url\":\"https:\/\/caid.gob.do\/transparencia\/\",\"name\":\"Portal de Transparencia del CAID\",\"description\":\"Transparencia del CAID\",\"publisher\":{\"@id\":\"https:\/\/caid.gob.do\/transparencia\/#organization\"},\"potentialAction\":[{\"@type\":\"SearchAction\",\"target\":{\"@type\":\"EntryPoint\",\"urlTemplate\":\"https:\/\/caid.gob.do\/transparencia\/?s={search_term_string}\"},\"query-input\":{\"@type\":\"PropertyValueSpecification\",\"valueRequired\":true,\"valueName\":\"search_term_string\"}}],\"inLanguage\":\"es-DO\"},{\"@type\":\"Organization\",\"@id\":\"https:\/\/caid.gob.do\/transparencia\/#organization\",\"name\":\"Portal de Transparencia del CAID\",\"url\":\"https:\/\/caid.gob.do\/transparencia\/\",\"logo\":{\"@type\":\"ImageObject\",\"inLanguage\":\"es-DO\",\"@id\":\"https:\/\/caid.gob.do\/transparencia\/#\/schema\/logo\/image\/\",\"url\":\"https:\/\/caid.gob.do\/transparencia\/wp-content\/uploads\/2023\/01\/CAID-LOGOS-EN-PNG_Mesa-de-trabajo-1.png\",\"contentUrl\":\"https:\/\/caid.gob.do\/transparencia\/wp-content\/uploads\/2023\/01\/CAID-LOGOS-EN-PNG_Mesa-de-trabajo-1.png\",\"width\":4500,\"height\":2220,\"caption\":\"Portal de Transparencia del CAID\"},\"image\":{\"@id\":\"https:\/\/caid.gob.do\/transparencia\/#\/schema\/logo\/image\/\"}}]}<\/script>\r\n<!-- \/ Yoast SEO plugin. -->","yoast_head_json":{"title":"CAID-DAF-CM-2022-0037 - Portal de Transparencia del CAID","robots":{"index":"index","follow":"follow","max-snippet":"max-snippet:-1","max-image-preview":"max-image-preview:large","max-video-preview":"max-video-preview:-1"},"canonical":"https:\/\/caid.gob.do\/transparencia\/portal-de-transparencia-del-caid\/compras-y-contrataciones-publicas\/compras-menores\/compras-menores-2022\/caid-daf-cm-2022-0037\/","og_locale":"es_ES","og_type":"article","og_title":"CAID-DAF-CM-2022-0037 - Portal de Transparencia del CAID","og_description":"Adquisici\u00f3n Art\u00edculos De Vestuarios Y Disfraces Infantiles Para El Centro De Atenci\u00f3n Integral Para La Discapacidad (CAID), Sede De Santo Domingo Este. Ir al portal de compras Documentos Solicitud de compra. DESCARGAR Certificaci\u00f3n apropiaci\u00f3n presupuestaria. DESCARGAR Ficha t\u00e9cnica. DESCARGAR Listado de participantes 0037. DESCARGAR Acta de adjudicaci\u00f3n. DESCARGAR Orden de compra Solumix. DESCARGAR Orden de [&hellip;]","og_url":"https:\/\/caid.gob.do\/transparencia\/portal-de-transparencia-del-caid\/compras-y-contrataciones-publicas\/compras-menores\/compras-menores-2022\/caid-daf-cm-2022-0037\/","og_site_name":"Portal de Transparencia del CAID","article_modified_time":"2023-05-15T17:21:42+00:00","og_image":[{"url":"https:\/\/caid.gob.do\/transparencia\/wp-content\/uploads\/2023\/01\/pdf-1-1.png","type":"","width":"","height":""}],"twitter_card":"summary_large_image","twitter_misc":{"Est. reading time":"2 minutos"},"schema":{"@context":"https:\/\/schema.org","@graph":[{"@type":"WebPage","@id":"https:\/\/caid.gob.do\/transparencia\/portal-de-transparencia-del-caid\/compras-y-contrataciones-publicas\/compras-menores\/compras-menores-2022\/caid-daf-cm-2022-0037\/","url":"https:\/\/caid.gob.do\/transparencia\/portal-de-transparencia-del-caid\/compras-y-contrataciones-publicas\/compras-menores\/compras-menores-2022\/caid-daf-cm-2022-0037\/","name":"CAID-DAF-CM-2022-0037 - Portal de Transparencia del CAID","isPartOf":{"@id":"https:\/\/caid.gob.do\/transparencia\/#website"},"primaryImageOfPage":{"@id":"https:\/\/caid.gob.do\/transparencia\/portal-de-transparencia-del-caid\/compras-y-contrataciones-publicas\/compras-menores\/compras-menores-2022\/caid-daf-cm-2022-0037\/#primaryimage"},"image":{"@id":"https:\/\/caid.gob.do\/transparencia\/portal-de-transparencia-del-caid\/compras-y-contrataciones-publicas\/compras-menores\/compras-menores-2022\/caid-daf-cm-2022-0037\/#primaryimage"},"thumbnailUrl":"https:\/\/caid.gob.do\/transparencia\/wp-content\/uploads\/2023\/01\/pdf-1-1.png","datePublished":"2023-01-03T13:22:56+00:00","dateModified":"2023-05-15T17:21:42+00:00","breadcrumb":{"@id":"https:\/\/caid.gob.do\/transparencia\/portal-de-transparencia-del-caid\/compras-y-contrataciones-publicas\/compras-menores\/compras-menores-2022\/caid-daf-cm-2022-0037\/#breadcrumb"},"inLanguage":"es-DO","potentialAction":[{"@type":"ReadAction","target":["https:\/\/caid.gob.do\/transparencia\/portal-de-transparencia-del-caid\/compras-y-contrataciones-publicas\/compras-menores\/compras-menores-2022\/caid-daf-cm-2022-0037\/"]}]},{"@type":"ImageObject","inLanguage":"es-DO","@id":"https:\/\/caid.gob.do\/transparencia\/portal-de-transparencia-del-caid\/compras-y-contrataciones-publicas\/compras-menores\/compras-menores-2022\/caid-daf-cm-2022-0037\/#primaryimage","url":"https:\/\/caid.gob.do\/transparencia\/wp-content\/uploads\/2023\/01\/pdf-1-1.png","contentUrl":"https:\/\/caid.gob.do\/transparencia\/wp-content\/uploads\/2023\/01\/pdf-1-1.png","width":512,"height":512},{"@type":"BreadcrumbList","@id":"https:\/\/caid.gob.do\/transparencia\/portal-de-transparencia-del-caid\/compras-y-contrataciones-publicas\/compras-menores\/compras-menores-2022\/caid-daf-cm-2022-0037\/#breadcrumb","itemListElement":[{"@type":"ListItem","position":1,"name":"Est\u00e1s aqu\u00ed:","item":"https:\/\/caid.gob.do\/transparencia\/"},{"@type":"ListItem","position":2,"name":"Portal de transparencia del CAID","item":"https:\/\/caid.gob.do\/transparencia\/"},{"@type":"ListItem","position":3,"name":"Compras y contrataciones p\u00fablicas","item":"https:\/\/caid.gob.do\/transparencia\/portal-de-transparencia-del-caid\/compras-y-contrataciones-publicas\/"},{"@type":"ListItem","position":4,"name":"Compras menores","item":"https:\/\/caid.gob.do\/transparencia\/portal-de-transparencia-del-caid\/compras-y-contrataciones-publicas\/compras-menores\/"},{"@type":"ListItem","position":5,"name":"Compras menores del a\u00f1o 2022","item":"https:\/\/caid.gob.do\/transparencia\/portal-de-transparencia-del-caid\/compras-y-contrataciones-publicas\/compras-menores\/compras-menores-2022\/"},{"@type":"ListItem","position":6,"name":"CAID-DAF-CM-2022-0037"}]},{"@type":"WebSite","@id":"https:\/\/caid.gob.do\/transparencia\/#website","url":"https:\/\/caid.gob.do\/transparencia\/","name":"Portal de Transparencia del CAID","description":"Transparencia del CAID","publisher":{"@id":"https:\/\/caid.gob.do\/transparencia\/#organization"},"potentialAction":[{"@type":"SearchAction","target":{"@type":"EntryPoint","urlTemplate":"https:\/\/caid.gob.do\/transparencia\/?s={search_term_string}"},"query-input":{"@type":"PropertyValueSpecification","valueRequired":true,"valueName":"search_term_string"}}],"inLanguage":"es-DO"},{"@type":"Organization","@id":"https:\/\/caid.gob.do\/transparencia\/#organization","name":"Portal de Transparencia del CAID","url":"https:\/\/caid.gob.do\/transparencia\/","logo":{"@type":"ImageObject","inLanguage":"es-DO","@id":"https:\/\/caid.gob.do\/transparencia\/#\/schema\/logo\/image\/","url":"https:\/\/caid.gob.do\/transparencia\/wp-content\/uploads\/2023\/01\/CAID-LOGOS-EN-PNG_Mesa-de-trabajo-1.png","contentUrl":"https:\/\/caid.gob.do\/transparencia\/wp-content\/uploads\/2023\/01\/CAID-LOGOS-EN-PNG_Mesa-de-trabajo-1.png","width":4500,"height":2220,"caption":"Portal de Transparencia del CAID"},"image":{"@id":"https:\/\/caid.gob.do\/transparencia\/#\/schema\/logo\/image\/"}}]}},"jetpack_sharing_enabled":true,"_links":{"self":[{"href":"https:\/\/caid.gob.do\/transparencia\/wp-json\/wp\/v2\/pages\/345","targetHints":{"allow":["GET"]}}],"collection":[{"href":"https:\/\/caid.gob.do\/transparencia\/wp-json\/wp\/v2\/pages"}],"about":[{"href":"https:\/\/caid.gob.do\/transparencia\/wp-json\/wp\/v2\/types\/page"}],"author":[{"embeddable":true,"href":"https:\/\/caid.gob.do\/transparencia\/wp-json\/wp\/v2\/users\/1"}],"replies":[{"embeddable":true,"href":"https:\/\/caid.gob.do\/transparencia\/wp-json\/wp\/v2\/comments?post=345"}],"version-history":[{"count":12,"href":"https:\/\/caid.gob.do\/transparencia\/wp-json\/wp\/v2\/pages\/345\/revisions"}],"predecessor-version":[{"id":3720,"href":"https:\/\/caid.gob.do\/transparencia\/wp-json\/wp\/v2\/pages\/345\/revisions\/3720"}],"up":[{"embeddable":true,"href":"https:\/\/caid.gob.do\/transparencia\/wp-json\/wp\/v2\/pages\/3014"}],"wp:attachment":[{"href":"https:\/\/caid.gob.do\/transparencia\/wp-json\/wp\/v2\/media?parent=345"}],"curies":[{"name":"wp","href":"https:\/\/api.w.org\/{rel}","templated":true}]}}