{"id":355,"date":"2023-01-03T13:22:56","date_gmt":"2023-01-03T13:22:56","guid":{"rendered":"https:\/\/caid.gob.do\/transparencia\/informes-fisicos-semestrales\/"},"modified":"2023-05-15T17:21:43","modified_gmt":"2023-05-15T17:21:43","slug":"informes-fisicos-semestrales","status":"publish","type":"page","link":"https:\/\/caid.gob.do\/transparencia\/portal-de-transparencia-del-caid\/presupuesto\/ejecucion-presupuestaria\/ejecucion-del-presupuesto-2022\/informes-fisicos-financieros-2022\/informes-fisicos-semestrales\/","title":{"rendered":"Informes F\u00edsicos Semestrales"},"content":{"rendered":"\t\t<div data-elementor-type=\"wp-page\" data-elementor-id=\"355\" class=\"elementor elementor-355\" data-elementor-post-type=\"page\">\n\t\t\t\t\t\t<section class=\"elementor-section elementor-top-section elementor-element elementor-element-ecfdd57 elementor-section-boxed elementor-section-height-default elementor-section-height-default\" data-id=\"ecfdd57\" data-element_type=\"section\" data-e-type=\"section\">\n\t\t\t\t\t\t<div class=\"elementor-container elementor-column-gap-no\">\n\t\t\t\t\t<div class=\"elementor-column elementor-col-100 elementor-top-column elementor-element elementor-element-6643d78\" data-id=\"6643d78\" data-element_type=\"column\" data-e-type=\"column\">\n\t\t\t<div class=\"elementor-widget-wrap elementor-element-populated\">\n\t\t\t\t\t\t<div class=\"elementor-element elementor-element-5d3f6600 elementor-widget elementor-widget-toggle\" data-id=\"5d3f6600\" data-element_type=\"widget\" data-e-type=\"widget\" data-widget_type=\"toggle.default\">\n\t\t\t\t<div class=\"elementor-widget-container\">\n\t\t\t\t\t\t\t<div class=\"elementor-toggle\">\n\t\t\t\t\t\t\t<div class=\"elementor-toggle-item\">\n\t\t\t\t\t<div id=\"elementor-tab-title-1561\" class=\"elementor-tab-title\" data-tab=\"1\" role=\"button\" aria-controls=\"elementor-tab-content-1561\" aria-expanded=\"false\">\n\t\t\t\t\t\t\t\t\t\t\t\t<span class=\"elementor-toggle-icon elementor-toggle-icon-left\" aria-hidden=\"true\">\n\t\t\t\t\t\t\t\t\t\t\t\t\t\t\t<span class=\"elementor-toggle-icon-closed\"><i class=\"fas fa-caret-right\"><\/i><\/span>\n\t\t\t\t\t\t\t\t<span class=\"elementor-toggle-icon-opened\"><i class=\"elementor-toggle-icon-opened fas fa-caret-up\"><\/i><\/span>\n\t\t\t\t\t\t\t\t\t\t\t\t\t<\/span>\n\t\t\t\t\t\t\t\t\t\t\t\t<a class=\"elementor-toggle-title\" tabindex=\"0\">Informe f\u00edsico financiero del segundo semestre del 2022<\/a>\n\t\t\t\t\t<\/div>\n\n\t\t\t\t\t<div id=\"elementor-tab-content-1561\" class=\"elementor-tab-content elementor-clearfix\" data-tab=\"1\" role=\"region\" aria-labelledby=\"elementor-tab-title-1561\"><div class=\"grid\">\n<div><img decoding=\"async\" class=\"iconpdf\" src=\"https:\/\/caid.gob.do\/transparencia\/wp-content\/uploads\/iconos-para-web-08.png\" \/><\/div>\n<div>\n\nInforme evaluaci\u00f3n f\u00edsico financiero del segundo semestre del 2022\n\n<a href=\"https:\/\/caid.gob.do\/caid\/wp-content\/uploads\/Informe-evaluacion-semestral-meta-fisica-financiera-julio-diciembre-2022.pdf\" target=\"_blank\" rel=\"noopener\"><strong>DESCARGAR<\/strong><\/a>\n\n<\/div>\n<\/div>\n\n<hr \/>\n\n<div class=\"grid\">\n<div><img decoding=\"async\" class=\"iconpdf\" src=\"https:\/\/caid.gob.do\/transparencia\/wp-content\/uploads\/iconos-para-web-09.png\" \/><\/div>\n<div>\n\nInforme evaluaci\u00f3n f\u00edsico financiero del segundo semestre del 2022\n\n<a href=\"https:\/\/caid.gob.do\/caid\/wp-content\/uploads\/Informe-ejecucion-fisico-financiera-semestral-julio-diciembre-2022.xlsx\" target=\"_blank\" rel=\"noopener\"><strong>DESCARGAR<\/strong><\/a>\n\n<\/div>\n<\/div><\/div>\n\t\t\t\t<\/div>\n\t\t\t\t\t\t\t<div class=\"elementor-toggle-item\">\n\t\t\t\t\t<div id=\"elementor-tab-title-1562\" class=\"elementor-tab-title\" data-tab=\"2\" role=\"button\" aria-controls=\"elementor-tab-content-1562\" aria-expanded=\"false\">\n\t\t\t\t\t\t\t\t\t\t\t\t<span class=\"elementor-toggle-icon elementor-toggle-icon-left\" aria-hidden=\"true\">\n\t\t\t\t\t\t\t\t\t\t\t\t\t\t\t<span class=\"elementor-toggle-icon-closed\"><i class=\"fas fa-caret-right\"><\/i><\/span>\n\t\t\t\t\t\t\t\t<span class=\"elementor-toggle-icon-opened\"><i class=\"elementor-toggle-icon-opened fas fa-caret-up\"><\/i><\/span>\n\t\t\t\t\t\t\t\t\t\t\t\t\t<\/span>\n\t\t\t\t\t\t\t\t\t\t\t\t<a class=\"elementor-toggle-title\" tabindex=\"0\">Informe f\u00edsico financiero del primer semestre del 2022<\/a>\n\t\t\t\t\t<\/div>\n\n\t\t\t\t\t<div id=\"elementor-tab-content-1562\" class=\"elementor-tab-content elementor-clearfix\" data-tab=\"2\" role=\"region\" aria-labelledby=\"elementor-tab-title-1562\"><div class=\"grid\">\n<div><img decoding=\"async\" class=\"iconpdf\" src=\"https:\/\/caid.gob.do\/transparencia\/wp-content\/uploads\/iconos-para-web-08.png\" \/><\/div>\n<div>\n\nInforme evaluaci\u00f3n f\u00edsico financiero del primer semestre del 2022\n\n<a href=\"https:\/\/caid.gob.do\/caid\/wp-content\/uploads\/Informe-fisico-financiero-semestral.pdf\" target=\"_blank\" rel=\"noopener\"><strong>DESCARGAR<\/strong><\/a>\n\n<\/div>\n<\/div>\n\n<hr \/>\n\n<div class=\"grid\">\n<div><img decoding=\"async\" class=\"iconpdf\" src=\"https:\/\/caid.gob.do\/transparencia\/wp-content\/uploads\/iconos-para-web-09.png\" \/><\/div>\n<div>\n\nInforme evaluaci\u00f3n f\u00edsico financiero del primer semestre del 2022\n\n<a href=\"https:\/\/caid.gob.do\/caid\/wp-content\/uploads\/Informe-ejecucion-fisico-financiera-semestral-2022.xlsx\" target=\"_blank\" rel=\"noopener\"><strong>DESCARGAR<\/strong><\/a>\n\n<\/div>\n<\/div><\/div>\n\t\t\t\t<\/div>\n\t\t\t\t\t\t\t\t<\/div>\n\t\t\t\t\t\t<\/div>\n\t\t\t\t<\/div>\n\t\t\t\t\t<\/div>\n\t\t<\/div>\n\t\t\t\t\t<\/div>\n\t\t<\/section>\n\t\t\t\t<\/div>\n\t\t","protected":false},"excerpt":{"rendered":"<p>Informe f\u00edsico financiero del segundo semestre del 2022 Informe evaluaci\u00f3n f\u00edsico financiero del segundo semestre del 2022 DESCARGAR Informe evaluaci\u00f3n f\u00edsico financiero del segundo semestre del 2022 DESCARGAR Informe f\u00edsico financiero del primer semestre del 2022 Informe evaluaci\u00f3n f\u00edsico financiero del primer semestre del 2022 DESCARGAR Informe evaluaci\u00f3n f\u00edsico financiero del primer semestre del 2022 [&hellip;]<\/p>\n","protected":false},"author":1,"featured_media":0,"parent":545,"menu_order":0,"comment_status":"closed","ping_status":"closed","template":"","meta":{"footnotes":""},"class_list":["post-355","page","type-page","status-publish","hentry"],"yoast_head":"<!-- This site is optimized with the Yoast SEO plugin v27.0 - https:\/\/yoast.com\/product\/yoast-seo-wordpress\/ -->\r\n<title>Informes F\u00edsicos Semestrales - Portal de Transparencia del CAID<\/title>\r\n<meta name=\"robots\" content=\"index, follow, max-snippet:-1, max-image-preview:large, max-video-preview:-1\" \/>\r\n<link rel=\"canonical\" href=\"https:\/\/caid.gob.do\/transparencia\/portal-de-transparencia-del-caid\/presupuesto\/ejecucion-presupuestaria\/ejecucion-del-presupuesto-2022\/informes-fisicos-financieros-2022\/informes-fisicos-semestrales\/\" \/>\r\n<meta property=\"og:locale\" content=\"es_ES\" \/>\r\n<meta property=\"og:type\" content=\"article\" \/>\r\n<meta property=\"og:title\" content=\"Informes F\u00edsicos Semestrales - Portal de Transparencia del CAID\" \/>\r\n<meta property=\"og:description\" content=\"Informe f\u00edsico financiero del segundo semestre del 2022 Informe evaluaci\u00f3n f\u00edsico financiero del segundo semestre del 2022 DESCARGAR Informe evaluaci\u00f3n f\u00edsico financiero del segundo semestre del 2022 DESCARGAR Informe f\u00edsico financiero del primer semestre del 2022 Informe evaluaci\u00f3n f\u00edsico financiero del primer semestre del 2022 DESCARGAR Informe evaluaci\u00f3n f\u00edsico financiero del primer semestre del 2022 [&hellip;]\" \/>\r\n<meta property=\"og:url\" content=\"https:\/\/caid.gob.do\/transparencia\/portal-de-transparencia-del-caid\/presupuesto\/ejecucion-presupuestaria\/ejecucion-del-presupuesto-2022\/informes-fisicos-financieros-2022\/informes-fisicos-semestrales\/\" \/>\r\n<meta property=\"og:site_name\" content=\"Portal de Transparencia del CAID\" \/>\r\n<meta property=\"article:modified_time\" content=\"2023-05-15T17:21:43+00:00\" \/>\r\n<meta property=\"og:image\" content=\"https:\/\/caid.gob.do\/transparencia\/wp-content\/uploads\/iconos-para-web-08.png\" \/>\r\n<meta name=\"twitter:card\" content=\"summary_large_image\" \/>\r\n<meta name=\"twitter:label1\" content=\"Est. reading time\" \/>\n\t<meta name=\"twitter:data1\" content=\"2 minutos\" \/>\r\n<script type=\"application\/ld+json\" class=\"yoast-schema-graph\">{\"@context\":\"https:\/\/schema.org\",\"@graph\":[{\"@type\":\"WebPage\",\"@id\":\"https:\/\/caid.gob.do\/transparencia\/portal-de-transparencia-del-caid\/presupuesto\/ejecucion-presupuestaria\/ejecucion-del-presupuesto-2022\/informes-fisicos-financieros-2022\/informes-fisicos-semestrales\/\",\"url\":\"https:\/\/caid.gob.do\/transparencia\/portal-de-transparencia-del-caid\/presupuesto\/ejecucion-presupuestaria\/ejecucion-del-presupuesto-2022\/informes-fisicos-financieros-2022\/informes-fisicos-semestrales\/\",\"name\":\"Informes F\u00edsicos Semestrales - Portal de Transparencia del CAID\",\"isPartOf\":{\"@id\":\"https:\/\/caid.gob.do\/transparencia\/#website\"},\"primaryImageOfPage\":{\"@id\":\"https:\/\/caid.gob.do\/transparencia\/portal-de-transparencia-del-caid\/presupuesto\/ejecucion-presupuestaria\/ejecucion-del-presupuesto-2022\/informes-fisicos-financieros-2022\/informes-fisicos-semestrales\/#primaryimage\"},\"image\":{\"@id\":\"https:\/\/caid.gob.do\/transparencia\/portal-de-transparencia-del-caid\/presupuesto\/ejecucion-presupuestaria\/ejecucion-del-presupuesto-2022\/informes-fisicos-financieros-2022\/informes-fisicos-semestrales\/#primaryimage\"},\"thumbnailUrl\":\"https:\/\/caid.gob.do\/transparencia\/wp-content\/uploads\/iconos-para-web-08.png\",\"datePublished\":\"2023-01-03T13:22:56+00:00\",\"dateModified\":\"2023-05-15T17:21:43+00:00\",\"breadcrumb\":{\"@id\":\"https:\/\/caid.gob.do\/transparencia\/portal-de-transparencia-del-caid\/presupuesto\/ejecucion-presupuestaria\/ejecucion-del-presupuesto-2022\/informes-fisicos-financieros-2022\/informes-fisicos-semestrales\/#breadcrumb\"},\"inLanguage\":\"es-DO\",\"potentialAction\":[{\"@type\":\"ReadAction\",\"target\":[\"https:\/\/caid.gob.do\/transparencia\/portal-de-transparencia-del-caid\/presupuesto\/ejecucion-presupuestaria\/ejecucion-del-presupuesto-2022\/informes-fisicos-financieros-2022\/informes-fisicos-semestrales\/\"]}]},{\"@type\":\"ImageObject\",\"inLanguage\":\"es-DO\",\"@id\":\"https:\/\/caid.gob.do\/transparencia\/portal-de-transparencia-del-caid\/presupuesto\/ejecucion-presupuestaria\/ejecucion-del-presupuesto-2022\/informes-fisicos-financieros-2022\/informes-fisicos-semestrales\/#primaryimage\",\"url\":\"https:\/\/caid.gob.do\/transparencia\/wp-content\/uploads\/iconos-para-web-08.png\",\"contentUrl\":\"https:\/\/caid.gob.do\/transparencia\/wp-content\/uploads\/iconos-para-web-08.png\",\"width\":128,\"height\":128},{\"@type\":\"BreadcrumbList\",\"@id\":\"https:\/\/caid.gob.do\/transparencia\/portal-de-transparencia-del-caid\/presupuesto\/ejecucion-presupuestaria\/ejecucion-del-presupuesto-2022\/informes-fisicos-financieros-2022\/informes-fisicos-semestrales\/#breadcrumb\",\"itemListElement\":[{\"@type\":\"ListItem\",\"position\":1,\"name\":\"Est\u00e1s aqu\u00ed:\",\"item\":\"https:\/\/caid.gob.do\/transparencia\/\"},{\"@type\":\"ListItem\",\"position\":2,\"name\":\"Portal de transparencia del CAID\",\"item\":\"https:\/\/caid.gob.do\/transparencia\/\"},{\"@type\":\"ListItem\",\"position\":3,\"name\":\"Presupuesto\",\"item\":\"https:\/\/caid.gob.do\/transparencia\/portal-de-transparencia-del-caid\/presupuesto\/\"},{\"@type\":\"ListItem\",\"position\":4,\"name\":\"Ejecuci\u00f3n presupuestaria\",\"item\":\"https:\/\/caid.gob.do\/transparencia\/portal-de-transparencia-del-caid\/presupuesto\/ejecucion-presupuestaria\/\"},{\"@type\":\"ListItem\",\"position\":5,\"name\":\"Ejecuci\u00f3n del presupuesto del a\u00f1o 2022\",\"item\":\"https:\/\/caid.gob.do\/transparencia\/portal-de-transparencia-del-caid\/presupuesto\/ejecucion-presupuestaria\/ejecucion-del-presupuesto-2022\/\"},{\"@type\":\"ListItem\",\"position\":6,\"name\":\"Informes F\u00edsicos Financieros 2022\",\"item\":\"https:\/\/caid.gob.do\/transparencia\/portal-de-transparencia-del-caid\/presupuesto\/ejecucion-presupuestaria\/ejecucion-del-presupuesto-2022\/informes-fisicos-financieros-2022\/\"},{\"@type\":\"ListItem\",\"position\":7,\"name\":\"Informes F\u00edsicos Semestrales\"}]},{\"@type\":\"WebSite\",\"@id\":\"https:\/\/caid.gob.do\/transparencia\/#website\",\"url\":\"https:\/\/caid.gob.do\/transparencia\/\",\"name\":\"Portal de Transparencia del CAID\",\"description\":\"Transparencia del CAID\",\"publisher\":{\"@id\":\"https:\/\/caid.gob.do\/transparencia\/#organization\"},\"potentialAction\":[{\"@type\":\"SearchAction\",\"target\":{\"@type\":\"EntryPoint\",\"urlTemplate\":\"https:\/\/caid.gob.do\/transparencia\/?s={search_term_string}\"},\"query-input\":{\"@type\":\"PropertyValueSpecification\",\"valueRequired\":true,\"valueName\":\"search_term_string\"}}],\"inLanguage\":\"es-DO\"},{\"@type\":\"Organization\",\"@id\":\"https:\/\/caid.gob.do\/transparencia\/#organization\",\"name\":\"Portal de Transparencia del CAID\",\"url\":\"https:\/\/caid.gob.do\/transparencia\/\",\"logo\":{\"@type\":\"ImageObject\",\"inLanguage\":\"es-DO\",\"@id\":\"https:\/\/caid.gob.do\/transparencia\/#\/schema\/logo\/image\/\",\"url\":\"https:\/\/caid.gob.do\/transparencia\/wp-content\/uploads\/2023\/01\/CAID-LOGOS-EN-PNG_Mesa-de-trabajo-1.png\",\"contentUrl\":\"https:\/\/caid.gob.do\/transparencia\/wp-content\/uploads\/2023\/01\/CAID-LOGOS-EN-PNG_Mesa-de-trabajo-1.png\",\"width\":4500,\"height\":2220,\"caption\":\"Portal de Transparencia del CAID\"},\"image\":{\"@id\":\"https:\/\/caid.gob.do\/transparencia\/#\/schema\/logo\/image\/\"}}]}<\/script>\r\n<!-- \/ Yoast SEO plugin. -->","yoast_head_json":{"title":"Informes F\u00edsicos Semestrales - Portal de Transparencia del CAID","robots":{"index":"index","follow":"follow","max-snippet":"max-snippet:-1","max-image-preview":"max-image-preview:large","max-video-preview":"max-video-preview:-1"},"canonical":"https:\/\/caid.gob.do\/transparencia\/portal-de-transparencia-del-caid\/presupuesto\/ejecucion-presupuestaria\/ejecucion-del-presupuesto-2022\/informes-fisicos-financieros-2022\/informes-fisicos-semestrales\/","og_locale":"es_ES","og_type":"article","og_title":"Informes F\u00edsicos Semestrales - Portal de Transparencia del CAID","og_description":"Informe f\u00edsico financiero del segundo semestre del 2022 Informe evaluaci\u00f3n f\u00edsico financiero del segundo semestre del 2022 DESCARGAR Informe evaluaci\u00f3n f\u00edsico financiero del segundo semestre del 2022 DESCARGAR Informe f\u00edsico financiero del primer semestre del 2022 Informe evaluaci\u00f3n f\u00edsico financiero del primer semestre del 2022 DESCARGAR Informe evaluaci\u00f3n f\u00edsico financiero del primer semestre del 2022 [&hellip;]","og_url":"https:\/\/caid.gob.do\/transparencia\/portal-de-transparencia-del-caid\/presupuesto\/ejecucion-presupuestaria\/ejecucion-del-presupuesto-2022\/informes-fisicos-financieros-2022\/informes-fisicos-semestrales\/","og_site_name":"Portal de Transparencia del CAID","article_modified_time":"2023-05-15T17:21:43+00:00","og_image":[{"url":"https:\/\/caid.gob.do\/transparencia\/wp-content\/uploads\/iconos-para-web-08.png","type":"","width":"","height":""}],"twitter_card":"summary_large_image","twitter_misc":{"Est. reading time":"2 minutos"},"schema":{"@context":"https:\/\/schema.org","@graph":[{"@type":"WebPage","@id":"https:\/\/caid.gob.do\/transparencia\/portal-de-transparencia-del-caid\/presupuesto\/ejecucion-presupuestaria\/ejecucion-del-presupuesto-2022\/informes-fisicos-financieros-2022\/informes-fisicos-semestrales\/","url":"https:\/\/caid.gob.do\/transparencia\/portal-de-transparencia-del-caid\/presupuesto\/ejecucion-presupuestaria\/ejecucion-del-presupuesto-2022\/informes-fisicos-financieros-2022\/informes-fisicos-semestrales\/","name":"Informes F\u00edsicos Semestrales - Portal de Transparencia del CAID","isPartOf":{"@id":"https:\/\/caid.gob.do\/transparencia\/#website"},"primaryImageOfPage":{"@id":"https:\/\/caid.gob.do\/transparencia\/portal-de-transparencia-del-caid\/presupuesto\/ejecucion-presupuestaria\/ejecucion-del-presupuesto-2022\/informes-fisicos-financieros-2022\/informes-fisicos-semestrales\/#primaryimage"},"image":{"@id":"https:\/\/caid.gob.do\/transparencia\/portal-de-transparencia-del-caid\/presupuesto\/ejecucion-presupuestaria\/ejecucion-del-presupuesto-2022\/informes-fisicos-financieros-2022\/informes-fisicos-semestrales\/#primaryimage"},"thumbnailUrl":"https:\/\/caid.gob.do\/transparencia\/wp-content\/uploads\/iconos-para-web-08.png","datePublished":"2023-01-03T13:22:56+00:00","dateModified":"2023-05-15T17:21:43+00:00","breadcrumb":{"@id":"https:\/\/caid.gob.do\/transparencia\/portal-de-transparencia-del-caid\/presupuesto\/ejecucion-presupuestaria\/ejecucion-del-presupuesto-2022\/informes-fisicos-financieros-2022\/informes-fisicos-semestrales\/#breadcrumb"},"inLanguage":"es-DO","potentialAction":[{"@type":"ReadAction","target":["https:\/\/caid.gob.do\/transparencia\/portal-de-transparencia-del-caid\/presupuesto\/ejecucion-presupuestaria\/ejecucion-del-presupuesto-2022\/informes-fisicos-financieros-2022\/informes-fisicos-semestrales\/"]}]},{"@type":"ImageObject","inLanguage":"es-DO","@id":"https:\/\/caid.gob.do\/transparencia\/portal-de-transparencia-del-caid\/presupuesto\/ejecucion-presupuestaria\/ejecucion-del-presupuesto-2022\/informes-fisicos-financieros-2022\/informes-fisicos-semestrales\/#primaryimage","url":"https:\/\/caid.gob.do\/transparencia\/wp-content\/uploads\/iconos-para-web-08.png","contentUrl":"https:\/\/caid.gob.do\/transparencia\/wp-content\/uploads\/iconos-para-web-08.png","width":128,"height":128},{"@type":"BreadcrumbList","@id":"https:\/\/caid.gob.do\/transparencia\/portal-de-transparencia-del-caid\/presupuesto\/ejecucion-presupuestaria\/ejecucion-del-presupuesto-2022\/informes-fisicos-financieros-2022\/informes-fisicos-semestrales\/#breadcrumb","itemListElement":[{"@type":"ListItem","position":1,"name":"Est\u00e1s aqu\u00ed:","item":"https:\/\/caid.gob.do\/transparencia\/"},{"@type":"ListItem","position":2,"name":"Portal de transparencia del CAID","item":"https:\/\/caid.gob.do\/transparencia\/"},{"@type":"ListItem","position":3,"name":"Presupuesto","item":"https:\/\/caid.gob.do\/transparencia\/portal-de-transparencia-del-caid\/presupuesto\/"},{"@type":"ListItem","position":4,"name":"Ejecuci\u00f3n presupuestaria","item":"https:\/\/caid.gob.do\/transparencia\/portal-de-transparencia-del-caid\/presupuesto\/ejecucion-presupuestaria\/"},{"@type":"ListItem","position":5,"name":"Ejecuci\u00f3n del presupuesto del a\u00f1o 2022","item":"https:\/\/caid.gob.do\/transparencia\/portal-de-transparencia-del-caid\/presupuesto\/ejecucion-presupuestaria\/ejecucion-del-presupuesto-2022\/"},{"@type":"ListItem","position":6,"name":"Informes F\u00edsicos Financieros 2022","item":"https:\/\/caid.gob.do\/transparencia\/portal-de-transparencia-del-caid\/presupuesto\/ejecucion-presupuestaria\/ejecucion-del-presupuesto-2022\/informes-fisicos-financieros-2022\/"},{"@type":"ListItem","position":7,"name":"Informes F\u00edsicos Semestrales"}]},{"@type":"WebSite","@id":"https:\/\/caid.gob.do\/transparencia\/#website","url":"https:\/\/caid.gob.do\/transparencia\/","name":"Portal de Transparencia del CAID","description":"Transparencia del CAID","publisher":{"@id":"https:\/\/caid.gob.do\/transparencia\/#organization"},"potentialAction":[{"@type":"SearchAction","target":{"@type":"EntryPoint","urlTemplate":"https:\/\/caid.gob.do\/transparencia\/?s={search_term_string}"},"query-input":{"@type":"PropertyValueSpecification","valueRequired":true,"valueName":"search_term_string"}}],"inLanguage":"es-DO"},{"@type":"Organization","@id":"https:\/\/caid.gob.do\/transparencia\/#organization","name":"Portal de Transparencia del CAID","url":"https:\/\/caid.gob.do\/transparencia\/","logo":{"@type":"ImageObject","inLanguage":"es-DO","@id":"https:\/\/caid.gob.do\/transparencia\/#\/schema\/logo\/image\/","url":"https:\/\/caid.gob.do\/transparencia\/wp-content\/uploads\/2023\/01\/CAID-LOGOS-EN-PNG_Mesa-de-trabajo-1.png","contentUrl":"https:\/\/caid.gob.do\/transparencia\/wp-content\/uploads\/2023\/01\/CAID-LOGOS-EN-PNG_Mesa-de-trabajo-1.png","width":4500,"height":2220,"caption":"Portal de Transparencia del CAID"},"image":{"@id":"https:\/\/caid.gob.do\/transparencia\/#\/schema\/logo\/image\/"}}]}},"jetpack_sharing_enabled":true,"_links":{"self":[{"href":"https:\/\/caid.gob.do\/transparencia\/wp-json\/wp\/v2\/pages\/355","targetHints":{"allow":["GET"]}}],"collection":[{"href":"https:\/\/caid.gob.do\/transparencia\/wp-json\/wp\/v2\/pages"}],"about":[{"href":"https:\/\/caid.gob.do\/transparencia\/wp-json\/wp\/v2\/types\/page"}],"author":[{"embeddable":true,"href":"https:\/\/caid.gob.do\/transparencia\/wp-json\/wp\/v2\/users\/1"}],"replies":[{"embeddable":true,"href":"https:\/\/caid.gob.do\/transparencia\/wp-json\/wp\/v2\/comments?post=355"}],"version-history":[{"count":18,"href":"https:\/\/caid.gob.do\/transparencia\/wp-json\/wp\/v2\/pages\/355\/revisions"}],"predecessor-version":[{"id":4335,"href":"https:\/\/caid.gob.do\/transparencia\/wp-json\/wp\/v2\/pages\/355\/revisions\/4335"}],"up":[{"embeddable":true,"href":"https:\/\/caid.gob.do\/transparencia\/wp-json\/wp\/v2\/pages\/545"}],"wp:attachment":[{"href":"https:\/\/caid.gob.do\/transparencia\/wp-json\/wp\/v2\/media?parent=355"}],"curies":[{"name":"wp","href":"https:\/\/api.w.org\/{rel}","templated":true}]}}