{"id":394,"date":"2023-01-03T13:22:57","date_gmt":"2023-01-03T13:22:57","guid":{"rendered":"https:\/\/caid.gob.do\/transparencia\/responsable-de-acceso-a-la-informacion-rai\/"},"modified":"2024-06-03T18:24:53","modified_gmt":"2024-06-03T18:24:53","slug":"responsable-de-acceso-a-la-informacion-rai","status":"publish","type":"page","link":"https:\/\/caid.gob.do\/transparencia\/portal-de-transparencia-del-caid\/oficina-de-libre-acceso-a-la-informacion\/responsable-de-acceso-a-la-informacion-rai\/","title":{"rendered":"Responsable de Acceso a la Informaci\u00f3n (RAI)"},"content":{"rendered":"\t\t<div data-elementor-type=\"wp-page\" data-elementor-id=\"394\" class=\"elementor elementor-394\" data-elementor-post-type=\"page\">\n\t\t\t\t\t\t<section class=\"elementor-section elementor-top-section elementor-element elementor-element-78d111a2 elementor-section-full_width elementor-section-height-default elementor-section-height-default\" data-id=\"78d111a2\" data-element_type=\"section\" data-e-type=\"section\">\n\t\t\t\t\t\t<div class=\"elementor-container elementor-column-gap-no\">\n\t\t\t\t\t<div class=\"elementor-column elementor-col-100 elementor-top-column elementor-element elementor-element-4b820fdc\" data-id=\"4b820fdc\" data-element_type=\"column\" data-e-type=\"column\">\n\t\t\t<div class=\"elementor-widget-wrap elementor-element-populated\">\n\t\t\t\t\t\t<div class=\"elementor-element elementor-element-5730bc17 elementor-widget elementor-widget-text-editor\" data-id=\"5730bc17\" data-element_type=\"widget\" data-e-type=\"widget\" data-widget_type=\"text-editor.default\">\n\t\t\t\t<div class=\"elementor-widget-container\">\n\t\t\t\t\t\t\t\t\t<h3><strong>RAI<\/strong><\/h3><p><strong>Noelia Ovalles &#8211; <\/strong>Responsable de Acceso a la Informaci\u00f3n.<\/p><p><strong>N\u00famero de oficina:<\/strong> (829) 953-6146 ext.4093<\/p><p><strong>Correo:<\/strong> oai@caid.gob.do<\/p><p><strong>Direcci\u00f3n:<\/strong> Av. San Vicente casi esq, carretera Mella, Santo Domingo Este, Rep\u00fablica Dominicana.<\/p>\t\t\t\t\t\t\t\t<\/div>\n\t\t\t\t<\/div>\n\t\t\t\t\t<\/div>\n\t\t<\/div>\n\t\t\t\t\t<\/div>\n\t\t<\/section>\n\t\t\t\t<\/div>\n\t\t","protected":false},"excerpt":{"rendered":"<p>RAI Noelia Ovalles &#8211; Responsable de Acceso a la Informaci\u00f3n. N\u00famero de oficina: (829) 953-6146 ext.4093 Correo: oai@caid.gob.do Direcci\u00f3n: Av. San Vicente casi esq, carretera Mella, Santo Domingo Este, Rep\u00fablica Dominicana.<\/p>\n","protected":false},"author":1,"featured_media":0,"parent":3194,"menu_order":0,"comment_status":"closed","ping_status":"closed","template":"","meta":{"footnotes":""},"class_list":["post-394","page","type-page","status-publish","hentry"],"yoast_head":"<!-- This site is optimized with the Yoast SEO plugin v27.0 - https:\/\/yoast.com\/product\/yoast-seo-wordpress\/ -->\r\n<title>Responsable de Acceso a la Informaci\u00f3n (RAI) - Portal de Transparencia del CAID<\/title>\r\n<meta name=\"robots\" content=\"index, follow, max-snippet:-1, max-image-preview:large, max-video-preview:-1\" \/>\r\n<link rel=\"canonical\" href=\"https:\/\/caid.gob.do\/transparencia\/portal-de-transparencia-del-caid\/oficina-de-libre-acceso-a-la-informacion\/responsable-de-acceso-a-la-informacion-rai\/\" \/>\r\n<meta property=\"og:locale\" content=\"es_ES\" \/>\r\n<meta property=\"og:type\" content=\"article\" \/>\r\n<meta property=\"og:title\" content=\"Responsable de Acceso a la Informaci\u00f3n (RAI) - Portal de Transparencia del CAID\" \/>\r\n<meta property=\"og:description\" content=\"RAI Noelia Ovalles &#8211; Responsable de Acceso a la Informaci\u00f3n. N\u00famero de oficina: (829) 953-6146 ext.4093 Correo: oai@caid.gob.do Direcci\u00f3n: Av. San Vicente casi esq, carretera Mella, Santo Domingo Este, Rep\u00fablica Dominicana.\" \/>\r\n<meta property=\"og:url\" content=\"https:\/\/caid.gob.do\/transparencia\/portal-de-transparencia-del-caid\/oficina-de-libre-acceso-a-la-informacion\/responsable-de-acceso-a-la-informacion-rai\/\" \/>\r\n<meta property=\"og:site_name\" content=\"Portal de Transparencia del CAID\" \/>\r\n<meta property=\"article:modified_time\" content=\"2024-06-03T18:24:53+00:00\" \/>\r\n<meta name=\"twitter:card\" content=\"summary_large_image\" \/>\r\n<meta name=\"twitter:label1\" content=\"Est. reading time\" \/>\n\t<meta name=\"twitter:data1\" content=\"1 minuto\" \/>\r\n<script type=\"application\/ld+json\" class=\"yoast-schema-graph\">{\"@context\":\"https:\/\/schema.org\",\"@graph\":[{\"@type\":\"WebPage\",\"@id\":\"https:\/\/caid.gob.do\/transparencia\/portal-de-transparencia-del-caid\/oficina-de-libre-acceso-a-la-informacion\/responsable-de-acceso-a-la-informacion-rai\/\",\"url\":\"https:\/\/caid.gob.do\/transparencia\/portal-de-transparencia-del-caid\/oficina-de-libre-acceso-a-la-informacion\/responsable-de-acceso-a-la-informacion-rai\/\",\"name\":\"Responsable de Acceso a la Informaci\u00f3n (RAI) - Portal de Transparencia del CAID\",\"isPartOf\":{\"@id\":\"https:\/\/caid.gob.do\/transparencia\/#website\"},\"datePublished\":\"2023-01-03T13:22:57+00:00\",\"dateModified\":\"2024-06-03T18:24:53+00:00\",\"breadcrumb\":{\"@id\":\"https:\/\/caid.gob.do\/transparencia\/portal-de-transparencia-del-caid\/oficina-de-libre-acceso-a-la-informacion\/responsable-de-acceso-a-la-informacion-rai\/#breadcrumb\"},\"inLanguage\":\"es-DO\",\"potentialAction\":[{\"@type\":\"ReadAction\",\"target\":[\"https:\/\/caid.gob.do\/transparencia\/portal-de-transparencia-del-caid\/oficina-de-libre-acceso-a-la-informacion\/responsable-de-acceso-a-la-informacion-rai\/\"]}]},{\"@type\":\"BreadcrumbList\",\"@id\":\"https:\/\/caid.gob.do\/transparencia\/portal-de-transparencia-del-caid\/oficina-de-libre-acceso-a-la-informacion\/responsable-de-acceso-a-la-informacion-rai\/#breadcrumb\",\"itemListElement\":[{\"@type\":\"ListItem\",\"position\":1,\"name\":\"Est\u00e1s aqu\u00ed:\",\"item\":\"https:\/\/caid.gob.do\/transparencia\/\"},{\"@type\":\"ListItem\",\"position\":2,\"name\":\"Portal de transparencia del CAID\",\"item\":\"https:\/\/caid.gob.do\/transparencia\/\"},{\"@type\":\"ListItem\",\"position\":3,\"name\":\"Oficina de libre acceso a la informaci\u00f3n\",\"item\":\"https:\/\/caid.gob.do\/transparencia\/portal-de-transparencia-del-caid\/oficina-de-libre-acceso-a-la-informacion\/\"},{\"@type\":\"ListItem\",\"position\":4,\"name\":\"Responsable de Acceso a la Informaci\u00f3n (RAI)\"}]},{\"@type\":\"WebSite\",\"@id\":\"https:\/\/caid.gob.do\/transparencia\/#website\",\"url\":\"https:\/\/caid.gob.do\/transparencia\/\",\"name\":\"Portal de Transparencia del CAID\",\"description\":\"Transparencia del CAID\",\"publisher\":{\"@id\":\"https:\/\/caid.gob.do\/transparencia\/#organization\"},\"potentialAction\":[{\"@type\":\"SearchAction\",\"target\":{\"@type\":\"EntryPoint\",\"urlTemplate\":\"https:\/\/caid.gob.do\/transparencia\/?s={search_term_string}\"},\"query-input\":{\"@type\":\"PropertyValueSpecification\",\"valueRequired\":true,\"valueName\":\"search_term_string\"}}],\"inLanguage\":\"es-DO\"},{\"@type\":\"Organization\",\"@id\":\"https:\/\/caid.gob.do\/transparencia\/#organization\",\"name\":\"Portal de Transparencia del CAID\",\"url\":\"https:\/\/caid.gob.do\/transparencia\/\",\"logo\":{\"@type\":\"ImageObject\",\"inLanguage\":\"es-DO\",\"@id\":\"https:\/\/caid.gob.do\/transparencia\/#\/schema\/logo\/image\/\",\"url\":\"https:\/\/caid.gob.do\/transparencia\/wp-content\/uploads\/2023\/01\/CAID-LOGOS-EN-PNG_Mesa-de-trabajo-1.png\",\"contentUrl\":\"https:\/\/caid.gob.do\/transparencia\/wp-content\/uploads\/2023\/01\/CAID-LOGOS-EN-PNG_Mesa-de-trabajo-1.png\",\"width\":4500,\"height\":2220,\"caption\":\"Portal de Transparencia del CAID\"},\"image\":{\"@id\":\"https:\/\/caid.gob.do\/transparencia\/#\/schema\/logo\/image\/\"}}]}<\/script>\r\n<!-- \/ Yoast SEO plugin. -->","yoast_head_json":{"title":"Responsable de Acceso a la Informaci\u00f3n (RAI) - Portal de Transparencia del CAID","robots":{"index":"index","follow":"follow","max-snippet":"max-snippet:-1","max-image-preview":"max-image-preview:large","max-video-preview":"max-video-preview:-1"},"canonical":"https:\/\/caid.gob.do\/transparencia\/portal-de-transparencia-del-caid\/oficina-de-libre-acceso-a-la-informacion\/responsable-de-acceso-a-la-informacion-rai\/","og_locale":"es_ES","og_type":"article","og_title":"Responsable de Acceso a la Informaci\u00f3n (RAI) - Portal de Transparencia del CAID","og_description":"RAI Noelia Ovalles &#8211; Responsable de Acceso a la Informaci\u00f3n. N\u00famero de oficina: (829) 953-6146 ext.4093 Correo: oai@caid.gob.do Direcci\u00f3n: Av. San Vicente casi esq, carretera Mella, Santo Domingo Este, Rep\u00fablica Dominicana.","og_url":"https:\/\/caid.gob.do\/transparencia\/portal-de-transparencia-del-caid\/oficina-de-libre-acceso-a-la-informacion\/responsable-de-acceso-a-la-informacion-rai\/","og_site_name":"Portal de Transparencia del CAID","article_modified_time":"2024-06-03T18:24:53+00:00","twitter_card":"summary_large_image","twitter_misc":{"Est. reading time":"1 minuto"},"schema":{"@context":"https:\/\/schema.org","@graph":[{"@type":"WebPage","@id":"https:\/\/caid.gob.do\/transparencia\/portal-de-transparencia-del-caid\/oficina-de-libre-acceso-a-la-informacion\/responsable-de-acceso-a-la-informacion-rai\/","url":"https:\/\/caid.gob.do\/transparencia\/portal-de-transparencia-del-caid\/oficina-de-libre-acceso-a-la-informacion\/responsable-de-acceso-a-la-informacion-rai\/","name":"Responsable de Acceso a la Informaci\u00f3n (RAI) - Portal de Transparencia del CAID","isPartOf":{"@id":"https:\/\/caid.gob.do\/transparencia\/#website"},"datePublished":"2023-01-03T13:22:57+00:00","dateModified":"2024-06-03T18:24:53+00:00","breadcrumb":{"@id":"https:\/\/caid.gob.do\/transparencia\/portal-de-transparencia-del-caid\/oficina-de-libre-acceso-a-la-informacion\/responsable-de-acceso-a-la-informacion-rai\/#breadcrumb"},"inLanguage":"es-DO","potentialAction":[{"@type":"ReadAction","target":["https:\/\/caid.gob.do\/transparencia\/portal-de-transparencia-del-caid\/oficina-de-libre-acceso-a-la-informacion\/responsable-de-acceso-a-la-informacion-rai\/"]}]},{"@type":"BreadcrumbList","@id":"https:\/\/caid.gob.do\/transparencia\/portal-de-transparencia-del-caid\/oficina-de-libre-acceso-a-la-informacion\/responsable-de-acceso-a-la-informacion-rai\/#breadcrumb","itemListElement":[{"@type":"ListItem","position":1,"name":"Est\u00e1s aqu\u00ed:","item":"https:\/\/caid.gob.do\/transparencia\/"},{"@type":"ListItem","position":2,"name":"Portal de transparencia del CAID","item":"https:\/\/caid.gob.do\/transparencia\/"},{"@type":"ListItem","position":3,"name":"Oficina de libre acceso a la informaci\u00f3n","item":"https:\/\/caid.gob.do\/transparencia\/portal-de-transparencia-del-caid\/oficina-de-libre-acceso-a-la-informacion\/"},{"@type":"ListItem","position":4,"name":"Responsable de Acceso a la Informaci\u00f3n (RAI)"}]},{"@type":"WebSite","@id":"https:\/\/caid.gob.do\/transparencia\/#website","url":"https:\/\/caid.gob.do\/transparencia\/","name":"Portal de Transparencia del CAID","description":"Transparencia del CAID","publisher":{"@id":"https:\/\/caid.gob.do\/transparencia\/#organization"},"potentialAction":[{"@type":"SearchAction","target":{"@type":"EntryPoint","urlTemplate":"https:\/\/caid.gob.do\/transparencia\/?s={search_term_string}"},"query-input":{"@type":"PropertyValueSpecification","valueRequired":true,"valueName":"search_term_string"}}],"inLanguage":"es-DO"},{"@type":"Organization","@id":"https:\/\/caid.gob.do\/transparencia\/#organization","name":"Portal de Transparencia del CAID","url":"https:\/\/caid.gob.do\/transparencia\/","logo":{"@type":"ImageObject","inLanguage":"es-DO","@id":"https:\/\/caid.gob.do\/transparencia\/#\/schema\/logo\/image\/","url":"https:\/\/caid.gob.do\/transparencia\/wp-content\/uploads\/2023\/01\/CAID-LOGOS-EN-PNG_Mesa-de-trabajo-1.png","contentUrl":"https:\/\/caid.gob.do\/transparencia\/wp-content\/uploads\/2023\/01\/CAID-LOGOS-EN-PNG_Mesa-de-trabajo-1.png","width":4500,"height":2220,"caption":"Portal de Transparencia del CAID"},"image":{"@id":"https:\/\/caid.gob.do\/transparencia\/#\/schema\/logo\/image\/"}}]}},"jetpack_sharing_enabled":true,"_links":{"self":[{"href":"https:\/\/caid.gob.do\/transparencia\/wp-json\/wp\/v2\/pages\/394","targetHints":{"allow":["GET"]}}],"collection":[{"href":"https:\/\/caid.gob.do\/transparencia\/wp-json\/wp\/v2\/pages"}],"about":[{"href":"https:\/\/caid.gob.do\/transparencia\/wp-json\/wp\/v2\/types\/page"}],"author":[{"embeddable":true,"href":"https:\/\/caid.gob.do\/transparencia\/wp-json\/wp\/v2\/users\/1"}],"replies":[{"embeddable":true,"href":"https:\/\/caid.gob.do\/transparencia\/wp-json\/wp\/v2\/comments?post=394"}],"version-history":[{"count":24,"href":"https:\/\/caid.gob.do\/transparencia\/wp-json\/wp\/v2\/pages\/394\/revisions"}],"predecessor-version":[{"id":7559,"href":"https:\/\/caid.gob.do\/transparencia\/wp-json\/wp\/v2\/pages\/394\/revisions\/7559"}],"up":[{"embeddable":true,"href":"https:\/\/caid.gob.do\/transparencia\/wp-json\/wp\/v2\/pages\/3194"}],"wp:attachment":[{"href":"https:\/\/caid.gob.do\/transparencia\/wp-json\/wp\/v2\/media?parent=394"}],"curies":[{"name":"wp","href":"https:\/\/api.w.org\/{rel}","templated":true}]}}