{"id":3980,"date":"2023-04-05T15:44:55","date_gmt":"2023-04-05T15:44:55","guid":{"rendered":"https:\/\/caid.gob.do\/transparencia\/?page_id=3980"},"modified":"2023-05-15T17:21:56","modified_gmt":"2023-05-15T17:21:56","slug":"sorteos-de-obras-2022","status":"publish","type":"page","link":"https:\/\/caid.gob.do\/transparencia\/portal-de-transparencia-del-caid\/compras-y-contrataciones-publicas\/sorteos-de-obras\/sorteos-de-obras-2022\/","title":{"rendered":"Sorteos de obras 2022"},"content":{"rendered":"\t\t<div data-elementor-type=\"wp-page\" data-elementor-id=\"3980\" class=\"elementor elementor-3980\" data-elementor-post-type=\"page\">\n\t\t\t\t\t\t<section class=\"elementor-section elementor-top-section elementor-element elementor-element-61c437bd elementor-section-boxed elementor-section-height-default elementor-section-height-default\" data-id=\"61c437bd\" data-element_type=\"section\" data-e-type=\"section\">\n\t\t\t\t\t\t<div class=\"elementor-container elementor-column-gap-no\">\n\t\t\t\t\t<div class=\"elementor-column elementor-col-100 elementor-top-column elementor-element elementor-element-574b8f0b\" data-id=\"574b8f0b\" data-element_type=\"column\" data-e-type=\"column\">\n\t\t\t<div class=\"elementor-widget-wrap elementor-element-populated\">\n\t\t\t\t\t\t<div class=\"elementor-element elementor-element-5aa51eb0 elementor-widget elementor-widget-toggle\" data-id=\"5aa51eb0\" data-element_type=\"widget\" data-e-type=\"widget\" data-widget_type=\"toggle.default\">\n\t\t\t\t<div class=\"elementor-widget-container\">\n\t\t\t\t\t\t\t<div class=\"elementor-toggle\">\n\t\t\t\t\t\t\t<div class=\"elementor-toggle-item\">\n\t\t\t\t\t<div id=\"elementor-tab-title-1521\" class=\"elementor-tab-title\" data-tab=\"1\" role=\"button\" aria-controls=\"elementor-tab-content-1521\" aria-expanded=\"false\">\n\t\t\t\t\t\t\t\t\t\t\t\t<span class=\"elementor-toggle-icon elementor-toggle-icon-left\" aria-hidden=\"true\">\n\t\t\t\t\t\t\t\t\t\t\t\t\t\t\t<span class=\"elementor-toggle-icon-closed\"><i class=\"fas fa-caret-right\"><\/i><\/span>\n\t\t\t\t\t\t\t\t<span class=\"elementor-toggle-icon-opened\"><i class=\"elementor-toggle-icon-opened fas fa-caret-up\"><\/i><\/span>\n\t\t\t\t\t\t\t\t\t\t\t\t\t<\/span>\n\t\t\t\t\t\t\t\t\t\t\t\t<a class=\"elementor-toggle-title\" tabindex=\"0\">Diciembre<\/a>\n\t\t\t\t\t<\/div>\n\n\t\t\t\t\t<div id=\"elementor-tab-content-1521\" class=\"elementor-tab-content elementor-clearfix\" data-tab=\"1\" role=\"region\" aria-labelledby=\"elementor-tab-title-1521\"><div class=\"grid\">\n<div><img decoding=\"async\" class=\"iconpdf\" src=\"https:\/\/caid.gob.do\/transparencia\/wp-content\/uploads\/iconos-para-web-07.png\" \/><\/div>\n<div>\n\nDurante el mes de diciembre de 2022, no se realiz\u00f3 ning\u00fan proceso de compra bajo esta modalidad.\n\n<\/div>\n<\/div><\/div>\n\t\t\t\t<\/div>\n\t\t\t\t\t\t\t<div class=\"elementor-toggle-item\">\n\t\t\t\t\t<div id=\"elementor-tab-title-1522\" class=\"elementor-tab-title\" data-tab=\"2\" role=\"button\" aria-controls=\"elementor-tab-content-1522\" aria-expanded=\"false\">\n\t\t\t\t\t\t\t\t\t\t\t\t<span class=\"elementor-toggle-icon elementor-toggle-icon-left\" aria-hidden=\"true\">\n\t\t\t\t\t\t\t\t\t\t\t\t\t\t\t<span class=\"elementor-toggle-icon-closed\"><i class=\"fas fa-caret-right\"><\/i><\/span>\n\t\t\t\t\t\t\t\t<span class=\"elementor-toggle-icon-opened\"><i class=\"elementor-toggle-icon-opened fas fa-caret-up\"><\/i><\/span>\n\t\t\t\t\t\t\t\t\t\t\t\t\t<\/span>\n\t\t\t\t\t\t\t\t\t\t\t\t<a class=\"elementor-toggle-title\" tabindex=\"0\">Noviembre<\/a>\n\t\t\t\t\t<\/div>\n\n\t\t\t\t\t<div id=\"elementor-tab-content-1522\" class=\"elementor-tab-content elementor-clearfix\" data-tab=\"2\" role=\"region\" aria-labelledby=\"elementor-tab-title-1522\"><div class=\"grid\">\n<div><img decoding=\"async\" class=\"iconpdf\" src=\"https:\/\/caid.gob.do\/transparencia\/wp-content\/uploads\/iconos-para-web-07.png\" \/><\/div>\n<div>\n\nDurante el mes de noviembre de 2022, no se realiz\u00f3 ning\u00fan proceso de compra bajo esta modalidad.\n\n<\/div>\n<\/div><\/div>\n\t\t\t\t<\/div>\n\t\t\t\t\t\t\t<div class=\"elementor-toggle-item\">\n\t\t\t\t\t<div id=\"elementor-tab-title-1523\" class=\"elementor-tab-title\" data-tab=\"3\" role=\"button\" aria-controls=\"elementor-tab-content-1523\" aria-expanded=\"false\">\n\t\t\t\t\t\t\t\t\t\t\t\t<span class=\"elementor-toggle-icon elementor-toggle-icon-left\" aria-hidden=\"true\">\n\t\t\t\t\t\t\t\t\t\t\t\t\t\t\t<span class=\"elementor-toggle-icon-closed\"><i class=\"fas fa-caret-right\"><\/i><\/span>\n\t\t\t\t\t\t\t\t<span class=\"elementor-toggle-icon-opened\"><i class=\"elementor-toggle-icon-opened fas fa-caret-up\"><\/i><\/span>\n\t\t\t\t\t\t\t\t\t\t\t\t\t<\/span>\n\t\t\t\t\t\t\t\t\t\t\t\t<a class=\"elementor-toggle-title\" tabindex=\"0\">Octubre<\/a>\n\t\t\t\t\t<\/div>\n\n\t\t\t\t\t<div id=\"elementor-tab-content-1523\" class=\"elementor-tab-content elementor-clearfix\" data-tab=\"3\" role=\"region\" aria-labelledby=\"elementor-tab-title-1523\"><div class=\"grid\">\n<div><img decoding=\"async\" class=\"iconpdf\" src=\"https:\/\/caid.gob.do\/transparencia\/wp-content\/uploads\/iconos-para-web-07.png\" \/><\/div>\n<div>\n\nDurante el mes de octubre de 2022, no se realiz\u00f3 ning\u00fan proceso de compra bajo esta modalidad.\n\n<\/div>\n<\/div><\/div>\n\t\t\t\t<\/div>\n\t\t\t\t\t\t\t<div class=\"elementor-toggle-item\">\n\t\t\t\t\t<div id=\"elementor-tab-title-1524\" class=\"elementor-tab-title\" data-tab=\"4\" role=\"button\" aria-controls=\"elementor-tab-content-1524\" aria-expanded=\"false\">\n\t\t\t\t\t\t\t\t\t\t\t\t<span class=\"elementor-toggle-icon elementor-toggle-icon-left\" aria-hidden=\"true\">\n\t\t\t\t\t\t\t\t\t\t\t\t\t\t\t<span class=\"elementor-toggle-icon-closed\"><i class=\"fas fa-caret-right\"><\/i><\/span>\n\t\t\t\t\t\t\t\t<span class=\"elementor-toggle-icon-opened\"><i class=\"elementor-toggle-icon-opened fas fa-caret-up\"><\/i><\/span>\n\t\t\t\t\t\t\t\t\t\t\t\t\t<\/span>\n\t\t\t\t\t\t\t\t\t\t\t\t<a class=\"elementor-toggle-title\" tabindex=\"0\">Septiembre<\/a>\n\t\t\t\t\t<\/div>\n\n\t\t\t\t\t<div id=\"elementor-tab-content-1524\" class=\"elementor-tab-content elementor-clearfix\" data-tab=\"4\" role=\"region\" aria-labelledby=\"elementor-tab-title-1524\"><div class=\"grid\">\n<div><img decoding=\"async\" class=\"iconpdf\" src=\"https:\/\/caid.gob.do\/transparencia\/wp-content\/uploads\/iconos-para-web-07.png\" \/><\/div>\n<div>\n\nDurante el mes de septiembre de 2022, no se realiz\u00f3 ning\u00fan proceso de compra bajo esta modalidad.\n\n<\/div>\n<\/div><\/div>\n\t\t\t\t<\/div>\n\t\t\t\t\t\t\t<div class=\"elementor-toggle-item\">\n\t\t\t\t\t<div id=\"elementor-tab-title-1525\" class=\"elementor-tab-title\" data-tab=\"5\" role=\"button\" aria-controls=\"elementor-tab-content-1525\" aria-expanded=\"false\">\n\t\t\t\t\t\t\t\t\t\t\t\t<span class=\"elementor-toggle-icon elementor-toggle-icon-left\" aria-hidden=\"true\">\n\t\t\t\t\t\t\t\t\t\t\t\t\t\t\t<span class=\"elementor-toggle-icon-closed\"><i class=\"fas fa-caret-right\"><\/i><\/span>\n\t\t\t\t\t\t\t\t<span class=\"elementor-toggle-icon-opened\"><i class=\"elementor-toggle-icon-opened fas fa-caret-up\"><\/i><\/span>\n\t\t\t\t\t\t\t\t\t\t\t\t\t<\/span>\n\t\t\t\t\t\t\t\t\t\t\t\t<a class=\"elementor-toggle-title\" tabindex=\"0\">Agosto<\/a>\n\t\t\t\t\t<\/div>\n\n\t\t\t\t\t<div id=\"elementor-tab-content-1525\" class=\"elementor-tab-content elementor-clearfix\" data-tab=\"5\" role=\"region\" aria-labelledby=\"elementor-tab-title-1525\"><div class=\"grid\">\n<div><img decoding=\"async\" class=\"iconpdf\" src=\"https:\/\/caid.gob.do\/transparencia\/wp-content\/uploads\/iconos-para-web-07.png\" \/><\/div>\n<div>\n\nDurante el mes de agosto de 2022, no se realiz\u00f3 ning\u00fan proceso de compra bajo esta modalidad.\n\n<\/div>\n<\/div><\/div>\n\t\t\t\t<\/div>\n\t\t\t\t\t\t\t<div class=\"elementor-toggle-item\">\n\t\t\t\t\t<div id=\"elementor-tab-title-1526\" class=\"elementor-tab-title\" data-tab=\"6\" role=\"button\" aria-controls=\"elementor-tab-content-1526\" aria-expanded=\"false\">\n\t\t\t\t\t\t\t\t\t\t\t\t<span class=\"elementor-toggle-icon elementor-toggle-icon-left\" aria-hidden=\"true\">\n\t\t\t\t\t\t\t\t\t\t\t\t\t\t\t<span class=\"elementor-toggle-icon-closed\"><i class=\"fas fa-caret-right\"><\/i><\/span>\n\t\t\t\t\t\t\t\t<span class=\"elementor-toggle-icon-opened\"><i class=\"elementor-toggle-icon-opened fas fa-caret-up\"><\/i><\/span>\n\t\t\t\t\t\t\t\t\t\t\t\t\t<\/span>\n\t\t\t\t\t\t\t\t\t\t\t\t<a class=\"elementor-toggle-title\" tabindex=\"0\">Julio<\/a>\n\t\t\t\t\t<\/div>\n\n\t\t\t\t\t<div id=\"elementor-tab-content-1526\" class=\"elementor-tab-content elementor-clearfix\" data-tab=\"6\" role=\"region\" aria-labelledby=\"elementor-tab-title-1526\"><div class=\"grid\">\n<div><img decoding=\"async\" class=\"iconpdf\" src=\"https:\/\/caid.gob.do\/transparencia\/wp-content\/uploads\/iconos-para-web-07.png\" \/><\/div>\n<div>\n\nDurante el mes de julio de 2022, no se realiz\u00f3 ning\u00fan proceso de compra bajo esta modalidad.\n\n<\/div>\n<\/div><\/div>\n\t\t\t\t<\/div>\n\t\t\t\t\t\t\t<div class=\"elementor-toggle-item\">\n\t\t\t\t\t<div id=\"elementor-tab-title-1527\" class=\"elementor-tab-title\" data-tab=\"7\" role=\"button\" aria-controls=\"elementor-tab-content-1527\" aria-expanded=\"false\">\n\t\t\t\t\t\t\t\t\t\t\t\t<span class=\"elementor-toggle-icon elementor-toggle-icon-left\" aria-hidden=\"true\">\n\t\t\t\t\t\t\t\t\t\t\t\t\t\t\t<span class=\"elementor-toggle-icon-closed\"><i class=\"fas fa-caret-right\"><\/i><\/span>\n\t\t\t\t\t\t\t\t<span class=\"elementor-toggle-icon-opened\"><i class=\"elementor-toggle-icon-opened fas fa-caret-up\"><\/i><\/span>\n\t\t\t\t\t\t\t\t\t\t\t\t\t<\/span>\n\t\t\t\t\t\t\t\t\t\t\t\t<a class=\"elementor-toggle-title\" tabindex=\"0\">Junio<\/a>\n\t\t\t\t\t<\/div>\n\n\t\t\t\t\t<div id=\"elementor-tab-content-1527\" class=\"elementor-tab-content elementor-clearfix\" data-tab=\"7\" role=\"region\" aria-labelledby=\"elementor-tab-title-1527\"><div class=\"grid\">\n<div><img decoding=\"async\" class=\"iconpdf\" src=\"https:\/\/caid.gob.do\/transparencia\/wp-content\/uploads\/iconos-para-web-07.png\" \/><\/div>\n<div>\n\nDurante el mes de junio de 2022, no se realiz\u00f3 ning\u00fan proceso de compra bajo esta modalidad.\n\n<\/div>\n<\/div><\/div>\n\t\t\t\t<\/div>\n\t\t\t\t\t\t\t<div class=\"elementor-toggle-item\">\n\t\t\t\t\t<div id=\"elementor-tab-title-1528\" class=\"elementor-tab-title\" data-tab=\"8\" role=\"button\" aria-controls=\"elementor-tab-content-1528\" aria-expanded=\"false\">\n\t\t\t\t\t\t\t\t\t\t\t\t<span class=\"elementor-toggle-icon elementor-toggle-icon-left\" aria-hidden=\"true\">\n\t\t\t\t\t\t\t\t\t\t\t\t\t\t\t<span class=\"elementor-toggle-icon-closed\"><i class=\"fas fa-caret-right\"><\/i><\/span>\n\t\t\t\t\t\t\t\t<span class=\"elementor-toggle-icon-opened\"><i class=\"elementor-toggle-icon-opened fas fa-caret-up\"><\/i><\/span>\n\t\t\t\t\t\t\t\t\t\t\t\t\t<\/span>\n\t\t\t\t\t\t\t\t\t\t\t\t<a class=\"elementor-toggle-title\" tabindex=\"0\">Mayo<\/a>\n\t\t\t\t\t<\/div>\n\n\t\t\t\t\t<div id=\"elementor-tab-content-1528\" class=\"elementor-tab-content elementor-clearfix\" data-tab=\"8\" role=\"region\" aria-labelledby=\"elementor-tab-title-1528\"><div class=\"grid\">\n<div><img decoding=\"async\" class=\"iconpdf\" src=\"https:\/\/caid.gob.do\/transparencia\/wp-content\/uploads\/iconos-para-web-07.png\" \/><\/div>\n<div>\n\nDurante el mes de mayo de 2022, no se realiz\u00f3 ning\u00fan proceso de compra bajo esta modalidad.\n\n<\/div>\n<\/div><\/div>\n\t\t\t\t<\/div>\n\t\t\t\t\t\t\t<div class=\"elementor-toggle-item\">\n\t\t\t\t\t<div id=\"elementor-tab-title-1529\" class=\"elementor-tab-title\" data-tab=\"9\" role=\"button\" aria-controls=\"elementor-tab-content-1529\" aria-expanded=\"false\">\n\t\t\t\t\t\t\t\t\t\t\t\t<span class=\"elementor-toggle-icon elementor-toggle-icon-left\" aria-hidden=\"true\">\n\t\t\t\t\t\t\t\t\t\t\t\t\t\t\t<span class=\"elementor-toggle-icon-closed\"><i class=\"fas fa-caret-right\"><\/i><\/span>\n\t\t\t\t\t\t\t\t<span class=\"elementor-toggle-icon-opened\"><i class=\"elementor-toggle-icon-opened fas fa-caret-up\"><\/i><\/span>\n\t\t\t\t\t\t\t\t\t\t\t\t\t<\/span>\n\t\t\t\t\t\t\t\t\t\t\t\t<a class=\"elementor-toggle-title\" tabindex=\"0\">Abril<\/a>\n\t\t\t\t\t<\/div>\n\n\t\t\t\t\t<div id=\"elementor-tab-content-1529\" class=\"elementor-tab-content elementor-clearfix\" data-tab=\"9\" role=\"region\" aria-labelledby=\"elementor-tab-title-1529\"><div class=\"grid\">\n<div><img decoding=\"async\" class=\"iconpdf\" src=\"https:\/\/caid.gob.do\/transparencia\/wp-content\/uploads\/iconos-para-web-07.png\" \/><\/div>\n<div>\n\nDurante el mes de abril de 2022, no se realiz\u00f3 ning\u00fan proceso de compra bajo esta modalidad.\n\n<\/div>\n<\/div><\/div>\n\t\t\t\t<\/div>\n\t\t\t\t\t\t\t<div class=\"elementor-toggle-item\">\n\t\t\t\t\t<div id=\"elementor-tab-title-15210\" class=\"elementor-tab-title\" data-tab=\"10\" role=\"button\" aria-controls=\"elementor-tab-content-15210\" aria-expanded=\"false\">\n\t\t\t\t\t\t\t\t\t\t\t\t<span class=\"elementor-toggle-icon elementor-toggle-icon-left\" aria-hidden=\"true\">\n\t\t\t\t\t\t\t\t\t\t\t\t\t\t\t<span class=\"elementor-toggle-icon-closed\"><i class=\"fas fa-caret-right\"><\/i><\/span>\n\t\t\t\t\t\t\t\t<span class=\"elementor-toggle-icon-opened\"><i class=\"elementor-toggle-icon-opened fas fa-caret-up\"><\/i><\/span>\n\t\t\t\t\t\t\t\t\t\t\t\t\t<\/span>\n\t\t\t\t\t\t\t\t\t\t\t\t<a class=\"elementor-toggle-title\" tabindex=\"0\">Marzo<\/a>\n\t\t\t\t\t<\/div>\n\n\t\t\t\t\t<div id=\"elementor-tab-content-15210\" class=\"elementor-tab-content elementor-clearfix\" data-tab=\"10\" role=\"region\" aria-labelledby=\"elementor-tab-title-15210\"><div class=\"grid\">\n<div><img decoding=\"async\" class=\"iconpdf\" src=\"https:\/\/caid.gob.do\/transparencia\/wp-content\/uploads\/iconos-para-web-07.png\" \/><\/div>\n<div>\n\nDurante el mes de marzo de 2022, no se realiz\u00f3 ning\u00fan proceso de compra bajo esta modalidad.\n\n<\/div>\n<\/div><\/div>\n\t\t\t\t<\/div>\n\t\t\t\t\t\t\t\t<\/div>\n\t\t\t\t\t\t<\/div>\n\t\t\t\t<\/div>\n\t\t\t\t\t<\/div>\n\t\t<\/div>\n\t\t\t\t\t<\/div>\n\t\t<\/section>\n\t\t\t\t<\/div>\n\t\t","protected":false},"excerpt":{"rendered":"<p>Diciembre Durante el mes de diciembre de 2022, no se realiz\u00f3 ning\u00fan proceso de compra bajo esta modalidad. Noviembre Durante el mes de noviembre de 2022, no se realiz\u00f3 ning\u00fan proceso de compra bajo esta modalidad. Octubre Durante el mes de octubre de 2022, no se realiz\u00f3 ning\u00fan proceso de compra bajo esta modalidad. Septiembre [&hellip;]<\/p>\n","protected":false},"author":1,"featured_media":0,"parent":444,"menu_order":0,"comment_status":"closed","ping_status":"closed","template":"","meta":{"footnotes":""},"class_list":["post-3980","page","type-page","status-publish","hentry"],"yoast_head":"<!-- This site is optimized with the Yoast SEO plugin v27.0 - https:\/\/yoast.com\/product\/yoast-seo-wordpress\/ -->\r\n<title>Sorteos de obras 2022 - Portal de Transparencia del CAID<\/title>\r\n<meta name=\"robots\" content=\"index, follow, max-snippet:-1, max-image-preview:large, max-video-preview:-1\" \/>\r\n<link rel=\"canonical\" href=\"https:\/\/caid.gob.do\/transparencia\/portal-de-transparencia-del-caid\/compras-y-contrataciones-publicas\/sorteos-de-obras\/sorteos-de-obras-2022\/\" \/>\r\n<meta property=\"og:locale\" content=\"es_ES\" \/>\r\n<meta property=\"og:type\" content=\"article\" \/>\r\n<meta property=\"og:title\" content=\"Sorteos de obras 2022 - Portal de Transparencia del CAID\" \/>\r\n<meta property=\"og:description\" content=\"Diciembre Durante el mes de diciembre de 2022, no se realiz\u00f3 ning\u00fan proceso de compra bajo esta modalidad. Noviembre Durante el mes de noviembre de 2022, no se realiz\u00f3 ning\u00fan proceso de compra bajo esta modalidad. Octubre Durante el mes de octubre de 2022, no se realiz\u00f3 ning\u00fan proceso de compra bajo esta modalidad. Septiembre [&hellip;]\" \/>\r\n<meta property=\"og:url\" content=\"https:\/\/caid.gob.do\/transparencia\/portal-de-transparencia-del-caid\/compras-y-contrataciones-publicas\/sorteos-de-obras\/sorteos-de-obras-2022\/\" \/>\r\n<meta property=\"og:site_name\" content=\"Portal de Transparencia del CAID\" \/>\r\n<meta property=\"article:modified_time\" content=\"2023-05-15T17:21:56+00:00\" \/>\r\n<meta property=\"og:image\" content=\"https:\/\/caid.gob.do\/transparencia\/wp-content\/uploads\/iconos-para-web-07.png\" \/>\r\n<meta name=\"twitter:card\" content=\"summary_large_image\" \/>\r\n<meta name=\"twitter:label1\" content=\"Est. reading time\" \/>\n\t<meta name=\"twitter:data1\" content=\"3 minutos\" \/>\r\n<script type=\"application\/ld+json\" class=\"yoast-schema-graph\">{\"@context\":\"https:\/\/schema.org\",\"@graph\":[{\"@type\":\"WebPage\",\"@id\":\"https:\/\/caid.gob.do\/transparencia\/portal-de-transparencia-del-caid\/compras-y-contrataciones-publicas\/sorteos-de-obras\/sorteos-de-obras-2022\/\",\"url\":\"https:\/\/caid.gob.do\/transparencia\/portal-de-transparencia-del-caid\/compras-y-contrataciones-publicas\/sorteos-de-obras\/sorteos-de-obras-2022\/\",\"name\":\"Sorteos de obras 2022 - Portal de Transparencia del CAID\",\"isPartOf\":{\"@id\":\"https:\/\/caid.gob.do\/transparencia\/#website\"},\"primaryImageOfPage\":{\"@id\":\"https:\/\/caid.gob.do\/transparencia\/portal-de-transparencia-del-caid\/compras-y-contrataciones-publicas\/sorteos-de-obras\/sorteos-de-obras-2022\/#primaryimage\"},\"image\":{\"@id\":\"https:\/\/caid.gob.do\/transparencia\/portal-de-transparencia-del-caid\/compras-y-contrataciones-publicas\/sorteos-de-obras\/sorteos-de-obras-2022\/#primaryimage\"},\"thumbnailUrl\":\"https:\/\/caid.gob.do\/transparencia\/wp-content\/uploads\/iconos-para-web-07.png\",\"datePublished\":\"2023-04-05T15:44:55+00:00\",\"dateModified\":\"2023-05-15T17:21:56+00:00\",\"breadcrumb\":{\"@id\":\"https:\/\/caid.gob.do\/transparencia\/portal-de-transparencia-del-caid\/compras-y-contrataciones-publicas\/sorteos-de-obras\/sorteos-de-obras-2022\/#breadcrumb\"},\"inLanguage\":\"es-DO\",\"potentialAction\":[{\"@type\":\"ReadAction\",\"target\":[\"https:\/\/caid.gob.do\/transparencia\/portal-de-transparencia-del-caid\/compras-y-contrataciones-publicas\/sorteos-de-obras\/sorteos-de-obras-2022\/\"]}]},{\"@type\":\"ImageObject\",\"inLanguage\":\"es-DO\",\"@id\":\"https:\/\/caid.gob.do\/transparencia\/portal-de-transparencia-del-caid\/compras-y-contrataciones-publicas\/sorteos-de-obras\/sorteos-de-obras-2022\/#primaryimage\",\"url\":\"https:\/\/caid.gob.do\/transparencia\/wp-content\/uploads\/iconos-para-web-07.png\",\"contentUrl\":\"https:\/\/caid.gob.do\/transparencia\/wp-content\/uploads\/iconos-para-web-07.png\",\"width\":128,\"height\":128},{\"@type\":\"BreadcrumbList\",\"@id\":\"https:\/\/caid.gob.do\/transparencia\/portal-de-transparencia-del-caid\/compras-y-contrataciones-publicas\/sorteos-de-obras\/sorteos-de-obras-2022\/#breadcrumb\",\"itemListElement\":[{\"@type\":\"ListItem\",\"position\":1,\"name\":\"Est\u00e1s aqu\u00ed:\",\"item\":\"https:\/\/caid.gob.do\/transparencia\/\"},{\"@type\":\"ListItem\",\"position\":2,\"name\":\"Portal de transparencia del CAID\",\"item\":\"https:\/\/caid.gob.do\/transparencia\/\"},{\"@type\":\"ListItem\",\"position\":3,\"name\":\"Compras y contrataciones p\u00fablicas\",\"item\":\"https:\/\/caid.gob.do\/transparencia\/portal-de-transparencia-del-caid\/compras-y-contrataciones-publicas\/\"},{\"@type\":\"ListItem\",\"position\":4,\"name\":\"Sorteos de obras\",\"item\":\"https:\/\/caid.gob.do\/transparencia\/portal-de-transparencia-del-caid\/compras-y-contrataciones-publicas\/sorteos-de-obras\/\"},{\"@type\":\"ListItem\",\"position\":5,\"name\":\"Sorteos de obras 2022\"}]},{\"@type\":\"WebSite\",\"@id\":\"https:\/\/caid.gob.do\/transparencia\/#website\",\"url\":\"https:\/\/caid.gob.do\/transparencia\/\",\"name\":\"Portal de Transparencia del CAID\",\"description\":\"Transparencia del CAID\",\"publisher\":{\"@id\":\"https:\/\/caid.gob.do\/transparencia\/#organization\"},\"potentialAction\":[{\"@type\":\"SearchAction\",\"target\":{\"@type\":\"EntryPoint\",\"urlTemplate\":\"https:\/\/caid.gob.do\/transparencia\/?s={search_term_string}\"},\"query-input\":{\"@type\":\"PropertyValueSpecification\",\"valueRequired\":true,\"valueName\":\"search_term_string\"}}],\"inLanguage\":\"es-DO\"},{\"@type\":\"Organization\",\"@id\":\"https:\/\/caid.gob.do\/transparencia\/#organization\",\"name\":\"Portal de Transparencia del CAID\",\"url\":\"https:\/\/caid.gob.do\/transparencia\/\",\"logo\":{\"@type\":\"ImageObject\",\"inLanguage\":\"es-DO\",\"@id\":\"https:\/\/caid.gob.do\/transparencia\/#\/schema\/logo\/image\/\",\"url\":\"https:\/\/caid.gob.do\/transparencia\/wp-content\/uploads\/2023\/01\/CAID-LOGOS-EN-PNG_Mesa-de-trabajo-1.png\",\"contentUrl\":\"https:\/\/caid.gob.do\/transparencia\/wp-content\/uploads\/2023\/01\/CAID-LOGOS-EN-PNG_Mesa-de-trabajo-1.png\",\"width\":4500,\"height\":2220,\"caption\":\"Portal de Transparencia del CAID\"},\"image\":{\"@id\":\"https:\/\/caid.gob.do\/transparencia\/#\/schema\/logo\/image\/\"}}]}<\/script>\r\n<!-- \/ Yoast SEO plugin. -->","yoast_head_json":{"title":"Sorteos de obras 2022 - Portal de Transparencia del CAID","robots":{"index":"index","follow":"follow","max-snippet":"max-snippet:-1","max-image-preview":"max-image-preview:large","max-video-preview":"max-video-preview:-1"},"canonical":"https:\/\/caid.gob.do\/transparencia\/portal-de-transparencia-del-caid\/compras-y-contrataciones-publicas\/sorteos-de-obras\/sorteos-de-obras-2022\/","og_locale":"es_ES","og_type":"article","og_title":"Sorteos de obras 2022 - Portal de Transparencia del CAID","og_description":"Diciembre Durante el mes de diciembre de 2022, no se realiz\u00f3 ning\u00fan proceso de compra bajo esta modalidad. Noviembre Durante el mes de noviembre de 2022, no se realiz\u00f3 ning\u00fan proceso de compra bajo esta modalidad. Octubre Durante el mes de octubre de 2022, no se realiz\u00f3 ning\u00fan proceso de compra bajo esta modalidad. Septiembre [&hellip;]","og_url":"https:\/\/caid.gob.do\/transparencia\/portal-de-transparencia-del-caid\/compras-y-contrataciones-publicas\/sorteos-de-obras\/sorteos-de-obras-2022\/","og_site_name":"Portal de Transparencia del CAID","article_modified_time":"2023-05-15T17:21:56+00:00","og_image":[{"url":"https:\/\/caid.gob.do\/transparencia\/wp-content\/uploads\/iconos-para-web-07.png","type":"","width":"","height":""}],"twitter_card":"summary_large_image","twitter_misc":{"Est. reading time":"3 minutos"},"schema":{"@context":"https:\/\/schema.org","@graph":[{"@type":"WebPage","@id":"https:\/\/caid.gob.do\/transparencia\/portal-de-transparencia-del-caid\/compras-y-contrataciones-publicas\/sorteos-de-obras\/sorteos-de-obras-2022\/","url":"https:\/\/caid.gob.do\/transparencia\/portal-de-transparencia-del-caid\/compras-y-contrataciones-publicas\/sorteos-de-obras\/sorteos-de-obras-2022\/","name":"Sorteos de obras 2022 - Portal de Transparencia del CAID","isPartOf":{"@id":"https:\/\/caid.gob.do\/transparencia\/#website"},"primaryImageOfPage":{"@id":"https:\/\/caid.gob.do\/transparencia\/portal-de-transparencia-del-caid\/compras-y-contrataciones-publicas\/sorteos-de-obras\/sorteos-de-obras-2022\/#primaryimage"},"image":{"@id":"https:\/\/caid.gob.do\/transparencia\/portal-de-transparencia-del-caid\/compras-y-contrataciones-publicas\/sorteos-de-obras\/sorteos-de-obras-2022\/#primaryimage"},"thumbnailUrl":"https:\/\/caid.gob.do\/transparencia\/wp-content\/uploads\/iconos-para-web-07.png","datePublished":"2023-04-05T15:44:55+00:00","dateModified":"2023-05-15T17:21:56+00:00","breadcrumb":{"@id":"https:\/\/caid.gob.do\/transparencia\/portal-de-transparencia-del-caid\/compras-y-contrataciones-publicas\/sorteos-de-obras\/sorteos-de-obras-2022\/#breadcrumb"},"inLanguage":"es-DO","potentialAction":[{"@type":"ReadAction","target":["https:\/\/caid.gob.do\/transparencia\/portal-de-transparencia-del-caid\/compras-y-contrataciones-publicas\/sorteos-de-obras\/sorteos-de-obras-2022\/"]}]},{"@type":"ImageObject","inLanguage":"es-DO","@id":"https:\/\/caid.gob.do\/transparencia\/portal-de-transparencia-del-caid\/compras-y-contrataciones-publicas\/sorteos-de-obras\/sorteos-de-obras-2022\/#primaryimage","url":"https:\/\/caid.gob.do\/transparencia\/wp-content\/uploads\/iconos-para-web-07.png","contentUrl":"https:\/\/caid.gob.do\/transparencia\/wp-content\/uploads\/iconos-para-web-07.png","width":128,"height":128},{"@type":"BreadcrumbList","@id":"https:\/\/caid.gob.do\/transparencia\/portal-de-transparencia-del-caid\/compras-y-contrataciones-publicas\/sorteos-de-obras\/sorteos-de-obras-2022\/#breadcrumb","itemListElement":[{"@type":"ListItem","position":1,"name":"Est\u00e1s aqu\u00ed:","item":"https:\/\/caid.gob.do\/transparencia\/"},{"@type":"ListItem","position":2,"name":"Portal de transparencia del CAID","item":"https:\/\/caid.gob.do\/transparencia\/"},{"@type":"ListItem","position":3,"name":"Compras y contrataciones p\u00fablicas","item":"https:\/\/caid.gob.do\/transparencia\/portal-de-transparencia-del-caid\/compras-y-contrataciones-publicas\/"},{"@type":"ListItem","position":4,"name":"Sorteos de obras","item":"https:\/\/caid.gob.do\/transparencia\/portal-de-transparencia-del-caid\/compras-y-contrataciones-publicas\/sorteos-de-obras\/"},{"@type":"ListItem","position":5,"name":"Sorteos de obras 2022"}]},{"@type":"WebSite","@id":"https:\/\/caid.gob.do\/transparencia\/#website","url":"https:\/\/caid.gob.do\/transparencia\/","name":"Portal de Transparencia del CAID","description":"Transparencia del CAID","publisher":{"@id":"https:\/\/caid.gob.do\/transparencia\/#organization"},"potentialAction":[{"@type":"SearchAction","target":{"@type":"EntryPoint","urlTemplate":"https:\/\/caid.gob.do\/transparencia\/?s={search_term_string}"},"query-input":{"@type":"PropertyValueSpecification","valueRequired":true,"valueName":"search_term_string"}}],"inLanguage":"es-DO"},{"@type":"Organization","@id":"https:\/\/caid.gob.do\/transparencia\/#organization","name":"Portal de Transparencia del CAID","url":"https:\/\/caid.gob.do\/transparencia\/","logo":{"@type":"ImageObject","inLanguage":"es-DO","@id":"https:\/\/caid.gob.do\/transparencia\/#\/schema\/logo\/image\/","url":"https:\/\/caid.gob.do\/transparencia\/wp-content\/uploads\/2023\/01\/CAID-LOGOS-EN-PNG_Mesa-de-trabajo-1.png","contentUrl":"https:\/\/caid.gob.do\/transparencia\/wp-content\/uploads\/2023\/01\/CAID-LOGOS-EN-PNG_Mesa-de-trabajo-1.png","width":4500,"height":2220,"caption":"Portal de Transparencia del CAID"},"image":{"@id":"https:\/\/caid.gob.do\/transparencia\/#\/schema\/logo\/image\/"}}]}},"jetpack_sharing_enabled":true,"_links":{"self":[{"href":"https:\/\/caid.gob.do\/transparencia\/wp-json\/wp\/v2\/pages\/3980","targetHints":{"allow":["GET"]}}],"collection":[{"href":"https:\/\/caid.gob.do\/transparencia\/wp-json\/wp\/v2\/pages"}],"about":[{"href":"https:\/\/caid.gob.do\/transparencia\/wp-json\/wp\/v2\/types\/page"}],"author":[{"embeddable":true,"href":"https:\/\/caid.gob.do\/transparencia\/wp-json\/wp\/v2\/users\/1"}],"replies":[{"embeddable":true,"href":"https:\/\/caid.gob.do\/transparencia\/wp-json\/wp\/v2\/comments?post=3980"}],"version-history":[{"count":14,"href":"https:\/\/caid.gob.do\/transparencia\/wp-json\/wp\/v2\/pages\/3980\/revisions"}],"predecessor-version":[{"id":4581,"href":"https:\/\/caid.gob.do\/transparencia\/wp-json\/wp\/v2\/pages\/3980\/revisions\/4581"}],"up":[{"embeddable":true,"href":"https:\/\/caid.gob.do\/transparencia\/wp-json\/wp\/v2\/pages\/444"}],"wp:attachment":[{"href":"https:\/\/caid.gob.do\/transparencia\/wp-json\/wp\/v2\/media?parent=3980"}],"curies":[{"name":"wp","href":"https:\/\/api.w.org\/{rel}","templated":true}]}}