{"id":4104,"date":"2023-04-25T15:10:05","date_gmt":"2023-04-25T15:10:05","guid":{"rendered":"https:\/\/caid.gob.do\/transparencia\/?page_id=4104"},"modified":"2023-07-18T18:05:22","modified_gmt":"2023-07-18T18:05:22","slug":"informes-fisicos-financieros-2023","status":"publish","type":"page","link":"https:\/\/caid.gob.do\/transparencia\/portal-de-transparencia-del-caid\/presupuesto\/ejecucion-presupuestaria\/ejecucion-del-presupuesto-del-ano-2023\/informes-fisicos-financieros-2023\/","title":{"rendered":"Informes f\u00edsicos financieros 2023"},"content":{"rendered":"\t\t<div data-elementor-type=\"wp-page\" data-elementor-id=\"4104\" class=\"elementor elementor-4104\" data-elementor-post-type=\"page\">\n\t\t\t\t\t\t<section class=\"elementor-section elementor-top-section elementor-element elementor-element-4007e75 sink elementor-section-boxed elementor-section-height-default elementor-section-height-default\" data-id=\"4007e75\" data-element_type=\"section\" data-e-type=\"section\">\n\t\t\t\t\t\t<div class=\"elementor-container elementor-column-gap-no\">\n\t\t\t\t\t<div class=\"elementor-column elementor-col-50 elementor-top-column elementor-element elementor-element-e24014c\" data-id=\"e24014c\" data-element_type=\"column\" data-e-type=\"column\">\n\t\t\t<div class=\"elementor-widget-wrap elementor-element-populated\">\n\t\t\t\t\t\t<div class=\"elementor-element elementor-element-04a72b1 elementor-widget elementor-widget-image\" data-id=\"04a72b1\" data-element_type=\"widget\" data-e-type=\"widget\" data-widget_type=\"image.default\">\n\t\t\t\t<div class=\"elementor-widget-container\">\n\t\t\t\t\t\t\t\t\t\t\t\t\t\t\t\t<a href=\"https:\/\/caid.gob.do\/transparencia\/portal-de-transparencia-del-caid\/presupuesto\/ejecucion-presupuestaria\/ejecucion-del-presupuesto-del-ano-2023\/informes-fisicos-financieros-2023\/informes-fisicos-trimestrales-2023\/\">\n\t\t\t\t\t\t\t<img decoding=\"async\" width=\"128\" height=\"128\" src=\"https:\/\/caid.gob.do\/transparencia\/wp-content\/uploads\/iconos-para-web-07.png\" class=\"attachment-full size-full wp-image-4148\" alt=\"\" \/>\t\t\t\t\t\t\t\t<\/a>\n\t\t\t\t\t\t\t\t\t\t\t\t\t\t\t<\/div>\n\t\t\t\t<\/div>\n\t\t\t\t\t<\/div>\n\t\t<\/div>\n\t\t\t\t<div class=\"elementor-column elementor-col-50 elementor-top-column elementor-element elementor-element-24f0ac9\" data-id=\"24f0ac9\" data-element_type=\"column\" data-e-type=\"column\">\n\t\t\t<div class=\"elementor-widget-wrap elementor-element-populated\">\n\t\t\t\t\t\t<div class=\"elementor-element elementor-element-1e06269 elementor-widget elementor-widget-heading\" data-id=\"1e06269\" data-element_type=\"widget\" data-e-type=\"widget\" data-widget_type=\"heading.default\">\n\t\t\t\t<div class=\"elementor-widget-container\">\n\t\t\t\t\t<h2 class=\"elementor-heading-title elementor-size-default\"><a href=\"https:\/\/caid.gob.do\/transparencia\/portal-de-transparencia-del-caid\/presupuesto\/ejecucion-presupuestaria\/ejecucion-del-presupuesto-del-ano-2023\/informes-fisicos-financieros-2023\/informes-fisicos-trimestrales-2023\/\">Informes f\u00edsicos trimestrales 2023<\/a><\/h2>\t\t\t\t<\/div>\n\t\t\t\t<\/div>\n\t\t\t\t\t<\/div>\n\t\t<\/div>\n\t\t\t\t\t<\/div>\n\t\t<\/section>\n\t\t\t\t<section class=\"elementor-section elementor-top-section elementor-element elementor-element-15b27d1 sink elementor-section-boxed elementor-section-height-default elementor-section-height-default\" data-id=\"15b27d1\" data-element_type=\"section\" data-e-type=\"section\">\n\t\t\t\t\t\t<div class=\"elementor-container elementor-column-gap-no\">\n\t\t\t\t\t<div class=\"elementor-column elementor-col-50 elementor-top-column elementor-element elementor-element-49737fc\" data-id=\"49737fc\" data-element_type=\"column\" data-e-type=\"column\">\n\t\t\t<div class=\"elementor-widget-wrap elementor-element-populated\">\n\t\t\t\t\t\t<div class=\"elementor-element elementor-element-7835fa4 elementor-widget elementor-widget-image\" data-id=\"7835fa4\" data-element_type=\"widget\" data-e-type=\"widget\" data-widget_type=\"image.default\">\n\t\t\t\t<div class=\"elementor-widget-container\">\n\t\t\t\t\t\t\t\t\t\t\t\t\t\t\t\t<a href=\"https:\/\/caid.gob.do\/transparencia\/portal-de-transparencia-del-caid\/presupuesto\/ejecucion-presupuestaria\/ejecucion-del-presupuesto-del-ano-2023\/informes-fisicos-financieros-2023\/informes-fisicos-semestrales-2023\/\">\n\t\t\t\t\t\t\t<img decoding=\"async\" width=\"128\" height=\"128\" src=\"https:\/\/caid.gob.do\/transparencia\/wp-content\/uploads\/iconos-para-web-07.png\" class=\"attachment-full size-full wp-image-4148\" alt=\"\" \/>\t\t\t\t\t\t\t\t<\/a>\n\t\t\t\t\t\t\t\t\t\t\t\t\t\t\t<\/div>\n\t\t\t\t<\/div>\n\t\t\t\t\t<\/div>\n\t\t<\/div>\n\t\t\t\t<div class=\"elementor-column elementor-col-50 elementor-top-column elementor-element elementor-element-ebab05b\" data-id=\"ebab05b\" data-element_type=\"column\" data-e-type=\"column\">\n\t\t\t<div class=\"elementor-widget-wrap elementor-element-populated\">\n\t\t\t\t\t\t<div class=\"elementor-element elementor-element-c9e9dab elementor-widget elementor-widget-heading\" data-id=\"c9e9dab\" data-element_type=\"widget\" data-e-type=\"widget\" data-widget_type=\"heading.default\">\n\t\t\t\t<div class=\"elementor-widget-container\">\n\t\t\t\t\t<h2 class=\"elementor-heading-title elementor-size-default\"><a href=\"https:\/\/caid.gob.do\/transparencia\/portal-de-transparencia-del-caid\/presupuesto\/ejecucion-presupuestaria\/ejecucion-del-presupuesto-del-ano-2023\/informes-fisicos-financieros-2023\/informes-fisicos-semestrales-2023\/\">Informes f\u00edsicos semestrales 2023<\/a><\/h2>\t\t\t\t<\/div>\n\t\t\t\t<\/div>\n\t\t\t\t\t<\/div>\n\t\t<\/div>\n\t\t\t\t\t<\/div>\n\t\t<\/section>\n\t\t\t\t<\/div>\n\t\t","protected":false},"excerpt":{"rendered":"<p>Informes f\u00edsicos trimestrales 2023 Informes f\u00edsicos semestrales 2023<\/p>\n","protected":false},"author":1,"featured_media":0,"parent":2428,"menu_order":0,"comment_status":"closed","ping_status":"closed","template":"","meta":{"footnotes":""},"class_list":["post-4104","page","type-page","status-publish","hentry"],"yoast_head":"<!-- This site is optimized with the Yoast SEO plugin v27.0 - https:\/\/yoast.com\/product\/yoast-seo-wordpress\/ -->\r\n<title>Informes f\u00edsicos financieros 2023 - Portal de Transparencia del CAID<\/title>\r\n<meta name=\"robots\" content=\"index, follow, max-snippet:-1, max-image-preview:large, max-video-preview:-1\" \/>\r\n<link rel=\"canonical\" href=\"https:\/\/caid.gob.do\/transparencia\/portal-de-transparencia-del-caid\/presupuesto\/ejecucion-presupuestaria\/ejecucion-del-presupuesto-del-ano-2023\/informes-fisicos-financieros-2023\/\" \/>\r\n<meta property=\"og:locale\" content=\"es_ES\" \/>\r\n<meta property=\"og:type\" content=\"article\" \/>\r\n<meta property=\"og:title\" content=\"Informes f\u00edsicos financieros 2023 - Portal de Transparencia del CAID\" \/>\r\n<meta property=\"og:description\" content=\"Informes f\u00edsicos trimestrales 2023 Informes f\u00edsicos semestrales 2023\" \/>\r\n<meta property=\"og:url\" content=\"https:\/\/caid.gob.do\/transparencia\/portal-de-transparencia-del-caid\/presupuesto\/ejecucion-presupuestaria\/ejecucion-del-presupuesto-del-ano-2023\/informes-fisicos-financieros-2023\/\" \/>\r\n<meta property=\"og:site_name\" content=\"Portal de Transparencia del CAID\" \/>\r\n<meta property=\"article:modified_time\" content=\"2023-07-18T18:05:22+00:00\" \/>\r\n<meta property=\"og:image\" content=\"https:\/\/caid.gob.do\/transparencia\/wp-content\/uploads\/iconos-para-web-07.png\" \/>\r\n<meta name=\"twitter:card\" content=\"summary_large_image\" \/>\r\n<meta name=\"twitter:label1\" content=\"Est. reading time\" \/>\n\t<meta name=\"twitter:data1\" content=\"1 minuto\" \/>\r\n<script type=\"application\/ld+json\" class=\"yoast-schema-graph\">{\"@context\":\"https:\/\/schema.org\",\"@graph\":[{\"@type\":\"WebPage\",\"@id\":\"https:\/\/caid.gob.do\/transparencia\/portal-de-transparencia-del-caid\/presupuesto\/ejecucion-presupuestaria\/ejecucion-del-presupuesto-del-ano-2023\/informes-fisicos-financieros-2023\/\",\"url\":\"https:\/\/caid.gob.do\/transparencia\/portal-de-transparencia-del-caid\/presupuesto\/ejecucion-presupuestaria\/ejecucion-del-presupuesto-del-ano-2023\/informes-fisicos-financieros-2023\/\",\"name\":\"Informes f\u00edsicos financieros 2023 - Portal de Transparencia del CAID\",\"isPartOf\":{\"@id\":\"https:\/\/caid.gob.do\/transparencia\/#website\"},\"primaryImageOfPage\":{\"@id\":\"https:\/\/caid.gob.do\/transparencia\/portal-de-transparencia-del-caid\/presupuesto\/ejecucion-presupuestaria\/ejecucion-del-presupuesto-del-ano-2023\/informes-fisicos-financieros-2023\/#primaryimage\"},\"image\":{\"@id\":\"https:\/\/caid.gob.do\/transparencia\/portal-de-transparencia-del-caid\/presupuesto\/ejecucion-presupuestaria\/ejecucion-del-presupuesto-del-ano-2023\/informes-fisicos-financieros-2023\/#primaryimage\"},\"thumbnailUrl\":\"https:\/\/caid.gob.do\/transparencia\/wp-content\/uploads\/iconos-para-web-07.png\",\"datePublished\":\"2023-04-25T15:10:05+00:00\",\"dateModified\":\"2023-07-18T18:05:22+00:00\",\"breadcrumb\":{\"@id\":\"https:\/\/caid.gob.do\/transparencia\/portal-de-transparencia-del-caid\/presupuesto\/ejecucion-presupuestaria\/ejecucion-del-presupuesto-del-ano-2023\/informes-fisicos-financieros-2023\/#breadcrumb\"},\"inLanguage\":\"es-DO\",\"potentialAction\":[{\"@type\":\"ReadAction\",\"target\":[\"https:\/\/caid.gob.do\/transparencia\/portal-de-transparencia-del-caid\/presupuesto\/ejecucion-presupuestaria\/ejecucion-del-presupuesto-del-ano-2023\/informes-fisicos-financieros-2023\/\"]}]},{\"@type\":\"ImageObject\",\"inLanguage\":\"es-DO\",\"@id\":\"https:\/\/caid.gob.do\/transparencia\/portal-de-transparencia-del-caid\/presupuesto\/ejecucion-presupuestaria\/ejecucion-del-presupuesto-del-ano-2023\/informes-fisicos-financieros-2023\/#primaryimage\",\"url\":\"https:\/\/caid.gob.do\/transparencia\/wp-content\/uploads\/iconos-para-web-07.png\",\"contentUrl\":\"https:\/\/caid.gob.do\/transparencia\/wp-content\/uploads\/iconos-para-web-07.png\",\"width\":128,\"height\":128},{\"@type\":\"BreadcrumbList\",\"@id\":\"https:\/\/caid.gob.do\/transparencia\/portal-de-transparencia-del-caid\/presupuesto\/ejecucion-presupuestaria\/ejecucion-del-presupuesto-del-ano-2023\/informes-fisicos-financieros-2023\/#breadcrumb\",\"itemListElement\":[{\"@type\":\"ListItem\",\"position\":1,\"name\":\"Est\u00e1s aqu\u00ed:\",\"item\":\"https:\/\/caid.gob.do\/transparencia\/\"},{\"@type\":\"ListItem\",\"position\":2,\"name\":\"Portal de transparencia del CAID\",\"item\":\"https:\/\/caid.gob.do\/transparencia\/\"},{\"@type\":\"ListItem\",\"position\":3,\"name\":\"Presupuesto\",\"item\":\"https:\/\/caid.gob.do\/transparencia\/portal-de-transparencia-del-caid\/presupuesto\/\"},{\"@type\":\"ListItem\",\"position\":4,\"name\":\"Ejecuci\u00f3n presupuestaria\",\"item\":\"https:\/\/caid.gob.do\/transparencia\/portal-de-transparencia-del-caid\/presupuesto\/ejecucion-presupuestaria\/\"},{\"@type\":\"ListItem\",\"position\":5,\"name\":\"Ejecuci\u00f3n del presupuesto del a\u00f1o 2023\",\"item\":\"https:\/\/caid.gob.do\/transparencia\/portal-de-transparencia-del-caid\/presupuesto\/ejecucion-presupuestaria\/ejecucion-del-presupuesto-del-ano-2023\/\"},{\"@type\":\"ListItem\",\"position\":6,\"name\":\"Informes f\u00edsicos financieros 2023\"}]},{\"@type\":\"WebSite\",\"@id\":\"https:\/\/caid.gob.do\/transparencia\/#website\",\"url\":\"https:\/\/caid.gob.do\/transparencia\/\",\"name\":\"Portal de Transparencia del CAID\",\"description\":\"Transparencia del CAID\",\"publisher\":{\"@id\":\"https:\/\/caid.gob.do\/transparencia\/#organization\"},\"potentialAction\":[{\"@type\":\"SearchAction\",\"target\":{\"@type\":\"EntryPoint\",\"urlTemplate\":\"https:\/\/caid.gob.do\/transparencia\/?s={search_term_string}\"},\"query-input\":{\"@type\":\"PropertyValueSpecification\",\"valueRequired\":true,\"valueName\":\"search_term_string\"}}],\"inLanguage\":\"es-DO\"},{\"@type\":\"Organization\",\"@id\":\"https:\/\/caid.gob.do\/transparencia\/#organization\",\"name\":\"Portal de Transparencia del CAID\",\"url\":\"https:\/\/caid.gob.do\/transparencia\/\",\"logo\":{\"@type\":\"ImageObject\",\"inLanguage\":\"es-DO\",\"@id\":\"https:\/\/caid.gob.do\/transparencia\/#\/schema\/logo\/image\/\",\"url\":\"https:\/\/caid.gob.do\/transparencia\/wp-content\/uploads\/2023\/01\/CAID-LOGOS-EN-PNG_Mesa-de-trabajo-1.png\",\"contentUrl\":\"https:\/\/caid.gob.do\/transparencia\/wp-content\/uploads\/2023\/01\/CAID-LOGOS-EN-PNG_Mesa-de-trabajo-1.png\",\"width\":4500,\"height\":2220,\"caption\":\"Portal de Transparencia del CAID\"},\"image\":{\"@id\":\"https:\/\/caid.gob.do\/transparencia\/#\/schema\/logo\/image\/\"}}]}<\/script>\r\n<!-- \/ Yoast SEO plugin. -->","yoast_head_json":{"title":"Informes f\u00edsicos financieros 2023 - Portal de Transparencia del CAID","robots":{"index":"index","follow":"follow","max-snippet":"max-snippet:-1","max-image-preview":"max-image-preview:large","max-video-preview":"max-video-preview:-1"},"canonical":"https:\/\/caid.gob.do\/transparencia\/portal-de-transparencia-del-caid\/presupuesto\/ejecucion-presupuestaria\/ejecucion-del-presupuesto-del-ano-2023\/informes-fisicos-financieros-2023\/","og_locale":"es_ES","og_type":"article","og_title":"Informes f\u00edsicos financieros 2023 - Portal de Transparencia del CAID","og_description":"Informes f\u00edsicos trimestrales 2023 Informes f\u00edsicos semestrales 2023","og_url":"https:\/\/caid.gob.do\/transparencia\/portal-de-transparencia-del-caid\/presupuesto\/ejecucion-presupuestaria\/ejecucion-del-presupuesto-del-ano-2023\/informes-fisicos-financieros-2023\/","og_site_name":"Portal de Transparencia del CAID","article_modified_time":"2023-07-18T18:05:22+00:00","og_image":[{"url":"https:\/\/caid.gob.do\/transparencia\/wp-content\/uploads\/iconos-para-web-07.png","type":"","width":"","height":""}],"twitter_card":"summary_large_image","twitter_misc":{"Est. reading time":"1 minuto"},"schema":{"@context":"https:\/\/schema.org","@graph":[{"@type":"WebPage","@id":"https:\/\/caid.gob.do\/transparencia\/portal-de-transparencia-del-caid\/presupuesto\/ejecucion-presupuestaria\/ejecucion-del-presupuesto-del-ano-2023\/informes-fisicos-financieros-2023\/","url":"https:\/\/caid.gob.do\/transparencia\/portal-de-transparencia-del-caid\/presupuesto\/ejecucion-presupuestaria\/ejecucion-del-presupuesto-del-ano-2023\/informes-fisicos-financieros-2023\/","name":"Informes f\u00edsicos financieros 2023 - Portal de Transparencia del CAID","isPartOf":{"@id":"https:\/\/caid.gob.do\/transparencia\/#website"},"primaryImageOfPage":{"@id":"https:\/\/caid.gob.do\/transparencia\/portal-de-transparencia-del-caid\/presupuesto\/ejecucion-presupuestaria\/ejecucion-del-presupuesto-del-ano-2023\/informes-fisicos-financieros-2023\/#primaryimage"},"image":{"@id":"https:\/\/caid.gob.do\/transparencia\/portal-de-transparencia-del-caid\/presupuesto\/ejecucion-presupuestaria\/ejecucion-del-presupuesto-del-ano-2023\/informes-fisicos-financieros-2023\/#primaryimage"},"thumbnailUrl":"https:\/\/caid.gob.do\/transparencia\/wp-content\/uploads\/iconos-para-web-07.png","datePublished":"2023-04-25T15:10:05+00:00","dateModified":"2023-07-18T18:05:22+00:00","breadcrumb":{"@id":"https:\/\/caid.gob.do\/transparencia\/portal-de-transparencia-del-caid\/presupuesto\/ejecucion-presupuestaria\/ejecucion-del-presupuesto-del-ano-2023\/informes-fisicos-financieros-2023\/#breadcrumb"},"inLanguage":"es-DO","potentialAction":[{"@type":"ReadAction","target":["https:\/\/caid.gob.do\/transparencia\/portal-de-transparencia-del-caid\/presupuesto\/ejecucion-presupuestaria\/ejecucion-del-presupuesto-del-ano-2023\/informes-fisicos-financieros-2023\/"]}]},{"@type":"ImageObject","inLanguage":"es-DO","@id":"https:\/\/caid.gob.do\/transparencia\/portal-de-transparencia-del-caid\/presupuesto\/ejecucion-presupuestaria\/ejecucion-del-presupuesto-del-ano-2023\/informes-fisicos-financieros-2023\/#primaryimage","url":"https:\/\/caid.gob.do\/transparencia\/wp-content\/uploads\/iconos-para-web-07.png","contentUrl":"https:\/\/caid.gob.do\/transparencia\/wp-content\/uploads\/iconos-para-web-07.png","width":128,"height":128},{"@type":"BreadcrumbList","@id":"https:\/\/caid.gob.do\/transparencia\/portal-de-transparencia-del-caid\/presupuesto\/ejecucion-presupuestaria\/ejecucion-del-presupuesto-del-ano-2023\/informes-fisicos-financieros-2023\/#breadcrumb","itemListElement":[{"@type":"ListItem","position":1,"name":"Est\u00e1s aqu\u00ed:","item":"https:\/\/caid.gob.do\/transparencia\/"},{"@type":"ListItem","position":2,"name":"Portal de transparencia del CAID","item":"https:\/\/caid.gob.do\/transparencia\/"},{"@type":"ListItem","position":3,"name":"Presupuesto","item":"https:\/\/caid.gob.do\/transparencia\/portal-de-transparencia-del-caid\/presupuesto\/"},{"@type":"ListItem","position":4,"name":"Ejecuci\u00f3n presupuestaria","item":"https:\/\/caid.gob.do\/transparencia\/portal-de-transparencia-del-caid\/presupuesto\/ejecucion-presupuestaria\/"},{"@type":"ListItem","position":5,"name":"Ejecuci\u00f3n del presupuesto del a\u00f1o 2023","item":"https:\/\/caid.gob.do\/transparencia\/portal-de-transparencia-del-caid\/presupuesto\/ejecucion-presupuestaria\/ejecucion-del-presupuesto-del-ano-2023\/"},{"@type":"ListItem","position":6,"name":"Informes f\u00edsicos financieros 2023"}]},{"@type":"WebSite","@id":"https:\/\/caid.gob.do\/transparencia\/#website","url":"https:\/\/caid.gob.do\/transparencia\/","name":"Portal de Transparencia del CAID","description":"Transparencia del CAID","publisher":{"@id":"https:\/\/caid.gob.do\/transparencia\/#organization"},"potentialAction":[{"@type":"SearchAction","target":{"@type":"EntryPoint","urlTemplate":"https:\/\/caid.gob.do\/transparencia\/?s={search_term_string}"},"query-input":{"@type":"PropertyValueSpecification","valueRequired":true,"valueName":"search_term_string"}}],"inLanguage":"es-DO"},{"@type":"Organization","@id":"https:\/\/caid.gob.do\/transparencia\/#organization","name":"Portal de Transparencia del CAID","url":"https:\/\/caid.gob.do\/transparencia\/","logo":{"@type":"ImageObject","inLanguage":"es-DO","@id":"https:\/\/caid.gob.do\/transparencia\/#\/schema\/logo\/image\/","url":"https:\/\/caid.gob.do\/transparencia\/wp-content\/uploads\/2023\/01\/CAID-LOGOS-EN-PNG_Mesa-de-trabajo-1.png","contentUrl":"https:\/\/caid.gob.do\/transparencia\/wp-content\/uploads\/2023\/01\/CAID-LOGOS-EN-PNG_Mesa-de-trabajo-1.png","width":4500,"height":2220,"caption":"Portal de Transparencia del CAID"},"image":{"@id":"https:\/\/caid.gob.do\/transparencia\/#\/schema\/logo\/image\/"}}]}},"jetpack_sharing_enabled":true,"_links":{"self":[{"href":"https:\/\/caid.gob.do\/transparencia\/wp-json\/wp\/v2\/pages\/4104","targetHints":{"allow":["GET"]}}],"collection":[{"href":"https:\/\/caid.gob.do\/transparencia\/wp-json\/wp\/v2\/pages"}],"about":[{"href":"https:\/\/caid.gob.do\/transparencia\/wp-json\/wp\/v2\/types\/page"}],"author":[{"embeddable":true,"href":"https:\/\/caid.gob.do\/transparencia\/wp-json\/wp\/v2\/users\/1"}],"replies":[{"embeddable":true,"href":"https:\/\/caid.gob.do\/transparencia\/wp-json\/wp\/v2\/comments?post=4104"}],"version-history":[{"count":25,"href":"https:\/\/caid.gob.do\/transparencia\/wp-json\/wp\/v2\/pages\/4104\/revisions"}],"predecessor-version":[{"id":5263,"href":"https:\/\/caid.gob.do\/transparencia\/wp-json\/wp\/v2\/pages\/4104\/revisions\/5263"}],"up":[{"embeddable":true,"href":"https:\/\/caid.gob.do\/transparencia\/wp-json\/wp\/v2\/pages\/2428"}],"wp:attachment":[{"href":"https:\/\/caid.gob.do\/transparencia\/wp-json\/wp\/v2\/media?parent=4104"}],"curies":[{"name":"wp","href":"https:\/\/api.w.org\/{rel}","templated":true}]}}