{"id":453,"date":"2023-01-03T13:22:59","date_gmt":"2023-01-03T13:22:59","guid":{"rendered":"https:\/\/caid.gob.do\/transparencia\/plan-anual-de-compras-y-contrataciones-pacc\/"},"modified":"2026-02-18T12:26:16","modified_gmt":"2026-02-18T16:26:16","slug":"plan-anual-de-compras-y-contrataciones-pacc","status":"publish","type":"page","link":"https:\/\/caid.gob.do\/transparencia\/portal-de-transparencia-del-caid\/compras-y-contrataciones-publicas\/plan-anual-de-compras-y-contrataciones-pacc\/","title":{"rendered":"Plan Anual de Compras y Contrataciones (PACC)"},"content":{"rendered":"\t\t<div data-elementor-type=\"wp-page\" data-elementor-id=\"453\" class=\"elementor elementor-453\" data-elementor-post-type=\"page\">\n\t\t\t\t\t\t<section class=\"elementor-section elementor-top-section elementor-element elementor-element-15bb8e5 elementor-section-boxed elementor-section-height-default elementor-section-height-default\" data-id=\"15bb8e5\" data-element_type=\"section\" data-e-type=\"section\">\n\t\t\t\t\t\t<div class=\"elementor-container elementor-column-gap-no\">\n\t\t\t\t\t<div class=\"elementor-column elementor-col-100 elementor-top-column elementor-element elementor-element-85ad921\" data-id=\"85ad921\" data-element_type=\"column\" data-e-type=\"column\">\n\t\t\t<div class=\"elementor-widget-wrap elementor-element-populated\">\n\t\t\t\t\t\t<div class=\"elementor-element elementor-element-1090a621 elementor-widget elementor-widget-toggle\" data-id=\"1090a621\" data-element_type=\"widget\" data-e-type=\"widget\" data-widget_type=\"toggle.default\">\n\t\t\t\t<div class=\"elementor-widget-container\">\n\t\t\t\t\t\t\t<div class=\"elementor-toggle\">\n\t\t\t\t\t\t\t<div class=\"elementor-toggle-item\">\n\t\t\t\t\t<div id=\"elementor-tab-title-2771\" class=\"elementor-tab-title\" data-tab=\"1\" role=\"button\" aria-controls=\"elementor-tab-content-2771\" aria-expanded=\"false\">\n\t\t\t\t\t\t\t\t\t\t\t\t<span class=\"elementor-toggle-icon elementor-toggle-icon-left\" aria-hidden=\"true\">\n\t\t\t\t\t\t\t\t\t\t\t\t\t\t\t<span class=\"elementor-toggle-icon-closed\"><i class=\"fas fa-caret-right\"><\/i><\/span>\n\t\t\t\t\t\t\t\t<span class=\"elementor-toggle-icon-opened\"><i class=\"elementor-toggle-icon-opened fas fa-caret-up\"><\/i><\/span>\n\t\t\t\t\t\t\t\t\t\t\t\t\t<\/span>\n\t\t\t\t\t\t\t\t\t\t\t\t<a class=\"elementor-toggle-title\" tabindex=\"0\">A\u00f1o 2026<\/a>\n\t\t\t\t\t<\/div>\n\n\t\t\t\t\t<div id=\"elementor-tab-content-2771\" class=\"elementor-tab-content elementor-clearfix\" data-tab=\"1\" role=\"region\" aria-labelledby=\"elementor-tab-title-2771\"><div class=\"grid\">\n<div><img decoding=\"async\" class=\"iconpdf\" src=\"https:\/\/caid.gob.do\/transparencia\/wp-content\/uploads\/iconos-para-web-08.png\" \/><\/div>\n<div>Plan de compras del 2026 del CAID\n<a href=\"https:\/\/caid.gob.do\/transparencia\/wp-content\/uploads\/PACC-2026_ocr.pdf\" target=\"_blank\" rel=\"noopener\"><strong>DESCARGAR<\/strong><\/a><\/div>\n<\/div>\n\n<hr \/>\n\n<div class=\"grid\">\n<div><img decoding=\"async\" class=\"iconpdf\" src=\"https:\/\/caid.gob.do\/transparencia\/wp-content\/uploads\/iconos-para-web-09.png\" alt=\"\" \/><\/div>\n<div>\n\nPlan de compras del 2026 del CAID\n\n<a href=\"https:\/\/caid.gob.do\/transparencia\/wp-content\/uploads\/PACC-2026.xlsm\" target=\"_blank\" rel=\"noopener\"><strong>DESCARGAR<\/strong><\/a>\n\n<\/div>\n<\/div><\/div>\n\t\t\t\t<\/div>\n\t\t\t\t\t\t\t<div class=\"elementor-toggle-item\">\n\t\t\t\t\t<div id=\"elementor-tab-title-2772\" class=\"elementor-tab-title\" data-tab=\"2\" role=\"button\" aria-controls=\"elementor-tab-content-2772\" aria-expanded=\"false\">\n\t\t\t\t\t\t\t\t\t\t\t\t<span class=\"elementor-toggle-icon elementor-toggle-icon-left\" aria-hidden=\"true\">\n\t\t\t\t\t\t\t\t\t\t\t\t\t\t\t<span class=\"elementor-toggle-icon-closed\"><i class=\"fas fa-caret-right\"><\/i><\/span>\n\t\t\t\t\t\t\t\t<span class=\"elementor-toggle-icon-opened\"><i class=\"elementor-toggle-icon-opened fas fa-caret-up\"><\/i><\/span>\n\t\t\t\t\t\t\t\t\t\t\t\t\t<\/span>\n\t\t\t\t\t\t\t\t\t\t\t\t<a class=\"elementor-toggle-title\" tabindex=\"0\">A\u00f1o 2025<\/a>\n\t\t\t\t\t<\/div>\n\n\t\t\t\t\t<div id=\"elementor-tab-content-2772\" class=\"elementor-tab-content elementor-clearfix\" data-tab=\"2\" role=\"region\" aria-labelledby=\"elementor-tab-title-2772\"><div class=\"grid\"><div><img decoding=\"async\" class=\"iconpdf\" src=\"https:\/\/caid.gob.do\/transparencia\/wp-content\/uploads\/iconos-para-web-08.png\" \/><\/div><div>Plan de compras del 2025 del CAID<br \/><a href=\"https:\/\/caid.gob.do\/transparencia\/wp-content\/uploads\/PACC-2025-pdf.pdf\" target=\"_blank\" rel=\"noopener\"><strong>DESCARGAR<\/strong><\/a><\/div><\/div><hr \/><div class=\"grid\"><div><img decoding=\"async\" class=\"iconpdf\" src=\"https:\/\/caid.gob.do\/transparencia\/wp-content\/uploads\/iconos-para-web-09.png\" alt=\"\" \/><\/div><div><p>Plan de compras del 2025 del CAID<\/p><p><a href=\"https:\/\/caid.gob.do\/transparencia\/wp-content\/uploads\/PACC%202025.xlsm\" target=\"_blank\" rel=\"noopener\"><strong>DESCARGAR<\/strong><\/a><\/p><\/div><\/div><\/div>\n\t\t\t\t<\/div>\n\t\t\t\t\t\t\t<div class=\"elementor-toggle-item\">\n\t\t\t\t\t<div id=\"elementor-tab-title-2773\" class=\"elementor-tab-title\" data-tab=\"3\" role=\"button\" aria-controls=\"elementor-tab-content-2773\" aria-expanded=\"false\">\n\t\t\t\t\t\t\t\t\t\t\t\t<span class=\"elementor-toggle-icon elementor-toggle-icon-left\" aria-hidden=\"true\">\n\t\t\t\t\t\t\t\t\t\t\t\t\t\t\t<span class=\"elementor-toggle-icon-closed\"><i class=\"fas fa-caret-right\"><\/i><\/span>\n\t\t\t\t\t\t\t\t<span class=\"elementor-toggle-icon-opened\"><i class=\"elementor-toggle-icon-opened fas fa-caret-up\"><\/i><\/span>\n\t\t\t\t\t\t\t\t\t\t\t\t\t<\/span>\n\t\t\t\t\t\t\t\t\t\t\t\t<a class=\"elementor-toggle-title\" tabindex=\"0\">A\u00f1o 2024<\/a>\n\t\t\t\t\t<\/div>\n\n\t\t\t\t\t<div id=\"elementor-tab-content-2773\" class=\"elementor-tab-content elementor-clearfix\" data-tab=\"3\" role=\"region\" aria-labelledby=\"elementor-tab-title-2773\"><div class=\"grid\"><div><img decoding=\"async\" class=\"iconpdf\" src=\"https:\/\/caid.gob.do\/transparencia\/wp-content\/uploads\/iconos-para-web-08.png\" \/><\/div><div>Plan de compras del 2024 del CAID<br \/><a href=\"https:\/\/caid.gob.do\/transparencia\/wp-content\/uploads\/PACC_2024_CAID-final.pdf\" target=\"_blank\" rel=\"noopener\"><strong>DESCARGAR<\/strong><\/a><\/div><\/div><hr \/><div class=\"grid\"><div><img decoding=\"async\" class=\"iconpdf\" src=\"https:\/\/caid.gob.do\/transparencia\/wp-content\/uploads\/iconos-para-web-09.png\" alt=\"\" \/><\/div><div><p>Plan de compras del 2024 del CAID<\/p><p><a href=\"https:\/\/caid.gob.do\/transparencia\/wp-content\/uploads\/PACC_2024_CAID-final.xlsx\" target=\"_blank\" rel=\"noopener\"><strong>DESCARGAR<\/strong><\/a><\/p><\/div><\/div><\/div>\n\t\t\t\t<\/div>\n\t\t\t\t\t\t\t<div class=\"elementor-toggle-item\">\n\t\t\t\t\t<div id=\"elementor-tab-title-2774\" class=\"elementor-tab-title\" data-tab=\"4\" role=\"button\" aria-controls=\"elementor-tab-content-2774\" aria-expanded=\"false\">\n\t\t\t\t\t\t\t\t\t\t\t\t<span class=\"elementor-toggle-icon elementor-toggle-icon-left\" aria-hidden=\"true\">\n\t\t\t\t\t\t\t\t\t\t\t\t\t\t\t<span class=\"elementor-toggle-icon-closed\"><i class=\"fas fa-caret-right\"><\/i><\/span>\n\t\t\t\t\t\t\t\t<span class=\"elementor-toggle-icon-opened\"><i class=\"elementor-toggle-icon-opened fas fa-caret-up\"><\/i><\/span>\n\t\t\t\t\t\t\t\t\t\t\t\t\t<\/span>\n\t\t\t\t\t\t\t\t\t\t\t\t<a class=\"elementor-toggle-title\" tabindex=\"0\">A\u00f1o 2023<\/a>\n\t\t\t\t\t<\/div>\n\n\t\t\t\t\t<div id=\"elementor-tab-content-2774\" class=\"elementor-tab-content elementor-clearfix\" data-tab=\"4\" role=\"region\" aria-labelledby=\"elementor-tab-title-2774\"><div class=\"grid\"><div><img decoding=\"async\" class=\"iconpdf\" src=\"https:\/\/caid.gob.do\/transparencia\/wp-content\/uploads\/iconos-para-web-08.png\" \/><\/div><div>Plan de compras del 2023 del CAID<br \/><a href=\"https:\/\/caid.gob.do\/caid\/wp-content\/uploads\/PACC-2023-CAID.pdf\" target=\"_blank\" rel=\"noopener\"><strong>DESCARGAR<\/strong><\/a><\/div><\/div><hr \/><div class=\"grid\"><div><img decoding=\"async\" class=\"iconpdf\" src=\"https:\/\/caid.gob.do\/transparencia\/wp-content\/uploads\/iconos-para-web-09.png\" alt=\"\" \/><\/div><div><p>Plan de compras del 2023 del CAID<\/p><p><a href=\"https:\/\/caid.gob.do\/caid\/wp-content\/uploads\/PACC-2023-CAID.xlsm\" target=\"_blank\" rel=\"noopener\"><strong>DESCARGAR<\/strong><\/a><\/p><\/div><\/div><\/div>\n\t\t\t\t<\/div>\n\t\t\t\t\t\t\t<div class=\"elementor-toggle-item\">\n\t\t\t\t\t<div id=\"elementor-tab-title-2775\" class=\"elementor-tab-title\" data-tab=\"5\" role=\"button\" aria-controls=\"elementor-tab-content-2775\" aria-expanded=\"false\">\n\t\t\t\t\t\t\t\t\t\t\t\t<span class=\"elementor-toggle-icon elementor-toggle-icon-left\" aria-hidden=\"true\">\n\t\t\t\t\t\t\t\t\t\t\t\t\t\t\t<span class=\"elementor-toggle-icon-closed\"><i class=\"fas fa-caret-right\"><\/i><\/span>\n\t\t\t\t\t\t\t\t<span class=\"elementor-toggle-icon-opened\"><i class=\"elementor-toggle-icon-opened fas fa-caret-up\"><\/i><\/span>\n\t\t\t\t\t\t\t\t\t\t\t\t\t<\/span>\n\t\t\t\t\t\t\t\t\t\t\t\t<a class=\"elementor-toggle-title\" tabindex=\"0\">A\u00f1o 2022<\/a>\n\t\t\t\t\t<\/div>\n\n\t\t\t\t\t<div id=\"elementor-tab-content-2775\" class=\"elementor-tab-content elementor-clearfix\" data-tab=\"5\" role=\"region\" aria-labelledby=\"elementor-tab-title-2775\"><div class=\"grid\"><div><img decoding=\"async\" class=\"iconpdf\" src=\"https:\/\/caid.gob.do\/transparencia\/wp-content\/uploads\/iconos-para-web-08.png\" \/><\/div><div>Plan de compras del 2022 del CAID<br \/><a href=\"https:\/\/caid.gob.do\/caid\/wp-content\/uploads\/PACC-2022-CAID-RV.pdf\" target=\"_blank\" rel=\"noopener\"><strong>DESCARGAR<\/strong><\/a><\/div><\/div><hr \/><div class=\"grid\"><div><img decoding=\"async\" class=\"iconpdf\" src=\"https:\/\/caid.gob.do\/transparencia\/wp-content\/uploads\/iconos-para-web-09.png\" alt=\"\" \/><\/div><div><p>Plan de compras del 2022 del CAID<\/p><p><a href=\"https:\/\/caid.gob.do\/caid\/wp-content\/uploads\/PACC-2022-CAID-RV.xlsx\" target=\"_blank\" rel=\"noopener\"><strong>DESCARGAR<\/strong><\/a><\/p><\/div><\/div><\/div>\n\t\t\t\t<\/div>\n\t\t\t\t\t\t\t\t<\/div>\n\t\t\t\t\t\t<\/div>\n\t\t\t\t<\/div>\n\t\t\t\t\t<\/div>\n\t\t<\/div>\n\t\t\t\t\t<\/div>\n\t\t<\/section>\n\t\t\t\t<\/div>\n\t\t","protected":false},"excerpt":{"rendered":"<p>A\u00f1o 2026 Plan de compras del 2026 del CAID DESCARGAR Plan de compras del 2026 del CAID DESCARGAR A\u00f1o 2025 Plan de compras del 2025 del CAIDDESCARGAR Plan de compras del 2025 del CAID DESCARGAR A\u00f1o 2024 Plan de compras del 2024 del CAIDDESCARGAR Plan de compras del 2024 del CAID DESCARGAR A\u00f1o 2023 Plan [&hellip;]<\/p>\n","protected":false},"author":1,"featured_media":0,"parent":3764,"menu_order":0,"comment_status":"closed","ping_status":"closed","template":"","meta":{"footnotes":""},"class_list":["post-453","page","type-page","status-publish","hentry"],"yoast_head":"<!-- This site is optimized with the Yoast SEO plugin v27.0 - https:\/\/yoast.com\/product\/yoast-seo-wordpress\/ -->\r\n<title>Plan Anual de Compras y Contrataciones (PACC) - Portal de Transparencia del CAID<\/title>\r\n<meta name=\"robots\" content=\"index, follow, max-snippet:-1, max-image-preview:large, max-video-preview:-1\" \/>\r\n<link rel=\"canonical\" href=\"https:\/\/caid.gob.do\/transparencia\/portal-de-transparencia-del-caid\/compras-y-contrataciones-publicas\/plan-anual-de-compras-y-contrataciones-pacc\/\" \/>\r\n<meta property=\"og:locale\" content=\"es_ES\" \/>\r\n<meta property=\"og:type\" content=\"article\" \/>\r\n<meta property=\"og:title\" content=\"Plan Anual de Compras y Contrataciones (PACC) - Portal de Transparencia del CAID\" \/>\r\n<meta property=\"og:description\" content=\"A\u00f1o 2026 Plan de compras del 2026 del CAID DESCARGAR Plan de compras del 2026 del CAID DESCARGAR A\u00f1o 2025 Plan de compras del 2025 del CAIDDESCARGAR Plan de compras del 2025 del CAID DESCARGAR A\u00f1o 2024 Plan de compras del 2024 del CAIDDESCARGAR Plan de compras del 2024 del CAID DESCARGAR A\u00f1o 2023 Plan [&hellip;]\" \/>\r\n<meta property=\"og:url\" content=\"https:\/\/caid.gob.do\/transparencia\/portal-de-transparencia-del-caid\/compras-y-contrataciones-publicas\/plan-anual-de-compras-y-contrataciones-pacc\/\" \/>\r\n<meta property=\"og:site_name\" content=\"Portal de Transparencia del CAID\" \/>\r\n<meta property=\"article:modified_time\" content=\"2026-02-18T16:26:16+00:00\" \/>\r\n<meta property=\"og:image\" content=\"https:\/\/caid.gob.do\/transparencia\/wp-content\/uploads\/iconos-para-web-08.png\" \/>\r\n<meta name=\"twitter:card\" content=\"summary_large_image\" \/>\r\n<meta name=\"twitter:label1\" content=\"Est. reading time\" \/>\n\t<meta name=\"twitter:data1\" content=\"3 minutos\" \/>\r\n<script type=\"application\/ld+json\" class=\"yoast-schema-graph\">{\"@context\":\"https:\/\/schema.org\",\"@graph\":[{\"@type\":\"WebPage\",\"@id\":\"https:\/\/caid.gob.do\/transparencia\/portal-de-transparencia-del-caid\/compras-y-contrataciones-publicas\/plan-anual-de-compras-y-contrataciones-pacc\/\",\"url\":\"https:\/\/caid.gob.do\/transparencia\/portal-de-transparencia-del-caid\/compras-y-contrataciones-publicas\/plan-anual-de-compras-y-contrataciones-pacc\/\",\"name\":\"Plan Anual de Compras y Contrataciones (PACC) - Portal de Transparencia del CAID\",\"isPartOf\":{\"@id\":\"https:\/\/caid.gob.do\/transparencia\/#website\"},\"primaryImageOfPage\":{\"@id\":\"https:\/\/caid.gob.do\/transparencia\/portal-de-transparencia-del-caid\/compras-y-contrataciones-publicas\/plan-anual-de-compras-y-contrataciones-pacc\/#primaryimage\"},\"image\":{\"@id\":\"https:\/\/caid.gob.do\/transparencia\/portal-de-transparencia-del-caid\/compras-y-contrataciones-publicas\/plan-anual-de-compras-y-contrataciones-pacc\/#primaryimage\"},\"thumbnailUrl\":\"https:\/\/caid.gob.do\/transparencia\/wp-content\/uploads\/iconos-para-web-08.png\",\"datePublished\":\"2023-01-03T13:22:59+00:00\",\"dateModified\":\"2026-02-18T16:26:16+00:00\",\"breadcrumb\":{\"@id\":\"https:\/\/caid.gob.do\/transparencia\/portal-de-transparencia-del-caid\/compras-y-contrataciones-publicas\/plan-anual-de-compras-y-contrataciones-pacc\/#breadcrumb\"},\"inLanguage\":\"es-DO\",\"potentialAction\":[{\"@type\":\"ReadAction\",\"target\":[\"https:\/\/caid.gob.do\/transparencia\/portal-de-transparencia-del-caid\/compras-y-contrataciones-publicas\/plan-anual-de-compras-y-contrataciones-pacc\/\"]}]},{\"@type\":\"ImageObject\",\"inLanguage\":\"es-DO\",\"@id\":\"https:\/\/caid.gob.do\/transparencia\/portal-de-transparencia-del-caid\/compras-y-contrataciones-publicas\/plan-anual-de-compras-y-contrataciones-pacc\/#primaryimage\",\"url\":\"https:\/\/caid.gob.do\/transparencia\/wp-content\/uploads\/iconos-para-web-08.png\",\"contentUrl\":\"https:\/\/caid.gob.do\/transparencia\/wp-content\/uploads\/iconos-para-web-08.png\",\"width\":128,\"height\":128},{\"@type\":\"BreadcrumbList\",\"@id\":\"https:\/\/caid.gob.do\/transparencia\/portal-de-transparencia-del-caid\/compras-y-contrataciones-publicas\/plan-anual-de-compras-y-contrataciones-pacc\/#breadcrumb\",\"itemListElement\":[{\"@type\":\"ListItem\",\"position\":1,\"name\":\"Est\u00e1s aqu\u00ed:\",\"item\":\"https:\/\/caid.gob.do\/transparencia\/\"},{\"@type\":\"ListItem\",\"position\":2,\"name\":\"Portal de transparencia del CAID\",\"item\":\"https:\/\/caid.gob.do\/transparencia\/\"},{\"@type\":\"ListItem\",\"position\":3,\"name\":\"Compras y contrataciones p\u00fablicas\",\"item\":\"https:\/\/caid.gob.do\/transparencia\/portal-de-transparencia-del-caid\/compras-y-contrataciones-publicas\/\"},{\"@type\":\"ListItem\",\"position\":4,\"name\":\"Plan Anual de Compras y Contrataciones (PACC)\"}]},{\"@type\":\"WebSite\",\"@id\":\"https:\/\/caid.gob.do\/transparencia\/#website\",\"url\":\"https:\/\/caid.gob.do\/transparencia\/\",\"name\":\"Portal de Transparencia del CAID\",\"description\":\"Transparencia del CAID\",\"publisher\":{\"@id\":\"https:\/\/caid.gob.do\/transparencia\/#organization\"},\"potentialAction\":[{\"@type\":\"SearchAction\",\"target\":{\"@type\":\"EntryPoint\",\"urlTemplate\":\"https:\/\/caid.gob.do\/transparencia\/?s={search_term_string}\"},\"query-input\":{\"@type\":\"PropertyValueSpecification\",\"valueRequired\":true,\"valueName\":\"search_term_string\"}}],\"inLanguage\":\"es-DO\"},{\"@type\":\"Organization\",\"@id\":\"https:\/\/caid.gob.do\/transparencia\/#organization\",\"name\":\"Portal de Transparencia del CAID\",\"url\":\"https:\/\/caid.gob.do\/transparencia\/\",\"logo\":{\"@type\":\"ImageObject\",\"inLanguage\":\"es-DO\",\"@id\":\"https:\/\/caid.gob.do\/transparencia\/#\/schema\/logo\/image\/\",\"url\":\"https:\/\/caid.gob.do\/transparencia\/wp-content\/uploads\/2023\/01\/CAID-LOGOS-EN-PNG_Mesa-de-trabajo-1.png\",\"contentUrl\":\"https:\/\/caid.gob.do\/transparencia\/wp-content\/uploads\/2023\/01\/CAID-LOGOS-EN-PNG_Mesa-de-trabajo-1.png\",\"width\":4500,\"height\":2220,\"caption\":\"Portal de Transparencia del CAID\"},\"image\":{\"@id\":\"https:\/\/caid.gob.do\/transparencia\/#\/schema\/logo\/image\/\"}}]}<\/script>\r\n<!-- \/ Yoast SEO plugin. -->","yoast_head_json":{"title":"Plan Anual de Compras y Contrataciones (PACC) - Portal de Transparencia del CAID","robots":{"index":"index","follow":"follow","max-snippet":"max-snippet:-1","max-image-preview":"max-image-preview:large","max-video-preview":"max-video-preview:-1"},"canonical":"https:\/\/caid.gob.do\/transparencia\/portal-de-transparencia-del-caid\/compras-y-contrataciones-publicas\/plan-anual-de-compras-y-contrataciones-pacc\/","og_locale":"es_ES","og_type":"article","og_title":"Plan Anual de Compras y Contrataciones (PACC) - Portal de Transparencia del CAID","og_description":"A\u00f1o 2026 Plan de compras del 2026 del CAID DESCARGAR Plan de compras del 2026 del CAID DESCARGAR A\u00f1o 2025 Plan de compras del 2025 del CAIDDESCARGAR Plan de compras del 2025 del CAID DESCARGAR A\u00f1o 2024 Plan de compras del 2024 del CAIDDESCARGAR Plan de compras del 2024 del CAID DESCARGAR A\u00f1o 2023 Plan [&hellip;]","og_url":"https:\/\/caid.gob.do\/transparencia\/portal-de-transparencia-del-caid\/compras-y-contrataciones-publicas\/plan-anual-de-compras-y-contrataciones-pacc\/","og_site_name":"Portal de Transparencia del CAID","article_modified_time":"2026-02-18T16:26:16+00:00","og_image":[{"url":"https:\/\/caid.gob.do\/transparencia\/wp-content\/uploads\/iconos-para-web-08.png","type":"","width":"","height":""}],"twitter_card":"summary_large_image","twitter_misc":{"Est. reading time":"3 minutos"},"schema":{"@context":"https:\/\/schema.org","@graph":[{"@type":"WebPage","@id":"https:\/\/caid.gob.do\/transparencia\/portal-de-transparencia-del-caid\/compras-y-contrataciones-publicas\/plan-anual-de-compras-y-contrataciones-pacc\/","url":"https:\/\/caid.gob.do\/transparencia\/portal-de-transparencia-del-caid\/compras-y-contrataciones-publicas\/plan-anual-de-compras-y-contrataciones-pacc\/","name":"Plan Anual de Compras y Contrataciones (PACC) - Portal de Transparencia del CAID","isPartOf":{"@id":"https:\/\/caid.gob.do\/transparencia\/#website"},"primaryImageOfPage":{"@id":"https:\/\/caid.gob.do\/transparencia\/portal-de-transparencia-del-caid\/compras-y-contrataciones-publicas\/plan-anual-de-compras-y-contrataciones-pacc\/#primaryimage"},"image":{"@id":"https:\/\/caid.gob.do\/transparencia\/portal-de-transparencia-del-caid\/compras-y-contrataciones-publicas\/plan-anual-de-compras-y-contrataciones-pacc\/#primaryimage"},"thumbnailUrl":"https:\/\/caid.gob.do\/transparencia\/wp-content\/uploads\/iconos-para-web-08.png","datePublished":"2023-01-03T13:22:59+00:00","dateModified":"2026-02-18T16:26:16+00:00","breadcrumb":{"@id":"https:\/\/caid.gob.do\/transparencia\/portal-de-transparencia-del-caid\/compras-y-contrataciones-publicas\/plan-anual-de-compras-y-contrataciones-pacc\/#breadcrumb"},"inLanguage":"es-DO","potentialAction":[{"@type":"ReadAction","target":["https:\/\/caid.gob.do\/transparencia\/portal-de-transparencia-del-caid\/compras-y-contrataciones-publicas\/plan-anual-de-compras-y-contrataciones-pacc\/"]}]},{"@type":"ImageObject","inLanguage":"es-DO","@id":"https:\/\/caid.gob.do\/transparencia\/portal-de-transparencia-del-caid\/compras-y-contrataciones-publicas\/plan-anual-de-compras-y-contrataciones-pacc\/#primaryimage","url":"https:\/\/caid.gob.do\/transparencia\/wp-content\/uploads\/iconos-para-web-08.png","contentUrl":"https:\/\/caid.gob.do\/transparencia\/wp-content\/uploads\/iconos-para-web-08.png","width":128,"height":128},{"@type":"BreadcrumbList","@id":"https:\/\/caid.gob.do\/transparencia\/portal-de-transparencia-del-caid\/compras-y-contrataciones-publicas\/plan-anual-de-compras-y-contrataciones-pacc\/#breadcrumb","itemListElement":[{"@type":"ListItem","position":1,"name":"Est\u00e1s aqu\u00ed:","item":"https:\/\/caid.gob.do\/transparencia\/"},{"@type":"ListItem","position":2,"name":"Portal de transparencia del CAID","item":"https:\/\/caid.gob.do\/transparencia\/"},{"@type":"ListItem","position":3,"name":"Compras y contrataciones p\u00fablicas","item":"https:\/\/caid.gob.do\/transparencia\/portal-de-transparencia-del-caid\/compras-y-contrataciones-publicas\/"},{"@type":"ListItem","position":4,"name":"Plan Anual de Compras y Contrataciones (PACC)"}]},{"@type":"WebSite","@id":"https:\/\/caid.gob.do\/transparencia\/#website","url":"https:\/\/caid.gob.do\/transparencia\/","name":"Portal de Transparencia del CAID","description":"Transparencia del CAID","publisher":{"@id":"https:\/\/caid.gob.do\/transparencia\/#organization"},"potentialAction":[{"@type":"SearchAction","target":{"@type":"EntryPoint","urlTemplate":"https:\/\/caid.gob.do\/transparencia\/?s={search_term_string}"},"query-input":{"@type":"PropertyValueSpecification","valueRequired":true,"valueName":"search_term_string"}}],"inLanguage":"es-DO"},{"@type":"Organization","@id":"https:\/\/caid.gob.do\/transparencia\/#organization","name":"Portal de Transparencia del CAID","url":"https:\/\/caid.gob.do\/transparencia\/","logo":{"@type":"ImageObject","inLanguage":"es-DO","@id":"https:\/\/caid.gob.do\/transparencia\/#\/schema\/logo\/image\/","url":"https:\/\/caid.gob.do\/transparencia\/wp-content\/uploads\/2023\/01\/CAID-LOGOS-EN-PNG_Mesa-de-trabajo-1.png","contentUrl":"https:\/\/caid.gob.do\/transparencia\/wp-content\/uploads\/2023\/01\/CAID-LOGOS-EN-PNG_Mesa-de-trabajo-1.png","width":4500,"height":2220,"caption":"Portal de Transparencia del CAID"},"image":{"@id":"https:\/\/caid.gob.do\/transparencia\/#\/schema\/logo\/image\/"}}]}},"jetpack_sharing_enabled":true,"_links":{"self":[{"href":"https:\/\/caid.gob.do\/transparencia\/wp-json\/wp\/v2\/pages\/453","targetHints":{"allow":["GET"]}}],"collection":[{"href":"https:\/\/caid.gob.do\/transparencia\/wp-json\/wp\/v2\/pages"}],"about":[{"href":"https:\/\/caid.gob.do\/transparencia\/wp-json\/wp\/v2\/types\/page"}],"author":[{"embeddable":true,"href":"https:\/\/caid.gob.do\/transparencia\/wp-json\/wp\/v2\/users\/1"}],"replies":[{"embeddable":true,"href":"https:\/\/caid.gob.do\/transparencia\/wp-json\/wp\/v2\/comments?post=453"}],"version-history":[{"count":33,"href":"https:\/\/caid.gob.do\/transparencia\/wp-json\/wp\/v2\/pages\/453\/revisions"}],"predecessor-version":[{"id":12775,"href":"https:\/\/caid.gob.do\/transparencia\/wp-json\/wp\/v2\/pages\/453\/revisions\/12775"}],"up":[{"embeddable":true,"href":"https:\/\/caid.gob.do\/transparencia\/wp-json\/wp\/v2\/pages\/3764"}],"wp:attachment":[{"href":"https:\/\/caid.gob.do\/transparencia\/wp-json\/wp\/v2\/media?parent=453"}],"curies":[{"name":"wp","href":"https:\/\/api.w.org\/{rel}","templated":true}]}}