{"id":9145,"date":"2025-01-20T10:49:33","date_gmt":"2025-01-20T14:49:33","guid":{"rendered":"https:\/\/caid.gob.do\/transparencia\/?page_id=9145"},"modified":"2026-01-08T15:55:41","modified_gmt":"2026-01-08T19:55:41","slug":"plan-operativo-anual-2025","status":"publish","type":"page","link":"https:\/\/caid.gob.do\/transparencia\/portal-de-transparencia-del-caid\/plan-estrategico-institucional\/plan-operativo-anual\/plan-operativo-anual-2025\/","title":{"rendered":"Plan operativo anual 2025"},"content":{"rendered":"\t\t<div data-elementor-type=\"wp-page\" data-elementor-id=\"9145\" class=\"elementor elementor-9145\" data-elementor-post-type=\"page\">\n\t\t\t\t\t\t<section class=\"elementor-section elementor-top-section elementor-element elementor-element-7ecaf7e elementor-section-boxed elementor-section-height-default elementor-section-height-default\" data-id=\"7ecaf7e\" data-element_type=\"section\" data-e-type=\"section\">\n\t\t\t\t\t\t<div class=\"elementor-container elementor-column-gap-no\">\n\t\t\t\t\t<div class=\"elementor-column elementor-col-100 elementor-top-column elementor-element elementor-element-6086ffd\" data-id=\"6086ffd\" data-element_type=\"column\" data-e-type=\"column\">\n\t\t\t<div class=\"elementor-widget-wrap elementor-element-populated\">\n\t\t\t\t\t\t<div class=\"elementor-element elementor-element-75e6ded elementor-widget elementor-widget-toggle\" data-id=\"75e6ded\" data-element_type=\"widget\" data-e-type=\"widget\" data-widget_type=\"toggle.default\">\n\t\t\t\t<div class=\"elementor-widget-container\">\n\t\t\t\t\t\t\t<div class=\"elementor-toggle\">\n\t\t\t\t\t\t\t<div class=\"elementor-toggle-item\">\n\t\t\t\t\t<div id=\"elementor-tab-title-1231\" class=\"elementor-tab-title\" data-tab=\"1\" role=\"button\" aria-controls=\"elementor-tab-content-1231\" aria-expanded=\"false\">\n\t\t\t\t\t\t\t\t\t\t\t\t<span class=\"elementor-toggle-icon elementor-toggle-icon-left\" aria-hidden=\"true\">\n\t\t\t\t\t\t\t\t\t\t\t\t\t\t\t<span class=\"elementor-toggle-icon-closed\"><i class=\"fas fa-caret-right\"><\/i><\/span>\n\t\t\t\t\t\t\t\t<span class=\"elementor-toggle-icon-opened\"><i class=\"elementor-toggle-icon-opened fas fa-caret-up\"><\/i><\/span>\n\t\t\t\t\t\t\t\t\t\t\t\t\t<\/span>\n\t\t\t\t\t\t\t\t\t\t\t\t<a class=\"elementor-toggle-title\" tabindex=\"0\">Ver documentos del a\u00f1o 2025<\/a>\n\t\t\t\t\t<\/div>\n\n\t\t\t\t\t<div id=\"elementor-tab-content-1231\" class=\"elementor-tab-content elementor-clearfix\" data-tab=\"1\" role=\"region\" aria-labelledby=\"elementor-tab-title-1231\"><div class=\"grid\">\n<div><img decoding=\"async\" class=\"iconpdf\" src=\"https:\/\/caid.gob.do\/transparencia\/wp-content\/uploads\/iconos-para-web-08.png\" alt=\"ICON PDF\" \/><\/div>\n<div>POA CAID 2025\n<strong><a href=\"https:\/\/caid.gob.do\/transparencia\/wp-content\/uploads\/Plan-Operativo-Anual-2025-2da-Version_ocr.pdf\" target=\"_blank\" rel=\"noopener\">DESCARGAR<\/a><\/strong><\/div>\n<\/div>\n\n<hr \/>\n\n<div class=\"grid\">\n<div><img decoding=\"async\" class=\"iconpdf\" src=\"https:\/\/caid.gob.do\/transparencia\/wp-content\/uploads\/iconos-para-web-09.png\" alt=\"ICON PDF\" \/><\/div>\n<div>Matriz POA CAID 2025\n<strong><a href=\"https:\/\/caid.gob.do\/transparencia\/wp-content\/uploads\/PLAN-OPERATIVO-ANUAL-CAID-2025-3RA-VERSION.xlsx\" target=\"_blank\" rel=\"noopener\">DESCARGAR<\/a><\/strong><\/div>\n<\/div><\/div>\n\t\t\t\t<\/div>\n\t\t\t\t\t\t\t<div class=\"elementor-toggle-item\">\n\t\t\t\t\t<div id=\"elementor-tab-title-1232\" class=\"elementor-tab-title\" data-tab=\"2\" role=\"button\" aria-controls=\"elementor-tab-content-1232\" aria-expanded=\"false\">\n\t\t\t\t\t\t\t\t\t\t\t\t<span class=\"elementor-toggle-icon elementor-toggle-icon-left\" aria-hidden=\"true\">\n\t\t\t\t\t\t\t\t\t\t\t\t\t\t\t<span class=\"elementor-toggle-icon-closed\"><i class=\"fas fa-caret-right\"><\/i><\/span>\n\t\t\t\t\t\t\t\t<span class=\"elementor-toggle-icon-opened\"><i class=\"elementor-toggle-icon-opened fas fa-caret-up\"><\/i><\/span>\n\t\t\t\t\t\t\t\t\t\t\t\t\t<\/span>\n\t\t\t\t\t\t\t\t\t\t\t\t<a class=\"elementor-toggle-title\" tabindex=\"0\">Informe POA cuarto trimestre 2025<\/a>\n\t\t\t\t\t<\/div>\n\n\t\t\t\t\t<div id=\"elementor-tab-content-1232\" class=\"elementor-tab-content elementor-clearfix\" data-tab=\"2\" role=\"region\" aria-labelledby=\"elementor-tab-title-1232\"><div class=\"grid\">\n<div><img decoding=\"async\" class=\"iconpdf\" src=\"https:\/\/caid.gob.do\/transparencia\/wp-content\/uploads\/iconos-para-web-08.png\" alt=\"ICON PDF\" \/><\/div>\n<div>INFORME DE EVALUACI\u00d3N POA 4TO TRIMESTRE<strong><a href=\"https:\/\/caid.gob.do\/transparencia\/wp-content\/uploads\/Informe-evaluacion-POA-CAID-T4-2025.pdf\" target=\"_blank\" rel=\"noopener\">DESCARGAR<\/a><\/strong><\/div>\n<\/div>\n<div class=\"grid\">\n<div><\/div>\n<\/div><\/div>\n\t\t\t\t<\/div>\n\t\t\t\t\t\t\t<div class=\"elementor-toggle-item\">\n\t\t\t\t\t<div id=\"elementor-tab-title-1233\" class=\"elementor-tab-title\" data-tab=\"3\" role=\"button\" aria-controls=\"elementor-tab-content-1233\" aria-expanded=\"false\">\n\t\t\t\t\t\t\t\t\t\t\t\t<span class=\"elementor-toggle-icon elementor-toggle-icon-left\" aria-hidden=\"true\">\n\t\t\t\t\t\t\t\t\t\t\t\t\t\t\t<span class=\"elementor-toggle-icon-closed\"><i class=\"fas fa-caret-right\"><\/i><\/span>\n\t\t\t\t\t\t\t\t<span class=\"elementor-toggle-icon-opened\"><i class=\"elementor-toggle-icon-opened fas fa-caret-up\"><\/i><\/span>\n\t\t\t\t\t\t\t\t\t\t\t\t\t<\/span>\n\t\t\t\t\t\t\t\t\t\t\t\t<a class=\"elementor-toggle-title\" tabindex=\"0\">Informe POA tercer trimestre 2025<\/a>\n\t\t\t\t\t<\/div>\n\n\t\t\t\t\t<div id=\"elementor-tab-content-1233\" class=\"elementor-tab-content elementor-clearfix\" data-tab=\"3\" role=\"region\" aria-labelledby=\"elementor-tab-title-1233\"><div class=\"grid\"><div><img decoding=\"async\" class=\"iconpdf\" src=\"https:\/\/caid.gob.do\/transparencia\/wp-content\/uploads\/iconos-para-web-08.png\" alt=\"ICON PDF\" \/><\/div><div>INFORME DE EVALUACI\u00d3N POA 3ER TRIMESTRE<strong><a href=\"https:\/\/caid.gob.do\/transparencia\/wp-content\/uploads\/Informe-evaluacion-POA-CAID-T3-2025-REV-2_ocr-17.pdf\" target=\"_blank\" rel=\"noopener\">DESCARGAR<\/a><\/strong><\/div><\/div><div class=\"grid\"><div>\u00a0<\/div><\/div><\/div>\n\t\t\t\t<\/div>\n\t\t\t\t\t\t\t<div class=\"elementor-toggle-item\">\n\t\t\t\t\t<div id=\"elementor-tab-title-1234\" class=\"elementor-tab-title\" data-tab=\"4\" role=\"button\" aria-controls=\"elementor-tab-content-1234\" aria-expanded=\"false\">\n\t\t\t\t\t\t\t\t\t\t\t\t<span class=\"elementor-toggle-icon elementor-toggle-icon-left\" aria-hidden=\"true\">\n\t\t\t\t\t\t\t\t\t\t\t\t\t\t\t<span class=\"elementor-toggle-icon-closed\"><i class=\"fas fa-caret-right\"><\/i><\/span>\n\t\t\t\t\t\t\t\t<span class=\"elementor-toggle-icon-opened\"><i class=\"elementor-toggle-icon-opened fas fa-caret-up\"><\/i><\/span>\n\t\t\t\t\t\t\t\t\t\t\t\t\t<\/span>\n\t\t\t\t\t\t\t\t\t\t\t\t<a class=\"elementor-toggle-title\" tabindex=\"0\">Informe POA segundo trimestre 2025<\/a>\n\t\t\t\t\t<\/div>\n\n\t\t\t\t\t<div id=\"elementor-tab-content-1234\" class=\"elementor-tab-content elementor-clearfix\" data-tab=\"4\" role=\"region\" aria-labelledby=\"elementor-tab-title-1234\"><div class=\"grid\"><div><img decoding=\"async\" class=\"iconpdf\" src=\"https:\/\/caid.gob.do\/transparencia\/wp-content\/uploads\/iconos-para-web-08.png\" alt=\"ICON PDF\" \/><\/div><div>INFORME DE EVALUACI\u00d3N POA 2DO TRIMESTRE<strong><a href=\"https:\/\/caid.gob.do\/transparencia\/wp-content\/uploads\/INFORME-EVALUACION-POA-2DO-TRIMESTRE-1.pdf\" target=\"_blank\" rel=\"noopener\">DESCARGAR<\/a><\/strong><\/div><\/div><div class=\"grid\"><div>\u00a0<\/div><\/div><\/div>\n\t\t\t\t<\/div>\n\t\t\t\t\t\t\t<div class=\"elementor-toggle-item\">\n\t\t\t\t\t<div id=\"elementor-tab-title-1235\" class=\"elementor-tab-title\" data-tab=\"5\" role=\"button\" aria-controls=\"elementor-tab-content-1235\" aria-expanded=\"false\">\n\t\t\t\t\t\t\t\t\t\t\t\t<span class=\"elementor-toggle-icon elementor-toggle-icon-left\" aria-hidden=\"true\">\n\t\t\t\t\t\t\t\t\t\t\t\t\t\t\t<span class=\"elementor-toggle-icon-closed\"><i class=\"fas fa-caret-right\"><\/i><\/span>\n\t\t\t\t\t\t\t\t<span class=\"elementor-toggle-icon-opened\"><i class=\"elementor-toggle-icon-opened fas fa-caret-up\"><\/i><\/span>\n\t\t\t\t\t\t\t\t\t\t\t\t\t<\/span>\n\t\t\t\t\t\t\t\t\t\t\t\t<a class=\"elementor-toggle-title\" tabindex=\"0\">Informe POA primer trimestre 2025<\/a>\n\t\t\t\t\t<\/div>\n\n\t\t\t\t\t<div id=\"elementor-tab-content-1235\" class=\"elementor-tab-content elementor-clearfix\" data-tab=\"5\" role=\"region\" aria-labelledby=\"elementor-tab-title-1235\"><div class=\"grid\">\n<div><img decoding=\"async\" class=\"iconpdf\" src=\"https:\/\/caid.gob.do\/transparencia\/wp-content\/uploads\/iconos-para-web-08.png\" alt=\"ICON PDF\" \/><\/div>\n<div>INFORME DE EVALUACI\u00d3N POA 1ER TRIMESTRE<strong><a href=\"https:\/\/caid.gob.do\/transparencia\/wp-content\/uploads\/INFORME-DE-EVALUACION-1ER-TRIMESTRE-2025_ocr.pdf\" target=\"_blank\" rel=\"noopener\">DESCARGAR<\/a><\/strong><\/div>\n<\/div>\n<div class=\"grid\">\n<div><\/div>\n<\/div><\/div>\n\t\t\t\t<\/div>\n\t\t\t\t\t\t\t\t\t\t<script type=\"application\/ld+json\">{\"@context\":\"https:\\\/\\\/schema.org\",\"@type\":\"FAQPage\",\"mainEntity\":[{\"@type\":\"Question\",\"name\":\"Ver documentos del a\\u00f1o 2025\",\"acceptedAnswer\":{\"@type\":\"Answer\",\"text\":\"<div class=\\\"grid\\\">\\n<div><img class=\\\"iconpdf\\\" src=\\\"https:\\\/\\\/caid.gob.do\\\/transparencia\\\/wp-content\\\/uploads\\\/iconos-para-web-08.png\\\" alt=\\\"ICON PDF\\\" \\\/><\\\/div>\\n<div>POA CAID 2025\\n<strong><a href=\\\"https:\\\/\\\/caid.gob.do\\\/transparencia\\\/wp-content\\\/uploads\\\/Plan-Operativo-Anual-2025-2da-Version_ocr.pdf\\\" target=\\\"_blank\\\" rel=\\\"noopener\\\">DESCARGAR<\\\/a><\\\/strong><\\\/div>\\n<\\\/div>\\n\\n<hr \\\/>\\n\\n<div class=\\\"grid\\\">\\n<div><img class=\\\"iconpdf\\\" src=\\\"https:\\\/\\\/caid.gob.do\\\/transparencia\\\/wp-content\\\/uploads\\\/iconos-para-web-09.png\\\" alt=\\\"ICON PDF\\\" \\\/><\\\/div>\\n<div>Matriz POA CAID 2025\\n<strong><a href=\\\"https:\\\/\\\/caid.gob.do\\\/transparencia\\\/wp-content\\\/uploads\\\/PLAN-OPERATIVO-ANUAL-CAID-2025-3RA-VERSION.xlsx\\\" target=\\\"_blank\\\" rel=\\\"noopener\\\">DESCARGAR<\\\/a><\\\/strong><\\\/div>\\n<\\\/div>\"}},{\"@type\":\"Question\",\"name\":\"Informe POA cuarto trimestre 2025\",\"acceptedAnswer\":{\"@type\":\"Answer\",\"text\":\"<div class=\\\"grid\\\">\\n<div><img class=\\\"iconpdf\\\" src=\\\"https:\\\/\\\/caid.gob.do\\\/transparencia\\\/wp-content\\\/uploads\\\/iconos-para-web-08.png\\\" alt=\\\"ICON PDF\\\" \\\/><\\\/div>\\n<div>INFORME DE EVALUACI\\u00d3N POA 4TO TRIMESTRE<strong><a href=\\\"https:\\\/\\\/caid.gob.do\\\/transparencia\\\/wp-content\\\/uploads\\\/Informe-evaluacion-POA-CAID-T4-2025.pdf\\\" target=\\\"_blank\\\" rel=\\\"noopener\\\">DESCARGAR<\\\/a><\\\/strong><\\\/div>\\n<\\\/div>\\n<div class=\\\"grid\\\">\\n<div><\\\/div>\\n<\\\/div>\"}},{\"@type\":\"Question\",\"name\":\"Informe POA tercer trimestre 2025\",\"acceptedAnswer\":{\"@type\":\"Answer\",\"text\":\"<div class=\\\"grid\\\"><div><img class=\\\"iconpdf\\\" src=\\\"https:\\\/\\\/caid.gob.do\\\/transparencia\\\/wp-content\\\/uploads\\\/iconos-para-web-08.png\\\" alt=\\\"ICON PDF\\\" \\\/><\\\/div><div>INFORME DE EVALUACI\\u00d3N POA 3ER TRIMESTRE<strong><a href=\\\"https:\\\/\\\/caid.gob.do\\\/transparencia\\\/wp-content\\\/uploads\\\/Informe-evaluacion-POA-CAID-T3-2025-REV-2_ocr-17.pdf\\\" target=\\\"_blank\\\" rel=\\\"noopener\\\">DESCARGAR<\\\/a><\\\/strong><\\\/div><\\\/div><div class=\\\"grid\\\"><div>\\u00a0<\\\/div><\\\/div>\"}},{\"@type\":\"Question\",\"name\":\"Informe POA segundo trimestre 2025\",\"acceptedAnswer\":{\"@type\":\"Answer\",\"text\":\"<div class=\\\"grid\\\"><div><img class=\\\"iconpdf\\\" src=\\\"https:\\\/\\\/caid.gob.do\\\/transparencia\\\/wp-content\\\/uploads\\\/iconos-para-web-08.png\\\" alt=\\\"ICON PDF\\\" \\\/><\\\/div><div>INFORME DE EVALUACI\\u00d3N POA 2DO TRIMESTRE<strong><a href=\\\"https:\\\/\\\/caid.gob.do\\\/transparencia\\\/wp-content\\\/uploads\\\/INFORME-EVALUACION-POA-2DO-TRIMESTRE-1.pdf\\\" target=\\\"_blank\\\" rel=\\\"noopener\\\">DESCARGAR<\\\/a><\\\/strong><\\\/div><\\\/div><div class=\\\"grid\\\"><div>\\u00a0<\\\/div><\\\/div>\"}},{\"@type\":\"Question\",\"name\":\"Informe POA primer trimestre 2025\",\"acceptedAnswer\":{\"@type\":\"Answer\",\"text\":\"<div class=\\\"grid\\\">\\n<div><img class=\\\"iconpdf\\\" src=\\\"https:\\\/\\\/caid.gob.do\\\/transparencia\\\/wp-content\\\/uploads\\\/iconos-para-web-08.png\\\" alt=\\\"ICON PDF\\\" \\\/><\\\/div>\\n<div>INFORME DE EVALUACI\\u00d3N POA 1ER TRIMESTRE<strong><a href=\\\"https:\\\/\\\/caid.gob.do\\\/transparencia\\\/wp-content\\\/uploads\\\/INFORME-DE-EVALUACION-1ER-TRIMESTRE-2025_ocr.pdf\\\" target=\\\"_blank\\\" rel=\\\"noopener\\\">DESCARGAR<\\\/a><\\\/strong><\\\/div>\\n<\\\/div>\\n<div class=\\\"grid\\\">\\n<div><\\\/div>\\n<\\\/div>\"}}]}<\/script>\n\t\t\t\t\t<\/div>\n\t\t\t\t\t\t<\/div>\n\t\t\t\t<\/div>\n\t\t\t\t\t<\/div>\n\t\t<\/div>\n\t\t\t\t\t<\/div>\n\t\t<\/section>\n\t\t\t\t<\/div>\n\t\t","protected":false},"excerpt":{"rendered":"<p>Ver documentos del a\u00f1o 2025 POA CAID 2025 DESCARGAR Matriz POA CAID 2025 DESCARGAR Informe POA cuarto trimestre 2025 INFORME DE EVALUACI\u00d3N POA 4TO TRIMESTREDESCARGAR Informe POA tercer trimestre 2025 INFORME DE EVALUACI\u00d3N POA 3ER TRIMESTREDESCARGAR\u00a0 Informe POA segundo trimestre 2025 INFORME DE EVALUACI\u00d3N POA 2DO TRIMESTREDESCARGAR\u00a0 Informe POA primer trimestre 2025 INFORME DE EVALUACI\u00d3N [&hellip;]<\/p>\n","protected":false},"author":1,"featured_media":0,"parent":470,"menu_order":0,"comment_status":"closed","ping_status":"closed","template":"","meta":{"footnotes":""},"class_list":["post-9145","page","type-page","status-publish","hentry"],"yoast_head":"<!-- This site is optimized with the Yoast SEO plugin v27.0 - https:\/\/yoast.com\/product\/yoast-seo-wordpress\/ -->\r\n<title>Plan operativo anual 2025 - Portal de Transparencia del CAID<\/title>\r\n<meta name=\"robots\" content=\"index, follow, max-snippet:-1, max-image-preview:large, max-video-preview:-1\" \/>\r\n<link rel=\"canonical\" href=\"https:\/\/caid.gob.do\/transparencia\/portal-de-transparencia-del-caid\/plan-estrategico-institucional\/plan-operativo-anual\/plan-operativo-anual-2025\/\" \/>\r\n<meta property=\"og:locale\" content=\"es_ES\" \/>\r\n<meta property=\"og:type\" content=\"article\" \/>\r\n<meta property=\"og:title\" content=\"Plan operativo anual 2025 - Portal de Transparencia del CAID\" \/>\r\n<meta property=\"og:description\" content=\"Ver documentos del a\u00f1o 2025 POA CAID 2025 DESCARGAR Matriz POA CAID 2025 DESCARGAR Informe POA cuarto trimestre 2025 INFORME DE EVALUACI\u00d3N POA 4TO TRIMESTREDESCARGAR Informe POA tercer trimestre 2025 INFORME DE EVALUACI\u00d3N POA 3ER TRIMESTREDESCARGAR\u00a0 Informe POA segundo trimestre 2025 INFORME DE EVALUACI\u00d3N POA 2DO TRIMESTREDESCARGAR\u00a0 Informe POA primer trimestre 2025 INFORME DE EVALUACI\u00d3N [&hellip;]\" \/>\r\n<meta property=\"og:url\" content=\"https:\/\/caid.gob.do\/transparencia\/portal-de-transparencia-del-caid\/plan-estrategico-institucional\/plan-operativo-anual\/plan-operativo-anual-2025\/\" \/>\r\n<meta property=\"og:site_name\" content=\"Portal de Transparencia del CAID\" \/>\r\n<meta property=\"article:modified_time\" content=\"2026-01-08T19:55:41+00:00\" \/>\r\n<meta property=\"og:image\" content=\"https:\/\/caid.gob.do\/transparencia\/wp-content\/uploads\/iconos-para-web-08.png\" \/>\r\n<meta name=\"twitter:card\" content=\"summary_large_image\" \/>\r\n<meta name=\"twitter:label1\" content=\"Est. reading time\" \/>\n\t<meta name=\"twitter:data1\" content=\"2 minutos\" \/>\r\n<script type=\"application\/ld+json\" class=\"yoast-schema-graph\">{\"@context\":\"https:\/\/schema.org\",\"@graph\":[{\"@type\":\"WebPage\",\"@id\":\"https:\/\/caid.gob.do\/transparencia\/portal-de-transparencia-del-caid\/plan-estrategico-institucional\/plan-operativo-anual\/plan-operativo-anual-2025\/\",\"url\":\"https:\/\/caid.gob.do\/transparencia\/portal-de-transparencia-del-caid\/plan-estrategico-institucional\/plan-operativo-anual\/plan-operativo-anual-2025\/\",\"name\":\"Plan operativo anual 2025 - Portal de Transparencia del CAID\",\"isPartOf\":{\"@id\":\"https:\/\/caid.gob.do\/transparencia\/#website\"},\"primaryImageOfPage\":{\"@id\":\"https:\/\/caid.gob.do\/transparencia\/portal-de-transparencia-del-caid\/plan-estrategico-institucional\/plan-operativo-anual\/plan-operativo-anual-2025\/#primaryimage\"},\"image\":{\"@id\":\"https:\/\/caid.gob.do\/transparencia\/portal-de-transparencia-del-caid\/plan-estrategico-institucional\/plan-operativo-anual\/plan-operativo-anual-2025\/#primaryimage\"},\"thumbnailUrl\":\"https:\/\/caid.gob.do\/transparencia\/wp-content\/uploads\/iconos-para-web-08.png\",\"datePublished\":\"2025-01-20T14:49:33+00:00\",\"dateModified\":\"2026-01-08T19:55:41+00:00\",\"breadcrumb\":{\"@id\":\"https:\/\/caid.gob.do\/transparencia\/portal-de-transparencia-del-caid\/plan-estrategico-institucional\/plan-operativo-anual\/plan-operativo-anual-2025\/#breadcrumb\"},\"inLanguage\":\"es-DO\",\"potentialAction\":[{\"@type\":\"ReadAction\",\"target\":[\"https:\/\/caid.gob.do\/transparencia\/portal-de-transparencia-del-caid\/plan-estrategico-institucional\/plan-operativo-anual\/plan-operativo-anual-2025\/\"]}]},{\"@type\":\"ImageObject\",\"inLanguage\":\"es-DO\",\"@id\":\"https:\/\/caid.gob.do\/transparencia\/portal-de-transparencia-del-caid\/plan-estrategico-institucional\/plan-operativo-anual\/plan-operativo-anual-2025\/#primaryimage\",\"url\":\"https:\/\/caid.gob.do\/transparencia\/wp-content\/uploads\/iconos-para-web-08.png\",\"contentUrl\":\"https:\/\/caid.gob.do\/transparencia\/wp-content\/uploads\/iconos-para-web-08.png\",\"width\":128,\"height\":128},{\"@type\":\"BreadcrumbList\",\"@id\":\"https:\/\/caid.gob.do\/transparencia\/portal-de-transparencia-del-caid\/plan-estrategico-institucional\/plan-operativo-anual\/plan-operativo-anual-2025\/#breadcrumb\",\"itemListElement\":[{\"@type\":\"ListItem\",\"position\":1,\"name\":\"Est\u00e1s aqu\u00ed:\",\"item\":\"https:\/\/caid.gob.do\/transparencia\/\"},{\"@type\":\"ListItem\",\"position\":2,\"name\":\"Portal de transparencia del CAID\",\"item\":\"https:\/\/caid.gob.do\/transparencia\/\"},{\"@type\":\"ListItem\",\"position\":3,\"name\":\"Plan estrat\u00e9gico institucional\",\"item\":\"https:\/\/caid.gob.do\/transparencia\/portal-de-transparencia-del-caid\/plan-estrategico-institucional\/\"},{\"@type\":\"ListItem\",\"position\":4,\"name\":\"Plan operativo anual\",\"item\":\"https:\/\/caid.gob.do\/transparencia\/portal-de-transparencia-del-caid\/plan-estrategico-institucional\/plan-operativo-anual\/\"},{\"@type\":\"ListItem\",\"position\":5,\"name\":\"Plan operativo anual 2025\"}]},{\"@type\":\"WebSite\",\"@id\":\"https:\/\/caid.gob.do\/transparencia\/#website\",\"url\":\"https:\/\/caid.gob.do\/transparencia\/\",\"name\":\"Portal de Transparencia del CAID\",\"description\":\"Transparencia del CAID\",\"publisher\":{\"@id\":\"https:\/\/caid.gob.do\/transparencia\/#organization\"},\"potentialAction\":[{\"@type\":\"SearchAction\",\"target\":{\"@type\":\"EntryPoint\",\"urlTemplate\":\"https:\/\/caid.gob.do\/transparencia\/?s={search_term_string}\"},\"query-input\":{\"@type\":\"PropertyValueSpecification\",\"valueRequired\":true,\"valueName\":\"search_term_string\"}}],\"inLanguage\":\"es-DO\"},{\"@type\":\"Organization\",\"@id\":\"https:\/\/caid.gob.do\/transparencia\/#organization\",\"name\":\"Portal de Transparencia del CAID\",\"url\":\"https:\/\/caid.gob.do\/transparencia\/\",\"logo\":{\"@type\":\"ImageObject\",\"inLanguage\":\"es-DO\",\"@id\":\"https:\/\/caid.gob.do\/transparencia\/#\/schema\/logo\/image\/\",\"url\":\"https:\/\/caid.gob.do\/transparencia\/wp-content\/uploads\/2023\/01\/CAID-LOGOS-EN-PNG_Mesa-de-trabajo-1.png\",\"contentUrl\":\"https:\/\/caid.gob.do\/transparencia\/wp-content\/uploads\/2023\/01\/CAID-LOGOS-EN-PNG_Mesa-de-trabajo-1.png\",\"width\":4500,\"height\":2220,\"caption\":\"Portal de Transparencia del CAID\"},\"image\":{\"@id\":\"https:\/\/caid.gob.do\/transparencia\/#\/schema\/logo\/image\/\"}}]}<\/script>\r\n<!-- \/ Yoast SEO plugin. -->","yoast_head_json":{"title":"Plan operativo anual 2025 - Portal de Transparencia del CAID","robots":{"index":"index","follow":"follow","max-snippet":"max-snippet:-1","max-image-preview":"max-image-preview:large","max-video-preview":"max-video-preview:-1"},"canonical":"https:\/\/caid.gob.do\/transparencia\/portal-de-transparencia-del-caid\/plan-estrategico-institucional\/plan-operativo-anual\/plan-operativo-anual-2025\/","og_locale":"es_ES","og_type":"article","og_title":"Plan operativo anual 2025 - Portal de Transparencia del CAID","og_description":"Ver documentos del a\u00f1o 2025 POA CAID 2025 DESCARGAR Matriz POA CAID 2025 DESCARGAR Informe POA cuarto trimestre 2025 INFORME DE EVALUACI\u00d3N POA 4TO TRIMESTREDESCARGAR Informe POA tercer trimestre 2025 INFORME DE EVALUACI\u00d3N POA 3ER TRIMESTREDESCARGAR\u00a0 Informe POA segundo trimestre 2025 INFORME DE EVALUACI\u00d3N POA 2DO TRIMESTREDESCARGAR\u00a0 Informe POA primer trimestre 2025 INFORME DE EVALUACI\u00d3N [&hellip;]","og_url":"https:\/\/caid.gob.do\/transparencia\/portal-de-transparencia-del-caid\/plan-estrategico-institucional\/plan-operativo-anual\/plan-operativo-anual-2025\/","og_site_name":"Portal de Transparencia del CAID","article_modified_time":"2026-01-08T19:55:41+00:00","og_image":[{"url":"https:\/\/caid.gob.do\/transparencia\/wp-content\/uploads\/iconos-para-web-08.png","type":"","width":"","height":""}],"twitter_card":"summary_large_image","twitter_misc":{"Est. reading time":"2 minutos"},"schema":{"@context":"https:\/\/schema.org","@graph":[{"@type":"WebPage","@id":"https:\/\/caid.gob.do\/transparencia\/portal-de-transparencia-del-caid\/plan-estrategico-institucional\/plan-operativo-anual\/plan-operativo-anual-2025\/","url":"https:\/\/caid.gob.do\/transparencia\/portal-de-transparencia-del-caid\/plan-estrategico-institucional\/plan-operativo-anual\/plan-operativo-anual-2025\/","name":"Plan operativo anual 2025 - Portal de Transparencia del CAID","isPartOf":{"@id":"https:\/\/caid.gob.do\/transparencia\/#website"},"primaryImageOfPage":{"@id":"https:\/\/caid.gob.do\/transparencia\/portal-de-transparencia-del-caid\/plan-estrategico-institucional\/plan-operativo-anual\/plan-operativo-anual-2025\/#primaryimage"},"image":{"@id":"https:\/\/caid.gob.do\/transparencia\/portal-de-transparencia-del-caid\/plan-estrategico-institucional\/plan-operativo-anual\/plan-operativo-anual-2025\/#primaryimage"},"thumbnailUrl":"https:\/\/caid.gob.do\/transparencia\/wp-content\/uploads\/iconos-para-web-08.png","datePublished":"2025-01-20T14:49:33+00:00","dateModified":"2026-01-08T19:55:41+00:00","breadcrumb":{"@id":"https:\/\/caid.gob.do\/transparencia\/portal-de-transparencia-del-caid\/plan-estrategico-institucional\/plan-operativo-anual\/plan-operativo-anual-2025\/#breadcrumb"},"inLanguage":"es-DO","potentialAction":[{"@type":"ReadAction","target":["https:\/\/caid.gob.do\/transparencia\/portal-de-transparencia-del-caid\/plan-estrategico-institucional\/plan-operativo-anual\/plan-operativo-anual-2025\/"]}]},{"@type":"ImageObject","inLanguage":"es-DO","@id":"https:\/\/caid.gob.do\/transparencia\/portal-de-transparencia-del-caid\/plan-estrategico-institucional\/plan-operativo-anual\/plan-operativo-anual-2025\/#primaryimage","url":"https:\/\/caid.gob.do\/transparencia\/wp-content\/uploads\/iconos-para-web-08.png","contentUrl":"https:\/\/caid.gob.do\/transparencia\/wp-content\/uploads\/iconos-para-web-08.png","width":128,"height":128},{"@type":"BreadcrumbList","@id":"https:\/\/caid.gob.do\/transparencia\/portal-de-transparencia-del-caid\/plan-estrategico-institucional\/plan-operativo-anual\/plan-operativo-anual-2025\/#breadcrumb","itemListElement":[{"@type":"ListItem","position":1,"name":"Est\u00e1s aqu\u00ed:","item":"https:\/\/caid.gob.do\/transparencia\/"},{"@type":"ListItem","position":2,"name":"Portal de transparencia del CAID","item":"https:\/\/caid.gob.do\/transparencia\/"},{"@type":"ListItem","position":3,"name":"Plan estrat\u00e9gico institucional","item":"https:\/\/caid.gob.do\/transparencia\/portal-de-transparencia-del-caid\/plan-estrategico-institucional\/"},{"@type":"ListItem","position":4,"name":"Plan operativo anual","item":"https:\/\/caid.gob.do\/transparencia\/portal-de-transparencia-del-caid\/plan-estrategico-institucional\/plan-operativo-anual\/"},{"@type":"ListItem","position":5,"name":"Plan operativo anual 2025"}]},{"@type":"WebSite","@id":"https:\/\/caid.gob.do\/transparencia\/#website","url":"https:\/\/caid.gob.do\/transparencia\/","name":"Portal de Transparencia del CAID","description":"Transparencia del CAID","publisher":{"@id":"https:\/\/caid.gob.do\/transparencia\/#organization"},"potentialAction":[{"@type":"SearchAction","target":{"@type":"EntryPoint","urlTemplate":"https:\/\/caid.gob.do\/transparencia\/?s={search_term_string}"},"query-input":{"@type":"PropertyValueSpecification","valueRequired":true,"valueName":"search_term_string"}}],"inLanguage":"es-DO"},{"@type":"Organization","@id":"https:\/\/caid.gob.do\/transparencia\/#organization","name":"Portal de Transparencia del CAID","url":"https:\/\/caid.gob.do\/transparencia\/","logo":{"@type":"ImageObject","inLanguage":"es-DO","@id":"https:\/\/caid.gob.do\/transparencia\/#\/schema\/logo\/image\/","url":"https:\/\/caid.gob.do\/transparencia\/wp-content\/uploads\/2023\/01\/CAID-LOGOS-EN-PNG_Mesa-de-trabajo-1.png","contentUrl":"https:\/\/caid.gob.do\/transparencia\/wp-content\/uploads\/2023\/01\/CAID-LOGOS-EN-PNG_Mesa-de-trabajo-1.png","width":4500,"height":2220,"caption":"Portal de Transparencia del CAID"},"image":{"@id":"https:\/\/caid.gob.do\/transparencia\/#\/schema\/logo\/image\/"}}]}},"jetpack_sharing_enabled":true,"_links":{"self":[{"href":"https:\/\/caid.gob.do\/transparencia\/wp-json\/wp\/v2\/pages\/9145","targetHints":{"allow":["GET"]}}],"collection":[{"href":"https:\/\/caid.gob.do\/transparencia\/wp-json\/wp\/v2\/pages"}],"about":[{"href":"https:\/\/caid.gob.do\/transparencia\/wp-json\/wp\/v2\/types\/page"}],"author":[{"embeddable":true,"href":"https:\/\/caid.gob.do\/transparencia\/wp-json\/wp\/v2\/users\/1"}],"replies":[{"embeddable":true,"href":"https:\/\/caid.gob.do\/transparencia\/wp-json\/wp\/v2\/comments?post=9145"}],"version-history":[{"count":63,"href":"https:\/\/caid.gob.do\/transparencia\/wp-json\/wp\/v2\/pages\/9145\/revisions"}],"predecessor-version":[{"id":12319,"href":"https:\/\/caid.gob.do\/transparencia\/wp-json\/wp\/v2\/pages\/9145\/revisions\/12319"}],"up":[{"embeddable":true,"href":"https:\/\/caid.gob.do\/transparencia\/wp-json\/wp\/v2\/pages\/470"}],"wp:attachment":[{"href":"https:\/\/caid.gob.do\/transparencia\/wp-json\/wp\/v2\/media?parent=9145"}],"curies":[{"name":"wp","href":"https:\/\/api.w.org\/{rel}","templated":true}]}}