{"id":9434,"date":"2025-02-18T13:56:29","date_gmt":"2025-02-18T17:56:29","guid":{"rendered":"https:\/\/caid.gob.do\/transparencia\/?page_id=9434"},"modified":"2025-03-27T08:45:04","modified_gmt":"2025-03-27T12:45:04","slug":"presupuesto-aprobado-del-ano-2025","status":"publish","type":"page","link":"https:\/\/caid.gob.do\/transparencia\/portal-de-transparencia-del-caid\/presupuesto\/presupuesto-aprobado\/presupuesto-aprobado-del-ano-2025\/","title":{"rendered":"Presupuesto aprobado del a\u00f1o 2025"},"content":{"rendered":"\t\t<div data-elementor-type=\"wp-page\" data-elementor-id=\"9434\" class=\"elementor elementor-9434\" data-elementor-post-type=\"page\">\n\t\t\t\t<div class=\"elementor-element elementor-element-a9f08d7 e-flex e-con-boxed e-con e-parent\" data-id=\"a9f08d7\" data-element_type=\"container\" data-e-type=\"container\">\n\t\t\t\t\t<div class=\"e-con-inner\">\n\t\t\t\t<div class=\"elementor-element elementor-element-ee92afa elementor-widget elementor-widget-text-editor\" data-id=\"ee92afa\" data-element_type=\"widget\" data-e-type=\"widget\" data-widget_type=\"text-editor.default\">\n\t\t\t\t<div class=\"elementor-widget-container\">\n\t\t\t\t\t\t\t\t\t<div class=\"grid\"><div><img decoding=\"async\" class=\"iconpdf\" src=\"https:\/\/caid.gob.do\/transparencia\/wp-content\/uploads\/iconos-para-web-08.png\" \/><\/div><div><p>Programaci\u00f3n indicativa anual metas f\u00edsicas financieras CAID 2025<\/p><p><a href=\"https:\/\/caid.gob.do\/transparencia\/wp-content\/uploads\/Programacion-Indicativa-Anual-metas-fisicas-fin.-2025_reutilizable.pdf\" target=\"_blank\" rel=\"noopener\"><strong>DESCARGAR<\/strong><\/a><\/p><\/div><\/div><hr \/><div class=\"grid\"><div><img decoding=\"async\" class=\"iconpdf\" src=\"https:\/\/caid.gob.do\/transparencia\/wp-content\/uploads\/iconos-para-web-09.png\" \/><\/div><div>Programaci\u00f3n indicativa anual metas f\u00edsicas financieras CAID 2025<br \/><a href=\"https:\/\/caid.gob.do\/transparencia\/wp-content\/uploads\/Programacion-indicativa-anual-metas-fisicas-financieras-2025-1.xlsx\" target=\"_blank\" rel=\"noopener\"><strong>DESCARGAR<\/strong><\/a><\/div><\/div><hr \/><div class=\"grid\"><div><img decoding=\"async\" class=\"iconpdf\" src=\"https:\/\/caid.gob.do\/transparencia\/wp-content\/uploads\/iconos-para-web-09.png\" \/><\/div><div>Presupuesto aprobado 2025<br \/><a href=\"https:\/\/caid.gob.do\/transparencia\/wp-content\/uploads\/PRESUPUESTO-APROBADO-20251-1.xlsx\" target=\"_blank\" rel=\"noopener\"><strong>DESCARGAR<\/strong><\/a><\/div><\/div><hr \/><div class=\"grid\"><div><img decoding=\"async\" class=\"iconpdf\" src=\"https:\/\/caid.gob.do\/transparencia\/wp-content\/uploads\/iconos-para-web-08.png\" \/><\/div><div>Presupuesto aprobado 2025<br \/><a href=\"https:\/\/caid.gob.do\/transparencia\/wp-content\/uploads\/PRESUPUESTO-APROBADO-2025_0001_0001-ocr-1.pdf\" target=\"_blank\" rel=\"noopener\"><strong>DESCARGAR<\/strong><\/a><\/div><\/div>\t\t\t\t\t\t\t\t<\/div>\n\t\t\t\t<\/div>\n\t\t\t\t\t<\/div>\n\t\t\t\t<\/div>\n\t\t\t\t<\/div>\n\t\t","protected":false},"excerpt":{"rendered":"<p>Programaci\u00f3n indicativa anual metas f\u00edsicas financieras CAID 2025 DESCARGAR Programaci\u00f3n indicativa anual metas f\u00edsicas financieras CAID 2025DESCARGAR Presupuesto aprobado 2025DESCARGAR Presupuesto aprobado 2025DESCARGAR<\/p>\n","protected":false},"author":1,"featured_media":0,"parent":548,"menu_order":0,"comment_status":"closed","ping_status":"closed","template":"","meta":{"footnotes":""},"class_list":["post-9434","page","type-page","status-publish","hentry"],"yoast_head":"<!-- This site is optimized with the Yoast SEO plugin v27.0 - https:\/\/yoast.com\/product\/yoast-seo-wordpress\/ -->\r\n<title>Presupuesto aprobado del a\u00f1o 2025 - Portal de Transparencia del CAID<\/title>\r\n<meta name=\"robots\" content=\"index, follow, max-snippet:-1, max-image-preview:large, max-video-preview:-1\" \/>\r\n<link rel=\"canonical\" href=\"https:\/\/caid.gob.do\/transparencia\/portal-de-transparencia-del-caid\/presupuesto\/presupuesto-aprobado\/presupuesto-aprobado-del-ano-2025\/\" \/>\r\n<meta property=\"og:locale\" content=\"es_ES\" \/>\r\n<meta property=\"og:type\" content=\"article\" \/>\r\n<meta property=\"og:title\" content=\"Presupuesto aprobado del a\u00f1o 2025 - Portal de Transparencia del CAID\" \/>\r\n<meta property=\"og:description\" content=\"Programaci\u00f3n indicativa anual metas f\u00edsicas financieras CAID 2025 DESCARGAR Programaci\u00f3n indicativa anual metas f\u00edsicas financieras CAID 2025DESCARGAR Presupuesto aprobado 2025DESCARGAR Presupuesto aprobado 2025DESCARGAR\" \/>\r\n<meta property=\"og:url\" content=\"https:\/\/caid.gob.do\/transparencia\/portal-de-transparencia-del-caid\/presupuesto\/presupuesto-aprobado\/presupuesto-aprobado-del-ano-2025\/\" \/>\r\n<meta property=\"og:site_name\" content=\"Portal de Transparencia del CAID\" \/>\r\n<meta property=\"article:modified_time\" content=\"2025-03-27T12:45:04+00:00\" \/>\r\n<meta property=\"og:image\" content=\"https:\/\/caid.gob.do\/transparencia\/wp-content\/uploads\/iconos-para-web-08.png\" \/>\r\n<meta name=\"twitter:card\" content=\"summary_large_image\" \/>\r\n<meta name=\"twitter:label1\" content=\"Est. reading time\" \/>\n\t<meta name=\"twitter:data1\" content=\"1 minuto\" \/>\r\n<script type=\"application\/ld+json\" class=\"yoast-schema-graph\">{\"@context\":\"https:\/\/schema.org\",\"@graph\":[{\"@type\":\"WebPage\",\"@id\":\"https:\/\/caid.gob.do\/transparencia\/portal-de-transparencia-del-caid\/presupuesto\/presupuesto-aprobado\/presupuesto-aprobado-del-ano-2025\/\",\"url\":\"https:\/\/caid.gob.do\/transparencia\/portal-de-transparencia-del-caid\/presupuesto\/presupuesto-aprobado\/presupuesto-aprobado-del-ano-2025\/\",\"name\":\"Presupuesto aprobado del a\u00f1o 2025 - Portal de Transparencia del CAID\",\"isPartOf\":{\"@id\":\"https:\/\/caid.gob.do\/transparencia\/#website\"},\"primaryImageOfPage\":{\"@id\":\"https:\/\/caid.gob.do\/transparencia\/portal-de-transparencia-del-caid\/presupuesto\/presupuesto-aprobado\/presupuesto-aprobado-del-ano-2025\/#primaryimage\"},\"image\":{\"@id\":\"https:\/\/caid.gob.do\/transparencia\/portal-de-transparencia-del-caid\/presupuesto\/presupuesto-aprobado\/presupuesto-aprobado-del-ano-2025\/#primaryimage\"},\"thumbnailUrl\":\"https:\/\/caid.gob.do\/transparencia\/wp-content\/uploads\/iconos-para-web-08.png\",\"datePublished\":\"2025-02-18T17:56:29+00:00\",\"dateModified\":\"2025-03-27T12:45:04+00:00\",\"breadcrumb\":{\"@id\":\"https:\/\/caid.gob.do\/transparencia\/portal-de-transparencia-del-caid\/presupuesto\/presupuesto-aprobado\/presupuesto-aprobado-del-ano-2025\/#breadcrumb\"},\"inLanguage\":\"es-DO\",\"potentialAction\":[{\"@type\":\"ReadAction\",\"target\":[\"https:\/\/caid.gob.do\/transparencia\/portal-de-transparencia-del-caid\/presupuesto\/presupuesto-aprobado\/presupuesto-aprobado-del-ano-2025\/\"]}]},{\"@type\":\"ImageObject\",\"inLanguage\":\"es-DO\",\"@id\":\"https:\/\/caid.gob.do\/transparencia\/portal-de-transparencia-del-caid\/presupuesto\/presupuesto-aprobado\/presupuesto-aprobado-del-ano-2025\/#primaryimage\",\"url\":\"https:\/\/caid.gob.do\/transparencia\/wp-content\/uploads\/iconos-para-web-08.png\",\"contentUrl\":\"https:\/\/caid.gob.do\/transparencia\/wp-content\/uploads\/iconos-para-web-08.png\",\"width\":128,\"height\":128},{\"@type\":\"BreadcrumbList\",\"@id\":\"https:\/\/caid.gob.do\/transparencia\/portal-de-transparencia-del-caid\/presupuesto\/presupuesto-aprobado\/presupuesto-aprobado-del-ano-2025\/#breadcrumb\",\"itemListElement\":[{\"@type\":\"ListItem\",\"position\":1,\"name\":\"Est\u00e1s aqu\u00ed:\",\"item\":\"https:\/\/caid.gob.do\/transparencia\/\"},{\"@type\":\"ListItem\",\"position\":2,\"name\":\"Portal de transparencia del CAID\",\"item\":\"https:\/\/caid.gob.do\/transparencia\/\"},{\"@type\":\"ListItem\",\"position\":3,\"name\":\"Presupuesto\",\"item\":\"https:\/\/caid.gob.do\/transparencia\/portal-de-transparencia-del-caid\/presupuesto\/\"},{\"@type\":\"ListItem\",\"position\":4,\"name\":\"Presupuesto aprobado\",\"item\":\"https:\/\/caid.gob.do\/transparencia\/portal-de-transparencia-del-caid\/presupuesto\/presupuesto-aprobado\/\"},{\"@type\":\"ListItem\",\"position\":5,\"name\":\"Presupuesto aprobado del a\u00f1o 2025\"}]},{\"@type\":\"WebSite\",\"@id\":\"https:\/\/caid.gob.do\/transparencia\/#website\",\"url\":\"https:\/\/caid.gob.do\/transparencia\/\",\"name\":\"Portal de Transparencia del CAID\",\"description\":\"Transparencia del CAID\",\"publisher\":{\"@id\":\"https:\/\/caid.gob.do\/transparencia\/#organization\"},\"potentialAction\":[{\"@type\":\"SearchAction\",\"target\":{\"@type\":\"EntryPoint\",\"urlTemplate\":\"https:\/\/caid.gob.do\/transparencia\/?s={search_term_string}\"},\"query-input\":{\"@type\":\"PropertyValueSpecification\",\"valueRequired\":true,\"valueName\":\"search_term_string\"}}],\"inLanguage\":\"es-DO\"},{\"@type\":\"Organization\",\"@id\":\"https:\/\/caid.gob.do\/transparencia\/#organization\",\"name\":\"Portal de Transparencia del CAID\",\"url\":\"https:\/\/caid.gob.do\/transparencia\/\",\"logo\":{\"@type\":\"ImageObject\",\"inLanguage\":\"es-DO\",\"@id\":\"https:\/\/caid.gob.do\/transparencia\/#\/schema\/logo\/image\/\",\"url\":\"https:\/\/caid.gob.do\/transparencia\/wp-content\/uploads\/2023\/01\/CAID-LOGOS-EN-PNG_Mesa-de-trabajo-1.png\",\"contentUrl\":\"https:\/\/caid.gob.do\/transparencia\/wp-content\/uploads\/2023\/01\/CAID-LOGOS-EN-PNG_Mesa-de-trabajo-1.png\",\"width\":4500,\"height\":2220,\"caption\":\"Portal de Transparencia del CAID\"},\"image\":{\"@id\":\"https:\/\/caid.gob.do\/transparencia\/#\/schema\/logo\/image\/\"}}]}<\/script>\r\n<!-- \/ Yoast SEO plugin. -->","yoast_head_json":{"title":"Presupuesto aprobado del a\u00f1o 2025 - Portal de Transparencia del CAID","robots":{"index":"index","follow":"follow","max-snippet":"max-snippet:-1","max-image-preview":"max-image-preview:large","max-video-preview":"max-video-preview:-1"},"canonical":"https:\/\/caid.gob.do\/transparencia\/portal-de-transparencia-del-caid\/presupuesto\/presupuesto-aprobado\/presupuesto-aprobado-del-ano-2025\/","og_locale":"es_ES","og_type":"article","og_title":"Presupuesto aprobado del a\u00f1o 2025 - Portal de Transparencia del CAID","og_description":"Programaci\u00f3n indicativa anual metas f\u00edsicas financieras CAID 2025 DESCARGAR Programaci\u00f3n indicativa anual metas f\u00edsicas financieras CAID 2025DESCARGAR Presupuesto aprobado 2025DESCARGAR Presupuesto aprobado 2025DESCARGAR","og_url":"https:\/\/caid.gob.do\/transparencia\/portal-de-transparencia-del-caid\/presupuesto\/presupuesto-aprobado\/presupuesto-aprobado-del-ano-2025\/","og_site_name":"Portal de Transparencia del CAID","article_modified_time":"2025-03-27T12:45:04+00:00","og_image":[{"url":"https:\/\/caid.gob.do\/transparencia\/wp-content\/uploads\/iconos-para-web-08.png","type":"","width":"","height":""}],"twitter_card":"summary_large_image","twitter_misc":{"Est. reading time":"1 minuto"},"schema":{"@context":"https:\/\/schema.org","@graph":[{"@type":"WebPage","@id":"https:\/\/caid.gob.do\/transparencia\/portal-de-transparencia-del-caid\/presupuesto\/presupuesto-aprobado\/presupuesto-aprobado-del-ano-2025\/","url":"https:\/\/caid.gob.do\/transparencia\/portal-de-transparencia-del-caid\/presupuesto\/presupuesto-aprobado\/presupuesto-aprobado-del-ano-2025\/","name":"Presupuesto aprobado del a\u00f1o 2025 - Portal de Transparencia del CAID","isPartOf":{"@id":"https:\/\/caid.gob.do\/transparencia\/#website"},"primaryImageOfPage":{"@id":"https:\/\/caid.gob.do\/transparencia\/portal-de-transparencia-del-caid\/presupuesto\/presupuesto-aprobado\/presupuesto-aprobado-del-ano-2025\/#primaryimage"},"image":{"@id":"https:\/\/caid.gob.do\/transparencia\/portal-de-transparencia-del-caid\/presupuesto\/presupuesto-aprobado\/presupuesto-aprobado-del-ano-2025\/#primaryimage"},"thumbnailUrl":"https:\/\/caid.gob.do\/transparencia\/wp-content\/uploads\/iconos-para-web-08.png","datePublished":"2025-02-18T17:56:29+00:00","dateModified":"2025-03-27T12:45:04+00:00","breadcrumb":{"@id":"https:\/\/caid.gob.do\/transparencia\/portal-de-transparencia-del-caid\/presupuesto\/presupuesto-aprobado\/presupuesto-aprobado-del-ano-2025\/#breadcrumb"},"inLanguage":"es-DO","potentialAction":[{"@type":"ReadAction","target":["https:\/\/caid.gob.do\/transparencia\/portal-de-transparencia-del-caid\/presupuesto\/presupuesto-aprobado\/presupuesto-aprobado-del-ano-2025\/"]}]},{"@type":"ImageObject","inLanguage":"es-DO","@id":"https:\/\/caid.gob.do\/transparencia\/portal-de-transparencia-del-caid\/presupuesto\/presupuesto-aprobado\/presupuesto-aprobado-del-ano-2025\/#primaryimage","url":"https:\/\/caid.gob.do\/transparencia\/wp-content\/uploads\/iconos-para-web-08.png","contentUrl":"https:\/\/caid.gob.do\/transparencia\/wp-content\/uploads\/iconos-para-web-08.png","width":128,"height":128},{"@type":"BreadcrumbList","@id":"https:\/\/caid.gob.do\/transparencia\/portal-de-transparencia-del-caid\/presupuesto\/presupuesto-aprobado\/presupuesto-aprobado-del-ano-2025\/#breadcrumb","itemListElement":[{"@type":"ListItem","position":1,"name":"Est\u00e1s aqu\u00ed:","item":"https:\/\/caid.gob.do\/transparencia\/"},{"@type":"ListItem","position":2,"name":"Portal de transparencia del CAID","item":"https:\/\/caid.gob.do\/transparencia\/"},{"@type":"ListItem","position":3,"name":"Presupuesto","item":"https:\/\/caid.gob.do\/transparencia\/portal-de-transparencia-del-caid\/presupuesto\/"},{"@type":"ListItem","position":4,"name":"Presupuesto aprobado","item":"https:\/\/caid.gob.do\/transparencia\/portal-de-transparencia-del-caid\/presupuesto\/presupuesto-aprobado\/"},{"@type":"ListItem","position":5,"name":"Presupuesto aprobado del a\u00f1o 2025"}]},{"@type":"WebSite","@id":"https:\/\/caid.gob.do\/transparencia\/#website","url":"https:\/\/caid.gob.do\/transparencia\/","name":"Portal de Transparencia del CAID","description":"Transparencia del CAID","publisher":{"@id":"https:\/\/caid.gob.do\/transparencia\/#organization"},"potentialAction":[{"@type":"SearchAction","target":{"@type":"EntryPoint","urlTemplate":"https:\/\/caid.gob.do\/transparencia\/?s={search_term_string}"},"query-input":{"@type":"PropertyValueSpecification","valueRequired":true,"valueName":"search_term_string"}}],"inLanguage":"es-DO"},{"@type":"Organization","@id":"https:\/\/caid.gob.do\/transparencia\/#organization","name":"Portal de Transparencia del CAID","url":"https:\/\/caid.gob.do\/transparencia\/","logo":{"@type":"ImageObject","inLanguage":"es-DO","@id":"https:\/\/caid.gob.do\/transparencia\/#\/schema\/logo\/image\/","url":"https:\/\/caid.gob.do\/transparencia\/wp-content\/uploads\/2023\/01\/CAID-LOGOS-EN-PNG_Mesa-de-trabajo-1.png","contentUrl":"https:\/\/caid.gob.do\/transparencia\/wp-content\/uploads\/2023\/01\/CAID-LOGOS-EN-PNG_Mesa-de-trabajo-1.png","width":4500,"height":2220,"caption":"Portal de Transparencia del CAID"},"image":{"@id":"https:\/\/caid.gob.do\/transparencia\/#\/schema\/logo\/image\/"}}]}},"jetpack_sharing_enabled":true,"_links":{"self":[{"href":"https:\/\/caid.gob.do\/transparencia\/wp-json\/wp\/v2\/pages\/9434","targetHints":{"allow":["GET"]}}],"collection":[{"href":"https:\/\/caid.gob.do\/transparencia\/wp-json\/wp\/v2\/pages"}],"about":[{"href":"https:\/\/caid.gob.do\/transparencia\/wp-json\/wp\/v2\/types\/page"}],"author":[{"embeddable":true,"href":"https:\/\/caid.gob.do\/transparencia\/wp-json\/wp\/v2\/users\/1"}],"replies":[{"embeddable":true,"href":"https:\/\/caid.gob.do\/transparencia\/wp-json\/wp\/v2\/comments?post=9434"}],"version-history":[{"count":14,"href":"https:\/\/caid.gob.do\/transparencia\/wp-json\/wp\/v2\/pages\/9434\/revisions"}],"predecessor-version":[{"id":13158,"href":"https:\/\/caid.gob.do\/transparencia\/wp-json\/wp\/v2\/pages\/9434\/revisions\/13158"}],"up":[{"embeddable":true,"href":"https:\/\/caid.gob.do\/transparencia\/wp-json\/wp\/v2\/pages\/548"}],"wp:attachment":[{"href":"https:\/\/caid.gob.do\/transparencia\/wp-json\/wp\/v2\/media?parent=9434"}],"curies":[{"name":"wp","href":"https:\/\/api.w.org\/{rel}","templated":true}]}}