{"id":9753,"date":"2025-02-21T12:50:00","date_gmt":"2025-02-21T16:50:00","guid":{"rendered":"https:\/\/caid.gob.do\/transparencia\/?page_id=9753"},"modified":"2026-02-05T09:20:38","modified_gmt":"2026-02-05T13:20:38","slug":"indice-de-documentos-disponibles-para-la-entrega-2025","status":"publish","type":"page","link":"https:\/\/caid.gob.do\/transparencia\/portal-de-transparencia-del-caid\/oficina-de-libre-acceso-a-la-informacion\/indice-de-documentos-disponibles-para-la-entrega\/indice-de-documentos-disponibles-para-la-entrega-2025\/","title":{"rendered":"\u00cdndice de documentos disponibles para la entrega 2025"},"content":{"rendered":"<p><a tabindex=\"0\">Diciembre<\/a><br \/>\n\t\t\t\t\t<img decoding=\"async\" src=\"https:\/\/caid.gob.do\/transparencia\/wp-content\/uploads\/iconos-para-web-08.png\" alt=\"\" \/>\u00cdndice <a href=\"https:\/\/caid.gob.do\/transparencia\/wp-content\/uploads\/IDD-DIC.-2025_ocr.pdf\" target=\"_blank\" rel=\"noopener\"><strong>DESCARGAR<\/strong><\/a><\/p>\n<hr \/>\n<p><img decoding=\"async\" src=\"https:\/\/caid.gob.do\/transparencia\/wp-content\/uploads\/iconos-para-web-09.png\" alt=\"\" \/>\u00cdndice<br \/><a href=\"https:\/\/caid.gob.do\/transparencia\/wp-content\/uploads\/INDICE-DE-DOCUMENTOS-DISPONIBLES-DICIEMBRE-2025-2.xlsx\" target=\"_blank\" rel=\"noopener\"><strong>DESCARGAR<\/strong><\/a><br \/>\n\t\t\t\t\t\t\t\t\t\t\t\t<a tabindex=\"0\">Noviembre<\/a><br \/>\n<img decoding=\"async\" src=\"https:\/\/caid.gob.do\/transparencia\/wp-content\/uploads\/iconos-para-web-08.png\" alt=\"\" \/><br \/>\n\u00cdndice <a href=\"https:\/\/caid.gob.do\/transparencia\/wp-content\/uploads\/IDD-NOV.-2025.pdf\" target=\"_blank\" rel=\"noopener\"><strong>DESCARGAR<\/strong><\/a><\/p>\n<hr \/>\n<p><img decoding=\"async\" src=\"https:\/\/caid.gob.do\/transparencia\/wp-content\/uploads\/iconos-para-web-09.png\" alt=\"\" \/><br \/>\n\u00cdndice<br \/>\n<a href=\"https:\/\/caid.gob.do\/transparencia\/wp-content\/uploads\/INDICE-DE-DOCUMENTOS-DISPONIBLES-NOVIEMBRE-2025-2.xlsx\" target=\"_blank\" rel=\"noopener\"><strong>DESCARGAR<\/strong><\/a><br \/>\n\t\t\t\t\t\t\t\t\t\t\t\t<a tabindex=\"0\">Octubre<\/a><br \/>\n\t\t\t\t\t<img decoding=\"async\" src=\"https:\/\/caid.gob.do\/transparencia\/wp-content\/uploads\/iconos-para-web-08.png\" alt=\"\" \/>\u00cdndice <a href=\"https:\/\/caid.gob.do\/transparencia\/wp-content\/uploads\/IDD-OCT.-2025_ocr.pdf\" target=\"_blank\" rel=\"noopener\"><strong>DESCARGAR<\/strong><\/a><\/p>\n<hr \/>\n<p><img decoding=\"async\" src=\"https:\/\/caid.gob.do\/transparencia\/wp-content\/uploads\/iconos-para-web-09.png\" alt=\"\" \/>\u00cdndice<br \/><a href=\"https:\/\/caid.gob.do\/transparencia\/wp-content\/uploads\/INDICE-DE-DOCUMENTOS-DISPONIBLES-OCTUBRE-2025-2.xlsx\" target=\"_blank\" rel=\"noopener\"><strong>DESCARGAR<\/strong><\/a><br \/>\n\t\t\t\t\t\t\t\t\t\t\t\t<a tabindex=\"0\">Septiembre<\/a><br \/>\n\t\t\t\t\t<img decoding=\"async\" src=\"https:\/\/caid.gob.do\/transparencia\/wp-content\/uploads\/iconos-para-web-08.png\" alt=\"\" \/>\u00cdndice <a href=\"https:\/\/caid.gob.do\/transparencia\/wp-content\/uploads\/INDICE-DOC.-DISP.-SEPT.-25_ocr.pdf\" target=\"_blank\" rel=\"noopener\"><strong>DESCARGAR<\/strong><\/a><\/p>\n<hr \/>\n<p><img decoding=\"async\" src=\"https:\/\/caid.gob.do\/transparencia\/wp-content\/uploads\/iconos-para-web-09.png\" alt=\"\" \/>\u00cdndice<br \/><a href=\"https:\/\/caid.gob.do\/transparencia\/wp-content\/uploads\/INDICE-DE-DOCUMENTOS-DISPONIBLES-SEPTIEMBRE-2025-2.xlsx\" target=\"_blank\" rel=\"noopener\"><strong>DESCARGAR<\/strong><\/a><br \/>\n\t\t\t\t\t\t\t\t\t\t\t\t<a tabindex=\"0\">Agosto<\/a><br \/>\n\t\t\t\t\t<img decoding=\"async\" src=\"https:\/\/caid.gob.do\/transparencia\/wp-content\/uploads\/iconos-para-web-08.png\" alt=\"\" \/>\u00cdndice <a href=\"https:\/\/caid.gob.do\/transparencia\/wp-content\/uploads\/Ag-Indice-doc.-disp.-agosto-25_ocr.pdf\" target=\"_blank\" rel=\"noopener\"><strong>DESCARGAR<\/strong><\/a><\/p>\n<hr \/>\n<p><img decoding=\"async\" src=\"https:\/\/caid.gob.do\/transparencia\/wp-content\/uploads\/iconos-para-web-09.png\" alt=\"\" \/>\u00cdndice<br \/><a href=\"https:\/\/caid.gob.do\/transparencia\/wp-content\/uploads\/INDICE-DE-DOCUMENTOS-DISPONIBLES-AGOSTO-2025-2.xlsx\" target=\"_blank\" rel=\"noopener\"><strong>DESCARGAR<\/strong><\/a><br \/>\n\t\t\t\t\t\t\t\t\t\t\t\t<a tabindex=\"0\">Julio<\/a><br \/>\n\t\t\t\t\t<img decoding=\"async\" src=\"https:\/\/caid.gob.do\/transparencia\/wp-content\/uploads\/iconos-para-web-08.png\" alt=\"\" \/>\u00cdndice <a href=\"https:\/\/caid.gob.do\/transparencia\/wp-content\/uploads\/J-Indice-doc.-disp.-julio-2025_ocr.pdf\" target=\"_blank\" rel=\"noopener\"><strong>DESCARGAR<\/strong><\/a><\/p>\n<hr \/>\n<p><img decoding=\"async\" src=\"https:\/\/caid.gob.do\/transparencia\/wp-content\/uploads\/iconos-para-web-09.png\" alt=\"\" \/>\u00cdndice<br \/><a href=\"https:\/\/caid.gob.do\/transparencia\/wp-content\/uploads\/INDICE-DE-DOCUMENTOS-DISPONIBLES-JULIO-2025-2.xlsx\" target=\"_blank\" rel=\"noopener\"><strong>DESCARGAR<\/strong><\/a><br \/>\n\t\t\t\t\t\t\t\t\t\t\t\t<a tabindex=\"0\">Junio<\/a><br \/>\n\t\t\t\t\t<img decoding=\"async\" src=\"https:\/\/caid.gob.do\/transparencia\/wp-content\/uploads\/iconos-para-web-08.png\" alt=\"\" \/>\u00cdndice <a href=\"https:\/\/caid.gob.do\/transparencia\/wp-content\/uploads\/Indice-doc.-disp.-junio-2025_ocr.pdf\" target=\"_blank\" rel=\"noopener\"><strong>DESCARGAR<\/strong><\/a><\/p>\n<hr \/>\n<p><img decoding=\"async\" src=\"https:\/\/caid.gob.do\/transparencia\/wp-content\/uploads\/iconos-para-web-09.png\" alt=\"\" \/>\u00cdndice<br \/><a href=\"https:\/\/caid.gob.do\/transparencia\/wp-content\/uploads\/INDICE-DE-DOCUMENTOS-DISPONIBLES-JUNIO-2025-2.xlsx\" target=\"_blank\" rel=\"noopener\"><strong>DESCARGAR<\/strong><\/a><br \/>\n\t\t\t\t\t\t\t\t\t\t\t\t<a tabindex=\"0\">Mayo<\/a><br \/>\n\t\t\t\t\t<img decoding=\"async\" src=\"https:\/\/caid.gob.do\/transparencia\/wp-content\/uploads\/iconos-para-web-08.png\" alt=\"\" \/>\u00cdndice <a href=\"https:\/\/caid.gob.do\/transparencia\/wp-content\/uploads\/Indice-doc.-disp.-Mayo-25_ocr.pdf\" target=\"_blank\" rel=\"noopener\"><strong>DESCARGAR<\/strong><\/a><\/p>\n<hr \/>\n<p><img decoding=\"async\" src=\"https:\/\/caid.gob.do\/transparencia\/wp-content\/uploads\/iconos-para-web-09.png\" alt=\"\" \/>\u00cdndice<br \/><a href=\"https:\/\/caid.gob.do\/transparencia\/wp-content\/uploads\/INDICE-DE-DOCUMENTOS-DISPONIBLES-MAYO-2025-2.xlsx\" target=\"_blank\" rel=\"noopener\"><strong>DESCARGAR<\/strong><\/a><br \/>\n\t\t\t\t\t\t\t\t\t\t\t\t<a tabindex=\"0\">Abril<\/a><br \/>\n\t\t\t\t\t<img decoding=\"async\" src=\"https:\/\/caid.gob.do\/transparencia\/wp-content\/uploads\/iconos-para-web-08.png\" alt=\"\" \/>\u00cdndice <a href=\"https:\/\/caid.gob.do\/transparencia\/wp-content\/uploads\/A-IDD-Abril-2025_ocr.pdf\" target=\"_blank\" rel=\"noopener\"><strong>DESCARGAR<\/strong><\/a><\/p>\n<hr \/>\n<p><img decoding=\"async\" src=\"https:\/\/caid.gob.do\/transparencia\/wp-content\/uploads\/iconos-para-web-09.png\" alt=\"\" \/>\u00cdndice<br \/><a href=\"https:\/\/caid.gob.do\/transparencia\/wp-content\/uploads\/INDICE-DE-DOCUMENTOS-DISPONIBLES-ABRIL-2025-2-1.xlsx\" target=\"_blank\" rel=\"noopener\"><strong>DESCARGAR<\/strong><\/a><br \/>\n\t\t\t\t\t\t\t\t\t\t\t\t<a tabindex=\"0\">Marzo<\/a><br \/>\n\t\t\t\t\t<img decoding=\"async\" src=\"https:\/\/caid.gob.do\/transparencia\/wp-content\/uploads\/iconos-para-web-08.png\" alt=\"\" \/>\u00cdndice <a href=\"https:\/\/caid.gob.do\/transparencia\/wp-content\/uploads\/M-INDICE-DE-DOCUMENTOS-DISPONIBLES-MARZO-2025_ocr.pdf\" target=\"_blank\" rel=\"noopener\"><strong>DESCARGAR<\/strong><\/a><\/p>\n<hr \/>\n<p><img decoding=\"async\" src=\"https:\/\/caid.gob.do\/transparencia\/wp-content\/uploads\/iconos-para-web-09.png\" alt=\"\" \/>\u00cdndice<br \/><a href=\"https:\/\/caid.gob.do\/transparencia\/wp-content\/uploads\/M-INDICE-DE-DOCUMENTOS-DISPONIBLES-MARZO-2025.xlsx\" target=\"_blank\" rel=\"noopener\"><strong>DESCARGAR<\/strong><\/a><br \/>\n\t\t\t\t\t\t\t\t\t\t\t\t<a tabindex=\"0\">Febrero<\/a><br \/>\n\t\t\t\t\t<img decoding=\"async\" src=\"https:\/\/caid.gob.do\/transparencia\/wp-content\/uploads\/iconos-para-web-08.png\" alt=\"\" \/>\u00cdndice <a href=\"https:\/\/caid.gob.do\/transparencia\/wp-content\/uploads\/F-Indice-Doc-disp-febrero-25.pdf\" target=\"_blank\" rel=\"noopener\"><strong>DESCARGAR<\/strong><\/a><\/p>\n<hr \/>\n<p><img decoding=\"async\" src=\"https:\/\/caid.gob.do\/transparencia\/wp-content\/uploads\/iconos-para-web-09.png\" alt=\"\" \/>\u00cdndice<br \/><a href=\"https:\/\/caid.gob.do\/transparencia\/wp-content\/uploads\/INDICE-DE-DOCUMENTOS-DISPONIBLES-FEBRERO-2025-2.xlsx\" target=\"_blank\" rel=\"noopener\"><strong>DESCARGAR<\/strong><\/a><br \/>\n\t\t\t\t\t\t\t\t\t\t\t\t<a tabindex=\"0\">Enero<\/a><br \/>\n\t\t\t\t\t<img decoding=\"async\" src=\"https:\/\/caid.gob.do\/transparencia\/wp-content\/uploads\/iconos-para-web-08.png\" alt=\"\" \/>\u00cdndice <a href=\"https:\/\/caid.gob.do\/transparencia\/wp-content\/uploads\/INDICE-DOC.-DISP.-ENERO-2025.pdf\" target=\"_blank\" rel=\"noopener\"><strong>DESCARGAR<\/strong><\/a><\/p>\n<hr \/>\n<p><img decoding=\"async\" src=\"https:\/\/caid.gob.do\/transparencia\/wp-content\/uploads\/iconos-para-web-09.png\" alt=\"\" \/>\u00cdndice<br \/><a href=\"https:\/\/caid.gob.do\/transparencia\/wp-content\/uploads\/INDICE-DE-DOCUMENTOS-DISPONIBLES-ENERO-2025-2.xlsx\" target=\"_blank\" rel=\"noopener\"><strong>DESCARGAR<\/strong><\/a><\/p>\n","protected":false},"excerpt":{"rendered":"<p>Diciembre \u00cdndice DESCARGAR \u00cdndiceDESCARGAR Noviembre \u00cdndice DESCARGAR \u00cdndice DESCARGAR Octubre \u00cdndice DESCARGAR \u00cdndiceDESCARGAR Septiembre \u00cdndice DESCARGAR \u00cdndiceDESCARGAR Agosto \u00cdndice DESCARGAR \u00cdndiceDESCARGAR Julio \u00cdndice DESCARGAR \u00cdndiceDESCARGAR Junio \u00cdndice DESCARGAR \u00cdndiceDESCARGAR Mayo \u00cdndice DESCARGAR \u00cdndiceDESCARGAR Abril \u00cdndice DESCARGAR \u00cdndiceDESCARGAR Marzo \u00cdndice DESCARGAR \u00cdndiceDESCARGAR Febrero \u00cdndice DESCARGAR \u00cdndiceDESCARGAR Enero \u00cdndice DESCARGAR \u00cdndiceDESCARGAR<\/p>\n","protected":false},"author":1,"featured_media":0,"parent":388,"menu_order":0,"comment_status":"closed","ping_status":"closed","template":"","meta":{"footnotes":""},"class_list":["post-9753","page","type-page","status-publish","hentry"],"yoast_head":"<!-- This site is optimized with the Yoast SEO plugin v27.0 - https:\/\/yoast.com\/product\/yoast-seo-wordpress\/ -->\r\n<title>\u00cdndice de documentos disponibles para la entrega 2025 - Portal de Transparencia del CAID<\/title>\r\n<meta name=\"robots\" content=\"index, follow, max-snippet:-1, max-image-preview:large, max-video-preview:-1\" \/>\r\n<link rel=\"canonical\" href=\"https:\/\/caid.gob.do\/transparencia\/portal-de-transparencia-del-caid\/oficina-de-libre-acceso-a-la-informacion\/indice-de-documentos-disponibles-para-la-entrega\/indice-de-documentos-disponibles-para-la-entrega-2025\/\" \/>\r\n<meta property=\"og:locale\" content=\"es_ES\" \/>\r\n<meta property=\"og:type\" content=\"article\" \/>\r\n<meta property=\"og:title\" content=\"\u00cdndice de documentos disponibles para la entrega 2025 - Portal de Transparencia del CAID\" \/>\r\n<meta property=\"og:description\" content=\"Diciembre \u00cdndice DESCARGAR \u00cdndiceDESCARGAR Noviembre \u00cdndice DESCARGAR \u00cdndice DESCARGAR Octubre \u00cdndice DESCARGAR \u00cdndiceDESCARGAR Septiembre \u00cdndice DESCARGAR \u00cdndiceDESCARGAR Agosto \u00cdndice DESCARGAR \u00cdndiceDESCARGAR Julio \u00cdndice DESCARGAR \u00cdndiceDESCARGAR Junio \u00cdndice DESCARGAR \u00cdndiceDESCARGAR Mayo \u00cdndice DESCARGAR \u00cdndiceDESCARGAR Abril \u00cdndice DESCARGAR \u00cdndiceDESCARGAR Marzo \u00cdndice DESCARGAR \u00cdndiceDESCARGAR Febrero \u00cdndice DESCARGAR \u00cdndiceDESCARGAR Enero \u00cdndice DESCARGAR \u00cdndiceDESCARGAR\" \/>\r\n<meta property=\"og:url\" content=\"https:\/\/caid.gob.do\/transparencia\/portal-de-transparencia-del-caid\/oficina-de-libre-acceso-a-la-informacion\/indice-de-documentos-disponibles-para-la-entrega\/indice-de-documentos-disponibles-para-la-entrega-2025\/\" \/>\r\n<meta property=\"og:site_name\" content=\"Portal de Transparencia del CAID\" \/>\r\n<meta property=\"article:modified_time\" content=\"2026-02-05T13:20:38+00:00\" \/>\r\n<meta property=\"og:image\" content=\"https:\/\/caid.gob.do\/transparencia\/wp-content\/uploads\/iconos-para-web-08.png\" \/>\r\n<meta name=\"twitter:card\" content=\"summary_large_image\" \/>\r\n<meta name=\"twitter:label1\" content=\"Est. reading time\" \/>\n\t<meta name=\"twitter:data1\" content=\"6 minutos\" \/>\r\n<script type=\"application\/ld+json\" class=\"yoast-schema-graph\">{\"@context\":\"https:\/\/schema.org\",\"@graph\":[{\"@type\":\"WebPage\",\"@id\":\"https:\/\/caid.gob.do\/transparencia\/portal-de-transparencia-del-caid\/oficina-de-libre-acceso-a-la-informacion\/indice-de-documentos-disponibles-para-la-entrega\/indice-de-documentos-disponibles-para-la-entrega-2025\/\",\"url\":\"https:\/\/caid.gob.do\/transparencia\/portal-de-transparencia-del-caid\/oficina-de-libre-acceso-a-la-informacion\/indice-de-documentos-disponibles-para-la-entrega\/indice-de-documentos-disponibles-para-la-entrega-2025\/\",\"name\":\"\u00cdndice de documentos disponibles para la entrega 2025 - Portal de Transparencia del CAID\",\"isPartOf\":{\"@id\":\"https:\/\/caid.gob.do\/transparencia\/#website\"},\"primaryImageOfPage\":{\"@id\":\"https:\/\/caid.gob.do\/transparencia\/portal-de-transparencia-del-caid\/oficina-de-libre-acceso-a-la-informacion\/indice-de-documentos-disponibles-para-la-entrega\/indice-de-documentos-disponibles-para-la-entrega-2025\/#primaryimage\"},\"image\":{\"@id\":\"https:\/\/caid.gob.do\/transparencia\/portal-de-transparencia-del-caid\/oficina-de-libre-acceso-a-la-informacion\/indice-de-documentos-disponibles-para-la-entrega\/indice-de-documentos-disponibles-para-la-entrega-2025\/#primaryimage\"},\"thumbnailUrl\":\"https:\/\/caid.gob.do\/transparencia\/wp-content\/uploads\/iconos-para-web-08.png\",\"datePublished\":\"2025-02-21T16:50:00+00:00\",\"dateModified\":\"2026-02-05T13:20:38+00:00\",\"breadcrumb\":{\"@id\":\"https:\/\/caid.gob.do\/transparencia\/portal-de-transparencia-del-caid\/oficina-de-libre-acceso-a-la-informacion\/indice-de-documentos-disponibles-para-la-entrega\/indice-de-documentos-disponibles-para-la-entrega-2025\/#breadcrumb\"},\"inLanguage\":\"es-DO\",\"potentialAction\":[{\"@type\":\"ReadAction\",\"target\":[\"https:\/\/caid.gob.do\/transparencia\/portal-de-transparencia-del-caid\/oficina-de-libre-acceso-a-la-informacion\/indice-de-documentos-disponibles-para-la-entrega\/indice-de-documentos-disponibles-para-la-entrega-2025\/\"]}]},{\"@type\":\"ImageObject\",\"inLanguage\":\"es-DO\",\"@id\":\"https:\/\/caid.gob.do\/transparencia\/portal-de-transparencia-del-caid\/oficina-de-libre-acceso-a-la-informacion\/indice-de-documentos-disponibles-para-la-entrega\/indice-de-documentos-disponibles-para-la-entrega-2025\/#primaryimage\",\"url\":\"https:\/\/caid.gob.do\/transparencia\/wp-content\/uploads\/iconos-para-web-08.png\",\"contentUrl\":\"https:\/\/caid.gob.do\/transparencia\/wp-content\/uploads\/iconos-para-web-08.png\",\"width\":128,\"height\":128},{\"@type\":\"BreadcrumbList\",\"@id\":\"https:\/\/caid.gob.do\/transparencia\/portal-de-transparencia-del-caid\/oficina-de-libre-acceso-a-la-informacion\/indice-de-documentos-disponibles-para-la-entrega\/indice-de-documentos-disponibles-para-la-entrega-2025\/#breadcrumb\",\"itemListElement\":[{\"@type\":\"ListItem\",\"position\":1,\"name\":\"Est\u00e1s aqu\u00ed:\",\"item\":\"https:\/\/caid.gob.do\/transparencia\/\"},{\"@type\":\"ListItem\",\"position\":2,\"name\":\"Portal de transparencia del CAID\",\"item\":\"https:\/\/caid.gob.do\/transparencia\/\"},{\"@type\":\"ListItem\",\"position\":3,\"name\":\"Oficina de libre acceso a la informaci\u00f3n\",\"item\":\"https:\/\/caid.gob.do\/transparencia\/portal-de-transparencia-del-caid\/oficina-de-libre-acceso-a-la-informacion\/\"},{\"@type\":\"ListItem\",\"position\":4,\"name\":\"\u00cdndice de documentos disponibles para la entrega\",\"item\":\"https:\/\/caid.gob.do\/transparencia\/portal-de-transparencia-del-caid\/oficina-de-libre-acceso-a-la-informacion\/indice-de-documentos-disponibles-para-la-entrega\/\"},{\"@type\":\"ListItem\",\"position\":5,\"name\":\"\u00cdndice de documentos disponibles para la entrega 2025\"}]},{\"@type\":\"WebSite\",\"@id\":\"https:\/\/caid.gob.do\/transparencia\/#website\",\"url\":\"https:\/\/caid.gob.do\/transparencia\/\",\"name\":\"Portal de Transparencia del CAID\",\"description\":\"Transparencia del CAID\",\"publisher\":{\"@id\":\"https:\/\/caid.gob.do\/transparencia\/#organization\"},\"potentialAction\":[{\"@type\":\"SearchAction\",\"target\":{\"@type\":\"EntryPoint\",\"urlTemplate\":\"https:\/\/caid.gob.do\/transparencia\/?s={search_term_string}\"},\"query-input\":{\"@type\":\"PropertyValueSpecification\",\"valueRequired\":true,\"valueName\":\"search_term_string\"}}],\"inLanguage\":\"es-DO\"},{\"@type\":\"Organization\",\"@id\":\"https:\/\/caid.gob.do\/transparencia\/#organization\",\"name\":\"Portal de Transparencia del CAID\",\"url\":\"https:\/\/caid.gob.do\/transparencia\/\",\"logo\":{\"@type\":\"ImageObject\",\"inLanguage\":\"es-DO\",\"@id\":\"https:\/\/caid.gob.do\/transparencia\/#\/schema\/logo\/image\/\",\"url\":\"https:\/\/caid.gob.do\/transparencia\/wp-content\/uploads\/2023\/01\/CAID-LOGOS-EN-PNG_Mesa-de-trabajo-1.png\",\"contentUrl\":\"https:\/\/caid.gob.do\/transparencia\/wp-content\/uploads\/2023\/01\/CAID-LOGOS-EN-PNG_Mesa-de-trabajo-1.png\",\"width\":4500,\"height\":2220,\"caption\":\"Portal de Transparencia del CAID\"},\"image\":{\"@id\":\"https:\/\/caid.gob.do\/transparencia\/#\/schema\/logo\/image\/\"}}]}<\/script>\r\n<!-- \/ Yoast SEO plugin. -->","yoast_head_json":{"title":"\u00cdndice de documentos disponibles para la entrega 2025 - Portal de Transparencia del CAID","robots":{"index":"index","follow":"follow","max-snippet":"max-snippet:-1","max-image-preview":"max-image-preview:large","max-video-preview":"max-video-preview:-1"},"canonical":"https:\/\/caid.gob.do\/transparencia\/portal-de-transparencia-del-caid\/oficina-de-libre-acceso-a-la-informacion\/indice-de-documentos-disponibles-para-la-entrega\/indice-de-documentos-disponibles-para-la-entrega-2025\/","og_locale":"es_ES","og_type":"article","og_title":"\u00cdndice de documentos disponibles para la entrega 2025 - Portal de Transparencia del CAID","og_description":"Diciembre \u00cdndice DESCARGAR \u00cdndiceDESCARGAR Noviembre \u00cdndice DESCARGAR \u00cdndice DESCARGAR Octubre \u00cdndice DESCARGAR \u00cdndiceDESCARGAR Septiembre \u00cdndice DESCARGAR \u00cdndiceDESCARGAR Agosto \u00cdndice DESCARGAR \u00cdndiceDESCARGAR Julio \u00cdndice DESCARGAR \u00cdndiceDESCARGAR Junio \u00cdndice DESCARGAR \u00cdndiceDESCARGAR Mayo \u00cdndice DESCARGAR \u00cdndiceDESCARGAR Abril \u00cdndice DESCARGAR \u00cdndiceDESCARGAR Marzo \u00cdndice DESCARGAR \u00cdndiceDESCARGAR Febrero \u00cdndice DESCARGAR \u00cdndiceDESCARGAR Enero \u00cdndice DESCARGAR \u00cdndiceDESCARGAR","og_url":"https:\/\/caid.gob.do\/transparencia\/portal-de-transparencia-del-caid\/oficina-de-libre-acceso-a-la-informacion\/indice-de-documentos-disponibles-para-la-entrega\/indice-de-documentos-disponibles-para-la-entrega-2025\/","og_site_name":"Portal de Transparencia del CAID","article_modified_time":"2026-02-05T13:20:38+00:00","og_image":[{"url":"https:\/\/caid.gob.do\/transparencia\/wp-content\/uploads\/iconos-para-web-08.png","type":"","width":"","height":""}],"twitter_card":"summary_large_image","twitter_misc":{"Est. reading time":"6 minutos"},"schema":{"@context":"https:\/\/schema.org","@graph":[{"@type":"WebPage","@id":"https:\/\/caid.gob.do\/transparencia\/portal-de-transparencia-del-caid\/oficina-de-libre-acceso-a-la-informacion\/indice-de-documentos-disponibles-para-la-entrega\/indice-de-documentos-disponibles-para-la-entrega-2025\/","url":"https:\/\/caid.gob.do\/transparencia\/portal-de-transparencia-del-caid\/oficina-de-libre-acceso-a-la-informacion\/indice-de-documentos-disponibles-para-la-entrega\/indice-de-documentos-disponibles-para-la-entrega-2025\/","name":"\u00cdndice de documentos disponibles para la entrega 2025 - Portal de Transparencia del CAID","isPartOf":{"@id":"https:\/\/caid.gob.do\/transparencia\/#website"},"primaryImageOfPage":{"@id":"https:\/\/caid.gob.do\/transparencia\/portal-de-transparencia-del-caid\/oficina-de-libre-acceso-a-la-informacion\/indice-de-documentos-disponibles-para-la-entrega\/indice-de-documentos-disponibles-para-la-entrega-2025\/#primaryimage"},"image":{"@id":"https:\/\/caid.gob.do\/transparencia\/portal-de-transparencia-del-caid\/oficina-de-libre-acceso-a-la-informacion\/indice-de-documentos-disponibles-para-la-entrega\/indice-de-documentos-disponibles-para-la-entrega-2025\/#primaryimage"},"thumbnailUrl":"https:\/\/caid.gob.do\/transparencia\/wp-content\/uploads\/iconos-para-web-08.png","datePublished":"2025-02-21T16:50:00+00:00","dateModified":"2026-02-05T13:20:38+00:00","breadcrumb":{"@id":"https:\/\/caid.gob.do\/transparencia\/portal-de-transparencia-del-caid\/oficina-de-libre-acceso-a-la-informacion\/indice-de-documentos-disponibles-para-la-entrega\/indice-de-documentos-disponibles-para-la-entrega-2025\/#breadcrumb"},"inLanguage":"es-DO","potentialAction":[{"@type":"ReadAction","target":["https:\/\/caid.gob.do\/transparencia\/portal-de-transparencia-del-caid\/oficina-de-libre-acceso-a-la-informacion\/indice-de-documentos-disponibles-para-la-entrega\/indice-de-documentos-disponibles-para-la-entrega-2025\/"]}]},{"@type":"ImageObject","inLanguage":"es-DO","@id":"https:\/\/caid.gob.do\/transparencia\/portal-de-transparencia-del-caid\/oficina-de-libre-acceso-a-la-informacion\/indice-de-documentos-disponibles-para-la-entrega\/indice-de-documentos-disponibles-para-la-entrega-2025\/#primaryimage","url":"https:\/\/caid.gob.do\/transparencia\/wp-content\/uploads\/iconos-para-web-08.png","contentUrl":"https:\/\/caid.gob.do\/transparencia\/wp-content\/uploads\/iconos-para-web-08.png","width":128,"height":128},{"@type":"BreadcrumbList","@id":"https:\/\/caid.gob.do\/transparencia\/portal-de-transparencia-del-caid\/oficina-de-libre-acceso-a-la-informacion\/indice-de-documentos-disponibles-para-la-entrega\/indice-de-documentos-disponibles-para-la-entrega-2025\/#breadcrumb","itemListElement":[{"@type":"ListItem","position":1,"name":"Est\u00e1s aqu\u00ed:","item":"https:\/\/caid.gob.do\/transparencia\/"},{"@type":"ListItem","position":2,"name":"Portal de transparencia del CAID","item":"https:\/\/caid.gob.do\/transparencia\/"},{"@type":"ListItem","position":3,"name":"Oficina de libre acceso a la informaci\u00f3n","item":"https:\/\/caid.gob.do\/transparencia\/portal-de-transparencia-del-caid\/oficina-de-libre-acceso-a-la-informacion\/"},{"@type":"ListItem","position":4,"name":"\u00cdndice de documentos disponibles para la entrega","item":"https:\/\/caid.gob.do\/transparencia\/portal-de-transparencia-del-caid\/oficina-de-libre-acceso-a-la-informacion\/indice-de-documentos-disponibles-para-la-entrega\/"},{"@type":"ListItem","position":5,"name":"\u00cdndice de documentos disponibles para la entrega 2025"}]},{"@type":"WebSite","@id":"https:\/\/caid.gob.do\/transparencia\/#website","url":"https:\/\/caid.gob.do\/transparencia\/","name":"Portal de Transparencia del CAID","description":"Transparencia del CAID","publisher":{"@id":"https:\/\/caid.gob.do\/transparencia\/#organization"},"potentialAction":[{"@type":"SearchAction","target":{"@type":"EntryPoint","urlTemplate":"https:\/\/caid.gob.do\/transparencia\/?s={search_term_string}"},"query-input":{"@type":"PropertyValueSpecification","valueRequired":true,"valueName":"search_term_string"}}],"inLanguage":"es-DO"},{"@type":"Organization","@id":"https:\/\/caid.gob.do\/transparencia\/#organization","name":"Portal de Transparencia del CAID","url":"https:\/\/caid.gob.do\/transparencia\/","logo":{"@type":"ImageObject","inLanguage":"es-DO","@id":"https:\/\/caid.gob.do\/transparencia\/#\/schema\/logo\/image\/","url":"https:\/\/caid.gob.do\/transparencia\/wp-content\/uploads\/2023\/01\/CAID-LOGOS-EN-PNG_Mesa-de-trabajo-1.png","contentUrl":"https:\/\/caid.gob.do\/transparencia\/wp-content\/uploads\/2023\/01\/CAID-LOGOS-EN-PNG_Mesa-de-trabajo-1.png","width":4500,"height":2220,"caption":"Portal de Transparencia del CAID"},"image":{"@id":"https:\/\/caid.gob.do\/transparencia\/#\/schema\/logo\/image\/"}}]}},"jetpack_sharing_enabled":true,"_links":{"self":[{"href":"https:\/\/caid.gob.do\/transparencia\/wp-json\/wp\/v2\/pages\/9753","targetHints":{"allow":["GET"]}}],"collection":[{"href":"https:\/\/caid.gob.do\/transparencia\/wp-json\/wp\/v2\/pages"}],"about":[{"href":"https:\/\/caid.gob.do\/transparencia\/wp-json\/wp\/v2\/types\/page"}],"author":[{"embeddable":true,"href":"https:\/\/caid.gob.do\/transparencia\/wp-json\/wp\/v2\/users\/1"}],"replies":[{"embeddable":true,"href":"https:\/\/caid.gob.do\/transparencia\/wp-json\/wp\/v2\/comments?post=9753"}],"version-history":[{"count":55,"href":"https:\/\/caid.gob.do\/transparencia\/wp-json\/wp\/v2\/pages\/9753\/revisions"}],"predecessor-version":[{"id":12545,"href":"https:\/\/caid.gob.do\/transparencia\/wp-json\/wp\/v2\/pages\/9753\/revisions\/12545"}],"up":[{"embeddable":true,"href":"https:\/\/caid.gob.do\/transparencia\/wp-json\/wp\/v2\/pages\/388"}],"wp:attachment":[{"href":"https:\/\/caid.gob.do\/transparencia\/wp-json\/wp\/v2\/media?parent=9753"}],"curies":[{"name":"wp","href":"https:\/\/api.w.org\/{rel}","templated":true}]}}